{"id":8308,"date":"2022-09-25T14:55:40","date_gmt":"2022-09-25T13:55:40","guid":{"rendered":"http:\/\/ptrans.fr\/?page_id=8308"},"modified":"2022-09-25T16:12:38","modified_gmt":"2022-09-25T15:12:38","slug":"transport-de-colis-turquie-maroc","status":"publish","type":"page","link":"https:\/\/ptrans.fr\/ar\/turquie\/transport-de-colis-turquie-maroc\/","title":{"rendered":"<p>Transport De Colis Turquie Maroc<\/p>"},"content":{"rendered":"<section class=\"wpb-content-wrapper\"><div class=\"vc_row wpb_row vc_row-fluid\"><div class=\"wpb_column vc_column_container vc_col-sm-12\"><div class=\"vc_column-inner\"><div class=\"wpb_wrapper\">[rev_slider slidertitle=&nbsp;&raquo;Transport de colis entre le maroc et la turquie&nbsp;&raquo; alias=&nbsp;&raquo;societe-demenagement-international-rabat-1&Prime;]<\/div><\/div><\/div><\/div><div class=\"vc_row wpb_row vc_row-fluid\"><div class=\"wpb_column vc_column_container vc_col-sm-6\"><div class=\"vc_column-inner\"><div class=\"wpb_wrapper\"><div class=\"vc_empty_space\" style=\"height: 32px\"><span class=\"vc_empty_space_inner\"><\/span><\/div><div class=\"vc_btn3-container vc_btn3-center\"><a class=\"vc_general vc_btn3 vc_btn3-size-md vc_btn3-shape-rounded vc_btn3-style-modern vc_btn3-color-primary\" href=\"https:\/\/ptrans.fr\/ar\/estimer-le-prix\/\" title=\"\u062a\u0642\u062f\u064a\u0631 \u0627\u0644\u0633\u0639\u0631\">Nos Tarifs De Transport<\/a><\/div><div class=\"vc_empty_space\" style=\"height: 32px\"><span class=\"vc_empty_space_inner\"><\/span><\/div>\n\t<div class=\"wpb_text_column wpb_content_element\">\n\t\t<div class=\"wpb_wrapper\">\n\t\t\t<p>Si vous avez des colis &agrave; importer de la Turquie, transportez-les avec ptrans ! Nous proposons un service de transport international fiable et efficace entre la Turquie et le Maroc. De plus, nous prenons en charge les formalit&eacute;s douani&egrave;res pour vous faciliter les choses. Contactez-nous d&egrave;s maintenant pour obtenir un devis gratuit !<a href=\"http:\/\/ptrans.fr\/wp-content\/uploads\/2022\/09\/transport-colis-turquie-maroc.jpg\"><img loading=\"lazy\" decoding=\"async\" class=\"size-full wp-image-8312 aligncenter\" src=\"http:\/\/ptrans.fr\/wp-content\/uploads\/2022\/09\/transport-colis-turquie-maroc.jpg\" alt=\"transport de colis turquie maroc\" width=\"299\" height=\"168\"><\/a><\/p>\n\n\t\t<\/div>\n\t<\/div>\n\n\t<div class=\"wpb_text_column wpb_content_element\">\n\t\t<div class=\"wpb_wrapper\">\n\t\t\t<h4><span style=\"color: #333399;\">Quelles sont les taux de douane marocaine appliqu&eacute;s sur les marchandises import&eacute;s de turquie ?<\/span><\/h4>\n<p>Le taux de douane est de 0% pour la plupart des produits en provenance de Turquie. Cependant, il existe une liste limit&eacute;e de produits sur lesquels des droits de douane sont applicables. Pour plus d&rsquo;informations, veuillez contacter les douanes marocaines.<\/p>\n<p>T&eacute;l : +212 537 57 9000<\/p>\n<p>Email : contact@douane.gov.ma<\/p>\n<p>Site web : <a href=\"https:\/\/www.douane.gov.ma\/web\/guest\/tarif#https:\/\/www.douane.gov.ma\/tarif\/tarif\/init.jsf?\">Taux de douane<\/a><\/p>\n<p>exemple de produits soumis &agrave; des droits de douane :<\/p>\n<p>&ndash; produits en cuir<br>\n&ndash; c&eacute;ramique<br>\n&ndash; meubles<br>\n&ndash; jouets<br>\n&ndash; et plus encore?<\/p>\n\n\t\t<\/div>\n\t<\/div>\n\n\t<div class=\"wpb_text_column wpb_content_element\">\n\t\t<div class=\"wpb_wrapper\">\n\t\t\t<p>Pourquoi choisir ptrans ?<\/p>\n<p>Nous sommes une entreprise fiable et exp&eacute;riment&eacute;e, transportant des colis entre la Turquie et le Maroc depuis plus de 12 ans. Nos &eacute;quipes sont professionnelles et &agrave; votre disposition pour r&eacute;pondre &agrave; toutes vos questions. De plus, nous proposons des tarifs comp&eacute;titifs pour le transport de vos colis.<\/p>\n<h5><span style=\"color: #333399;\">Comment est calcul&eacute; le cout du transport de marchandises entre la turquie et le maroc ?<\/span><\/h5>\n<p>Le co&ucirc;t du transport de marchandises entre la Turquie et le Maroc est calcul&eacute; en fonction du poids et du volume des marchandises transport&eacute;es, ainsi que de la distance parcourue. Nous vous proposons un devis gratuit afin que vous puissiez conna&icirc;tre le co&ucirc;t exact du transport de vos marchandises.<\/p>\n<p>exemple de transport de marchandises :<\/p>\n<p>&ndash; Fret a&eacute;rien : entre 500 et 1500 euros par tonne<\/p>\n<p>&ndash; Envoi par voie maritime : entre 250 et 337 euros par tonne<\/p>\n<p>&ndash; transport routier : entre 290 et 480 euro par tonne.<\/p>\n<p>Pour en savoir plus sur nos tarifs, n&rsquo;h&eacute;sitez pas &agrave; contacter notre &eacute;quipe !<\/p>\n<p>Tel : +212 (0)663 23 23 00<\/p>\n<p>Email : infos@ptrans.fr<\/p>\n<p>Site web : ptrans.com\/estimer-le-prix\/<\/p>\n<p>Nous esp&eacute;rons que ces informations vous seront utiles et nous vous souhaitons bon transport !<\/p>\n\n\t\t<\/div>\n\t<\/div>\n<\/div><\/div><\/div><div class=\"wpb_column vc_column_container vc_col-sm-6\"><div class=\"vc_column-inner\"><div class=\"wpb_wrapper\"><div class=\"vc_empty_space\" style=\"height: 32px\"><span class=\"vc_empty_space_inner\"><\/span><\/div><div class=\"vc_row wpb_row vc_inner vc_row-fluid\"><div class=\"wpb_column vc_column_container vc_col-sm-12\"><div class=\"vc_column-inner\"><div class=\"wpb_wrapper\">\n\t<div class=\"wpb_text_column wpb_content_element\">\n\t\t<div class=\"wpb_wrapper\">\n\t\t\t<h5><span style=\"color: #333399;\">Accords libre change turquie maroc ?<\/span><\/h5>\n<p>Les produits en provenance de Turquie b&eacute;n&eacute;ficient d&rsquo;un acc&egrave;s pr&eacute;f&eacute;rentiel au Maroc gr&acirc;ce &agrave; l&rsquo;accord de libre-&eacute;change sign&eacute; entre les deux pays. Cet accord a &eacute;t&eacute; mis en place afin d&rsquo;encourager le commerce et les investissements entre la Turquie et le Maroc. Pour plus d&rsquo;informations, veuillez contacter votre chambre de commerce locale.<\/p>\n<p>Transportez vos colis en toute s&eacute;curit&eacute; avec ptrans !<\/p>\n<p>Nous mettons tout en ?uvre pour garantir le transport de vos colis en toute s&eacute;curit&eacute;, que ce soit par avion, par bateau ou par camion. Nos &eacute;quipes professionnelles prendront soin de vos biens comme s&rsquo;ils &eacute;taient les n&ocirc;tres et veilleront &agrave; ce qu&rsquo;ils arrivent en bon &eacute;tat &agrave; destination.<\/p>\n<p>Pour plus d&rsquo;informations sur nos services de transport et formalit&eacute;s douani&egrave;res, n&rsquo;h&eacute;sitez pas &agrave; contacter notre &eacute;quipe !<\/p>\n<p><a href=\"http:\/\/ptrans.fr\/wp-content\/uploads\/2022\/09\/tarifs-transport-turquie-maroc.jpg\"><img loading=\"lazy\" decoding=\"async\" class=\"size-full wp-image-8313 aligncenter\" src=\"http:\/\/ptrans.fr\/wp-content\/uploads\/2022\/09\/tarifs-transport-turquie-maroc.jpg\" alt=\"tarifs transport turquie maroc\" width=\"2560\" height=\"1920\" srcset=\"https:\/\/ptrans.fr\/wp-content\/uploads\/2022\/09\/tarifs-transport-turquie-maroc.jpg 2560w, https:\/\/ptrans.fr\/wp-content\/uploads\/2022\/09\/tarifs-transport-turquie-maroc-300x225.jpg 300w, https:\/\/ptrans.fr\/wp-content\/uploads\/2022\/09\/tarifs-transport-turquie-maroc-1024x768.jpg 1024w, https:\/\/ptrans.fr\/wp-content\/uploads\/2022\/09\/tarifs-transport-turquie-maroc-768x576.jpg 768w, https:\/\/ptrans.fr\/wp-content\/uploads\/2022\/09\/tarifs-transport-turquie-maroc-1536x1152.jpg 1536w, https:\/\/ptrans.fr\/wp-content\/uploads\/2022\/09\/tarifs-transport-turquie-maroc-2048x1536.jpg 2048w, https:\/\/ptrans.fr\/wp-content\/uploads\/2022\/09\/tarifs-transport-turquie-maroc-800x600.jpg 800w\" sizes=\"(max-width: 2560px) 100vw, 2560px\"><\/a><\/p>\n\n\t\t<\/div>\n\t<\/div>\n\n\t<div class=\"wpb_text_column wpb_content_element\">\n\t\t<div class=\"wpb_wrapper\">\n\t\t\t<h5><span style=\"color: #333399;\">Quel est le d&eacute;lai de transport entre la Turquie et le Maroc ?<\/span><\/h5>\n<p>Le transport de vos colis peut prendre entre une et deux semaines, en fonction du mode de transport choisi et de la destination finale. Si vous avez besoin d&rsquo;un transport plus rapide, nous pouvons &eacute;galement vous proposer des solutions express. Contactez-nous pour en savoir plus !<\/p>\n<p>&nbsp;<\/p>\n<h5><span style=\"color: #333399;\">Quelles sont les produits les plus import&eacute;s de turquie vers le Maroc ?<\/span><\/h5>\n<p>Les produits les plus import&eacute;s de Turquie vers le Maroc sont :<\/p>\n<p>&ndash; les produits en cuir<br>\n&ndash; la c&eacute;ramique<br>\n&ndash; les tissus<br>\n&ndash; les meubles<br>\n&ndash; les jouets.<\/p>\n\n\t\t<\/div>\n\t<\/div>\n<\/div><\/div><\/div><\/div><\/div><\/div><\/div><\/div>\n<\/section>","protected":false},"excerpt":{"rendered":"<p>[rev_slider slidertitle=\"Transport de colis entre le maroc et la turquie\" alias=\"societe-demenagement-international-rabat-1\"]Nos Tarifs De Transport Si [...]<\/p>","protected":false},"author":1,"featured_media":0,"parent":8294,"menu_order":0,"comment_status":"closed","ping_status":"closed","template":"","meta":{"footnotes":""},"yoast_head":"<!-- This site is optimized with the Yoast SEO plugin v22.8 - https:\/\/yoast.com\/wordpress\/plugins\/seo\/ -->\n<title>Transport De Colis Entre Turquie Et Maroc | T\u00e9l :+212663232300<\/title>\n<meta name=\"description\" content=\"Trouvez facilement un transporteur pour transporter vos colis entre la Turquie et le Maroc. T\u00e9l : +212663 232300 \/ infos@ptrans.fr\" \/>\n<meta name=\"robots\" content=\"index, follow, max-snippet:-1, max-image-preview:large, max-video-preview:-1\" \/>\n<link rel=\"canonical\" href=\"https:\/\/ptrans.fr\/ar\/turquie\/transport-de-colis-turquie-maroc\/\" \/>\n<meta property=\"og:locale\" content=\"ar_AR\" \/>\n<meta property=\"og:type\" content=\"article\" \/>\n<meta property=\"og:title\" content=\"Transport De Colis Entre Turquie Et Maroc | T\u00e9l :+212663232300\" \/>\n<meta property=\"og:description\" content=\"Trouvez facilement un transporteur pour transporter vos colis entre la Turquie et le Maroc. T\u00e9l : +212663 232300 \/ infos@ptrans.fr\" \/>\n<meta property=\"og:url\" content=\"https:\/\/ptrans.fr\/ar\/turquie\/transport-de-colis-turquie-maroc\/\" \/>\n<meta property=\"og:site_name\" content=\"Ptrans Soci\u00e9t\u00e9 De Transport &amp; D\u00e9m\u00e9nagements International Entre Le Maroc Et Le Reste Du Monde\" \/>\n<meta property=\"article:publisher\" content=\"https:\/\/www.facebook.com\/PlogisticsEurope\" \/>\n<meta property=\"article:modified_time\" content=\"2022-09-25T15:12:38+00:00\" \/>\n<meta property=\"og:image\" content=\"http:\/\/ptrans.fr\/wp-content\/uploads\/2022\/09\/transport-colis-turquie-maroc.jpg\" \/>\n<meta name=\"twitter:label1\" content=\"\u0648\u0642\u062a \u0627\u0644\u0642\u0631\u0627\u0621\u0629 \u0627\u0644\u0645\u064f\u0642\u062f\u0651\u0631\" \/>\n\t<meta name=\"twitter:data1\" content=\"4 \u062f\u0642\u0627\u0626\u0642\" \/>\n<script type=\"application\/ld+json\" class=\"yoast-schema-graph\">{\"@context\":\"https:\/\/schema.org\",\"@graph\":[{\"@type\":\"Article\",\"@id\":\"https:\/\/ptrans.fr\/turquie\/transport-de-colis-turquie-maroc\/#article\",\"isPartOf\":{\"@id\":\"https:\/\/ptrans.fr\/turquie\/transport-de-colis-turquie-maroc\/\"},\"author\":{\"name\":\"admin\",\"@id\":\"https:\/\/ptrans.fr\/#\/schema\/person\/3a50d5b251b4df119e3598a32b8ce67c\"},\"headline\":\"Transport De Colis Turquie Maroc\",\"datePublished\":\"2022-09-25T13:55:40+00:00\",\"dateModified\":\"2022-09-25T15:12:38+00:00\",\"mainEntityOfPage\":{\"@id\":\"https:\/\/ptrans.fr\/turquie\/transport-de-colis-turquie-maroc\/\"},\"wordCount\":692,\"publisher\":{\"@id\":\"https:\/\/ptrans.fr\/#organization\"},\"image\":{\"@id\":\"https:\/\/ptrans.fr\/turquie\/transport-de-colis-turquie-maroc\/#primaryimage\"},\"thumbnailUrl\":\"http:\/\/ptrans.fr\/wp-content\/uploads\/2022\/09\/transport-colis-turquie-maroc.jpg\",\"inLanguage\":\"ar\"},{\"@type\":\"WebPage\",\"@id\":\"https:\/\/ptrans.fr\/turquie\/transport-de-colis-turquie-maroc\/\",\"url\":\"https:\/\/ptrans.fr\/turquie\/transport-de-colis-turquie-maroc\/\",\"name\":\"Transport De Colis Entre Turquie Et Maroc | T\u00e9l :+212663232300\",\"isPartOf\":{\"@id\":\"https:\/\/ptrans.fr\/#website\"},\"primaryImageOfPage\":{\"@id\":\"https:\/\/ptrans.fr\/turquie\/transport-de-colis-turquie-maroc\/#primaryimage\"},\"image\":{\"@id\":\"https:\/\/ptrans.fr\/turquie\/transport-de-colis-turquie-maroc\/#primaryimage\"},\"thumbnailUrl\":\"http:\/\/ptrans.fr\/wp-content\/uploads\/2022\/09\/transport-colis-turquie-maroc.jpg\",\"datePublished\":\"2022-09-25T13:55:40+00:00\",\"dateModified\":\"2022-09-25T15:12:38+00:00\",\"description\":\"Trouvez facilement un transporteur pour transporter vos colis entre la Turquie et le Maroc. T\u00e9l : +212663 232300 \/ infos@ptrans.fr\",\"breadcrumb\":{\"@id\":\"https:\/\/ptrans.fr\/turquie\/transport-de-colis-turquie-maroc\/#breadcrumb\"},\"inLanguage\":\"ar\",\"potentialAction\":[{\"@type\":\"ReadAction\",\"target\":[\"https:\/\/ptrans.fr\/turquie\/transport-de-colis-turquie-maroc\/\"]}]},{\"@type\":\"ImageObject\",\"inLanguage\":\"ar\",\"@id\":\"https:\/\/ptrans.fr\/turquie\/transport-de-colis-turquie-maroc\/#primaryimage\",\"url\":\"http:\/\/ptrans.fr\/wp-content\/uploads\/2022\/09\/transport-colis-turquie-maroc.jpg\",\"contentUrl\":\"http:\/\/ptrans.fr\/wp-content\/uploads\/2022\/09\/transport-colis-turquie-maroc.jpg\"},{\"@type\":\"BreadcrumbList\",\"@id\":\"https:\/\/ptrans.fr\/turquie\/transport-de-colis-turquie-maroc\/#breadcrumb\",\"itemListElement\":[{\"@type\":\"ListItem\",\"position\":1,\"name\":\"Turquie\",\"item\":\"https:\/\/ptrans.fr\/turquie\/\"},{\"@type\":\"ListItem\",\"position\":2,\"name\":\"Transport De Colis Turquie Maroc\"}]},{\"@type\":\"WebSite\",\"@id\":\"https:\/\/ptrans.fr\/#website\",\"url\":\"https:\/\/ptrans.fr\/\",\"name\":\"Ptrans Soci\u00e9t\u00e9 De Transport Et D\u00e9m\u00e9nagement International Maroc\",\"description\":\"Ptrans Votre Transporteur &amp; D\u00e9m\u00e9nageur Vers Le Maroc\",\"publisher\":{\"@id\":\"https:\/\/ptrans.fr\/#organization\"},\"alternateName\":\"Ptrans\",\"potentialAction\":[{\"@type\":\"SearchAction\",\"target\":{\"@type\":\"EntryPoint\",\"urlTemplate\":\"https:\/\/ptrans.fr\/?s={search_term_string}\"},\"query-input\":\"required name=search_term_string\"}],\"inLanguage\":\"ar\"},{\"@type\":\"Organization\",\"@id\":\"https:\/\/ptrans.fr\/#organization\",\"name\":\"Ptrans Soci\u00e9t\u00e9 De Transport Et D\u00e9m\u00e9nagements International Entre Le Maroc Et Le Reste Du Monde\",\"url\":\"https:\/\/ptrans.fr\/\",\"logo\":{\"@type\":\"ImageObject\",\"inLanguage\":\"ar\",\"@id\":\"https:\/\/ptrans.fr\/#\/schema\/logo\/image\/\",\"url\":\"http:\/\/ptrans.fr\/wp-content\/uploads\/2022\/08\/P.trans-logi_Plan-de-travail-1.png\",\"contentUrl\":\"http:\/\/ptrans.fr\/wp-content\/uploads\/2022\/08\/P.trans-logi_Plan-de-travail-1.png\",\"width\":2481,\"height\":1076,\"caption\":\"Ptrans Soci\u00e9t\u00e9 De Transport Et D\u00e9m\u00e9nagements International Entre Le Maroc Et Le Reste Du Monde\"},\"image\":{\"@id\":\"https:\/\/ptrans.fr\/#\/schema\/logo\/image\/\"},\"sameAs\":[\"https:\/\/www.facebook.com\/PlogisticsEurope\"]},{\"@type\":\"Person\",\"@id\":\"https:\/\/ptrans.fr\/#\/schema\/person\/3a50d5b251b4df119e3598a32b8ce67c\",\"name\":\"admin\",\"image\":{\"@type\":\"ImageObject\",\"inLanguage\":\"ar\",\"@id\":\"https:\/\/ptrans.fr\/#\/schema\/person\/image\/\",\"url\":\"https:\/\/secure.gravatar.com\/avatar\/f1ed11851bb8c89ef1f06d655ba0bd00?s=96&d=mm&r=g\",\"contentUrl\":\"https:\/\/secure.gravatar.com\/avatar\/f1ed11851bb8c89ef1f06d655ba0bd00?s=96&d=mm&r=g\",\"caption\":\"admin\"},\"url\":\"https:\/\/ptrans.fr\/ar\/author\/admin\/\"}]}<\/script>\n<!-- \/ Yoast SEO plugin. -->","yoast_head_json":{"title":"Transport De Colis Entre Turquie Et Maroc | T\u00e9l :+212663232300","description":"Trouvez facilement un transporteur pour transporter vos colis entre la Turquie et le Maroc. T\u00e9l : +212663 232300 \/ infos@ptrans.fr","robots":{"index":"index","follow":"follow","max-snippet":"max-snippet:-1","max-image-preview":"max-image-preview:large","max-video-preview":"max-video-preview:-1"},"canonical":"https:\/\/ptrans.fr\/ar\/turquie\/transport-de-colis-turquie-maroc\/","og_locale":"ar_AR","og_type":"article","og_title":"Transport De Colis Entre Turquie Et Maroc | T\u00e9l :+212663232300","og_description":"Trouvez facilement un transporteur pour transporter vos colis entre la Turquie et le Maroc. T\u00e9l : +212663 232300 \/ infos@ptrans.fr","og_url":"https:\/\/ptrans.fr\/ar\/turquie\/transport-de-colis-turquie-maroc\/","og_site_name":"Ptrans Soci\u00e9t\u00e9 De Transport &amp; D\u00e9m\u00e9nagements International Entre Le Maroc Et Le Reste Du Monde","article_publisher":"https:\/\/www.facebook.com\/PlogisticsEurope","article_modified_time":"2022-09-25T15:12:38+00:00","og_image":[{"url":"http:\/\/ptrans.fr\/wp-content\/uploads\/2022\/09\/transport-colis-turquie-maroc.jpg"}],"twitter_misc":{"\u0648\u0642\u062a \u0627\u0644\u0642\u0631\u0627\u0621\u0629 \u0627\u0644\u0645\u064f\u0642\u062f\u0651\u0631":"4 \u062f\u0642\u0627\u0626\u0642"},"schema":{"@context":"https:\/\/schema.org","@graph":[{"@type":"Article","@id":"https:\/\/ptrans.fr\/turquie\/transport-de-colis-turquie-maroc\/#article","isPartOf":{"@id":"https:\/\/ptrans.fr\/turquie\/transport-de-colis-turquie-maroc\/"},"author":{"name":"admin","@id":"https:\/\/ptrans.fr\/#\/schema\/person\/3a50d5b251b4df119e3598a32b8ce67c"},"headline":"Transport De Colis Turquie Maroc","datePublished":"2022-09-25T13:55:40+00:00","dateModified":"2022-09-25T15:12:38+00:00","mainEntityOfPage":{"@id":"https:\/\/ptrans.fr\/turquie\/transport-de-colis-turquie-maroc\/"},"wordCount":692,"publisher":{"@id":"https:\/\/ptrans.fr\/#organization"},"image":{"@id":"https:\/\/ptrans.fr\/turquie\/transport-de-colis-turquie-maroc\/#primaryimage"},"thumbnailUrl":"http:\/\/ptrans.fr\/wp-content\/uploads\/2022\/09\/transport-colis-turquie-maroc.jpg","inLanguage":"ar"},{"@type":"WebPage","@id":"https:\/\/ptrans.fr\/turquie\/transport-de-colis-turquie-maroc\/","url":"https:\/\/ptrans.fr\/turquie\/transport-de-colis-turquie-maroc\/","name":"Transport De Colis Entre Turquie Et Maroc | T\u00e9l :+212663232300","isPartOf":{"@id":"https:\/\/ptrans.fr\/#website"},"primaryImageOfPage":{"@id":"https:\/\/ptrans.fr\/turquie\/transport-de-colis-turquie-maroc\/#primaryimage"},"image":{"@id":"https:\/\/ptrans.fr\/turquie\/transport-de-colis-turquie-maroc\/#primaryimage"},"thumbnailUrl":"http:\/\/ptrans.fr\/wp-content\/uploads\/2022\/09\/transport-colis-turquie-maroc.jpg","datePublished":"2022-09-25T13:55:40+00:00","dateModified":"2022-09-25T15:12:38+00:00","description":"Trouvez facilement un transporteur pour transporter vos colis entre la Turquie et le Maroc. T\u00e9l : +212663 232300 \/ infos@ptrans.fr","breadcrumb":{"@id":"https:\/\/ptrans.fr\/turquie\/transport-de-colis-turquie-maroc\/#breadcrumb"},"inLanguage":"ar","potentialAction":[{"@type":"ReadAction","target":["https:\/\/ptrans.fr\/turquie\/transport-de-colis-turquie-maroc\/"]}]},{"@type":"ImageObject","inLanguage":"ar","@id":"https:\/\/ptrans.fr\/turquie\/transport-de-colis-turquie-maroc\/#primaryimage","url":"http:\/\/ptrans.fr\/wp-content\/uploads\/2022\/09\/transport-colis-turquie-maroc.jpg","contentUrl":"http:\/\/ptrans.fr\/wp-content\/uploads\/2022\/09\/transport-colis-turquie-maroc.jpg"},{"@type":"BreadcrumbList","@id":"https:\/\/ptrans.fr\/turquie\/transport-de-colis-turquie-maroc\/#breadcrumb","itemListElement":[{"@type":"ListItem","position":1,"name":"Turquie","item":"https:\/\/ptrans.fr\/turquie\/"},{"@type":"ListItem","position":2,"name":"Transport De Colis Turquie Maroc"}]},{"@type":"WebSite","@id":"https:\/\/ptrans.fr\/#website","url":"https:\/\/ptrans.fr\/","name":"Ptrans Soci\u00e9t\u00e9 De Transport Et D\u00e9m\u00e9nagement International Maroc","description":"Ptrans Votre Transporteur &amp; D\u00e9m\u00e9nageur Vers Le Maroc","publisher":{"@id":"https:\/\/ptrans.fr\/#organization"},"alternateName":"Ptrans","potentialAction":[{"@type":"SearchAction","target":{"@type":"EntryPoint","urlTemplate":"https:\/\/ptrans.fr\/?s={search_term_string}"},"query-input":"required name=search_term_string"}],"inLanguage":"ar"},{"@type":"Organization","@id":"https:\/\/ptrans.fr\/#organization","name":"Ptrans Soci\u00e9t\u00e9 De Transport Et D\u00e9m\u00e9nagements International Entre Le Maroc Et Le Reste Du Monde","url":"https:\/\/ptrans.fr\/","logo":{"@type":"ImageObject","inLanguage":"ar","@id":"https:\/\/ptrans.fr\/#\/schema\/logo\/image\/","url":"http:\/\/ptrans.fr\/wp-content\/uploads\/2022\/08\/P.trans-logi_Plan-de-travail-1.png","contentUrl":"http:\/\/ptrans.fr\/wp-content\/uploads\/2022\/08\/P.trans-logi_Plan-de-travail-1.png","width":2481,"height":1076,"caption":"Ptrans Soci\u00e9t\u00e9 De Transport Et D\u00e9m\u00e9nagements International Entre Le Maroc Et Le Reste Du Monde"},"image":{"@id":"https:\/\/ptrans.fr\/#\/schema\/logo\/image\/"},"sameAs":["https:\/\/www.facebook.com\/PlogisticsEurope"]},{"@type":"Person","@id":"https:\/\/ptrans.fr\/#\/schema\/person\/3a50d5b251b4df119e3598a32b8ce67c","name":"admin","image":{"@type":"ImageObject","inLanguage":"ar","@id":"https:\/\/ptrans.fr\/#\/schema\/person\/image\/","url":"https:\/\/secure.gravatar.com\/avatar\/f1ed11851bb8c89ef1f06d655ba0bd00?s=96&d=mm&r=g","contentUrl":"https:\/\/secure.gravatar.com\/avatar\/f1ed11851bb8c89ef1f06d655ba0bd00?s=96&d=mm&r=g","caption":"admin"},"url":"https:\/\/ptrans.fr\/ar\/author\/admin\/"}]}},"jetpack_sharing_enabled":true,"jetpack_likes_enabled":true,"_links":{"self":[{"href":"https:\/\/ptrans.fr\/ar\/wp-json\/wp\/v2\/pages\/8308"}],"collection":[{"href":"https:\/\/ptrans.fr\/ar\/wp-json\/wp\/v2\/pages"}],"about":[{"href":"https:\/\/ptrans.fr\/ar\/wp-json\/wp\/v2\/types\/page"}],"author":[{"embeddable":true,"href":"https:\/\/ptrans.fr\/ar\/wp-json\/wp\/v2\/users\/1"}],"replies":[{"embeddable":true,"href":"https:\/\/ptrans.fr\/ar\/wp-json\/wp\/v2\/comments?post=8308"}],"version-history":[{"count":0,"href":"https:\/\/ptrans.fr\/ar\/wp-json\/wp\/v2\/pages\/8308\/revisions"}],"up":[{"embeddable":true,"href":"https:\/\/ptrans.fr\/ar\/wp-json\/wp\/v2\/pages\/8294"}],"wp:attachment":[{"href":"https:\/\/ptrans.fr\/ar\/wp-json\/wp\/v2\/media?parent=8308"}],"curies":[{"name":"wp","href":"https:\/\/api.w.org\/{rel}","templated":true}]}}