{"id":9783,"date":"2022-12-31T10:33:33","date_gmt":"2022-12-31T09:33:33","guid":{"rendered":"https:\/\/ptrans.fr\/?page_id=9783"},"modified":"2022-12-31T11:02:55","modified_gmt":"2022-12-31T10:02:55","slug":"societe-de-transport-international-maroc","status":"publish","type":"page","link":"https:\/\/ptrans.fr\/ar\/societe-de-transport-international-maroc\/","title":{"rendered":"<p>Soci&eacute;t&eacute; De Transport International Maroc<\/p>"},"content":{"rendered":"<h1><a href=\"https:\/\/ptrans.fr\/ar\/estimer-le-prix\/\">Ptrans soci&eacute;t&eacute; De Transport International Maroc<\/a><p><img decoding=\"async\" width=\"1024\" height=\"635\" src=\"http:\/\/ptrans.fr\/wp-content\/uploads\/2022\/12\/societe-de-transport-international-maroc-1024x635.png\" alt=\"soci&eacute;t&eacute; de transport international maroc\" loading=\"lazy\" srcset=\"https:\/\/ptrans.fr\/wp-content\/uploads\/2022\/12\/societe-de-transport-international-maroc-1024x635.png 1024w, https:\/\/ptrans.fr\/wp-content\/uploads\/2022\/12\/societe-de-transport-international-maroc-300x186.png 300w, https:\/\/ptrans.fr\/wp-content\/uploads\/2022\/12\/societe-de-transport-international-maroc-768x476.png 768w, https:\/\/ptrans.fr\/wp-content\/uploads\/2022\/12\/societe-de-transport-international-maroc-800x496.png 800w, https:\/\/ptrans.fr\/wp-content\/uploads\/2022\/12\/societe-de-transport-international-maroc.png 1500w\" sizes=\"(max-width: 1024px) 100vw, 1024px\"><\/p><h2><strong>Soci&eacute;t&eacute; Transport International Maroc<\/strong><\/h2><p>Ptrans est une soci&eacute;t&eacute; de logistique qui offre des services de transport fiables et rentables dans tout le Maroc. Nous fournissons des solutions personnalis&eacute;es adapt&eacute;es en assurant un transport rapide et s&eacute;curis&eacute; d&rsquo;un endroit &agrave; un autre.<\/p><p><a href=\"https:\/\/ptrans.fr\/ar\/estimer-le-prix\/\" role=\"button\"><br>\nConsultez Nos Tarifs En Ligne<br>\n<\/a><\/p><p>Notre &eacute;quipe de professionnels exp&eacute;riment&eacute;s poss&egrave;de des connaissances approfondies dans les domaines des tarifs, des douanes, des prix et des destinations. Nous sommes fiers d&rsquo;&ecirc;tre tr&egrave;s r&eacute;actifs aux demandes de renseignements des clients et aux demandes d&rsquo;informations sur nos services. Notre objectif est de faire en sorte que votre cargaison arrive &agrave; destination en toute s&eacute;curit&eacute;, &agrave; temps et &agrave; des prix comp&eacute;titifs<\/p><p>https:\/\/www.youtube.com\/watch?v=ECXqaWCdAVo<\/p><p>Nous comprenons que de nombreuses variables entrent en jeu dans l&rsquo;exp&eacute;dition internationale &ndash; des lois et r&eacute;glementations locales aux taxes et droits de douane &ndash; et nous nous effor&ccedil;ons donc de nous assurer que vous disposez de toutes les informations n&eacute;cessaires avant de prendre toute d&eacute;cision. Ce site offre un aper&ccedil;u complet des services que nous proposons, notamment<\/p><p>&ndash; Tarifs et d&eacute;douanement<\/p><p>&ndash; Informations sur les prix et les destinations<\/p><p>&ndash; Le suivi de votre envoi du d&eacute;but &agrave; la fin<\/p><p>&ndash; Exigences en mati&egrave;re de documentation pour les envois internationaux<\/p><p>&ndash; Options d&rsquo;assurance exp&eacute;dition<\/p><p>&ndash; Options pour acc&eacute;l&eacute;rer les d&eacute;lais d&rsquo;exp&eacute;dition<\/p><p><a href=\"https:\/\/ptrans.fr\/ar\/estimer-le-prix\/\" role=\"button\"><br>\nConsultez Nos Tarifs En Ligne<br>\n<\/a><br>\n<img decoding=\"async\" width=\"1024\" height=\"704\" src=\"http:\/\/ptrans.fr\/wp-content\/uploads\/2022\/12\/societe-de-transport-international-maro-1024x704.png\" alt=\"soci&eacute;t&eacute; de transport international maro\" loading=\"lazy\" srcset=\"https:\/\/ptrans.fr\/wp-content\/uploads\/2022\/12\/societe-de-transport-international-maro-1024x704.png 1024w, https:\/\/ptrans.fr\/wp-content\/uploads\/2022\/12\/societe-de-transport-international-maro-300x206.png 300w, https:\/\/ptrans.fr\/wp-content\/uploads\/2022\/12\/societe-de-transport-international-maro-768x528.png 768w, https:\/\/ptrans.fr\/wp-content\/uploads\/2022\/12\/societe-de-transport-international-maro-1536x1056.png 1536w, https:\/\/ptrans.fr\/wp-content\/uploads\/2022\/12\/societe-de-transport-international-maro-800x550.png 800w, https:\/\/ptrans.fr\/wp-content\/uploads\/2022\/12\/societe-de-transport-international-maro.png 1600w\" sizes=\"(max-width: 1024px) 100vw, 1024px\"><\/p><p>Chez Ptrans Transport International Maroc, notre objectif est de faire en sorte que vous ayez la meilleure exp&eacute;rience possible avec votre envoi. Nous comprenons que l&rsquo;exp&eacute;dition internationale peut &ecirc;tre complexe, c&rsquo;est pourquoi nous nous engageons &agrave; fournir un service et un soutien tout au long du processus. N&rsquo;h&eacute;sitez pas &agrave; nous contacter &agrave; tout moment pour toute question ou demande &ndash; nous sommes l&agrave; pour vous aider !<\/p><h2>\u0631\u0648\u0627\u0628\u0637 \u0645\u0641\u064a\u062f\u0629<\/h2><p><a href=\"http:\/\/www.douane.gov.ma\/\"><br>\n<img decoding=\"async\" width=\"300\" height=\"137\" src=\"http:\/\/ptrans.fr\/wp-content\/uploads\/2022\/12\/societe-de-transport-international-maroc-douane-300x137.png\" alt=\"\" loading=\"lazy\" srcset=\"https:\/\/ptrans.fr\/wp-content\/uploads\/2022\/12\/societe-de-transport-international-maroc-douane-300x137.png 300w, https:\/\/ptrans.fr\/wp-content\/uploads\/2022\/12\/societe-de-transport-international-maroc-douane.png 616w\" sizes=\"(max-width: 300px) 100vw, 300px\">\t\t\t\t\t\t\t\t<\/a><br>\n<a href=\"https:\/\/www.bureauveritas.ma\/fr\"><br>\n<img decoding=\"async\" width=\"243\" height=\"300\" src=\"http:\/\/ptrans.fr\/wp-content\/uploads\/2022\/12\/societe-de-transport-international-maroc-conformitee-243x300.png\" alt=\"soci&eacute;t&eacute; de transport international maroc conformit&eacute;e\" loading=\"lazy\" srcset=\"https:\/\/ptrans.fr\/wp-content\/uploads\/2022\/12\/societe-de-transport-international-maroc-conformitee-243x300.png 243w, https:\/\/ptrans.fr\/wp-content\/uploads\/2022\/12\/societe-de-transport-international-maroc-conformitee-828x1024.png 828w, https:\/\/ptrans.fr\/wp-content\/uploads\/2022\/12\/societe-de-transport-international-maroc-conformitee-768x950.png 768w, https:\/\/ptrans.fr\/wp-content\/uploads\/2022\/12\/societe-de-transport-international-maroc-conformitee-1242x1536.png 1242w, https:\/\/ptrans.fr\/wp-content\/uploads\/2022\/12\/societe-de-transport-international-maroc-conformitee-800x989.png 800w, https:\/\/ptrans.fr\/wp-content\/uploads\/2022\/12\/societe-de-transport-international-maroc-conformitee.png 1390w\" sizes=\"(max-width: 243px) 100vw, 243px\">\t\t\t\t\t\t\t\t<\/a><\/p><\/h1>","protected":false},"excerpt":{"rendered":"<p>Ptrans soci&eacute;t&eacute; De Transport International Maroc Soci&eacute;t&eacute; Transport International Maroc Ptrans est une soci&eacute;t&eacute; de [&hellip;]<\/p>","protected":false},"author":1,"featured_media":0,"parent":0,"menu_order":0,"comment_status":"closed","ping_status":"closed","template":"","meta":{"footnotes":""},"yoast_head":"<!-- This site is optimized with the Yoast SEO plugin v22.8 - https:\/\/yoast.com\/wordpress\/plugins\/seo\/ -->\n<title>Soci\u00e9t\u00e9 De Transport International Maroc | T\u00e9l : +33187653676<\/title>\n<meta name=\"description\" content=\"Ptrans soci\u00e9t\u00e9 de transport international Maroc. T\u00e9l : +33187653676 | Mail : s.p@ptrans.fr. Contacter-nous!\" \/>\n<meta name=\"robots\" content=\"index, follow, max-snippet:-1, max-image-preview:large, max-video-preview:-1\" \/>\n<link rel=\"canonical\" href=\"https:\/\/ptrans.fr\/ar\/societe-de-transport-international-maroc\/\" \/>\n<meta property=\"og:locale\" content=\"ar_AR\" \/>\n<meta property=\"og:type\" content=\"article\" \/>\n<meta property=\"og:title\" content=\"Soci\u00e9t\u00e9 De Transport International Maroc | T\u00e9l : +33187653676\" \/>\n<meta property=\"og:description\" content=\"Ptrans soci\u00e9t\u00e9 de transport international Maroc. T\u00e9l : +33187653676 | Mail : s.p@ptrans.fr. Contacter-nous!\" \/>\n<meta property=\"og:url\" content=\"https:\/\/ptrans.fr\/ar\/societe-de-transport-international-maroc\/\" \/>\n<meta property=\"og:site_name\" content=\"Ptrans Soci\u00e9t\u00e9 De Transport &amp; D\u00e9m\u00e9nagements International Entre Le Maroc Et Le Reste Du Monde\" \/>\n<meta property=\"article:publisher\" content=\"https:\/\/www.facebook.com\/PlogisticsEurope\" \/>\n<meta property=\"article:modified_time\" content=\"2022-12-31T10:02:55+00:00\" \/>\n<meta property=\"og:image\" content=\"http:\/\/ptrans.fr\/wp-content\/uploads\/2022\/12\/societe-de-transport-international-maroc-1024x635.png\" \/>\n<meta name=\"twitter:label1\" content=\"\u0648\u0642\u062a \u0627\u0644\u0642\u0631\u0627\u0621\u0629 \u0627\u0644\u0645\u064f\u0642\u062f\u0651\u0631\" \/>\n\t<meta name=\"twitter:data1\" content=\"3 \u062f\u0642\u0627\u0626\u0642\" \/>\n<script type=\"application\/ld+json\" class=\"yoast-schema-graph\">{\"@context\":\"https:\/\/schema.org\",\"@graph\":[{\"@type\":\"Article\",\"@id\":\"https:\/\/ptrans.fr\/societe-de-transport-international-maroc\/#article\",\"isPartOf\":{\"@id\":\"https:\/\/ptrans.fr\/societe-de-transport-international-maroc\/\"},\"author\":{\"name\":\"admin\",\"@id\":\"https:\/\/ptrans.fr\/#\/schema\/person\/3a50d5b251b4df119e3598a32b8ce67c\"},\"headline\":\"Soci\u00e9t\u00e9 De Transport International Maroc\",\"datePublished\":\"2022-12-31T09:33:33+00:00\",\"dateModified\":\"2022-12-31T10:02:55+00:00\",\"mainEntityOfPage\":{\"@id\":\"https:\/\/ptrans.fr\/societe-de-transport-international-maroc\/\"},\"wordCount\":327,\"publisher\":{\"@id\":\"https:\/\/ptrans.fr\/#organization\"},\"image\":{\"@id\":\"https:\/\/ptrans.fr\/societe-de-transport-international-maroc\/#primaryimage\"},\"thumbnailUrl\":\"http:\/\/ptrans.fr\/wp-content\/uploads\/2022\/12\/societe-de-transport-international-maroc-1024x635.png\",\"inLanguage\":\"ar\"},{\"@type\":\"WebPage\",\"@id\":\"https:\/\/ptrans.fr\/societe-de-transport-international-maroc\/\",\"url\":\"https:\/\/ptrans.fr\/societe-de-transport-international-maroc\/\",\"name\":\"Soci\u00e9t\u00e9 De Transport International Maroc | T\u00e9l : +33187653676\",\"isPartOf\":{\"@id\":\"https:\/\/ptrans.fr\/#website\"},\"primaryImageOfPage\":{\"@id\":\"https:\/\/ptrans.fr\/societe-de-transport-international-maroc\/#primaryimage\"},\"image\":{\"@id\":\"https:\/\/ptrans.fr\/societe-de-transport-international-maroc\/#primaryimage\"},\"thumbnailUrl\":\"http:\/\/ptrans.fr\/wp-content\/uploads\/2022\/12\/societe-de-transport-international-maroc-1024x635.png\",\"datePublished\":\"2022-12-31T09:33:33+00:00\",\"dateModified\":\"2022-12-31T10:02:55+00:00\",\"description\":\"Ptrans soci\u00e9t\u00e9 de transport international Maroc. T\u00e9l : +33187653676 | Mail : s.p@ptrans.fr. Contacter-nous!\",\"inLanguage\":\"ar\",\"potentialAction\":[{\"@type\":\"ReadAction\",\"target\":[\"https:\/\/ptrans.fr\/societe-de-transport-international-maroc\/\"]}]},{\"@type\":\"ImageObject\",\"inLanguage\":\"ar\",\"@id\":\"https:\/\/ptrans.fr\/societe-de-transport-international-maroc\/#primaryimage\",\"url\":\"http:\/\/ptrans.fr\/wp-content\/uploads\/2022\/12\/societe-de-transport-international-maroc-1024x635.png\",\"contentUrl\":\"http:\/\/ptrans.fr\/wp-content\/uploads\/2022\/12\/societe-de-transport-international-maroc-1024x635.png\"},{\"@type\":\"WebSite\",\"@id\":\"https:\/\/ptrans.fr\/#website\",\"url\":\"https:\/\/ptrans.fr\/\",\"name\":\"Ptrans Soci\u00e9t\u00e9 De Transport Et D\u00e9m\u00e9nagement International Maroc\",\"description\":\"Ptrans Votre Transporteur &amp; D\u00e9m\u00e9nageur Vers Le Maroc\",\"publisher\":{\"@id\":\"https:\/\/ptrans.fr\/#organization\"},\"alternateName\":\"Ptrans\",\"potentialAction\":[{\"@type\":\"SearchAction\",\"target\":{\"@type\":\"EntryPoint\",\"urlTemplate\":\"https:\/\/ptrans.fr\/?s={search_term_string}\"},\"query-input\":\"required name=search_term_string\"}],\"inLanguage\":\"ar\"},{\"@type\":\"Organization\",\"@id\":\"https:\/\/ptrans.fr\/#organization\",\"name\":\"Ptrans Soci\u00e9t\u00e9 De Transport Et D\u00e9m\u00e9nagements International Entre Le Maroc Et Le Reste Du Monde\",\"url\":\"https:\/\/ptrans.fr\/\",\"logo\":{\"@type\":\"ImageObject\",\"inLanguage\":\"ar\",\"@id\":\"https:\/\/ptrans.fr\/#\/schema\/logo\/image\/\",\"url\":\"http:\/\/ptrans.fr\/wp-content\/uploads\/2022\/08\/P.trans-logi_Plan-de-travail-1.png\",\"contentUrl\":\"http:\/\/ptrans.fr\/wp-content\/uploads\/2022\/08\/P.trans-logi_Plan-de-travail-1.png\",\"width\":2481,\"height\":1076,\"caption\":\"Ptrans Soci\u00e9t\u00e9 De Transport Et D\u00e9m\u00e9nagements International Entre Le Maroc Et Le Reste Du Monde\"},\"image\":{\"@id\":\"https:\/\/ptrans.fr\/#\/schema\/logo\/image\/\"},\"sameAs\":[\"https:\/\/www.facebook.com\/PlogisticsEurope\"]},{\"@type\":\"Person\",\"@id\":\"https:\/\/ptrans.fr\/#\/schema\/person\/3a50d5b251b4df119e3598a32b8ce67c\",\"name\":\"admin\",\"image\":{\"@type\":\"ImageObject\",\"inLanguage\":\"ar\",\"@id\":\"https:\/\/ptrans.fr\/#\/schema\/person\/image\/\",\"url\":\"https:\/\/secure.gravatar.com\/avatar\/f1ed11851bb8c89ef1f06d655ba0bd00?s=96&d=mm&r=g\",\"contentUrl\":\"https:\/\/secure.gravatar.com\/avatar\/f1ed11851bb8c89ef1f06d655ba0bd00?s=96&d=mm&r=g\",\"caption\":\"admin\"},\"url\":\"https:\/\/ptrans.fr\/ar\/author\/admin\/\"}]}<\/script>\n<!-- \/ Yoast SEO plugin. -->","yoast_head_json":{"title":"Soci\u00e9t\u00e9 De Transport International Maroc | T\u00e9l : +33187653676","description":"Ptrans soci\u00e9t\u00e9 de transport international Maroc. T\u00e9l : +33187653676 | Mail : s.p@ptrans.fr. Contacter-nous!","robots":{"index":"index","follow":"follow","max-snippet":"max-snippet:-1","max-image-preview":"max-image-preview:large","max-video-preview":"max-video-preview:-1"},"canonical":"https:\/\/ptrans.fr\/ar\/societe-de-transport-international-maroc\/","og_locale":"ar_AR","og_type":"article","og_title":"Soci\u00e9t\u00e9 De Transport International Maroc | T\u00e9l : +33187653676","og_description":"Ptrans soci\u00e9t\u00e9 de transport international Maroc. T\u00e9l : +33187653676 | Mail : s.p@ptrans.fr. Contacter-nous!","og_url":"https:\/\/ptrans.fr\/ar\/societe-de-transport-international-maroc\/","og_site_name":"Ptrans Soci\u00e9t\u00e9 De Transport &amp; D\u00e9m\u00e9nagements International Entre Le Maroc Et Le Reste Du Monde","article_publisher":"https:\/\/www.facebook.com\/PlogisticsEurope","article_modified_time":"2022-12-31T10:02:55+00:00","og_image":[{"url":"http:\/\/ptrans.fr\/wp-content\/uploads\/2022\/12\/societe-de-transport-international-maroc-1024x635.png"}],"twitter_misc":{"\u0648\u0642\u062a \u0627\u0644\u0642\u0631\u0627\u0621\u0629 \u0627\u0644\u0645\u064f\u0642\u062f\u0651\u0631":"3 \u062f\u0642\u0627\u0626\u0642"},"schema":{"@context":"https:\/\/schema.org","@graph":[{"@type":"Article","@id":"https:\/\/ptrans.fr\/societe-de-transport-international-maroc\/#article","isPartOf":{"@id":"https:\/\/ptrans.fr\/societe-de-transport-international-maroc\/"},"author":{"name":"admin","@id":"https:\/\/ptrans.fr\/#\/schema\/person\/3a50d5b251b4df119e3598a32b8ce67c"},"headline":"Soci\u00e9t\u00e9 De Transport International Maroc","datePublished":"2022-12-31T09:33:33+00:00","dateModified":"2022-12-31T10:02:55+00:00","mainEntityOfPage":{"@id":"https:\/\/ptrans.fr\/societe-de-transport-international-maroc\/"},"wordCount":327,"publisher":{"@id":"https:\/\/ptrans.fr\/#organization"},"image":{"@id":"https:\/\/ptrans.fr\/societe-de-transport-international-maroc\/#primaryimage"},"thumbnailUrl":"http:\/\/ptrans.fr\/wp-content\/uploads\/2022\/12\/societe-de-transport-international-maroc-1024x635.png","inLanguage":"ar"},{"@type":"WebPage","@id":"https:\/\/ptrans.fr\/societe-de-transport-international-maroc\/","url":"https:\/\/ptrans.fr\/societe-de-transport-international-maroc\/","name":"Soci\u00e9t\u00e9 De Transport International Maroc | T\u00e9l : +33187653676","isPartOf":{"@id":"https:\/\/ptrans.fr\/#website"},"primaryImageOfPage":{"@id":"https:\/\/ptrans.fr\/societe-de-transport-international-maroc\/#primaryimage"},"image":{"@id":"https:\/\/ptrans.fr\/societe-de-transport-international-maroc\/#primaryimage"},"thumbnailUrl":"http:\/\/ptrans.fr\/wp-content\/uploads\/2022\/12\/societe-de-transport-international-maroc-1024x635.png","datePublished":"2022-12-31T09:33:33+00:00","dateModified":"2022-12-31T10:02:55+00:00","description":"Ptrans soci\u00e9t\u00e9 de transport international Maroc. T\u00e9l : +33187653676 | Mail : s.p@ptrans.fr. Contacter-nous!","inLanguage":"ar","potentialAction":[{"@type":"ReadAction","target":["https:\/\/ptrans.fr\/societe-de-transport-international-maroc\/"]}]},{"@type":"ImageObject","inLanguage":"ar","@id":"https:\/\/ptrans.fr\/societe-de-transport-international-maroc\/#primaryimage","url":"http:\/\/ptrans.fr\/wp-content\/uploads\/2022\/12\/societe-de-transport-international-maroc-1024x635.png","contentUrl":"http:\/\/ptrans.fr\/wp-content\/uploads\/2022\/12\/societe-de-transport-international-maroc-1024x635.png"},{"@type":"WebSite","@id":"https:\/\/ptrans.fr\/#website","url":"https:\/\/ptrans.fr\/","name":"Ptrans Soci\u00e9t\u00e9 De Transport Et D\u00e9m\u00e9nagement International Maroc","description":"Ptrans Votre Transporteur &amp; D\u00e9m\u00e9nageur Vers Le Maroc","publisher":{"@id":"https:\/\/ptrans.fr\/#organization"},"alternateName":"Ptrans","potentialAction":[{"@type":"SearchAction","target":{"@type":"EntryPoint","urlTemplate":"https:\/\/ptrans.fr\/?s={search_term_string}"},"query-input":"required name=search_term_string"}],"inLanguage":"ar"},{"@type":"Organization","@id":"https:\/\/ptrans.fr\/#organization","name":"Ptrans Soci\u00e9t\u00e9 De Transport Et D\u00e9m\u00e9nagements International Entre Le Maroc Et Le Reste Du Monde","url":"https:\/\/ptrans.fr\/","logo":{"@type":"ImageObject","inLanguage":"ar","@id":"https:\/\/ptrans.fr\/#\/schema\/logo\/image\/","url":"http:\/\/ptrans.fr\/wp-content\/uploads\/2022\/08\/P.trans-logi_Plan-de-travail-1.png","contentUrl":"http:\/\/ptrans.fr\/wp-content\/uploads\/2022\/08\/P.trans-logi_Plan-de-travail-1.png","width":2481,"height":1076,"caption":"Ptrans Soci\u00e9t\u00e9 De Transport Et D\u00e9m\u00e9nagements International Entre Le Maroc Et Le Reste Du Monde"},"image":{"@id":"https:\/\/ptrans.fr\/#\/schema\/logo\/image\/"},"sameAs":["https:\/\/www.facebook.com\/PlogisticsEurope"]},{"@type":"Person","@id":"https:\/\/ptrans.fr\/#\/schema\/person\/3a50d5b251b4df119e3598a32b8ce67c","name":"admin","image":{"@type":"ImageObject","inLanguage":"ar","@id":"https:\/\/ptrans.fr\/#\/schema\/person\/image\/","url":"https:\/\/secure.gravatar.com\/avatar\/f1ed11851bb8c89ef1f06d655ba0bd00?s=96&d=mm&r=g","contentUrl":"https:\/\/secure.gravatar.com\/avatar\/f1ed11851bb8c89ef1f06d655ba0bd00?s=96&d=mm&r=g","caption":"admin"},"url":"https:\/\/ptrans.fr\/ar\/author\/admin\/"}]}},"jetpack_sharing_enabled":true,"jetpack_likes_enabled":true,"_links":{"self":[{"href":"https:\/\/ptrans.fr\/ar\/wp-json\/wp\/v2\/pages\/9783"}],"collection":[{"href":"https:\/\/ptrans.fr\/ar\/wp-json\/wp\/v2\/pages"}],"about":[{"href":"https:\/\/ptrans.fr\/ar\/wp-json\/wp\/v2\/types\/page"}],"author":[{"embeddable":true,"href":"https:\/\/ptrans.fr\/ar\/wp-json\/wp\/v2\/users\/1"}],"replies":[{"embeddable":true,"href":"https:\/\/ptrans.fr\/ar\/wp-json\/wp\/v2\/comments?post=9783"}],"version-history":[{"count":0,"href":"https:\/\/ptrans.fr\/ar\/wp-json\/wp\/v2\/pages\/9783\/revisions"}],"wp:attachment":[{"href":"https:\/\/ptrans.fr\/ar\/wp-json\/wp\/v2\/media?parent=9783"}],"curies":[{"name":"wp","href":"https:\/\/api.w.org\/{rel}","templated":true}]}}