{"id":9922,"date":"2023-01-02T08:05:25","date_gmt":"2023-01-02T07:05:25","guid":{"rendered":"https:\/\/ptrans.fr\/?page_id=9922"},"modified":"2023-01-05T01:49:07","modified_gmt":"2023-01-05T00:49:07","slug":"agence-transport-international-marrakech","status":"publish","type":"page","link":"https:\/\/ptrans.fr\/ar\/agence-transport-international-marrakech\/","title":{"rendered":"<p>\u0627\u0644\u0648\u0643\u0627\u0644\u0629 \u0627\u0644\u062f\u0648\u0644\u064a\u0629 \u0644\u0644\u0646\u0642\u0644 \u0628\u0645\u0631\u0627\u0643\u0634<\/p>"},"content":{"rendered":"<h2>\u0627\u0644\u0648\u0643\u0627\u0644\u0629 \u0627\u0644\u062f\u0648\u0644\u064a\u0629 \u0644\u0644\u0646\u0642\u0644 \u0628\u0645\u0631\u0627\u0643\u0634<p><img decoding=\"async\" width=\"1024\" height=\"635\" src=\"http:\/\/ptrans.fr\/wp-content\/uploads\/2023\/01\/agence-transport-international-marrakech-1024x635.png\" alt=\"agence transport international marrakech\" loading=\"lazy\" srcset=\"https:\/\/ptrans.fr\/wp-content\/uploads\/2023\/01\/agence-transport-international-marrakech-1024x635.png 1024w, https:\/\/ptrans.fr\/wp-content\/uploads\/2023\/01\/agence-transport-international-marrakech-300x186.png 300w, https:\/\/ptrans.fr\/wp-content\/uploads\/2023\/01\/agence-transport-international-marrakech-768x476.png 768w, https:\/\/ptrans.fr\/wp-content\/uploads\/2023\/01\/agence-transport-international-marrakech-800x496.png 800w, https:\/\/ptrans.fr\/wp-content\/uploads\/2023\/01\/agence-transport-international-marrakech.png 1500w\" sizes=\"(max-width: 1024px) 100vw, 1024px\"><\/p><p>\u0647\u0644 \u062a\u0628\u062d\u062b \u0639\u0646 \u0634\u062d\u0646 \u0627\u0644\u0637\u0631\u0648\u062f \u0648\u0627\u0644\u0628\u0636\u0627\u0626\u0639 \u0648\u0627\u0644\u062d\u0631\u0641 \u0627\u0644\u064a\u062f\u0648\u064a\u0629 \u0645\u0646 \u0645\u0631\u0627\u0643\u0634\u061f Ptrans \u0647\u064a \u0648\u0643\u0627\u0644\u0629 \u0627\u0644\u0646\u0642\u0644 \u0627\u0644\u062f\u0648\u0644\u064a\u0629 \u0627\u0644\u062a\u064a \u064a\u0645\u0643\u0646\u0643 \u0627\u0644\u0648\u062b\u0648\u0642 \u0628\u0647\u0627 \u0644\u062a\u0644\u0628\u064a\u0629 \u0627\u062d\u062a\u064a\u0627\u062c\u0627\u062a\u0643. \u0646\u062d\u0646 \u0646\u0642\u062f\u0645 \u062e\u062f\u0645\u0627\u062a \u0627\u0644\u0634\u062d\u0646 \u0627\u0644\u062f\u0648\u0644\u064a \u0644\u0644\u0634\u0631\u0643\u0627\u062a \u0648\u0627\u0644\u0623\u0641\u0631\u0627\u062f \u0641\u064a \u0645\u0631\u0627\u0643\u0634 \u0648\u0627\u0644\u0645\u0646\u0627\u0637\u0642 \u0627\u0644\u0645\u062d\u064a\u0637\u0629 \u0628\u0647\u0627. \u064a\u0633\u0639\u0649 \u0641\u0631\u064a\u0642\u0646\u0627 \u0645\u0646 \u0627\u0644\u0645\u062d\u062a\u0631\u0641\u064a\u0646 \u0630\u0648\u064a \u0627\u0644\u062e\u0628\u0631\u0629 \u0625\u0644\u0649 \u062a\u0648\u0641\u064a\u0631 \u062d\u0644\u0648\u0644 \u0646\u0642\u0644 \u062f\u0648\u0644\u064a\u0629 \u0639\u0627\u0644\u064a\u0629 \u0627\u0644\u062c\u0648\u062f\u0629 \u062a\u0646\u0627\u0633\u0628 \u062c\u0645\u064a\u0639 \u0627\u0644\u0645\u064a\u0632\u0627\u0646\u064a\u0627\u062a.<\/p><p><a href=\"https:\/\/ptrans.fr\/ar\/estimer-le-prix\/\" role=\"button\"><br>\n\u0623\u0633\u0639\u0627\u0631\u0646\u0627 \u0639\u0628\u0631 \u0627\u0644\u0625\u0646\u062a\u0631\u0646\u062a<br>\n<\/a><\/p><h2><strong>\u0648\u062c\u0647\u0627\u062a\u0646\u0627 \u0645\u0646 \u0648\u0643\u0627\u0644\u0629 \u0645\u0631\u0627\u0643\u0634<\/strong><\/h2><p>\u062a\u0634\u0645\u0644 \u0627\u0644\u0645\u062f\u0646 \u0627\u0644\u0639\u0627\u0644\u0645\u064a\u0629 \u0648\u0627\u0644\u0645\u0646\u0627\u0637\u0642 \u0627\u0644\u0631\u064a\u0641\u064a\u0629 \u0648\u0627\u0644\u0648\u062c\u0647\u0627\u062a \u062f\u0627\u062e\u0644 \u0627\u0644\u062f\u0648\u0644\u0629. \u0646\u062d\u0646 \u0646\u0642\u062f\u0645 \u062a\u0633\u0644\u064a\u0645 \u0627\u0644\u0628\u0636\u0627\u0626\u0639 \u0627\u0644\u062e\u0627\u0635\u0629 \u0628\u0643 \u0645\u0646 \u0627\u0644\u0628\u0627\u0628 \u0625\u0644\u0649 \u0627\u0644\u0628\u0627\u0628. \u0633\u0648\u0627\u0621 \u0643\u0646\u062a \u062a\u0631\u0633\u0644 \u0628\u0636\u0627\u0626\u0639 \u0625\u0644\u0649 \u0622\u0633\u064a\u0627 \u0623\u0648 \u0623\u0648\u0631\u0648\u0628\u0627 \u0623\u0648 \u0623\u0645\u0631\u064a\u0643\u0627\u060c \u0641\u0625\u0646\u0646\u0627 \u0646\u0636\u0645\u0646 \u062a\u0633\u0644\u064a\u0645 \u0627\u0644\u0637\u0631\u062f \u0627\u0644\u062e\u0627\u0635 \u0628\u0643 \u0628\u0623\u0645\u0627\u0646 \u0648\u0641\u064a \u0627\u0644\u0648\u0642\u062a \u0627\u0644\u0645\u062d\u062f\u062f.<\/p><p>\u0645\u0646 \u0627\u0644\u0628\u0627\u0628 \u0625\u0644\u0649 \u0627\u0644\u0645\u0633\u062a\u0648\u062f\u0639 \u0648\u0645\u0646 \u0627\u0644\u0645\u0633\u062a\u0648\u062f\u0639 \u0625\u0644\u0649 \u062e\u062f\u0645\u0627\u062a \u0627\u0644\u0645\u0633\u062a\u0648\u062f\u0639\u0627\u062a. \u062a\u0636\u0645\u0646 \u0634\u0631\u0643\u0629 Ptrans Marrakech \u0627\u0644\u0648\u0635\u0648\u0644 \u0627\u0644\u0622\u0645\u0646 \u0648\u0641\u064a \u0627\u0644\u0648\u0642\u062a \u0627\u0644\u0645\u062d\u062f\u062f \u0644\u0637\u0631\u0648\u062f\u0643 \u0648\u0628\u0636\u0627\u0626\u0639\u0643.<\/p><p><img decoding=\"async\" width=\"1024\" height=\"704\" src=\"http:\/\/ptrans.fr\/wp-content\/uploads\/2023\/01\/agence-transport-international-marrakech-maroc-1024x704.png\" alt=\"agence transport international marrakech\" loading=\"lazy\" srcset=\"https:\/\/ptrans.fr\/wp-content\/uploads\/2023\/01\/agence-transport-international-marrakech-maroc-1024x704.png 1024w, https:\/\/ptrans.fr\/wp-content\/uploads\/2023\/01\/agence-transport-international-marrakech-maroc-300x206.png 300w, https:\/\/ptrans.fr\/wp-content\/uploads\/2023\/01\/agence-transport-international-marrakech-maroc-768x528.png 768w, https:\/\/ptrans.fr\/wp-content\/uploads\/2023\/01\/agence-transport-international-marrakech-maroc-1536x1056.png 1536w, https:\/\/ptrans.fr\/wp-content\/uploads\/2023\/01\/agence-transport-international-marrakech-maroc-800x550.png 800w, https:\/\/ptrans.fr\/wp-content\/uploads\/2023\/01\/agence-transport-international-marrakech-maroc.png 1600w\" sizes=\"(max-width: 1024px) 100vw, 1024px\"><\/p><h2><b>\u0623\u0633\u0639\u0627\u0631 \u0648\u0643\u0627\u0644\u0629 \u0627\u0644\u0646\u0642\u0644 \u0627\u0644\u062f\u0648\u0644\u064a\u0629 \u0645\u0631\u0627\u0643\u0634<\/b><\/h2><p>\u062a\u0642\u062f\u0645 \u062e\u062f\u0645\u0629 \u062a\u0648\u0635\u064a\u0644 \u0627\u0644\u0637\u0631\u0648\u062f \u0627\u0644\u062f\u0648\u0644\u064a\u0629 \u0644\u062f\u064a\u0646\u0627 \u0623\u0633\u0639\u0627\u0631\u064b\u0627 \u062a\u0646\u0627\u0641\u0633\u064a\u0629 \u0639\u0644\u0649 \u062c\u0645\u064a\u0639 \u0637\u0631\u0642 \u0627\u0644\u0634\u062d\u0646 \u0627\u0644\u062f\u0648\u0644\u064a\u0629. \u064a\u062a\u064a\u062d \u0644\u0643 \u0646\u0638\u0627\u0645 \u0627\u0644\u062a\u062a\u0628\u0639 \u0627\u0644\u062e\u0627\u0635 \u0628\u0646\u0627 \u0645\u0631\u0627\u0642\u0628\u0629 \u062a\u0642\u062f\u0645 \u0634\u062d\u0646\u0627\u062a\u0643 \u0639\u0628\u0631 \u0627\u0644\u0625\u0646\u062a\u0631\u0646\u062a \u0645\u0646 \u0623\u064a \u0645\u0643\u0627\u0646. \u064a\u0645\u0643\u0646\u0643 \u0623\u064a\u0636\u064b\u0627 \u0625\u0636\u0627\u0641\u0629 \u0645\u062c\u0645\u0648\u0639\u0629 \u0645\u062a\u0646\u0648\u0639\u0629 \u0645\u0646 \u0627\u0644\u062e\u062f\u0645\u0627\u062a \u0630\u0627\u062a \u0627\u0644\u0642\u064a\u0645\u0629 \u0627\u0644\u0645\u0636\u0627\u0641\u0629 \u0645\u062b\u0644 \u0627\u0644\u062a\u0623\u0645\u064a\u0646 \u0623\u0648 \u0627\u0644\u062a\u062e\u0644\u064a\u0635 \u0627\u0644\u062c\u0645\u0631\u0643\u064a \u0644\u0645\u0632\u064a\u062f \u0645\u0646 \u0631\u0627\u062d\u0629 \u0627\u0644\u0628\u0627\u0644.<\/p><h2>\u0631\u0648\u0627\u0628\u0637 \u0645\u0641\u064a\u062f\u0629<\/h2><p><a href=\"http:\/\/www.douane.gov.ma\/\"><br>\n<img decoding=\"async\" width=\"300\" height=\"137\" src=\"http:\/\/ptrans.fr\/wp-content\/uploads\/2023\/01\/agence-transport-international-marrakech-maroc-douane-300x137.png\" alt=\"\" loading=\"lazy\" srcset=\"https:\/\/ptrans.fr\/wp-content\/uploads\/2023\/01\/agence-transport-international-marrakech-maroc-douane-300x137.png 300w, https:\/\/ptrans.fr\/wp-content\/uploads\/2023\/01\/agence-transport-international-marrakech-maroc-douane.png 616w\" sizes=\"(max-width: 300px) 100vw, 300px\">\t\t\t\t\t\t\t\t<\/a><br>\n<a href=\"https:\/\/www.bureauveritas.ma\/fr\"><br>\n<img decoding=\"async\" width=\"243\" height=\"300\" src=\"http:\/\/ptrans.fr\/wp-content\/uploads\/2023\/01\/agence-transport-international-marrakech-maroc-conformitee-243x300.png\" alt=\"agence transport international marrakech maroc conformit&eacute;e\" loading=\"lazy\" srcset=\"https:\/\/ptrans.fr\/wp-content\/uploads\/2023\/01\/agence-transport-international-marrakech-maroc-conformitee-243x300.png 243w, https:\/\/ptrans.fr\/wp-content\/uploads\/2023\/01\/agence-transport-international-marrakech-maroc-conformitee-828x1024.png 828w, https:\/\/ptrans.fr\/wp-content\/uploads\/2023\/01\/agence-transport-international-marrakech-maroc-conformitee-768x950.png 768w, https:\/\/ptrans.fr\/wp-content\/uploads\/2023\/01\/agence-transport-international-marrakech-maroc-conformitee-1242x1536.png 1242w, https:\/\/ptrans.fr\/wp-content\/uploads\/2023\/01\/agence-transport-international-marrakech-maroc-conformitee-800x989.png 800w, https:\/\/ptrans.fr\/wp-content\/uploads\/2023\/01\/agence-transport-international-marrakech-maroc-conformitee.png 1390w\" sizes=\"(max-width: 243px) 100vw, 243px\">\t\t\t\t\t\t\t\t<\/a><\/p><p>\u0641\u064a \u0634\u0631\u0643\u0629 Ptrans\u060c \u0648\u0643\u0627\u0644\u0629 \u0627\u0644\u0646\u0642\u0644 \u0627\u0644\u062f\u0648\u0644\u064a \u0628\u0645\u0631\u0627\u0643\u0634\u060c \u062a\u062a\u0645\u062b\u0644 \u0645\u0647\u0645\u062a\u0646\u0627 \u0641\u064a \u0636\u0645\u0627\u0646 \u062d\u0635\u0648\u0644 \u062c\u0645\u064a\u0639 \u0639\u0645\u0644\u0627\u0626\u0646\u0627 \u0639\u0644\u0649 \u0637\u0631\u0648\u062f\u0647\u0645 \u0641\u064a \u062d\u0627\u0644\u0629 \u0645\u0645\u062a\u0627\u0632\u0629.<\/p><p><a href=\"https:\/\/ptrans.fr\/ar\/estimer-le-prix\/\" role=\"button\"><br>\n\u0623\u0633\u0639\u0627\u0631\u0646\u0627 \u0639\u0628\u0631 \u0627\u0644\u0625\u0646\u062a\u0631\u0646\u062a<br>\n<\/a><\/p><\/h2>","protected":false},"excerpt":{"rendered":"<p>Agence Transport International Marrakech Vous cherchez &agrave; exp&eacute;dier des colis, des marchandises et des objets [&hellip;]<\/p>","protected":false},"author":1,"featured_media":0,"parent":0,"menu_order":0,"comment_status":"closed","ping_status":"closed","template":"","meta":{"footnotes":""},"yoast_head":"<!-- This site is optimized with the Yoast SEO plugin v22.8 - https:\/\/yoast.com\/wordpress\/plugins\/seo\/ -->\n<title>Agence Transport International Marrakech | +212(0)80 85 08129<\/title>\n<meta name=\"description\" content=\"Vous cherchez une agence de transport international \u00e0 Marrakech ? Ptrans est l\u00e0 pour vous servir. T\u00e9l: +212663232300 \/ s.p@ptrans.fr\" \/>\n<meta name=\"robots\" content=\"index, follow, max-snippet:-1, max-image-preview:large, max-video-preview:-1\" \/>\n<link rel=\"canonical\" href=\"https:\/\/ptrans.fr\/ar\/agence-transport-international-marrakech\/\" \/>\n<meta property=\"og:locale\" content=\"ar_AR\" \/>\n<meta property=\"og:type\" content=\"article\" \/>\n<meta property=\"og:title\" content=\"Agence Transport International Marrakech - T\u00e9l : +212 663 23 23 00\" \/>\n<meta property=\"og:description\" content=\"Vous cherchez une agence de transport international \u00e0 Marrakech ? Ptrans est l\u00e0 pour vous servir. T\u00e9l: +212663232300 \/ s.p@ptrans.fr\" \/>\n<meta property=\"og:url\" content=\"https:\/\/ptrans.fr\/ar\/agence-transport-international-marrakech\/\" \/>\n<meta property=\"og:site_name\" content=\"Ptrans Soci\u00e9t\u00e9 De Transport &amp; D\u00e9m\u00e9nagements International Entre Le Maroc Et Le Reste Du Monde\" \/>\n<meta property=\"article:publisher\" content=\"https:\/\/www.facebook.com\/PlogisticsEurope\" \/>\n<meta property=\"article:modified_time\" content=\"2023-01-05T00:49:07+00:00\" \/>\n<meta property=\"og:image\" content=\"http:\/\/ptrans.fr\/wp-content\/uploads\/2023\/01\/agence-transport-international-marrakech-1024x635.png\" \/>\n<meta name=\"twitter:label1\" content=\"\u0648\u0642\u062a \u0627\u0644\u0642\u0631\u0627\u0621\u0629 \u0627\u0644\u0645\u064f\u0642\u062f\u0651\u0631\" \/>\n\t<meta name=\"twitter:data1\" content=\"3 \u062f\u0642\u0627\u0626\u0642\" \/>\n<script type=\"application\/ld+json\" class=\"yoast-schema-graph\">{\"@context\":\"https:\/\/schema.org\",\"@graph\":[{\"@type\":\"Article\",\"@id\":\"https:\/\/ptrans.fr\/agence-transport-international-marrakech\/#article\",\"isPartOf\":{\"@id\":\"https:\/\/ptrans.fr\/agence-transport-international-marrakech\/\"},\"author\":{\"name\":\"admin\",\"@id\":\"https:\/\/ptrans.fr\/#\/schema\/person\/3a50d5b251b4df119e3598a32b8ce67c\"},\"headline\":\"Agence Transport International Marrakech\",\"datePublished\":\"2023-01-02T07:05:25+00:00\",\"dateModified\":\"2023-01-05T00:49:07+00:00\",\"mainEntityOfPage\":{\"@id\":\"https:\/\/ptrans.fr\/agence-transport-international-marrakech\/\"},\"wordCount\":262,\"publisher\":{\"@id\":\"https:\/\/ptrans.fr\/#organization\"},\"image\":{\"@id\":\"https:\/\/ptrans.fr\/agence-transport-international-marrakech\/#primaryimage\"},\"thumbnailUrl\":\"http:\/\/ptrans.fr\/wp-content\/uploads\/2023\/01\/agence-transport-international-marrakech-1024x635.png\",\"inLanguage\":\"ar\"},{\"@type\":\"WebPage\",\"@id\":\"https:\/\/ptrans.fr\/agence-transport-international-marrakech\/\",\"url\":\"https:\/\/ptrans.fr\/agence-transport-international-marrakech\/\",\"name\":\"Agence Transport International Marrakech | +212(0)80 85 08129\",\"isPartOf\":{\"@id\":\"https:\/\/ptrans.fr\/#website\"},\"primaryImageOfPage\":{\"@id\":\"https:\/\/ptrans.fr\/agence-transport-international-marrakech\/#primaryimage\"},\"image\":{\"@id\":\"https:\/\/ptrans.fr\/agence-transport-international-marrakech\/#primaryimage\"},\"thumbnailUrl\":\"http:\/\/ptrans.fr\/wp-content\/uploads\/2023\/01\/agence-transport-international-marrakech-1024x635.png\",\"datePublished\":\"2023-01-02T07:05:25+00:00\",\"dateModified\":\"2023-01-05T00:49:07+00:00\",\"description\":\"Vous cherchez une agence de transport international \u00e0 Marrakech ? Ptrans est l\u00e0 pour vous servir. T\u00e9l: +212663232300 \/ s.p@ptrans.fr\",\"inLanguage\":\"ar\",\"potentialAction\":[{\"@type\":\"ReadAction\",\"target\":[\"https:\/\/ptrans.fr\/agence-transport-international-marrakech\/\"]}]},{\"@type\":\"ImageObject\",\"inLanguage\":\"ar\",\"@id\":\"https:\/\/ptrans.fr\/agence-transport-international-marrakech\/#primaryimage\",\"url\":\"http:\/\/ptrans.fr\/wp-content\/uploads\/2023\/01\/agence-transport-international-marrakech-1024x635.png\",\"contentUrl\":\"http:\/\/ptrans.fr\/wp-content\/uploads\/2023\/01\/agence-transport-international-marrakech-1024x635.png\"},{\"@type\":\"WebSite\",\"@id\":\"https:\/\/ptrans.fr\/#website\",\"url\":\"https:\/\/ptrans.fr\/\",\"name\":\"Ptrans Soci\u00e9t\u00e9 De Transport Et D\u00e9m\u00e9nagement International Maroc\",\"description\":\"Ptrans Votre Transporteur &amp; D\u00e9m\u00e9nageur Vers Le Maroc\",\"publisher\":{\"@id\":\"https:\/\/ptrans.fr\/#organization\"},\"alternateName\":\"Ptrans\",\"potentialAction\":[{\"@type\":\"SearchAction\",\"target\":{\"@type\":\"EntryPoint\",\"urlTemplate\":\"https:\/\/ptrans.fr\/?s={search_term_string}\"},\"query-input\":\"required name=search_term_string\"}],\"inLanguage\":\"ar\"},{\"@type\":\"Organization\",\"@id\":\"https:\/\/ptrans.fr\/#organization\",\"name\":\"Ptrans Soci\u00e9t\u00e9 De Transport Et D\u00e9m\u00e9nagements International Entre Le Maroc Et Le Reste Du Monde\",\"url\":\"https:\/\/ptrans.fr\/\",\"logo\":{\"@type\":\"ImageObject\",\"inLanguage\":\"ar\",\"@id\":\"https:\/\/ptrans.fr\/#\/schema\/logo\/image\/\",\"url\":\"http:\/\/ptrans.fr\/wp-content\/uploads\/2022\/08\/P.trans-logi_Plan-de-travail-1.png\",\"contentUrl\":\"http:\/\/ptrans.fr\/wp-content\/uploads\/2022\/08\/P.trans-logi_Plan-de-travail-1.png\",\"width\":2481,\"height\":1076,\"caption\":\"Ptrans Soci\u00e9t\u00e9 De Transport Et D\u00e9m\u00e9nagements International Entre Le Maroc Et Le Reste Du Monde\"},\"image\":{\"@id\":\"https:\/\/ptrans.fr\/#\/schema\/logo\/image\/\"},\"sameAs\":[\"https:\/\/www.facebook.com\/PlogisticsEurope\"]},{\"@type\":\"Person\",\"@id\":\"https:\/\/ptrans.fr\/#\/schema\/person\/3a50d5b251b4df119e3598a32b8ce67c\",\"name\":\"admin\",\"image\":{\"@type\":\"ImageObject\",\"inLanguage\":\"ar\",\"@id\":\"https:\/\/ptrans.fr\/#\/schema\/person\/image\/\",\"url\":\"https:\/\/secure.gravatar.com\/avatar\/f1ed11851bb8c89ef1f06d655ba0bd00?s=96&d=mm&r=g\",\"contentUrl\":\"https:\/\/secure.gravatar.com\/avatar\/f1ed11851bb8c89ef1f06d655ba0bd00?s=96&d=mm&r=g\",\"caption\":\"admin\"},\"url\":\"https:\/\/ptrans.fr\/ar\/author\/admin\/\"}]}<\/script>\n<!-- \/ Yoast SEO plugin. -->","yoast_head_json":{"title":"Agence Transport International Marrakech | +212(0)80 85 08129","description":"Vous cherchez une agence de transport international \u00e0 Marrakech ? Ptrans est l\u00e0 pour vous servir. T\u00e9l: +212663232300 \/ s.p@ptrans.fr","robots":{"index":"index","follow":"follow","max-snippet":"max-snippet:-1","max-image-preview":"max-image-preview:large","max-video-preview":"max-video-preview:-1"},"canonical":"https:\/\/ptrans.fr\/ar\/agence-transport-international-marrakech\/","og_locale":"ar_AR","og_type":"article","og_title":"Agence Transport International Marrakech - T\u00e9l : +212 663 23 23 00","og_description":"Vous cherchez une agence de transport international \u00e0 Marrakech ? Ptrans est l\u00e0 pour vous servir. T\u00e9l: +212663232300 \/ s.p@ptrans.fr","og_url":"https:\/\/ptrans.fr\/ar\/agence-transport-international-marrakech\/","og_site_name":"Ptrans Soci\u00e9t\u00e9 De Transport &amp; D\u00e9m\u00e9nagements International Entre Le Maroc Et Le Reste Du Monde","article_publisher":"https:\/\/www.facebook.com\/PlogisticsEurope","article_modified_time":"2023-01-05T00:49:07+00:00","og_image":[{"url":"http:\/\/ptrans.fr\/wp-content\/uploads\/2023\/01\/agence-transport-international-marrakech-1024x635.png"}],"twitter_misc":{"\u0648\u0642\u062a \u0627\u0644\u0642\u0631\u0627\u0621\u0629 \u0627\u0644\u0645\u064f\u0642\u062f\u0651\u0631":"3 \u062f\u0642\u0627\u0626\u0642"},"schema":{"@context":"https:\/\/schema.org","@graph":[{"@type":"Article","@id":"https:\/\/ptrans.fr\/agence-transport-international-marrakech\/#article","isPartOf":{"@id":"https:\/\/ptrans.fr\/agence-transport-international-marrakech\/"},"author":{"name":"admin","@id":"https:\/\/ptrans.fr\/#\/schema\/person\/3a50d5b251b4df119e3598a32b8ce67c"},"headline":"Agence Transport International Marrakech","datePublished":"2023-01-02T07:05:25+00:00","dateModified":"2023-01-05T00:49:07+00:00","mainEntityOfPage":{"@id":"https:\/\/ptrans.fr\/agence-transport-international-marrakech\/"},"wordCount":262,"publisher":{"@id":"https:\/\/ptrans.fr\/#organization"},"image":{"@id":"https:\/\/ptrans.fr\/agence-transport-international-marrakech\/#primaryimage"},"thumbnailUrl":"http:\/\/ptrans.fr\/wp-content\/uploads\/2023\/01\/agence-transport-international-marrakech-1024x635.png","inLanguage":"ar"},{"@type":"WebPage","@id":"https:\/\/ptrans.fr\/agence-transport-international-marrakech\/","url":"https:\/\/ptrans.fr\/agence-transport-international-marrakech\/","name":"Agence Transport International Marrakech | +212(0)80 85 08129","isPartOf":{"@id":"https:\/\/ptrans.fr\/#website"},"primaryImageOfPage":{"@id":"https:\/\/ptrans.fr\/agence-transport-international-marrakech\/#primaryimage"},"image":{"@id":"https:\/\/ptrans.fr\/agence-transport-international-marrakech\/#primaryimage"},"thumbnailUrl":"http:\/\/ptrans.fr\/wp-content\/uploads\/2023\/01\/agence-transport-international-marrakech-1024x635.png","datePublished":"2023-01-02T07:05:25+00:00","dateModified":"2023-01-05T00:49:07+00:00","description":"Vous cherchez une agence de transport international \u00e0 Marrakech ? Ptrans est l\u00e0 pour vous servir. T\u00e9l: +212663232300 \/ s.p@ptrans.fr","inLanguage":"ar","potentialAction":[{"@type":"ReadAction","target":["https:\/\/ptrans.fr\/agence-transport-international-marrakech\/"]}]},{"@type":"ImageObject","inLanguage":"ar","@id":"https:\/\/ptrans.fr\/agence-transport-international-marrakech\/#primaryimage","url":"http:\/\/ptrans.fr\/wp-content\/uploads\/2023\/01\/agence-transport-international-marrakech-1024x635.png","contentUrl":"http:\/\/ptrans.fr\/wp-content\/uploads\/2023\/01\/agence-transport-international-marrakech-1024x635.png"},{"@type":"WebSite","@id":"https:\/\/ptrans.fr\/#website","url":"https:\/\/ptrans.fr\/","name":"Ptrans Soci\u00e9t\u00e9 De Transport Et D\u00e9m\u00e9nagement International Maroc","description":"Ptrans Votre Transporteur &amp; D\u00e9m\u00e9nageur Vers Le Maroc","publisher":{"@id":"https:\/\/ptrans.fr\/#organization"},"alternateName":"Ptrans","potentialAction":[{"@type":"SearchAction","target":{"@type":"EntryPoint","urlTemplate":"https:\/\/ptrans.fr\/?s={search_term_string}"},"query-input":"required name=search_term_string"}],"inLanguage":"ar"},{"@type":"Organization","@id":"https:\/\/ptrans.fr\/#organization","name":"Ptrans Soci\u00e9t\u00e9 De Transport Et D\u00e9m\u00e9nagements International Entre Le Maroc Et Le Reste Du Monde","url":"https:\/\/ptrans.fr\/","logo":{"@type":"ImageObject","inLanguage":"ar","@id":"https:\/\/ptrans.fr\/#\/schema\/logo\/image\/","url":"http:\/\/ptrans.fr\/wp-content\/uploads\/2022\/08\/P.trans-logi_Plan-de-travail-1.png","contentUrl":"http:\/\/ptrans.fr\/wp-content\/uploads\/2022\/08\/P.trans-logi_Plan-de-travail-1.png","width":2481,"height":1076,"caption":"Ptrans Soci\u00e9t\u00e9 De Transport Et D\u00e9m\u00e9nagements International Entre Le Maroc Et Le Reste Du Monde"},"image":{"@id":"https:\/\/ptrans.fr\/#\/schema\/logo\/image\/"},"sameAs":["https:\/\/www.facebook.com\/PlogisticsEurope"]},{"@type":"Person","@id":"https:\/\/ptrans.fr\/#\/schema\/person\/3a50d5b251b4df119e3598a32b8ce67c","name":"admin","image":{"@type":"ImageObject","inLanguage":"ar","@id":"https:\/\/ptrans.fr\/#\/schema\/person\/image\/","url":"https:\/\/secure.gravatar.com\/avatar\/f1ed11851bb8c89ef1f06d655ba0bd00?s=96&d=mm&r=g","contentUrl":"https:\/\/secure.gravatar.com\/avatar\/f1ed11851bb8c89ef1f06d655ba0bd00?s=96&d=mm&r=g","caption":"admin"},"url":"https:\/\/ptrans.fr\/ar\/author\/admin\/"}]}},"jetpack_sharing_enabled":true,"jetpack_likes_enabled":true,"_links":{"self":[{"href":"https:\/\/ptrans.fr\/ar\/wp-json\/wp\/v2\/pages\/9922"}],"collection":[{"href":"https:\/\/ptrans.fr\/ar\/wp-json\/wp\/v2\/pages"}],"about":[{"href":"https:\/\/ptrans.fr\/ar\/wp-json\/wp\/v2\/types\/page"}],"author":[{"embeddable":true,"href":"https:\/\/ptrans.fr\/ar\/wp-json\/wp\/v2\/users\/1"}],"replies":[{"embeddable":true,"href":"https:\/\/ptrans.fr\/ar\/wp-json\/wp\/v2\/comments?post=9922"}],"version-history":[{"count":0,"href":"https:\/\/ptrans.fr\/ar\/wp-json\/wp\/v2\/pages\/9922\/revisions"}],"wp:attachment":[{"href":"https:\/\/ptrans.fr\/ar\/wp-json\/wp\/v2\/media?parent=9922"}],"curies":[{"name":"wp","href":"https:\/\/api.w.org\/{rel}","templated":true}]}}