{"id":7494,"date":"2022-08-06T11:02:15","date_gmt":"2022-08-06T10:02:15","guid":{"rendered":"http:\/\/ptrans.fr\/?page_id=7494"},"modified":"2022-12-27T12:23:48","modified_gmt":"2022-12-27T11:23:48","slug":"demenagement-france-maroc","status":"publish","type":"page","link":"https:\/\/ptrans.fr\/de\/maroc-demenagement\/demenagement-france-maroc\/","title":{"rendered":"<p>d&eacute;m&eacute;nagement france maroc<\/p>"},"content":{"rendered":"<style>\/*! elementor - v3.9.2 - 21-12-2022 *\/<br \/>\n.elementor-column .elementor-spacer-inner{height:var(--spacer-size)}.e-con{--container-widget-width:100%}.e-con-inner>.elementor-widget-spacer,.e-con>.elementor-widget-spacer{width:var(--container-widget-width,var(--spacer-size));--align-self:var(--container-widget-align-self,initial);--flex-shrink:0}.e-con-inner>.elementor-widget-spacer>.elementor-widget-container,.e-con-inner>.elementor-widget-spacer>.elementor-widget-container>.elementor-spacer,.e-con>.elementor-widget-spacer>.elementor-widget-container,.e-con>.elementor-widget-spacer>.elementor-widget-container>.elementor-spacer{height:100%}.e-con-inner>.elementor-widget-spacer>.elementor-widget-container>.elementor-spacer>.elementor-spacer-inner,.e-con>.elementor-widget-spacer>.elementor-widget-container>.elementor-spacer>.elementor-spacer-inner{height:var(--container-widget-height,var(--spacer-size))}<style>\/*! elementor - v3.9.2 - 21-12-2022 *\/<br \/>\n.elementor-heading-title{padding:0;margin:0;line-height:1}.elementor-widget-heading .elementor-heading-title[class*=elementor-size-]>a{color:inherit;font-size:inherit;line-height:inherit}.elementor-widget-heading .elementor-heading-title.elementor-size-small{font-size:15px}.elementor-widget-heading .elementor-heading-title.elementor-size-medium{font-size:19px}.elementor-widget-heading .elementor-heading-title.elementor-size-large{font-size:29px}.elementor-widget-heading .elementor-heading-title.elementor-size-xl{font-size:39px}.elementor-widget-heading .elementor-heading-title.elementor-size-xxl{font-size:59px}<\/style><h1>Ihr Umzug nach Frankreich und Marokko mit Ptrans-logistics!<\/h1><style>\/*! elementor - v3.9.2 - 21-12-2022 *\/<br \/>\n.elementor-widget-image{text-align:center}.elementor-widget-image a{display:inline-block}.elementor-widget-image a img[src$=\".svg\"]{width:48px}.elementor-widget-image img{vertical-align:middle;display:inline-block}<\/style><p>\t\t\t\t\t\t\t\t\t\t\t\t<img decoding=\"async\" width=\"1024\" height=\"635\" src=\"http:\/\/ptrans.fr\/wp-content\/uploads\/2022\/12\/demenagement-international-france-maroc-3-1024x635.png\" alt=\"d&eacute;m&eacute;nagement international france maroc 3\" loading=\"lazy\" srcset=\"https:\/\/ptrans.fr\/wp-content\/uploads\/2022\/12\/demenagement-international-france-maroc-3-1024x635.png 1024w, https:\/\/ptrans.fr\/wp-content\/uploads\/2022\/12\/demenagement-international-france-maroc-3-300x186.png 300w, https:\/\/ptrans.fr\/wp-content\/uploads\/2022\/12\/demenagement-international-france-maroc-3-768x476.png 768w, https:\/\/ptrans.fr\/wp-content\/uploads\/2022\/12\/demenagement-international-france-maroc-3-800x496.png 800w, https:\/\/ptrans.fr\/wp-content\/uploads\/2022\/12\/demenagement-international-france-maroc-3.png 1500w\" sizes=\"(max-width: 1024px) 100vw, 1024px\"><\/p><p>Suchen Sie nach einer kosteng\u00fcnstigen M\u00f6glichkeit, Ihre pers\u00f6nlichen Gegenst\u00e4nde zwischen Frankreich und Marokko zu transportieren? Dann sind Sie bei Ptrans-logistics genau richtig! Wir bieten tolle Tarife f\u00fcr den internationalen Umzug pers\u00f6nlicher Gegenst\u00e4nde und stellen so sicher, dass alle Ihre Gegenst\u00e4nde sicher transportiert werden. Unsere Dienstleistungen decken St\u00e4dte in beiden L\u00e4ndern ab \u2013 Paris, Marseille, Lyon, Toulouse, Nizza, Nantes, Montpellier, Stra\u00dfburg und Bordeaux in Frankreich; Ksar-el-Kebir, Sale, Beni-Mellal, Taza, Temara, Marrakesch, Fes Casablanca, Agadir, Tanger Ouarzazzate, Oujda Tetouan in Marokko.<\/p><p><a href=\"https:\/\/ptrans.fr\/de\/estimer-le-prix\/\" role=\"button\"><br>\nUnsere Online-Preise<br>\n<\/a><\/p><h2 style=\"text-align: center;\"><strong>Wie werden die Umzugspreise f\u00fcr Frankreich und Marokko berechnet?<\/strong><\/h2><p>Bei Ptrans-logistics m\u00f6chten wir sicherstellen, dass Sie bei Ihrem Umzug von Frankreich nach Marokko das beste Preis-Leistungs-Verh\u00e4ltnis erhalten. Deshalb werden unsere Umzugspreise auf der Grundlage verschiedener Faktoren wie der Gr\u00f6\u00dfe der Sendung und ihres Bestimmungsortes berechnet. Wenn Sie ein Angebot von uns anfordern, nennen wir Ihnen einen genauen Preis, der alle anfallenden Steuern und Geb\u00fchren enth\u00e4lt, sodass Sie sp\u00e4ter im Prozess keine \u00dcberraschungen erleben!<\/p><p><img decoding=\"async\" width=\"1024\" height=\"448\" src=\"http:\/\/ptrans.fr\/wp-content\/uploads\/2022\/12\/demenagement-maroc-france-1024x448.png\" alt=\"d&eacute;m&eacute;nagement maroc france\" loading=\"lazy\" srcset=\"https:\/\/ptrans.fr\/wp-content\/uploads\/2022\/12\/demenagement-maroc-france-1024x448.png 1024w, https:\/\/ptrans.fr\/wp-content\/uploads\/2022\/12\/demenagement-maroc-france-300x131.png 300w, https:\/\/ptrans.fr\/wp-content\/uploads\/2022\/12\/demenagement-maroc-france-768x336.png 768w, https:\/\/ptrans.fr\/wp-content\/uploads\/2022\/12\/demenagement-maroc-france-1536x672.png 1536w, https:\/\/ptrans.fr\/wp-content\/uploads\/2022\/12\/demenagement-maroc-france-800x350.png 800w, https:\/\/ptrans.fr\/wp-content\/uploads\/2022\/12\/demenagement-maroc-france.png 1600w\" sizes=\"(max-width: 1024px) 100vw, 1024px\"><\/p><p>Mit \u00fcber 10 Jahren Erfahrung in internationalen Umz\u00fcgen garantieren wir Qualit\u00e4tsservice zu unschlagbaren Preisen. Kontaktieren Sie uns noch heute, um herauszufinden, wie viel Sie mit Ptrans-Logistics sparen k\u00f6nnen!<\/p><p>Wir freuen uns darauf, Ihnen dabei zu helfen, Ihr Eigentum sicher und bequem zwischen Frankreich und Marokko zu transportieren. Kontaktieren Sie uns noch heute f\u00fcr ein kostenloses Angebot!<\/p><h2 style=\"text-align: center;\"><strong>St\u00e4dte in Marokko bedient<\/strong><\/h2><p>M\u00f6chten Sie Ihr Hab und Gut aus einer der W\u00fcstenst\u00e4dte Marokkos umziehen? Ptrans-Logistics bietet Dienstleistungen f\u00fcr alle gro\u00dfen St\u00e4dte des Landes an, darunter Ksar-el-Kebir, Sale, Beni-Mellal, Taza, Temara Marrakesch, Fes Casablanca, Agadir Tanger Ouarzazzate, Oujda Tetouan und mehr. Wir verf\u00fcgen \u00fcber eine Flotte von Spezialfahrzeugen, die Sendungen jeder Gr\u00f6\u00dfe bew\u00e4ltigen und eine sichere Lieferung an jeden Bestimmungsort gew\u00e4hrleisten k\u00f6nnen. Mit unseren wettbewerbsf\u00e4higen Preisen und unserem hervorragenden Kundenservice machen wir den Umzug Ihrer Artikel so problemlos wie m\u00f6glich!<\/p><p>Kontaktieren Sie uns noch heute, um ein kostenloses Angebot f\u00fcr Ihren internationalen Umzug zwischen Frankreich und Marokko zu erhalten<\/p><p><a href=\"https:\/\/ptrans.fr\/de\/estimer-le-prix\/\" role=\"button\"><br>\nUnsere Online-Preise<br>\n<\/a><\/p><h2 style=\"text-align: center;\"><strong>In Frankreich bediente St\u00e4dte<\/strong><\/h2><p>Ptrans-Logistics bietet au\u00dferdem Dienstleistungen f\u00fcr alle gro\u00dfen St\u00e4dte in Frankreich an, darunter Paris, Marseille, Lyon, Toulouse, Nizza, Nantes, Montpellier, Stra\u00dfburg und Bordeaux. Unser Team aus erfahrenen Fachleuten kann Ihren Umzug problemlos verwalten und sicherstellen, dass alles sicher in Ihr neues Zuhause oder B\u00fcro geliefert wird. Wir verstehen den Stress, der mit internationalen Umz\u00fcgen einhergeht, also gestalten Sie Ihren \u00dcbergang so reibungslos wie m\u00f6glich.<\/p><h2><strong>Welche anderen Ziele werden in Europa angeflogen?<\/strong><\/h2><p>Neben Frankreich und Marokko kann Ptrans-Logistics auch internationale Umz\u00fcge von und zu verschiedenen Zielen in Europa abwickeln. Wir bieten Dienstleistungen f\u00fcr alle gro\u00dfen St\u00e4dte in L\u00e4ndern wie Spanien, Italien, Deutschland, \u00d6sterreich, der Schweiz, Belgien, den Niederlanden und mehr an. Unser Team aus erfahrenen Fachleuten ist bestrebt, den bestm\u00f6glichen Service zu wettbewerbsf\u00e4higen Preisen zu bieten.<\/p><p>Kontaktieren Sie uns noch heute und starten Sie Ihren n\u00e4chsten Schritt mit Ptrans-Logistics! Wir freuen uns darauf, Ihnen beim sicheren Transport Ihrer Waren zwischen Europa und jedem anderen Ziel auf der Welt behilflich zu sein. Fordern Sie jetzt ein kostenloses Angebot an!<\/p><p><img decoding=\"async\" width=\"1024\" height=\"704\" src=\"http:\/\/ptrans.fr\/wp-content\/uploads\/2022\/12\/demenagement-europe-maroc-1024x704.png\" alt=\"d&eacute;m&eacute;nagement europe maroc\" loading=\"lazy\" srcset=\"https:\/\/ptrans.fr\/wp-content\/uploads\/2022\/12\/demenagement-europe-maroc-1024x704.png 1024w, https:\/\/ptrans.fr\/wp-content\/uploads\/2022\/12\/demenagement-europe-maroc-300x206.png 300w, https:\/\/ptrans.fr\/wp-content\/uploads\/2022\/12\/demenagement-europe-maroc-768x528.png 768w, https:\/\/ptrans.fr\/wp-content\/uploads\/2022\/12\/demenagement-europe-maroc-1536x1056.png 1536w, https:\/\/ptrans.fr\/wp-content\/uploads\/2022\/12\/demenagement-europe-maroc-800x550.png 800w, https:\/\/ptrans.fr\/wp-content\/uploads\/2022\/12\/demenagement-europe-maroc.png 1600w\" sizes=\"(max-width: 1024px) 100vw, 1024px\"><\/p><p>Vertrauen Sie Ptrans-Logistics, wenn es um den kosteng\u00fcnstigen Transport Ihrer pers\u00f6nlichen Gegenst\u00e4nde zwischen Frankreich und Marokko geht! Kontaktieren Sie uns noch heute f\u00fcr ein kostenloses Angebot und beginnen Sie Ihre n\u00e4chste Reise. Wir freuen uns darauf, Ihnen bei Ihrem Umzug ins Ausland behilflich zu sein!<\/p><h2 style=\"text-align: center;\"><strong>Wie lange ist die Lieferzeit?<\/strong><\/h2><p>Bei Ptrans-Logistics wissen wir, dass Zeit bei internationalen Umz\u00fcgen von entscheidender Bedeutung ist. Wir sind bestrebt, Ihre Waren unter Ber\u00fccksichtigung von Sicherheits- und Kostenaspekten so effizient wie m\u00f6glich zu liefern. Die Lieferzeit f\u00fcr Sendungen zwischen Frankreich und Marokko betr\u00e4gt in der Regel 7\u201314 Tage, abh\u00e4ngig von der Gr\u00f6\u00dfe der Sendung und anderen Faktoren. F\u00fcr weitere Informationen zu Lieferzeiten kontaktieren Sie uns noch heute und holen Sie sich ein kostenloses Angebot f\u00fcr Ihren Umzug! Unser professionelles Team steht Ihnen bei jedem Schritt zur Seite. Lassen Sie uns Ihren n\u00e4chsten Schritt einfach und stressfrei gestalten! Kontaktiere uns jetzt<\/p><h2><strong>Zollformalit\u00e4ten<\/strong><\/h2><p>Um Ihren internationalen Umzug so reibungslos und stressfrei wie m\u00f6glich zu gestalten, ist es wichtig, die Zollformalit\u00e4ten jedes Landes zu verstehen. Bei Ptrans-Logistics bieten wir Ihnen w\u00e4hrend des gesamten Prozesses umfassende Unterst\u00fctzung und sind f\u00fcr Sie da, um alle Ihre Fragen zu beantworten. Auch bei Verwaltungsformalit\u00e4ten wie Zollanmeldungen k\u00f6nnen wir Ihnen behilflich sein.<\/p><p><img decoding=\"async\" width=\"1024\" height=\"704\" src=\"http:\/\/ptrans.fr\/wp-content\/uploads\/2022\/12\/formaliees-douane-demenagement-france-maroc-1024x704.png\" alt=\"formali&eacute;es douane d&eacute;m&eacute;nagement france maroc\" loading=\"lazy\" srcset=\"https:\/\/ptrans.fr\/wp-content\/uploads\/2022\/12\/formaliees-douane-demenagement-france-maroc-1024x704.png 1024w, https:\/\/ptrans.fr\/wp-content\/uploads\/2022\/12\/formaliees-douane-demenagement-france-maroc-300x206.png 300w, https:\/\/ptrans.fr\/wp-content\/uploads\/2022\/12\/formaliees-douane-demenagement-france-maroc-768x528.png 768w, https:\/\/ptrans.fr\/wp-content\/uploads\/2022\/12\/formaliees-douane-demenagement-france-maroc-1536x1056.png 1536w, https:\/\/ptrans.fr\/wp-content\/uploads\/2022\/12\/formaliees-douane-demenagement-france-maroc-800x550.png 800w, https:\/\/ptrans.fr\/wp-content\/uploads\/2022\/12\/formaliees-douane-demenagement-france-maroc.png 1600w\" sizes=\"(max-width: 1024px) 100vw, 1024px\"><\/p><p><b>welche Unterlagen Sie f\u00fcr Ihren Umzug ben\u00f6tigen<\/b><\/p><p>Um einen Umzug im Einklang mit den \u00f6rtlichen Gesetzen und Vorschriften sicherzustellen, ist es wichtig, alle erforderlichen Dokumente bereitzustellen. Um beispielsweise von Frankreich nach Marokko zu ziehen, ben\u00f6tigen Sie einen Reisepass oder einen franz\u00f6sischen Personalausweis. Dar\u00fcber hinaus werden Sie m\u00f6glicherweise aufgefordert, eine Inventarliste und einen Wohnsitznachweis einzureichen. Weitere Informationen zu den f\u00fcr Ihren Umzug erforderlichen Unterlagen erhalten Sie gerne von unserem Team. Kontaktiere uns heute!<\/p><p>Wenn Sie Hilfe beim Umzug zwischen Frankreich und Marokko ben\u00f6tigen, z\u00f6gern Sie nicht, uns zu kontaktieren. Wir helfen Ihnen gerne weiter<\/p><link rel=\"stylesheet\" href=\"https:\/\/ptrans.fr\/wp-content\/plugins\/elementor-pro\/assets\/css\/widget-call-to-action.min.css\"><h2>Unsere Online-Preise<\/h2><p>Informieren Sie sich direkt online \u00fcber unsere Transportpreise.<br>\n<a href=\"https:\/\/ptrans.fr\/de\/estimer-le-prix\/\"><br>\nPreissimulator\t\t\t\t\t<\/a><\/p><h3><strong>Abschluss :<\/strong><\/h3><p>Bei Ptrans-Logistics sind wir bestrebt, Ihren internationalen Umzug einfach und stressfrei zu gestalten. Unser Team aus erfahrenen Fachleuten kann Ihnen den bestm\u00f6glichen Service zu wettbewerbsf\u00e4higen Preisen bieten. Kontaktieren Sie uns noch heute und erhalten Sie ein kostenloses Angebot f\u00fcr Ihren Umzug! Wir freuen uns darauf, Ihnen dabei zu helfen, sicher zwischen Frankreich und Marokko oder einem anderen Ziel auf der Welt zu reisen. Fordern Sie jetzt ein Angebot an und beginnen Sie mit dem Packen! Wir helfen Ihnen dabei, Ihren n\u00e4chsten Schritt einfach und problemlos zu gestalten.<\/p><\/style>","protected":false},"excerpt":{"rendered":"<p>Votre D&eacute;m&eacute;nagement France Maroc Avec Ptrans-logistics ! Vous cherchez un moyen &eacute;conomique de d&eacute;m&eacute;nager vos [&hellip;]<\/p>","protected":false},"author":1,"featured_media":0,"parent":7836,"menu_order":0,"comment_status":"closed","ping_status":"closed","template":"","meta":{"footnotes":""},"yoast_head":"<!-- This site is optimized with the Yoast SEO plugin v22.8 - https:\/\/yoast.com\/wordpress\/plugins\/seo\/ -->\n<title>D\u00e9m\u00e9nagement France Maroc | T\u00e9l : +212 663 23 23 00<\/title>\n<meta name=\"description\" content=\"Vous souhaitez r\u00e9aliser un d\u00e9m\u00e9nagement France Maroc, Ptrans propose offres \u00e9conomique d\u00e9m\u00e9nagement France Maroc\" \/>\n<meta name=\"robots\" content=\"index, follow, max-snippet:-1, max-image-preview:large, max-video-preview:-1\" \/>\n<link rel=\"canonical\" href=\"https:\/\/ptrans.fr\/de\/maroc-demenagement\/demenagement-france-maroc\/\" \/>\n<meta property=\"og:locale\" content=\"de_DE\" \/>\n<meta property=\"og:type\" content=\"article\" \/>\n<meta property=\"og:title\" content=\"Ptrans Soci\u00e9t\u00e9 De Transport &amp; D\u00e9m\u00e9nagements International Entre Le Maroc Et Le Reste Du Monde\" \/>\n<meta property=\"og:description\" content=\"Ptrans Soci\u00e9t\u00e9 De Transport &amp; D\u00e9m\u00e9nagements International Entre Le Maroc Et Le Reste Du Monde\" \/>\n<meta property=\"og:url\" content=\"https:\/\/ptrans.fr\/de\/maroc-demenagement\/demenagement-france-maroc\/\" \/>\n<meta property=\"og:site_name\" content=\"Ptrans Soci\u00e9t\u00e9 De Transport &amp; D\u00e9m\u00e9nagements International Entre Le Maroc Et Le Reste Du Monde\" \/>\n<meta property=\"article:publisher\" content=\"https:\/\/www.facebook.com\/PlogisticsEurope\" \/>\n<meta property=\"article:modified_time\" content=\"2022-12-27T11:23:48+00:00\" \/>\n<meta property=\"og:image\" content=\"http:\/\/ptrans.fr\/wp-content\/uploads\/2022\/12\/demenagement-international-france-maroc-3-1024x635.png\" \/>\n<meta name=\"twitter:label1\" content=\"Gesch\u00e4tzte Lesezeit\" \/>\n\t<meta name=\"twitter:data1\" content=\"6\u00a0Minuten\" \/>\n<script type=\"application\/ld+json\" class=\"yoast-schema-graph\">{\"@context\":\"https:\/\/schema.org\",\"@graph\":[{\"@type\":[\"Article\",\"BlogPosting\"],\"@id\":\"https:\/\/ptrans.fr\/maroc-demenagement\/demenagement-france-maroc\/#article\",\"isPartOf\":{\"@id\":\"https:\/\/ptrans.fr\/maroc-demenagement\/demenagement-france-maroc\/\"},\"author\":{\"name\":\"admin\",\"@id\":\"https:\/\/ptrans.fr\/#\/schema\/person\/3a50d5b251b4df119e3598a32b8ce67c\"},\"headline\":\"d\u00e9m\u00e9nagement france maroc\",\"datePublished\":\"2022-08-06T10:02:15+00:00\",\"dateModified\":\"2022-12-27T11:23:48+00:00\",\"mainEntityOfPage\":{\"@id\":\"https:\/\/ptrans.fr\/maroc-demenagement\/demenagement-france-maroc\/\"},\"wordCount\":1084,\"publisher\":{\"@id\":\"https:\/\/ptrans.fr\/#organization\"},\"image\":{\"@id\":\"https:\/\/ptrans.fr\/maroc-demenagement\/demenagement-france-maroc\/#primaryimage\"},\"thumbnailUrl\":\"http:\/\/ptrans.fr\/wp-content\/uploads\/2022\/12\/demenagement-international-france-maroc-3-1024x635.png\",\"inLanguage\":\"de\"},{\"@type\":[\"WebPage\",\"AboutPage\"],\"@id\":\"https:\/\/ptrans.fr\/maroc-demenagement\/demenagement-france-maroc\/\",\"url\":\"https:\/\/ptrans.fr\/maroc-demenagement\/demenagement-france-maroc\/\",\"name\":\"D\u00e9m\u00e9nagement France Maroc | T\u00e9l : +212 663 23 23 00\",\"isPartOf\":{\"@id\":\"https:\/\/ptrans.fr\/#website\"},\"primaryImageOfPage\":{\"@id\":\"https:\/\/ptrans.fr\/maroc-demenagement\/demenagement-france-maroc\/#primaryimage\"},\"image\":{\"@id\":\"https:\/\/ptrans.fr\/maroc-demenagement\/demenagement-france-maroc\/#primaryimage\"},\"thumbnailUrl\":\"http:\/\/ptrans.fr\/wp-content\/uploads\/2022\/12\/demenagement-international-france-maroc-3-1024x635.png\",\"datePublished\":\"2022-08-06T10:02:15+00:00\",\"dateModified\":\"2022-12-27T11:23:48+00:00\",\"description\":\"Vous souhaitez r\u00e9aliser un d\u00e9m\u00e9nagement France Maroc, Ptrans propose offres \u00e9conomique d\u00e9m\u00e9nagement France Maroc\",\"breadcrumb\":{\"@id\":\"https:\/\/ptrans.fr\/maroc-demenagement\/demenagement-france-maroc\/#breadcrumb\"},\"inLanguage\":\"de\",\"potentialAction\":[{\"@type\":\"ReadAction\",\"target\":[\"https:\/\/ptrans.fr\/maroc-demenagement\/demenagement-france-maroc\/\"]}]},{\"@type\":\"ImageObject\",\"inLanguage\":\"de\",\"@id\":\"https:\/\/ptrans.fr\/maroc-demenagement\/demenagement-france-maroc\/#primaryimage\",\"url\":\"http:\/\/ptrans.fr\/wp-content\/uploads\/2022\/12\/demenagement-international-france-maroc-3-1024x635.png\",\"contentUrl\":\"http:\/\/ptrans.fr\/wp-content\/uploads\/2022\/12\/demenagement-international-france-maroc-3-1024x635.png\"},{\"@type\":\"BreadcrumbList\",\"@id\":\"https:\/\/ptrans.fr\/maroc-demenagement\/demenagement-france-maroc\/#breadcrumb\",\"itemListElement\":[{\"@type\":\"ListItem\",\"position\":1,\"name\":\"maroc d\u00e9m\u00e9nagement\",\"item\":\"https:\/\/ptrans.fr\/maroc-demenagement\/\"},{\"@type\":\"ListItem\",\"position\":2,\"name\":\"d\u00e9m\u00e9nagement france maroc\"}]},{\"@type\":\"WebSite\",\"@id\":\"https:\/\/ptrans.fr\/#website\",\"url\":\"https:\/\/ptrans.fr\/\",\"name\":\"Ptrans Soci\u00e9t\u00e9 De Transport Et D\u00e9m\u00e9nagement International Maroc\",\"description\":\"Ptrans Votre Transporteur &amp; D\u00e9m\u00e9nageur Vers Le Maroc\",\"publisher\":{\"@id\":\"https:\/\/ptrans.fr\/#organization\"},\"alternateName\":\"Ptrans\",\"potentialAction\":[{\"@type\":\"SearchAction\",\"target\":{\"@type\":\"EntryPoint\",\"urlTemplate\":\"https:\/\/ptrans.fr\/?s={search_term_string}\"},\"query-input\":\"required name=search_term_string\"}],\"inLanguage\":\"de\"},{\"@type\":\"Organization\",\"@id\":\"https:\/\/ptrans.fr\/#organization\",\"name\":\"Ptrans Soci\u00e9t\u00e9 De Transport Et D\u00e9m\u00e9nagements International Entre Le Maroc Et Le Reste Du Monde\",\"url\":\"https:\/\/ptrans.fr\/\",\"logo\":{\"@type\":\"ImageObject\",\"inLanguage\":\"de\",\"@id\":\"https:\/\/ptrans.fr\/#\/schema\/logo\/image\/\",\"url\":\"http:\/\/ptrans.fr\/wp-content\/uploads\/2022\/08\/P.trans-logi_Plan-de-travail-1.png\",\"contentUrl\":\"http:\/\/ptrans.fr\/wp-content\/uploads\/2022\/08\/P.trans-logi_Plan-de-travail-1.png\",\"width\":2481,\"height\":1076,\"caption\":\"Ptrans Soci\u00e9t\u00e9 De Transport Et D\u00e9m\u00e9nagements International Entre Le Maroc Et Le Reste Du Monde\"},\"image\":{\"@id\":\"https:\/\/ptrans.fr\/#\/schema\/logo\/image\/\"},\"sameAs\":[\"https:\/\/www.facebook.com\/PlogisticsEurope\"]},{\"@type\":\"Person\",\"@id\":\"https:\/\/ptrans.fr\/#\/schema\/person\/3a50d5b251b4df119e3598a32b8ce67c\",\"name\":\"admin\",\"image\":{\"@type\":\"ImageObject\",\"inLanguage\":\"de\",\"@id\":\"https:\/\/ptrans.fr\/#\/schema\/person\/image\/\",\"url\":\"https:\/\/secure.gravatar.com\/avatar\/f1ed11851bb8c89ef1f06d655ba0bd00?s=96&d=mm&r=g\",\"contentUrl\":\"https:\/\/secure.gravatar.com\/avatar\/f1ed11851bb8c89ef1f06d655ba0bd00?s=96&d=mm&r=g\",\"caption\":\"admin\"},\"url\":\"https:\/\/ptrans.fr\/de\/author\/admin\/\"}]}<\/script>\n<!-- \/ Yoast SEO plugin. -->","yoast_head_json":{"title":"D\u00e9m\u00e9nagement France Maroc | T\u00e9l : +212 663 23 23 00","description":"Vous souhaitez r\u00e9aliser un d\u00e9m\u00e9nagement France Maroc, Ptrans propose offres \u00e9conomique d\u00e9m\u00e9nagement France Maroc","robots":{"index":"index","follow":"follow","max-snippet":"max-snippet:-1","max-image-preview":"max-image-preview:large","max-video-preview":"max-video-preview:-1"},"canonical":"https:\/\/ptrans.fr\/de\/maroc-demenagement\/demenagement-france-maroc\/","og_locale":"de_DE","og_type":"article","og_title":"Ptrans Soci\u00e9t\u00e9 De Transport &amp; D\u00e9m\u00e9nagements International Entre Le Maroc Et Le Reste Du Monde","og_description":"Ptrans Soci\u00e9t\u00e9 De Transport &amp; D\u00e9m\u00e9nagements International Entre Le Maroc Et Le Reste Du Monde","og_url":"https:\/\/ptrans.fr\/de\/maroc-demenagement\/demenagement-france-maroc\/","og_site_name":"Ptrans Soci\u00e9t\u00e9 De Transport &amp; D\u00e9m\u00e9nagements International Entre Le Maroc Et Le Reste Du Monde","article_publisher":"https:\/\/www.facebook.com\/PlogisticsEurope","article_modified_time":"2022-12-27T11:23:48+00:00","og_image":[{"url":"http:\/\/ptrans.fr\/wp-content\/uploads\/2022\/12\/demenagement-international-france-maroc-3-1024x635.png"}],"twitter_misc":{"Gesch\u00e4tzte Lesezeit":"6\u00a0Minuten"},"schema":{"@context":"https:\/\/schema.org","@graph":[{"@type":["Article","BlogPosting"],"@id":"https:\/\/ptrans.fr\/maroc-demenagement\/demenagement-france-maroc\/#article","isPartOf":{"@id":"https:\/\/ptrans.fr\/maroc-demenagement\/demenagement-france-maroc\/"},"author":{"name":"admin","@id":"https:\/\/ptrans.fr\/#\/schema\/person\/3a50d5b251b4df119e3598a32b8ce67c"},"headline":"d\u00e9m\u00e9nagement france maroc","datePublished":"2022-08-06T10:02:15+00:00","dateModified":"2022-12-27T11:23:48+00:00","mainEntityOfPage":{"@id":"https:\/\/ptrans.fr\/maroc-demenagement\/demenagement-france-maroc\/"},"wordCount":1084,"publisher":{"@id":"https:\/\/ptrans.fr\/#organization"},"image":{"@id":"https:\/\/ptrans.fr\/maroc-demenagement\/demenagement-france-maroc\/#primaryimage"},"thumbnailUrl":"http:\/\/ptrans.fr\/wp-content\/uploads\/2022\/12\/demenagement-international-france-maroc-3-1024x635.png","inLanguage":"de"},{"@type":["WebPage","AboutPage"],"@id":"https:\/\/ptrans.fr\/maroc-demenagement\/demenagement-france-maroc\/","url":"https:\/\/ptrans.fr\/maroc-demenagement\/demenagement-france-maroc\/","name":"D\u00e9m\u00e9nagement France Maroc | T\u00e9l : +212 663 23 23 00","isPartOf":{"@id":"https:\/\/ptrans.fr\/#website"},"primaryImageOfPage":{"@id":"https:\/\/ptrans.fr\/maroc-demenagement\/demenagement-france-maroc\/#primaryimage"},"image":{"@id":"https:\/\/ptrans.fr\/maroc-demenagement\/demenagement-france-maroc\/#primaryimage"},"thumbnailUrl":"http:\/\/ptrans.fr\/wp-content\/uploads\/2022\/12\/demenagement-international-france-maroc-3-1024x635.png","datePublished":"2022-08-06T10:02:15+00:00","dateModified":"2022-12-27T11:23:48+00:00","description":"Vous souhaitez r\u00e9aliser un d\u00e9m\u00e9nagement France Maroc, Ptrans propose offres \u00e9conomique d\u00e9m\u00e9nagement France Maroc","breadcrumb":{"@id":"https:\/\/ptrans.fr\/maroc-demenagement\/demenagement-france-maroc\/#breadcrumb"},"inLanguage":"de","potentialAction":[{"@type":"ReadAction","target":["https:\/\/ptrans.fr\/maroc-demenagement\/demenagement-france-maroc\/"]}]},{"@type":"ImageObject","inLanguage":"de","@id":"https:\/\/ptrans.fr\/maroc-demenagement\/demenagement-france-maroc\/#primaryimage","url":"http:\/\/ptrans.fr\/wp-content\/uploads\/2022\/12\/demenagement-international-france-maroc-3-1024x635.png","contentUrl":"http:\/\/ptrans.fr\/wp-content\/uploads\/2022\/12\/demenagement-international-france-maroc-3-1024x635.png"},{"@type":"BreadcrumbList","@id":"https:\/\/ptrans.fr\/maroc-demenagement\/demenagement-france-maroc\/#breadcrumb","itemListElement":[{"@type":"ListItem","position":1,"name":"maroc d\u00e9m\u00e9nagement","item":"https:\/\/ptrans.fr\/maroc-demenagement\/"},{"@type":"ListItem","position":2,"name":"d\u00e9m\u00e9nagement france maroc"}]},{"@type":"WebSite","@id":"https:\/\/ptrans.fr\/#website","url":"https:\/\/ptrans.fr\/","name":"Ptrans Soci\u00e9t\u00e9 De Transport Et D\u00e9m\u00e9nagement International Maroc","description":"Ptrans Votre Transporteur &amp; D\u00e9m\u00e9nageur Vers Le Maroc","publisher":{"@id":"https:\/\/ptrans.fr\/#organization"},"alternateName":"Ptrans","potentialAction":[{"@type":"SearchAction","target":{"@type":"EntryPoint","urlTemplate":"https:\/\/ptrans.fr\/?s={search_term_string}"},"query-input":"required name=search_term_string"}],"inLanguage":"de"},{"@type":"Organization","@id":"https:\/\/ptrans.fr\/#organization","name":"Ptrans Soci\u00e9t\u00e9 De Transport Et D\u00e9m\u00e9nagements International Entre Le Maroc Et Le Reste Du Monde","url":"https:\/\/ptrans.fr\/","logo":{"@type":"ImageObject","inLanguage":"de","@id":"https:\/\/ptrans.fr\/#\/schema\/logo\/image\/","url":"http:\/\/ptrans.fr\/wp-content\/uploads\/2022\/08\/P.trans-logi_Plan-de-travail-1.png","contentUrl":"http:\/\/ptrans.fr\/wp-content\/uploads\/2022\/08\/P.trans-logi_Plan-de-travail-1.png","width":2481,"height":1076,"caption":"Ptrans Soci\u00e9t\u00e9 De Transport Et D\u00e9m\u00e9nagements International Entre Le Maroc Et Le Reste Du Monde"},"image":{"@id":"https:\/\/ptrans.fr\/#\/schema\/logo\/image\/"},"sameAs":["https:\/\/www.facebook.com\/PlogisticsEurope"]},{"@type":"Person","@id":"https:\/\/ptrans.fr\/#\/schema\/person\/3a50d5b251b4df119e3598a32b8ce67c","name":"admin","image":{"@type":"ImageObject","inLanguage":"de","@id":"https:\/\/ptrans.fr\/#\/schema\/person\/image\/","url":"https:\/\/secure.gravatar.com\/avatar\/f1ed11851bb8c89ef1f06d655ba0bd00?s=96&d=mm&r=g","contentUrl":"https:\/\/secure.gravatar.com\/avatar\/f1ed11851bb8c89ef1f06d655ba0bd00?s=96&d=mm&r=g","caption":"admin"},"url":"https:\/\/ptrans.fr\/de\/author\/admin\/"}]}},"jetpack_sharing_enabled":true,"jetpack_likes_enabled":true,"_links":{"self":[{"href":"https:\/\/ptrans.fr\/de\/wp-json\/wp\/v2\/pages\/7494"}],"collection":[{"href":"https:\/\/ptrans.fr\/de\/wp-json\/wp\/v2\/pages"}],"about":[{"href":"https:\/\/ptrans.fr\/de\/wp-json\/wp\/v2\/types\/page"}],"author":[{"embeddable":true,"href":"https:\/\/ptrans.fr\/de\/wp-json\/wp\/v2\/users\/1"}],"replies":[{"embeddable":true,"href":"https:\/\/ptrans.fr\/de\/wp-json\/wp\/v2\/comments?post=7494"}],"version-history":[{"count":1,"href":"https:\/\/ptrans.fr\/de\/wp-json\/wp\/v2\/pages\/7494\/revisions"}],"predecessor-version":[{"id":14812,"href":"https:\/\/ptrans.fr\/de\/wp-json\/wp\/v2\/pages\/7494\/revisions\/14812"}],"up":[{"embeddable":true,"href":"https:\/\/ptrans.fr\/de\/wp-json\/wp\/v2\/pages\/7836"}],"wp:attachment":[{"href":"https:\/\/ptrans.fr\/de\/wp-json\/wp\/v2\/media?parent=7494"}],"curies":[{"name":"wp","href":"https:\/\/api.w.org\/{rel}","templated":true}]}}