{"id":9922,"date":"2023-01-02T08:05:25","date_gmt":"2023-01-02T07:05:25","guid":{"rendered":"https:\/\/ptrans.fr\/?page_id=9922"},"modified":"2023-01-05T01:49:07","modified_gmt":"2023-01-05T00:49:07","slug":"agence-transport-international-marrakech","status":"publish","type":"page","link":"https:\/\/ptrans.fr\/de\/agence-transport-international-marrakech\/","title":{"rendered":"<p>Agence Transport International Marrakech<\/p>"},"content":{"rendered":"<h2>Agence Transport International Marrakech<p><img decoding=\"async\" width=\"1024\" height=\"635\" src=\"http:\/\/ptrans.fr\/wp-content\/uploads\/2023\/01\/agence-transport-international-marrakech-1024x635.png\" alt=\"agence transport international marrakech\" loading=\"lazy\" srcset=\"https:\/\/ptrans.fr\/wp-content\/uploads\/2023\/01\/agence-transport-international-marrakech-1024x635.png 1024w, https:\/\/ptrans.fr\/wp-content\/uploads\/2023\/01\/agence-transport-international-marrakech-300x186.png 300w, https:\/\/ptrans.fr\/wp-content\/uploads\/2023\/01\/agence-transport-international-marrakech-768x476.png 768w, https:\/\/ptrans.fr\/wp-content\/uploads\/2023\/01\/agence-transport-international-marrakech-800x496.png 800w, https:\/\/ptrans.fr\/wp-content\/uploads\/2023\/01\/agence-transport-international-marrakech.png 1500w\" sizes=\"(max-width: 1024px) 100vw, 1024px\"><\/p><p>Vous cherchez &agrave; exp&eacute;dier des colis, des marchandises et des objets d&rsquo;artisanat depuis Marrakech ? Ptrans est l&rsquo;agence de transport international &agrave; laquelle vous pouvez faire confiance pour vos besoins. Nous fournissons des services d&rsquo;exp&eacute;dition internationale aux entreprises et aux particuliers &agrave; Marrakech et dans les environs. Notre &eacute;quipe de professionnels exp&eacute;riment&eacute;s s&rsquo;efforce de fournir des solutions de transport international de haute qualit&eacute;, adapt&eacute;es &agrave; tous les budgets.<\/p><p><a href=\"https:\/\/ptrans.fr\/de\/estimer-le-prix\/\" role=\"button\"><br>\nUnsere Online-Preise<br>\n<\/a><\/p><h2><strong>Nos destinations depuis agence de Marrakech<\/strong><\/h2><p>Comprennent des villes internationales, des zones rurales et des destinations &agrave; l&rsquo;int&eacute;rieur du pays. Nous proposons la livraison de vos marchandises de porte &agrave; porte. Que vous envoyiez des marchandises en Asie, en Europe ou en Am&eacute;rique, nous vous garantissons que votre colis sera livr&eacute; en toute s&eacute;curit&eacute; et &agrave; temps.<\/p><p>Les services de porte &agrave; entrep&ocirc;t et d&rsquo;entrep&ocirc;t &agrave; entrep&ocirc;t. Ptrans Marrakech garantit l&rsquo;arriv&eacute;e s&ucirc;re et ponctuelle de vos colis et marchandises.<\/p><p><img decoding=\"async\" width=\"1024\" height=\"704\" src=\"http:\/\/ptrans.fr\/wp-content\/uploads\/2023\/01\/agence-transport-international-marrakech-maroc-1024x704.png\" alt=\"agence transport international marrakech\" loading=\"lazy\" srcset=\"https:\/\/ptrans.fr\/wp-content\/uploads\/2023\/01\/agence-transport-international-marrakech-maroc-1024x704.png 1024w, https:\/\/ptrans.fr\/wp-content\/uploads\/2023\/01\/agence-transport-international-marrakech-maroc-300x206.png 300w, https:\/\/ptrans.fr\/wp-content\/uploads\/2023\/01\/agence-transport-international-marrakech-maroc-768x528.png 768w, https:\/\/ptrans.fr\/wp-content\/uploads\/2023\/01\/agence-transport-international-marrakech-maroc-1536x1056.png 1536w, https:\/\/ptrans.fr\/wp-content\/uploads\/2023\/01\/agence-transport-international-marrakech-maroc-800x550.png 800w, https:\/\/ptrans.fr\/wp-content\/uploads\/2023\/01\/agence-transport-international-marrakech-maroc.png 1600w\" sizes=\"(max-width: 1024px) 100vw, 1024px\"><\/p><h2><b>Tarifs agence transport international de Marrakech<\/b><\/h2><p>Notre service de livraison de colis internationaux offre des tarifs comp&eacute;titifs sur toutes les routes d&rsquo;exp&eacute;dition internationales. Notre syst&egrave;me de suivi vous permet de surveiller la progression de vos envois en ligne depuis n&rsquo;importe quel endroit. Vous pouvez &eacute;galement ajouter une vari&eacute;t&eacute; de services &agrave; valeur ajout&eacute;e tels que l&rsquo;assurance ou le d&eacute;douanement pour une tranquillit&eacute; d&rsquo;esprit suppl&eacute;mentaire.<\/p><h2>Liens Utiles<\/h2><p><a href=\"http:\/\/www.douane.gov.ma\/\"><br>\n<img decoding=\"async\" width=\"300\" height=\"137\" src=\"http:\/\/ptrans.fr\/wp-content\/uploads\/2023\/01\/agence-transport-international-marrakech-maroc-douane-300x137.png\" alt=\"\" loading=\"lazy\" srcset=\"https:\/\/ptrans.fr\/wp-content\/uploads\/2023\/01\/agence-transport-international-marrakech-maroc-douane-300x137.png 300w, https:\/\/ptrans.fr\/wp-content\/uploads\/2023\/01\/agence-transport-international-marrakech-maroc-douane.png 616w\" sizes=\"(max-width: 300px) 100vw, 300px\">\t\t\t\t\t\t\t\t<\/a><br>\n<a href=\"https:\/\/www.bureauveritas.ma\/fr\"><br>\n<img decoding=\"async\" width=\"243\" height=\"300\" src=\"http:\/\/ptrans.fr\/wp-content\/uploads\/2023\/01\/agence-transport-international-marrakech-maroc-conformitee-243x300.png\" alt=\"agence transport international marrakech maroc conformit&eacute;e\" loading=\"lazy\" srcset=\"https:\/\/ptrans.fr\/wp-content\/uploads\/2023\/01\/agence-transport-international-marrakech-maroc-conformitee-243x300.png 243w, https:\/\/ptrans.fr\/wp-content\/uploads\/2023\/01\/agence-transport-international-marrakech-maroc-conformitee-828x1024.png 828w, https:\/\/ptrans.fr\/wp-content\/uploads\/2023\/01\/agence-transport-international-marrakech-maroc-conformitee-768x950.png 768w, https:\/\/ptrans.fr\/wp-content\/uploads\/2023\/01\/agence-transport-international-marrakech-maroc-conformitee-1242x1536.png 1242w, https:\/\/ptrans.fr\/wp-content\/uploads\/2023\/01\/agence-transport-international-marrakech-maroc-conformitee-800x989.png 800w, https:\/\/ptrans.fr\/wp-content\/uploads\/2023\/01\/agence-transport-international-marrakech-maroc-conformitee.png 1390w\" sizes=\"(max-width: 243px) 100vw, 243px\">\t\t\t\t\t\t\t\t<\/a><\/p><p>Chez Ptrans, agence de transport international Marrakech, notre mission est de veiller &agrave; ce que tous nos clients re&ccedil;oivent leurs colis en parfaite condition.<\/p><p><a href=\"https:\/\/ptrans.fr\/de\/estimer-le-prix\/\" role=\"button\"><br>\nUnsere Online-Preise<br>\n<\/a><\/p><\/h2>","protected":false},"excerpt":{"rendered":"<p>Agence Transport International Marrakech Vous cherchez &agrave; exp&eacute;dier des colis, des marchandises et des objets [&hellip;]<\/p>","protected":false},"author":1,"featured_media":0,"parent":0,"menu_order":0,"comment_status":"closed","ping_status":"closed","template":"","meta":{"footnotes":""},"yoast_head":"<!-- This site is optimized with the Yoast SEO plugin v22.8 - https:\/\/yoast.com\/wordpress\/plugins\/seo\/ -->\n<title>Agence Transport International Marrakech | +212(0)80 85 08129<\/title>\n<meta name=\"description\" content=\"Vous cherchez une agence de transport international \u00e0 Marrakech ? Ptrans est l\u00e0 pour vous servir. T\u00e9l: +212663232300 \/ s.p@ptrans.fr\" \/>\n<meta name=\"robots\" content=\"index, follow, max-snippet:-1, max-image-preview:large, max-video-preview:-1\" \/>\n<link rel=\"canonical\" href=\"https:\/\/ptrans.fr\/de\/agence-transport-international-marrakech\/\" \/>\n<meta property=\"og:locale\" content=\"de_DE\" \/>\n<meta property=\"og:type\" content=\"article\" \/>\n<meta property=\"og:title\" content=\"Agence Transport International Marrakech - T\u00e9l : +212 663 23 23 00\" \/>\n<meta property=\"og:description\" content=\"Vous cherchez une agence de transport international \u00e0 Marrakech ? Ptrans est l\u00e0 pour vous servir. T\u00e9l: +212663232300 \/ s.p@ptrans.fr\" \/>\n<meta property=\"og:url\" content=\"https:\/\/ptrans.fr\/de\/agence-transport-international-marrakech\/\" \/>\n<meta property=\"og:site_name\" content=\"Ptrans Soci\u00e9t\u00e9 De Transport &amp; D\u00e9m\u00e9nagements International Entre Le Maroc Et Le Reste Du Monde\" \/>\n<meta property=\"article:publisher\" content=\"https:\/\/www.facebook.com\/PlogisticsEurope\" \/>\n<meta property=\"article:modified_time\" content=\"2023-01-05T00:49:07+00:00\" \/>\n<meta property=\"og:image\" content=\"http:\/\/ptrans.fr\/wp-content\/uploads\/2023\/01\/agence-transport-international-marrakech-1024x635.png\" \/>\n<meta name=\"twitter:label1\" content=\"Gesch\u00e4tzte Lesezeit\" \/>\n\t<meta name=\"twitter:data1\" content=\"3\u00a0Minuten\" \/>\n<script type=\"application\/ld+json\" class=\"yoast-schema-graph\">{\"@context\":\"https:\/\/schema.org\",\"@graph\":[{\"@type\":\"Article\",\"@id\":\"https:\/\/ptrans.fr\/agence-transport-international-marrakech\/#article\",\"isPartOf\":{\"@id\":\"https:\/\/ptrans.fr\/agence-transport-international-marrakech\/\"},\"author\":{\"name\":\"admin\",\"@id\":\"https:\/\/ptrans.fr\/#\/schema\/person\/3a50d5b251b4df119e3598a32b8ce67c\"},\"headline\":\"Agence Transport International Marrakech\",\"datePublished\":\"2023-01-02T07:05:25+00:00\",\"dateModified\":\"2023-01-05T00:49:07+00:00\",\"mainEntityOfPage\":{\"@id\":\"https:\/\/ptrans.fr\/agence-transport-international-marrakech\/\"},\"wordCount\":262,\"publisher\":{\"@id\":\"https:\/\/ptrans.fr\/#organization\"},\"image\":{\"@id\":\"https:\/\/ptrans.fr\/agence-transport-international-marrakech\/#primaryimage\"},\"thumbnailUrl\":\"http:\/\/ptrans.fr\/wp-content\/uploads\/2023\/01\/agence-transport-international-marrakech-1024x635.png\",\"inLanguage\":\"de\"},{\"@type\":\"WebPage\",\"@id\":\"https:\/\/ptrans.fr\/agence-transport-international-marrakech\/\",\"url\":\"https:\/\/ptrans.fr\/agence-transport-international-marrakech\/\",\"name\":\"Agence Transport International Marrakech | +212(0)80 85 08129\",\"isPartOf\":{\"@id\":\"https:\/\/ptrans.fr\/#website\"},\"primaryImageOfPage\":{\"@id\":\"https:\/\/ptrans.fr\/agence-transport-international-marrakech\/#primaryimage\"},\"image\":{\"@id\":\"https:\/\/ptrans.fr\/agence-transport-international-marrakech\/#primaryimage\"},\"thumbnailUrl\":\"http:\/\/ptrans.fr\/wp-content\/uploads\/2023\/01\/agence-transport-international-marrakech-1024x635.png\",\"datePublished\":\"2023-01-02T07:05:25+00:00\",\"dateModified\":\"2023-01-05T00:49:07+00:00\",\"description\":\"Vous cherchez une agence de transport international \u00e0 Marrakech ? Ptrans est l\u00e0 pour vous servir. T\u00e9l: +212663232300 \/ s.p@ptrans.fr\",\"inLanguage\":\"de\",\"potentialAction\":[{\"@type\":\"ReadAction\",\"target\":[\"https:\/\/ptrans.fr\/agence-transport-international-marrakech\/\"]}]},{\"@type\":\"ImageObject\",\"inLanguage\":\"de\",\"@id\":\"https:\/\/ptrans.fr\/agence-transport-international-marrakech\/#primaryimage\",\"url\":\"http:\/\/ptrans.fr\/wp-content\/uploads\/2023\/01\/agence-transport-international-marrakech-1024x635.png\",\"contentUrl\":\"http:\/\/ptrans.fr\/wp-content\/uploads\/2023\/01\/agence-transport-international-marrakech-1024x635.png\"},{\"@type\":\"WebSite\",\"@id\":\"https:\/\/ptrans.fr\/#website\",\"url\":\"https:\/\/ptrans.fr\/\",\"name\":\"Ptrans Soci\u00e9t\u00e9 De Transport Et D\u00e9m\u00e9nagement International Maroc\",\"description\":\"Ptrans Votre Transporteur &amp; D\u00e9m\u00e9nageur Vers Le Maroc\",\"publisher\":{\"@id\":\"https:\/\/ptrans.fr\/#organization\"},\"alternateName\":\"Ptrans\",\"potentialAction\":[{\"@type\":\"SearchAction\",\"target\":{\"@type\":\"EntryPoint\",\"urlTemplate\":\"https:\/\/ptrans.fr\/?s={search_term_string}\"},\"query-input\":\"required name=search_term_string\"}],\"inLanguage\":\"de\"},{\"@type\":\"Organization\",\"@id\":\"https:\/\/ptrans.fr\/#organization\",\"name\":\"Ptrans Soci\u00e9t\u00e9 De Transport Et D\u00e9m\u00e9nagements International Entre Le Maroc Et Le Reste Du Monde\",\"url\":\"https:\/\/ptrans.fr\/\",\"logo\":{\"@type\":\"ImageObject\",\"inLanguage\":\"de\",\"@id\":\"https:\/\/ptrans.fr\/#\/schema\/logo\/image\/\",\"url\":\"http:\/\/ptrans.fr\/wp-content\/uploads\/2022\/08\/P.trans-logi_Plan-de-travail-1.png\",\"contentUrl\":\"http:\/\/ptrans.fr\/wp-content\/uploads\/2022\/08\/P.trans-logi_Plan-de-travail-1.png\",\"width\":2481,\"height\":1076,\"caption\":\"Ptrans Soci\u00e9t\u00e9 De Transport Et D\u00e9m\u00e9nagements International Entre Le Maroc Et Le Reste Du Monde\"},\"image\":{\"@id\":\"https:\/\/ptrans.fr\/#\/schema\/logo\/image\/\"},\"sameAs\":[\"https:\/\/www.facebook.com\/PlogisticsEurope\"]},{\"@type\":\"Person\",\"@id\":\"https:\/\/ptrans.fr\/#\/schema\/person\/3a50d5b251b4df119e3598a32b8ce67c\",\"name\":\"admin\",\"image\":{\"@type\":\"ImageObject\",\"inLanguage\":\"de\",\"@id\":\"https:\/\/ptrans.fr\/#\/schema\/person\/image\/\",\"url\":\"https:\/\/secure.gravatar.com\/avatar\/f1ed11851bb8c89ef1f06d655ba0bd00?s=96&d=mm&r=g\",\"contentUrl\":\"https:\/\/secure.gravatar.com\/avatar\/f1ed11851bb8c89ef1f06d655ba0bd00?s=96&d=mm&r=g\",\"caption\":\"admin\"},\"url\":\"https:\/\/ptrans.fr\/de\/author\/admin\/\"}]}<\/script>\n<!-- \/ Yoast SEO plugin. -->","yoast_head_json":{"title":"Agence Transport International Marrakech | +212(0)80 85 08129","description":"Vous cherchez une agence de transport international \u00e0 Marrakech ? Ptrans est l\u00e0 pour vous servir. T\u00e9l: +212663232300 \/ s.p@ptrans.fr","robots":{"index":"index","follow":"follow","max-snippet":"max-snippet:-1","max-image-preview":"max-image-preview:large","max-video-preview":"max-video-preview:-1"},"canonical":"https:\/\/ptrans.fr\/de\/agence-transport-international-marrakech\/","og_locale":"de_DE","og_type":"article","og_title":"Agence Transport International Marrakech - T\u00e9l : +212 663 23 23 00","og_description":"Vous cherchez une agence de transport international \u00e0 Marrakech ? Ptrans est l\u00e0 pour vous servir. T\u00e9l: +212663232300 \/ s.p@ptrans.fr","og_url":"https:\/\/ptrans.fr\/de\/agence-transport-international-marrakech\/","og_site_name":"Ptrans Soci\u00e9t\u00e9 De Transport &amp; D\u00e9m\u00e9nagements International Entre Le Maroc Et Le Reste Du Monde","article_publisher":"https:\/\/www.facebook.com\/PlogisticsEurope","article_modified_time":"2023-01-05T00:49:07+00:00","og_image":[{"url":"http:\/\/ptrans.fr\/wp-content\/uploads\/2023\/01\/agence-transport-international-marrakech-1024x635.png"}],"twitter_misc":{"Gesch\u00e4tzte Lesezeit":"3\u00a0Minuten"},"schema":{"@context":"https:\/\/schema.org","@graph":[{"@type":"Article","@id":"https:\/\/ptrans.fr\/agence-transport-international-marrakech\/#article","isPartOf":{"@id":"https:\/\/ptrans.fr\/agence-transport-international-marrakech\/"},"author":{"name":"admin","@id":"https:\/\/ptrans.fr\/#\/schema\/person\/3a50d5b251b4df119e3598a32b8ce67c"},"headline":"Agence Transport International Marrakech","datePublished":"2023-01-02T07:05:25+00:00","dateModified":"2023-01-05T00:49:07+00:00","mainEntityOfPage":{"@id":"https:\/\/ptrans.fr\/agence-transport-international-marrakech\/"},"wordCount":262,"publisher":{"@id":"https:\/\/ptrans.fr\/#organization"},"image":{"@id":"https:\/\/ptrans.fr\/agence-transport-international-marrakech\/#primaryimage"},"thumbnailUrl":"http:\/\/ptrans.fr\/wp-content\/uploads\/2023\/01\/agence-transport-international-marrakech-1024x635.png","inLanguage":"de"},{"@type":"WebPage","@id":"https:\/\/ptrans.fr\/agence-transport-international-marrakech\/","url":"https:\/\/ptrans.fr\/agence-transport-international-marrakech\/","name":"Agence Transport International Marrakech | +212(0)80 85 08129","isPartOf":{"@id":"https:\/\/ptrans.fr\/#website"},"primaryImageOfPage":{"@id":"https:\/\/ptrans.fr\/agence-transport-international-marrakech\/#primaryimage"},"image":{"@id":"https:\/\/ptrans.fr\/agence-transport-international-marrakech\/#primaryimage"},"thumbnailUrl":"http:\/\/ptrans.fr\/wp-content\/uploads\/2023\/01\/agence-transport-international-marrakech-1024x635.png","datePublished":"2023-01-02T07:05:25+00:00","dateModified":"2023-01-05T00:49:07+00:00","description":"Vous cherchez une agence de transport international \u00e0 Marrakech ? Ptrans est l\u00e0 pour vous servir. T\u00e9l: +212663232300 \/ s.p@ptrans.fr","inLanguage":"de","potentialAction":[{"@type":"ReadAction","target":["https:\/\/ptrans.fr\/agence-transport-international-marrakech\/"]}]},{"@type":"ImageObject","inLanguage":"de","@id":"https:\/\/ptrans.fr\/agence-transport-international-marrakech\/#primaryimage","url":"http:\/\/ptrans.fr\/wp-content\/uploads\/2023\/01\/agence-transport-international-marrakech-1024x635.png","contentUrl":"http:\/\/ptrans.fr\/wp-content\/uploads\/2023\/01\/agence-transport-international-marrakech-1024x635.png"},{"@type":"WebSite","@id":"https:\/\/ptrans.fr\/#website","url":"https:\/\/ptrans.fr\/","name":"Ptrans Soci\u00e9t\u00e9 De Transport Et D\u00e9m\u00e9nagement International Maroc","description":"Ptrans Votre Transporteur &amp; D\u00e9m\u00e9nageur Vers Le Maroc","publisher":{"@id":"https:\/\/ptrans.fr\/#organization"},"alternateName":"Ptrans","potentialAction":[{"@type":"SearchAction","target":{"@type":"EntryPoint","urlTemplate":"https:\/\/ptrans.fr\/?s={search_term_string}"},"query-input":"required name=search_term_string"}],"inLanguage":"de"},{"@type":"Organization","@id":"https:\/\/ptrans.fr\/#organization","name":"Ptrans Soci\u00e9t\u00e9 De Transport Et D\u00e9m\u00e9nagements International Entre Le Maroc Et Le Reste Du Monde","url":"https:\/\/ptrans.fr\/","logo":{"@type":"ImageObject","inLanguage":"de","@id":"https:\/\/ptrans.fr\/#\/schema\/logo\/image\/","url":"http:\/\/ptrans.fr\/wp-content\/uploads\/2022\/08\/P.trans-logi_Plan-de-travail-1.png","contentUrl":"http:\/\/ptrans.fr\/wp-content\/uploads\/2022\/08\/P.trans-logi_Plan-de-travail-1.png","width":2481,"height":1076,"caption":"Ptrans Soci\u00e9t\u00e9 De Transport Et D\u00e9m\u00e9nagements International Entre Le Maroc Et Le Reste Du Monde"},"image":{"@id":"https:\/\/ptrans.fr\/#\/schema\/logo\/image\/"},"sameAs":["https:\/\/www.facebook.com\/PlogisticsEurope"]},{"@type":"Person","@id":"https:\/\/ptrans.fr\/#\/schema\/person\/3a50d5b251b4df119e3598a32b8ce67c","name":"admin","image":{"@type":"ImageObject","inLanguage":"de","@id":"https:\/\/ptrans.fr\/#\/schema\/person\/image\/","url":"https:\/\/secure.gravatar.com\/avatar\/f1ed11851bb8c89ef1f06d655ba0bd00?s=96&d=mm&r=g","contentUrl":"https:\/\/secure.gravatar.com\/avatar\/f1ed11851bb8c89ef1f06d655ba0bd00?s=96&d=mm&r=g","caption":"admin"},"url":"https:\/\/ptrans.fr\/de\/author\/admin\/"}]}},"jetpack_sharing_enabled":true,"jetpack_likes_enabled":true,"_links":{"self":[{"href":"https:\/\/ptrans.fr\/de\/wp-json\/wp\/v2\/pages\/9922"}],"collection":[{"href":"https:\/\/ptrans.fr\/de\/wp-json\/wp\/v2\/pages"}],"about":[{"href":"https:\/\/ptrans.fr\/de\/wp-json\/wp\/v2\/types\/page"}],"author":[{"embeddable":true,"href":"https:\/\/ptrans.fr\/de\/wp-json\/wp\/v2\/users\/1"}],"replies":[{"embeddable":true,"href":"https:\/\/ptrans.fr\/de\/wp-json\/wp\/v2\/comments?post=9922"}],"version-history":[{"count":0,"href":"https:\/\/ptrans.fr\/de\/wp-json\/wp\/v2\/pages\/9922\/revisions"}],"wp:attachment":[{"href":"https:\/\/ptrans.fr\/de\/wp-json\/wp\/v2\/media?parent=9922"}],"curies":[{"name":"wp","href":"https:\/\/api.w.org\/{rel}","templated":true}]}}