{"id":9754,"date":"2022-12-31T00:32:10","date_gmt":"2022-12-30T23:32:10","guid":{"rendered":"https:\/\/ptrans.fr\/?page_id=9754"},"modified":"2022-12-31T00:43:46","modified_gmt":"2022-12-30T23:43:46","slug":"transport-international-marrakech","status":"publish","type":"page","link":"https:\/\/ptrans.fr\/en\/transport-international-marrakech\/","title":{"rendered":"<p>International Transport Marrakesh<\/p>"},"content":{"rendered":"<style>\/*! elementor - v3.9.2 - 21-12-2022 *\/<br \/>\n.elementor-heading-title{padding:0;margin:0;line-height:1}.elementor-widget-heading .elementor-heading-title[class*=elementor-size-]>a{color:inherit;font-size:inherit;line-height:inherit}.elementor-widget-heading .elementor-heading-title.elementor-size-small{font-size:15px}.elementor-widget-heading .elementor-heading-title.elementor-size-medium{font-size:19px}.elementor-widget-heading .elementor-heading-title.elementor-size-large{font-size:29px}.elementor-widget-heading .elementor-heading-title.elementor-size-xl{font-size:39px}.elementor-widget-heading .elementor-heading-title.elementor-size-xxl{font-size:59px}<h2>Transport International Marrakech<\/h2><style>\/*! elementor - v3.9.2 - 21-12-2022 *\/<br \/>\n.elementor-widget-image{text-align:center}.elementor-widget-image a{display:inline-block}.elementor-widget-image a img[src$=\".svg\"]{width:48px}.elementor-widget-image img{vertical-align:middle;display:inline-block}<\/style><p>\t\t\t\t\t\t\t\t\t\t\t\t<img decoding=\"async\" width=\"1024\" height=\"635\" src=\"http:\/\/ptrans.fr\/wp-content\/uploads\/2022\/12\/transport-international-marrakech1-1024x635.png\" alt=\"transport international marrakech\" loading=\"lazy\" srcset=\"https:\/\/ptrans.fr\/wp-content\/uploads\/2022\/12\/transport-international-marrakech1-1024x635.png 1024w, https:\/\/ptrans.fr\/wp-content\/uploads\/2022\/12\/transport-international-marrakech1-300x186.png 300w, https:\/\/ptrans.fr\/wp-content\/uploads\/2022\/12\/transport-international-marrakech1-768x476.png 768w, https:\/\/ptrans.fr\/wp-content\/uploads\/2022\/12\/transport-international-marrakech1-800x496.png 800w, https:\/\/ptrans.fr\/wp-content\/uploads\/2022\/12\/transport-international-marrakech1.png 1500w\" sizes=\"(max-width: 1024px) 100vw, 1024px\"><\/p><h2><strong>Are you looking for international transport to and from Marrakech?<\/strong><\/h2><p>At Ptrans-logistics, we offer the most competitive rates for the international transport of parcels, goods, and even international removals from Marrakech. Our prices are much cheaper than other international carriers and we guarantee that your shipments will arrive on time. We also specialize in the export of traditional Moroccan handicrafts and can ensure that all customs requirements are met. So whether you need international transport for business, personal items or crafts, choose Ptrans-logistics and get the best rates. Get in touch today to find out more about our international shipping services.<\/p><p><a href=\"https:\/\/ptrans.fr\/en\/estimer-le-prix\/\" role=\"button\"><br>\nSimulate Your Shipping Price Online<br>\n<\/a><\/p><p>We look forward to helping you transport your international packages quickly and efficiently! Contact us now to get started. Thank you for choosing Ptrans-logistics. Let us show you how international shipping can be cheaper, faster and easier than ever!<\/p><p>https:\/\/www.youtube.com\/watch?v=ECXqaWCdAVo<\/p><p>Ptrans-logistics is the international transport solution for Marrakech. Our international shipping services are reliable, fast and cost effective. We specialize in the international shipment of parcels, goods, international removals and Moroccan crafts. Contact us today to learn more about our international shipping services and get the best rates for international shipping from Mar. Let us show you how international shipping can be easier, faster and cheaper. with Ptrans-logistics.<\/p><h2>Useful links<\/h2><p><a href=\"http:\/\/www.douane.gov.ma\/\"><br>\n<img decoding=\"async\" width=\"300\" height=\"137\" src=\"http:\/\/ptrans.fr\/wp-content\/uploads\/2022\/12\/transport-international-marrakech-douane-300x137.png\" alt=\"\" loading=\"lazy\" srcset=\"https:\/\/ptrans.fr\/wp-content\/uploads\/2022\/12\/transport-international-marrakech-douane-300x137.png 300w, https:\/\/ptrans.fr\/wp-content\/uploads\/2022\/12\/transport-international-marrakech-douane.png 616w\" sizes=\"(max-width: 300px) 100vw, 300px\">\t\t\t\t\t\t\t\t<\/a><br>\n<a href=\"https:\/\/www.bureauveritas.ma\/fr\"><br>\n<img decoding=\"async\" width=\"243\" height=\"300\" src=\"http:\/\/ptrans.fr\/wp-content\/uploads\/2022\/12\/transport-international-marrakech-conformitee-243x300.png\" alt=\"transport international marrakech conformit&eacute;e\" loading=\"lazy\" srcset=\"https:\/\/ptrans.fr\/wp-content\/uploads\/2022\/12\/transport-international-marrakech-conformitee-243x300.png 243w, https:\/\/ptrans.fr\/wp-content\/uploads\/2022\/12\/transport-international-marrakech-conformitee-828x1024.png 828w, https:\/\/ptrans.fr\/wp-content\/uploads\/2022\/12\/transport-international-marrakech-conformitee-768x950.png 768w, https:\/\/ptrans.fr\/wp-content\/uploads\/2022\/12\/transport-international-marrakech-conformitee-1242x1536.png 1242w, https:\/\/ptrans.fr\/wp-content\/uploads\/2022\/12\/transport-international-marrakech-conformitee-800x989.png 800w, https:\/\/ptrans.fr\/wp-content\/uploads\/2022\/12\/transport-international-marrakech-conformitee.png 1390w\" sizes=\"(max-width: 243px) 100vw, 243px\">\t\t\t\t\t\t\t\t<\/a><\/p><\/style>","protected":false},"excerpt":{"rendered":"<p>Transport International Marrakech Vous cherchez un transport international depuis et vers Marrakech ? Chez Ptrans-logistics, [&hellip;]<\/p>","protected":false},"author":1,"featured_media":0,"parent":0,"menu_order":0,"comment_status":"closed","ping_status":"closed","template":"","meta":{"footnotes":""},"yoast_head":"<!-- This site is optimized with the Yoast SEO plugin v22.8 - https:\/\/yoast.com\/wordpress\/plugins\/seo\/ -->\n<title>Transport International Marrakech | T\u00e9l : +212(0)85 80 08129<\/title>\n<meta name=\"description\" content=\"Ptrans soci\u00e9t\u00e9 de transport international Marrakech. T\u00e9l : +212663232300. Mail : s.p@ptrans.fr. Contactez-nous!\" \/>\n<meta name=\"robots\" content=\"index, follow, max-snippet:-1, max-image-preview:large, max-video-preview:-1\" \/>\n<link rel=\"canonical\" href=\"https:\/\/ptrans.fr\/en\/transport-international-marrakech\/\" \/>\n<meta property=\"og:locale\" content=\"en_GB\" \/>\n<meta property=\"og:type\" content=\"article\" \/>\n<meta property=\"og:title\" content=\"Transport International Marrakech | T\u00e9l : +212(0)85 80 08129\" \/>\n<meta property=\"og:description\" content=\"Ptrans soci\u00e9t\u00e9 de transport international Marrakech. T\u00e9l : +212663232300. Mail : s.p@ptrans.fr. Contactez-nous!\" \/>\n<meta property=\"og:url\" content=\"https:\/\/ptrans.fr\/en\/transport-international-marrakech\/\" \/>\n<meta property=\"og:site_name\" content=\"Ptrans Soci\u00e9t\u00e9 De Transport &amp; D\u00e9m\u00e9nagements International Entre Le Maroc Et Le Reste Du Monde\" \/>\n<meta property=\"article:publisher\" content=\"https:\/\/www.facebook.com\/PlogisticsEurope\" \/>\n<meta property=\"article:modified_time\" content=\"2022-12-30T23:43:46+00:00\" \/>\n<meta property=\"og:image\" content=\"http:\/\/ptrans.fr\/wp-content\/uploads\/2022\/12\/transport-international-marrakech1-1024x635.png\" \/>\n<meta name=\"twitter:label1\" content=\"Estimated reading time\" \/>\n\t<meta name=\"twitter:data1\" content=\"2 minutes\" \/>\n<script type=\"application\/ld+json\" class=\"yoast-schema-graph\">{\"@context\":\"https:\/\/schema.org\",\"@graph\":[{\"@type\":\"Article\",\"@id\":\"https:\/\/ptrans.fr\/transport-international-marrakech\/#article\",\"isPartOf\":{\"@id\":\"https:\/\/ptrans.fr\/transport-international-marrakech\/\"},\"author\":{\"name\":\"admin\",\"@id\":\"https:\/\/ptrans.fr\/#\/schema\/person\/3a50d5b251b4df119e3598a32b8ce67c\"},\"headline\":\"Transport International Marrakech\",\"datePublished\":\"2022-12-30T23:32:10+00:00\",\"dateModified\":\"2022-12-30T23:43:46+00:00\",\"mainEntityOfPage\":{\"@id\":\"https:\/\/ptrans.fr\/transport-international-marrakech\/\"},\"wordCount\":271,\"publisher\":{\"@id\":\"https:\/\/ptrans.fr\/#organization\"},\"image\":{\"@id\":\"https:\/\/ptrans.fr\/transport-international-marrakech\/#primaryimage\"},\"thumbnailUrl\":\"http:\/\/ptrans.fr\/wp-content\/uploads\/2022\/12\/transport-international-marrakech1-1024x635.png\",\"inLanguage\":\"en-GB\"},{\"@type\":\"WebPage\",\"@id\":\"https:\/\/ptrans.fr\/transport-international-marrakech\/\",\"url\":\"https:\/\/ptrans.fr\/transport-international-marrakech\/\",\"name\":\"Transport International Marrakech | T\u00e9l : +212(0)85 80 08129\",\"isPartOf\":{\"@id\":\"https:\/\/ptrans.fr\/#website\"},\"primaryImageOfPage\":{\"@id\":\"https:\/\/ptrans.fr\/transport-international-marrakech\/#primaryimage\"},\"image\":{\"@id\":\"https:\/\/ptrans.fr\/transport-international-marrakech\/#primaryimage\"},\"thumbnailUrl\":\"http:\/\/ptrans.fr\/wp-content\/uploads\/2022\/12\/transport-international-marrakech1-1024x635.png\",\"datePublished\":\"2022-12-30T23:32:10+00:00\",\"dateModified\":\"2022-12-30T23:43:46+00:00\",\"description\":\"Ptrans soci\u00e9t\u00e9 de transport international Marrakech. T\u00e9l : +212663232300. Mail : s.p@ptrans.fr. Contactez-nous!\",\"inLanguage\":\"en-GB\",\"potentialAction\":[{\"@type\":\"ReadAction\",\"target\":[\"https:\/\/ptrans.fr\/transport-international-marrakech\/\"]}]},{\"@type\":\"ImageObject\",\"inLanguage\":\"en-GB\",\"@id\":\"https:\/\/ptrans.fr\/transport-international-marrakech\/#primaryimage\",\"url\":\"http:\/\/ptrans.fr\/wp-content\/uploads\/2022\/12\/transport-international-marrakech1-1024x635.png\",\"contentUrl\":\"http:\/\/ptrans.fr\/wp-content\/uploads\/2022\/12\/transport-international-marrakech1-1024x635.png\"},{\"@type\":\"WebSite\",\"@id\":\"https:\/\/ptrans.fr\/#website\",\"url\":\"https:\/\/ptrans.fr\/\",\"name\":\"Ptrans Soci\u00e9t\u00e9 De Transport Et D\u00e9m\u00e9nagement International Maroc\",\"description\":\"Ptrans Votre Transporteur &amp; D\u00e9m\u00e9nageur Vers Le Maroc\",\"publisher\":{\"@id\":\"https:\/\/ptrans.fr\/#organization\"},\"alternateName\":\"Ptrans\",\"potentialAction\":[{\"@type\":\"SearchAction\",\"target\":{\"@type\":\"EntryPoint\",\"urlTemplate\":\"https:\/\/ptrans.fr\/?s={search_term_string}\"},\"query-input\":\"required name=search_term_string\"}],\"inLanguage\":\"en-GB\"},{\"@type\":\"Organization\",\"@id\":\"https:\/\/ptrans.fr\/#organization\",\"name\":\"Ptrans Soci\u00e9t\u00e9 De Transport Et D\u00e9m\u00e9nagements International Entre Le Maroc Et Le Reste Du Monde\",\"url\":\"https:\/\/ptrans.fr\/\",\"logo\":{\"@type\":\"ImageObject\",\"inLanguage\":\"en-GB\",\"@id\":\"https:\/\/ptrans.fr\/#\/schema\/logo\/image\/\",\"url\":\"http:\/\/ptrans.fr\/wp-content\/uploads\/2022\/08\/P.trans-logi_Plan-de-travail-1.png\",\"contentUrl\":\"http:\/\/ptrans.fr\/wp-content\/uploads\/2022\/08\/P.trans-logi_Plan-de-travail-1.png\",\"width\":2481,\"height\":1076,\"caption\":\"Ptrans Soci\u00e9t\u00e9 De Transport Et D\u00e9m\u00e9nagements International Entre Le Maroc Et Le Reste Du Monde\"},\"image\":{\"@id\":\"https:\/\/ptrans.fr\/#\/schema\/logo\/image\/\"},\"sameAs\":[\"https:\/\/www.facebook.com\/PlogisticsEurope\"]},{\"@type\":\"Person\",\"@id\":\"https:\/\/ptrans.fr\/#\/schema\/person\/3a50d5b251b4df119e3598a32b8ce67c\",\"name\":\"admin\",\"image\":{\"@type\":\"ImageObject\",\"inLanguage\":\"en-GB\",\"@id\":\"https:\/\/ptrans.fr\/#\/schema\/person\/image\/\",\"url\":\"https:\/\/secure.gravatar.com\/avatar\/f1ed11851bb8c89ef1f06d655ba0bd00?s=96&d=mm&r=g\",\"contentUrl\":\"https:\/\/secure.gravatar.com\/avatar\/f1ed11851bb8c89ef1f06d655ba0bd00?s=96&d=mm&r=g\",\"caption\":\"admin\"},\"url\":\"https:\/\/ptrans.fr\/en\/author\/admin\/\"}]}<\/script>\n<!-- \/ Yoast SEO plugin. -->","yoast_head_json":{"title":"Transport International Marrakech | T\u00e9l : +212(0)85 80 08129","description":"Ptrans soci\u00e9t\u00e9 de transport international Marrakech. T\u00e9l : +212663232300. Mail : s.p@ptrans.fr. Contactez-nous!","robots":{"index":"index","follow":"follow","max-snippet":"max-snippet:-1","max-image-preview":"max-image-preview:large","max-video-preview":"max-video-preview:-1"},"canonical":"https:\/\/ptrans.fr\/en\/transport-international-marrakech\/","og_locale":"en_GB","og_type":"article","og_title":"Transport International Marrakech | T\u00e9l : +212(0)85 80 08129","og_description":"Ptrans soci\u00e9t\u00e9 de transport international Marrakech. T\u00e9l : +212663232300. Mail : s.p@ptrans.fr. Contactez-nous!","og_url":"https:\/\/ptrans.fr\/en\/transport-international-marrakech\/","og_site_name":"Ptrans Soci\u00e9t\u00e9 De Transport &amp; D\u00e9m\u00e9nagements International Entre Le Maroc Et Le Reste Du Monde","article_publisher":"https:\/\/www.facebook.com\/PlogisticsEurope","article_modified_time":"2022-12-30T23:43:46+00:00","og_image":[{"url":"http:\/\/ptrans.fr\/wp-content\/uploads\/2022\/12\/transport-international-marrakech1-1024x635.png"}],"twitter_misc":{"Estimated reading time":"2 minutes"},"schema":{"@context":"https:\/\/schema.org","@graph":[{"@type":"Article","@id":"https:\/\/ptrans.fr\/transport-international-marrakech\/#article","isPartOf":{"@id":"https:\/\/ptrans.fr\/transport-international-marrakech\/"},"author":{"name":"admin","@id":"https:\/\/ptrans.fr\/#\/schema\/person\/3a50d5b251b4df119e3598a32b8ce67c"},"headline":"Transport International Marrakech","datePublished":"2022-12-30T23:32:10+00:00","dateModified":"2022-12-30T23:43:46+00:00","mainEntityOfPage":{"@id":"https:\/\/ptrans.fr\/transport-international-marrakech\/"},"wordCount":271,"publisher":{"@id":"https:\/\/ptrans.fr\/#organization"},"image":{"@id":"https:\/\/ptrans.fr\/transport-international-marrakech\/#primaryimage"},"thumbnailUrl":"http:\/\/ptrans.fr\/wp-content\/uploads\/2022\/12\/transport-international-marrakech1-1024x635.png","inLanguage":"en-GB"},{"@type":"WebPage","@id":"https:\/\/ptrans.fr\/transport-international-marrakech\/","url":"https:\/\/ptrans.fr\/transport-international-marrakech\/","name":"Transport International Marrakech | T\u00e9l : +212(0)85 80 08129","isPartOf":{"@id":"https:\/\/ptrans.fr\/#website"},"primaryImageOfPage":{"@id":"https:\/\/ptrans.fr\/transport-international-marrakech\/#primaryimage"},"image":{"@id":"https:\/\/ptrans.fr\/transport-international-marrakech\/#primaryimage"},"thumbnailUrl":"http:\/\/ptrans.fr\/wp-content\/uploads\/2022\/12\/transport-international-marrakech1-1024x635.png","datePublished":"2022-12-30T23:32:10+00:00","dateModified":"2022-12-30T23:43:46+00:00","description":"Ptrans soci\u00e9t\u00e9 de transport international Marrakech. T\u00e9l : +212663232300. Mail : s.p@ptrans.fr. Contactez-nous!","inLanguage":"en-GB","potentialAction":[{"@type":"ReadAction","target":["https:\/\/ptrans.fr\/transport-international-marrakech\/"]}]},{"@type":"ImageObject","inLanguage":"en-GB","@id":"https:\/\/ptrans.fr\/transport-international-marrakech\/#primaryimage","url":"http:\/\/ptrans.fr\/wp-content\/uploads\/2022\/12\/transport-international-marrakech1-1024x635.png","contentUrl":"http:\/\/ptrans.fr\/wp-content\/uploads\/2022\/12\/transport-international-marrakech1-1024x635.png"},{"@type":"WebSite","@id":"https:\/\/ptrans.fr\/#website","url":"https:\/\/ptrans.fr\/","name":"Ptrans Soci\u00e9t\u00e9 De Transport Et D\u00e9m\u00e9nagement International Maroc","description":"Ptrans Votre Transporteur &amp; D\u00e9m\u00e9nageur Vers Le Maroc","publisher":{"@id":"https:\/\/ptrans.fr\/#organization"},"alternateName":"Ptrans","potentialAction":[{"@type":"SearchAction","target":{"@type":"EntryPoint","urlTemplate":"https:\/\/ptrans.fr\/?s={search_term_string}"},"query-input":"required name=search_term_string"}],"inLanguage":"en-GB"},{"@type":"Organization","@id":"https:\/\/ptrans.fr\/#organization","name":"Ptrans Soci\u00e9t\u00e9 De Transport Et D\u00e9m\u00e9nagements International Entre Le Maroc Et Le Reste Du Monde","url":"https:\/\/ptrans.fr\/","logo":{"@type":"ImageObject","inLanguage":"en-GB","@id":"https:\/\/ptrans.fr\/#\/schema\/logo\/image\/","url":"http:\/\/ptrans.fr\/wp-content\/uploads\/2022\/08\/P.trans-logi_Plan-de-travail-1.png","contentUrl":"http:\/\/ptrans.fr\/wp-content\/uploads\/2022\/08\/P.trans-logi_Plan-de-travail-1.png","width":2481,"height":1076,"caption":"Ptrans Soci\u00e9t\u00e9 De Transport Et D\u00e9m\u00e9nagements International Entre Le Maroc Et Le Reste Du Monde"},"image":{"@id":"https:\/\/ptrans.fr\/#\/schema\/logo\/image\/"},"sameAs":["https:\/\/www.facebook.com\/PlogisticsEurope"]},{"@type":"Person","@id":"https:\/\/ptrans.fr\/#\/schema\/person\/3a50d5b251b4df119e3598a32b8ce67c","name":"admin","image":{"@type":"ImageObject","inLanguage":"en-GB","@id":"https:\/\/ptrans.fr\/#\/schema\/person\/image\/","url":"https:\/\/secure.gravatar.com\/avatar\/f1ed11851bb8c89ef1f06d655ba0bd00?s=96&d=mm&r=g","contentUrl":"https:\/\/secure.gravatar.com\/avatar\/f1ed11851bb8c89ef1f06d655ba0bd00?s=96&d=mm&r=g","caption":"admin"},"url":"https:\/\/ptrans.fr\/en\/author\/admin\/"}]}},"jetpack_sharing_enabled":true,"jetpack_likes_enabled":true,"_links":{"self":[{"href":"https:\/\/ptrans.fr\/en\/wp-json\/wp\/v2\/pages\/9754"}],"collection":[{"href":"https:\/\/ptrans.fr\/en\/wp-json\/wp\/v2\/pages"}],"about":[{"href":"https:\/\/ptrans.fr\/en\/wp-json\/wp\/v2\/types\/page"}],"author":[{"embeddable":true,"href":"https:\/\/ptrans.fr\/en\/wp-json\/wp\/v2\/users\/1"}],"replies":[{"embeddable":true,"href":"https:\/\/ptrans.fr\/en\/wp-json\/wp\/v2\/comments?post=9754"}],"version-history":[{"count":0,"href":"https:\/\/ptrans.fr\/en\/wp-json\/wp\/v2\/pages\/9754\/revisions"}],"wp:attachment":[{"href":"https:\/\/ptrans.fr\/en\/wp-json\/wp\/v2\/media?parent=9754"}],"curies":[{"name":"wp","href":"https:\/\/api.w.org\/{rel}","templated":true}]}}