{"id":9783,"date":"2022-12-31T10:33:33","date_gmt":"2022-12-31T09:33:33","guid":{"rendered":"https:\/\/ptrans.fr\/?page_id=9783"},"modified":"2022-12-31T11:02:55","modified_gmt":"2022-12-31T10:02:55","slug":"societe-de-transport-international-maroc","status":"publish","type":"page","link":"https:\/\/ptrans.fr\/en\/societe-de-transport-international-maroc\/","title":{"rendered":"<p>Soci&eacute;t&eacute; De Transport International Maroc<\/p>"},"content":{"rendered":"<h1><a href=\"https:\/\/ptrans.fr\/en\/estimer-le-prix\/\">Ptrans International Transport Company Morocco<\/a><p><img decoding=\"async\" width=\"1024\" height=\"635\" src=\"http:\/\/ptrans.fr\/wp-content\/uploads\/2022\/12\/societe-de-transport-international-maroc-1024x635.png\" alt=\"soci&eacute;t&eacute; de transport international maroc\" loading=\"lazy\" srcset=\"https:\/\/ptrans.fr\/wp-content\/uploads\/2022\/12\/societe-de-transport-international-maroc-1024x635.png 1024w, https:\/\/ptrans.fr\/wp-content\/uploads\/2022\/12\/societe-de-transport-international-maroc-300x186.png 300w, https:\/\/ptrans.fr\/wp-content\/uploads\/2022\/12\/societe-de-transport-international-maroc-768x476.png 768w, https:\/\/ptrans.fr\/wp-content\/uploads\/2022\/12\/societe-de-transport-international-maroc-800x496.png 800w, https:\/\/ptrans.fr\/wp-content\/uploads\/2022\/12\/societe-de-transport-international-maroc.png 1500w\" sizes=\"(max-width: 1024px) 100vw, 1024px\"><\/p><h2><strong>Company Transport International Morocco<\/strong><\/h2><p>Ptrans is a logistics company that offers reliable and cost-effective transportation services throughout Morocco. We provide tailored customized solutions by ensuring fast and secure transportation from one location to another.<\/p><p><a href=\"https:\/\/ptrans.fr\/en\/estimer-le-prix\/\" role=\"button\"><br>\nCheck Our Prices Online<br>\n<\/a><\/p><p>Our team of experienced professionals has extensive knowledge in the areas of tariffs, customs, pricing and destinations. We pride ourselves on being very responsive to customer inquiries and requests for information about our services. Our goal is to ensure your cargo arrives at its destination safely, on time and at competitive prices<\/p><p>https:\/\/www.youtube.com\/watch?v=ECXqaWCdAVo<\/p><p>We understand that there are many variables that come into play with international shipping \u2013 from local laws and regulations to taxes and customs duties \u2013 and so we strive to ensure that you have all the necessary information before making any decisions. This site provides a comprehensive overview of the services we offer, including<\/p><p>\u2013 Prices and customs clearance<\/p><p>\u2013 Information on prices and destinations<\/p><p>\u2013 Tracking your shipment from start to finish<\/p><p>\u2013 Documentation requirements for international shipments<\/p><p>\u2013 Shipping insurance options<\/p><p>\u2013 Options to speed up shipping times<\/p><p><a href=\"https:\/\/ptrans.fr\/en\/estimer-le-prix\/\" role=\"button\"><br>\nCheck Our Prices Online<br>\n<\/a><br>\n<img decoding=\"async\" width=\"1024\" height=\"704\" src=\"http:\/\/ptrans.fr\/wp-content\/uploads\/2022\/12\/societe-de-transport-international-maro-1024x704.png\" alt=\"soci&eacute;t&eacute; de transport international maro\" loading=\"lazy\" srcset=\"https:\/\/ptrans.fr\/wp-content\/uploads\/2022\/12\/societe-de-transport-international-maro-1024x704.png 1024w, https:\/\/ptrans.fr\/wp-content\/uploads\/2022\/12\/societe-de-transport-international-maro-300x206.png 300w, https:\/\/ptrans.fr\/wp-content\/uploads\/2022\/12\/societe-de-transport-international-maro-768x528.png 768w, https:\/\/ptrans.fr\/wp-content\/uploads\/2022\/12\/societe-de-transport-international-maro-1536x1056.png 1536w, https:\/\/ptrans.fr\/wp-content\/uploads\/2022\/12\/societe-de-transport-international-maro-800x550.png 800w, https:\/\/ptrans.fr\/wp-content\/uploads\/2022\/12\/societe-de-transport-international-maro.png 1600w\" sizes=\"(max-width: 1024px) 100vw, 1024px\"><\/p><p>At Ptrans Transport International Maroc, our goal is to ensure that you have the best possible experience with your shipment. We understand that international shipping can be complex, which is why we are committed to providing service and support throughout the process. Please feel free to contact us at any time with any questions or requests \u2013 we are here to help!<\/p><h2>Useful links<\/h2><p><a href=\"http:\/\/www.douane.gov.ma\/\"><br>\n<img decoding=\"async\" width=\"300\" height=\"137\" src=\"http:\/\/ptrans.fr\/wp-content\/uploads\/2022\/12\/societe-de-transport-international-maroc-douane-300x137.png\" alt=\"\" loading=\"lazy\" srcset=\"https:\/\/ptrans.fr\/wp-content\/uploads\/2022\/12\/societe-de-transport-international-maroc-douane-300x137.png 300w, https:\/\/ptrans.fr\/wp-content\/uploads\/2022\/12\/societe-de-transport-international-maroc-douane.png 616w\" sizes=\"(max-width: 300px) 100vw, 300px\">\t\t\t\t\t\t\t\t<\/a><br>\n<a href=\"https:\/\/www.bureauveritas.ma\/fr\"><br>\n<img decoding=\"async\" width=\"243\" height=\"300\" src=\"http:\/\/ptrans.fr\/wp-content\/uploads\/2022\/12\/societe-de-transport-international-maroc-conformitee-243x300.png\" alt=\"soci&eacute;t&eacute; de transport international maroc conformit&eacute;e\" loading=\"lazy\" srcset=\"https:\/\/ptrans.fr\/wp-content\/uploads\/2022\/12\/societe-de-transport-international-maroc-conformitee-243x300.png 243w, https:\/\/ptrans.fr\/wp-content\/uploads\/2022\/12\/societe-de-transport-international-maroc-conformitee-828x1024.png 828w, https:\/\/ptrans.fr\/wp-content\/uploads\/2022\/12\/societe-de-transport-international-maroc-conformitee-768x950.png 768w, https:\/\/ptrans.fr\/wp-content\/uploads\/2022\/12\/societe-de-transport-international-maroc-conformitee-1242x1536.png 1242w, https:\/\/ptrans.fr\/wp-content\/uploads\/2022\/12\/societe-de-transport-international-maroc-conformitee-800x989.png 800w, https:\/\/ptrans.fr\/wp-content\/uploads\/2022\/12\/societe-de-transport-international-maroc-conformitee.png 1390w\" sizes=\"(max-width: 243px) 100vw, 243px\">\t\t\t\t\t\t\t\t<\/a><\/p><\/h1>","protected":false},"excerpt":{"rendered":"<p>Ptrans soci&eacute;t&eacute; De Transport International Maroc Soci&eacute;t&eacute; Transport International Maroc Ptrans est une soci&eacute;t&eacute; de [&hellip;]<\/p>","protected":false},"author":1,"featured_media":0,"parent":0,"menu_order":0,"comment_status":"closed","ping_status":"closed","template":"","meta":{"footnotes":""},"yoast_head":"<!-- This site is optimized with the Yoast SEO plugin v22.8 - https:\/\/yoast.com\/wordpress\/plugins\/seo\/ -->\n<title>Soci\u00e9t\u00e9 De Transport International Maroc | T\u00e9l : +33187653676<\/title>\n<meta name=\"description\" content=\"Ptrans soci\u00e9t\u00e9 de transport international Maroc. T\u00e9l : +33187653676 | Mail : s.p@ptrans.fr. Contacter-nous!\" \/>\n<meta name=\"robots\" content=\"index, follow, max-snippet:-1, max-image-preview:large, max-video-preview:-1\" \/>\n<link rel=\"canonical\" href=\"https:\/\/ptrans.fr\/en\/societe-de-transport-international-maroc\/\" \/>\n<meta property=\"og:locale\" content=\"en_GB\" \/>\n<meta property=\"og:type\" content=\"article\" \/>\n<meta property=\"og:title\" content=\"Soci\u00e9t\u00e9 De Transport International Maroc | T\u00e9l : +33187653676\" \/>\n<meta property=\"og:description\" content=\"Ptrans soci\u00e9t\u00e9 de transport international Maroc. T\u00e9l : +33187653676 | Mail : s.p@ptrans.fr. Contacter-nous!\" \/>\n<meta property=\"og:url\" content=\"https:\/\/ptrans.fr\/en\/societe-de-transport-international-maroc\/\" \/>\n<meta property=\"og:site_name\" content=\"Ptrans Soci\u00e9t\u00e9 De Transport &amp; D\u00e9m\u00e9nagements International Entre Le Maroc Et Le Reste Du Monde\" \/>\n<meta property=\"article:publisher\" content=\"https:\/\/www.facebook.com\/PlogisticsEurope\" \/>\n<meta property=\"article:modified_time\" content=\"2022-12-31T10:02:55+00:00\" \/>\n<meta property=\"og:image\" content=\"http:\/\/ptrans.fr\/wp-content\/uploads\/2022\/12\/societe-de-transport-international-maroc-1024x635.png\" \/>\n<meta name=\"twitter:label1\" content=\"Estimated reading time\" \/>\n\t<meta name=\"twitter:data1\" content=\"3 minutes\" \/>\n<script type=\"application\/ld+json\" class=\"yoast-schema-graph\">{\"@context\":\"https:\/\/schema.org\",\"@graph\":[{\"@type\":\"Article\",\"@id\":\"https:\/\/ptrans.fr\/societe-de-transport-international-maroc\/#article\",\"isPartOf\":{\"@id\":\"https:\/\/ptrans.fr\/societe-de-transport-international-maroc\/\"},\"author\":{\"name\":\"admin\",\"@id\":\"https:\/\/ptrans.fr\/#\/schema\/person\/3a50d5b251b4df119e3598a32b8ce67c\"},\"headline\":\"Soci\u00e9t\u00e9 De Transport International Maroc\",\"datePublished\":\"2022-12-31T09:33:33+00:00\",\"dateModified\":\"2022-12-31T10:02:55+00:00\",\"mainEntityOfPage\":{\"@id\":\"https:\/\/ptrans.fr\/societe-de-transport-international-maroc\/\"},\"wordCount\":327,\"publisher\":{\"@id\":\"https:\/\/ptrans.fr\/#organization\"},\"image\":{\"@id\":\"https:\/\/ptrans.fr\/societe-de-transport-international-maroc\/#primaryimage\"},\"thumbnailUrl\":\"http:\/\/ptrans.fr\/wp-content\/uploads\/2022\/12\/societe-de-transport-international-maroc-1024x635.png\",\"inLanguage\":\"en-GB\"},{\"@type\":\"WebPage\",\"@id\":\"https:\/\/ptrans.fr\/societe-de-transport-international-maroc\/\",\"url\":\"https:\/\/ptrans.fr\/societe-de-transport-international-maroc\/\",\"name\":\"Soci\u00e9t\u00e9 De Transport International Maroc | T\u00e9l : +33187653676\",\"isPartOf\":{\"@id\":\"https:\/\/ptrans.fr\/#website\"},\"primaryImageOfPage\":{\"@id\":\"https:\/\/ptrans.fr\/societe-de-transport-international-maroc\/#primaryimage\"},\"image\":{\"@id\":\"https:\/\/ptrans.fr\/societe-de-transport-international-maroc\/#primaryimage\"},\"thumbnailUrl\":\"http:\/\/ptrans.fr\/wp-content\/uploads\/2022\/12\/societe-de-transport-international-maroc-1024x635.png\",\"datePublished\":\"2022-12-31T09:33:33+00:00\",\"dateModified\":\"2022-12-31T10:02:55+00:00\",\"description\":\"Ptrans soci\u00e9t\u00e9 de transport international Maroc. T\u00e9l : +33187653676 | Mail : s.p@ptrans.fr. Contacter-nous!\",\"inLanguage\":\"en-GB\",\"potentialAction\":[{\"@type\":\"ReadAction\",\"target\":[\"https:\/\/ptrans.fr\/societe-de-transport-international-maroc\/\"]}]},{\"@type\":\"ImageObject\",\"inLanguage\":\"en-GB\",\"@id\":\"https:\/\/ptrans.fr\/societe-de-transport-international-maroc\/#primaryimage\",\"url\":\"http:\/\/ptrans.fr\/wp-content\/uploads\/2022\/12\/societe-de-transport-international-maroc-1024x635.png\",\"contentUrl\":\"http:\/\/ptrans.fr\/wp-content\/uploads\/2022\/12\/societe-de-transport-international-maroc-1024x635.png\"},{\"@type\":\"WebSite\",\"@id\":\"https:\/\/ptrans.fr\/#website\",\"url\":\"https:\/\/ptrans.fr\/\",\"name\":\"Ptrans Soci\u00e9t\u00e9 De Transport Et D\u00e9m\u00e9nagement International Maroc\",\"description\":\"Ptrans Votre Transporteur &amp; D\u00e9m\u00e9nageur Vers Le Maroc\",\"publisher\":{\"@id\":\"https:\/\/ptrans.fr\/#organization\"},\"alternateName\":\"Ptrans\",\"potentialAction\":[{\"@type\":\"SearchAction\",\"target\":{\"@type\":\"EntryPoint\",\"urlTemplate\":\"https:\/\/ptrans.fr\/?s={search_term_string}\"},\"query-input\":\"required name=search_term_string\"}],\"inLanguage\":\"en-GB\"},{\"@type\":\"Organization\",\"@id\":\"https:\/\/ptrans.fr\/#organization\",\"name\":\"Ptrans Soci\u00e9t\u00e9 De Transport Et D\u00e9m\u00e9nagements International Entre Le Maroc Et Le Reste Du Monde\",\"url\":\"https:\/\/ptrans.fr\/\",\"logo\":{\"@type\":\"ImageObject\",\"inLanguage\":\"en-GB\",\"@id\":\"https:\/\/ptrans.fr\/#\/schema\/logo\/image\/\",\"url\":\"http:\/\/ptrans.fr\/wp-content\/uploads\/2022\/08\/P.trans-logi_Plan-de-travail-1.png\",\"contentUrl\":\"http:\/\/ptrans.fr\/wp-content\/uploads\/2022\/08\/P.trans-logi_Plan-de-travail-1.png\",\"width\":2481,\"height\":1076,\"caption\":\"Ptrans Soci\u00e9t\u00e9 De Transport Et D\u00e9m\u00e9nagements International Entre Le Maroc Et Le Reste Du Monde\"},\"image\":{\"@id\":\"https:\/\/ptrans.fr\/#\/schema\/logo\/image\/\"},\"sameAs\":[\"https:\/\/www.facebook.com\/PlogisticsEurope\"]},{\"@type\":\"Person\",\"@id\":\"https:\/\/ptrans.fr\/#\/schema\/person\/3a50d5b251b4df119e3598a32b8ce67c\",\"name\":\"admin\",\"image\":{\"@type\":\"ImageObject\",\"inLanguage\":\"en-GB\",\"@id\":\"https:\/\/ptrans.fr\/#\/schema\/person\/image\/\",\"url\":\"https:\/\/secure.gravatar.com\/avatar\/f1ed11851bb8c89ef1f06d655ba0bd00?s=96&d=mm&r=g\",\"contentUrl\":\"https:\/\/secure.gravatar.com\/avatar\/f1ed11851bb8c89ef1f06d655ba0bd00?s=96&d=mm&r=g\",\"caption\":\"admin\"},\"url\":\"https:\/\/ptrans.fr\/en\/author\/admin\/\"}]}<\/script>\n<!-- \/ Yoast SEO plugin. -->","yoast_head_json":{"title":"Soci\u00e9t\u00e9 De Transport International Maroc | T\u00e9l : +33187653676","description":"Ptrans soci\u00e9t\u00e9 de transport international Maroc. T\u00e9l : +33187653676 | Mail : s.p@ptrans.fr. Contacter-nous!","robots":{"index":"index","follow":"follow","max-snippet":"max-snippet:-1","max-image-preview":"max-image-preview:large","max-video-preview":"max-video-preview:-1"},"canonical":"https:\/\/ptrans.fr\/en\/societe-de-transport-international-maroc\/","og_locale":"en_GB","og_type":"article","og_title":"Soci\u00e9t\u00e9 De Transport International Maroc | T\u00e9l : +33187653676","og_description":"Ptrans soci\u00e9t\u00e9 de transport international Maroc. T\u00e9l : +33187653676 | Mail : s.p@ptrans.fr. Contacter-nous!","og_url":"https:\/\/ptrans.fr\/en\/societe-de-transport-international-maroc\/","og_site_name":"Ptrans Soci\u00e9t\u00e9 De Transport &amp; D\u00e9m\u00e9nagements International Entre Le Maroc Et Le Reste Du Monde","article_publisher":"https:\/\/www.facebook.com\/PlogisticsEurope","article_modified_time":"2022-12-31T10:02:55+00:00","og_image":[{"url":"http:\/\/ptrans.fr\/wp-content\/uploads\/2022\/12\/societe-de-transport-international-maroc-1024x635.png"}],"twitter_misc":{"Estimated reading time":"3 minutes"},"schema":{"@context":"https:\/\/schema.org","@graph":[{"@type":"Article","@id":"https:\/\/ptrans.fr\/societe-de-transport-international-maroc\/#article","isPartOf":{"@id":"https:\/\/ptrans.fr\/societe-de-transport-international-maroc\/"},"author":{"name":"admin","@id":"https:\/\/ptrans.fr\/#\/schema\/person\/3a50d5b251b4df119e3598a32b8ce67c"},"headline":"Soci\u00e9t\u00e9 De Transport International Maroc","datePublished":"2022-12-31T09:33:33+00:00","dateModified":"2022-12-31T10:02:55+00:00","mainEntityOfPage":{"@id":"https:\/\/ptrans.fr\/societe-de-transport-international-maroc\/"},"wordCount":327,"publisher":{"@id":"https:\/\/ptrans.fr\/#organization"},"image":{"@id":"https:\/\/ptrans.fr\/societe-de-transport-international-maroc\/#primaryimage"},"thumbnailUrl":"http:\/\/ptrans.fr\/wp-content\/uploads\/2022\/12\/societe-de-transport-international-maroc-1024x635.png","inLanguage":"en-GB"},{"@type":"WebPage","@id":"https:\/\/ptrans.fr\/societe-de-transport-international-maroc\/","url":"https:\/\/ptrans.fr\/societe-de-transport-international-maroc\/","name":"Soci\u00e9t\u00e9 De Transport International Maroc | T\u00e9l : +33187653676","isPartOf":{"@id":"https:\/\/ptrans.fr\/#website"},"primaryImageOfPage":{"@id":"https:\/\/ptrans.fr\/societe-de-transport-international-maroc\/#primaryimage"},"image":{"@id":"https:\/\/ptrans.fr\/societe-de-transport-international-maroc\/#primaryimage"},"thumbnailUrl":"http:\/\/ptrans.fr\/wp-content\/uploads\/2022\/12\/societe-de-transport-international-maroc-1024x635.png","datePublished":"2022-12-31T09:33:33+00:00","dateModified":"2022-12-31T10:02:55+00:00","description":"Ptrans soci\u00e9t\u00e9 de transport international Maroc. T\u00e9l : +33187653676 | Mail : s.p@ptrans.fr. Contacter-nous!","inLanguage":"en-GB","potentialAction":[{"@type":"ReadAction","target":["https:\/\/ptrans.fr\/societe-de-transport-international-maroc\/"]}]},{"@type":"ImageObject","inLanguage":"en-GB","@id":"https:\/\/ptrans.fr\/societe-de-transport-international-maroc\/#primaryimage","url":"http:\/\/ptrans.fr\/wp-content\/uploads\/2022\/12\/societe-de-transport-international-maroc-1024x635.png","contentUrl":"http:\/\/ptrans.fr\/wp-content\/uploads\/2022\/12\/societe-de-transport-international-maroc-1024x635.png"},{"@type":"WebSite","@id":"https:\/\/ptrans.fr\/#website","url":"https:\/\/ptrans.fr\/","name":"Ptrans Soci\u00e9t\u00e9 De Transport Et D\u00e9m\u00e9nagement International Maroc","description":"Ptrans Votre Transporteur &amp; D\u00e9m\u00e9nageur Vers Le Maroc","publisher":{"@id":"https:\/\/ptrans.fr\/#organization"},"alternateName":"Ptrans","potentialAction":[{"@type":"SearchAction","target":{"@type":"EntryPoint","urlTemplate":"https:\/\/ptrans.fr\/?s={search_term_string}"},"query-input":"required name=search_term_string"}],"inLanguage":"en-GB"},{"@type":"Organization","@id":"https:\/\/ptrans.fr\/#organization","name":"Ptrans Soci\u00e9t\u00e9 De Transport Et D\u00e9m\u00e9nagements International Entre Le Maroc Et Le Reste Du Monde","url":"https:\/\/ptrans.fr\/","logo":{"@type":"ImageObject","inLanguage":"en-GB","@id":"https:\/\/ptrans.fr\/#\/schema\/logo\/image\/","url":"http:\/\/ptrans.fr\/wp-content\/uploads\/2022\/08\/P.trans-logi_Plan-de-travail-1.png","contentUrl":"http:\/\/ptrans.fr\/wp-content\/uploads\/2022\/08\/P.trans-logi_Plan-de-travail-1.png","width":2481,"height":1076,"caption":"Ptrans Soci\u00e9t\u00e9 De Transport Et D\u00e9m\u00e9nagements International Entre Le Maroc Et Le Reste Du Monde"},"image":{"@id":"https:\/\/ptrans.fr\/#\/schema\/logo\/image\/"},"sameAs":["https:\/\/www.facebook.com\/PlogisticsEurope"]},{"@type":"Person","@id":"https:\/\/ptrans.fr\/#\/schema\/person\/3a50d5b251b4df119e3598a32b8ce67c","name":"admin","image":{"@type":"ImageObject","inLanguage":"en-GB","@id":"https:\/\/ptrans.fr\/#\/schema\/person\/image\/","url":"https:\/\/secure.gravatar.com\/avatar\/f1ed11851bb8c89ef1f06d655ba0bd00?s=96&d=mm&r=g","contentUrl":"https:\/\/secure.gravatar.com\/avatar\/f1ed11851bb8c89ef1f06d655ba0bd00?s=96&d=mm&r=g","caption":"admin"},"url":"https:\/\/ptrans.fr\/en\/author\/admin\/"}]}},"jetpack_sharing_enabled":true,"jetpack_likes_enabled":true,"_links":{"self":[{"href":"https:\/\/ptrans.fr\/en\/wp-json\/wp\/v2\/pages\/9783"}],"collection":[{"href":"https:\/\/ptrans.fr\/en\/wp-json\/wp\/v2\/pages"}],"about":[{"href":"https:\/\/ptrans.fr\/en\/wp-json\/wp\/v2\/types\/page"}],"author":[{"embeddable":true,"href":"https:\/\/ptrans.fr\/en\/wp-json\/wp\/v2\/users\/1"}],"replies":[{"embeddable":true,"href":"https:\/\/ptrans.fr\/en\/wp-json\/wp\/v2\/comments?post=9783"}],"version-history":[{"count":0,"href":"https:\/\/ptrans.fr\/en\/wp-json\/wp\/v2\/pages\/9783\/revisions"}],"wp:attachment":[{"href":"https:\/\/ptrans.fr\/en\/wp-json\/wp\/v2\/media?parent=9783"}],"curies":[{"name":"wp","href":"https:\/\/api.w.org\/{rel}","templated":true}]}}