{"id":14902,"date":"2024-03-24T15:36:49","date_gmt":"2024-03-24T14:36:49","guid":{"rendered":"https:\/\/ptrans.fr\/?page_id=14902"},"modified":"2024-03-25T03:25:00","modified_gmt":"2024-03-25T02:25:00","slug":"besoin-transport","status":"publish","type":"page","link":"https:\/\/ptrans.fr\/es\/besoin-transport\/","title":{"rendered":"<p>besoin transport<\/p>"},"content":{"rendered":"<section class=\"wpb-content-wrapper\"><div class=\"vc_row wpb_row vc_row-fluid\"><div class=\"wpb_column vc_column_container vc_col-sm-12\"><div class=\"vc_column-inner\"><div class=\"wpb_wrapper\">\n\t<div class=\"wpb_text_column wpb_content_element\">\n\t\t<div class=\"wpb_wrapper\">\n\t\t\t<h1 style=\"text-align: center;\"><strong><span style=\"color: #333333;\">Votre Besoin En Transport ?<\/span><\/strong><\/h1>\n\n\t\t<\/div>\n\t<\/div>\n<\/div><\/div><\/div><\/div><div class=\"vc_row wpb_row vc_row-fluid\"><div class=\"wpb_column vc_column_container vc_col-sm-4\"><div class=\"vc_column-inner\"><div class=\"wpb_wrapper\">\n\t<div class=\"wpb_single_image wpb_content_element vc_align_center\">\n\t\t\n\t\t<figure class=\"wpb_wrapper vc_figure\">\n\t\t\t<div class=\"vc_single_image-wrapper vc_box_rounded  vc_box_border_grey\"><img loading=\"lazy\" decoding=\"async\" width=\"500\" height=\"500\" src=\"https:\/\/ptrans.fr\/wp-content\/uploads\/2024\/03\/Camion-Complet-1.png\" class=\"vc_single_image-img attachment-large\" alt=\"\" title=\"Camion Complet\" srcset=\"https:\/\/ptrans.fr\/wp-content\/uploads\/2024\/03\/Camion-Complet-1.png 500w, https:\/\/ptrans.fr\/wp-content\/uploads\/2024\/03\/Camion-Complet-1-300x300.png 300w, https:\/\/ptrans.fr\/wp-content\/uploads\/2024\/03\/Camion-Complet-1-150x150.png 150w, https:\/\/ptrans.fr\/wp-content\/uploads\/2024\/03\/Camion-Complet-1-12x12.png 12w, https:\/\/ptrans.fr\/wp-content\/uploads\/2024\/03\/Camion-Complet-1-320x320.png 320w\" sizes=\"(max-width: 500px) 100vw, 500px\"><\/div>\n\t\t<\/figure>\n\t<\/div>\n<div class=\"vc_btn3-container vc_btn3-center\"><button class=\"vc_general vc_btn3 vc_btn3-size-md vc_btn3-shape-square vc_btn3-style-flat vc_btn3-block vc_btn3-color-mulled-wine\">Nos Tarifs<\/button><\/div><\/div><\/div><\/div><div class=\"wpb_column vc_column_container vc_col-sm-4\"><div class=\"vc_column-inner\"><div class=\"wpb_wrapper\">\n\t<div class=\"wpb_single_image wpb_content_element vc_align_center\">\n\t\t\n\t\t<figure class=\"wpb_wrapper vc_figure\">\n\t\t\t<div class=\"vc_single_image-wrapper vc_box_rounded  vc_box_border_grey\"><img loading=\"lazy\" decoding=\"async\" width=\"500\" height=\"500\" src=\"https:\/\/ptrans.fr\/wp-content\/uploads\/2024\/03\/3-2.png\" class=\"vc_single_image-img attachment-large\" alt=\"\" title=\"3\" srcset=\"https:\/\/ptrans.fr\/wp-content\/uploads\/2024\/03\/3-2.png 500w, https:\/\/ptrans.fr\/wp-content\/uploads\/2024\/03\/3-2-300x300.png 300w, https:\/\/ptrans.fr\/wp-content\/uploads\/2024\/03\/3-2-150x150.png 150w, https:\/\/ptrans.fr\/wp-content\/uploads\/2024\/03\/3-2-12x12.png 12w, https:\/\/ptrans.fr\/wp-content\/uploads\/2024\/03\/3-2-320x320.png 320w\" sizes=\"(max-width: 500px) 100vw, 500px\"><\/div>\n\t\t<\/figure>\n\t<\/div>\n<div class=\"vc_btn3-container vc_btn3-center\"><button class=\"vc_general vc_btn3 vc_btn3-size-md vc_btn3-shape-square vc_btn3-style-flat vc_btn3-block vc_btn3-color-mulled-wine\">Nos Tarifs<\/button><\/div><\/div><\/div><\/div><div class=\"wpb_column vc_column_container vc_col-sm-4\"><div class=\"vc_column-inner\"><div class=\"wpb_wrapper\">\n\t<div class=\"wpb_single_image wpb_content_element vc_align_center\">\n\t\t\n\t\t<figure class=\"wpb_wrapper vc_figure\">\n\t\t\t<div class=\"vc_single_image-wrapper vc_box_rounded  vc_box_border_grey\"><img loading=\"lazy\" decoding=\"async\" width=\"500\" height=\"500\" src=\"https:\/\/ptrans.fr\/wp-content\/uploads\/2024\/03\/4-1.png\" class=\"vc_single_image-img attachment-large\" alt=\"\" title=\"4\" srcset=\"https:\/\/ptrans.fr\/wp-content\/uploads\/2024\/03\/4-1.png 500w, https:\/\/ptrans.fr\/wp-content\/uploads\/2024\/03\/4-1-300x300.png 300w, https:\/\/ptrans.fr\/wp-content\/uploads\/2024\/03\/4-1-150x150.png 150w, https:\/\/ptrans.fr\/wp-content\/uploads\/2024\/03\/4-1-12x12.png 12w, https:\/\/ptrans.fr\/wp-content\/uploads\/2024\/03\/4-1-320x320.png 320w\" sizes=\"(max-width: 500px) 100vw, 500px\"><\/div>\n\t\t<\/figure>\n\t<\/div>\n<div class=\"vc_btn3-container vc_btn3-center\"><button class=\"vc_general vc_btn3 vc_btn3-size-md vc_btn3-shape-square vc_btn3-style-flat vc_btn3-block vc_btn3-color-mulled-wine\">Nos Tarifs<\/button><\/div><\/div><\/div><\/div><\/div><div class=\"vc_row wpb_row vc_row-fluid\"><div class=\"wpb_column vc_column_container vc_col-sm-4\"><div class=\"vc_column-inner\"><div class=\"wpb_wrapper\">\n\t<div class=\"wpb_single_image wpb_content_element vc_align_center\">\n\t\t\n\t\t<figure class=\"wpb_wrapper vc_figure\">\n\t\t\t<div class=\"vc_single_image-wrapper vc_box_rounded  vc_box_border_grey\"><img loading=\"lazy\" decoding=\"async\" width=\"500\" height=\"500\" src=\"https:\/\/ptrans.fr\/wp-content\/uploads\/2024\/03\/5.png\" class=\"vc_single_image-img attachment-large\" alt=\"\" title=\"5\" srcset=\"https:\/\/ptrans.fr\/wp-content\/uploads\/2024\/03\/5.png 500w, https:\/\/ptrans.fr\/wp-content\/uploads\/2024\/03\/5-300x300.png 300w, https:\/\/ptrans.fr\/wp-content\/uploads\/2024\/03\/5-150x150.png 150w, https:\/\/ptrans.fr\/wp-content\/uploads\/2024\/03\/5-12x12.png 12w, https:\/\/ptrans.fr\/wp-content\/uploads\/2024\/03\/5-320x320.png 320w\" sizes=\"(max-width: 500px) 100vw, 500px\"><\/div>\n\t\t<\/figure>\n\t<\/div>\n<div class=\"vc_btn3-container vc_btn3-center\"><button class=\"vc_general vc_btn3 vc_btn3-size-md vc_btn3-shape-square vc_btn3-style-flat vc_btn3-block vc_btn3-color-mulled-wine\">Nos Tarifs<\/button><\/div><\/div><\/div><\/div><div class=\"wpb_column vc_column_container vc_col-sm-4\"><div class=\"vc_column-inner\"><div class=\"wpb_wrapper\">\n\t<div class=\"wpb_single_image wpb_content_element vc_align_center\">\n\t\t\n\t\t<figure class=\"wpb_wrapper vc_figure\">\n\t\t\t<div class=\"vc_single_image-wrapper vc_box_rounded  vc_box_border_grey\"><img loading=\"lazy\" decoding=\"async\" width=\"500\" height=\"500\" src=\"https:\/\/ptrans.fr\/wp-content\/uploads\/2024\/03\/6-1.png\" class=\"vc_single_image-img attachment-large\" alt=\"\" title=\"6\" srcset=\"https:\/\/ptrans.fr\/wp-content\/uploads\/2024\/03\/6-1.png 500w, https:\/\/ptrans.fr\/wp-content\/uploads\/2024\/03\/6-1-300x300.png 300w, https:\/\/ptrans.fr\/wp-content\/uploads\/2024\/03\/6-1-150x150.png 150w, https:\/\/ptrans.fr\/wp-content\/uploads\/2024\/03\/6-1-12x12.png 12w, https:\/\/ptrans.fr\/wp-content\/uploads\/2024\/03\/6-1-320x320.png 320w\" sizes=\"(max-width: 500px) 100vw, 500px\"><\/div>\n\t\t<\/figure>\n\t<\/div>\n<div class=\"vc_btn3-container vc_btn3-center\"><button class=\"vc_general vc_btn3 vc_btn3-size-md vc_btn3-shape-square vc_btn3-style-flat vc_btn3-block vc_btn3-color-mulled-wine\">Nos Tarifs<\/button><\/div><\/div><\/div><\/div><div class=\"wpb_column vc_column_container vc_col-sm-4\"><div class=\"vc_column-inner\"><div class=\"wpb_wrapper\">\n\t<div class=\"wpb_single_image wpb_content_element vc_align_center\">\n\t\t\n\t\t<figure class=\"wpb_wrapper vc_figure\">\n\t\t\t<div class=\"vc_single_image-wrapper vc_box_rounded  vc_box_border_grey\"><img loading=\"lazy\" decoding=\"async\" width=\"500\" height=\"500\" src=\"https:\/\/ptrans.fr\/wp-content\/uploads\/2024\/03\/7-1.png\" class=\"vc_single_image-img attachment-large\" alt=\"Groupage and Full Truck Load Transport between Morocco and Spain\" title=\"Groupage and Full Truck Load Transport between Morocco and Spain\" srcset=\"https:\/\/ptrans.fr\/wp-content\/uploads\/2024\/03\/7-1.png 500w, https:\/\/ptrans.fr\/wp-content\/uploads\/2024\/03\/7-1-300x300.png 300w, https:\/\/ptrans.fr\/wp-content\/uploads\/2024\/03\/7-1-150x150.png 150w, https:\/\/ptrans.fr\/wp-content\/uploads\/2024\/03\/7-1-12x12.png 12w, https:\/\/ptrans.fr\/wp-content\/uploads\/2024\/03\/7-1-320x320.png 320w\" sizes=\"(max-width: 500px) 100vw, 500px\"><\/div>\n\t\t<\/figure>\n\t<\/div>\n<div class=\"vc_btn3-container vc_btn3-center\"><button class=\"vc_general vc_btn3 vc_btn3-size-md vc_btn3-shape-square vc_btn3-style-flat vc_btn3-block vc_btn3-color-mulled-wine\">Nos Tarifs<\/button><\/div><\/div><\/div><\/div><\/div>\n<\/section>","protected":false},"excerpt":{"rendered":"<p>Votre Besoin En Transport ? Nos Tarifs Nos Tarifs Nos Tarifs Nos Tarifs Nos Tarifs [...]<\/p>","protected":false},"author":1,"featured_media":0,"parent":0,"menu_order":0,"comment_status":"closed","ping_status":"closed","template":"","meta":{"footnotes":""},"yoast_head":"<!-- This site is optimized with the Yoast SEO plugin v22.8 - https:\/\/yoast.com\/wordpress\/plugins\/seo\/ -->\n<title>besoin transport - T\u00e9l : +212 663 23 23 00<\/title>\n<meta name=\"description\" content=\"besoin transport - Ptrans Soci\u00e9t\u00e9 De Transport &amp; D\u00e9m\u00e9nagements International Entre Le Maroc Et Le Reste Du Monde - T\u00e9l : +212 663 23 23 00 - Mail : s.p@ptrans.fr\" \/>\n<meta name=\"robots\" content=\"index, follow, max-snippet:-1, max-image-preview:large, max-video-preview:-1\" \/>\n<link rel=\"canonical\" href=\"https:\/\/ptrans.fr\/es\/besoin-transport\/\" \/>\n<meta property=\"og:locale\" content=\"es_ES\" \/>\n<meta property=\"og:type\" content=\"article\" \/>\n<meta property=\"og:title\" content=\"besoin transport - T\u00e9l : +212 663 23 23 00\" \/>\n<meta property=\"og:description\" content=\"besoin transport - Ptrans Soci\u00e9t\u00e9 De Transport &amp; D\u00e9m\u00e9nagements International Entre Le Maroc Et Le Reste Du Monde - T\u00e9l : +212 663 23 23 00 - Mail : s.p@ptrans.fr\" \/>\n<meta property=\"og:url\" content=\"https:\/\/ptrans.fr\/es\/besoin-transport\/\" \/>\n<meta property=\"og:site_name\" content=\"Ptrans Soci\u00e9t\u00e9 De Transport &amp; D\u00e9m\u00e9nagements International Entre Le Maroc Et Le Reste Du Monde\" \/>\n<meta property=\"article:publisher\" content=\"https:\/\/www.facebook.com\/PlogisticsEurope\" \/>\n<meta property=\"article:modified_time\" content=\"2024-03-25T02:25:00+00:00\" \/>\n<meta property=\"og:image\" content=\"https:\/\/ptrans.fr\/wp-content\/uploads\/2022\/09\/societe-demenagement-international-oujda.jpg\" \/>\n\t<meta property=\"og:image:width\" content=\"1160\" \/>\n\t<meta property=\"og:image:height\" content=\"870\" \/>\n\t<meta property=\"og:image:type\" content=\"image\/jpeg\" \/>\n<meta name=\"twitter:label1\" content=\"Tiempo de lectura\" \/>\n\t<meta name=\"twitter:data1\" content=\"2 minutos\" \/>\n<script type=\"application\/ld+json\" class=\"yoast-schema-graph\">{\"@context\":\"https:\/\/schema.org\",\"@graph\":[{\"@type\":\"Article\",\"@id\":\"https:\/\/ptrans.fr\/besoin-transport\/#article\",\"isPartOf\":{\"@id\":\"https:\/\/ptrans.fr\/besoin-transport\/\"},\"author\":{\"name\":\"admin\",\"@id\":\"https:\/\/ptrans.fr\/#\/schema\/person\/3a50d5b251b4df119e3598a32b8ce67c\"},\"headline\":\"besoin transport\",\"datePublished\":\"2024-03-24T14:36:49+00:00\",\"dateModified\":\"2024-03-25T02:25:00+00:00\",\"mainEntityOfPage\":{\"@id\":\"https:\/\/ptrans.fr\/besoin-transport\/\"},\"wordCount\":232,\"publisher\":{\"@id\":\"https:\/\/ptrans.fr\/#organization\"},\"inLanguage\":\"es\"},{\"@type\":\"WebPage\",\"@id\":\"https:\/\/ptrans.fr\/besoin-transport\/\",\"url\":\"https:\/\/ptrans.fr\/besoin-transport\/\",\"name\":\"besoin transport - T\u00e9l : +212 663 23 23 00\",\"isPartOf\":{\"@id\":\"https:\/\/ptrans.fr\/#website\"},\"datePublished\":\"2024-03-24T14:36:49+00:00\",\"dateModified\":\"2024-03-25T02:25:00+00:00\",\"description\":\"besoin transport - Ptrans Soci\u00e9t\u00e9 De Transport &amp; D\u00e9m\u00e9nagements International Entre Le Maroc Et Le Reste Du Monde - T\u00e9l : +212 663 23 23 00 - Mail : s.p@ptrans.fr\",\"inLanguage\":\"es\",\"potentialAction\":[{\"@type\":\"ReadAction\",\"target\":[\"https:\/\/ptrans.fr\/besoin-transport\/\"]}]},{\"@type\":\"WebSite\",\"@id\":\"https:\/\/ptrans.fr\/#website\",\"url\":\"https:\/\/ptrans.fr\/\",\"name\":\"Ptrans Soci\u00e9t\u00e9 De Transport Et D\u00e9m\u00e9nagement International Maroc\",\"description\":\"Ptrans Votre Transporteur &amp; D\u00e9m\u00e9nageur Vers Le Maroc\",\"publisher\":{\"@id\":\"https:\/\/ptrans.fr\/#organization\"},\"alternateName\":\"Ptrans\",\"potentialAction\":[{\"@type\":\"SearchAction\",\"target\":{\"@type\":\"EntryPoint\",\"urlTemplate\":\"https:\/\/ptrans.fr\/?s={search_term_string}\"},\"query-input\":\"required name=search_term_string\"}],\"inLanguage\":\"es\"},{\"@type\":\"Organization\",\"@id\":\"https:\/\/ptrans.fr\/#organization\",\"name\":\"Ptrans Soci\u00e9t\u00e9 De Transport Et D\u00e9m\u00e9nagements International Entre Le Maroc Et Le Reste Du Monde\",\"url\":\"https:\/\/ptrans.fr\/\",\"logo\":{\"@type\":\"ImageObject\",\"inLanguage\":\"es\",\"@id\":\"https:\/\/ptrans.fr\/#\/schema\/logo\/image\/\",\"url\":\"http:\/\/ptrans.fr\/wp-content\/uploads\/2022\/08\/P.trans-logi_Plan-de-travail-1.png\",\"contentUrl\":\"http:\/\/ptrans.fr\/wp-content\/uploads\/2022\/08\/P.trans-logi_Plan-de-travail-1.png\",\"width\":2481,\"height\":1076,\"caption\":\"Ptrans Soci\u00e9t\u00e9 De Transport Et D\u00e9m\u00e9nagements International Entre Le Maroc Et Le Reste Du Monde\"},\"image\":{\"@id\":\"https:\/\/ptrans.fr\/#\/schema\/logo\/image\/\"},\"sameAs\":[\"https:\/\/www.facebook.com\/PlogisticsEurope\"]},{\"@type\":\"Person\",\"@id\":\"https:\/\/ptrans.fr\/#\/schema\/person\/3a50d5b251b4df119e3598a32b8ce67c\",\"name\":\"admin\",\"image\":{\"@type\":\"ImageObject\",\"inLanguage\":\"es\",\"@id\":\"https:\/\/ptrans.fr\/#\/schema\/person\/image\/\",\"url\":\"https:\/\/secure.gravatar.com\/avatar\/f1ed11851bb8c89ef1f06d655ba0bd00?s=96&d=mm&r=g\",\"contentUrl\":\"https:\/\/secure.gravatar.com\/avatar\/f1ed11851bb8c89ef1f06d655ba0bd00?s=96&d=mm&r=g\",\"caption\":\"admin\"},\"url\":\"https:\/\/ptrans.fr\/es\/author\/admin\/\"}]}<\/script>\n<!-- \/ Yoast SEO plugin. -->","yoast_head_json":{"title":"besoin transport - T\u00e9l : +212 663 23 23 00","description":"besoin transport - Ptrans Soci\u00e9t\u00e9 De Transport &amp; D\u00e9m\u00e9nagements International Entre Le Maroc Et Le Reste Du Monde - T\u00e9l : +212 663 23 23 00 - Mail : s.p@ptrans.fr","robots":{"index":"index","follow":"follow","max-snippet":"max-snippet:-1","max-image-preview":"max-image-preview:large","max-video-preview":"max-video-preview:-1"},"canonical":"https:\/\/ptrans.fr\/es\/besoin-transport\/","og_locale":"es_ES","og_type":"article","og_title":"besoin transport - T\u00e9l : +212 663 23 23 00","og_description":"besoin transport - Ptrans Soci\u00e9t\u00e9 De Transport &amp; D\u00e9m\u00e9nagements International Entre Le Maroc Et Le Reste Du Monde - T\u00e9l : +212 663 23 23 00 - Mail : s.p@ptrans.fr","og_url":"https:\/\/ptrans.fr\/es\/besoin-transport\/","og_site_name":"Ptrans Soci\u00e9t\u00e9 De Transport &amp; D\u00e9m\u00e9nagements International Entre Le Maroc Et Le Reste Du Monde","article_publisher":"https:\/\/www.facebook.com\/PlogisticsEurope","article_modified_time":"2024-03-25T02:25:00+00:00","og_image":[{"width":1160,"height":870,"url":"https:\/\/ptrans.fr\/wp-content\/uploads\/2022\/09\/societe-demenagement-international-oujda.jpg","type":"image\/jpeg"}],"twitter_misc":{"Tiempo de lectura":"2 minutos"},"schema":{"@context":"https:\/\/schema.org","@graph":[{"@type":"Article","@id":"https:\/\/ptrans.fr\/besoin-transport\/#article","isPartOf":{"@id":"https:\/\/ptrans.fr\/besoin-transport\/"},"author":{"name":"admin","@id":"https:\/\/ptrans.fr\/#\/schema\/person\/3a50d5b251b4df119e3598a32b8ce67c"},"headline":"besoin transport","datePublished":"2024-03-24T14:36:49+00:00","dateModified":"2024-03-25T02:25:00+00:00","mainEntityOfPage":{"@id":"https:\/\/ptrans.fr\/besoin-transport\/"},"wordCount":232,"publisher":{"@id":"https:\/\/ptrans.fr\/#organization"},"inLanguage":"es"},{"@type":"WebPage","@id":"https:\/\/ptrans.fr\/besoin-transport\/","url":"https:\/\/ptrans.fr\/besoin-transport\/","name":"besoin transport - T\u00e9l : +212 663 23 23 00","isPartOf":{"@id":"https:\/\/ptrans.fr\/#website"},"datePublished":"2024-03-24T14:36:49+00:00","dateModified":"2024-03-25T02:25:00+00:00","description":"besoin transport - Ptrans Soci\u00e9t\u00e9 De Transport &amp; D\u00e9m\u00e9nagements International Entre Le Maroc Et Le Reste Du Monde - T\u00e9l : +212 663 23 23 00 - Mail : s.p@ptrans.fr","inLanguage":"es","potentialAction":[{"@type":"ReadAction","target":["https:\/\/ptrans.fr\/besoin-transport\/"]}]},{"@type":"WebSite","@id":"https:\/\/ptrans.fr\/#website","url":"https:\/\/ptrans.fr\/","name":"Ptrans Soci\u00e9t\u00e9 De Transport Et D\u00e9m\u00e9nagement International Maroc","description":"Ptrans Votre Transporteur &amp; D\u00e9m\u00e9nageur Vers Le Maroc","publisher":{"@id":"https:\/\/ptrans.fr\/#organization"},"alternateName":"Ptrans","potentialAction":[{"@type":"SearchAction","target":{"@type":"EntryPoint","urlTemplate":"https:\/\/ptrans.fr\/?s={search_term_string}"},"query-input":"required name=search_term_string"}],"inLanguage":"es"},{"@type":"Organization","@id":"https:\/\/ptrans.fr\/#organization","name":"Ptrans Soci\u00e9t\u00e9 De Transport Et D\u00e9m\u00e9nagements International Entre Le Maroc Et Le Reste Du Monde","url":"https:\/\/ptrans.fr\/","logo":{"@type":"ImageObject","inLanguage":"es","@id":"https:\/\/ptrans.fr\/#\/schema\/logo\/image\/","url":"http:\/\/ptrans.fr\/wp-content\/uploads\/2022\/08\/P.trans-logi_Plan-de-travail-1.png","contentUrl":"http:\/\/ptrans.fr\/wp-content\/uploads\/2022\/08\/P.trans-logi_Plan-de-travail-1.png","width":2481,"height":1076,"caption":"Ptrans Soci\u00e9t\u00e9 De Transport Et D\u00e9m\u00e9nagements International Entre Le Maroc Et Le Reste Du Monde"},"image":{"@id":"https:\/\/ptrans.fr\/#\/schema\/logo\/image\/"},"sameAs":["https:\/\/www.facebook.com\/PlogisticsEurope"]},{"@type":"Person","@id":"https:\/\/ptrans.fr\/#\/schema\/person\/3a50d5b251b4df119e3598a32b8ce67c","name":"admin","image":{"@type":"ImageObject","inLanguage":"es","@id":"https:\/\/ptrans.fr\/#\/schema\/person\/image\/","url":"https:\/\/secure.gravatar.com\/avatar\/f1ed11851bb8c89ef1f06d655ba0bd00?s=96&d=mm&r=g","contentUrl":"https:\/\/secure.gravatar.com\/avatar\/f1ed11851bb8c89ef1f06d655ba0bd00?s=96&d=mm&r=g","caption":"admin"},"url":"https:\/\/ptrans.fr\/es\/author\/admin\/"}]}},"jetpack_sharing_enabled":false,"jetpack_likes_enabled":false,"_links":{"self":[{"href":"https:\/\/ptrans.fr\/es\/wp-json\/wp\/v2\/pages\/14902"}],"collection":[{"href":"https:\/\/ptrans.fr\/es\/wp-json\/wp\/v2\/pages"}],"about":[{"href":"https:\/\/ptrans.fr\/es\/wp-json\/wp\/v2\/types\/page"}],"author":[{"embeddable":true,"href":"https:\/\/ptrans.fr\/es\/wp-json\/wp\/v2\/users\/1"}],"replies":[{"embeddable":true,"href":"https:\/\/ptrans.fr\/es\/wp-json\/wp\/v2\/comments?post=14902"}],"version-history":[{"count":19,"href":"https:\/\/ptrans.fr\/es\/wp-json\/wp\/v2\/pages\/14902\/revisions"}],"predecessor-version":[{"id":14939,"href":"https:\/\/ptrans.fr\/es\/wp-json\/wp\/v2\/pages\/14902\/revisions\/14939"}],"wp:attachment":[{"href":"https:\/\/ptrans.fr\/es\/wp-json\/wp\/v2\/media?parent=14902"}],"curies":[{"name":"wp","href":"https:\/\/api.w.org\/{rel}","templated":true}]}}