{"id":7494,"date":"2022-08-06T11:02:15","date_gmt":"2022-08-06T10:02:15","guid":{"rendered":"http:\/\/ptrans.fr\/?page_id=7494"},"modified":"2022-12-27T12:23:48","modified_gmt":"2022-12-27T11:23:48","slug":"demenagement-france-maroc","status":"publish","type":"page","link":"https:\/\/ptrans.fr\/es\/maroc-demenagement\/demenagement-france-maroc\/","title":{"rendered":"<p>d&eacute;m&eacute;nagement france maroc<\/p>"},"content":{"rendered":"<style>\/*! elementor - v3.9.2 - 21-12-2022 *\/<br \/>\n.elementor-column .elementor-spacer-inner{height:var(--spacer-size)}.e-con{--container-widget-width:100%}.e-con-inner>.elementor-widget-spacer,.e-con>.elementor-widget-spacer{width:var(--container-widget-width,var(--spacer-size));--align-self:var(--container-widget-align-self,initial);--flex-shrink:0}.e-con-inner>.elementor-widget-spacer>.elementor-widget-container,.e-con-inner>.elementor-widget-spacer>.elementor-widget-container>.elementor-spacer,.e-con>.elementor-widget-spacer>.elementor-widget-container,.e-con>.elementor-widget-spacer>.elementor-widget-container>.elementor-spacer{height:100%}.e-con-inner>.elementor-widget-spacer>.elementor-widget-container>.elementor-spacer>.elementor-spacer-inner,.e-con>.elementor-widget-spacer>.elementor-widget-container>.elementor-spacer>.elementor-spacer-inner{height:var(--container-widget-height,var(--spacer-size))}<style>\/*! elementor - v3.9.2 - 21-12-2022 *\/<br \/>\n.elementor-heading-title{padding:0;margin:0;line-height:1}.elementor-widget-heading .elementor-heading-title[class*=elementor-size-]>a{color:inherit;font-size:inherit;line-height:inherit}.elementor-widget-heading .elementor-heading-title.elementor-size-small{font-size:15px}.elementor-widget-heading .elementor-heading-title.elementor-size-medium{font-size:19px}.elementor-widget-heading .elementor-heading-title.elementor-size-large{font-size:29px}.elementor-widget-heading .elementor-heading-title.elementor-size-xl{font-size:39px}.elementor-widget-heading .elementor-heading-title.elementor-size-xxl{font-size:59px}<\/style><h1>\u00a1Tu mudanza Francia Marruecos con Ptrans-logistics!<\/h1><style>\/*! elementor - v3.9.2 - 21-12-2022 *\/<br \/>\n.elementor-widget-image{text-align:center}.elementor-widget-image a{display:inline-block}.elementor-widget-image a img[src$=\".svg\"]{width:48px}.elementor-widget-image img{vertical-align:middle;display:inline-block}<\/style><p>\t\t\t\t\t\t\t\t\t\t\t\t<img decoding=\"async\" width=\"1024\" height=\"635\" src=\"http:\/\/ptrans.fr\/wp-content\/uploads\/2022\/12\/demenagement-international-france-maroc-3-1024x635.png\" alt=\"d&eacute;m&eacute;nagement international france maroc 3\" loading=\"lazy\" srcset=\"https:\/\/ptrans.fr\/wp-content\/uploads\/2022\/12\/demenagement-international-france-maroc-3-1024x635.png 1024w, https:\/\/ptrans.fr\/wp-content\/uploads\/2022\/12\/demenagement-international-france-maroc-3-300x186.png 300w, https:\/\/ptrans.fr\/wp-content\/uploads\/2022\/12\/demenagement-international-france-maroc-3-768x476.png 768w, https:\/\/ptrans.fr\/wp-content\/uploads\/2022\/12\/demenagement-international-france-maroc-3-800x496.png 800w, https:\/\/ptrans.fr\/wp-content\/uploads\/2022\/12\/demenagement-international-france-maroc-3.png 1500w\" sizes=\"(max-width: 1024px) 100vw, 1024px\"><\/p><p>\u00bfEst\u00e1 buscando una forma econ\u00f3mica de mover sus pertenencias personales entre Francia y Marruecos? \u00a1No busque m\u00e1s all\u00e1 de Ptrans-logistics! Ofrecemos excelentes tarifas para mudanzas internacionales de efectos personales, lo que garantiza que todos sus art\u00edculos se transporten de manera segura. Nuestros servicios cubren ciudades de ambos pa\u00edses: Par\u00eds, Marsella, Lyon, Toulouse, Niza, Nantes, Montpellier, Estrasburgo y Burdeos en Francia; Ksar-el-kebir, Sale, Beni-mellal, Taza, Temara, Marrakech, Fes Casablanca, Agadir, T\u00e1nger ouarzazzate, oujda tetouan en Marruecos.<\/p><p><a href=\"https:\/\/ptrans.fr\/es\/estimer-le-prix\/\" role=\"button\"><br>\nNuestras tarifas en l\u00ednea<br>\n<\/a><\/p><h2 style=\"text-align: center;\"><strong>\u00bfC\u00f3mo se calculan las tarifas de mudanza Francia Marruecos?<\/strong><\/h2><p>En Ptrans-logistics queremos asegurarnos de que obtenga la mejor relaci\u00f3n calidad-precio cuando se mude de Francia a Marruecos. Por eso nuestros precios de mudanza se calculan en base a diferentes factores como el tama\u00f1o del env\u00edo y su destino. Cuando nos solicita una cotizaci\u00f3n, le proporcionamos un precio exacto que incluye todos los impuestos y cargos aplicables, \u00a1as\u00ed que no tendr\u00e1 sorpresas m\u00e1s adelante en el proceso!<\/p><p><img decoding=\"async\" width=\"1024\" height=\"448\" src=\"http:\/\/ptrans.fr\/wp-content\/uploads\/2022\/12\/demenagement-maroc-france-1024x448.png\" alt=\"d&eacute;m&eacute;nagement maroc france\" loading=\"lazy\" srcset=\"https:\/\/ptrans.fr\/wp-content\/uploads\/2022\/12\/demenagement-maroc-france-1024x448.png 1024w, https:\/\/ptrans.fr\/wp-content\/uploads\/2022\/12\/demenagement-maroc-france-300x131.png 300w, https:\/\/ptrans.fr\/wp-content\/uploads\/2022\/12\/demenagement-maroc-france-768x336.png 768w, https:\/\/ptrans.fr\/wp-content\/uploads\/2022\/12\/demenagement-maroc-france-1536x672.png 1536w, https:\/\/ptrans.fr\/wp-content\/uploads\/2022\/12\/demenagement-maroc-france-800x350.png 800w, https:\/\/ptrans.fr\/wp-content\/uploads\/2022\/12\/demenagement-maroc-france.png 1600w\" sizes=\"(max-width: 1024px) 100vw, 1024px\"><\/p><p>Con m\u00e1s de 10 a\u00f1os de experiencia en mudanzas internacionales, garantizamos un servicio de calidad a precios inmejorables. \u00a1Cont\u00e1ctenos hoy para averiguar cu\u00e1nto puede ahorrar con Ptrans-Logistics!<\/p><p>Esperamos poder ayudarlo a mover sus pertenencias de manera segura y conveniente entre Francia y Marruecos. \u00a1Cont\u00e1ctenos hoy para una cotizaci\u00f3n gratis!<\/p><h2 style=\"text-align: center;\"><strong>Ciudades servidas en Marruecos<\/strong><\/h2><p>\u00bfEst\u00e1s buscando trasladar tus pertenencias desde una de las ciudades des\u00e9rticas de Marruecos? Ptrans-Logistics brinda servicios para las principales ciudades del pa\u00eds, incluidas Ksar-el-kebir, Sale, Beni-mellal, Taza, Temara Marrakech, Fes Casablanca, Agadir Tangier ouarzazzate, oujda tetouan y m\u00e1s. Contamos con una flota de veh\u00edculos especializados que pueden manejar env\u00edos de cualquier tama\u00f1o y garantizar una entrega segura a cualquier destino. \u00a1Con nuestras tarifas competitivas y un excelente servicio al cliente, hacemos que mover sus art\u00edculos sea lo m\u00e1s sencillo posible!<\/p><p>Cont\u00e1ctenos hoy para obtener un presupuesto gratuito para su mudanza internacional entre Francia y Marruecos<\/p><p><a href=\"https:\/\/ptrans.fr\/es\/estimer-le-prix\/\" role=\"button\"><br>\nNuestras tarifas en l\u00ednea<br>\n<\/a><\/p><h2 style=\"text-align: center;\"><strong>Ciudades servidas en Francia<\/strong><\/h2><p>Ptrans-Logistics tambi\u00e9n brinda servicios para las principales ciudades de Francia, incluidas Par\u00eds, Marsella, Lyon, Toulouse, Niza, Nantes, Montpellier, Estrasburgo y Burdeos. Nuestro equipo de profesionales experimentados puede manejar su mudanza con facilidad y garantizar que todo se entregue de manera segura a su nuevo hogar u oficina. Entendemos el estr\u00e9s que conllevan las mudanzas internacionales, as\u00ed que haga que su transici\u00f3n sea lo m\u00e1s fluida posible.<\/p><h2><strong>\u00bfCu\u00e1les son los otros destinos servidos en Europa?<\/strong><\/h2><p>Adem\u00e1s de Francia y Marruecos, Ptrans-Logistics puede gestionar mudanzas internacionales desde y hacia varios destinos en Europa. Brindamos servicios para las principales ciudades de pa\u00edses como Espa\u00f1a, Italia, Alemania, Austria, Suiza, B\u00e9lgica, Pa\u00edses Bajos y m\u00e1s. Nuestro equipo de profesionales experimentados se esfuerza por brindar el mejor servicio posible a precios competitivos.<\/p><p>\u00a1Cont\u00e1ctenos hoy y comience su pr\u00f3ximo movimiento con Ptrans-Logistics! Esperamos poder ayudarle a transportar sus mercanc\u00edas de forma segura entre Europa y cualquier otro destino del mundo. \u00a1Solicite una cotizaci\u00f3n gratis ahora!<\/p><p><img decoding=\"async\" width=\"1024\" height=\"704\" src=\"http:\/\/ptrans.fr\/wp-content\/uploads\/2022\/12\/demenagement-europe-maroc-1024x704.png\" alt=\"d&eacute;m&eacute;nagement europe maroc\" loading=\"lazy\" srcset=\"https:\/\/ptrans.fr\/wp-content\/uploads\/2022\/12\/demenagement-europe-maroc-1024x704.png 1024w, https:\/\/ptrans.fr\/wp-content\/uploads\/2022\/12\/demenagement-europe-maroc-300x206.png 300w, https:\/\/ptrans.fr\/wp-content\/uploads\/2022\/12\/demenagement-europe-maroc-768x528.png 768w, https:\/\/ptrans.fr\/wp-content\/uploads\/2022\/12\/demenagement-europe-maroc-1536x1056.png 1536w, https:\/\/ptrans.fr\/wp-content\/uploads\/2022\/12\/demenagement-europe-maroc-800x550.png 800w, https:\/\/ptrans.fr\/wp-content\/uploads\/2022\/12\/demenagement-europe-maroc.png 1600w\" sizes=\"(max-width: 1024px) 100vw, 1024px\"><\/p><p>Si busca una manera econ\u00f3mica de mover sus efectos personales entre Francia y Marruecos, \u00a1conf\u00ede en Ptrans-Logistics! Cont\u00e1ctenos hoy para una cotizaci\u00f3n gratis y comience su pr\u00f3ximo viaje. \u00a1Esperamos poder ayudarte a mudarte al extranjero!<\/p><h2 style=\"text-align: center;\"><strong>\u00bfCu\u00e1l es el tiempo de entrega?<\/strong><\/h2><p>En Ptrans-Logistics, entendemos que el tiempo es esencial cuando se trata de mudanzas internacionales. Nos esforzamos por entregar sus productos de la manera m\u00e1s eficiente posible, teniendo en cuenta las consideraciones de seguridad y costos. El plazo de entrega de los env\u00edos entre Francia y Marruecos suele ser de 7 a 14 d\u00edas, dependiendo del tama\u00f1o del env\u00edo y otros factores. Para obtener m\u00e1s informaci\u00f3n sobre los plazos de entrega, p\u00f3ngase en contacto con nosotros hoy mismo y obtenga un presupuesto gratuito para su mudanza. Nuestro equipo de profesionales est\u00e1 aqu\u00ed para ayudarlo en cada paso del camino. \u00a1Perm\u00edtanos hacer que su pr\u00f3ximo movimiento sea f\u00e1cil y sin complicaciones! Cont\u00e1ctanos ahora<\/p><h2><strong>Tramites aduaneros<\/strong><\/h2><p>Para que su mudanza internacional sea lo m\u00e1s fluida y libre de estr\u00e9s posible, es importante comprender las formalidades aduaneras de cada pa\u00eds. En Ptrans-Logistics, le ofrecemos soporte completo durante todo el proceso y estamos aqu\u00ed para responder a todas sus preguntas. Tambi\u00e9n podemos ayudarte con los tr\u00e1mites administrativos, como las declaraciones de aduana.<\/p><p><img decoding=\"async\" width=\"1024\" height=\"704\" src=\"http:\/\/ptrans.fr\/wp-content\/uploads\/2022\/12\/formaliees-douane-demenagement-france-maroc-1024x704.png\" alt=\"formali&eacute;es douane d&eacute;m&eacute;nagement france maroc\" loading=\"lazy\" srcset=\"https:\/\/ptrans.fr\/wp-content\/uploads\/2022\/12\/formaliees-douane-demenagement-france-maroc-1024x704.png 1024w, https:\/\/ptrans.fr\/wp-content\/uploads\/2022\/12\/formaliees-douane-demenagement-france-maroc-300x206.png 300w, https:\/\/ptrans.fr\/wp-content\/uploads\/2022\/12\/formaliees-douane-demenagement-france-maroc-768x528.png 768w, https:\/\/ptrans.fr\/wp-content\/uploads\/2022\/12\/formaliees-douane-demenagement-france-maroc-1536x1056.png 1536w, https:\/\/ptrans.fr\/wp-content\/uploads\/2022\/12\/formaliees-douane-demenagement-france-maroc-800x550.png 800w, https:\/\/ptrans.fr\/wp-content\/uploads\/2022\/12\/formaliees-douane-demenagement-france-maroc.png 1600w\" sizes=\"(max-width: 1024px) 100vw, 1024px\"><\/p><p><b>los documentos necesarios para su mudanza<\/b><\/p><p>Para garantizar una mudanza que cumpla con las leyes y regulaciones locales, es importante proporcionar todos los documentos necesarios. Por ejemplo, para trasladarse de Francia a Marruecos, necesitar\u00e1 un pasaporte o un documento de identidad franc\u00e9s. Adem\u00e1s, se le puede pedir que presente una lista de inventario, prueba de residencia. Nuestro equipo puede proporcionarle m\u00e1s informaci\u00f3n sobre los documentos necesarios para su mudanza. \u00a1P\u00f3ngase en contacto con nosotros hoy!<\/p><p>Si necesitas ayuda para moverte entre Francia y Marruecos, no dudes en contactar con nosotros. Estaremos encantados de ayudarte<\/p><link rel=\"stylesheet\" href=\"https:\/\/ptrans.fr\/wp-content\/plugins\/elementor-pro\/assets\/css\/widget-call-to-action.min.css\"><h2>Nuestras tarifas en l\u00ednea<\/h2><p>Consulte nuestras tarifas de transporte directamente online.<br>\n<a href=\"https:\/\/ptrans.fr\/es\/estimer-le-prix\/\"><br>\nSimulador de precios\t\t\t\t\t<\/a><\/p><h3><strong>Conclusi\u00f3n :<\/strong><\/h3><p>En Ptrans-Logistics, nos esforzamos por hacer que su mudanza internacional sea simple y sin estr\u00e9s. Nuestro equipo de profesionales experimentados puede brindarle el mejor servicio posible a precios competitivos. \u00a1Cont\u00e1ctenos hoy y obtenga una cotizaci\u00f3n gratis para su mudanza! Estamos deseando poder ayudarte a moverte de forma segura entre Francia y Marruecos o cualquier otro destino del mundo. \u00a1Solicite una cotizaci\u00f3n ahora y comience a empacar! Perm\u00edtanos ayudarlo a que su pr\u00f3xima mudanza sea f\u00e1cil y sin complicaciones.<\/p><\/style>","protected":false},"excerpt":{"rendered":"<p>Votre D&eacute;m&eacute;nagement France Maroc Avec Ptrans-logistics ! Vous cherchez un moyen &eacute;conomique de d&eacute;m&eacute;nager vos [&hellip;]<\/p>","protected":false},"author":1,"featured_media":0,"parent":7836,"menu_order":0,"comment_status":"closed","ping_status":"closed","template":"","meta":{"footnotes":""},"yoast_head":"<!-- This site is optimized with the Yoast SEO plugin v22.8 - https:\/\/yoast.com\/wordpress\/plugins\/seo\/ -->\n<title>D\u00e9m\u00e9nagement France Maroc | T\u00e9l : +212 663 23 23 00<\/title>\n<meta name=\"description\" content=\"Vous souhaitez r\u00e9aliser un d\u00e9m\u00e9nagement France Maroc, Ptrans propose offres \u00e9conomique d\u00e9m\u00e9nagement France Maroc\" \/>\n<meta name=\"robots\" content=\"index, follow, max-snippet:-1, max-image-preview:large, max-video-preview:-1\" \/>\n<link rel=\"canonical\" href=\"https:\/\/ptrans.fr\/es\/maroc-demenagement\/demenagement-france-maroc\/\" \/>\n<meta property=\"og:locale\" content=\"es_ES\" \/>\n<meta property=\"og:type\" content=\"article\" \/>\n<meta property=\"og:title\" content=\"Ptrans Soci\u00e9t\u00e9 De Transport &amp; D\u00e9m\u00e9nagements International Entre Le Maroc Et Le Reste Du Monde\" \/>\n<meta property=\"og:description\" content=\"Ptrans Soci\u00e9t\u00e9 De Transport &amp; D\u00e9m\u00e9nagements International Entre Le Maroc Et Le Reste Du Monde\" \/>\n<meta property=\"og:url\" content=\"https:\/\/ptrans.fr\/es\/maroc-demenagement\/demenagement-france-maroc\/\" \/>\n<meta property=\"og:site_name\" content=\"Ptrans Soci\u00e9t\u00e9 De Transport &amp; D\u00e9m\u00e9nagements International Entre Le Maroc Et Le Reste Du Monde\" \/>\n<meta property=\"article:publisher\" content=\"https:\/\/www.facebook.com\/PlogisticsEurope\" \/>\n<meta property=\"article:modified_time\" content=\"2022-12-27T11:23:48+00:00\" \/>\n<meta property=\"og:image\" content=\"http:\/\/ptrans.fr\/wp-content\/uploads\/2022\/12\/demenagement-international-france-maroc-3-1024x635.png\" \/>\n<meta name=\"twitter:label1\" content=\"Tiempo de lectura\" \/>\n\t<meta name=\"twitter:data1\" content=\"6 minutos\" \/>\n<script type=\"application\/ld+json\" class=\"yoast-schema-graph\">{\"@context\":\"https:\/\/schema.org\",\"@graph\":[{\"@type\":[\"Article\",\"BlogPosting\"],\"@id\":\"https:\/\/ptrans.fr\/maroc-demenagement\/demenagement-france-maroc\/#article\",\"isPartOf\":{\"@id\":\"https:\/\/ptrans.fr\/maroc-demenagement\/demenagement-france-maroc\/\"},\"author\":{\"name\":\"admin\",\"@id\":\"https:\/\/ptrans.fr\/#\/schema\/person\/3a50d5b251b4df119e3598a32b8ce67c\"},\"headline\":\"d\u00e9m\u00e9nagement france maroc\",\"datePublished\":\"2022-08-06T10:02:15+00:00\",\"dateModified\":\"2022-12-27T11:23:48+00:00\",\"mainEntityOfPage\":{\"@id\":\"https:\/\/ptrans.fr\/maroc-demenagement\/demenagement-france-maroc\/\"},\"wordCount\":1084,\"publisher\":{\"@id\":\"https:\/\/ptrans.fr\/#organization\"},\"image\":{\"@id\":\"https:\/\/ptrans.fr\/maroc-demenagement\/demenagement-france-maroc\/#primaryimage\"},\"thumbnailUrl\":\"http:\/\/ptrans.fr\/wp-content\/uploads\/2022\/12\/demenagement-international-france-maroc-3-1024x635.png\",\"inLanguage\":\"es\"},{\"@type\":[\"WebPage\",\"AboutPage\"],\"@id\":\"https:\/\/ptrans.fr\/maroc-demenagement\/demenagement-france-maroc\/\",\"url\":\"https:\/\/ptrans.fr\/maroc-demenagement\/demenagement-france-maroc\/\",\"name\":\"D\u00e9m\u00e9nagement France Maroc | T\u00e9l : +212 663 23 23 00\",\"isPartOf\":{\"@id\":\"https:\/\/ptrans.fr\/#website\"},\"primaryImageOfPage\":{\"@id\":\"https:\/\/ptrans.fr\/maroc-demenagement\/demenagement-france-maroc\/#primaryimage\"},\"image\":{\"@id\":\"https:\/\/ptrans.fr\/maroc-demenagement\/demenagement-france-maroc\/#primaryimage\"},\"thumbnailUrl\":\"http:\/\/ptrans.fr\/wp-content\/uploads\/2022\/12\/demenagement-international-france-maroc-3-1024x635.png\",\"datePublished\":\"2022-08-06T10:02:15+00:00\",\"dateModified\":\"2022-12-27T11:23:48+00:00\",\"description\":\"Vous souhaitez r\u00e9aliser un d\u00e9m\u00e9nagement France Maroc, Ptrans propose offres \u00e9conomique d\u00e9m\u00e9nagement France Maroc\",\"breadcrumb\":{\"@id\":\"https:\/\/ptrans.fr\/maroc-demenagement\/demenagement-france-maroc\/#breadcrumb\"},\"inLanguage\":\"es\",\"potentialAction\":[{\"@type\":\"ReadAction\",\"target\":[\"https:\/\/ptrans.fr\/maroc-demenagement\/demenagement-france-maroc\/\"]}]},{\"@type\":\"ImageObject\",\"inLanguage\":\"es\",\"@id\":\"https:\/\/ptrans.fr\/maroc-demenagement\/demenagement-france-maroc\/#primaryimage\",\"url\":\"http:\/\/ptrans.fr\/wp-content\/uploads\/2022\/12\/demenagement-international-france-maroc-3-1024x635.png\",\"contentUrl\":\"http:\/\/ptrans.fr\/wp-content\/uploads\/2022\/12\/demenagement-international-france-maroc-3-1024x635.png\"},{\"@type\":\"BreadcrumbList\",\"@id\":\"https:\/\/ptrans.fr\/maroc-demenagement\/demenagement-france-maroc\/#breadcrumb\",\"itemListElement\":[{\"@type\":\"ListItem\",\"position\":1,\"name\":\"maroc d\u00e9m\u00e9nagement\",\"item\":\"https:\/\/ptrans.fr\/maroc-demenagement\/\"},{\"@type\":\"ListItem\",\"position\":2,\"name\":\"d\u00e9m\u00e9nagement france maroc\"}]},{\"@type\":\"WebSite\",\"@id\":\"https:\/\/ptrans.fr\/#website\",\"url\":\"https:\/\/ptrans.fr\/\",\"name\":\"Ptrans Soci\u00e9t\u00e9 De Transport Et D\u00e9m\u00e9nagement International Maroc\",\"description\":\"Ptrans Votre Transporteur &amp; D\u00e9m\u00e9nageur Vers Le Maroc\",\"publisher\":{\"@id\":\"https:\/\/ptrans.fr\/#organization\"},\"alternateName\":\"Ptrans\",\"potentialAction\":[{\"@type\":\"SearchAction\",\"target\":{\"@type\":\"EntryPoint\",\"urlTemplate\":\"https:\/\/ptrans.fr\/?s={search_term_string}\"},\"query-input\":\"required name=search_term_string\"}],\"inLanguage\":\"es\"},{\"@type\":\"Organization\",\"@id\":\"https:\/\/ptrans.fr\/#organization\",\"name\":\"Ptrans Soci\u00e9t\u00e9 De Transport Et D\u00e9m\u00e9nagements International Entre Le Maroc Et Le Reste Du Monde\",\"url\":\"https:\/\/ptrans.fr\/\",\"logo\":{\"@type\":\"ImageObject\",\"inLanguage\":\"es\",\"@id\":\"https:\/\/ptrans.fr\/#\/schema\/logo\/image\/\",\"url\":\"http:\/\/ptrans.fr\/wp-content\/uploads\/2022\/08\/P.trans-logi_Plan-de-travail-1.png\",\"contentUrl\":\"http:\/\/ptrans.fr\/wp-content\/uploads\/2022\/08\/P.trans-logi_Plan-de-travail-1.png\",\"width\":2481,\"height\":1076,\"caption\":\"Ptrans Soci\u00e9t\u00e9 De Transport Et D\u00e9m\u00e9nagements International Entre Le Maroc Et Le Reste Du Monde\"},\"image\":{\"@id\":\"https:\/\/ptrans.fr\/#\/schema\/logo\/image\/\"},\"sameAs\":[\"https:\/\/www.facebook.com\/PlogisticsEurope\"]},{\"@type\":\"Person\",\"@id\":\"https:\/\/ptrans.fr\/#\/schema\/person\/3a50d5b251b4df119e3598a32b8ce67c\",\"name\":\"admin\",\"image\":{\"@type\":\"ImageObject\",\"inLanguage\":\"es\",\"@id\":\"https:\/\/ptrans.fr\/#\/schema\/person\/image\/\",\"url\":\"https:\/\/secure.gravatar.com\/avatar\/f1ed11851bb8c89ef1f06d655ba0bd00?s=96&d=mm&r=g\",\"contentUrl\":\"https:\/\/secure.gravatar.com\/avatar\/f1ed11851bb8c89ef1f06d655ba0bd00?s=96&d=mm&r=g\",\"caption\":\"admin\"},\"url\":\"https:\/\/ptrans.fr\/es\/author\/admin\/\"}]}<\/script>\n<!-- \/ Yoast SEO plugin. -->","yoast_head_json":{"title":"D\u00e9m\u00e9nagement France Maroc | T\u00e9l : +212 663 23 23 00","description":"Vous souhaitez r\u00e9aliser un d\u00e9m\u00e9nagement France Maroc, Ptrans propose offres \u00e9conomique d\u00e9m\u00e9nagement France Maroc","robots":{"index":"index","follow":"follow","max-snippet":"max-snippet:-1","max-image-preview":"max-image-preview:large","max-video-preview":"max-video-preview:-1"},"canonical":"https:\/\/ptrans.fr\/es\/maroc-demenagement\/demenagement-france-maroc\/","og_locale":"es_ES","og_type":"article","og_title":"Ptrans Soci\u00e9t\u00e9 De Transport &amp; D\u00e9m\u00e9nagements International Entre Le Maroc Et Le Reste Du Monde","og_description":"Ptrans Soci\u00e9t\u00e9 De Transport &amp; D\u00e9m\u00e9nagements International Entre Le Maroc Et Le Reste Du Monde","og_url":"https:\/\/ptrans.fr\/es\/maroc-demenagement\/demenagement-france-maroc\/","og_site_name":"Ptrans Soci\u00e9t\u00e9 De Transport &amp; D\u00e9m\u00e9nagements International Entre Le Maroc Et Le Reste Du Monde","article_publisher":"https:\/\/www.facebook.com\/PlogisticsEurope","article_modified_time":"2022-12-27T11:23:48+00:00","og_image":[{"url":"http:\/\/ptrans.fr\/wp-content\/uploads\/2022\/12\/demenagement-international-france-maroc-3-1024x635.png"}],"twitter_misc":{"Tiempo de lectura":"6 minutos"},"schema":{"@context":"https:\/\/schema.org","@graph":[{"@type":["Article","BlogPosting"],"@id":"https:\/\/ptrans.fr\/maroc-demenagement\/demenagement-france-maroc\/#article","isPartOf":{"@id":"https:\/\/ptrans.fr\/maroc-demenagement\/demenagement-france-maroc\/"},"author":{"name":"admin","@id":"https:\/\/ptrans.fr\/#\/schema\/person\/3a50d5b251b4df119e3598a32b8ce67c"},"headline":"d\u00e9m\u00e9nagement france maroc","datePublished":"2022-08-06T10:02:15+00:00","dateModified":"2022-12-27T11:23:48+00:00","mainEntityOfPage":{"@id":"https:\/\/ptrans.fr\/maroc-demenagement\/demenagement-france-maroc\/"},"wordCount":1084,"publisher":{"@id":"https:\/\/ptrans.fr\/#organization"},"image":{"@id":"https:\/\/ptrans.fr\/maroc-demenagement\/demenagement-france-maroc\/#primaryimage"},"thumbnailUrl":"http:\/\/ptrans.fr\/wp-content\/uploads\/2022\/12\/demenagement-international-france-maroc-3-1024x635.png","inLanguage":"es"},{"@type":["WebPage","AboutPage"],"@id":"https:\/\/ptrans.fr\/maroc-demenagement\/demenagement-france-maroc\/","url":"https:\/\/ptrans.fr\/maroc-demenagement\/demenagement-france-maroc\/","name":"D\u00e9m\u00e9nagement France Maroc | T\u00e9l : +212 663 23 23 00","isPartOf":{"@id":"https:\/\/ptrans.fr\/#website"},"primaryImageOfPage":{"@id":"https:\/\/ptrans.fr\/maroc-demenagement\/demenagement-france-maroc\/#primaryimage"},"image":{"@id":"https:\/\/ptrans.fr\/maroc-demenagement\/demenagement-france-maroc\/#primaryimage"},"thumbnailUrl":"http:\/\/ptrans.fr\/wp-content\/uploads\/2022\/12\/demenagement-international-france-maroc-3-1024x635.png","datePublished":"2022-08-06T10:02:15+00:00","dateModified":"2022-12-27T11:23:48+00:00","description":"Vous souhaitez r\u00e9aliser un d\u00e9m\u00e9nagement France Maroc, Ptrans propose offres \u00e9conomique d\u00e9m\u00e9nagement France Maroc","breadcrumb":{"@id":"https:\/\/ptrans.fr\/maroc-demenagement\/demenagement-france-maroc\/#breadcrumb"},"inLanguage":"es","potentialAction":[{"@type":"ReadAction","target":["https:\/\/ptrans.fr\/maroc-demenagement\/demenagement-france-maroc\/"]}]},{"@type":"ImageObject","inLanguage":"es","@id":"https:\/\/ptrans.fr\/maroc-demenagement\/demenagement-france-maroc\/#primaryimage","url":"http:\/\/ptrans.fr\/wp-content\/uploads\/2022\/12\/demenagement-international-france-maroc-3-1024x635.png","contentUrl":"http:\/\/ptrans.fr\/wp-content\/uploads\/2022\/12\/demenagement-international-france-maroc-3-1024x635.png"},{"@type":"BreadcrumbList","@id":"https:\/\/ptrans.fr\/maroc-demenagement\/demenagement-france-maroc\/#breadcrumb","itemListElement":[{"@type":"ListItem","position":1,"name":"maroc d\u00e9m\u00e9nagement","item":"https:\/\/ptrans.fr\/maroc-demenagement\/"},{"@type":"ListItem","position":2,"name":"d\u00e9m\u00e9nagement france maroc"}]},{"@type":"WebSite","@id":"https:\/\/ptrans.fr\/#website","url":"https:\/\/ptrans.fr\/","name":"Ptrans Soci\u00e9t\u00e9 De Transport Et D\u00e9m\u00e9nagement International Maroc","description":"Ptrans Votre Transporteur &amp; D\u00e9m\u00e9nageur Vers Le Maroc","publisher":{"@id":"https:\/\/ptrans.fr\/#organization"},"alternateName":"Ptrans","potentialAction":[{"@type":"SearchAction","target":{"@type":"EntryPoint","urlTemplate":"https:\/\/ptrans.fr\/?s={search_term_string}"},"query-input":"required name=search_term_string"}],"inLanguage":"es"},{"@type":"Organization","@id":"https:\/\/ptrans.fr\/#organization","name":"Ptrans Soci\u00e9t\u00e9 De Transport Et D\u00e9m\u00e9nagements International Entre Le Maroc Et Le Reste Du Monde","url":"https:\/\/ptrans.fr\/","logo":{"@type":"ImageObject","inLanguage":"es","@id":"https:\/\/ptrans.fr\/#\/schema\/logo\/image\/","url":"http:\/\/ptrans.fr\/wp-content\/uploads\/2022\/08\/P.trans-logi_Plan-de-travail-1.png","contentUrl":"http:\/\/ptrans.fr\/wp-content\/uploads\/2022\/08\/P.trans-logi_Plan-de-travail-1.png","width":2481,"height":1076,"caption":"Ptrans Soci\u00e9t\u00e9 De Transport Et D\u00e9m\u00e9nagements International Entre Le Maroc Et Le Reste Du Monde"},"image":{"@id":"https:\/\/ptrans.fr\/#\/schema\/logo\/image\/"},"sameAs":["https:\/\/www.facebook.com\/PlogisticsEurope"]},{"@type":"Person","@id":"https:\/\/ptrans.fr\/#\/schema\/person\/3a50d5b251b4df119e3598a32b8ce67c","name":"admin","image":{"@type":"ImageObject","inLanguage":"es","@id":"https:\/\/ptrans.fr\/#\/schema\/person\/image\/","url":"https:\/\/secure.gravatar.com\/avatar\/f1ed11851bb8c89ef1f06d655ba0bd00?s=96&d=mm&r=g","contentUrl":"https:\/\/secure.gravatar.com\/avatar\/f1ed11851bb8c89ef1f06d655ba0bd00?s=96&d=mm&r=g","caption":"admin"},"url":"https:\/\/ptrans.fr\/es\/author\/admin\/"}]}},"jetpack_sharing_enabled":true,"jetpack_likes_enabled":true,"_links":{"self":[{"href":"https:\/\/ptrans.fr\/es\/wp-json\/wp\/v2\/pages\/7494"}],"collection":[{"href":"https:\/\/ptrans.fr\/es\/wp-json\/wp\/v2\/pages"}],"about":[{"href":"https:\/\/ptrans.fr\/es\/wp-json\/wp\/v2\/types\/page"}],"author":[{"embeddable":true,"href":"https:\/\/ptrans.fr\/es\/wp-json\/wp\/v2\/users\/1"}],"replies":[{"embeddable":true,"href":"https:\/\/ptrans.fr\/es\/wp-json\/wp\/v2\/comments?post=7494"}],"version-history":[{"count":1,"href":"https:\/\/ptrans.fr\/es\/wp-json\/wp\/v2\/pages\/7494\/revisions"}],"predecessor-version":[{"id":14812,"href":"https:\/\/ptrans.fr\/es\/wp-json\/wp\/v2\/pages\/7494\/revisions\/14812"}],"up":[{"embeddable":true,"href":"https:\/\/ptrans.fr\/es\/wp-json\/wp\/v2\/pages\/7836"}],"wp:attachment":[{"href":"https:\/\/ptrans.fr\/es\/wp-json\/wp\/v2\/media?parent=7494"}],"curies":[{"name":"wp","href":"https:\/\/api.w.org\/{rel}","templated":true}]}}