{"id":7541,"date":"2022-08-06T18:50:13","date_gmt":"2022-08-06T17:50:13","guid":{"rendered":"http:\/\/ptrans.fr\/?page_id=7541"},"modified":"2022-12-20T16:28:07","modified_gmt":"2022-12-20T15:28:07","slug":"acceuil","status":"publish","type":"page","link":"https:\/\/ptrans.fr\/es\/","title":{"rendered":"<p>Hogar<\/p>"},"content":{"rendered":"<section class=\"wpb-content-wrapper\"><div data-vc-full-width=\"true\" data-vc-full-width-init=\"false\" class=\"vc_row wpb_row vc_row-fluid vc_custom_1670289105713 vc_row-has-fill\"><div class=\"wpb_column vc_column_container vc_col-sm-12\"><div class=\"vc_column-inner\"><div class=\"wpb_wrapper\">\n\t<div class=\"wpb_single_image wpb_content_element vc_align_center\">\n\t\t\n\t\t<figure class=\"wpb_wrapper vc_figure\">\n\t\t\t<div class=\"vc_single_image-wrapper   vc_box_border_grey\"><img loading=\"lazy\" decoding=\"async\" width=\"1500\" height=\"930\" src=\"https:\/\/ptrans.fr\/wp-content\/uploads\/2022\/12\/transport-international-demenagement.png\" class=\"vc_single_image-img attachment-full\" alt=\"transport international &amp; d&eacute;m&eacute;nagement\" title=\"transporte y mudanzas internacionales\" srcset=\"https:\/\/ptrans.fr\/wp-content\/uploads\/2022\/12\/transport-international-demenagement.png 1500w, https:\/\/ptrans.fr\/wp-content\/uploads\/2022\/12\/transport-international-demenagement-300x186.png 300w, https:\/\/ptrans.fr\/wp-content\/uploads\/2022\/12\/transport-international-demenagement-1024x635.png 1024w, https:\/\/ptrans.fr\/wp-content\/uploads\/2022\/12\/transport-international-demenagement-768x476.png 768w, https:\/\/ptrans.fr\/wp-content\/uploads\/2022\/12\/transport-international-demenagement-800x496.png 800w\" sizes=\"(max-width: 1500px) 100vw, 1500px\"><\/div>\n\t\t<\/figure>\n\t<\/div>\n<\/div><\/div><\/div><\/div><div class=\"vc_row-full-width vc_clearfix\"><\/div><div data-vc-full-width=\"true\" data-vc-full-width-init=\"false\" class=\"vc_row wpb_row vc_row-fluid vc_custom_1659879659149 vc_row-has-fill vc_row-has-padding-top\"><div class=\"wpb_column vc_column_container vc_col-sm-12 vc_col-has-fill\"><div class=\"vc_column-inner vc_custom_1659876411204\"><div class=\"wpb_wrapper\"><header class=\"kd-section-title vc_col-lg-6 vc_col-sm-8 text-center     vc_custom_1659740926914\"><h2 class=\"separator_off\">Nuestros servicios<\/h2><h6 class=\"subtitle\">Nuestro objetivo es brindarle la mejor asistencia posible, guiarlo a lo largo de la cadena de suministro y proponer soluciones de vanguardia.<\/h6><\/header><div class=\"vc_row wpb_row vc_inner vc_row-fluid vc_custom_1659882085754 vc_row-has-padding-bottom\"><div class=\"wpb_column vc_column_container vc_col-sm-12\"><div class=\"vc_column-inner vc_custom_1536243836394\"><div class=\"wpb_wrapper\"><a href=\"https:\/\/ptrans.fr\/es\/estimer-le-prix\/\" target=\"_self\" title=\"estimar el precio\" class=\"tt_button tt_primary_button btn_secondary_color  button-center button-action-link  kd-animated zoomIn\" data-animation-delay=\"200\"><span class=\"prim_text\">Nuestras tarifas en l\u00ednea<\/span><\/a><\/div><\/div><\/div><\/div><div class=\"vc_row wpb_row vc_inner vc_row-fluid vc_custom_1659885146315\"><div class=\"wpb_column vc_column_container vc_col-sm-3\"><div class=\"vc_column-inner\"><div class=\"wpb_wrapper\"><div class=\"key-icon-box icon-default icon-top cont-left ib-hover-1  kd-animated fadeInUp\" style=\"background-color: #ffffff;\"><a href=\"#\" target=\"\"><div class=\"ib-wrapper\"><i class=\"fas fa-pallet\" style=\" color: #1e73be;\"><\/i> <h6 class=\"service-heading\">Transporte Grupaje<\/h6><p>Ptrans log\u00edstica ofrece l\u00edneas de grupaje entre Europa, \u00c1frica, Asia, Am\u00e9rica y Oriente Medio.<br>\n&gt;&gt; M\u00ednimo facturable: 250 kg \/ 1 m\u00b3<\/p><\/div><\/a><\/div><\/div><\/div><\/div><div class=\"wpb_column vc_column_container vc_col-sm-3\"><div class=\"vc_column-inner\"><div class=\"wpb_wrapper\"><div class=\"key-icon-box icon-default icon-top cont-left ib-hover-1  kd-animated fadeInUp\" style=\"background-color: #ffffff;\" data-animation-delay=\"600\"><a href=\"#\" target=\"\"><div class=\"ib-wrapper\"><i class=\"fas fa-suitcase\" style=\" color: #1e73be;\"><\/i> <h6 class=\"service-heading\">Mudanzas Internacionales.<\/h6><p>P Trans ofrece a sus clientes la f\u00f3rmula de la mudanza propia, que cada vez atrae a m\u00e1s clientes que buscan un servicio econ\u00f3mico.<br>\n&gt;&gt; empacar y cargar sus efectos personales usted mismo?<\/p><\/div><\/a><\/div><\/div><\/div><\/div><div class=\"wpb_column vc_column_container vc_col-sm-3\"><div class=\"vc_column-inner\"><div class=\"wpb_wrapper\"><div class=\"key-icon-box icon-default icon-top cont-left ib-hover-1  kd-animated fadeInUp\" style=\"background-color: #ffffff;\" data-animation-delay=\"400\"><a href=\"#\" target=\"\"><div class=\"ib-wrapper\"><i class=\"iconsmind-Ship iconsmind-Transportation\" style=\" color: #1e73be;\"><\/i> <h6 class=\"service-heading\">Transporte mar\u00edtimo<\/h6><p>Una red de agentes ubicados en todos los continentes para garantizar la entrega de su mercanc\u00eda en contenedores completos como en grupaje desde Asia, Am\u00e9rica, Europa a Marruecos.<\/p><\/div><\/a><\/div><\/div><\/div><\/div><div class=\"wpb_column vc_column_container vc_col-sm-3\"><div class=\"vc_column-inner\"><div class=\"wpb_wrapper\"><div class=\"key-icon-box icon-default icon-top cont-left ib-hover-1  kd-animated fadeInUp\" style=\"background-color: #ffffff;\" data-animation-delay=\"200\"><a href=\"#\" target=\"\"><div class=\"ib-wrapper\"><i class=\"fas fa-truck\" style=\" color: #1e73be;\"><\/i> <h6 class=\"service-heading\">cami\u00f3n completo<\/h6><p>Tus env\u00edos de carga completa a toda Europa y pa\u00edses del Magreb, en ambos sentidos, por carretera o Intermodal. \u00a1Solicita tu cami\u00f3n para carga completa!<\/p><\/div><\/a><\/div><\/div><\/div><\/div><\/div><\/div><\/div><\/div><\/div><div class=\"vc_row-full-width vc_clearfix\"><\/div><div data-vc-full-width=\"true\" data-vc-full-width-init=\"false\" class=\"vc_row wpb_row vc_row-fluid\"><div class=\"wpb_column vc_column_container vc_col-sm-12\"><div class=\"vc_column-inner\"><div class=\"wpb_wrapper\"><div class=\"vc_row wpb_row vc_inner vc_row-fluid\"><div class=\"wpb_column vc_column_container vc_col-sm-3 vc_hidden-xs\"><div class=\"vc_column-inner\"><div class=\"wpb_wrapper\"><\/div><\/div><\/div><div class=\"wpb_column vc_column_container vc_col-sm-6\"><div class=\"vc_column-inner vc_custom_1659874189202\"><div class=\"wpb_wrapper\"><header class=\"kd-section-title col-lg-12 text-center  kd-animated fadeIn\" data-animation-delay=\"200\"><h3 class=\"separator_off\">\u00bfEst\u00e1s buscando un consejo?<\/h3><div class=\"subtitle\">Nunca es demasiado tarde para empezar a gestionar sus env\u00edos, ahora es el momento de tomar el control.<\/div><\/header><div class=\"vc_empty_space\" style=\"height: 80px\"><span class=\"vc_empty_space_inner\"><\/span><\/div><div class=\"vc_empty_space\" style=\"height: 30px\"><span class=\"vc_empty_space_inner\"><\/span><\/div><\/div><\/div><\/div><div class=\"wpb_column vc_column_container vc_col-sm-3 vc_hidden-xs\"><div class=\"vc_column-inner\"><div class=\"wpb_wrapper\"><\/div><\/div><\/div><\/div><\/div><\/div><\/div><div class=\"kd-row-separator kd-row-separator-bottom separator-height-medium\"><svg xmlns=\"http:\/\/www.w3.org\/2000\/svg\" viewbox=\"0 0 100 10\" preserveaspectratio=\"none\"><path d=\"M0 10 0 0 A 90 59, 0, 0, 0, 100 0 L 100 10 Z\"><\/path><\/svg><\/div><div class=\"kd-row-separator-clear\"><\/div><\/div><div class=\"vc_row-full-width vc_clearfix\"><\/div><div data-vc-full-width=\"true\" data-vc-full-width-init=\"false\" class=\"vc_row wpb_row vc_row-fluid vc_custom_1659883956043 vc_row-has-fill vc_row-has-padding-top vc_row-has-padding-bottom\"><div class=\"wpb_column vc_column_container vc_col-sm-6 vc_col-lg-6 vc_col-md-12\"><div class=\"vc_column-inner\"><div class=\"wpb_wrapper\"><div class=\"vc_row wpb_row vc_inner vc_row-fluid\"><div class=\"wpb_column vc_column_container vc_col-sm-12\"><div class=\"vc_column-inner vc_custom_1541153603960\"><div class=\"wpb_wrapper\">\n\t<div class=\"wpb_single_image wpb_content_element vc_align_center\">\n\t\t\n\t\t<figure class=\"wpb_wrapper vc_figure\">\n\t\t\t<div class=\"vc_single_image-wrapper   vc_box_border_grey\"><img loading=\"lazy\" decoding=\"async\" width=\"2560\" height=\"1920\" src=\"https:\/\/ptrans.fr\/wp-content\/uploads\/2022\/08\/IMG_20191030_143457-scaled.jpg\" class=\"vc_single_image-img attachment-full\" alt=\"transport d&eacute;m&eacute;nagement international maroc\" title=\"transporte mudanza internacional marruecos\" srcset=\"https:\/\/ptrans.fr\/wp-content\/uploads\/2022\/08\/IMG_20191030_143457-scaled.jpg 2560w, https:\/\/ptrans.fr\/wp-content\/uploads\/2022\/08\/IMG_20191030_143457-scaled-800x600.jpg 800w, https:\/\/ptrans.fr\/wp-content\/uploads\/2022\/08\/IMG_20191030_143457-300x225.jpg 300w, https:\/\/ptrans.fr\/wp-content\/uploads\/2022\/08\/IMG_20191030_143457-1024x768.jpg 1024w, https:\/\/ptrans.fr\/wp-content\/uploads\/2022\/08\/IMG_20191030_143457-768x576.jpg 768w, https:\/\/ptrans.fr\/wp-content\/uploads\/2022\/08\/IMG_20191030_143457-1536x1152.jpg 1536w, https:\/\/ptrans.fr\/wp-content\/uploads\/2022\/08\/IMG_20191030_143457-2048x1536.jpg 2048w\" sizes=\"(max-width: 2560px) 100vw, 2560px\"><\/div>\n\t\t<\/figure>\n\t<\/div>\n<\/div><\/div><\/div><\/div><\/div><\/div><\/div><div class=\"wpb_column vc_column_container vc_col-sm-6 vc_col-lg-6 vc_col-md-12\"><div class=\"vc_column-inner vc_custom_1538999709577\"><div class=\"wpb_wrapper\"><div class=\"vc_row wpb_row vc_inner vc_row-fluid\"><div class=\"wpb_column vc_column_container vc_col-sm-2 vc_hidden-md vc_hidden-sm vc_hidden-xs\"><div class=\"vc_column-inner vc_custom_1541152793064\"><div class=\"wpb_wrapper\"><\/div><\/div><\/div><div class=\"wpb_column vc_column_container vc_col-sm-12 vc_col-lg-10\"><div class=\"vc_column-inner vc_custom_1541154018391\"><div class=\"wpb_wrapper\"><header class=\"kd-section-title col-lg-12 text-left  kd-animated fadeIn   vc_custom_1659884189209\" data-animation-delay=\"200\"><h2 class=\"separator_off\">Entregas exitosas de 100%<\/h2><\/header><div class=\"kd_progress_bar\"><div class=\"kd_progb_head\"><div class=\"kd-progb-static\"><div class=\"kd-progb-title\"><h4>embalaje<\/h4><\/div><span class=\"kd_progressbarmarker\">60%<\/span><\/div><\/div><div class=\"kd_progressbarfull thin-solid\">\n                  <div class=\"kd_progressbarfill\" data-value=\"60\" data-time=\"2000\">\n                <\/div><\/div><div class=\"kd_progb_desc\"><\/div><\/div><div class=\"kd_progress_bar\"><div class=\"kd_progb_head\"><div class=\"kd-progb-static\"><div class=\"kd-progb-title\"><h4>Garant\u00eda<\/h4><\/div><span class=\"kd_progressbarmarker\">45%<\/span><\/div><\/div><div class=\"kd_progressbarfull thin-solid\">\n                  <div class=\"kd_progressbarfill\" data-value=\"45\" data-time=\"2000\">\n                <\/div><\/div><div class=\"kd_progb_desc\"><\/div><\/div><div class=\"kd_progress_bar\"><div class=\"kd_progb_head\"><div class=\"kd-progb-static\"><div class=\"kd-progb-title\"><h4>Etiquetado<\/h4><\/div><span class=\"kd_progressbarmarker\">70%<\/span><\/div><\/div><div class=\"kd_progressbarfull thin-solid\">\n                  <div class=\"kd_progressbarfill\" data-value=\"70\" data-time=\"2000\">\n                <\/div><\/div><div class=\"kd_progb_desc\"><\/div><\/div><\/div><\/div><\/div><\/div><\/div><\/div><\/div><\/div><div class=\"vc_row-full-width vc_clearfix\"><\/div><div class=\"vc_row wpb_row vc_row-fluid\"><div class=\"wpb_column vc_column_container vc_col-sm-6\"><div class=\"vc_column-inner\"><div class=\"wpb_wrapper\">\n\t<div class=\"wpb_text_column wpb_content_element\">\n\t\t<div class=\"wpb_wrapper\">\n\t\t\t<form action=\"\" method=\"post\" id=\"ptrans_tracking_form\" data-trp-original-action=\"\">\n    <div><input type=\"text\" name=\"tracking_code\" id=\"tracking_code\" value=\"\"><button class=\"pt_btn pt_primary\" type=\"submit\" id=\"ptrans_tracking_submit\">Hacer un seguimiento<\/button><\/div>\n    <div class=\"ptrans_tracking_result\"><\/div>\n<input type=\"hidden\" name=\"trp-form-language\" value=\"es\"\/><\/form>\n\n\t\t<\/div>\n\t<\/div>\n<\/div><\/div><\/div><div class=\"wpb_column vc_column_container vc_col-sm-6\"><div class=\"vc_column-inner\"><div class=\"wpb_wrapper\">\n\t<div class=\"wpb_text_column wpb_content_element\">\n\t\t<div class=\"wpb_wrapper\">\n\t\t\t<form action=\"\" method=\"post\" id=\"ptrans_relais_form\" data-trp-original-action=\"\">\n    <div><input type=\"text\" name=\"relais_address\" id=\"relais_address\" value=\"\"><button class=\"pt_btn pt_primary\" type=\"submit\" id=\"ptrans_relais_submit\">puntos de relevo<\/button><\/div>\n    <div class=\"ptrans_relais_result\"><\/div>\n<input type=\"hidden\" name=\"trp-form-language\" value=\"es\"\/><\/form>\n\n\t\t<\/div>\n\t<\/div>\n<\/div><\/div><\/div><\/div>\n<\/section>","protected":false},"excerpt":{"rendered":"<p>Nos ServicesNotre objectif est de vous fournir la meilleure assistance absolu, de vous guider tout [...]<\/p>","protected":false},"author":1,"featured_media":0,"parent":0,"menu_order":0,"comment_status":"closed","ping_status":"closed","template":"","meta":{"footnotes":""},"yoast_head":"<!-- This site is optimized with the Yoast SEO plugin v22.8 - https:\/\/yoast.com\/wordpress\/plugins\/seo\/ -->\n<title>Acceuil - T\u00e9l : +212 663 23 23 00<\/title>\n<meta name=\"description\" content=\"Acceuil - Ptrans Soci\u00e9t\u00e9 De Transport &amp; D\u00e9m\u00e9nagements International Entre Le Maroc Et Le Reste Du Monde - T\u00e9l : +212 663 23 23 00 - Mail : s.p@ptrans.fr\" \/>\n<meta name=\"robots\" content=\"index, follow, max-snippet:-1, max-image-preview:large, max-video-preview:-1\" \/>\n<link rel=\"canonical\" href=\"https:\/\/ptrans.fr\/es\/\" \/>\n<meta property=\"og:locale\" content=\"es_ES\" \/>\n<meta property=\"og:type\" content=\"article\" \/>\n<meta property=\"og:title\" content=\"Acceuil - T\u00e9l : +212 663 23 23 00\" \/>\n<meta property=\"og:description\" content=\"Acceuil - Ptrans Soci\u00e9t\u00e9 De Transport &amp; D\u00e9m\u00e9nagements International Entre Le Maroc Et Le Reste Du Monde - T\u00e9l : +212 663 23 23 00 - Mail : s.p@ptrans.fr\" \/>\n<meta property=\"og:url\" content=\"https:\/\/ptrans.fr\/es\/\" \/>\n<meta property=\"og:site_name\" content=\"Ptrans Soci\u00e9t\u00e9 De Transport &amp; D\u00e9m\u00e9nagements International Entre Le Maroc Et Le Reste Du Monde\" \/>\n<meta property=\"article:publisher\" content=\"https:\/\/www.facebook.com\/PlogisticsEurope\" \/>\n<meta property=\"article:modified_time\" content=\"2022-12-20T15:28:07+00:00\" \/>\n<meta property=\"og:image\" content=\"https:\/\/ptrans.fr\/wp-content\/uploads\/2022\/09\/societe-demenagement-international-oujda.jpg\" \/>\n\t<meta property=\"og:image:width\" content=\"1160\" \/>\n\t<meta property=\"og:image:height\" content=\"870\" \/>\n\t<meta property=\"og:image:type\" content=\"image\/jpeg\" \/>\n<meta name=\"twitter:label1\" content=\"Tiempo de lectura\" \/>\n\t<meta name=\"twitter:data1\" content=\"3 minutos\" \/>\n<script type=\"application\/ld+json\" class=\"yoast-schema-graph\">{\"@context\":\"https:\/\/schema.org\",\"@graph\":[{\"@type\":\"Article\",\"@id\":\"https:\/\/ptrans.fr\/#article\",\"isPartOf\":{\"@id\":\"https:\/\/ptrans.fr\/\"},\"author\":{\"name\":\"admin\",\"@id\":\"https:\/\/ptrans.fr\/#\/schema\/person\/3a50d5b251b4df119e3598a32b8ce67c\"},\"headline\":\"Acceuil\",\"datePublished\":\"2022-08-06T17:50:13+00:00\",\"dateModified\":\"2022-12-20T15:28:07+00:00\",\"mainEntityOfPage\":{\"@id\":\"https:\/\/ptrans.fr\/\"},\"wordCount\":1057,\"publisher\":{\"@id\":\"https:\/\/ptrans.fr\/#organization\"},\"inLanguage\":\"es\"},{\"@type\":\"WebPage\",\"@id\":\"https:\/\/ptrans.fr\/\",\"url\":\"https:\/\/ptrans.fr\/\",\"name\":\"Acceuil - T\u00e9l : +212 663 23 23 00\",\"isPartOf\":{\"@id\":\"https:\/\/ptrans.fr\/#website\"},\"datePublished\":\"2022-08-06T17:50:13+00:00\",\"dateModified\":\"2022-12-20T15:28:07+00:00\",\"description\":\"Acceuil - Ptrans Soci\u00e9t\u00e9 De Transport &amp; D\u00e9m\u00e9nagements International Entre Le Maroc Et Le Reste Du Monde - T\u00e9l : +212 663 23 23 00 - Mail : s.p@ptrans.fr\",\"inLanguage\":\"es\",\"potentialAction\":[{\"@type\":\"ReadAction\",\"target\":[\"https:\/\/ptrans.fr\/\"]}]},{\"@type\":\"WebSite\",\"@id\":\"https:\/\/ptrans.fr\/#website\",\"url\":\"https:\/\/ptrans.fr\/\",\"name\":\"Ptrans Soci\u00e9t\u00e9 De Transport Et D\u00e9m\u00e9nagement International Maroc\",\"description\":\"Ptrans Votre Transporteur &amp; D\u00e9m\u00e9nageur Vers Le Maroc\",\"publisher\":{\"@id\":\"https:\/\/ptrans.fr\/#organization\"},\"alternateName\":\"Ptrans\",\"potentialAction\":[{\"@type\":\"SearchAction\",\"target\":{\"@type\":\"EntryPoint\",\"urlTemplate\":\"https:\/\/ptrans.fr\/?s={search_term_string}\"},\"query-input\":\"required name=search_term_string\"}],\"inLanguage\":\"es\"},{\"@type\":\"Organization\",\"@id\":\"https:\/\/ptrans.fr\/#organization\",\"name\":\"Ptrans Soci\u00e9t\u00e9 De Transport Et D\u00e9m\u00e9nagements International Entre Le Maroc Et Le Reste Du Monde\",\"url\":\"https:\/\/ptrans.fr\/\",\"logo\":{\"@type\":\"ImageObject\",\"inLanguage\":\"es\",\"@id\":\"https:\/\/ptrans.fr\/#\/schema\/logo\/image\/\",\"url\":\"http:\/\/ptrans.fr\/wp-content\/uploads\/2022\/08\/P.trans-logi_Plan-de-travail-1.png\",\"contentUrl\":\"http:\/\/ptrans.fr\/wp-content\/uploads\/2022\/08\/P.trans-logi_Plan-de-travail-1.png\",\"width\":2481,\"height\":1076,\"caption\":\"Ptrans Soci\u00e9t\u00e9 De Transport Et D\u00e9m\u00e9nagements International Entre Le Maroc Et Le Reste Du Monde\"},\"image\":{\"@id\":\"https:\/\/ptrans.fr\/#\/schema\/logo\/image\/\"},\"sameAs\":[\"https:\/\/www.facebook.com\/PlogisticsEurope\"]},{\"@type\":\"Person\",\"@id\":\"https:\/\/ptrans.fr\/#\/schema\/person\/3a50d5b251b4df119e3598a32b8ce67c\",\"name\":\"admin\",\"image\":{\"@type\":\"ImageObject\",\"inLanguage\":\"es\",\"@id\":\"https:\/\/ptrans.fr\/#\/schema\/person\/image\/\",\"url\":\"https:\/\/secure.gravatar.com\/avatar\/f1ed11851bb8c89ef1f06d655ba0bd00?s=96&d=mm&r=g\",\"contentUrl\":\"https:\/\/secure.gravatar.com\/avatar\/f1ed11851bb8c89ef1f06d655ba0bd00?s=96&d=mm&r=g\",\"caption\":\"admin\"},\"url\":\"https:\/\/ptrans.fr\/es\/author\/admin\/\"}]}<\/script>\n<!-- \/ Yoast SEO plugin. -->","yoast_head_json":{"title":"Acceuil - T\u00e9l : +212 663 23 23 00","description":"Acceuil - Ptrans Soci\u00e9t\u00e9 De Transport &amp; D\u00e9m\u00e9nagements International Entre Le Maroc Et Le Reste Du Monde - T\u00e9l : +212 663 23 23 00 - Mail : s.p@ptrans.fr","robots":{"index":"index","follow":"follow","max-snippet":"max-snippet:-1","max-image-preview":"max-image-preview:large","max-video-preview":"max-video-preview:-1"},"canonical":"https:\/\/ptrans.fr\/es\/","og_locale":"es_ES","og_type":"article","og_title":"Acceuil - T\u00e9l : +212 663 23 23 00","og_description":"Acceuil - Ptrans Soci\u00e9t\u00e9 De Transport &amp; D\u00e9m\u00e9nagements International Entre Le Maroc Et Le Reste Du Monde - T\u00e9l : +212 663 23 23 00 - Mail : s.p@ptrans.fr","og_url":"https:\/\/ptrans.fr\/es\/","og_site_name":"Ptrans Soci\u00e9t\u00e9 De Transport &amp; D\u00e9m\u00e9nagements International Entre Le Maroc Et Le Reste Du Monde","article_publisher":"https:\/\/www.facebook.com\/PlogisticsEurope","article_modified_time":"2022-12-20T15:28:07+00:00","og_image":[{"width":1160,"height":870,"url":"https:\/\/ptrans.fr\/wp-content\/uploads\/2022\/09\/societe-demenagement-international-oujda.jpg","type":"image\/jpeg"}],"twitter_misc":{"Tiempo de lectura":"3 minutos"},"schema":{"@context":"https:\/\/schema.org","@graph":[{"@type":"Article","@id":"https:\/\/ptrans.fr\/#article","isPartOf":{"@id":"https:\/\/ptrans.fr\/"},"author":{"name":"admin","@id":"https:\/\/ptrans.fr\/#\/schema\/person\/3a50d5b251b4df119e3598a32b8ce67c"},"headline":"Acceuil","datePublished":"2022-08-06T17:50:13+00:00","dateModified":"2022-12-20T15:28:07+00:00","mainEntityOfPage":{"@id":"https:\/\/ptrans.fr\/"},"wordCount":1057,"publisher":{"@id":"https:\/\/ptrans.fr\/#organization"},"inLanguage":"es"},{"@type":"WebPage","@id":"https:\/\/ptrans.fr\/","url":"https:\/\/ptrans.fr\/","name":"Acceuil - T\u00e9l : +212 663 23 23 00","isPartOf":{"@id":"https:\/\/ptrans.fr\/#website"},"datePublished":"2022-08-06T17:50:13+00:00","dateModified":"2022-12-20T15:28:07+00:00","description":"Acceuil - Ptrans Soci\u00e9t\u00e9 De Transport &amp; D\u00e9m\u00e9nagements International Entre Le Maroc Et Le Reste Du Monde - T\u00e9l : +212 663 23 23 00 - Mail : s.p@ptrans.fr","inLanguage":"es","potentialAction":[{"@type":"ReadAction","target":["https:\/\/ptrans.fr\/"]}]},{"@type":"WebSite","@id":"https:\/\/ptrans.fr\/#website","url":"https:\/\/ptrans.fr\/","name":"Ptrans Soci\u00e9t\u00e9 De Transport Et D\u00e9m\u00e9nagement International Maroc","description":"Ptrans Votre Transporteur &amp; D\u00e9m\u00e9nageur Vers Le Maroc","publisher":{"@id":"https:\/\/ptrans.fr\/#organization"},"alternateName":"Ptrans","potentialAction":[{"@type":"SearchAction","target":{"@type":"EntryPoint","urlTemplate":"https:\/\/ptrans.fr\/?s={search_term_string}"},"query-input":"required name=search_term_string"}],"inLanguage":"es"},{"@type":"Organization","@id":"https:\/\/ptrans.fr\/#organization","name":"Ptrans Soci\u00e9t\u00e9 De Transport Et D\u00e9m\u00e9nagements International Entre Le Maroc Et Le Reste Du Monde","url":"https:\/\/ptrans.fr\/","logo":{"@type":"ImageObject","inLanguage":"es","@id":"https:\/\/ptrans.fr\/#\/schema\/logo\/image\/","url":"http:\/\/ptrans.fr\/wp-content\/uploads\/2022\/08\/P.trans-logi_Plan-de-travail-1.png","contentUrl":"http:\/\/ptrans.fr\/wp-content\/uploads\/2022\/08\/P.trans-logi_Plan-de-travail-1.png","width":2481,"height":1076,"caption":"Ptrans Soci\u00e9t\u00e9 De Transport Et D\u00e9m\u00e9nagements International Entre Le Maroc Et Le Reste Du Monde"},"image":{"@id":"https:\/\/ptrans.fr\/#\/schema\/logo\/image\/"},"sameAs":["https:\/\/www.facebook.com\/PlogisticsEurope"]},{"@type":"Person","@id":"https:\/\/ptrans.fr\/#\/schema\/person\/3a50d5b251b4df119e3598a32b8ce67c","name":"admin","image":{"@type":"ImageObject","inLanguage":"es","@id":"https:\/\/ptrans.fr\/#\/schema\/person\/image\/","url":"https:\/\/secure.gravatar.com\/avatar\/f1ed11851bb8c89ef1f06d655ba0bd00?s=96&d=mm&r=g","contentUrl":"https:\/\/secure.gravatar.com\/avatar\/f1ed11851bb8c89ef1f06d655ba0bd00?s=96&d=mm&r=g","caption":"admin"},"url":"https:\/\/ptrans.fr\/es\/author\/admin\/"}]}},"jetpack_sharing_enabled":true,"jetpack_likes_enabled":true,"_links":{"self":[{"href":"https:\/\/ptrans.fr\/es\/wp-json\/wp\/v2\/pages\/7541"}],"collection":[{"href":"https:\/\/ptrans.fr\/es\/wp-json\/wp\/v2\/pages"}],"about":[{"href":"https:\/\/ptrans.fr\/es\/wp-json\/wp\/v2\/types\/page"}],"author":[{"embeddable":true,"href":"https:\/\/ptrans.fr\/es\/wp-json\/wp\/v2\/users\/1"}],"replies":[{"embeddable":true,"href":"https:\/\/ptrans.fr\/es\/wp-json\/wp\/v2\/comments?post=7541"}],"version-history":[{"count":0,"href":"https:\/\/ptrans.fr\/es\/wp-json\/wp\/v2\/pages\/7541\/revisions"}],"wp:attachment":[{"href":"https:\/\/ptrans.fr\/es\/wp-json\/wp\/v2\/media?parent=7541"}],"curies":[{"name":"wp","href":"https:\/\/api.w.org\/{rel}","templated":true}]}}