{"id":7661,"date":"2022-08-07T21:41:23","date_gmt":"2022-08-07T20:41:23","guid":{"rendered":"http:\/\/ptrans.fr\/?page_id=7661"},"modified":"2022-09-22T02:19:17","modified_gmt":"2022-09-22T01:19:17","slug":"demenagement-belgique-maroc","status":"publish","type":"page","link":"https:\/\/ptrans.fr\/es\/maroc-demenagement\/demenagement-belgique-maroc\/","title":{"rendered":"<p>demenagement belgique maroc<\/p>"},"content":{"rendered":"<section class=\"wpb-content-wrapper\"><div class=\"vc_row wpb_row vc_row-fluid\"><div class=\"wpb_column vc_column_container vc_col-sm-12\"><div class=\"vc_column-inner\"><div class=\"wpb_wrapper\">[rev_slider slidertitle=&nbsp;&raquo;D&eacute;m&eacute;nagement international belgique maroc&nbsp;&raquo; alias=&nbsp;&raquo;societe-demenagement-international-tanger-1&Prime;]<div class=\"vc_empty_space\" style=\"height: 32px\"><span class=\"vc_empty_space_inner\"><\/span><\/div><\/div><\/div><\/div><\/div><div class=\"vc_row wpb_row vc_row-fluid\"><div class=\"wpb_column vc_column_container vc_col-sm-6\"><div class=\"vc_column-inner\"><div class=\"wpb_wrapper\">\n\t<div class=\"wpb_text_column wpb_content_element\">\n\t\t<div class=\"wpb_wrapper\">\n\t\t\t<p>Le d&eacute;m&eacute;nagement international est un processus d&eacute;licat qui demande une planification minutieuse. Que vous d&eacute;m&eacute;nagiez depuis la Belgique vers le Maroc ou vice versa, il est important de suivre les meilleurs conseils pour assurer un d&eacute;m&eacute;nagement sans accroc. Dans cet article, nous partageons avec vous quelques conseils cl&eacute;s pour r&eacute;ussir votre d&eacute;m&eacute;nagement entre la Belgique et le Maroc.<\/p>\n\n\t\t<\/div>\n\t<\/div>\n<div class=\"vc_btn3-container vc_btn3-center\"><a class=\"vc_general vc_btn3 vc_btn3-size-lg vc_btn3-shape-rounded vc_btn3-style-modern vc_btn3-icon-left vc_btn3-color-primary\" href=\"https:\/\/ptrans.fr\/es\/estimer-le-prix\/\" title=\"estimar el precio\"><i class=\"vc_btn3-icon fas fa-arrow-circle-right\"><\/i> Nuestras tarifas en l\u00ednea<\/a><\/div>\n\t<div class=\"wpb_text_column wpb_content_element\">\n\t\t<div class=\"wpb_wrapper\">\n\t\t\t<h5><span style=\"color: #333399;\">Qu&rsquo;est-ce que PTrans soci&eacute;t&eacute; d&eacute;m&eacute;nagement international ?<\/span><\/h5>\n<p>PTrans est une soci&eacute;t&eacute; de d&eacute;m&eacute;nagement international bas&eacute;e au Maroc. Nous proposons des services de d&eacute;m&eacute;nagement personnalis&eacute;s pour les d&eacute;m&eacute;nagements vers le Maroc et vice versa, nos &eacute;quipes sont exp&eacute;riment&eacute;es et professionnelles, et nous mettons tout en ?uvre pour que votre d&eacute;m&eacute;nagement se d&eacute;roule sans accroc.<\/p>\n<p>Si vous pr&eacute;voyez un d&eacute;m&eacute;nagement entre la Belgique et le Maroc, n&rsquo;h&eacute;sitez pas &agrave; nous contacter. Nous serons heureux de vous fournir un devis gratuit.<\/p>\n<p><a href=\"http:\/\/ptrans.fr\/wp-content\/uploads\/2022\/09\/demenagement-belgique-maroc.jpg\"><img loading=\"lazy\" decoding=\"async\" class=\"size-full wp-image-8252 aligncenter\" src=\"http:\/\/ptrans.fr\/wp-content\/uploads\/2022\/09\/demenagement-belgique-maroc.jpg\" alt=\"d&eacute;m&eacute;nagement belgique maroc\" width=\"600\" height=\"400\" srcset=\"https:\/\/ptrans.fr\/wp-content\/uploads\/2022\/09\/demenagement-belgique-maroc.jpg 600w, https:\/\/ptrans.fr\/wp-content\/uploads\/2022\/09\/demenagement-belgique-maroc-300x200.jpg 300w\" sizes=\"(max-width: 600px) 100vw, 600px\"><\/a><\/p>\n<h5><span style=\"color: #333399;\">Pourquoi choisir PTrans pour votre d&eacute;m&eacute;nagement international ?<\/span><\/h5>\n<p>PTrans d&eacute;m&eacute;nagement international est une soci&eacute;t&eacute; de d&eacute;m&eacute;nagement international d&eacute;di&eacute;e au d&eacute;m&eacute;nagement en toute s&eacute;curit&eacute; et sans soucis des particuliers et professionnels expatri&eacute;s du monde entier. Nous fournissons un service personnalis&eacute; avec lequel vous pouvez d&eacute;terminer vos propres exigences en termes de d&eacute;lais, de co&ucirc;ts et d&rsquo;assistance. Nos &eacute;quipes qualifi&eacute;es se tiennent &agrave; votre disposition pour vous aider &agrave; d&eacute;m&eacute;nager en toute s&eacute;curit&eacute; et sans soucis dans votre nouvelle maison.<\/p>\n<p>Nos &eacute;quipes vous assistons pendant le processus de d&eacute;douanement et de d&eacute;m&eacute;nagement, et nous veillons &agrave; ce que tous vos biens soient d&eacute;pos&eacute;s dans votre nouvelle maison dans les meilleures conditions possibles.<\/p>\n<p>Ptrans met &agrave; votre disposition un large &eacute;ventail de services pour faciliter votre d&eacute;m&eacute;nagement. Notre soci&eacute;t&eacute; &agrave; nos clients le service self-d&eacute;m&eacute;nagement, le d&eacute;m&eacute;nagement en container, le d&eacute;m&eacute;nagement a&eacute;rien et le d&eacute;m&eacute;nagement par bateau. Quelle que soit votre option, nous vous garantissons un d&eacute;m&eacute;nagement en toute s&eacute;curit&eacute; et sans soucis.<\/p>\n<p>Si vous avez des questions concernant nos services de d&eacute;m&eacute;nagement, n&rsquo;h&eacute;sitez pas &agrave; nous contacter. Notre &eacute;quipe se fera un plaisir de vous fournir toutes les informations dont vous avez besoin pour d&eacute;m&eacute;nager en toute s&eacute;curit&eacute; et sans soucis.<\/p>\n\n\t\t<\/div>\n\t<\/div>\n<div class=\"vc_empty_space\" style=\"height: 32px\"><span class=\"vc_empty_space_inner\"><\/span><\/div><\/div><\/div><\/div><div class=\"wpb_column vc_column_container vc_col-sm-6\"><div class=\"vc_column-inner\"><div class=\"wpb_wrapper\">\n\t<div class=\"wpb_text_column wpb_content_element\">\n\t\t<div class=\"wpb_wrapper\">\n\t\t\t<h5><span style=\"color: #333399;\">Comment se d&eacute;roule un d&eacute;m&eacute;nagement international avec PTrans ?<\/span><\/h5>\n<p>PTrans d&eacute;m&eacute;nagement international est une soci&eacute;t&eacute; de d&eacute;m&eacute;nagement international d&eacute;di&eacute;e au d&eacute;m&eacute;nagement en toute s&eacute;curit&eacute; et sans soucis des particuliers et professionnels expatri&eacute;s du monde entier. Nous fournissons un service personnalis&eacute; avec lequel vous pouvez d&eacute;terminer vos propres exigences en termes de d&eacute;lais, de co&ucirc;ts et d&rsquo;assistance.<\/p>\n<p>Nos tarifs et prestations<\/p>\n<p>nos tarifs sont calcul&eacute;s au m&egrave;tre cube et d&eacute;pendent du type de d&eacute;m&eacute;nagement (self-d&eacute;m&eacute;nagement, d&eacute;m&eacute;nagement en container, d&eacute;m&eacute;nagement a&eacute;rien ou d&eacute;m&eacute;nagement par bateau).C&rsquo;est-&agrave;-dire Les d&eacute;lais et les co&ucirc;ts varient &eacute;galement en fonction du type de d&eacute;m&eacute;nagement.<\/p>\n<p>Nous vous proposons diff&eacute;rentes options de d&eacute;m&eacute;nagement en fonction de vos besoins et de votre budget. Pour obtenir un devis gratuit, n&rsquo;h&eacute;sitez pas &agrave; nous contacter.<\/p>\n<h5><span style=\"color: #333399;\"><a href=\"http:\/\/ptrans.fr\/wp-content\/uploads\/2022\/09\/devis-demenagement-belgique-maroc-tarifs-douane.jpg\"><img loading=\"lazy\" decoding=\"async\" class=\"size-full wp-image-8253 aligncenter\" src=\"http:\/\/ptrans.fr\/wp-content\/uploads\/2022\/09\/devis-demenagement-belgique-maroc-tarifs-douane.jpg\" alt=\"devis d&eacute;m&eacute;nagement belgique maroc tarifs douane\" width=\"1000\" height=\"600\" srcset=\"https:\/\/ptrans.fr\/wp-content\/uploads\/2022\/09\/devis-demenagement-belgique-maroc-tarifs-douane.jpg 1000w, https:\/\/ptrans.fr\/wp-content\/uploads\/2022\/09\/devis-demenagement-belgique-maroc-tarifs-douane-300x180.jpg 300w, https:\/\/ptrans.fr\/wp-content\/uploads\/2022\/09\/devis-demenagement-belgique-maroc-tarifs-douane-768x461.jpg 768w, https:\/\/ptrans.fr\/wp-content\/uploads\/2022\/09\/devis-demenagement-belgique-maroc-tarifs-douane-800x480.jpg 800w\" sizes=\"(max-width: 1000px) 100vw, 1000px\"><\/a><\/span><\/h5>\n<h5><\/h5>\n<h5><span style=\"color: #333399;\">T&eacute;moignages de nos clients satisfaits<\/span><\/h5>\n<p>&laquo;&nbsp;PTrans d&eacute;m&eacute;nagement international est une soci&eacute;t&eacute; de d&eacute;m&eacute;nagement international d&eacute;di&eacute;e au d&eacute;m&eacute;nagement en toute s&eacute;curit&eacute; et sans soucis des particuliers et professionnels expatri&eacute;s du monde entier. Nous avons d&eacute;m&eacute;nag&eacute; avec eux de la Belgique au Maroc et nous avons &eacute;t&eacute; tr&egrave;s satisfaits de leurs services. Ils ont &eacute;t&eacute; tr&egrave;s professionnels et ont veill&eacute; &agrave; ce que tout se d&eacute;roule sans accroc. Je les recommande vivement.&nbsp;&raquo;<\/p>\n<p>&ndash; M. Ali, d&eacute;m&eacute;nagement de la Belgique au Maroc<\/p>\n<p>&laquo;&nbsp;PTrans d&eacute;m&eacute;nagement international a &eacute;t&eacute; tr&egrave;s professionnel et a fait preuve de beaucoup de patience. Ils ont d&eacute;m&eacute;nag&eacute; mes affaires avec soin et ont pris le temps de tout d&eacute;baller et de tout installer dans ma nouvelle maison. Je les recommande vivement.&nbsp;&raquo;<\/p>\n<p>&ndash; Mme Fatima, d&eacute;m&eacute;nagement du Maroc en Belgique<\/p>\n<p>&laquo;&nbsp;PTrans d&eacute;m&eacute;nagement international est une soci&eacute;t&eacute; de d&eacute;m&eacute;nagement international d&eacute;di&eacute;e au d&eacute;m&eacute;nagement en toute s&eacute;curit&eacute; et sans soucis des particuliers et professionnels expatri&eacute;s du monde entier. Nous avons d&eacute;m&eacute;nag&eacute; avec eux de la Belgique au Maroc et nous avons &eacute;t&eacute; tr&egrave;s satisfaits de leurs services. Ils ont &eacute;t&eacute; tr&egrave;s professionnels et ont veill&eacute; &agrave; ce que tout se d&eacute;roule sans accroc. Je les recommande vivement.&nbsp;&raquo;<\/p>\n<p>&ndash; M. Hicham, d&eacute;m&eacute;nagement de la Belgique au Maroc<\/p>\n<h5><span style=\"color: #333399;\">T&eacute;moignages de nos clients satisfaits<\/span><\/h5>\n<p>&nbsp;&raquo; Je recommande PTrans d&eacute;m&eacute;nagement international, ils ont d&eacute;m&eacute;nag&eacute; mes affaires avec soin et ont &eacute;t&eacute; tr&egrave;s professionnels. Ils m&rsquo;ont d&eacute;charg&eacute; de toutes les formalit&eacute;s administratives et m&rsquo;ont fourni un service complet du d&eacute;but &agrave; la fin. Merci beaucoup PTrans !&nbsp;&raquo;<\/p>\n<p>&ndash; Mme Sarah, d&eacute;m&eacute;nagement du Maroc en Belgique<\/p>\n<p>&nbsp;&raquo; PTrans d&eacute;m&eacute;nagement international est une soci&eacute;t&eacute; de d&eacute;m&eacute;nagement international d&eacute;di&eacute;e au d&eacute;m&eacute;nagement en toute s&eacute;curit&eacute; et sans soucis des particuliers et professionnels expatri&eacute;s du monde entier. Nous avons d&eacute;m&eacute;nag&eacute; avec eux de la Belgique au Maroc et nous avons &eacute;t&eacute; tr&egrave;s satisfaits de leurs services. Ils ont &eacute;t&eacute; tr&egrave;s professionnels et ont veill&eacute; &agrave; ce que tout se d&eacute;roule sans accroc. Je les recommande vivement.&nbsp;&raquo;<\/p>\n<p>&ndash; M. Mohamed, d&eacute;m&eacute;nagement de la Belgique au Maroc<\/p>\n<p>Nous esp&eacute;rons que ces t&eacute;moignages vous ont &eacute;t&eacute; utiles et nous vous souhaitons un bon d&eacute;m&eacute;nagement !<\/p>\n<p>Si vous avez des questions ou des commentaires, n&rsquo;h&eacute;sitez pas &agrave; nous contacter.<\/p>\n<h5><\/h5>\n<h5><span style=\"color: #333399;\">Contactez-nous pour plus d&rsquo;informations<\/span><\/h5>\n<p>PTrans d&eacute;m&eacute;nagement international<\/p>\n<p>29 Rue Amr Ibn Ass<\/p>\n<p>90020 Tanger<\/p>\n<p>Maroc<\/p>\n<p>T&eacute;l: +212 663.23.23.00<\/p>\n<p>Email: infos@ptrans.fr<\/p>\n<p>Horaires d&rsquo;ouverture:<\/p>\n<p>Lundi &ndash; vendredi: 08h30 &ndash; 18h00<\/p>\n<p>Samedi: 09h00 &ndash; 17h00<\/p>\n<p>Dimanche: ferm&eacute;<\/p>\n<p>&nbsp;<\/p>\n<p><strong>Enlaces \u00fatiles :<\/strong><\/p>\n<ul>\n<li><a href=\"https:\/\/fr.wikipedia.org\/wiki\/Maroc\">D&eacute;couvrir El jadida<\/a><\/li>\n<li><a href=\"https:\/\/ptrans.fr\/es\/estimer-le-prix\/\">Estime el precio del transporte directamente en l\u00ednea<\/a><\/li>\n<\/ul>\n\n\t\t<\/div>\n\t<\/div>\n<\/div><\/div><\/div><\/div>\n<\/section>","protected":false},"excerpt":{"rendered":"<p>[rev_slider slidertitle=\"D&eacute;m&eacute;nagement international belgique maroc\" alias=\"societe-demenagement-international-tanger-1\"] Le d&eacute;m&eacute;nagement international est un processus d&eacute;licat qui demande [...]<\/p>","protected":false},"author":1,"featured_media":0,"parent":7836,"menu_order":0,"comment_status":"closed","ping_status":"closed","template":"","meta":{"footnotes":""},"yoast_head":"<!-- This site is optimized with the Yoast SEO plugin v22.8 - https:\/\/yoast.com\/wordpress\/plugins\/seo\/ -->\n<title>Tarifs D\u00e9m\u00e9nagement Belgique Maroc | T\u00e9l : +212 663 23 23 00<\/title>\n<meta name=\"description\" content=\"vous souhaitez faire un d\u00e9m\u00e9nagement Belgique Maroc pour un tarif \u00e9conomique, Ptrans vous offre un d\u00e9m\u00e9nagement Belgique Maroc \u00e0 bas prix.\" \/>\n<meta name=\"robots\" content=\"index, follow, max-snippet:-1, max-image-preview:large, max-video-preview:-1\" \/>\n<link rel=\"canonical\" href=\"https:\/\/ptrans.fr\/es\/maroc-demenagement\/demenagement-belgique-maroc\/\" \/>\n<meta property=\"og:locale\" content=\"es_ES\" \/>\n<meta property=\"og:type\" content=\"article\" \/>\n<meta property=\"og:title\" content=\"Tarifs D\u00e9m\u00e9nagement Belgique Maroc | T\u00e9l : +212 663 23 23 00\" \/>\n<meta property=\"og:description\" content=\"vous souhaitez faire un d\u00e9m\u00e9nagement Belgique Maroc pour un tarif \u00e9conomique, Ptrans vous offre un d\u00e9m\u00e9nagement Belgique Maroc \u00e0 bas prix.\" \/>\n<meta property=\"og:url\" content=\"https:\/\/ptrans.fr\/es\/maroc-demenagement\/demenagement-belgique-maroc\/\" \/>\n<meta property=\"og:site_name\" content=\"Ptrans Soci\u00e9t\u00e9 De Transport &amp; D\u00e9m\u00e9nagements International Entre Le Maroc Et Le Reste Du Monde\" \/>\n<meta property=\"article:publisher\" content=\"https:\/\/www.facebook.com\/PlogisticsEurope\" \/>\n<meta property=\"article:modified_time\" content=\"2022-09-22T01:19:17+00:00\" \/>\n<meta property=\"og:image\" content=\"http:\/\/ptrans.fr\/wp-content\/uploads\/2022\/09\/demenagement-belgique-maroc.jpg\" \/>\n<meta name=\"twitter:label1\" content=\"Tiempo de lectura\" \/>\n\t<meta name=\"twitter:data1\" content=\"5 minutos\" \/>\n<script type=\"application\/ld+json\" class=\"yoast-schema-graph\">{\"@context\":\"https:\/\/schema.org\",\"@graph\":[{\"@type\":\"Article\",\"@id\":\"https:\/\/ptrans.fr\/maroc-demenagement\/demenagement-belgique-maroc\/#article\",\"isPartOf\":{\"@id\":\"https:\/\/ptrans.fr\/maroc-demenagement\/demenagement-belgique-maroc\/\"},\"author\":{\"name\":\"admin\",\"@id\":\"https:\/\/ptrans.fr\/#\/schema\/person\/3a50d5b251b4df119e3598a32b8ce67c\"},\"headline\":\"demenagement belgique maroc\",\"datePublished\":\"2022-08-07T20:41:23+00:00\",\"dateModified\":\"2022-09-22T01:19:17+00:00\",\"mainEntityOfPage\":{\"@id\":\"https:\/\/ptrans.fr\/maroc-demenagement\/demenagement-belgique-maroc\/\"},\"wordCount\":1141,\"publisher\":{\"@id\":\"https:\/\/ptrans.fr\/#organization\"},\"image\":{\"@id\":\"https:\/\/ptrans.fr\/maroc-demenagement\/demenagement-belgique-maroc\/#primaryimage\"},\"thumbnailUrl\":\"http:\/\/ptrans.fr\/wp-content\/uploads\/2022\/09\/demenagement-belgique-maroc.jpg\",\"inLanguage\":\"es\"},{\"@type\":\"WebPage\",\"@id\":\"https:\/\/ptrans.fr\/maroc-demenagement\/demenagement-belgique-maroc\/\",\"url\":\"https:\/\/ptrans.fr\/maroc-demenagement\/demenagement-belgique-maroc\/\",\"name\":\"Tarifs D\u00e9m\u00e9nagement Belgique Maroc | T\u00e9l : +212 663 23 23 00\",\"isPartOf\":{\"@id\":\"https:\/\/ptrans.fr\/#website\"},\"primaryImageOfPage\":{\"@id\":\"https:\/\/ptrans.fr\/maroc-demenagement\/demenagement-belgique-maroc\/#primaryimage\"},\"image\":{\"@id\":\"https:\/\/ptrans.fr\/maroc-demenagement\/demenagement-belgique-maroc\/#primaryimage\"},\"thumbnailUrl\":\"http:\/\/ptrans.fr\/wp-content\/uploads\/2022\/09\/demenagement-belgique-maroc.jpg\",\"datePublished\":\"2022-08-07T20:41:23+00:00\",\"dateModified\":\"2022-09-22T01:19:17+00:00\",\"description\":\"vous souhaitez faire un d\u00e9m\u00e9nagement Belgique Maroc pour un tarif \u00e9conomique, Ptrans vous offre un d\u00e9m\u00e9nagement Belgique Maroc \u00e0 bas prix.\",\"breadcrumb\":{\"@id\":\"https:\/\/ptrans.fr\/maroc-demenagement\/demenagement-belgique-maroc\/#breadcrumb\"},\"inLanguage\":\"es\",\"potentialAction\":[{\"@type\":\"ReadAction\",\"target\":[\"https:\/\/ptrans.fr\/maroc-demenagement\/demenagement-belgique-maroc\/\"]}]},{\"@type\":\"ImageObject\",\"inLanguage\":\"es\",\"@id\":\"https:\/\/ptrans.fr\/maroc-demenagement\/demenagement-belgique-maroc\/#primaryimage\",\"url\":\"http:\/\/ptrans.fr\/wp-content\/uploads\/2022\/09\/demenagement-belgique-maroc.jpg\",\"contentUrl\":\"http:\/\/ptrans.fr\/wp-content\/uploads\/2022\/09\/demenagement-belgique-maroc.jpg\"},{\"@type\":\"BreadcrumbList\",\"@id\":\"https:\/\/ptrans.fr\/maroc-demenagement\/demenagement-belgique-maroc\/#breadcrumb\",\"itemListElement\":[{\"@type\":\"ListItem\",\"position\":1,\"name\":\"maroc d\u00e9m\u00e9nagement\",\"item\":\"https:\/\/ptrans.fr\/maroc-demenagement\/\"},{\"@type\":\"ListItem\",\"position\":2,\"name\":\"demenagement belgique maroc\"}]},{\"@type\":\"WebSite\",\"@id\":\"https:\/\/ptrans.fr\/#website\",\"url\":\"https:\/\/ptrans.fr\/\",\"name\":\"Ptrans Soci\u00e9t\u00e9 De Transport Et D\u00e9m\u00e9nagement International Maroc\",\"description\":\"Ptrans Votre Transporteur &amp; D\u00e9m\u00e9nageur Vers Le Maroc\",\"publisher\":{\"@id\":\"https:\/\/ptrans.fr\/#organization\"},\"alternateName\":\"Ptrans\",\"potentialAction\":[{\"@type\":\"SearchAction\",\"target\":{\"@type\":\"EntryPoint\",\"urlTemplate\":\"https:\/\/ptrans.fr\/?s={search_term_string}\"},\"query-input\":\"required name=search_term_string\"}],\"inLanguage\":\"es\"},{\"@type\":\"Organization\",\"@id\":\"https:\/\/ptrans.fr\/#organization\",\"name\":\"Ptrans Soci\u00e9t\u00e9 De Transport Et D\u00e9m\u00e9nagements International Entre Le Maroc Et Le Reste Du Monde\",\"url\":\"https:\/\/ptrans.fr\/\",\"logo\":{\"@type\":\"ImageObject\",\"inLanguage\":\"es\",\"@id\":\"https:\/\/ptrans.fr\/#\/schema\/logo\/image\/\",\"url\":\"http:\/\/ptrans.fr\/wp-content\/uploads\/2022\/08\/P.trans-logi_Plan-de-travail-1.png\",\"contentUrl\":\"http:\/\/ptrans.fr\/wp-content\/uploads\/2022\/08\/P.trans-logi_Plan-de-travail-1.png\",\"width\":2481,\"height\":1076,\"caption\":\"Ptrans Soci\u00e9t\u00e9 De Transport Et D\u00e9m\u00e9nagements International Entre Le Maroc Et Le Reste Du Monde\"},\"image\":{\"@id\":\"https:\/\/ptrans.fr\/#\/schema\/logo\/image\/\"},\"sameAs\":[\"https:\/\/www.facebook.com\/PlogisticsEurope\"]},{\"@type\":\"Person\",\"@id\":\"https:\/\/ptrans.fr\/#\/schema\/person\/3a50d5b251b4df119e3598a32b8ce67c\",\"name\":\"admin\",\"image\":{\"@type\":\"ImageObject\",\"inLanguage\":\"es\",\"@id\":\"https:\/\/ptrans.fr\/#\/schema\/person\/image\/\",\"url\":\"https:\/\/secure.gravatar.com\/avatar\/f1ed11851bb8c89ef1f06d655ba0bd00?s=96&d=mm&r=g\",\"contentUrl\":\"https:\/\/secure.gravatar.com\/avatar\/f1ed11851bb8c89ef1f06d655ba0bd00?s=96&d=mm&r=g\",\"caption\":\"admin\"},\"url\":\"https:\/\/ptrans.fr\/es\/author\/admin\/\"}]}<\/script>\n<!-- \/ Yoast SEO plugin. -->","yoast_head_json":{"title":"Tarifs D\u00e9m\u00e9nagement Belgique Maroc | T\u00e9l : +212 663 23 23 00","description":"vous souhaitez faire un d\u00e9m\u00e9nagement Belgique Maroc pour un tarif \u00e9conomique, Ptrans vous offre un d\u00e9m\u00e9nagement Belgique Maroc \u00e0 bas prix.","robots":{"index":"index","follow":"follow","max-snippet":"max-snippet:-1","max-image-preview":"max-image-preview:large","max-video-preview":"max-video-preview:-1"},"canonical":"https:\/\/ptrans.fr\/es\/maroc-demenagement\/demenagement-belgique-maroc\/","og_locale":"es_ES","og_type":"article","og_title":"Tarifs D\u00e9m\u00e9nagement Belgique Maroc | T\u00e9l : +212 663 23 23 00","og_description":"vous souhaitez faire un d\u00e9m\u00e9nagement Belgique Maroc pour un tarif \u00e9conomique, Ptrans vous offre un d\u00e9m\u00e9nagement Belgique Maroc \u00e0 bas prix.","og_url":"https:\/\/ptrans.fr\/es\/maroc-demenagement\/demenagement-belgique-maroc\/","og_site_name":"Ptrans Soci\u00e9t\u00e9 De Transport &amp; D\u00e9m\u00e9nagements International Entre Le Maroc Et Le Reste Du Monde","article_publisher":"https:\/\/www.facebook.com\/PlogisticsEurope","article_modified_time":"2022-09-22T01:19:17+00:00","og_image":[{"url":"http:\/\/ptrans.fr\/wp-content\/uploads\/2022\/09\/demenagement-belgique-maroc.jpg"}],"twitter_misc":{"Tiempo de lectura":"5 minutos"},"schema":{"@context":"https:\/\/schema.org","@graph":[{"@type":"Article","@id":"https:\/\/ptrans.fr\/maroc-demenagement\/demenagement-belgique-maroc\/#article","isPartOf":{"@id":"https:\/\/ptrans.fr\/maroc-demenagement\/demenagement-belgique-maroc\/"},"author":{"name":"admin","@id":"https:\/\/ptrans.fr\/#\/schema\/person\/3a50d5b251b4df119e3598a32b8ce67c"},"headline":"demenagement belgique maroc","datePublished":"2022-08-07T20:41:23+00:00","dateModified":"2022-09-22T01:19:17+00:00","mainEntityOfPage":{"@id":"https:\/\/ptrans.fr\/maroc-demenagement\/demenagement-belgique-maroc\/"},"wordCount":1141,"publisher":{"@id":"https:\/\/ptrans.fr\/#organization"},"image":{"@id":"https:\/\/ptrans.fr\/maroc-demenagement\/demenagement-belgique-maroc\/#primaryimage"},"thumbnailUrl":"http:\/\/ptrans.fr\/wp-content\/uploads\/2022\/09\/demenagement-belgique-maroc.jpg","inLanguage":"es"},{"@type":"WebPage","@id":"https:\/\/ptrans.fr\/maroc-demenagement\/demenagement-belgique-maroc\/","url":"https:\/\/ptrans.fr\/maroc-demenagement\/demenagement-belgique-maroc\/","name":"Tarifs D\u00e9m\u00e9nagement Belgique Maroc | T\u00e9l : +212 663 23 23 00","isPartOf":{"@id":"https:\/\/ptrans.fr\/#website"},"primaryImageOfPage":{"@id":"https:\/\/ptrans.fr\/maroc-demenagement\/demenagement-belgique-maroc\/#primaryimage"},"image":{"@id":"https:\/\/ptrans.fr\/maroc-demenagement\/demenagement-belgique-maroc\/#primaryimage"},"thumbnailUrl":"http:\/\/ptrans.fr\/wp-content\/uploads\/2022\/09\/demenagement-belgique-maroc.jpg","datePublished":"2022-08-07T20:41:23+00:00","dateModified":"2022-09-22T01:19:17+00:00","description":"vous souhaitez faire un d\u00e9m\u00e9nagement Belgique Maroc pour un tarif \u00e9conomique, Ptrans vous offre un d\u00e9m\u00e9nagement Belgique Maroc \u00e0 bas prix.","breadcrumb":{"@id":"https:\/\/ptrans.fr\/maroc-demenagement\/demenagement-belgique-maroc\/#breadcrumb"},"inLanguage":"es","potentialAction":[{"@type":"ReadAction","target":["https:\/\/ptrans.fr\/maroc-demenagement\/demenagement-belgique-maroc\/"]}]},{"@type":"ImageObject","inLanguage":"es","@id":"https:\/\/ptrans.fr\/maroc-demenagement\/demenagement-belgique-maroc\/#primaryimage","url":"http:\/\/ptrans.fr\/wp-content\/uploads\/2022\/09\/demenagement-belgique-maroc.jpg","contentUrl":"http:\/\/ptrans.fr\/wp-content\/uploads\/2022\/09\/demenagement-belgique-maroc.jpg"},{"@type":"BreadcrumbList","@id":"https:\/\/ptrans.fr\/maroc-demenagement\/demenagement-belgique-maroc\/#breadcrumb","itemListElement":[{"@type":"ListItem","position":1,"name":"maroc d\u00e9m\u00e9nagement","item":"https:\/\/ptrans.fr\/maroc-demenagement\/"},{"@type":"ListItem","position":2,"name":"demenagement belgique maroc"}]},{"@type":"WebSite","@id":"https:\/\/ptrans.fr\/#website","url":"https:\/\/ptrans.fr\/","name":"Ptrans Soci\u00e9t\u00e9 De Transport Et D\u00e9m\u00e9nagement International Maroc","description":"Ptrans Votre Transporteur &amp; D\u00e9m\u00e9nageur Vers Le Maroc","publisher":{"@id":"https:\/\/ptrans.fr\/#organization"},"alternateName":"Ptrans","potentialAction":[{"@type":"SearchAction","target":{"@type":"EntryPoint","urlTemplate":"https:\/\/ptrans.fr\/?s={search_term_string}"},"query-input":"required name=search_term_string"}],"inLanguage":"es"},{"@type":"Organization","@id":"https:\/\/ptrans.fr\/#organization","name":"Ptrans Soci\u00e9t\u00e9 De Transport Et D\u00e9m\u00e9nagements International Entre Le Maroc Et Le Reste Du Monde","url":"https:\/\/ptrans.fr\/","logo":{"@type":"ImageObject","inLanguage":"es","@id":"https:\/\/ptrans.fr\/#\/schema\/logo\/image\/","url":"http:\/\/ptrans.fr\/wp-content\/uploads\/2022\/08\/P.trans-logi_Plan-de-travail-1.png","contentUrl":"http:\/\/ptrans.fr\/wp-content\/uploads\/2022\/08\/P.trans-logi_Plan-de-travail-1.png","width":2481,"height":1076,"caption":"Ptrans Soci\u00e9t\u00e9 De Transport Et D\u00e9m\u00e9nagements International Entre Le Maroc Et Le Reste Du Monde"},"image":{"@id":"https:\/\/ptrans.fr\/#\/schema\/logo\/image\/"},"sameAs":["https:\/\/www.facebook.com\/PlogisticsEurope"]},{"@type":"Person","@id":"https:\/\/ptrans.fr\/#\/schema\/person\/3a50d5b251b4df119e3598a32b8ce67c","name":"admin","image":{"@type":"ImageObject","inLanguage":"es","@id":"https:\/\/ptrans.fr\/#\/schema\/person\/image\/","url":"https:\/\/secure.gravatar.com\/avatar\/f1ed11851bb8c89ef1f06d655ba0bd00?s=96&d=mm&r=g","contentUrl":"https:\/\/secure.gravatar.com\/avatar\/f1ed11851bb8c89ef1f06d655ba0bd00?s=96&d=mm&r=g","caption":"admin"},"url":"https:\/\/ptrans.fr\/es\/author\/admin\/"}]}},"jetpack_sharing_enabled":true,"jetpack_likes_enabled":true,"_links":{"self":[{"href":"https:\/\/ptrans.fr\/es\/wp-json\/wp\/v2\/pages\/7661"}],"collection":[{"href":"https:\/\/ptrans.fr\/es\/wp-json\/wp\/v2\/pages"}],"about":[{"href":"https:\/\/ptrans.fr\/es\/wp-json\/wp\/v2\/types\/page"}],"author":[{"embeddable":true,"href":"https:\/\/ptrans.fr\/es\/wp-json\/wp\/v2\/users\/1"}],"replies":[{"embeddable":true,"href":"https:\/\/ptrans.fr\/es\/wp-json\/wp\/v2\/comments?post=7661"}],"version-history":[{"count":0,"href":"https:\/\/ptrans.fr\/es\/wp-json\/wp\/v2\/pages\/7661\/revisions"}],"up":[{"embeddable":true,"href":"https:\/\/ptrans.fr\/es\/wp-json\/wp\/v2\/pages\/7836"}],"wp:attachment":[{"href":"https:\/\/ptrans.fr\/es\/wp-json\/wp\/v2\/media?parent=7661"}],"curies":[{"name":"wp","href":"https:\/\/api.w.org\/{rel}","templated":true}]}}