{"id":8397,"date":"2022-09-26T11:19:25","date_gmt":"2022-09-26T10:19:25","guid":{"rendered":"http:\/\/ptrans.fr\/?page_id=8397"},"modified":"2022-09-26T12:41:11","modified_gmt":"2022-09-26T11:41:11","slug":"moving-morocco-usa","status":"publish","type":"page","link":"https:\/\/ptrans.fr\/es\/moving-morocco-usa\/","title":{"rendered":"<p>Mudarse Marruecos Estados Unidos<\/p>"},"content":{"rendered":"<section class=\"wpb-content-wrapper\"><div class=\"vc_row wpb_row vc_row-fluid\"><div class=\"wpb_column vc_column_container vc_col-sm-12\"><div class=\"vc_column-inner\"><div class=\"wpb_wrapper\">[rev_slider slidertitle=\u201dMoviendo Marruecos Estados Unidos Am\u00e9rica\u201d alias=\u201ddemenagement-international-maroc-etats-unis-amerique-1\u2033]<div class=\"vc_empty_space\" style=\"height: 32px\"><span class=\"vc_empty_space_inner\"><\/span><\/div><div class=\"vc_btn3-container vc_btn3-center\"><a class=\"vc_general vc_btn3 vc_btn3-size-lg vc_btn3-shape-rounded vc_btn3-style-modern vc_btn3-block vc_btn3-color-primary\" href=\"http:\/\/ptrans.fr\/en\/moving-morocco-usa\/\" title=\"Mudarse Marruecos Estados Unidos\">Consulta Nuestros Precios Online<\/a><\/div><\/div><\/div><\/div><\/div><div class=\"vc_row wpb_row vc_row-fluid\"><div class=\"wpb_column vc_column_container vc_col-sm-6\"><div class=\"vc_column-inner\"><div class=\"wpb_wrapper\">\n\t<div class=\"wpb_text_column wpb_content_element\">\n\t\t<div class=\"wpb_wrapper\">\n\t\t\t<p>Si decide mudarse de Marruecos a los Estados Unidos de Am\u00e9rica, necesitar\u00e1 una buena empresa de mudanzas. Ptrans es tu mejor opci\u00f3n para este tipo de mudanzas. Ofrecemos servicios completos y asistencia de la A a la Z. Ya sea para una mudanza comercial o privada, \u00a1podemos ayudarle! Cont\u00e1ctenos ahora para m\u00e1s informaci\u00f3n sobre nuestras tarifas y servicios.<\/p>\n<p>Ptrans es una empresa especializada en mudanzas internacionales Maoc Estados Unidos de Am\u00e9rica. Contamos con m\u00e1s de 10 a\u00f1os de experiencia en este campo y hemos trasladado miles de clientes a Marruecos, Europa y Estados Unidos. Cont\u00e1ctenos ahora para m\u00e1s informaci\u00f3n sobre nuestras tarifas y servicios.<\/p>\n<p><a href=\"http:\/\/ptrans.fr\/wp-content\/uploads\/2022\/09\/mover-morocco-america-1.jpg\"><img loading=\"lazy\" decoding=\"async\" class=\"size-full wp-image-8406 aligncenter\" src=\"http:\/\/ptrans.fr\/wp-content\/uploads\/2022\/09\/mover-morocco-america-1.jpg\" alt=\"mover morocco america\" width=\"1200\" height=\"675\" srcset=\"https:\/\/ptrans.fr\/wp-content\/uploads\/2022\/09\/mover-morocco-america-1.jpg 1200w, https:\/\/ptrans.fr\/wp-content\/uploads\/2022\/09\/mover-morocco-america-1-300x169.jpg 300w, https:\/\/ptrans.fr\/wp-content\/uploads\/2022\/09\/mover-morocco-america-1-1024x576.jpg 1024w, https:\/\/ptrans.fr\/wp-content\/uploads\/2022\/09\/mover-morocco-america-1-768x432.jpg 768w, https:\/\/ptrans.fr\/wp-content\/uploads\/2022\/09\/mover-morocco-america-1-800x450.jpg 800w\" sizes=\"(max-width: 1200px) 100vw, 1200px\"><\/a><\/p>\n\n\t\t<\/div>\n\t<\/div>\n<div class=\"vc_empty_space\" style=\"height: 32px\"><span class=\"vc_empty_space_inner\"><\/span><\/div>\n\t<div class=\"wpb_text_column wpb_content_element\">\n\t\t<div class=\"wpb_wrapper\">\n\t\t\t<h4><span style=\"color: #333399;\">\u00bfC\u00f3mo vivir en los estados unidos de am\u00e9rica (ee.uu.)?<\/span><\/h4>\n<p>Conozca las diferentes regiones de Estados Unidos y elija la que m\u00e1s le convenga. Es posible que tengas que hacer algunos ajustes una vez que llegues, pero es importante comenzar a buscar un lugar antes de mudarte, para que puedas concentrarte en tu nueva vida una vez que llegues. Ptrans puede ayudarte a encontrar alojamiento seg\u00fan tu presupuesto y tus necesidades.<\/p>\n<p>Mudarse a los Estados Unidos es una gran oportunidad para comenzar una nueva vida. Estados Unidos ofrece un amplio abanico de posibilidades, sin importar en qu\u00e9 regi\u00f3n elijas instalarte. Cont\u00e1ctenos ahora para m\u00e1s informaci\u00f3n sobre nuestras tarifas y servicios. Ptrans est\u00e1 aqu\u00ed para ayudarle en cada paso del proceso de mudanza, \u00a1para que pueda disfrutar plenamente de su nueva vida!<\/p>\n\n\t\t<\/div>\n\t<\/div>\n<\/div><\/div><\/div><div class=\"wpb_column vc_column_container vc_col-sm-6\"><div class=\"vc_column-inner\"><div class=\"wpb_wrapper\"><div class=\"vc_empty_space\" style=\"height: 32px\"><span class=\"vc_empty_space_inner\"><\/span><\/div>\n\t<div class=\"wpb_text_column wpb_content_element\">\n\t\t<div class=\"wpb_wrapper\">\n\t\t\t<h4><span style=\"color: #333399;\">\u00bfQu\u00e9 documentos necesito presentar para mi mudanza de Marruecos a los Estados Unidos de Am\u00e9rica?<\/span><\/h4>\n<p>Para mudarse de Marruecos a Estados Unidos, necesitar\u00e1 ciertos documentos. Estos documentos incluyen:<\/p>\n<p>\u2013 su pasaporte y visa<\/p>\n<p>\u2013 una tarjeta de seguro m\u00e9dico<\/p>\n<p>\u2013 certificado de cambio de residencia<\/p>\n<p>\u2013 una lista de sus pertenencias que se trasladar\u00e1n<\/p>\n<p>Aseg\u00farese de reunir estos documentos antes de comenzar el proceso de mudanza. Ptrans puede ayudarle a obtener todos los documentos necesarios para una mudanza segura y legal.<\/p>\n<p>Ptrans es tu mejor opci\u00f3n para mudarte de Marruecos a Estados Unidos. Cont\u00e1ctenos ahora para m\u00e1s informaci\u00f3n sobre nuestras tarifas y servicios. \u00a1Estamos aqu\u00ed para ayudarle en cada paso del proceso de mudanza, para que pueda concentrarse en su nueva vida!<\/p>\n<h4><span style=\"color: #000080;\"><a href=\"http:\/\/ptrans.fr\/wp-content\/uploads\/2022\/09\/moving-prices-morocco-america.webp\"><img loading=\"lazy\" decoding=\"async\" class=\"wp-image-8407 size-full aligncenter\" src=\"http:\/\/ptrans.fr\/wp-content\/uploads\/2022\/09\/moving-prices-morocco-america.webp\" alt=\"moving prices morocco america\" width=\"400\" height=\"300\" srcset=\"https:\/\/ptrans.fr\/wp-content\/uploads\/2022\/09\/moving-prices-morocco-america.webp 400w, https:\/\/ptrans.fr\/wp-content\/uploads\/2022\/09\/moving-prices-morocco-america-300x225.webp 300w\" sizes=\"(max-width: 400px) 100vw, 400px\"><\/a><\/span><\/h4>\n<h4><span style=\"color: #333399;\">\u00bfCu\u00e1l es el coste de mudarse de Marruecos a los Estados Unidos de Am\u00e9rica?<\/span><\/h4>\n<p>El coste de mudarse de Marruecos a Estados Unidos depende de varios factores. Estos factores incluyen el tama\u00f1o y la cantidad de sus pertenencias a trasladar, as\u00ed como el modo de transporte que elija. Ptrans puede ayudarle a evaluar el coste de su mudanza y encontrar la mejor opci\u00f3n para su presupuesto. \u00a1Cont\u00e1ctenos ahora para obtener una cotizaci\u00f3n gratuita!<\/p>\n<p>Mudarse de Marruecos a Estados Unidos puede ser una experiencia estresante. Sin embargo, al elegir Ptrans como su empresa de mudanzas, puede estar seguro de que su mudanza se realizar\u00e1 sin problemas. Ofrecemos servicios integrales y soporte de la A a la Z. Cont\u00e1ctenos ahora para m\u00e1s informaci\u00f3n sobre nuestras tarifas y servicios. Ptrans es tu mejor opci\u00f3n para una mudanza segura y legal.<\/p>\n<p>\u00a1Gracias por confiar en Ptrans!<\/p>\n<h3><span style=\"color: #333399;\">Conclusi\u00f3n<\/span><\/h3>\n<p>Los Estados Unidos de Am\u00e9rica ofrecen una amplia variedad de oportunidades para los reci\u00e9n llegados. Ya sea que est\u00e9 buscando trabajar, estudiar o simplemente vivir en los Estados Unidos, \u00a1hay un lugar para usted! Estados Unidos ofrece un clima variado, hermosos paisajes y una cultura rica y diversa. Cont\u00e1ctenos ahora para obtener m\u00e1s informaci\u00f3n sobre c\u00f3mo mudarse a los Estados Unidos. Ptrans est\u00e1 aqu\u00ed para ayudarle en cada paso del proceso de mudanza, \u00a1para que pueda concentrarse en su nueva vida!<\/p>\n<p>Mudarse a los Estados Unidos puede parecer un desaf\u00edo. Sin embargo, al elegir Ptrans como su empresa de mudanzas, puede estar seguro de que su mudanza se realizar\u00e1 sin problemas. Ofrecemos servicios integrales y soporte de la A a la Z. Cont\u00e1ctenos ahora para m\u00e1s informaci\u00f3n sobre nuestras tarifas y servicios. Ptrans es tu mejor opci\u00f3n para una mudanza segura y legal.<\/p>\n<p>\u00a1Gracias por confiar en Ptrans!<\/p>\n<p>Ptrans es tu mejor opci\u00f3n para trasladarte de Marruecos a Estados Unidos de Am\u00e9rica de forma segura y conforme a la ley. Ofrecemos servicios completos de la A a la Z, incluido un presupuesto gratuito. \u00a1Cont\u00e1ctenos ahora para m\u00e1s informaci\u00f3n! \u00a1Gracias por confiar en Ptrans!<\/p>\n<p>Para obtener m\u00e1s informaci\u00f3n sobre c\u00f3mo mudarse a Marruecos o los Estados Unidos de Am\u00e9rica, no dude en ponerse en contacto con Ptrans. Estaremos encantados de ofrecerle un presupuesto gratuito y asesoramiento profesional. \u00a1Gracias por confiar en Ptrans!<\/p>\n<p>&nbsp;<\/p>\n<p><a href=\"https:\/\/www.routard.com\/guide_a_voir\/etats_unis.htm\">Descubre los Estados Unidos<\/a><\/p>\n<p><a href=\"https:\/\/ptrans.fr\/es\/estimer-le-prix\/\">Estimar el precio del transporte.<\/a><\/p>\n\n\t\t<\/div>\n\t<\/div>\n<\/div><\/div><\/div><\/div>\n<\/section>","protected":false},"excerpt":{"rendered":"<p>[rev_slider slidertitle=\"Moving Morocco United States America\" alias=\"demenagement-international-maroc-etats-unis-amerique-1\"]Consult Our Prices Online If you decide to move [...]<\/p>","protected":false},"author":1,"featured_media":0,"parent":0,"menu_order":0,"comment_status":"closed","ping_status":"closed","template":"","meta":{"footnotes":""},"yoast_head":"<!-- This site is optimized with the Yoast SEO plugin v22.8 - https:\/\/yoast.com\/wordpress\/plugins\/seo\/ -->\n<title>Moving Morocco United States America | T\u00e9l : +212663232300<\/title>\n<meta name=\"description\" content=\"Find out about moving services from Morocco to the United States of America. Phone: +212663232300 \/ infos@ptrans.fr\" \/>\n<meta name=\"robots\" content=\"index, follow, max-snippet:-1, max-image-preview:large, max-video-preview:-1\" \/>\n<link rel=\"canonical\" href=\"https:\/\/ptrans.fr\/es\/moving-morocco-usa\/\" \/>\n<meta property=\"og:locale\" content=\"es_ES\" \/>\n<meta property=\"og:type\" content=\"article\" \/>\n<meta property=\"og:title\" content=\"Moving Morocco United States America | T\u00e9l : +212663232300\" \/>\n<meta property=\"og:description\" content=\"Find out about moving services from Morocco to the United States of America. Phone: +212663232300 \/ infos@ptrans.fr\" \/>\n<meta property=\"og:url\" content=\"https:\/\/ptrans.fr\/es\/moving-morocco-usa\/\" \/>\n<meta property=\"og:site_name\" content=\"Ptrans Soci\u00e9t\u00e9 De Transport &amp; D\u00e9m\u00e9nagements International Entre Le Maroc Et Le Reste Du Monde\" \/>\n<meta property=\"article:publisher\" content=\"https:\/\/www.facebook.com\/PlogisticsEurope\" \/>\n<meta property=\"article:modified_time\" content=\"2022-09-26T11:41:11+00:00\" \/>\n<meta property=\"og:image\" content=\"http:\/\/ptrans.fr\/wp-content\/uploads\/2022\/09\/mover-morocco-america-1.jpg\" \/>\n<meta name=\"twitter:label1\" content=\"Tiempo de lectura\" \/>\n\t<meta name=\"twitter:data1\" content=\"5 minutos\" \/>\n<script type=\"application\/ld+json\" class=\"yoast-schema-graph\">{\"@context\":\"https:\/\/schema.org\",\"@graph\":[{\"@type\":\"Article\",\"@id\":\"https:\/\/ptrans.fr\/en\/moving-morocco-usa\/#article\",\"isPartOf\":{\"@id\":\"https:\/\/ptrans.fr\/en\/moving-morocco-usa\/\"},\"author\":{\"name\":\"admin\",\"@id\":\"https:\/\/ptrans.fr\/#\/schema\/person\/3a50d5b251b4df119e3598a32b8ce67c\"},\"headline\":\"Moving Morocco Usa\",\"datePublished\":\"2022-09-26T10:19:25+00:00\",\"dateModified\":\"2022-09-26T11:41:11+00:00\",\"mainEntityOfPage\":{\"@id\":\"https:\/\/ptrans.fr\/en\/moving-morocco-usa\/\"},\"wordCount\":843,\"publisher\":{\"@id\":\"https:\/\/ptrans.fr\/#organization\"},\"image\":{\"@id\":\"https:\/\/ptrans.fr\/en\/moving-morocco-usa\/#primaryimage\"},\"thumbnailUrl\":\"http:\/\/ptrans.fr\/wp-content\/uploads\/2022\/09\/mover-morocco-america-1.jpg\",\"inLanguage\":\"es\"},{\"@type\":\"WebPage\",\"@id\":\"https:\/\/ptrans.fr\/en\/moving-morocco-usa\/\",\"url\":\"https:\/\/ptrans.fr\/en\/moving-morocco-usa\/\",\"name\":\"Moving Morocco United States America | T\u00e9l : +212663232300\",\"isPartOf\":{\"@id\":\"https:\/\/ptrans.fr\/#website\"},\"primaryImageOfPage\":{\"@id\":\"https:\/\/ptrans.fr\/en\/moving-morocco-usa\/#primaryimage\"},\"image\":{\"@id\":\"https:\/\/ptrans.fr\/en\/moving-morocco-usa\/#primaryimage\"},\"thumbnailUrl\":\"http:\/\/ptrans.fr\/wp-content\/uploads\/2022\/09\/mover-morocco-america-1.jpg\",\"datePublished\":\"2022-09-26T10:19:25+00:00\",\"dateModified\":\"2022-09-26T11:41:11+00:00\",\"description\":\"Find out about moving services from Morocco to the United States of America. Phone: +212663232300 \/ infos@ptrans.fr\",\"inLanguage\":\"es\",\"potentialAction\":[{\"@type\":\"ReadAction\",\"target\":[\"https:\/\/ptrans.fr\/en\/moving-morocco-usa\/\"]}]},{\"@type\":\"ImageObject\",\"inLanguage\":\"es\",\"@id\":\"https:\/\/ptrans.fr\/en\/moving-morocco-usa\/#primaryimage\",\"url\":\"http:\/\/ptrans.fr\/wp-content\/uploads\/2022\/09\/mover-morocco-america-1.jpg\",\"contentUrl\":\"http:\/\/ptrans.fr\/wp-content\/uploads\/2022\/09\/mover-morocco-america-1.jpg\"},{\"@type\":\"WebSite\",\"@id\":\"https:\/\/ptrans.fr\/#website\",\"url\":\"https:\/\/ptrans.fr\/\",\"name\":\"Ptrans Soci\u00e9t\u00e9 De Transport Et D\u00e9m\u00e9nagement International Maroc\",\"description\":\"Ptrans Votre Transporteur &amp; D\u00e9m\u00e9nageur Vers Le Maroc\",\"publisher\":{\"@id\":\"https:\/\/ptrans.fr\/#organization\"},\"alternateName\":\"Ptrans\",\"potentialAction\":[{\"@type\":\"SearchAction\",\"target\":{\"@type\":\"EntryPoint\",\"urlTemplate\":\"https:\/\/ptrans.fr\/?s={search_term_string}\"},\"query-input\":\"required name=search_term_string\"}],\"inLanguage\":\"es\"},{\"@type\":\"Organization\",\"@id\":\"https:\/\/ptrans.fr\/#organization\",\"name\":\"Ptrans Soci\u00e9t\u00e9 De Transport Et D\u00e9m\u00e9nagements International Entre Le Maroc Et Le Reste Du Monde\",\"url\":\"https:\/\/ptrans.fr\/\",\"logo\":{\"@type\":\"ImageObject\",\"inLanguage\":\"es\",\"@id\":\"https:\/\/ptrans.fr\/#\/schema\/logo\/image\/\",\"url\":\"http:\/\/ptrans.fr\/wp-content\/uploads\/2022\/08\/P.trans-logi_Plan-de-travail-1.png\",\"contentUrl\":\"http:\/\/ptrans.fr\/wp-content\/uploads\/2022\/08\/P.trans-logi_Plan-de-travail-1.png\",\"width\":2481,\"height\":1076,\"caption\":\"Ptrans Soci\u00e9t\u00e9 De Transport Et D\u00e9m\u00e9nagements International Entre Le Maroc Et Le Reste Du Monde\"},\"image\":{\"@id\":\"https:\/\/ptrans.fr\/#\/schema\/logo\/image\/\"},\"sameAs\":[\"https:\/\/www.facebook.com\/PlogisticsEurope\"]},{\"@type\":\"Person\",\"@id\":\"https:\/\/ptrans.fr\/#\/schema\/person\/3a50d5b251b4df119e3598a32b8ce67c\",\"name\":\"admin\",\"image\":{\"@type\":\"ImageObject\",\"inLanguage\":\"es\",\"@id\":\"https:\/\/ptrans.fr\/#\/schema\/person\/image\/\",\"url\":\"https:\/\/secure.gravatar.com\/avatar\/f1ed11851bb8c89ef1f06d655ba0bd00?s=96&d=mm&r=g\",\"contentUrl\":\"https:\/\/secure.gravatar.com\/avatar\/f1ed11851bb8c89ef1f06d655ba0bd00?s=96&d=mm&r=g\",\"caption\":\"admin\"},\"url\":\"https:\/\/ptrans.fr\/es\/author\/admin\/\"}]}<\/script>\n<!-- \/ Yoast SEO plugin. -->","yoast_head_json":{"title":"Moving Morocco United States America | T\u00e9l : +212663232300","description":"Find out about moving services from Morocco to the United States of America. Phone: +212663232300 \/ infos@ptrans.fr","robots":{"index":"index","follow":"follow","max-snippet":"max-snippet:-1","max-image-preview":"max-image-preview:large","max-video-preview":"max-video-preview:-1"},"canonical":"https:\/\/ptrans.fr\/es\/moving-morocco-usa\/","og_locale":"es_ES","og_type":"article","og_title":"Moving Morocco United States America | T\u00e9l : +212663232300","og_description":"Find out about moving services from Morocco to the United States of America. Phone: +212663232300 \/ infos@ptrans.fr","og_url":"https:\/\/ptrans.fr\/es\/moving-morocco-usa\/","og_site_name":"Ptrans Soci\u00e9t\u00e9 De Transport &amp; D\u00e9m\u00e9nagements International Entre Le Maroc Et Le Reste Du Monde","article_publisher":"https:\/\/www.facebook.com\/PlogisticsEurope","article_modified_time":"2022-09-26T11:41:11+00:00","og_image":[{"url":"http:\/\/ptrans.fr\/wp-content\/uploads\/2022\/09\/mover-morocco-america-1.jpg"}],"twitter_misc":{"Tiempo de lectura":"5 minutos"},"schema":{"@context":"https:\/\/schema.org","@graph":[{"@type":"Article","@id":"https:\/\/ptrans.fr\/en\/moving-morocco-usa\/#article","isPartOf":{"@id":"https:\/\/ptrans.fr\/en\/moving-morocco-usa\/"},"author":{"name":"admin","@id":"https:\/\/ptrans.fr\/#\/schema\/person\/3a50d5b251b4df119e3598a32b8ce67c"},"headline":"Moving Morocco Usa","datePublished":"2022-09-26T10:19:25+00:00","dateModified":"2022-09-26T11:41:11+00:00","mainEntityOfPage":{"@id":"https:\/\/ptrans.fr\/en\/moving-morocco-usa\/"},"wordCount":843,"publisher":{"@id":"https:\/\/ptrans.fr\/#organization"},"image":{"@id":"https:\/\/ptrans.fr\/en\/moving-morocco-usa\/#primaryimage"},"thumbnailUrl":"http:\/\/ptrans.fr\/wp-content\/uploads\/2022\/09\/mover-morocco-america-1.jpg","inLanguage":"es"},{"@type":"WebPage","@id":"https:\/\/ptrans.fr\/en\/moving-morocco-usa\/","url":"https:\/\/ptrans.fr\/en\/moving-morocco-usa\/","name":"Moving Morocco United States America | T\u00e9l : +212663232300","isPartOf":{"@id":"https:\/\/ptrans.fr\/#website"},"primaryImageOfPage":{"@id":"https:\/\/ptrans.fr\/en\/moving-morocco-usa\/#primaryimage"},"image":{"@id":"https:\/\/ptrans.fr\/en\/moving-morocco-usa\/#primaryimage"},"thumbnailUrl":"http:\/\/ptrans.fr\/wp-content\/uploads\/2022\/09\/mover-morocco-america-1.jpg","datePublished":"2022-09-26T10:19:25+00:00","dateModified":"2022-09-26T11:41:11+00:00","description":"Find out about moving services from Morocco to the United States of America. Phone: +212663232300 \/ infos@ptrans.fr","inLanguage":"es","potentialAction":[{"@type":"ReadAction","target":["https:\/\/ptrans.fr\/en\/moving-morocco-usa\/"]}]},{"@type":"ImageObject","inLanguage":"es","@id":"https:\/\/ptrans.fr\/en\/moving-morocco-usa\/#primaryimage","url":"http:\/\/ptrans.fr\/wp-content\/uploads\/2022\/09\/mover-morocco-america-1.jpg","contentUrl":"http:\/\/ptrans.fr\/wp-content\/uploads\/2022\/09\/mover-morocco-america-1.jpg"},{"@type":"WebSite","@id":"https:\/\/ptrans.fr\/#website","url":"https:\/\/ptrans.fr\/","name":"Ptrans Soci\u00e9t\u00e9 De Transport Et D\u00e9m\u00e9nagement International Maroc","description":"Ptrans Votre Transporteur &amp; D\u00e9m\u00e9nageur Vers Le Maroc","publisher":{"@id":"https:\/\/ptrans.fr\/#organization"},"alternateName":"Ptrans","potentialAction":[{"@type":"SearchAction","target":{"@type":"EntryPoint","urlTemplate":"https:\/\/ptrans.fr\/?s={search_term_string}"},"query-input":"required name=search_term_string"}],"inLanguage":"es"},{"@type":"Organization","@id":"https:\/\/ptrans.fr\/#organization","name":"Ptrans Soci\u00e9t\u00e9 De Transport Et D\u00e9m\u00e9nagements International Entre Le Maroc Et Le Reste Du Monde","url":"https:\/\/ptrans.fr\/","logo":{"@type":"ImageObject","inLanguage":"es","@id":"https:\/\/ptrans.fr\/#\/schema\/logo\/image\/","url":"http:\/\/ptrans.fr\/wp-content\/uploads\/2022\/08\/P.trans-logi_Plan-de-travail-1.png","contentUrl":"http:\/\/ptrans.fr\/wp-content\/uploads\/2022\/08\/P.trans-logi_Plan-de-travail-1.png","width":2481,"height":1076,"caption":"Ptrans Soci\u00e9t\u00e9 De Transport Et D\u00e9m\u00e9nagements International Entre Le Maroc Et Le Reste Du Monde"},"image":{"@id":"https:\/\/ptrans.fr\/#\/schema\/logo\/image\/"},"sameAs":["https:\/\/www.facebook.com\/PlogisticsEurope"]},{"@type":"Person","@id":"https:\/\/ptrans.fr\/#\/schema\/person\/3a50d5b251b4df119e3598a32b8ce67c","name":"admin","image":{"@type":"ImageObject","inLanguage":"es","@id":"https:\/\/ptrans.fr\/#\/schema\/person\/image\/","url":"https:\/\/secure.gravatar.com\/avatar\/f1ed11851bb8c89ef1f06d655ba0bd00?s=96&d=mm&r=g","contentUrl":"https:\/\/secure.gravatar.com\/avatar\/f1ed11851bb8c89ef1f06d655ba0bd00?s=96&d=mm&r=g","caption":"admin"},"url":"https:\/\/ptrans.fr\/es\/author\/admin\/"}]}},"jetpack_sharing_enabled":true,"jetpack_likes_enabled":true,"_links":{"self":[{"href":"https:\/\/ptrans.fr\/es\/wp-json\/wp\/v2\/pages\/8397"}],"collection":[{"href":"https:\/\/ptrans.fr\/es\/wp-json\/wp\/v2\/pages"}],"about":[{"href":"https:\/\/ptrans.fr\/es\/wp-json\/wp\/v2\/types\/page"}],"author":[{"embeddable":true,"href":"https:\/\/ptrans.fr\/es\/wp-json\/wp\/v2\/users\/1"}],"replies":[{"embeddable":true,"href":"https:\/\/ptrans.fr\/es\/wp-json\/wp\/v2\/comments?post=8397"}],"version-history":[{"count":0,"href":"https:\/\/ptrans.fr\/es\/wp-json\/wp\/v2\/pages\/8397\/revisions"}],"wp:attachment":[{"href":"https:\/\/ptrans.fr\/es\/wp-json\/wp\/v2\/media?parent=8397"}],"curies":[{"name":"wp","href":"https:\/\/api.w.org\/{rel}","templated":true}]}}