{"id":14765,"date":"2024-03-06T22:33:25","date_gmt":"2024-03-06T21:33:25","guid":{"rendered":"https:\/\/ptrans.fr\/fr_fr\/?page_id=14765"},"modified":"2024-03-06T23:15:42","modified_gmt":"2024-03-06T22:15:42","slug":"transport-de-marchandises-france-maroc","status":"publish","type":"page","link":"https:\/\/ptrans.fr\/fr_fr\/transport-de-marchandises-france-maroc\/","title":{"rendered":"Transport De Marchandises France Maroc"},"content":{"rendered":"\n<figure class=\"wp-block-image size-large\"><img loading=\"lazy\" decoding=\"async\" width=\"1024\" height=\"585\" src=\"https:\/\/ptrans.fr\/wp-content\/uploads\/2024\/03\/file-bx3o7ma0mfwgwgp220xjo0wx8580309890950852756-1024x585.jpg\" alt=\"\" class=\"wp-image-14767\" srcset=\"https:\/\/ptrans.fr\/wp-content\/uploads\/2024\/03\/file-bx3o7ma0mfwgwgp220xjo0wx8580309890950852756-1024x585.jpg 1024w, https:\/\/ptrans.fr\/wp-content\/uploads\/2024\/03\/file-bx3o7ma0mfwgwgp220xjo0wx8580309890950852756-300x171.jpg 300w, https:\/\/ptrans.fr\/wp-content\/uploads\/2024\/03\/file-bx3o7ma0mfwgwgp220xjo0wx8580309890950852756-768x439.jpg 768w, https:\/\/ptrans.fr\/wp-content\/uploads\/2024\/03\/file-bx3o7ma0mfwgwgp220xjo0wx8580309890950852756-1536x878.jpg 1536w, https:\/\/ptrans.fr\/wp-content\/uploads\/2024\/03\/file-bx3o7ma0mfwgwgp220xjo0wx8580309890950852756-18x10.jpg 18w, https:\/\/ptrans.fr\/wp-content\/uploads\/2024\/03\/file-bx3o7ma0mfwgwgp220xjo0wx8580309890950852756-800x457.jpg 800w, https:\/\/ptrans.fr\/wp-content\/uploads\/2024\/03\/file-bx3o7ma0mfwgwgp220xjo0wx8580309890950852756.jpg 1792w\" sizes=\"(max-width: 1024px) 100vw, 1024px\" \/><\/figure>\n\n\n\n<p><\/p>\n\n\n\n<p>Transport r\u00e9gulier entre la France et le Maroc avec PTrans Logistique**<\/p>\n\n\n\n<p><br><br>Chez PTrans Logistique, sp\u00e9cialiste du transport de marchandises entre France et Maroc en groupage, nous nous engageons \u00e0 offrir des solutions logistiques fiables et efficaces pour vos \u00e9changes commerciaux.<\/p>\n\n\n\n<p><\/p>\n\n\n\n<div class=\"wp-block-buttons is-layout-flex wp-block-buttons-is-layout-flex\">\n<div class=\"wp-block-button\"><a class=\"wp-block-button__link has-background wp-element-button\" href=\"\" style=\"background-color:#1b3e52\" rel=\"\">Nos Tarifs En Ligne <\/a><\/div>\n<\/div>\n\n\n\n<p><br><br><mark style=\"background-color:rgba(0, 0, 0, 0);color:#1b3854\" class=\"has-inline-color\"><strong>D\u00e9parts hebdomadaires pour une logistique sans faille<\/strong><\/mark><br><br>Notre service de transport de marchandises entre France et Maroc se distingue par des d\u00e9parts hebdomadaires chaque vendredi depuis des hubs logistiques cl\u00e9s en France : Roissy, Nantes, Lesquin, Marseille, Lyon, et Strasbourg. Cette r\u00e9gularit\u00e9 garantit une planification fluide et efficace pour l&rsquo;acheminement de vos biens.<br><br><strong><mark style=\"background-color:rgba(0, 0, 0, 0);color:#1b456a\" class=\"has-inline-color\">Une arriv\u00e9e rapide sur le territoire marocain<\/mark><\/strong><br><br>Les marchandises exp\u00e9di\u00e9es avec notre service de **transport de marchandises entre France et Maroc** atteignent leur destination le mardi de la semaine suivante, assurant ainsi une int\u00e9gration rapide dans votre cha\u00eene d&rsquo;approvisionnement. <br><br>Une couverture compl\u00e8te du territoire marocain<br><br>PTrans Logistique offre une couverture \u00e9tendue pour le transport de marchandises entre France et Maroc, livrant dans une large gamme de villes marocaines, y compris Casablanca, Rabat, F\u00e8s, Marrakech, Agadir, Tanger, Oujda, Mekn\u00e8s, Kenitra, et Essaouira. <br><br><strong>Expertise en formalit\u00e9s douani\u00e8res<\/strong><br><br>Notre prestation de transport de marchandises entre France et Maroc inclut une prise en charge compl\u00e8te des formalit\u00e9s de d\u00e9douanement, simplifiant le passage des fronti\u00e8res pour vos marchandises.<br><br><strong>Tarification adapt\u00e9e \u00e0 chaque envoi<\/strong><br><br>| Poids (kg)\u00a0 | Prix (\u20ac\/kg) |<br>|&#8212;&#8212;&#8212;&#8212;-|&#8212;&#8212;&#8212;&#8212;-|<br>| 50 &#8211; 300\u00a0\u00a0\u00a0 | 340 (forfait) |<br>| 300 &#8211; 550\u00a0\u00a0 | 0.80\u00a0\u00a0\u00a0\u00a0\u00a0\u00a0\u00a0 |<br>| 550 &#8211; 800\u00a0\u00a0 | 0.70\u00a0\u00a0\u00a0\u00a0\u00a0\u00a0\u00a0 |<br>| 800 &#8211; 1050\u00a0 | 0.60\u00a0\u00a0\u00a0\u00a0\u00a0\u00a0\u00a0 |<br>| 1050 &#8211; 1300 | 0.50\u00a0\u00a0\u00a0\u00a0\u00a0\u00a0\u00a0 |<br>| 1300 &#8211; 1550 | 0.40\u00a0\u00a0\u00a0\u00a0\u00a0\u00a0\u00a0 |<br>| 1550 &#8211; 7050 | 0.32\u00a0\u00a0\u00a0\u00a0\u00a0\u00a0\u00a0 |<br><br><br><br>Nous adaptons nos tarifs sp\u00e9cifiquement pour le transport de marchandises entre France et Maroc, en fonction du poids et du volume, assurant une offre comp\u00e9titive et ajust\u00e9e \u00e0 vos besoins.<br><br>Pourquoi choisir PTrans Logistique pour votre transport de marchandises entre France et Maroc ?<br><br>&#8211; Fr\u00e9quence et fiabilit\u00e9 : B\u00e9n\u00e9ficiez de d\u00e9parts r\u00e9guliers et d&rsquo;une livraison fiable pour vos marchandises.<br>&#8211; Couverture nationale au Maroc : Profitez d&rsquo;une livraison efficace dans une large gamme de villes marocaines.<br>&#8211; Rapidit\u00e9 et s\u00e9curit\u00e9 : Faites confiance \u00e0 notre expertise pour une livraison rapide et s\u00e9curis\u00e9e de vos biens.<br>&#8211; Expertise douani\u00e8re : Simplifiez vos envois internationaux gr\u00e2ce \u00e0 notre assistance douani\u00e8re compl\u00e8te.<br>&#8211; Tarification sur-mesure : Optimisez vos co\u00fbts avec notre syst\u00e8me de tarification flexible adapt\u00e9 au transport de marchandises entre France et Maroc.<br><br><br>&#8212;<\/p>\n\n\n\n<p><\/p>\n","protected":false},"excerpt":{"rendered":"<p>Transport r\u00e9gulier entre la France et le Maroc avec PTrans Logistique** Chez PTrans Logistique, sp\u00e9cialiste [&hellip;]<\/p>\n","protected":false},"author":1,"featured_media":0,"parent":0,"menu_order":0,"comment_status":"closed","ping_status":"closed","template":"","meta":{"footnotes":""},"yoast_head":"<!-- This site is optimized with the Yoast SEO plugin v22.8 - https:\/\/yoast.com\/wordpress\/plugins\/seo\/ -->\n<title>Transport De Marchandises France Maroc - T\u00e9l : +212 663 23 23 00<\/title>\n<meta name=\"description\" content=\"Transport De Marchandises France Maroc - Ptrans Soci\u00e9t\u00e9 De Transport &amp; D\u00e9m\u00e9nagements International Entre Le Maroc Et Le Reste Du Monde - T\u00e9l : +212 663 23 23 00 - Mail : s.p@ptrans.fr\" \/>\n<meta name=\"robots\" content=\"index, follow, max-snippet:-1, max-image-preview:large, max-video-preview:-1\" \/>\n<link rel=\"canonical\" href=\"https:\/\/ptrans.fr\/fr_fr\/transport-de-marchandises-france-maroc\/\" \/>\n<meta property=\"og:locale\" content=\"fr_FR\" \/>\n<meta property=\"og:type\" content=\"article\" \/>\n<meta property=\"og:title\" content=\"Transport De Marchandises France Maroc - T\u00e9l : +212 663 23 23 00\" \/>\n<meta property=\"og:description\" content=\"Transport De Marchandises France Maroc - Ptrans Soci\u00e9t\u00e9 De Transport &amp; D\u00e9m\u00e9nagements International Entre Le Maroc Et Le Reste Du Monde - T\u00e9l : +212 663 23 23 00 - Mail : s.p@ptrans.fr\" \/>\n<meta property=\"og:url\" content=\"https:\/\/ptrans.fr\/fr_fr\/transport-de-marchandises-france-maroc\/\" \/>\n<meta property=\"og:site_name\" content=\"Ptrans Soci\u00e9t\u00e9 De Transport &amp; D\u00e9m\u00e9nagements International Entre Le Maroc Et Le Reste Du Monde\" \/>\n<meta property=\"article:publisher\" content=\"https:\/\/www.facebook.com\/PlogisticsEurope\" \/>\n<meta property=\"article:modified_time\" content=\"2024-03-06T22:15:42+00:00\" \/>\n<meta property=\"og:image\" content=\"https:\/\/ptrans.fr\/wp-content\/uploads\/2024\/03\/file-bx3o7ma0mfwgwgp220xjo0wx8580309890950852756-1024x585.jpg\" \/>\n<meta name=\"twitter:label1\" content=\"Dur\u00e9e de lecture estim\u00e9e\" \/>\n\t<meta name=\"twitter:data1\" content=\"2 minutes\" \/>\n<script type=\"application\/ld+json\" class=\"yoast-schema-graph\">{\"@context\":\"https:\/\/schema.org\",\"@graph\":[{\"@type\":\"Article\",\"@id\":\"https:\/\/ptrans.fr\/fr_fr\/transport-de-marchandises-france-maroc\/#article\",\"isPartOf\":{\"@id\":\"https:\/\/ptrans.fr\/fr_fr\/transport-de-marchandises-france-maroc\/\"},\"author\":{\"name\":\"admin\",\"@id\":\"https:\/\/ptrans.fr\/#\/schema\/person\/3a50d5b251b4df119e3598a32b8ce67c\"},\"headline\":\"Transport De Marchandises France Maroc\",\"datePublished\":\"2024-03-06T21:33:25+00:00\",\"dateModified\":\"2024-03-06T22:15:42+00:00\",\"mainEntityOfPage\":{\"@id\":\"https:\/\/ptrans.fr\/fr_fr\/transport-de-marchandises-france-maroc\/\"},\"wordCount\":393,\"publisher\":{\"@id\":\"https:\/\/ptrans.fr\/#organization\"},\"image\":{\"@id\":\"https:\/\/ptrans.fr\/fr_fr\/transport-de-marchandises-france-maroc\/#primaryimage\"},\"thumbnailUrl\":\"https:\/\/ptrans.fr\/wp-content\/uploads\/2024\/03\/file-bx3o7ma0mfwgwgp220xjo0wx8580309890950852756-1024x585.jpg\",\"inLanguage\":\"fr-FR\"},{\"@type\":\"WebPage\",\"@id\":\"https:\/\/ptrans.fr\/fr_fr\/transport-de-marchandises-france-maroc\/\",\"url\":\"https:\/\/ptrans.fr\/fr_fr\/transport-de-marchandises-france-maroc\/\",\"name\":\"Transport De Marchandises France Maroc - T\u00e9l : +212 663 23 23 00\",\"isPartOf\":{\"@id\":\"https:\/\/ptrans.fr\/#website\"},\"primaryImageOfPage\":{\"@id\":\"https:\/\/ptrans.fr\/fr_fr\/transport-de-marchandises-france-maroc\/#primaryimage\"},\"image\":{\"@id\":\"https:\/\/ptrans.fr\/fr_fr\/transport-de-marchandises-france-maroc\/#primaryimage\"},\"thumbnailUrl\":\"https:\/\/ptrans.fr\/wp-content\/uploads\/2024\/03\/file-bx3o7ma0mfwgwgp220xjo0wx8580309890950852756-1024x585.jpg\",\"datePublished\":\"2024-03-06T21:33:25+00:00\",\"dateModified\":\"2024-03-06T22:15:42+00:00\",\"description\":\"Transport De Marchandises France Maroc - Ptrans Soci\u00e9t\u00e9 De Transport &amp; D\u00e9m\u00e9nagements International Entre Le Maroc Et Le Reste Du Monde - T\u00e9l : +212 663 23 23 00 - Mail : s.p@ptrans.fr\",\"inLanguage\":\"fr-FR\",\"potentialAction\":[{\"@type\":\"ReadAction\",\"target\":[\"https:\/\/ptrans.fr\/fr_fr\/transport-de-marchandises-france-maroc\/\"]}]},{\"@type\":\"ImageObject\",\"inLanguage\":\"fr-FR\",\"@id\":\"https:\/\/ptrans.fr\/fr_fr\/transport-de-marchandises-france-maroc\/#primaryimage\",\"url\":\"https:\/\/ptrans.fr\/wp-content\/uploads\/2024\/03\/file-bx3o7ma0mfwgwgp220xjo0wx8580309890950852756-1024x585.jpg\",\"contentUrl\":\"https:\/\/ptrans.fr\/wp-content\/uploads\/2024\/03\/file-bx3o7ma0mfwgwgp220xjo0wx8580309890950852756-1024x585.jpg\"},{\"@type\":\"WebSite\",\"@id\":\"https:\/\/ptrans.fr\/#website\",\"url\":\"https:\/\/ptrans.fr\/\",\"name\":\"Ptrans Soci\u00e9t\u00e9 De Transport Et D\u00e9m\u00e9nagement International Maroc\",\"description\":\"Ptrans Votre Transporteur &amp; D\u00e9m\u00e9nageur Vers Le Maroc\",\"publisher\":{\"@id\":\"https:\/\/ptrans.fr\/#organization\"},\"alternateName\":\"Ptrans\",\"potentialAction\":[{\"@type\":\"SearchAction\",\"target\":{\"@type\":\"EntryPoint\",\"urlTemplate\":\"https:\/\/ptrans.fr\/?s={search_term_string}\"},\"query-input\":\"required name=search_term_string\"}],\"inLanguage\":\"fr-FR\"},{\"@type\":\"Organization\",\"@id\":\"https:\/\/ptrans.fr\/#organization\",\"name\":\"Ptrans Soci\u00e9t\u00e9 De Transport Et D\u00e9m\u00e9nagements International Entre Le Maroc Et Le Reste Du Monde\",\"url\":\"https:\/\/ptrans.fr\/\",\"logo\":{\"@type\":\"ImageObject\",\"inLanguage\":\"fr-FR\",\"@id\":\"https:\/\/ptrans.fr\/#\/schema\/logo\/image\/\",\"url\":\"http:\/\/ptrans.fr\/wp-content\/uploads\/2022\/08\/P.trans-logi_Plan-de-travail-1.png\",\"contentUrl\":\"http:\/\/ptrans.fr\/wp-content\/uploads\/2022\/08\/P.trans-logi_Plan-de-travail-1.png\",\"width\":2481,\"height\":1076,\"caption\":\"Ptrans Soci\u00e9t\u00e9 De Transport Et D\u00e9m\u00e9nagements International Entre Le Maroc Et Le Reste Du Monde\"},\"image\":{\"@id\":\"https:\/\/ptrans.fr\/#\/schema\/logo\/image\/\"},\"sameAs\":[\"https:\/\/www.facebook.com\/PlogisticsEurope\"]},{\"@type\":\"Person\",\"@id\":\"https:\/\/ptrans.fr\/#\/schema\/person\/3a50d5b251b4df119e3598a32b8ce67c\",\"name\":\"admin\",\"image\":{\"@type\":\"ImageObject\",\"inLanguage\":\"fr-FR\",\"@id\":\"https:\/\/ptrans.fr\/#\/schema\/person\/image\/\",\"url\":\"https:\/\/secure.gravatar.com\/avatar\/f1ed11851bb8c89ef1f06d655ba0bd00?s=96&d=mm&r=g\",\"contentUrl\":\"https:\/\/secure.gravatar.com\/avatar\/f1ed11851bb8c89ef1f06d655ba0bd00?s=96&d=mm&r=g\",\"caption\":\"admin\"},\"url\":\"https:\/\/ptrans.fr\/fr_fr\/author\/admin\/\"}]}<\/script>\n<!-- \/ Yoast SEO plugin. -->","yoast_head_json":{"title":"Transport De Marchandises France Maroc - T\u00e9l : +212 663 23 23 00","description":"Transport De Marchandises France Maroc - Ptrans Soci\u00e9t\u00e9 De Transport &amp; D\u00e9m\u00e9nagements International Entre Le Maroc Et Le Reste Du Monde - T\u00e9l : +212 663 23 23 00 - Mail : s.p@ptrans.fr","robots":{"index":"index","follow":"follow","max-snippet":"max-snippet:-1","max-image-preview":"max-image-preview:large","max-video-preview":"max-video-preview:-1"},"canonical":"https:\/\/ptrans.fr\/fr_fr\/transport-de-marchandises-france-maroc\/","og_locale":"fr_FR","og_type":"article","og_title":"Transport De Marchandises France Maroc - T\u00e9l : +212 663 23 23 00","og_description":"Transport De Marchandises France Maroc - Ptrans Soci\u00e9t\u00e9 De Transport &amp; D\u00e9m\u00e9nagements International Entre Le Maroc Et Le Reste Du Monde - T\u00e9l : +212 663 23 23 00 - Mail : s.p@ptrans.fr","og_url":"https:\/\/ptrans.fr\/fr_fr\/transport-de-marchandises-france-maroc\/","og_site_name":"Ptrans Soci\u00e9t\u00e9 De Transport &amp; D\u00e9m\u00e9nagements International Entre Le Maroc Et Le Reste Du Monde","article_publisher":"https:\/\/www.facebook.com\/PlogisticsEurope","article_modified_time":"2024-03-06T22:15:42+00:00","og_image":[{"url":"https:\/\/ptrans.fr\/wp-content\/uploads\/2024\/03\/file-bx3o7ma0mfwgwgp220xjo0wx8580309890950852756-1024x585.jpg"}],"twitter_misc":{"Dur\u00e9e de lecture estim\u00e9e":"2 minutes"},"schema":{"@context":"https:\/\/schema.org","@graph":[{"@type":"Article","@id":"https:\/\/ptrans.fr\/fr_fr\/transport-de-marchandises-france-maroc\/#article","isPartOf":{"@id":"https:\/\/ptrans.fr\/fr_fr\/transport-de-marchandises-france-maroc\/"},"author":{"name":"admin","@id":"https:\/\/ptrans.fr\/#\/schema\/person\/3a50d5b251b4df119e3598a32b8ce67c"},"headline":"Transport De Marchandises France Maroc","datePublished":"2024-03-06T21:33:25+00:00","dateModified":"2024-03-06T22:15:42+00:00","mainEntityOfPage":{"@id":"https:\/\/ptrans.fr\/fr_fr\/transport-de-marchandises-france-maroc\/"},"wordCount":393,"publisher":{"@id":"https:\/\/ptrans.fr\/#organization"},"image":{"@id":"https:\/\/ptrans.fr\/fr_fr\/transport-de-marchandises-france-maroc\/#primaryimage"},"thumbnailUrl":"https:\/\/ptrans.fr\/wp-content\/uploads\/2024\/03\/file-bx3o7ma0mfwgwgp220xjo0wx8580309890950852756-1024x585.jpg","inLanguage":"fr-FR"},{"@type":"WebPage","@id":"https:\/\/ptrans.fr\/fr_fr\/transport-de-marchandises-france-maroc\/","url":"https:\/\/ptrans.fr\/fr_fr\/transport-de-marchandises-france-maroc\/","name":"Transport De Marchandises France Maroc - T\u00e9l : +212 663 23 23 00","isPartOf":{"@id":"https:\/\/ptrans.fr\/#website"},"primaryImageOfPage":{"@id":"https:\/\/ptrans.fr\/fr_fr\/transport-de-marchandises-france-maroc\/#primaryimage"},"image":{"@id":"https:\/\/ptrans.fr\/fr_fr\/transport-de-marchandises-france-maroc\/#primaryimage"},"thumbnailUrl":"https:\/\/ptrans.fr\/wp-content\/uploads\/2024\/03\/file-bx3o7ma0mfwgwgp220xjo0wx8580309890950852756-1024x585.jpg","datePublished":"2024-03-06T21:33:25+00:00","dateModified":"2024-03-06T22:15:42+00:00","description":"Transport De Marchandises France Maroc - Ptrans Soci\u00e9t\u00e9 De Transport &amp; D\u00e9m\u00e9nagements International Entre Le Maroc Et Le Reste Du Monde - T\u00e9l : +212 663 23 23 00 - Mail : s.p@ptrans.fr","inLanguage":"fr-FR","potentialAction":[{"@type":"ReadAction","target":["https:\/\/ptrans.fr\/fr_fr\/transport-de-marchandises-france-maroc\/"]}]},{"@type":"ImageObject","inLanguage":"fr-FR","@id":"https:\/\/ptrans.fr\/fr_fr\/transport-de-marchandises-france-maroc\/#primaryimage","url":"https:\/\/ptrans.fr\/wp-content\/uploads\/2024\/03\/file-bx3o7ma0mfwgwgp220xjo0wx8580309890950852756-1024x585.jpg","contentUrl":"https:\/\/ptrans.fr\/wp-content\/uploads\/2024\/03\/file-bx3o7ma0mfwgwgp220xjo0wx8580309890950852756-1024x585.jpg"},{"@type":"WebSite","@id":"https:\/\/ptrans.fr\/#website","url":"https:\/\/ptrans.fr\/","name":"Ptrans Soci\u00e9t\u00e9 De Transport Et D\u00e9m\u00e9nagement International Maroc","description":"Ptrans Votre Transporteur &amp; D\u00e9m\u00e9nageur Vers Le Maroc","publisher":{"@id":"https:\/\/ptrans.fr\/#organization"},"alternateName":"Ptrans","potentialAction":[{"@type":"SearchAction","target":{"@type":"EntryPoint","urlTemplate":"https:\/\/ptrans.fr\/?s={search_term_string}"},"query-input":"required name=search_term_string"}],"inLanguage":"fr-FR"},{"@type":"Organization","@id":"https:\/\/ptrans.fr\/#organization","name":"Ptrans Soci\u00e9t\u00e9 De Transport Et D\u00e9m\u00e9nagements International Entre Le Maroc Et Le Reste Du Monde","url":"https:\/\/ptrans.fr\/","logo":{"@type":"ImageObject","inLanguage":"fr-FR","@id":"https:\/\/ptrans.fr\/#\/schema\/logo\/image\/","url":"http:\/\/ptrans.fr\/wp-content\/uploads\/2022\/08\/P.trans-logi_Plan-de-travail-1.png","contentUrl":"http:\/\/ptrans.fr\/wp-content\/uploads\/2022\/08\/P.trans-logi_Plan-de-travail-1.png","width":2481,"height":1076,"caption":"Ptrans Soci\u00e9t\u00e9 De Transport Et D\u00e9m\u00e9nagements International Entre Le Maroc Et Le Reste Du Monde"},"image":{"@id":"https:\/\/ptrans.fr\/#\/schema\/logo\/image\/"},"sameAs":["https:\/\/www.facebook.com\/PlogisticsEurope"]},{"@type":"Person","@id":"https:\/\/ptrans.fr\/#\/schema\/person\/3a50d5b251b4df119e3598a32b8ce67c","name":"admin","image":{"@type":"ImageObject","inLanguage":"fr-FR","@id":"https:\/\/ptrans.fr\/#\/schema\/person\/image\/","url":"https:\/\/secure.gravatar.com\/avatar\/f1ed11851bb8c89ef1f06d655ba0bd00?s=96&d=mm&r=g","contentUrl":"https:\/\/secure.gravatar.com\/avatar\/f1ed11851bb8c89ef1f06d655ba0bd00?s=96&d=mm&r=g","caption":"admin"},"url":"https:\/\/ptrans.fr\/fr_fr\/author\/admin\/"}]}},"jetpack_sharing_enabled":true,"jetpack_likes_enabled":true,"_links":{"self":[{"href":"https:\/\/ptrans.fr\/fr_fr\/wp-json\/wp\/v2\/pages\/14765"}],"collection":[{"href":"https:\/\/ptrans.fr\/fr_fr\/wp-json\/wp\/v2\/pages"}],"about":[{"href":"https:\/\/ptrans.fr\/fr_fr\/wp-json\/wp\/v2\/types\/page"}],"author":[{"embeddable":true,"href":"https:\/\/ptrans.fr\/fr_fr\/wp-json\/wp\/v2\/users\/1"}],"replies":[{"embeddable":true,"href":"https:\/\/ptrans.fr\/fr_fr\/wp-json\/wp\/v2\/comments?post=14765"}],"version-history":[{"count":4,"href":"https:\/\/ptrans.fr\/fr_fr\/wp-json\/wp\/v2\/pages\/14765\/revisions"}],"predecessor-version":[{"id":14772,"href":"https:\/\/ptrans.fr\/fr_fr\/wp-json\/wp\/v2\/pages\/14765\/revisions\/14772"}],"wp:attachment":[{"href":"https:\/\/ptrans.fr\/fr_fr\/wp-json\/wp\/v2\/media?parent=14765"}],"curies":[{"name":"wp","href":"https:\/\/api.w.org\/{rel}","templated":true}]}}