{"id":15026,"date":"2024-06-01T12:24:44","date_gmt":"2024-06-01T11:24:44","guid":{"rendered":"https:\/\/ptrans.fr\/?page_id=15026"},"modified":"2024-06-19T10:54:55","modified_gmt":"2024-06-19T09:54:55","slug":"transport-en-groupage-espagne-maroc","status":"publish","type":"page","link":"https:\/\/ptrans.fr\/fr_fr\/transport-groupage-espagne\/transport-en-groupage-espagne-maroc\/","title":{"rendered":"Transport En Groupage Espagne Maroc"},"content":{"rendered":"<section class=\"wpb-content-wrapper\"><div class=\"vc_row wpb_row vc_row-fluid\"><div class=\"wpb_column vc_column_container vc_col-sm-12\"><div class=\"vc_column-inner\"><div class=\"wpb_wrapper\"><div class=\"vc_empty_space\"   style=\"height: 60px\"><span class=\"vc_empty_space_inner\"><\/span><\/div>\n\t<div  class=\"wpb_single_image wpb_content_element vc_align_center\">\n\t\t\n\t\t<figure class=\"wpb_wrapper vc_figure\">\n\t\t\t<div class=\"vc_single_image-wrapper   vc_box_border_grey\"><img loading=\"lazy\" decoding=\"async\" width=\"1920\" height=\"1080\" src=\"https:\/\/ptrans.fr\/wp-content\/uploads\/2024\/06\/transport-en-groupage-espagne-maroc.png\" class=\"vc_single_image-img attachment-full\" alt=\"transport international en groupage espagne maroc\" title=\"transport en groupage espagne maroc\" srcset=\"https:\/\/ptrans.fr\/wp-content\/uploads\/2024\/06\/transport-en-groupage-espagne-maroc.png 1920w, https:\/\/ptrans.fr\/wp-content\/uploads\/2024\/06\/transport-en-groupage-espagne-maroc-300x169.png 300w, https:\/\/ptrans.fr\/wp-content\/uploads\/2024\/06\/transport-en-groupage-espagne-maroc-1024x576.png 1024w, https:\/\/ptrans.fr\/wp-content\/uploads\/2024\/06\/transport-en-groupage-espagne-maroc-768x432.png 768w, https:\/\/ptrans.fr\/wp-content\/uploads\/2024\/06\/transport-en-groupage-espagne-maroc-1536x864.png 1536w, https:\/\/ptrans.fr\/wp-content\/uploads\/2024\/06\/transport-en-groupage-espagne-maroc-18x10.png 18w, https:\/\/ptrans.fr\/wp-content\/uploads\/2024\/06\/transport-en-groupage-espagne-maroc-800x450.png 800w\" sizes=\"(max-width: 1920px) 100vw, 1920px\" \/><\/div>\n\t\t<\/figure>\n\t<\/div>\n<div class=\"vc_empty_space\"   style=\"height: 32px\"><span class=\"vc_empty_space_inner\"><\/span><\/div>\n\t<div class=\"wpb_text_column wpb_content_element \" >\n\t\t<div class=\"wpb_wrapper\">\n\t\t\t<h3>Transport En Groupage et Camion Complet entre le Maroc et l&rsquo;Espagne avec Ptrans Logistics<\/h3>\n<p>Chez Ptrans Logistics, nous sommes fiers de vous offrir des services de transport international sp\u00e9cialis\u00e9s, que ce soit pour des chargements en lot partiel (groupage) ou en lot complet (camion d\u00e9di\u00e9). Notre expertise et notre engagement \u00e0 fournir des solutions de transport fiables font de nous le partenaire id\u00e9al pour vos besoins logistiques entre le Maroc et l&rsquo;Espagne.<\/p>\n<h3>Nos Services de Transporteur International Espagne Maroc et Maroc Espagne<\/h3>\n<p>Nous comprenons l&rsquo;importance de la ponctualit\u00e9 et de la s\u00e9curit\u00e9 pour vos envois. C&rsquo;est pourquoi nous avons mis en place des lignes r\u00e9guli\u00e8res de transport international entre le Maroc et l&rsquo;Espagne avec des d\u00e9parts les jours suivants :<\/p>\n<p>&#8211; Depuis l&rsquo;Espagne :** D\u00e9parts r\u00e9guliers chaque mardi et jeudi<br \/>\n&#8211; Depuis le Maroc :** D\u00e9part unique chaque samedi<\/p>\n<p>Nous garantissons un **temps de transit de 48 heures** pour toutes les exp\u00e9ditions, assurant ainsi une livraison rapide et efficace.<\/p>\n\n\t\t<\/div>\n\t<\/div>\n<div class=\"vc_empty_space\"   style=\"height: 32px\"><span class=\"vc_empty_space_inner\"><\/span><\/div><\/div><\/div><\/div><\/div><div class=\"vc_row wpb_row vc_row-fluid\"><div class=\"wpb_column vc_column_container vc_col-sm-12\"><div class=\"vc_column-inner\"><div class=\"wpb_wrapper\"><div class=\"vc_btn3-container vc_btn3-center\" ><button class=\"vc_general vc_btn3 vc_btn3-size-md vc_btn3-shape-square vc_btn3-style-classic vc_btn3-icon-right vc_btn3-color-primary\">Nos Tarifs En Ligne <i class=\"vc_btn3-icon fas fa-euro-sign\"><\/i><\/button><\/div><div class=\"vc_empty_space\"   style=\"height: 32px\"><span class=\"vc_empty_space_inner\"><\/span><\/div><div class=\"vc_row wpb_row vc_inner vc_row-fluid\"><div class=\"wpb_column vc_column_container vc_col-sm-6\"><div class=\"vc_column-inner\"><div class=\"wpb_wrapper\">\n\t<div class=\"wpb_text_column wpb_content_element \" >\n\t\t<div class=\"wpb_wrapper\">\n\t\t\t\n\t\t<\/div>\n\t<\/div>\n\n\t<div class=\"wpb_text_column wpb_content_element \" >\n\t\t<div class=\"wpb_wrapper\">\n\t\t\t<h4>Villes Desservies au Maroc<\/h4>\n<p>Notre r\u00e9seau de transport en groupage et de transport international s&rsquo;\u00e9tend sur plusieurs villes principales au Maroc, notamment :<\/p>\n<p>1. Casablanca<br \/>\n2. Rabat<br \/>\n3. Marrakech<br \/>\n4. F\u00e8s<br \/>\n5. Tanger<br \/>\n6. Agadir<br \/>\n7. Mekn\u00e8s<\/p>\n\n\t\t<\/div>\n\t<\/div>\n<\/div><\/div><\/div><div class=\"wpb_column vc_column_container vc_col-sm-6\"><div class=\"vc_column-inner\"><div class=\"wpb_wrapper\">\n\t<div class=\"wpb_text_column wpb_content_element \" >\n\t\t<div class=\"wpb_wrapper\">\n\t\t\t<p>8. Oujda<br \/>\n9. Kenitra<br \/>\n10. T\u00e9touan<br \/>\n11. Safi<br \/>\n12. El Jadida<br \/>\n13. Nador<br \/>\n14. Settat<br \/>\n15. Beni Mellal<br \/>\n16. Khemisset<br \/>\n17. Khouribga<br \/>\n18. Larache<br \/>\n19. Ouarzazate<br \/>\n20. La\u00e2youne<\/p>\n\n\t\t<\/div>\n\t<\/div>\n<\/div><\/div><\/div><\/div><\/div><\/div><\/div><\/div><div class=\"vc_row wpb_row vc_row-fluid\"><div class=\"wpb_column vc_column_container vc_col-sm-6\"><div class=\"vc_column-inner\"><div class=\"wpb_wrapper\">\n\t<div class=\"wpb_text_column wpb_content_element \" >\n\t\t<div class=\"wpb_wrapper\">\n\t\t\t<h4>Villes Desservies en Espagne<\/h4>\n<p>De m\u00eame, notre service de transport en groupage et de transport international couvre plusieurs villes principales en Espagne, notamment :<\/p>\n<p>1. Madrid<br \/>\n2. Barcelone<br \/>\n3. Valence<br \/>\n4. S\u00e9ville<br \/>\n5. Saragosse<br \/>\n6. Malaga<br \/>\n7. Murcie<br \/>\n8. Palma de Majorque<br \/>\n9. Las Palmas de Gran Canaria<\/p>\n\n\t\t<\/div>\n\t<\/div>\n<\/div><\/div><\/div><div class=\"wpb_column vc_column_container vc_col-sm-6\"><div class=\"vc_column-inner\"><div class=\"wpb_wrapper\">\n\t<div class=\"wpb_text_column wpb_content_element \" >\n\t\t<div class=\"wpb_wrapper\">\n\t\t\t<p>10. Bilbao<br \/>\n11. Alicante<br \/>\n12. Cordoue<br \/>\n13. Valladolid<br \/>\n14. Vigo<br \/>\n15. Gij\u00f3n<br \/>\n16. L&rsquo;Hospitalet de Llobregat<br \/>\n17. La Corogne<br \/>\n18. Vitoria-Gasteiz<br \/>\n19. Grenade<br \/>\n20. Elche<\/p>\n\n\t\t<\/div>\n\t<\/div>\n<\/div><\/div><\/div><\/div><div class=\"vc_row wpb_row vc_row-fluid\"><div class=\"wpb_column vc_column_container vc_col-sm-12\"><div class=\"vc_column-inner\"><div class=\"wpb_wrapper\"><div class=\"vc_empty_space\"   style=\"height: 32px\"><span class=\"vc_empty_space_inner\"><\/span><\/div><\/div><\/div><\/div><\/div><div class=\"vc_row wpb_row vc_row-fluid\"><div class=\"wpb_column vc_column_container vc_col-sm-6\"><div class=\"vc_column-inner\"><div class=\"wpb_wrapper\">\n\t<div  class=\"wpb_single_image wpb_content_element vc_align_left\">\n\t\t\n\t\t<figure class=\"wpb_wrapper vc_figure\">\n\t\t\t<div class=\"vc_single_image-wrapper   vc_box_border_grey\"><img loading=\"lazy\" decoding=\"async\" width=\"500\" height=\"500\" src=\"https:\/\/ptrans.fr\/wp-content\/uploads\/2024\/03\/7.png\" class=\"vc_single_image-img attachment-full\" alt=\"transport international espagne maroc\" title=\"transport international espagne maroc\" srcset=\"https:\/\/ptrans.fr\/wp-content\/uploads\/2024\/03\/7.png 500w, https:\/\/ptrans.fr\/wp-content\/uploads\/2024\/03\/7-300x300.png 300w, https:\/\/ptrans.fr\/wp-content\/uploads\/2024\/03\/7-150x150.png 150w, https:\/\/ptrans.fr\/wp-content\/uploads\/2024\/03\/7-12x12.png 12w, https:\/\/ptrans.fr\/wp-content\/uploads\/2024\/03\/7-320x320.png 320w\" sizes=\"(max-width: 500px) 100vw, 500px\" \/><\/div>\n\t\t<\/figure>\n\t<\/div>\n<\/div><\/div><\/div><div class=\"wpb_column vc_column_container vc_col-sm-6\"><div class=\"vc_column-inner\"><div class=\"wpb_wrapper\">\n\t<div class=\"wpb_text_column wpb_content_element \" >\n\t\t<div class=\"wpb_wrapper\">\n\t\t\t<h3>Pourquoi Choisir Ptrans Logistics comme Transporteur International ?<\/h3>\n<p>&#8211; Fiabilit\u00e9 : Nous respectons nos d\u00e9lais de transit pour garantir une livraison rapide.<br \/>\n&#8211; S\u00e9curit\u00e9 : Vos marchandises sont entre de bonnes mains, avec des proc\u00e9dures rigoureuses de gestion et de suivi.<br \/>\n&#8211; Flexibilit\u00e9 : Que vous ayez besoin de transporter un petit lot ou un camion complet, nous avons la solution adapt\u00e9e.<br \/>\n&#8211; Couverture \u00e9tendue : Avec des services de transport en groupage et de transport international dans les principales villes du Maroc et de l&rsquo;Espagne, nous couvrons une vaste zone g\u00e9ographique.<\/p>\n<p>Faites confiance \u00e0 Ptrans Logistics pour tous vos besoins en transporteur international entre le Maroc et l&rsquo;Espagne. Pour plus d&rsquo;informations ou pour obtenir un devis personnalis\u00e9, n&rsquo;h\u00e9sitez pas \u00e0 nous contacter. Nous sommes l\u00e0 pour vous accompagner \u00e0 chaque \u00e9tape de votre projet logistique.<\/p>\n<p>&#8212;<\/p>\n<p>Pour toute question ou demande de service de transport en groupage ou transport international, contactez-nous d\u00e8s aujourd&rsquo;hui. Nous sommes impatients de collaborer avec vous et de r\u00e9pondre \u00e0 vos besoins en mati\u00e8re de transport entre l&rsquo;Espagne et le Maroc.<\/p>\n\n\t\t<\/div>\n\t<\/div>\n<\/div><\/div><\/div><\/div>\n<\/section>","protected":false},"excerpt":{"rendered":"Transport En Groupage et Camion Complet entre le Maroc et l'Espagne avec Ptrans Logistics Chez [...]","protected":false},"author":1,"featured_media":0,"parent":15076,"menu_order":0,"comment_status":"closed","ping_status":"closed","template":"","meta":{"footnotes":""},"yoast_head":"<!-- This site is optimized with the Yoast SEO plugin v22.8 - https:\/\/yoast.com\/wordpress\/plugins\/seo\/ -->\n<title>Transport En Groupage Espagne Maroc - T\u00e9l : +212 663 23 23 00<\/title>\n<meta name=\"description\" content=\"Ptrans Soci\u00e9t\u00e9 De Transport &amp; D\u00e9m\u00e9nagements International Entre Le Maroc Et Le Reste Du Monde - T\u00e9l : +212 663 23 23 00 - Mail :\" \/>\n<meta name=\"robots\" content=\"index, follow, max-snippet:-1, max-image-preview:large, max-video-preview:-1\" \/>\n<link rel=\"canonical\" href=\"https:\/\/ptrans.fr\/fr_fr\/transport-groupage-espagne\/transport-en-groupage-espagne-maroc\/\" \/>\n<meta property=\"og:locale\" content=\"fr_FR\" \/>\n<meta property=\"og:type\" content=\"article\" \/>\n<meta property=\"og:title\" content=\"Transport En Groupage Espagne Maroc - T\u00e9l : +212 663 23 23 00\" \/>\n<meta property=\"og:description\" content=\"Ptrans Soci\u00e9t\u00e9 De Transport &amp; D\u00e9m\u00e9nagements International Entre Le Maroc Et Le Reste Du Monde - T\u00e9l : +212 663 23 23 00 - Mail :\" \/>\n<meta property=\"og:url\" content=\"https:\/\/ptrans.fr\/fr_fr\/transport-groupage-espagne\/transport-en-groupage-espagne-maroc\/\" \/>\n<meta property=\"og:site_name\" content=\"Ptrans Soci\u00e9t\u00e9 De Transport &amp; D\u00e9m\u00e9nagements International Entre Le Maroc Et Le Reste Du Monde\" \/>\n<meta property=\"article:publisher\" content=\"https:\/\/www.facebook.com\/PlogisticsEurope\" \/>\n<meta property=\"article:modified_time\" content=\"2024-06-19T09:54:55+00:00\" \/>\n<meta property=\"og:image\" content=\"https:\/\/ptrans.fr\/wp-content\/uploads\/2022\/09\/societe-demenagement-international-oujda.jpg\" \/>\n\t<meta property=\"og:image:width\" content=\"1160\" \/>\n\t<meta property=\"og:image:height\" content=\"870\" \/>\n\t<meta property=\"og:image:type\" content=\"image\/jpeg\" \/>\n<meta name=\"twitter:label1\" content=\"Dur\u00e9e de lecture estim\u00e9e\" \/>\n\t<meta name=\"twitter:data1\" content=\"3 minutes\" \/>\n<script type=\"application\/ld+json\" class=\"yoast-schema-graph\">{\"@context\":\"https:\/\/schema.org\",\"@graph\":[{\"@type\":\"Article\",\"@id\":\"https:\/\/ptrans.fr\/transport-groupage-espagne\/transport-en-groupage-espagne-maroc\/#article\",\"isPartOf\":{\"@id\":\"https:\/\/ptrans.fr\/transport-groupage-espagne\/transport-en-groupage-espagne-maroc\/\"},\"author\":{\"name\":\"admin\",\"@id\":\"https:\/\/ptrans.fr\/#\/schema\/person\/3a50d5b251b4df119e3598a32b8ce67c\"},\"headline\":\"Transport En Groupage Espagne Maroc\",\"datePublished\":\"2024-06-01T11:24:44+00:00\",\"dateModified\":\"2024-06-19T09:54:55+00:00\",\"mainEntityOfPage\":{\"@id\":\"https:\/\/ptrans.fr\/transport-groupage-espagne\/transport-en-groupage-espagne-maroc\/\"},\"wordCount\":625,\"publisher\":{\"@id\":\"https:\/\/ptrans.fr\/#organization\"},\"inLanguage\":\"fr-FR\"},{\"@type\":\"WebPage\",\"@id\":\"https:\/\/ptrans.fr\/transport-groupage-espagne\/transport-en-groupage-espagne-maroc\/\",\"url\":\"https:\/\/ptrans.fr\/transport-groupage-espagne\/transport-en-groupage-espagne-maroc\/\",\"name\":\"Transport En Groupage Espagne Maroc - T\u00e9l : +212 663 23 23 00\",\"isPartOf\":{\"@id\":\"https:\/\/ptrans.fr\/#website\"},\"datePublished\":\"2024-06-01T11:24:44+00:00\",\"dateModified\":\"2024-06-19T09:54:55+00:00\",\"description\":\"Ptrans Soci\u00e9t\u00e9 De Transport &amp; D\u00e9m\u00e9nagements International Entre Le Maroc Et Le Reste Du Monde - T\u00e9l : +212 663 23 23 00 - Mail :\",\"breadcrumb\":{\"@id\":\"https:\/\/ptrans.fr\/transport-groupage-espagne\/transport-en-groupage-espagne-maroc\/#breadcrumb\"},\"inLanguage\":\"fr-FR\",\"potentialAction\":[{\"@type\":\"ReadAction\",\"target\":[\"https:\/\/ptrans.fr\/transport-groupage-espagne\/transport-en-groupage-espagne-maroc\/\"]}]},{\"@type\":\"BreadcrumbList\",\"@id\":\"https:\/\/ptrans.fr\/transport-groupage-espagne\/transport-en-groupage-espagne-maroc\/#breadcrumb\",\"itemListElement\":[{\"@type\":\"ListItem\",\"position\":1,\"name\":\"Transport groupage espagne\",\"item\":\"https:\/\/ptrans.fr\/transport-groupage-espagne\/\"},{\"@type\":\"ListItem\",\"position\":2,\"name\":\"Transport En Groupage Espagne Maroc\"}]},{\"@type\":\"WebSite\",\"@id\":\"https:\/\/ptrans.fr\/#website\",\"url\":\"https:\/\/ptrans.fr\/\",\"name\":\"Ptrans Soci\u00e9t\u00e9 De Transport Et D\u00e9m\u00e9nagement International Maroc\",\"description\":\"Ptrans Votre Transporteur &amp; D\u00e9m\u00e9nageur Vers Le Maroc\",\"publisher\":{\"@id\":\"https:\/\/ptrans.fr\/#organization\"},\"alternateName\":\"Ptrans\",\"potentialAction\":[{\"@type\":\"SearchAction\",\"target\":{\"@type\":\"EntryPoint\",\"urlTemplate\":\"https:\/\/ptrans.fr\/?s={search_term_string}\"},\"query-input\":\"required name=search_term_string\"}],\"inLanguage\":\"fr-FR\"},{\"@type\":\"Organization\",\"@id\":\"https:\/\/ptrans.fr\/#organization\",\"name\":\"Ptrans Soci\u00e9t\u00e9 De Transport Et D\u00e9m\u00e9nagements International Entre Le Maroc Et Le Reste Du Monde\",\"url\":\"https:\/\/ptrans.fr\/\",\"logo\":{\"@type\":\"ImageObject\",\"inLanguage\":\"fr-FR\",\"@id\":\"https:\/\/ptrans.fr\/#\/schema\/logo\/image\/\",\"url\":\"http:\/\/ptrans.fr\/wp-content\/uploads\/2022\/08\/P.trans-logi_Plan-de-travail-1.png\",\"contentUrl\":\"http:\/\/ptrans.fr\/wp-content\/uploads\/2022\/08\/P.trans-logi_Plan-de-travail-1.png\",\"width\":2481,\"height\":1076,\"caption\":\"Ptrans Soci\u00e9t\u00e9 De Transport Et D\u00e9m\u00e9nagements International Entre Le Maroc Et Le Reste Du Monde\"},\"image\":{\"@id\":\"https:\/\/ptrans.fr\/#\/schema\/logo\/image\/\"},\"sameAs\":[\"https:\/\/www.facebook.com\/PlogisticsEurope\"]},{\"@type\":\"Person\",\"@id\":\"https:\/\/ptrans.fr\/#\/schema\/person\/3a50d5b251b4df119e3598a32b8ce67c\",\"name\":\"admin\",\"image\":{\"@type\":\"ImageObject\",\"inLanguage\":\"fr-FR\",\"@id\":\"https:\/\/ptrans.fr\/#\/schema\/person\/image\/\",\"url\":\"https:\/\/secure.gravatar.com\/avatar\/f1ed11851bb8c89ef1f06d655ba0bd00?s=96&d=mm&r=g\",\"contentUrl\":\"https:\/\/secure.gravatar.com\/avatar\/f1ed11851bb8c89ef1f06d655ba0bd00?s=96&d=mm&r=g\",\"caption\":\"admin\"},\"url\":\"https:\/\/ptrans.fr\/fr_fr\/author\/admin\/\"}]}<\/script>\n<!-- \/ Yoast SEO plugin. -->","yoast_head_json":{"title":"Transport En Groupage Espagne Maroc - T\u00e9l : +212 663 23 23 00","description":"Ptrans Soci\u00e9t\u00e9 De Transport &amp; D\u00e9m\u00e9nagements International Entre Le Maroc Et Le Reste Du Monde - T\u00e9l : +212 663 23 23 00 - Mail :","robots":{"index":"index","follow":"follow","max-snippet":"max-snippet:-1","max-image-preview":"max-image-preview:large","max-video-preview":"max-video-preview:-1"},"canonical":"https:\/\/ptrans.fr\/fr_fr\/transport-groupage-espagne\/transport-en-groupage-espagne-maroc\/","og_locale":"fr_FR","og_type":"article","og_title":"Transport En Groupage Espagne Maroc - T\u00e9l : +212 663 23 23 00","og_description":"Ptrans Soci\u00e9t\u00e9 De Transport &amp; D\u00e9m\u00e9nagements International Entre Le Maroc Et Le Reste Du Monde - T\u00e9l : +212 663 23 23 00 - Mail :","og_url":"https:\/\/ptrans.fr\/fr_fr\/transport-groupage-espagne\/transport-en-groupage-espagne-maroc\/","og_site_name":"Ptrans Soci\u00e9t\u00e9 De Transport &amp; D\u00e9m\u00e9nagements International Entre Le Maroc Et Le Reste Du Monde","article_publisher":"https:\/\/www.facebook.com\/PlogisticsEurope","article_modified_time":"2024-06-19T09:54:55+00:00","og_image":[{"width":1160,"height":870,"url":"https:\/\/ptrans.fr\/wp-content\/uploads\/2022\/09\/societe-demenagement-international-oujda.jpg","type":"image\/jpeg"}],"twitter_misc":{"Dur\u00e9e de lecture estim\u00e9e":"3 minutes"},"schema":{"@context":"https:\/\/schema.org","@graph":[{"@type":"Article","@id":"https:\/\/ptrans.fr\/transport-groupage-espagne\/transport-en-groupage-espagne-maroc\/#article","isPartOf":{"@id":"https:\/\/ptrans.fr\/transport-groupage-espagne\/transport-en-groupage-espagne-maroc\/"},"author":{"name":"admin","@id":"https:\/\/ptrans.fr\/#\/schema\/person\/3a50d5b251b4df119e3598a32b8ce67c"},"headline":"Transport En Groupage Espagne Maroc","datePublished":"2024-06-01T11:24:44+00:00","dateModified":"2024-06-19T09:54:55+00:00","mainEntityOfPage":{"@id":"https:\/\/ptrans.fr\/transport-groupage-espagne\/transport-en-groupage-espagne-maroc\/"},"wordCount":625,"publisher":{"@id":"https:\/\/ptrans.fr\/#organization"},"inLanguage":"fr-FR"},{"@type":"WebPage","@id":"https:\/\/ptrans.fr\/transport-groupage-espagne\/transport-en-groupage-espagne-maroc\/","url":"https:\/\/ptrans.fr\/transport-groupage-espagne\/transport-en-groupage-espagne-maroc\/","name":"Transport En Groupage Espagne Maroc - T\u00e9l : +212 663 23 23 00","isPartOf":{"@id":"https:\/\/ptrans.fr\/#website"},"datePublished":"2024-06-01T11:24:44+00:00","dateModified":"2024-06-19T09:54:55+00:00","description":"Ptrans Soci\u00e9t\u00e9 De Transport &amp; D\u00e9m\u00e9nagements International Entre Le Maroc Et Le Reste Du Monde - T\u00e9l : +212 663 23 23 00 - Mail :","breadcrumb":{"@id":"https:\/\/ptrans.fr\/transport-groupage-espagne\/transport-en-groupage-espagne-maroc\/#breadcrumb"},"inLanguage":"fr-FR","potentialAction":[{"@type":"ReadAction","target":["https:\/\/ptrans.fr\/transport-groupage-espagne\/transport-en-groupage-espagne-maroc\/"]}]},{"@type":"BreadcrumbList","@id":"https:\/\/ptrans.fr\/transport-groupage-espagne\/transport-en-groupage-espagne-maroc\/#breadcrumb","itemListElement":[{"@type":"ListItem","position":1,"name":"Transport groupage espagne","item":"https:\/\/ptrans.fr\/transport-groupage-espagne\/"},{"@type":"ListItem","position":2,"name":"Transport En Groupage Espagne Maroc"}]},{"@type":"WebSite","@id":"https:\/\/ptrans.fr\/#website","url":"https:\/\/ptrans.fr\/","name":"Ptrans Soci\u00e9t\u00e9 De Transport Et D\u00e9m\u00e9nagement International Maroc","description":"Ptrans Votre Transporteur &amp; D\u00e9m\u00e9nageur Vers Le Maroc","publisher":{"@id":"https:\/\/ptrans.fr\/#organization"},"alternateName":"Ptrans","potentialAction":[{"@type":"SearchAction","target":{"@type":"EntryPoint","urlTemplate":"https:\/\/ptrans.fr\/?s={search_term_string}"},"query-input":"required name=search_term_string"}],"inLanguage":"fr-FR"},{"@type":"Organization","@id":"https:\/\/ptrans.fr\/#organization","name":"Ptrans Soci\u00e9t\u00e9 De Transport Et D\u00e9m\u00e9nagements International Entre Le Maroc Et Le Reste Du Monde","url":"https:\/\/ptrans.fr\/","logo":{"@type":"ImageObject","inLanguage":"fr-FR","@id":"https:\/\/ptrans.fr\/#\/schema\/logo\/image\/","url":"http:\/\/ptrans.fr\/wp-content\/uploads\/2022\/08\/P.trans-logi_Plan-de-travail-1.png","contentUrl":"http:\/\/ptrans.fr\/wp-content\/uploads\/2022\/08\/P.trans-logi_Plan-de-travail-1.png","width":2481,"height":1076,"caption":"Ptrans Soci\u00e9t\u00e9 De Transport Et D\u00e9m\u00e9nagements International Entre Le Maroc Et Le Reste Du Monde"},"image":{"@id":"https:\/\/ptrans.fr\/#\/schema\/logo\/image\/"},"sameAs":["https:\/\/www.facebook.com\/PlogisticsEurope"]},{"@type":"Person","@id":"https:\/\/ptrans.fr\/#\/schema\/person\/3a50d5b251b4df119e3598a32b8ce67c","name":"admin","image":{"@type":"ImageObject","inLanguage":"fr-FR","@id":"https:\/\/ptrans.fr\/#\/schema\/person\/image\/","url":"https:\/\/secure.gravatar.com\/avatar\/f1ed11851bb8c89ef1f06d655ba0bd00?s=96&d=mm&r=g","contentUrl":"https:\/\/secure.gravatar.com\/avatar\/f1ed11851bb8c89ef1f06d655ba0bd00?s=96&d=mm&r=g","caption":"admin"},"url":"https:\/\/ptrans.fr\/fr_fr\/author\/admin\/"}]}},"jetpack_sharing_enabled":true,"jetpack_likes_enabled":true,"_links":{"self":[{"href":"https:\/\/ptrans.fr\/fr_fr\/wp-json\/wp\/v2\/pages\/15026"}],"collection":[{"href":"https:\/\/ptrans.fr\/fr_fr\/wp-json\/wp\/v2\/pages"}],"about":[{"href":"https:\/\/ptrans.fr\/fr_fr\/wp-json\/wp\/v2\/types\/page"}],"author":[{"embeddable":true,"href":"https:\/\/ptrans.fr\/fr_fr\/wp-json\/wp\/v2\/users\/1"}],"replies":[{"embeddable":true,"href":"https:\/\/ptrans.fr\/fr_fr\/wp-json\/wp\/v2\/comments?post=15026"}],"version-history":[{"count":12,"href":"https:\/\/ptrans.fr\/fr_fr\/wp-json\/wp\/v2\/pages\/15026\/revisions"}],"predecessor-version":[{"id":15028,"href":"https:\/\/ptrans.fr\/fr_fr\/wp-json\/wp\/v2\/pages\/15026\/revisions\/15028"}],"up":[{"embeddable":true,"href":"https:\/\/ptrans.fr\/fr_fr\/wp-json\/wp\/v2\/pages\/15076"}],"wp:attachment":[{"href":"https:\/\/ptrans.fr\/fr_fr\/wp-json\/wp\/v2\/media?parent=15026"}],"curies":[{"name":"wp","href":"https:\/\/api.w.org\/{rel}","templated":true}]}}