{"id":15031,"date":"2024-06-01T12:42:06","date_gmt":"2024-06-01T11:42:06","guid":{"rendered":"https:\/\/ptrans.fr\/?page_id=15031"},"modified":"2024-06-19T10:55:26","modified_gmt":"2024-06-19T09:55:26","slug":"transporte-en-grupaje-entre-marruecos-y-espana","status":"publish","type":"page","link":"https:\/\/ptrans.fr\/fr_fr\/transport-groupage-espagne\/transporte-en-grupaje-entre-marruecos-y-espana\/","title":{"rendered":"Transporte en Grupaje entre Marruecos y Espa\u00f1a"},"content":{"rendered":"<section class=\"wpb-content-wrapper\"><div class=\"vc_row wpb_row vc_row-fluid\"><div class=\"wpb_column vc_column_container vc_col-sm-12\"><div class=\"vc_column-inner\"><div class=\"wpb_wrapper\">\n\t<div class=\"wpb_text_column wpb_content_element \" >\n\t\t<div class=\"wpb_wrapper\">\n\t\t\t<h1>Transporte en Grupaje y Cami\u00f3n Completo entre Marruecos y Espa\u00f1a con Ptrans Logistics<\/h1>\n<p>En Ptrans Logistics, nos enorgullecemos de ofrecer servicios de transporte internacional especializados, ya sea para cargas parciales (grupaje) o cargas completas (cami\u00f3n dedicado). Nuestra experiencia y compromiso con proporcionar soluciones de transporte fiables nos convierten en el socio ideal para sus necesidades log\u00edsticas entre Marruecos y Espa\u00f1a.<\/p>\n<h2>Nuestros Servicios de Transportista Internacional Espa\u00f1a Marruecos y Marruecos Espa\u00f1a<\/h2>\n<p>Entendemos la importancia de la puntualidad y la seguridad para sus env\u00edos. Es por eso que hemos establecido l\u00edneas regulares de transporte internacional entre Marruecos y Espa\u00f1a con salidas en los siguientes d\u00edas:<\/p>\n<p>&#8211; Desde Espa\u00f1a: Salidas regulares cada martes y jueves<br \/>\n&#8211; Desde Marruecos: Salida \u00fanica cada s\u00e1bado<\/p>\n<p>Garantizamos un **tiempo de tr\u00e1nsito de 48 horas** para todos los env\u00edos, asegurando as\u00ed una entrega r\u00e1pida y eficiente.<\/p>\n<h3>Ciudades Servidas en Marruecos<\/h3>\n<p>Nuestra red de transporte en grupaje y transporte internacional se extiende por varias ciudades principales en Marruecos, incluyendo:<\/p>\n<p>1. Casablanca<br \/>\n2. Rabat<br \/>\n3. Marrakech<br \/>\n4. Fez<br \/>\n5. T\u00e1nger<br \/>\n6. Agadir<br \/>\n7. Mequinez<br \/>\n8. Uchda<br \/>\n9. Kenitra<br \/>\n10. Tetu\u00e1n<br \/>\n11. Safi<br \/>\n12. El Yadida<br \/>\n13. Nador<br \/>\n14. Settat<br \/>\n15. Beni Melal<br \/>\n16. Jemiset<br \/>\n17. Juribga<br \/>\n18. Larache<br \/>\n19. Uarzazat<br \/>\n20. El Aai\u00fan<\/p>\n<h3>Ciudades Servidas en Espa\u00f1a<\/h3>\n<p>De igual manera, nuestro servicio de transporte en grupaje y transporte internacional cubre varias ciudades principales en Espa\u00f1a, incluyendo:<\/p>\n<p>1. Madrid<br \/>\n2. Barcelona<br \/>\n3. Valencia<br \/>\n4. Sevilla<br \/>\n5. Zaragoza<br \/>\n6. M\u00e1laga<br \/>\n7. Murcia<br \/>\n8. Palma de Mallorca<br \/>\n9. Las Palmas de Gran Canaria<br \/>\n10. Bilbao<br \/>\n11. Alicante<br \/>\n12. C\u00f3rdoba<br \/>\n13. Valladolid<br \/>\n14. Vigo<br \/>\n15. Gij\u00f3n<br \/>\n16. Hospitalet de Llobregat<br \/>\n17. La Coru\u00f1a<br \/>\n18. Vitoria-Gasteiz<br \/>\n19. Granada<br \/>\n20. Elche<\/p>\n<h2>\u00bfPor Qu\u00e9 Elegir Ptrans Logistics como Transportista Internacional ?<\/h2>\n<p>&#8211; Fiabilidad: Respetamos nuestros plazos de tr\u00e1nsito para garantizar una entrega r\u00e1pida.<br \/>\n&#8211; Seguridad: Sus mercanc\u00edas est\u00e1n en buenas manos, con procedimientos rigurosos de gesti\u00f3n y seguimiento.<br \/>\n&#8211; Flexibilidad: Ya sea que necesite transportar una carga peque\u00f1a o un cami\u00f3n completo, tenemos la soluci\u00f3n adecuada.<br \/>\n&#8211; Cobertura Ampliada: Con servicios de transporte en grupaje y transporte internacional en las principales ciudades de Marruecos y Espa\u00f1a, cubrimos una vasta \u00e1rea geogr\u00e1fica.<\/p>\n<p>Conf\u00ede en Ptrans Logistics para todas sus necesidades de transportista internacional entre Marruecos y Espa\u00f1a. Para m\u00e1s informaci\u00f3n o para obtener un presupuesto personalizado, no dude en contactarnos. Estamos aqu\u00ed para acompa\u00f1arle en cada etapa de su proyecto log\u00edstico.<\/p>\n<p>&#8212;<\/p>\n<p>Para cualquier pregunta o solicitud de servicio de transporte en grupaje o transporte internacional, cont\u00e1ctenos hoy mismo. Estamos ansiosos por colaborar con usted y satisfacer sus necesidades de transporte entre Espa\u00f1a y Marruecos.<\/p>\n\n\t\t<\/div>\n\t<\/div>\n<\/div><\/div><\/div><\/div>\n<\/section>","protected":false},"excerpt":{"rendered":"Transporte en Grupaje y Cami\u00f3n Completo entre Marruecos y Espa\u00f1a con Ptrans Logistics En Ptrans [...]","protected":false},"author":1,"featured_media":0,"parent":15076,"menu_order":0,"comment_status":"closed","ping_status":"closed","template":"","meta":{"footnotes":""},"yoast_head":"<!-- This site is optimized with the Yoast SEO plugin v22.8 - https:\/\/yoast.com\/wordpress\/plugins\/seo\/ -->\n<title>Transporte en Grupaje entre Marruecos y Espa\u00f1a - T\u00e9l : +212 663 23 23 00<\/title>\n<meta name=\"description\" content=\"Transporte en Grupaje entre Marruecos y Espa\u00f1a - T\u00e9l : +212 663 23 23 00 - Mail : s.p@ptrans.fr\" \/>\n<meta name=\"robots\" content=\"index, follow, max-snippet:-1, max-image-preview:large, max-video-preview:-1\" \/>\n<link rel=\"canonical\" href=\"https:\/\/ptrans.fr\/fr_fr\/transport-groupage-espagne\/transporte-en-grupaje-entre-marruecos-y-espana\/\" \/>\n<meta property=\"og:locale\" content=\"fr_FR\" \/>\n<meta property=\"og:type\" content=\"article\" \/>\n<meta property=\"og:title\" content=\"Transporte en Grupaje entre Marruecos y Espa\u00f1a - T\u00e9l : +212 663 23 23 00\" \/>\n<meta property=\"og:description\" content=\"Transporte en Grupaje entre Marruecos y Espa\u00f1a - T\u00e9l : +212 663 23 23 00 - Mail : s.p@ptrans.fr\" \/>\n<meta property=\"og:url\" content=\"https:\/\/ptrans.fr\/fr_fr\/transport-groupage-espagne\/transporte-en-grupaje-entre-marruecos-y-espana\/\" \/>\n<meta property=\"og:site_name\" content=\"Ptrans Soci\u00e9t\u00e9 De Transport &amp; D\u00e9m\u00e9nagements International Entre Le Maroc Et Le Reste Du Monde\" \/>\n<meta property=\"article:publisher\" content=\"https:\/\/www.facebook.com\/PlogisticsEurope\" \/>\n<meta property=\"article:modified_time\" content=\"2024-06-19T09:55:26+00:00\" \/>\n<meta property=\"og:image\" content=\"https:\/\/ptrans.fr\/wp-content\/uploads\/2022\/09\/societe-demenagement-international-oujda.jpg\" \/>\n\t<meta property=\"og:image:width\" content=\"1160\" \/>\n\t<meta property=\"og:image:height\" content=\"870\" \/>\n\t<meta property=\"og:image:type\" content=\"image\/jpeg\" \/>\n<meta name=\"twitter:label1\" content=\"Dur\u00e9e de lecture estim\u00e9e\" \/>\n\t<meta name=\"twitter:data1\" content=\"3 minutes\" \/>\n<script type=\"application\/ld+json\" class=\"yoast-schema-graph\">{\"@context\":\"https:\/\/schema.org\",\"@graph\":[{\"@type\":\"Article\",\"@id\":\"https:\/\/ptrans.fr\/transport-groupage-espagne\/transporte-en-grupaje-entre-marruecos-y-espana\/#article\",\"isPartOf\":{\"@id\":\"https:\/\/ptrans.fr\/transport-groupage-espagne\/transporte-en-grupaje-entre-marruecos-y-espana\/\"},\"author\":{\"name\":\"admin\",\"@id\":\"https:\/\/ptrans.fr\/#\/schema\/person\/3a50d5b251b4df119e3598a32b8ce67c\"},\"headline\":\"Transporte en Grupaje entre Marruecos y Espa\u00f1a\",\"datePublished\":\"2024-06-01T11:42:06+00:00\",\"dateModified\":\"2024-06-19T09:55:26+00:00\",\"mainEntityOfPage\":{\"@id\":\"https:\/\/ptrans.fr\/transport-groupage-espagne\/transporte-en-grupaje-entre-marruecos-y-espana\/\"},\"wordCount\":450,\"publisher\":{\"@id\":\"https:\/\/ptrans.fr\/#organization\"},\"inLanguage\":\"fr-FR\"},{\"@type\":\"WebPage\",\"@id\":\"https:\/\/ptrans.fr\/transport-groupage-espagne\/transporte-en-grupaje-entre-marruecos-y-espana\/\",\"url\":\"https:\/\/ptrans.fr\/transport-groupage-espagne\/transporte-en-grupaje-entre-marruecos-y-espana\/\",\"name\":\"Transporte en Grupaje entre Marruecos y Espa\u00f1a - T\u00e9l : +212 663 23 23 00\",\"isPartOf\":{\"@id\":\"https:\/\/ptrans.fr\/#website\"},\"datePublished\":\"2024-06-01T11:42:06+00:00\",\"dateModified\":\"2024-06-19T09:55:26+00:00\",\"description\":\"Transporte en Grupaje entre Marruecos y Espa\u00f1a - T\u00e9l : +212 663 23 23 00 - Mail : s.p@ptrans.fr\",\"breadcrumb\":{\"@id\":\"https:\/\/ptrans.fr\/transport-groupage-espagne\/transporte-en-grupaje-entre-marruecos-y-espana\/#breadcrumb\"},\"inLanguage\":\"fr-FR\",\"potentialAction\":[{\"@type\":\"ReadAction\",\"target\":[\"https:\/\/ptrans.fr\/transport-groupage-espagne\/transporte-en-grupaje-entre-marruecos-y-espana\/\"]}]},{\"@type\":\"BreadcrumbList\",\"@id\":\"https:\/\/ptrans.fr\/transport-groupage-espagne\/transporte-en-grupaje-entre-marruecos-y-espana\/#breadcrumb\",\"itemListElement\":[{\"@type\":\"ListItem\",\"position\":1,\"name\":\"Transport groupage espagne\",\"item\":\"https:\/\/ptrans.fr\/transport-groupage-espagne\/\"},{\"@type\":\"ListItem\",\"position\":2,\"name\":\"Transporte en Grupaje entre Marruecos y Espa\u00f1a\"}]},{\"@type\":\"WebSite\",\"@id\":\"https:\/\/ptrans.fr\/#website\",\"url\":\"https:\/\/ptrans.fr\/\",\"name\":\"Ptrans Soci\u00e9t\u00e9 De Transport Et D\u00e9m\u00e9nagement International Maroc\",\"description\":\"Ptrans Votre Transporteur &amp; D\u00e9m\u00e9nageur Vers Le Maroc\",\"publisher\":{\"@id\":\"https:\/\/ptrans.fr\/#organization\"},\"alternateName\":\"Ptrans\",\"potentialAction\":[{\"@type\":\"SearchAction\",\"target\":{\"@type\":\"EntryPoint\",\"urlTemplate\":\"https:\/\/ptrans.fr\/?s={search_term_string}\"},\"query-input\":\"required name=search_term_string\"}],\"inLanguage\":\"fr-FR\"},{\"@type\":\"Organization\",\"@id\":\"https:\/\/ptrans.fr\/#organization\",\"name\":\"Ptrans Soci\u00e9t\u00e9 De Transport Et D\u00e9m\u00e9nagements International Entre Le Maroc Et Le Reste Du Monde\",\"url\":\"https:\/\/ptrans.fr\/\",\"logo\":{\"@type\":\"ImageObject\",\"inLanguage\":\"fr-FR\",\"@id\":\"https:\/\/ptrans.fr\/#\/schema\/logo\/image\/\",\"url\":\"http:\/\/ptrans.fr\/wp-content\/uploads\/2022\/08\/P.trans-logi_Plan-de-travail-1.png\",\"contentUrl\":\"http:\/\/ptrans.fr\/wp-content\/uploads\/2022\/08\/P.trans-logi_Plan-de-travail-1.png\",\"width\":2481,\"height\":1076,\"caption\":\"Ptrans Soci\u00e9t\u00e9 De Transport Et D\u00e9m\u00e9nagements International Entre Le Maroc Et Le Reste Du Monde\"},\"image\":{\"@id\":\"https:\/\/ptrans.fr\/#\/schema\/logo\/image\/\"},\"sameAs\":[\"https:\/\/www.facebook.com\/PlogisticsEurope\"]},{\"@type\":\"Person\",\"@id\":\"https:\/\/ptrans.fr\/#\/schema\/person\/3a50d5b251b4df119e3598a32b8ce67c\",\"name\":\"admin\",\"image\":{\"@type\":\"ImageObject\",\"inLanguage\":\"fr-FR\",\"@id\":\"https:\/\/ptrans.fr\/#\/schema\/person\/image\/\",\"url\":\"https:\/\/secure.gravatar.com\/avatar\/f1ed11851bb8c89ef1f06d655ba0bd00?s=96&d=mm&r=g\",\"contentUrl\":\"https:\/\/secure.gravatar.com\/avatar\/f1ed11851bb8c89ef1f06d655ba0bd00?s=96&d=mm&r=g\",\"caption\":\"admin\"},\"url\":\"https:\/\/ptrans.fr\/fr_fr\/author\/admin\/\"}]}<\/script>\n<!-- \/ Yoast SEO plugin. -->","yoast_head_json":{"title":"Transporte en Grupaje entre Marruecos y Espa\u00f1a - T\u00e9l : +212 663 23 23 00","description":"Transporte en Grupaje entre Marruecos y Espa\u00f1a - T\u00e9l : +212 663 23 23 00 - Mail : s.p@ptrans.fr","robots":{"index":"index","follow":"follow","max-snippet":"max-snippet:-1","max-image-preview":"max-image-preview:large","max-video-preview":"max-video-preview:-1"},"canonical":"https:\/\/ptrans.fr\/fr_fr\/transport-groupage-espagne\/transporte-en-grupaje-entre-marruecos-y-espana\/","og_locale":"fr_FR","og_type":"article","og_title":"Transporte en Grupaje entre Marruecos y Espa\u00f1a - T\u00e9l : +212 663 23 23 00","og_description":"Transporte en Grupaje entre Marruecos y Espa\u00f1a - T\u00e9l : +212 663 23 23 00 - Mail : s.p@ptrans.fr","og_url":"https:\/\/ptrans.fr\/fr_fr\/transport-groupage-espagne\/transporte-en-grupaje-entre-marruecos-y-espana\/","og_site_name":"Ptrans Soci\u00e9t\u00e9 De Transport &amp; D\u00e9m\u00e9nagements International Entre Le Maroc Et Le Reste Du Monde","article_publisher":"https:\/\/www.facebook.com\/PlogisticsEurope","article_modified_time":"2024-06-19T09:55:26+00:00","og_image":[{"width":1160,"height":870,"url":"https:\/\/ptrans.fr\/wp-content\/uploads\/2022\/09\/societe-demenagement-international-oujda.jpg","type":"image\/jpeg"}],"twitter_misc":{"Dur\u00e9e de lecture estim\u00e9e":"3 minutes"},"schema":{"@context":"https:\/\/schema.org","@graph":[{"@type":"Article","@id":"https:\/\/ptrans.fr\/transport-groupage-espagne\/transporte-en-grupaje-entre-marruecos-y-espana\/#article","isPartOf":{"@id":"https:\/\/ptrans.fr\/transport-groupage-espagne\/transporte-en-grupaje-entre-marruecos-y-espana\/"},"author":{"name":"admin","@id":"https:\/\/ptrans.fr\/#\/schema\/person\/3a50d5b251b4df119e3598a32b8ce67c"},"headline":"Transporte en Grupaje entre Marruecos y Espa\u00f1a","datePublished":"2024-06-01T11:42:06+00:00","dateModified":"2024-06-19T09:55:26+00:00","mainEntityOfPage":{"@id":"https:\/\/ptrans.fr\/transport-groupage-espagne\/transporte-en-grupaje-entre-marruecos-y-espana\/"},"wordCount":450,"publisher":{"@id":"https:\/\/ptrans.fr\/#organization"},"inLanguage":"fr-FR"},{"@type":"WebPage","@id":"https:\/\/ptrans.fr\/transport-groupage-espagne\/transporte-en-grupaje-entre-marruecos-y-espana\/","url":"https:\/\/ptrans.fr\/transport-groupage-espagne\/transporte-en-grupaje-entre-marruecos-y-espana\/","name":"Transporte en Grupaje entre Marruecos y Espa\u00f1a - T\u00e9l : +212 663 23 23 00","isPartOf":{"@id":"https:\/\/ptrans.fr\/#website"},"datePublished":"2024-06-01T11:42:06+00:00","dateModified":"2024-06-19T09:55:26+00:00","description":"Transporte en Grupaje entre Marruecos y Espa\u00f1a - T\u00e9l : +212 663 23 23 00 - Mail : s.p@ptrans.fr","breadcrumb":{"@id":"https:\/\/ptrans.fr\/transport-groupage-espagne\/transporte-en-grupaje-entre-marruecos-y-espana\/#breadcrumb"},"inLanguage":"fr-FR","potentialAction":[{"@type":"ReadAction","target":["https:\/\/ptrans.fr\/transport-groupage-espagne\/transporte-en-grupaje-entre-marruecos-y-espana\/"]}]},{"@type":"BreadcrumbList","@id":"https:\/\/ptrans.fr\/transport-groupage-espagne\/transporte-en-grupaje-entre-marruecos-y-espana\/#breadcrumb","itemListElement":[{"@type":"ListItem","position":1,"name":"Transport groupage espagne","item":"https:\/\/ptrans.fr\/transport-groupage-espagne\/"},{"@type":"ListItem","position":2,"name":"Transporte en Grupaje entre Marruecos y Espa\u00f1a"}]},{"@type":"WebSite","@id":"https:\/\/ptrans.fr\/#website","url":"https:\/\/ptrans.fr\/","name":"Ptrans Soci\u00e9t\u00e9 De Transport Et D\u00e9m\u00e9nagement International Maroc","description":"Ptrans Votre Transporteur &amp; D\u00e9m\u00e9nageur Vers Le Maroc","publisher":{"@id":"https:\/\/ptrans.fr\/#organization"},"alternateName":"Ptrans","potentialAction":[{"@type":"SearchAction","target":{"@type":"EntryPoint","urlTemplate":"https:\/\/ptrans.fr\/?s={search_term_string}"},"query-input":"required name=search_term_string"}],"inLanguage":"fr-FR"},{"@type":"Organization","@id":"https:\/\/ptrans.fr\/#organization","name":"Ptrans Soci\u00e9t\u00e9 De Transport Et D\u00e9m\u00e9nagements International Entre Le Maroc Et Le Reste Du Monde","url":"https:\/\/ptrans.fr\/","logo":{"@type":"ImageObject","inLanguage":"fr-FR","@id":"https:\/\/ptrans.fr\/#\/schema\/logo\/image\/","url":"http:\/\/ptrans.fr\/wp-content\/uploads\/2022\/08\/P.trans-logi_Plan-de-travail-1.png","contentUrl":"http:\/\/ptrans.fr\/wp-content\/uploads\/2022\/08\/P.trans-logi_Plan-de-travail-1.png","width":2481,"height":1076,"caption":"Ptrans Soci\u00e9t\u00e9 De Transport Et D\u00e9m\u00e9nagements International Entre Le Maroc Et Le Reste Du Monde"},"image":{"@id":"https:\/\/ptrans.fr\/#\/schema\/logo\/image\/"},"sameAs":["https:\/\/www.facebook.com\/PlogisticsEurope"]},{"@type":"Person","@id":"https:\/\/ptrans.fr\/#\/schema\/person\/3a50d5b251b4df119e3598a32b8ce67c","name":"admin","image":{"@type":"ImageObject","inLanguage":"fr-FR","@id":"https:\/\/ptrans.fr\/#\/schema\/person\/image\/","url":"https:\/\/secure.gravatar.com\/avatar\/f1ed11851bb8c89ef1f06d655ba0bd00?s=96&d=mm&r=g","contentUrl":"https:\/\/secure.gravatar.com\/avatar\/f1ed11851bb8c89ef1f06d655ba0bd00?s=96&d=mm&r=g","caption":"admin"},"url":"https:\/\/ptrans.fr\/fr_fr\/author\/admin\/"}]}},"jetpack_sharing_enabled":true,"jetpack_likes_enabled":true,"_links":{"self":[{"href":"https:\/\/ptrans.fr\/fr_fr\/wp-json\/wp\/v2\/pages\/15031"}],"collection":[{"href":"https:\/\/ptrans.fr\/fr_fr\/wp-json\/wp\/v2\/pages"}],"about":[{"href":"https:\/\/ptrans.fr\/fr_fr\/wp-json\/wp\/v2\/types\/page"}],"author":[{"embeddable":true,"href":"https:\/\/ptrans.fr\/fr_fr\/wp-json\/wp\/v2\/users\/1"}],"replies":[{"embeddable":true,"href":"https:\/\/ptrans.fr\/fr_fr\/wp-json\/wp\/v2\/comments?post=15031"}],"version-history":[{"count":3,"href":"https:\/\/ptrans.fr\/fr_fr\/wp-json\/wp\/v2\/pages\/15031\/revisions"}],"predecessor-version":[{"id":15034,"href":"https:\/\/ptrans.fr\/fr_fr\/wp-json\/wp\/v2\/pages\/15031\/revisions\/15034"}],"up":[{"embeddable":true,"href":"https:\/\/ptrans.fr\/fr_fr\/wp-json\/wp\/v2\/pages\/15076"}],"wp:attachment":[{"href":"https:\/\/ptrans.fr\/fr_fr\/wp-json\/wp\/v2\/media?parent=15031"}],"curies":[{"name":"wp","href":"https:\/\/api.w.org\/{rel}","templated":true}]}}