{"id":15035,"date":"2024-06-01T12:50:57","date_gmt":"2024-06-01T11:50:57","guid":{"rendered":"https:\/\/ptrans.fr\/?page_id=15035"},"modified":"2024-06-19T10:53:55","modified_gmt":"2024-06-19T09:53:55","slug":"groupage-and-full-truck-load-transport-between-morocco-and-spain","status":"publish","type":"page","link":"https:\/\/ptrans.fr\/fr_fr\/transport-groupage-espagne\/groupage-and-full-truck-load-transport-between-morocco-and-spain\/","title":{"rendered":"Groupage and Full Truck Load Transport between Morocco and Spain"},"content":{"rendered":"<section class=\"wpb-content-wrapper\"><div class=\"vc_row wpb_row vc_row-fluid\"><div class=\"wpb_column vc_column_container vc_col-sm-12\"><div class=\"vc_column-inner\"><div class=\"wpb_wrapper\">\n\t<div  class=\"wpb_single_image wpb_content_element vc_align_left\">\n\t\t\n\t\t<figure class=\"wpb_wrapper vc_figure\">\n\t\t\t<div class=\"vc_single_image-wrapper   vc_box_border_grey\"><img loading=\"lazy\" decoding=\"async\" width=\"1920\" height=\"1080\" src=\"https:\/\/ptrans.fr\/wp-content\/uploads\/2024\/06\/general-transport.png\" class=\"vc_single_image-img attachment-full\" alt=\"Groupage and Full Truck Load Transport between Morocco and Spain\" title=\"general transport\" srcset=\"https:\/\/ptrans.fr\/wp-content\/uploads\/2024\/06\/general-transport.png 1920w, https:\/\/ptrans.fr\/wp-content\/uploads\/2024\/06\/general-transport-300x169.png 300w, https:\/\/ptrans.fr\/wp-content\/uploads\/2024\/06\/general-transport-1024x576.png 1024w, https:\/\/ptrans.fr\/wp-content\/uploads\/2024\/06\/general-transport-768x432.png 768w, https:\/\/ptrans.fr\/wp-content\/uploads\/2024\/06\/general-transport-1536x864.png 1536w, https:\/\/ptrans.fr\/wp-content\/uploads\/2024\/06\/general-transport-18x10.png 18w, https:\/\/ptrans.fr\/wp-content\/uploads\/2024\/06\/general-transport-800x450.png 800w\" sizes=\"(max-width: 1920px) 100vw, 1920px\" \/><\/div>\n\t\t<\/figure>\n\t<\/div>\n\n\t<div class=\"wpb_text_column wpb_content_element \" >\n\t\t<div class=\"wpb_wrapper\">\n\t\t\t<h1>Groupage and Full Truck Load Transport between Morocco and Spain with Ptrans Logistics<\/h1>\n<p>At Ptrans Logistics, we are proud to offer specialized international transport services, whether for partial loads (groupage) or full truck loads (dedicated trucks). Our expertise and commitment to providing reliable transport solutions make us the ideal partner for your logistics needs between Morocco and Spain.<\/p>\n<h2>Our Services as an International Transporter Spain Morocco and Morocco Spain<\/h2>\n<p>We understand the importance of punctuality and security for your shipments. That is why we have established regular international transport lines between Morocco and Spain with departures on the following days:<\/p>\n<p>&#8211; From Spain: Regular departures every Tuesday and Thursday<br \/>\n&#8211; From Morocco: Single departure every Saturday<\/p>\n<p>We guarantee a **transit time of 48 hours** for all shipments, ensuring fast and efficient delivery.<\/p>\n\n\t\t<\/div>\n\t<\/div>\n<div class=\"vc_empty_space\"   style=\"height: 32px\"><span class=\"vc_empty_space_inner\"><\/span><\/div><div class=\"vc_btn3-container vc_btn3-center\" ><button class=\"vc_general vc_btn3 vc_btn3-size-md vc_btn3-shape-square vc_btn3-style-classic vc_btn3-color-primary\">Our Rates<\/button><\/div>\n\t<div class=\"wpb_text_column wpb_content_element \" >\n\t\t<div class=\"wpb_wrapper\">\n\t\t\t<h3>Cities Served in Morocco<\/h3>\n<p>Our network for groupage transport and international transport extends to several main cities in Morocco, including:<\/p>\n\n\t\t<\/div>\n\t<\/div>\n<\/div><\/div><\/div><\/div><div class=\"vc_row wpb_row vc_row-fluid\"><div class=\"wpb_column vc_column_container vc_col-sm-6\"><div class=\"vc_column-inner\"><div class=\"wpb_wrapper\">\n\t<div class=\"wpb_text_column wpb_content_element \" >\n\t\t<div class=\"wpb_wrapper\">\n\t\t\t<p>1. Casablanca<br \/>\n2. Rabat<br \/>\n3. Marrakech<br \/>\n4. Fes<br \/>\n5. Tangier<br \/>\n6. Agadir<br \/>\n7. Meknes<br \/>\n8. Oujda<br \/>\n9. Kenitra<br \/>\n10. Tetouan<\/p>\n\n\t\t<\/div>\n\t<\/div>\n<\/div><\/div><\/div><div class=\"wpb_column vc_column_container vc_col-sm-6\"><div class=\"vc_column-inner\"><div class=\"wpb_wrapper\">\n\t<div class=\"wpb_text_column wpb_content_element \" >\n\t\t<div class=\"wpb_wrapper\">\n\t\t\t<p>11. Safi<br \/>\n12. El Jadida<br \/>\n13. Nador<br \/>\n14. Settat<br \/>\n15. Beni Mellal<br \/>\n16. Khemisset<br \/>\n17. Khouribga<br \/>\n18. Larache<br \/>\n19. Ouarzazate<br \/>\n20. Laayoune<\/p>\n\n\t\t<\/div>\n\t<\/div>\n<div class=\"vc_empty_space\"   style=\"height: 32px\"><span class=\"vc_empty_space_inner\"><\/span><\/div><\/div><\/div><\/div><\/div><div class=\"vc_row wpb_row vc_row-fluid\"><div class=\"wpb_column vc_column_container vc_col-sm-6\"><div class=\"vc_column-inner\"><div class=\"wpb_wrapper\">\n\t<div class=\"wpb_text_column wpb_content_element \" >\n\t\t<div class=\"wpb_wrapper\">\n\t\t\t<h3>Cities Served in Spain<\/h3>\n<p>Similarly, our groupage transport and international transport service covers several main cities in Spain, including:<\/p>\n\n\t\t<\/div>\n\t<\/div>\n\n\t<div class=\"wpb_text_column wpb_content_element \" >\n\t\t<div class=\"wpb_wrapper\">\n\t\t\t<p>1. Madrid<br \/>\n2. Barcelona<br \/>\n3. Valencia<br \/>\n4. Seville<br \/>\n5. Zaragoza<br \/>\n6. Malaga<br \/>\n7. Murcia<br \/>\n8. Palma de Mallorca<br \/>\n9. Las Palmas de Gran Canaria<br \/>\n10. Bilbao<\/p>\n\n\t\t<\/div>\n\t<\/div>\n<\/div><\/div><\/div><div class=\"wpb_column vc_column_container vc_col-sm-6\"><div class=\"vc_column-inner\"><div class=\"wpb_wrapper\"><div class=\"vc_empty_space\"   style=\"height: 32px\"><span class=\"vc_empty_space_inner\"><\/span><\/div>\n\t<div class=\"wpb_text_column wpb_content_element \" >\n\t\t<div class=\"wpb_wrapper\">\n\t\t\t<p>11. Alicante<br \/>\n12. Cordoba<br \/>\n13. Valladolid<br \/>\n14. Vigo<br \/>\n15. Gij\u00f3n<br \/>\n16. L&rsquo;Hospitalet de Llobregat<br \/>\n17. La Coru\u00f1a<br \/>\n18. Vitoria-Gasteiz<br \/>\n19. Granada<br \/>\n20. Elche<\/p>\n\n\t\t<\/div>\n\t<\/div>\n<\/div><\/div><\/div><\/div><div class=\"vc_row wpb_row vc_row-fluid\"><div class=\"wpb_column vc_column_container vc_col-sm-6\"><div class=\"vc_column-inner\"><div class=\"wpb_wrapper\">\n\t<div  class=\"wpb_single_image wpb_content_element vc_align_left\">\n\t\t\n\t\t<figure class=\"wpb_wrapper vc_figure\">\n\t\t\t<div class=\"vc_single_image-wrapper   vc_box_border_grey\"><img loading=\"lazy\" decoding=\"async\" width=\"500\" height=\"500\" src=\"https:\/\/ptrans.fr\/wp-content\/uploads\/2024\/03\/7-1.png\" class=\"vc_single_image-img attachment-full\" alt=\"Groupage and Full Truck Load Transport between Morocco and Spain\" title=\"Groupage and Full Truck Load Transport between Morocco and Spain\" srcset=\"https:\/\/ptrans.fr\/wp-content\/uploads\/2024\/03\/7-1.png 500w, https:\/\/ptrans.fr\/wp-content\/uploads\/2024\/03\/7-1-300x300.png 300w, https:\/\/ptrans.fr\/wp-content\/uploads\/2024\/03\/7-1-150x150.png 150w, https:\/\/ptrans.fr\/wp-content\/uploads\/2024\/03\/7-1-12x12.png 12w, https:\/\/ptrans.fr\/wp-content\/uploads\/2024\/03\/7-1-320x320.png 320w\" sizes=\"(max-width: 500px) 100vw, 500px\" \/><\/div>\n\t\t<\/figure>\n\t<\/div>\n<\/div><\/div><\/div><div class=\"wpb_column vc_column_container vc_col-sm-6\"><div class=\"vc_column-inner\"><div class=\"wpb_wrapper\">\n\t<div class=\"wpb_text_column wpb_content_element \" >\n\t\t<div class=\"wpb_wrapper\">\n\t\t\t<h2>Why Choose Ptrans Logistics as Your International Transporter?<\/h2>\n<p>&#8211; Reliability: We respect our transit times to ensure fast delivery.<br \/>\n&#8211; Security: Your goods are in good hands, with rigorous management and tracking procedures.<br \/>\n&#8211; Flexibility: Whether you need to transport a small load or a full truck, we have the right solution.<br \/>\n&#8211; Wide Coverage: With groupage transport and international transport services in major cities of Morocco and Spain, we cover a wide geographical area.<\/p>\n<p>Trust Ptrans Logistics for all your international transport needs between Morocco and Spain. For more information or to get a personalized quote, do not hesitate to contact us. We are here to support you at every stage of your logistics project.<\/p>\n<p>&#8212;<\/p>\n<p>For any questions or service requests for groupage transport or international transport, contact us today. We look forward to collaborating with you and meeting your transport needs between Spain and Morocco.<\/p>\n\n\t\t<\/div>\n\t<\/div>\n<\/div><\/div><\/div><\/div>\n<\/section>","protected":false},"excerpt":{"rendered":"Groupage and Full Truck Load Transport between Morocco and Spain with Ptrans Logistics At Ptrans [...]","protected":false},"author":1,"featured_media":0,"parent":15076,"menu_order":0,"comment_status":"closed","ping_status":"closed","template":"","meta":{"footnotes":""},"yoast_head":"<!-- This site is optimized with the Yoast SEO plugin v22.8 - https:\/\/yoast.com\/wordpress\/plugins\/seo\/ -->\n<title>Groupage and Full Truck Load Transport between Morocco and Spain - T\u00e9l : +212 663 23 23 00<\/title>\n<meta name=\"description\" content=\"Groupage and Full Truck Load Transport between Morocco and Spain - T\u00e9l : +212 663 23 23 00 - Mail : s.p@ptrans.fr\" \/>\n<meta name=\"robots\" content=\"index, follow, max-snippet:-1, max-image-preview:large, max-video-preview:-1\" \/>\n<link rel=\"canonical\" href=\"https:\/\/ptrans.fr\/fr_fr\/transport-groupage-espagne\/groupage-and-full-truck-load-transport-between-morocco-and-spain\/\" \/>\n<meta property=\"og:locale\" content=\"fr_FR\" \/>\n<meta property=\"og:type\" content=\"article\" \/>\n<meta property=\"og:title\" content=\"Groupage and Full Truck Load Transport between Morocco and Spain - T\u00e9l : +212 663 23 23 00\" \/>\n<meta property=\"og:description\" content=\"Groupage and Full Truck Load Transport between Morocco and Spain - T\u00e9l : +212 663 23 23 00 - Mail : s.p@ptrans.fr\" \/>\n<meta property=\"og:url\" content=\"https:\/\/ptrans.fr\/fr_fr\/transport-groupage-espagne\/groupage-and-full-truck-load-transport-between-morocco-and-spain\/\" \/>\n<meta property=\"og:site_name\" content=\"Ptrans Soci\u00e9t\u00e9 De Transport &amp; D\u00e9m\u00e9nagements International Entre Le Maroc Et Le Reste Du Monde\" \/>\n<meta property=\"article:publisher\" content=\"https:\/\/www.facebook.com\/PlogisticsEurope\" \/>\n<meta property=\"article:modified_time\" content=\"2024-06-19T09:53:55+00:00\" \/>\n<meta property=\"og:image\" content=\"https:\/\/ptrans.fr\/wp-content\/uploads\/2022\/09\/societe-demenagement-international-oujda.jpg\" \/>\n\t<meta property=\"og:image:width\" content=\"1160\" \/>\n\t<meta property=\"og:image:height\" content=\"870\" \/>\n\t<meta property=\"og:image:type\" content=\"image\/jpeg\" \/>\n<meta name=\"twitter:label1\" content=\"Dur\u00e9e de lecture estim\u00e9e\" \/>\n\t<meta name=\"twitter:data1\" content=\"3 minutes\" \/>\n<script type=\"application\/ld+json\" class=\"yoast-schema-graph\">{\"@context\":\"https:\/\/schema.org\",\"@graph\":[{\"@type\":\"Article\",\"@id\":\"https:\/\/ptrans.fr\/transport-groupage-espagne\/groupage-and-full-truck-load-transport-between-morocco-and-spain\/#article\",\"isPartOf\":{\"@id\":\"https:\/\/ptrans.fr\/transport-groupage-espagne\/groupage-and-full-truck-load-transport-between-morocco-and-spain\/\"},\"author\":{\"name\":\"admin\",\"@id\":\"https:\/\/ptrans.fr\/#\/schema\/person\/3a50d5b251b4df119e3598a32b8ce67c\"},\"headline\":\"Groupage and Full Truck Load Transport between Morocco and Spain\",\"datePublished\":\"2024-06-01T11:50:57+00:00\",\"dateModified\":\"2024-06-19T09:53:55+00:00\",\"mainEntityOfPage\":{\"@id\":\"https:\/\/ptrans.fr\/transport-groupage-espagne\/groupage-and-full-truck-load-transport-between-morocco-and-spain\/\"},\"wordCount\":515,\"publisher\":{\"@id\":\"https:\/\/ptrans.fr\/#organization\"},\"inLanguage\":\"fr-FR\"},{\"@type\":\"WebPage\",\"@id\":\"https:\/\/ptrans.fr\/transport-groupage-espagne\/groupage-and-full-truck-load-transport-between-morocco-and-spain\/\",\"url\":\"https:\/\/ptrans.fr\/transport-groupage-espagne\/groupage-and-full-truck-load-transport-between-morocco-and-spain\/\",\"name\":\"Groupage and Full Truck Load Transport between Morocco and Spain - T\u00e9l : +212 663 23 23 00\",\"isPartOf\":{\"@id\":\"https:\/\/ptrans.fr\/#website\"},\"datePublished\":\"2024-06-01T11:50:57+00:00\",\"dateModified\":\"2024-06-19T09:53:55+00:00\",\"description\":\"Groupage and Full Truck Load Transport between Morocco and Spain - T\u00e9l : +212 663 23 23 00 - Mail : s.p@ptrans.fr\",\"breadcrumb\":{\"@id\":\"https:\/\/ptrans.fr\/transport-groupage-espagne\/groupage-and-full-truck-load-transport-between-morocco-and-spain\/#breadcrumb\"},\"inLanguage\":\"fr-FR\",\"potentialAction\":[{\"@type\":\"ReadAction\",\"target\":[\"https:\/\/ptrans.fr\/transport-groupage-espagne\/groupage-and-full-truck-load-transport-between-morocco-and-spain\/\"]}]},{\"@type\":\"BreadcrumbList\",\"@id\":\"https:\/\/ptrans.fr\/transport-groupage-espagne\/groupage-and-full-truck-load-transport-between-morocco-and-spain\/#breadcrumb\",\"itemListElement\":[{\"@type\":\"ListItem\",\"position\":1,\"name\":\"Transport groupage espagne\",\"item\":\"https:\/\/ptrans.fr\/transport-groupage-espagne\/\"},{\"@type\":\"ListItem\",\"position\":2,\"name\":\"Groupage and Full Truck Load Transport between Morocco and Spain\"}]},{\"@type\":\"WebSite\",\"@id\":\"https:\/\/ptrans.fr\/#website\",\"url\":\"https:\/\/ptrans.fr\/\",\"name\":\"Ptrans Soci\u00e9t\u00e9 De Transport Et D\u00e9m\u00e9nagement International Maroc\",\"description\":\"Ptrans Votre Transporteur &amp; D\u00e9m\u00e9nageur Vers Le Maroc\",\"publisher\":{\"@id\":\"https:\/\/ptrans.fr\/#organization\"},\"alternateName\":\"Ptrans\",\"potentialAction\":[{\"@type\":\"SearchAction\",\"target\":{\"@type\":\"EntryPoint\",\"urlTemplate\":\"https:\/\/ptrans.fr\/?s={search_term_string}\"},\"query-input\":\"required name=search_term_string\"}],\"inLanguage\":\"fr-FR\"},{\"@type\":\"Organization\",\"@id\":\"https:\/\/ptrans.fr\/#organization\",\"name\":\"Ptrans Soci\u00e9t\u00e9 De Transport Et D\u00e9m\u00e9nagements International Entre Le Maroc Et Le Reste Du Monde\",\"url\":\"https:\/\/ptrans.fr\/\",\"logo\":{\"@type\":\"ImageObject\",\"inLanguage\":\"fr-FR\",\"@id\":\"https:\/\/ptrans.fr\/#\/schema\/logo\/image\/\",\"url\":\"http:\/\/ptrans.fr\/wp-content\/uploads\/2022\/08\/P.trans-logi_Plan-de-travail-1.png\",\"contentUrl\":\"http:\/\/ptrans.fr\/wp-content\/uploads\/2022\/08\/P.trans-logi_Plan-de-travail-1.png\",\"width\":2481,\"height\":1076,\"caption\":\"Ptrans Soci\u00e9t\u00e9 De Transport Et D\u00e9m\u00e9nagements International Entre Le Maroc Et Le Reste Du Monde\"},\"image\":{\"@id\":\"https:\/\/ptrans.fr\/#\/schema\/logo\/image\/\"},\"sameAs\":[\"https:\/\/www.facebook.com\/PlogisticsEurope\"]},{\"@type\":\"Person\",\"@id\":\"https:\/\/ptrans.fr\/#\/schema\/person\/3a50d5b251b4df119e3598a32b8ce67c\",\"name\":\"admin\",\"image\":{\"@type\":\"ImageObject\",\"inLanguage\":\"fr-FR\",\"@id\":\"https:\/\/ptrans.fr\/#\/schema\/person\/image\/\",\"url\":\"https:\/\/secure.gravatar.com\/avatar\/f1ed11851bb8c89ef1f06d655ba0bd00?s=96&d=mm&r=g\",\"contentUrl\":\"https:\/\/secure.gravatar.com\/avatar\/f1ed11851bb8c89ef1f06d655ba0bd00?s=96&d=mm&r=g\",\"caption\":\"admin\"},\"url\":\"https:\/\/ptrans.fr\/fr_fr\/author\/admin\/\"}]}<\/script>\n<!-- \/ Yoast SEO plugin. -->","yoast_head_json":{"title":"Groupage and Full Truck Load Transport between Morocco and Spain - T\u00e9l : +212 663 23 23 00","description":"Groupage and Full Truck Load Transport between Morocco and Spain - T\u00e9l : +212 663 23 23 00 - Mail : s.p@ptrans.fr","robots":{"index":"index","follow":"follow","max-snippet":"max-snippet:-1","max-image-preview":"max-image-preview:large","max-video-preview":"max-video-preview:-1"},"canonical":"https:\/\/ptrans.fr\/fr_fr\/transport-groupage-espagne\/groupage-and-full-truck-load-transport-between-morocco-and-spain\/","og_locale":"fr_FR","og_type":"article","og_title":"Groupage and Full Truck Load Transport between Morocco and Spain - T\u00e9l : +212 663 23 23 00","og_description":"Groupage and Full Truck Load Transport between Morocco and Spain - T\u00e9l : +212 663 23 23 00 - Mail : s.p@ptrans.fr","og_url":"https:\/\/ptrans.fr\/fr_fr\/transport-groupage-espagne\/groupage-and-full-truck-load-transport-between-morocco-and-spain\/","og_site_name":"Ptrans Soci\u00e9t\u00e9 De Transport &amp; D\u00e9m\u00e9nagements International Entre Le Maroc Et Le Reste Du Monde","article_publisher":"https:\/\/www.facebook.com\/PlogisticsEurope","article_modified_time":"2024-06-19T09:53:55+00:00","og_image":[{"width":1160,"height":870,"url":"https:\/\/ptrans.fr\/wp-content\/uploads\/2022\/09\/societe-demenagement-international-oujda.jpg","type":"image\/jpeg"}],"twitter_misc":{"Dur\u00e9e de lecture estim\u00e9e":"3 minutes"},"schema":{"@context":"https:\/\/schema.org","@graph":[{"@type":"Article","@id":"https:\/\/ptrans.fr\/transport-groupage-espagne\/groupage-and-full-truck-load-transport-between-morocco-and-spain\/#article","isPartOf":{"@id":"https:\/\/ptrans.fr\/transport-groupage-espagne\/groupage-and-full-truck-load-transport-between-morocco-and-spain\/"},"author":{"name":"admin","@id":"https:\/\/ptrans.fr\/#\/schema\/person\/3a50d5b251b4df119e3598a32b8ce67c"},"headline":"Groupage and Full Truck Load Transport between Morocco and Spain","datePublished":"2024-06-01T11:50:57+00:00","dateModified":"2024-06-19T09:53:55+00:00","mainEntityOfPage":{"@id":"https:\/\/ptrans.fr\/transport-groupage-espagne\/groupage-and-full-truck-load-transport-between-morocco-and-spain\/"},"wordCount":515,"publisher":{"@id":"https:\/\/ptrans.fr\/#organization"},"inLanguage":"fr-FR"},{"@type":"WebPage","@id":"https:\/\/ptrans.fr\/transport-groupage-espagne\/groupage-and-full-truck-load-transport-between-morocco-and-spain\/","url":"https:\/\/ptrans.fr\/transport-groupage-espagne\/groupage-and-full-truck-load-transport-between-morocco-and-spain\/","name":"Groupage and Full Truck Load Transport between Morocco and Spain - T\u00e9l : +212 663 23 23 00","isPartOf":{"@id":"https:\/\/ptrans.fr\/#website"},"datePublished":"2024-06-01T11:50:57+00:00","dateModified":"2024-06-19T09:53:55+00:00","description":"Groupage and Full Truck Load Transport between Morocco and Spain - T\u00e9l : +212 663 23 23 00 - Mail : s.p@ptrans.fr","breadcrumb":{"@id":"https:\/\/ptrans.fr\/transport-groupage-espagne\/groupage-and-full-truck-load-transport-between-morocco-and-spain\/#breadcrumb"},"inLanguage":"fr-FR","potentialAction":[{"@type":"ReadAction","target":["https:\/\/ptrans.fr\/transport-groupage-espagne\/groupage-and-full-truck-load-transport-between-morocco-and-spain\/"]}]},{"@type":"BreadcrumbList","@id":"https:\/\/ptrans.fr\/transport-groupage-espagne\/groupage-and-full-truck-load-transport-between-morocco-and-spain\/#breadcrumb","itemListElement":[{"@type":"ListItem","position":1,"name":"Transport groupage espagne","item":"https:\/\/ptrans.fr\/transport-groupage-espagne\/"},{"@type":"ListItem","position":2,"name":"Groupage and Full Truck Load Transport between Morocco and Spain"}]},{"@type":"WebSite","@id":"https:\/\/ptrans.fr\/#website","url":"https:\/\/ptrans.fr\/","name":"Ptrans Soci\u00e9t\u00e9 De Transport Et D\u00e9m\u00e9nagement International Maroc","description":"Ptrans Votre Transporteur &amp; D\u00e9m\u00e9nageur Vers Le Maroc","publisher":{"@id":"https:\/\/ptrans.fr\/#organization"},"alternateName":"Ptrans","potentialAction":[{"@type":"SearchAction","target":{"@type":"EntryPoint","urlTemplate":"https:\/\/ptrans.fr\/?s={search_term_string}"},"query-input":"required name=search_term_string"}],"inLanguage":"fr-FR"},{"@type":"Organization","@id":"https:\/\/ptrans.fr\/#organization","name":"Ptrans Soci\u00e9t\u00e9 De Transport Et D\u00e9m\u00e9nagements International Entre Le Maroc Et Le Reste Du Monde","url":"https:\/\/ptrans.fr\/","logo":{"@type":"ImageObject","inLanguage":"fr-FR","@id":"https:\/\/ptrans.fr\/#\/schema\/logo\/image\/","url":"http:\/\/ptrans.fr\/wp-content\/uploads\/2022\/08\/P.trans-logi_Plan-de-travail-1.png","contentUrl":"http:\/\/ptrans.fr\/wp-content\/uploads\/2022\/08\/P.trans-logi_Plan-de-travail-1.png","width":2481,"height":1076,"caption":"Ptrans Soci\u00e9t\u00e9 De Transport Et D\u00e9m\u00e9nagements International Entre Le Maroc Et Le Reste Du Monde"},"image":{"@id":"https:\/\/ptrans.fr\/#\/schema\/logo\/image\/"},"sameAs":["https:\/\/www.facebook.com\/PlogisticsEurope"]},{"@type":"Person","@id":"https:\/\/ptrans.fr\/#\/schema\/person\/3a50d5b251b4df119e3598a32b8ce67c","name":"admin","image":{"@type":"ImageObject","inLanguage":"fr-FR","@id":"https:\/\/ptrans.fr\/#\/schema\/person\/image\/","url":"https:\/\/secure.gravatar.com\/avatar\/f1ed11851bb8c89ef1f06d655ba0bd00?s=96&d=mm&r=g","contentUrl":"https:\/\/secure.gravatar.com\/avatar\/f1ed11851bb8c89ef1f06d655ba0bd00?s=96&d=mm&r=g","caption":"admin"},"url":"https:\/\/ptrans.fr\/fr_fr\/author\/admin\/"}]}},"jetpack_sharing_enabled":true,"jetpack_likes_enabled":true,"_links":{"self":[{"href":"https:\/\/ptrans.fr\/fr_fr\/wp-json\/wp\/v2\/pages\/15035"}],"collection":[{"href":"https:\/\/ptrans.fr\/fr_fr\/wp-json\/wp\/v2\/pages"}],"about":[{"href":"https:\/\/ptrans.fr\/fr_fr\/wp-json\/wp\/v2\/types\/page"}],"author":[{"embeddable":true,"href":"https:\/\/ptrans.fr\/fr_fr\/wp-json\/wp\/v2\/users\/1"}],"replies":[{"embeddable":true,"href":"https:\/\/ptrans.fr\/fr_fr\/wp-json\/wp\/v2\/comments?post=15035"}],"version-history":[{"count":10,"href":"https:\/\/ptrans.fr\/fr_fr\/wp-json\/wp\/v2\/pages\/15035\/revisions"}],"predecessor-version":[{"id":15075,"href":"https:\/\/ptrans.fr\/fr_fr\/wp-json\/wp\/v2\/pages\/15035\/revisions\/15075"}],"up":[{"embeddable":true,"href":"https:\/\/ptrans.fr\/fr_fr\/wp-json\/wp\/v2\/pages\/15076"}],"wp:attachment":[{"href":"https:\/\/ptrans.fr\/fr_fr\/wp-json\/wp\/v2\/media?parent=15035"}],"curies":[{"name":"wp","href":"https:\/\/api.w.org\/{rel}","templated":true}]}}