{"id":7801,"date":"2022-08-15T01:47:41","date_gmt":"2022-08-15T00:47:41","guid":{"rendered":"http:\/\/ptrans.fr\/?page_id=7801"},"modified":"2022-09-14T12:59:47","modified_gmt":"2022-09-14T11:59:47","slug":"demenager-au-maroc","status":"publish","type":"page","link":"https:\/\/ptrans.fr\/fr_fr\/maroc-demenagement\/demenager-au-maroc\/","title":{"rendered":"Tarifs D\u00e9m\u00e9nager Au Maroc | T\u00e9l : +212663 23 23 00"},"content":{"rendered":"<section class=\"wpb-content-wrapper\"><div class=\"vc_row wpb_row vc_row-fluid\"><div class=\"wpb_column vc_column_container vc_col-sm-12\"><div class=\"vc_column-inner\"><div class=\"wpb_wrapper\">[rev_slider slidertitle=\u00a0\u00bbd\u00e9m\u00e9nager au maroc\u00a0\u00bb alias=\u00a0\u00bbdmnager-au-maroc\u00a0\u00bb]<div class=\"vc_empty_space\"   style=\"height: 42px\"><span class=\"vc_empty_space_inner\"><\/span><\/div><div class=\"kd-divider dotted_line divider_full_width \">\n                <div class=\"divider-line\" style=\"border-color:\"><\/div>\n            <\/div><header class=\"kd-section-title col-lg-12 text-center    \" ><h2 class=\"separator_off\" style=\"color: #1f7bc1;\">D\u00e9m\u00e9nager Au Maroc Moins Cher !<\/h2><\/header><\/div><\/div><\/div><\/div><div class=\"vc_row wpb_row vc_row-fluid\"><div class=\"wpb_column vc_column_container vc_col-sm-6\"><div class=\"vc_column-inner\"><div class=\"wpb_wrapper\">\n\t<div class=\"wpb_text_column wpb_content_element \" >\n\t\t<div class=\"wpb_wrapper\">\n\t\t\t<p>Si vous envisagez de d\u00e9m\u00e9nager au Maroc, il est important de conna\u00eetre les diff\u00e9rents tarifs qui pourraient s&rsquo;appliquer. Le co\u00fbt du d\u00e9m\u00e9nagement d\u00e9pendra principalement de la distance \u00e0 parcourir et du nombre de biens que vous avez \u00e0 transporter.<\/p>\n<p>Il est \u00e9galement important de tenir compte des co\u00fbts suppl\u00e9mentaires tels que les frais de douane et les taxes, qui peuvent \u00eatre ajouter. Si vous avez des questions au sujet du votre d\u00e9m\u00e9nagement au Maroc, n&rsquo;h\u00e9sitez pas \u00e0 nous contacter un de nos professionnels du d\u00e9m\u00e9nagement. nous pouvons vous fournir des conseils et des estimations pr\u00e9cises du co\u00fbt pour d\u00e9m\u00e9nager au Maroc.<\/p>\n\n\t\t<\/div>\n\t<\/div>\n<div class=\"vc_empty_space\"   style=\"height: 22px\"><span class=\"vc_empty_space_inner\"><\/span><\/div><div class=\"vc_btn3-container vc_btn3-center\" ><a class=\"vc_general vc_btn3 vc_btn3-size-md vc_btn3-shape-square vc_btn3-style-modern vc_btn3-color-sky\" href=\"http:\/\/ptrans.fr\/estimer-le-prix\/\" title=\"Estimer le prix\">Tarifs En Ligne<\/a><\/div><\/div><\/div><\/div><div class=\"wpb_column vc_column_container vc_col-sm-6\"><div class=\"vc_column-inner\"><div class=\"wpb_wrapper\">\n\t<div class=\"wpb_text_column wpb_content_element \" >\n\t\t<div class=\"wpb_wrapper\">\n\t\t\t<p>En r\u00e9sum\u00e9, le co\u00fbt du d\u00e9m\u00e9nagement au Maroc variera en fonction de la distance parcourue et du nombre de biens \u00e0 transporter. Il est important de tenir compte des co\u00fbts suppl\u00e9mentaires tels que les frais de douane et les taxes. Si vous avez des questions au sujet du d\u00e9m\u00e9nagement, n&rsquo;h\u00e9sitez pas \u00e0 contacter un de nos professionnels du d\u00e9m\u00e9nagement. Nous pouvons vous fournir des conseils et une estimation pr\u00e9cise du co\u00fbt total du d\u00e9m\u00e9nagement. Avec notre aide, vous pourrez d\u00e9m\u00e9nager au Maroc sans tracas.<\/p>\n<p>Liens utiles :<\/p>\n<p><a href=\"https:\/\/www.douane.gov.ma\/c\/journal\/view_article_content?groupId=16&amp;articleId=51941&amp;version=1.0&amp;iframe=true&amp;width=900&amp;height=550\">Exon\u00e9ration des droits de douane Maroc<\/a><\/p>\n<p><a href=\"http:\/\/ptrans.fr\/estimer-le-prix\/\">Simulateur de prix instantan\u00e9<\/a><\/p>\n\n\t\t<\/div>\n\t<\/div>\n<\/div><\/div><\/div><\/div>\n<\/section>","protected":false},"excerpt":{"rendered":"[rev_slider slidertitle=\"d\u00e9m\u00e9nager au maroc\" alias=\"dmnager-au-maroc\"] D\u00e9m\u00e9nager Au Maroc Moins Cher ! Si vous envisagez de [...]","protected":false},"author":1,"featured_media":0,"parent":7836,"menu_order":0,"comment_status":"closed","ping_status":"closed","template":"","meta":{"footnotes":""},"yoast_head":"<!-- This site is optimized with the Yoast SEO plugin v22.8 - https:\/\/yoast.com\/wordpress\/plugins\/seo\/ -->\n<title>D\u00e9m\u00e9nager Au Maroc | Tarifs | T\u00e9l +212663232300<\/title>\n<meta name=\"description\" content=\"Vous allez bient\u00f4t d\u00e9m\u00e9nager au Maroc et vous ne savez pas comment faire ? Retrouvez ce qu&#039;il faut savoir sur le d\u00e9m\u00e9nagement au Maroc !\" \/>\n<meta name=\"robots\" content=\"index, follow, max-snippet:-1, max-image-preview:large, max-video-preview:-1\" \/>\n<link rel=\"canonical\" href=\"https:\/\/ptrans.fr\/fr_fr\/maroc-demenagement\/demenager-au-maroc\/\" \/>\n<meta property=\"og:locale\" content=\"fr_FR\" \/>\n<meta property=\"og:type\" content=\"article\" \/>\n<meta property=\"og:title\" content=\"D\u00e9m\u00e9nager Au Maroc | Tarifs | T\u00e9l +212663232300\" \/>\n<meta property=\"og:description\" content=\"Vous allez bient\u00f4t d\u00e9m\u00e9nager au Maroc et vous ne savez pas comment faire ? Retrouvez ce qu&#039;il faut savoir sur le d\u00e9m\u00e9nagement au Maroc !\" \/>\n<meta property=\"og:url\" content=\"https:\/\/ptrans.fr\/fr_fr\/maroc-demenagement\/demenager-au-maroc\/\" \/>\n<meta property=\"og:site_name\" content=\"Ptrans Soci\u00e9t\u00e9 De Transport &amp; D\u00e9m\u00e9nagements International Entre Le Maroc Et Le Reste Du Monde\" \/>\n<meta property=\"article:publisher\" content=\"https:\/\/www.facebook.com\/PlogisticsEurope\" \/>\n<meta property=\"article:modified_time\" content=\"2022-09-14T11:59:47+00:00\" \/>\n<meta property=\"og:image\" content=\"https:\/\/ptrans.fr\/wp-content\/uploads\/2022\/09\/societe-demenagement-international-oujda.jpg\" \/>\n\t<meta property=\"og:image:width\" content=\"1160\" \/>\n\t<meta property=\"og:image:height\" content=\"870\" \/>\n\t<meta property=\"og:image:type\" content=\"image\/jpeg\" \/>\n<meta name=\"twitter:label1\" content=\"Dur\u00e9e de lecture estim\u00e9e\" \/>\n\t<meta name=\"twitter:data1\" content=\"2 minutes\" \/>\n<script type=\"application\/ld+json\" class=\"yoast-schema-graph\">{\"@context\":\"https:\/\/schema.org\",\"@graph\":[{\"@type\":\"Article\",\"@id\":\"https:\/\/ptrans.fr\/maroc-demenagement\/demenager-au-maroc\/#article\",\"isPartOf\":{\"@id\":\"https:\/\/ptrans.fr\/maroc-demenagement\/demenager-au-maroc\/\"},\"author\":{\"name\":\"admin\",\"@id\":\"https:\/\/ptrans.fr\/#\/schema\/person\/3a50d5b251b4df119e3598a32b8ce67c\"},\"headline\":\"Tarifs D\u00e9m\u00e9nager Au Maroc | T\u00e9l : +212663 23 23 00\",\"datePublished\":\"2022-08-15T00:47:41+00:00\",\"dateModified\":\"2022-09-14T11:59:47+00:00\",\"mainEntityOfPage\":{\"@id\":\"https:\/\/ptrans.fr\/maroc-demenagement\/demenager-au-maroc\/\"},\"wordCount\":366,\"publisher\":{\"@id\":\"https:\/\/ptrans.fr\/#organization\"},\"inLanguage\":\"fr-FR\"},{\"@type\":\"WebPage\",\"@id\":\"https:\/\/ptrans.fr\/maroc-demenagement\/demenager-au-maroc\/\",\"url\":\"https:\/\/ptrans.fr\/maroc-demenagement\/demenager-au-maroc\/\",\"name\":\"D\u00e9m\u00e9nager Au Maroc | Tarifs | T\u00e9l +212663232300\",\"isPartOf\":{\"@id\":\"https:\/\/ptrans.fr\/#website\"},\"datePublished\":\"2022-08-15T00:47:41+00:00\",\"dateModified\":\"2022-09-14T11:59:47+00:00\",\"description\":\"Vous allez bient\u00f4t d\u00e9m\u00e9nager au Maroc et vous ne savez pas comment faire ? Retrouvez ce qu'il faut savoir sur le d\u00e9m\u00e9nagement au Maroc !\",\"breadcrumb\":{\"@id\":\"https:\/\/ptrans.fr\/maroc-demenagement\/demenager-au-maroc\/#breadcrumb\"},\"inLanguage\":\"fr-FR\",\"potentialAction\":[{\"@type\":\"ReadAction\",\"target\":[\"https:\/\/ptrans.fr\/maroc-demenagement\/demenager-au-maroc\/\"]}]},{\"@type\":\"BreadcrumbList\",\"@id\":\"https:\/\/ptrans.fr\/maroc-demenagement\/demenager-au-maroc\/#breadcrumb\",\"itemListElement\":[{\"@type\":\"ListItem\",\"position\":1,\"name\":\"maroc d\u00e9m\u00e9nagement\",\"item\":\"https:\/\/ptrans.fr\/maroc-demenagement\/\"},{\"@type\":\"ListItem\",\"position\":2,\"name\":\"Tarifs D\u00e9m\u00e9nager Au Maroc | T\u00e9l : +212663 23 23 00\"}]},{\"@type\":\"WebSite\",\"@id\":\"https:\/\/ptrans.fr\/#website\",\"url\":\"https:\/\/ptrans.fr\/\",\"name\":\"Ptrans Soci\u00e9t\u00e9 De Transport Et D\u00e9m\u00e9nagement International Maroc\",\"description\":\"Ptrans Votre Transporteur &amp; D\u00e9m\u00e9nageur Vers Le Maroc\",\"publisher\":{\"@id\":\"https:\/\/ptrans.fr\/#organization\"},\"alternateName\":\"Ptrans\",\"potentialAction\":[{\"@type\":\"SearchAction\",\"target\":{\"@type\":\"EntryPoint\",\"urlTemplate\":\"https:\/\/ptrans.fr\/?s={search_term_string}\"},\"query-input\":\"required name=search_term_string\"}],\"inLanguage\":\"fr-FR\"},{\"@type\":\"Organization\",\"@id\":\"https:\/\/ptrans.fr\/#organization\",\"name\":\"Ptrans Soci\u00e9t\u00e9 De Transport Et D\u00e9m\u00e9nagements International Entre Le Maroc Et Le Reste Du Monde\",\"url\":\"https:\/\/ptrans.fr\/\",\"logo\":{\"@type\":\"ImageObject\",\"inLanguage\":\"fr-FR\",\"@id\":\"https:\/\/ptrans.fr\/#\/schema\/logo\/image\/\",\"url\":\"http:\/\/ptrans.fr\/wp-content\/uploads\/2022\/08\/P.trans-logi_Plan-de-travail-1.png\",\"contentUrl\":\"http:\/\/ptrans.fr\/wp-content\/uploads\/2022\/08\/P.trans-logi_Plan-de-travail-1.png\",\"width\":2481,\"height\":1076,\"caption\":\"Ptrans Soci\u00e9t\u00e9 De Transport Et D\u00e9m\u00e9nagements International Entre Le Maroc Et Le Reste Du Monde\"},\"image\":{\"@id\":\"https:\/\/ptrans.fr\/#\/schema\/logo\/image\/\"},\"sameAs\":[\"https:\/\/www.facebook.com\/PlogisticsEurope\"]},{\"@type\":\"Person\",\"@id\":\"https:\/\/ptrans.fr\/#\/schema\/person\/3a50d5b251b4df119e3598a32b8ce67c\",\"name\":\"admin\",\"image\":{\"@type\":\"ImageObject\",\"inLanguage\":\"fr-FR\",\"@id\":\"https:\/\/ptrans.fr\/#\/schema\/person\/image\/\",\"url\":\"https:\/\/secure.gravatar.com\/avatar\/f1ed11851bb8c89ef1f06d655ba0bd00?s=96&d=mm&r=g\",\"contentUrl\":\"https:\/\/secure.gravatar.com\/avatar\/f1ed11851bb8c89ef1f06d655ba0bd00?s=96&d=mm&r=g\",\"caption\":\"admin\"},\"url\":\"https:\/\/ptrans.fr\/fr_fr\/author\/admin\/\"}]}<\/script>\n<!-- \/ Yoast SEO plugin. -->","yoast_head_json":{"title":"D\u00e9m\u00e9nager Au Maroc | Tarifs | T\u00e9l +212663232300","description":"Vous allez bient\u00f4t d\u00e9m\u00e9nager au Maroc et vous ne savez pas comment faire ? Retrouvez ce qu'il faut savoir sur le d\u00e9m\u00e9nagement au Maroc !","robots":{"index":"index","follow":"follow","max-snippet":"max-snippet:-1","max-image-preview":"max-image-preview:large","max-video-preview":"max-video-preview:-1"},"canonical":"https:\/\/ptrans.fr\/fr_fr\/maroc-demenagement\/demenager-au-maroc\/","og_locale":"fr_FR","og_type":"article","og_title":"D\u00e9m\u00e9nager Au Maroc | Tarifs | T\u00e9l +212663232300","og_description":"Vous allez bient\u00f4t d\u00e9m\u00e9nager au Maroc et vous ne savez pas comment faire ? Retrouvez ce qu'il faut savoir sur le d\u00e9m\u00e9nagement au Maroc !","og_url":"https:\/\/ptrans.fr\/fr_fr\/maroc-demenagement\/demenager-au-maroc\/","og_site_name":"Ptrans Soci\u00e9t\u00e9 De Transport &amp; D\u00e9m\u00e9nagements International Entre Le Maroc Et Le Reste Du Monde","article_publisher":"https:\/\/www.facebook.com\/PlogisticsEurope","article_modified_time":"2022-09-14T11:59:47+00:00","og_image":[{"width":1160,"height":870,"url":"https:\/\/ptrans.fr\/wp-content\/uploads\/2022\/09\/societe-demenagement-international-oujda.jpg","type":"image\/jpeg"}],"twitter_misc":{"Dur\u00e9e de lecture estim\u00e9e":"2 minutes"},"schema":{"@context":"https:\/\/schema.org","@graph":[{"@type":"Article","@id":"https:\/\/ptrans.fr\/maroc-demenagement\/demenager-au-maroc\/#article","isPartOf":{"@id":"https:\/\/ptrans.fr\/maroc-demenagement\/demenager-au-maroc\/"},"author":{"name":"admin","@id":"https:\/\/ptrans.fr\/#\/schema\/person\/3a50d5b251b4df119e3598a32b8ce67c"},"headline":"Tarifs D\u00e9m\u00e9nager Au Maroc | T\u00e9l : +212663 23 23 00","datePublished":"2022-08-15T00:47:41+00:00","dateModified":"2022-09-14T11:59:47+00:00","mainEntityOfPage":{"@id":"https:\/\/ptrans.fr\/maroc-demenagement\/demenager-au-maroc\/"},"wordCount":366,"publisher":{"@id":"https:\/\/ptrans.fr\/#organization"},"inLanguage":"fr-FR"},{"@type":"WebPage","@id":"https:\/\/ptrans.fr\/maroc-demenagement\/demenager-au-maroc\/","url":"https:\/\/ptrans.fr\/maroc-demenagement\/demenager-au-maroc\/","name":"D\u00e9m\u00e9nager Au Maroc | Tarifs | T\u00e9l +212663232300","isPartOf":{"@id":"https:\/\/ptrans.fr\/#website"},"datePublished":"2022-08-15T00:47:41+00:00","dateModified":"2022-09-14T11:59:47+00:00","description":"Vous allez bient\u00f4t d\u00e9m\u00e9nager au Maroc et vous ne savez pas comment faire ? Retrouvez ce qu'il faut savoir sur le d\u00e9m\u00e9nagement au Maroc !","breadcrumb":{"@id":"https:\/\/ptrans.fr\/maroc-demenagement\/demenager-au-maroc\/#breadcrumb"},"inLanguage":"fr-FR","potentialAction":[{"@type":"ReadAction","target":["https:\/\/ptrans.fr\/maroc-demenagement\/demenager-au-maroc\/"]}]},{"@type":"BreadcrumbList","@id":"https:\/\/ptrans.fr\/maroc-demenagement\/demenager-au-maroc\/#breadcrumb","itemListElement":[{"@type":"ListItem","position":1,"name":"maroc d\u00e9m\u00e9nagement","item":"https:\/\/ptrans.fr\/maroc-demenagement\/"},{"@type":"ListItem","position":2,"name":"Tarifs D\u00e9m\u00e9nager Au Maroc | T\u00e9l : +212663 23 23 00"}]},{"@type":"WebSite","@id":"https:\/\/ptrans.fr\/#website","url":"https:\/\/ptrans.fr\/","name":"Ptrans Soci\u00e9t\u00e9 De Transport Et D\u00e9m\u00e9nagement International Maroc","description":"Ptrans Votre Transporteur &amp; D\u00e9m\u00e9nageur Vers Le Maroc","publisher":{"@id":"https:\/\/ptrans.fr\/#organization"},"alternateName":"Ptrans","potentialAction":[{"@type":"SearchAction","target":{"@type":"EntryPoint","urlTemplate":"https:\/\/ptrans.fr\/?s={search_term_string}"},"query-input":"required name=search_term_string"}],"inLanguage":"fr-FR"},{"@type":"Organization","@id":"https:\/\/ptrans.fr\/#organization","name":"Ptrans Soci\u00e9t\u00e9 De Transport Et D\u00e9m\u00e9nagements International Entre Le Maroc Et Le Reste Du Monde","url":"https:\/\/ptrans.fr\/","logo":{"@type":"ImageObject","inLanguage":"fr-FR","@id":"https:\/\/ptrans.fr\/#\/schema\/logo\/image\/","url":"http:\/\/ptrans.fr\/wp-content\/uploads\/2022\/08\/P.trans-logi_Plan-de-travail-1.png","contentUrl":"http:\/\/ptrans.fr\/wp-content\/uploads\/2022\/08\/P.trans-logi_Plan-de-travail-1.png","width":2481,"height":1076,"caption":"Ptrans Soci\u00e9t\u00e9 De Transport Et D\u00e9m\u00e9nagements International Entre Le Maroc Et Le Reste Du Monde"},"image":{"@id":"https:\/\/ptrans.fr\/#\/schema\/logo\/image\/"},"sameAs":["https:\/\/www.facebook.com\/PlogisticsEurope"]},{"@type":"Person","@id":"https:\/\/ptrans.fr\/#\/schema\/person\/3a50d5b251b4df119e3598a32b8ce67c","name":"admin","image":{"@type":"ImageObject","inLanguage":"fr-FR","@id":"https:\/\/ptrans.fr\/#\/schema\/person\/image\/","url":"https:\/\/secure.gravatar.com\/avatar\/f1ed11851bb8c89ef1f06d655ba0bd00?s=96&d=mm&r=g","contentUrl":"https:\/\/secure.gravatar.com\/avatar\/f1ed11851bb8c89ef1f06d655ba0bd00?s=96&d=mm&r=g","caption":"admin"},"url":"https:\/\/ptrans.fr\/fr_fr\/author\/admin\/"}]}},"jetpack_sharing_enabled":true,"jetpack_likes_enabled":true,"_links":{"self":[{"href":"https:\/\/ptrans.fr\/fr_fr\/wp-json\/wp\/v2\/pages\/7801"}],"collection":[{"href":"https:\/\/ptrans.fr\/fr_fr\/wp-json\/wp\/v2\/pages"}],"about":[{"href":"https:\/\/ptrans.fr\/fr_fr\/wp-json\/wp\/v2\/types\/page"}],"author":[{"embeddable":true,"href":"https:\/\/ptrans.fr\/fr_fr\/wp-json\/wp\/v2\/users\/1"}],"replies":[{"embeddable":true,"href":"https:\/\/ptrans.fr\/fr_fr\/wp-json\/wp\/v2\/comments?post=7801"}],"version-history":[{"count":0,"href":"https:\/\/ptrans.fr\/fr_fr\/wp-json\/wp\/v2\/pages\/7801\/revisions"}],"up":[{"embeddable":true,"href":"https:\/\/ptrans.fr\/fr_fr\/wp-json\/wp\/v2\/pages\/7836"}],"wp:attachment":[{"href":"https:\/\/ptrans.fr\/fr_fr\/wp-json\/wp\/v2\/media?parent=7801"}],"curies":[{"name":"wp","href":"https:\/\/api.w.org\/{rel}","templated":true}]}}