{"id":7917,"date":"2022-09-04T13:08:05","date_gmt":"2022-09-04T12:08:05","guid":{"rendered":"http:\/\/ptrans.fr\/?page_id=7917"},"modified":"2022-09-21T01:48:09","modified_gmt":"2022-09-21T00:48:09","slug":"societe-de-demenagement-international-rabat-maroc","status":"publish","type":"page","link":"https:\/\/ptrans.fr\/fr_fr\/maroc-demenagement\/societe-de-demenagement-international-rabat-maroc\/","title":{"rendered":"Soci\u00e9t\u00e9 De D\u00e9m\u00e9nagement International Rabat Maroc"},"content":{"rendered":"<section class=\"wpb-content-wrapper\"><div class=\"vc_row wpb_row vc_row-fluid\"><div class=\"wpb_column vc_column_container vc_col-sm-12\"><div class=\"vc_column-inner\"><div class=\"wpb_wrapper\">[rev_slider slidertitle=\u00a0\u00bbsoci\u00e9t\u00e9 d\u00e9m\u00e9nagement international Rabat\u00a0\u00bb alias=\u00a0\u00bbsociete-demenagement-agadir-11&Prime;]<div class=\"vc_empty_space\"   style=\"height: 32px\"><span class=\"vc_empty_space_inner\"><\/span><\/div><h2 style=\"color: #1f7bc1;text-align: center\" class=\"vc_custom_heading\" >Confiez-nous votre d\u00e9m\u00e9nagement \u00e0 Rabat<\/h2><div class=\"vc_empty_space\"   style=\"height: 32px\"><span class=\"vc_empty_space_inner\"><\/span><\/div><\/div><\/div><\/div><\/div><div class=\"vc_row wpb_row vc_row-fluid\"><div class=\"wpb_column vc_column_container vc_col-sm-6\"><div class=\"vc_column-inner\"><div class=\"wpb_wrapper\">\n\t<div class=\"wpb_text_column wpb_content_element \" >\n\t\t<div class=\"wpb_wrapper\">\n\t\t\t<p>ptrans est une soci\u00e9t\u00e9 de d\u00e9m\u00e9nagement international qui dispose d&rsquo;une \u00e9quipe exp\u00e9riment\u00e9e et qualifi\u00e9e pour vous offrir des services de d\u00e9m\u00e9nagement efficaces et s\u00fbrs. Que vous soyez un particulier ou une entreprise, nous vous proposons des solutions sur-mesure pour r\u00e9pondre \u00e0 toutes vos exigences. Contactez-nous d\u00e8s maintenant pour obtenir un devis gratuit!<\/p>\n\n\t\t<\/div>\n\t<\/div>\n<div class=\"vc_btn3-container vc_btn3-center\" ><button class=\"vc_general vc_btn3 vc_btn3-size-lg vc_btn3-shape-rounded vc_btn3-style-modern vc_btn3-color-primary\">Nos Tarifs En Ligne<\/button><\/div><div class=\"vc_empty_space\"   style=\"height: 32px\"><span class=\"vc_empty_space_inner\"><\/span><\/div>\n\t<div class=\"wpb_text_column wpb_content_element \" >\n\t\t<div class=\"wpb_wrapper\">\n\t\t\t<h5><span style=\"color: #333399;\">Combien coute un d\u00e9m\u00e9nagement international depuis ou vers Rabat ?<\/span><\/h5>\n<p>ptrans soci\u00e9t\u00e9 de d\u00e9m\u00e9nagement international vous offre un devis gratuit.<\/p>\n<p>D\u00e9m\u00e9nager \u00e0 l&rsquo;international est souvent une entreprise complexe et stressante, mais ptrans soci\u00e9t\u00e9 de d\u00e9m\u00e9nagement international \u00e0 Rabat saura simplifier les choses pour vous. Nous mettons \u00e0 votre disposition une \u00e9quipe exp\u00e9riment\u00e9e et qualifi\u00e9e pour vous offrir des services de d\u00e9m\u00e9nagement efficaces et s\u00fbrs. Que vous soyez un particulier ou une entreprise, nous vous proposons des solutions sur-mesure pour r\u00e9pondre \u00e0 toutes vos exigences.<\/p>\n<p>Contactez-nous d\u00e8s maintenant pour obtenir un devis gratuit! Nous sommes \u00e0 votre disposition pour toute question concernant votre d\u00e9m\u00e9nagement international depuis ou vers Rabat .<\/p>\n<p>Pour plus d&rsquo;informations, visitez notre site web: ptrans.fr<\/p>\n<p>ou contactez-nous au +212 (0) 6 63 23 23 00.<\/p>\n<p>Nous vous souhaitons un bon d\u00e9m\u00e9nagement!<\/p>\n<h5><span style=\"color: #333399;\"><a href=\"http:\/\/ptrans.fr\/wp-content\/uploads\/2022\/09\/tarifs-demenagement-france-rabat-maroc.jpg\"><img loading=\"lazy\" decoding=\"async\" class=\"aligncenter wp-image-8231 size-full\" src=\"http:\/\/ptrans.fr\/wp-content\/uploads\/2022\/09\/tarifs-demenagement-france-rabat-maroc.jpg\" alt=\"\" width=\"1000\" height=\"666\" srcset=\"https:\/\/ptrans.fr\/wp-content\/uploads\/2022\/09\/tarifs-demenagement-france-rabat-maroc.jpg 1000w, https:\/\/ptrans.fr\/wp-content\/uploads\/2022\/09\/tarifs-demenagement-france-rabat-maroc-300x200.jpg 300w, https:\/\/ptrans.fr\/wp-content\/uploads\/2022\/09\/tarifs-demenagement-france-rabat-maroc-768x511.jpg 768w, https:\/\/ptrans.fr\/wp-content\/uploads\/2022\/09\/tarifs-demenagement-france-rabat-maroc-800x533.jpg 800w\" sizes=\"(max-width: 1000px) 100vw, 1000px\" \/><\/a><\/span><\/h5>\n<h5><span style=\"color: #333399;\">D\u00e9m\u00e9nagement international \u00e0 Rabat<\/span><\/h5>\n<p>ptrans soci\u00e9t\u00e9 de d\u00e9m\u00e9nagement international vous offre un devis gratuit pour votre d\u00e9m\u00e9nagement \u00e0 Rabat. Nous mettons \u00e0 votre disposition une \u00e9quipe exp\u00e9riment\u00e9e et qualifi\u00e9e pour vous offrir des services de d\u00e9m\u00e9nagement efficaces et s\u00fbrs. Que vous soyez un particulier ou une entreprise, nous vous proposons des solutions sur-mesure pour r\u00e9pondre \u00e0 toutes vos exigences.<\/p>\n<p>Contactez-nous d\u00e8s maintenant pour obtenir un devis gratuit! Nous sommes \u00e0 votre disposition pour toute question concernant votre d\u00e9m\u00e9nagement international depuis ou vers Rabat .<\/p>\n<p>Nous vous souhaitons un bon d\u00e9m\u00e9nagement!<\/p>\n<h5><span style=\"color: #333399;\">Les avantages de d\u00e9m\u00e9nager \u00e0 Rabat<\/span><\/h5>\n<p>avec ptrans<\/p>\n<p>&#8211; Un devis gratuit pour votre d\u00e9m\u00e9nagement \u00e0 Rabat<\/p>\n<p>&#8211; Une \u00e9quipe exp\u00e9riment\u00e9e et qualifi\u00e9e pour des services de d\u00e9m\u00e9nagement efficaces et s\u00fbrs<\/p>\n<p>&#8211; Des solutions sur-mesure pour r\u00e9pondre \u00e0 toutes vos exigences<\/p>\n<p>Contactez-nous d\u00e8s maintenant pour obtenir un devis gratuit! Nous sommes \u00e0 votre disposition pour toute question concernant votre d\u00e9m\u00e9nagement international depuis ou vers Rabat .<\/p>\n<p>Nous vous souhaitons un bon d\u00e9m\u00e9nagement!<\/p>\n<h5><span style=\"color: #333399;\">Comment d\u00e9m\u00e9nager \u00e0 Rabat<\/span><\/h5>\n<p>nous proposons le service self-d\u00e9m\u00e9nagement tr\u00e9s demand\u00e9 de plus en plus par nos clients pour leur d\u00e9m\u00e9nagement \u00e0 Rabat.<\/p>\n<p>Le service Self-d\u00e9m\u00e9nagement consiste simplement \u00e0 charger et d\u00e9charger vous m\u00eame votre camion de d\u00e9m\u00e9nagement, nous nous occupons du reste !<\/p>\n<p>Nous mettons donc \u00e0 votre disposition un chauffeur qualifi\u00e9 qui se chargera de conduire le camion jusqu&rsquo;\u00e0 votre lieu de destination. Vous pourrez ainsi voyager avec toute votre famille et profiter pleinement du voyage. De plus, cette formule est la moins ch\u00e8re des services que nous proposons.<\/p>\n<p>Pour plus d&rsquo;informations, visitez notre site web: ptrans.fr ou contactez-nous au +212 (0) 63 23 23 00. Nous vous souhaitons un bon d\u00e9m\u00e9nagement!<\/p>\n\n\t\t<\/div>\n\t<\/div>\n<\/div><\/div><\/div><div class=\"wpb_column vc_column_container vc_col-sm-6\"><div class=\"vc_column-inner\"><div class=\"wpb_wrapper\">\n\t<div class=\"wpb_text_column wpb_content_element \" >\n\t\t<div class=\"wpb_wrapper\">\n\t\t\t<h5><span style=\"color: #333399;\">Que faire avant le d\u00e9m\u00e9nagement \u00e0 Rabat<\/span><\/h5>\n<p>Il y a quelques formalit\u00e9s \u00e0 accomplir avant le d\u00e9m\u00e9nagement. Voici une checkliste des choses \u00e0 faire avant votre d\u00e9part :<\/p>\n<p>&#8211; Inscrivez vos enfants dans une \u00e9cole ou un cr\u00e8che si n\u00e9cessaire.<\/p>\n<p>&#8211; Prenez rendez-vous pour des examens m\u00e9dicaux et dentaires.<\/p>\n<p>&#8211; Transf\u00e9rez ou fermez vos comptes bancaires, abonnements t\u00e9l\u00e9phoniques, etc.<\/p>\n<p>&#8211; Faites opposition sur votre carte de cr\u00e9dit.<\/p>\n<p>&#8211; Exp\u00e9diez vos objets de valeur et documents importants.<\/p>\n<p>&#8211; Pr\u00e9parez vos bagages en fonction du climat de votre nouvelle destination.<\/p>\n<p>&nbsp;<\/p>\n<h5><span style=\"color: #333399;\"><a href=\"http:\/\/ptrans.fr\/wp-content\/uploads\/2022\/09\/demenager-a-rabat-maroc.jpg\"><img loading=\"lazy\" decoding=\"async\" class=\"aligncenter wp-image-8210 size-full\" src=\"http:\/\/ptrans.fr\/wp-content\/uploads\/2022\/09\/demenager-a-rabat-maroc.jpg\" alt=\"\" width=\"610\" height=\"367\" srcset=\"https:\/\/ptrans.fr\/wp-content\/uploads\/2022\/09\/demenager-a-rabat-maroc.jpg 610w, https:\/\/ptrans.fr\/wp-content\/uploads\/2022\/09\/demenager-a-rabat-maroc-300x180.jpg 300w\" sizes=\"(max-width: 610px) 100vw, 610px\" \/><\/a><\/span><\/h5>\n<h5><span style=\"color: #333399;\">Pr\u00e9parer son d\u00e9m\u00e9nagement \u00e0 Rabat<\/span><\/h5>\n<p>Il est important de bien pr\u00e9parer son d\u00e9m\u00e9nagement pour \u00e9viter les mauvaises surprises. Voici quelques conseils :<\/p>\n<p>&#8211; Faites une liste de toutes les choses que vous souhaitez emporter avec vous. Cela vous permettra de faire le tri et de ne pas oublier d&#8217;emporter des objets importants.<\/p>\n<p>&#8211; Pr\u00e9voyez un budget en fonction du nombre d&rsquo;objets que vous souhaitez d\u00e9m\u00e9nager. Le co\u00fbt du d\u00e9m\u00e9nagement peut varier selon le nombre et le type d&rsquo;objets \u00e0 d\u00e9m\u00e9nager.<\/p>\n<p>&#8211; R\u00e9servez votre camion de d\u00e9m\u00e9nagement \u00e0 l&rsquo;avance pour \u00eatre s\u00fbr d&rsquo;avoir un v\u00e9hicule le jour du d\u00e9m\u00e9nagement.<\/p>\n<p>&#8211; Pr\u00e9parez vos bagages en fonction du climat de votre nouvelle destination.<\/p>\n<h5><span style=\"color: #333399;\">Trouver un logement apr\u00e8s son d\u00e9m\u00e9nagement \u00e0 Rabat<\/span><\/h5>\n<p>Une fois que vous avez termin\u00e9 le d\u00e9m\u00e9nagement, il est important de trouver un logement convenable pour vous et votre famille. Voici quelques conseils :<\/p>\n<p>&#8211; Commencez par faire une recherche en ligne pour trouver des annonces de location ou de vente.<\/p>\n<p>&#8211; Contactez des agences immobili\u00e8res pour obtenir plus d&rsquo;informations sur les diff\u00e9rents types de logements disponibles \u00e0 Rabat.<\/p>\n<p>&#8211; Demandez \u00e0 des amis ou \u00e0 la famille s&rsquo;ils connaissent quelqu&rsquo;un qui cherche un colocataire ou un locataire.<\/p>\n<p>&#8211; Si vous avez des difficult\u00e9s \u00e0 trouver un logement, n&rsquo;h\u00e9sitez pas \u00e0 contacter les services sociaux ou les organismes d&rsquo;aide au logement.<\/p>\n<p>vivre \u00e0 Rabat<\/p>\n<p>Rabat est une ville agr\u00e9able \u00e0 vivre. La capitale du Maroc offre de nombreux avantages aux habitants, notamment :<\/p>\n<p>&#8211; Un climat agr\u00e9able toute l&rsquo;ann\u00e9e<\/p>\n<p>&#8211; Un large choix de logements<\/p>\n<p>&#8211; Une multitude d&rsquo;activit\u00e9s et de divertissements<\/p>\n<p>&#8211; Des transports en commun efficaces<\/p>\n<p>Si vous souhaitez d\u00e9m\u00e9nager \u00e0 Rabat, n&rsquo;h\u00e9sitez pas \u00e0 contacter ptrans soci\u00e9t\u00e9 de d\u00e9m\u00e9nagement international. Nous mettons \u00e0 votre disposition toutes les informations dont vous avez besoin pour un d\u00e9m\u00e9nagement r\u00e9ussi.<\/p>\n<p><strong>Liens Utiles :<\/strong><\/p>\n<ul>\n<li><a href=\"https:\/\/www.infostourismemaroc.com\/ville\/rabat-maroc\">D\u00e9couvrir Rabat<\/a><\/li>\n<li><a href=\"http:\/\/ptrans.fr\/estimer-le-prix\/\">Estimer Le Prix Du Transport Directement En Ligne<\/a><\/li>\n<\/ul>\n\n\t\t<\/div>\n\t<\/div>\n<\/div><\/div><\/div><\/div>\n<\/section>","protected":false},"excerpt":{"rendered":"[rev_slider slidertitle=\"soci\u00e9t\u00e9 d\u00e9m\u00e9nagement international Rabat\" alias=\"societe-demenagement-agadir-11\"]Confiez-nous votre d\u00e9m\u00e9nagement \u00e0 Rabat ptrans est une soci\u00e9t\u00e9 de [...]","protected":false},"author":1,"featured_media":0,"parent":7836,"menu_order":0,"comment_status":"closed","ping_status":"closed","template":"","meta":{"footnotes":""},"yoast_head":"<!-- This site is optimized with the Yoast SEO plugin v22.8 - https:\/\/yoast.com\/wordpress\/plugins\/seo\/ -->\n<title>Ptrans | Soci\u00e9t\u00e9 D\u00e9m\u00e9nagement International Rabat<\/title>\n<meta name=\"description\" content=\"Ptrans soci\u00e9t\u00e9 de d\u00e9m\u00e9nagement international entre Rabat et le reste du monde. Contacteznous ! --- @ infos@ptrans.fr \/ T\u00e9l : +212663232300\" \/>\n<meta name=\"robots\" content=\"index, follow, max-snippet:-1, max-image-preview:large, max-video-preview:-1\" \/>\n<link rel=\"canonical\" href=\"https:\/\/ptrans.fr\/fr_fr\/maroc-demenagement\/societe-de-demenagement-international-rabat-maroc\/\" \/>\n<meta property=\"og:locale\" content=\"fr_FR\" \/>\n<meta property=\"og:type\" content=\"article\" \/>\n<meta property=\"og:title\" content=\"Ptrans | Soci\u00e9t\u00e9 D\u00e9m\u00e9nagement International Rabat\" \/>\n<meta property=\"og:description\" content=\"Ptrans soci\u00e9t\u00e9 de d\u00e9m\u00e9nagement international entre Rabat et le reste du monde. Contacteznous ! --- @ infos@ptrans.fr \/ T\u00e9l : +212663232300\" \/>\n<meta property=\"og:url\" content=\"https:\/\/ptrans.fr\/fr_fr\/maroc-demenagement\/societe-de-demenagement-international-rabat-maroc\/\" \/>\n<meta property=\"og:site_name\" content=\"Ptrans Soci\u00e9t\u00e9 De Transport &amp; D\u00e9m\u00e9nagements International Entre Le Maroc Et Le Reste Du Monde\" \/>\n<meta property=\"article:publisher\" content=\"https:\/\/www.facebook.com\/PlogisticsEurope\" \/>\n<meta property=\"article:modified_time\" content=\"2022-09-21T00:48:09+00:00\" \/>\n<meta property=\"og:image\" content=\"http:\/\/ptrans.fr\/wp-content\/uploads\/2022\/09\/tarifs-demenagement-france-rabat-maroc.jpg\" \/>\n<meta name=\"twitter:label1\" content=\"Dur\u00e9e de lecture estim\u00e9e\" \/>\n\t<meta name=\"twitter:data1\" content=\"5 minutes\" \/>\n<script type=\"application\/ld+json\" class=\"yoast-schema-graph\">{\"@context\":\"https:\/\/schema.org\",\"@graph\":[{\"@type\":\"Article\",\"@id\":\"https:\/\/ptrans.fr\/maroc-demenagement\/societe-de-demenagement-international-rabat-maroc\/#article\",\"isPartOf\":{\"@id\":\"https:\/\/ptrans.fr\/maroc-demenagement\/societe-de-demenagement-international-rabat-maroc\/\"},\"author\":{\"name\":\"admin\",\"@id\":\"https:\/\/ptrans.fr\/#\/schema\/person\/3a50d5b251b4df119e3598a32b8ce67c\"},\"headline\":\"Soci\u00e9t\u00e9 De D\u00e9m\u00e9nagement International Rabat Maroc\",\"datePublished\":\"2022-09-04T12:08:05+00:00\",\"dateModified\":\"2022-09-21T00:48:09+00:00\",\"mainEntityOfPage\":{\"@id\":\"https:\/\/ptrans.fr\/maroc-demenagement\/societe-de-demenagement-international-rabat-maroc\/\"},\"wordCount\":1055,\"publisher\":{\"@id\":\"https:\/\/ptrans.fr\/#organization\"},\"image\":{\"@id\":\"https:\/\/ptrans.fr\/maroc-demenagement\/societe-de-demenagement-international-rabat-maroc\/#primaryimage\"},\"thumbnailUrl\":\"http:\/\/ptrans.fr\/wp-content\/uploads\/2022\/09\/tarifs-demenagement-france-rabat-maroc.jpg\",\"inLanguage\":\"fr-FR\"},{\"@type\":\"WebPage\",\"@id\":\"https:\/\/ptrans.fr\/maroc-demenagement\/societe-de-demenagement-international-rabat-maroc\/\",\"url\":\"https:\/\/ptrans.fr\/maroc-demenagement\/societe-de-demenagement-international-rabat-maroc\/\",\"name\":\"Ptrans | Soci\u00e9t\u00e9 D\u00e9m\u00e9nagement International Rabat\",\"isPartOf\":{\"@id\":\"https:\/\/ptrans.fr\/#website\"},\"primaryImageOfPage\":{\"@id\":\"https:\/\/ptrans.fr\/maroc-demenagement\/societe-de-demenagement-international-rabat-maroc\/#primaryimage\"},\"image\":{\"@id\":\"https:\/\/ptrans.fr\/maroc-demenagement\/societe-de-demenagement-international-rabat-maroc\/#primaryimage\"},\"thumbnailUrl\":\"http:\/\/ptrans.fr\/wp-content\/uploads\/2022\/09\/tarifs-demenagement-france-rabat-maroc.jpg\",\"datePublished\":\"2022-09-04T12:08:05+00:00\",\"dateModified\":\"2022-09-21T00:48:09+00:00\",\"description\":\"Ptrans soci\u00e9t\u00e9 de d\u00e9m\u00e9nagement international entre Rabat et le reste du monde. Contacteznous ! --- @ infos@ptrans.fr \/ T\u00e9l : +212663232300\",\"breadcrumb\":{\"@id\":\"https:\/\/ptrans.fr\/maroc-demenagement\/societe-de-demenagement-international-rabat-maroc\/#breadcrumb\"},\"inLanguage\":\"fr-FR\",\"potentialAction\":[{\"@type\":\"ReadAction\",\"target\":[\"https:\/\/ptrans.fr\/maroc-demenagement\/societe-de-demenagement-international-rabat-maroc\/\"]}]},{\"@type\":\"ImageObject\",\"inLanguage\":\"fr-FR\",\"@id\":\"https:\/\/ptrans.fr\/maroc-demenagement\/societe-de-demenagement-international-rabat-maroc\/#primaryimage\",\"url\":\"http:\/\/ptrans.fr\/wp-content\/uploads\/2022\/09\/tarifs-demenagement-france-rabat-maroc.jpg\",\"contentUrl\":\"http:\/\/ptrans.fr\/wp-content\/uploads\/2022\/09\/tarifs-demenagement-france-rabat-maroc.jpg\"},{\"@type\":\"BreadcrumbList\",\"@id\":\"https:\/\/ptrans.fr\/maroc-demenagement\/societe-de-demenagement-international-rabat-maroc\/#breadcrumb\",\"itemListElement\":[{\"@type\":\"ListItem\",\"position\":1,\"name\":\"maroc d\u00e9m\u00e9nagement\",\"item\":\"https:\/\/ptrans.fr\/maroc-demenagement\/\"},{\"@type\":\"ListItem\",\"position\":2,\"name\":\"Soci\u00e9t\u00e9 De D\u00e9m\u00e9nagement International Rabat Maroc\"}]},{\"@type\":\"WebSite\",\"@id\":\"https:\/\/ptrans.fr\/#website\",\"url\":\"https:\/\/ptrans.fr\/\",\"name\":\"Ptrans Soci\u00e9t\u00e9 De Transport Et D\u00e9m\u00e9nagement International Maroc\",\"description\":\"Ptrans Votre Transporteur &amp; D\u00e9m\u00e9nageur Vers Le Maroc\",\"publisher\":{\"@id\":\"https:\/\/ptrans.fr\/#organization\"},\"alternateName\":\"Ptrans\",\"potentialAction\":[{\"@type\":\"SearchAction\",\"target\":{\"@type\":\"EntryPoint\",\"urlTemplate\":\"https:\/\/ptrans.fr\/?s={search_term_string}\"},\"query-input\":\"required name=search_term_string\"}],\"inLanguage\":\"fr-FR\"},{\"@type\":\"Organization\",\"@id\":\"https:\/\/ptrans.fr\/#organization\",\"name\":\"Ptrans Soci\u00e9t\u00e9 De Transport Et D\u00e9m\u00e9nagements International Entre Le Maroc Et Le Reste Du Monde\",\"url\":\"https:\/\/ptrans.fr\/\",\"logo\":{\"@type\":\"ImageObject\",\"inLanguage\":\"fr-FR\",\"@id\":\"https:\/\/ptrans.fr\/#\/schema\/logo\/image\/\",\"url\":\"http:\/\/ptrans.fr\/wp-content\/uploads\/2022\/08\/P.trans-logi_Plan-de-travail-1.png\",\"contentUrl\":\"http:\/\/ptrans.fr\/wp-content\/uploads\/2022\/08\/P.trans-logi_Plan-de-travail-1.png\",\"width\":2481,\"height\":1076,\"caption\":\"Ptrans Soci\u00e9t\u00e9 De Transport Et D\u00e9m\u00e9nagements International Entre Le Maroc Et Le Reste Du Monde\"},\"image\":{\"@id\":\"https:\/\/ptrans.fr\/#\/schema\/logo\/image\/\"},\"sameAs\":[\"https:\/\/www.facebook.com\/PlogisticsEurope\"]},{\"@type\":\"Person\",\"@id\":\"https:\/\/ptrans.fr\/#\/schema\/person\/3a50d5b251b4df119e3598a32b8ce67c\",\"name\":\"admin\",\"image\":{\"@type\":\"ImageObject\",\"inLanguage\":\"fr-FR\",\"@id\":\"https:\/\/ptrans.fr\/#\/schema\/person\/image\/\",\"url\":\"https:\/\/secure.gravatar.com\/avatar\/f1ed11851bb8c89ef1f06d655ba0bd00?s=96&d=mm&r=g\",\"contentUrl\":\"https:\/\/secure.gravatar.com\/avatar\/f1ed11851bb8c89ef1f06d655ba0bd00?s=96&d=mm&r=g\",\"caption\":\"admin\"},\"url\":\"https:\/\/ptrans.fr\/fr_fr\/author\/admin\/\"}]}<\/script>\n<!-- \/ Yoast SEO plugin. -->","yoast_head_json":{"title":"Ptrans | Soci\u00e9t\u00e9 D\u00e9m\u00e9nagement International Rabat","description":"Ptrans soci\u00e9t\u00e9 de d\u00e9m\u00e9nagement international entre Rabat et le reste du monde. Contacteznous ! --- @ infos@ptrans.fr \/ T\u00e9l : +212663232300","robots":{"index":"index","follow":"follow","max-snippet":"max-snippet:-1","max-image-preview":"max-image-preview:large","max-video-preview":"max-video-preview:-1"},"canonical":"https:\/\/ptrans.fr\/fr_fr\/maroc-demenagement\/societe-de-demenagement-international-rabat-maroc\/","og_locale":"fr_FR","og_type":"article","og_title":"Ptrans | Soci\u00e9t\u00e9 D\u00e9m\u00e9nagement International Rabat","og_description":"Ptrans soci\u00e9t\u00e9 de d\u00e9m\u00e9nagement international entre Rabat et le reste du monde. Contacteznous ! --- @ infos@ptrans.fr \/ T\u00e9l : +212663232300","og_url":"https:\/\/ptrans.fr\/fr_fr\/maroc-demenagement\/societe-de-demenagement-international-rabat-maroc\/","og_site_name":"Ptrans Soci\u00e9t\u00e9 De Transport &amp; D\u00e9m\u00e9nagements International Entre Le Maroc Et Le Reste Du Monde","article_publisher":"https:\/\/www.facebook.com\/PlogisticsEurope","article_modified_time":"2022-09-21T00:48:09+00:00","og_image":[{"url":"http:\/\/ptrans.fr\/wp-content\/uploads\/2022\/09\/tarifs-demenagement-france-rabat-maroc.jpg"}],"twitter_misc":{"Dur\u00e9e de lecture estim\u00e9e":"5 minutes"},"schema":{"@context":"https:\/\/schema.org","@graph":[{"@type":"Article","@id":"https:\/\/ptrans.fr\/maroc-demenagement\/societe-de-demenagement-international-rabat-maroc\/#article","isPartOf":{"@id":"https:\/\/ptrans.fr\/maroc-demenagement\/societe-de-demenagement-international-rabat-maroc\/"},"author":{"name":"admin","@id":"https:\/\/ptrans.fr\/#\/schema\/person\/3a50d5b251b4df119e3598a32b8ce67c"},"headline":"Soci\u00e9t\u00e9 De D\u00e9m\u00e9nagement International Rabat Maroc","datePublished":"2022-09-04T12:08:05+00:00","dateModified":"2022-09-21T00:48:09+00:00","mainEntityOfPage":{"@id":"https:\/\/ptrans.fr\/maroc-demenagement\/societe-de-demenagement-international-rabat-maroc\/"},"wordCount":1055,"publisher":{"@id":"https:\/\/ptrans.fr\/#organization"},"image":{"@id":"https:\/\/ptrans.fr\/maroc-demenagement\/societe-de-demenagement-international-rabat-maroc\/#primaryimage"},"thumbnailUrl":"http:\/\/ptrans.fr\/wp-content\/uploads\/2022\/09\/tarifs-demenagement-france-rabat-maroc.jpg","inLanguage":"fr-FR"},{"@type":"WebPage","@id":"https:\/\/ptrans.fr\/maroc-demenagement\/societe-de-demenagement-international-rabat-maroc\/","url":"https:\/\/ptrans.fr\/maroc-demenagement\/societe-de-demenagement-international-rabat-maroc\/","name":"Ptrans | Soci\u00e9t\u00e9 D\u00e9m\u00e9nagement International Rabat","isPartOf":{"@id":"https:\/\/ptrans.fr\/#website"},"primaryImageOfPage":{"@id":"https:\/\/ptrans.fr\/maroc-demenagement\/societe-de-demenagement-international-rabat-maroc\/#primaryimage"},"image":{"@id":"https:\/\/ptrans.fr\/maroc-demenagement\/societe-de-demenagement-international-rabat-maroc\/#primaryimage"},"thumbnailUrl":"http:\/\/ptrans.fr\/wp-content\/uploads\/2022\/09\/tarifs-demenagement-france-rabat-maroc.jpg","datePublished":"2022-09-04T12:08:05+00:00","dateModified":"2022-09-21T00:48:09+00:00","description":"Ptrans soci\u00e9t\u00e9 de d\u00e9m\u00e9nagement international entre Rabat et le reste du monde. Contacteznous ! --- @ infos@ptrans.fr \/ T\u00e9l : +212663232300","breadcrumb":{"@id":"https:\/\/ptrans.fr\/maroc-demenagement\/societe-de-demenagement-international-rabat-maroc\/#breadcrumb"},"inLanguage":"fr-FR","potentialAction":[{"@type":"ReadAction","target":["https:\/\/ptrans.fr\/maroc-demenagement\/societe-de-demenagement-international-rabat-maroc\/"]}]},{"@type":"ImageObject","inLanguage":"fr-FR","@id":"https:\/\/ptrans.fr\/maroc-demenagement\/societe-de-demenagement-international-rabat-maroc\/#primaryimage","url":"http:\/\/ptrans.fr\/wp-content\/uploads\/2022\/09\/tarifs-demenagement-france-rabat-maroc.jpg","contentUrl":"http:\/\/ptrans.fr\/wp-content\/uploads\/2022\/09\/tarifs-demenagement-france-rabat-maroc.jpg"},{"@type":"BreadcrumbList","@id":"https:\/\/ptrans.fr\/maroc-demenagement\/societe-de-demenagement-international-rabat-maroc\/#breadcrumb","itemListElement":[{"@type":"ListItem","position":1,"name":"maroc d\u00e9m\u00e9nagement","item":"https:\/\/ptrans.fr\/maroc-demenagement\/"},{"@type":"ListItem","position":2,"name":"Soci\u00e9t\u00e9 De D\u00e9m\u00e9nagement International Rabat Maroc"}]},{"@type":"WebSite","@id":"https:\/\/ptrans.fr\/#website","url":"https:\/\/ptrans.fr\/","name":"Ptrans Soci\u00e9t\u00e9 De Transport Et D\u00e9m\u00e9nagement International Maroc","description":"Ptrans Votre Transporteur &amp; D\u00e9m\u00e9nageur Vers Le Maroc","publisher":{"@id":"https:\/\/ptrans.fr\/#organization"},"alternateName":"Ptrans","potentialAction":[{"@type":"SearchAction","target":{"@type":"EntryPoint","urlTemplate":"https:\/\/ptrans.fr\/?s={search_term_string}"},"query-input":"required name=search_term_string"}],"inLanguage":"fr-FR"},{"@type":"Organization","@id":"https:\/\/ptrans.fr\/#organization","name":"Ptrans Soci\u00e9t\u00e9 De Transport Et D\u00e9m\u00e9nagements International Entre Le Maroc Et Le Reste Du Monde","url":"https:\/\/ptrans.fr\/","logo":{"@type":"ImageObject","inLanguage":"fr-FR","@id":"https:\/\/ptrans.fr\/#\/schema\/logo\/image\/","url":"http:\/\/ptrans.fr\/wp-content\/uploads\/2022\/08\/P.trans-logi_Plan-de-travail-1.png","contentUrl":"http:\/\/ptrans.fr\/wp-content\/uploads\/2022\/08\/P.trans-logi_Plan-de-travail-1.png","width":2481,"height":1076,"caption":"Ptrans Soci\u00e9t\u00e9 De Transport Et D\u00e9m\u00e9nagements International Entre Le Maroc Et Le Reste Du Monde"},"image":{"@id":"https:\/\/ptrans.fr\/#\/schema\/logo\/image\/"},"sameAs":["https:\/\/www.facebook.com\/PlogisticsEurope"]},{"@type":"Person","@id":"https:\/\/ptrans.fr\/#\/schema\/person\/3a50d5b251b4df119e3598a32b8ce67c","name":"admin","image":{"@type":"ImageObject","inLanguage":"fr-FR","@id":"https:\/\/ptrans.fr\/#\/schema\/person\/image\/","url":"https:\/\/secure.gravatar.com\/avatar\/f1ed11851bb8c89ef1f06d655ba0bd00?s=96&d=mm&r=g","contentUrl":"https:\/\/secure.gravatar.com\/avatar\/f1ed11851bb8c89ef1f06d655ba0bd00?s=96&d=mm&r=g","caption":"admin"},"url":"https:\/\/ptrans.fr\/fr_fr\/author\/admin\/"}]}},"jetpack_sharing_enabled":true,"jetpack_likes_enabled":true,"_links":{"self":[{"href":"https:\/\/ptrans.fr\/fr_fr\/wp-json\/wp\/v2\/pages\/7917"}],"collection":[{"href":"https:\/\/ptrans.fr\/fr_fr\/wp-json\/wp\/v2\/pages"}],"about":[{"href":"https:\/\/ptrans.fr\/fr_fr\/wp-json\/wp\/v2\/types\/page"}],"author":[{"embeddable":true,"href":"https:\/\/ptrans.fr\/fr_fr\/wp-json\/wp\/v2\/users\/1"}],"replies":[{"embeddable":true,"href":"https:\/\/ptrans.fr\/fr_fr\/wp-json\/wp\/v2\/comments?post=7917"}],"version-history":[{"count":0,"href":"https:\/\/ptrans.fr\/fr_fr\/wp-json\/wp\/v2\/pages\/7917\/revisions"}],"up":[{"embeddable":true,"href":"https:\/\/ptrans.fr\/fr_fr\/wp-json\/wp\/v2\/pages\/7836"}],"wp:attachment":[{"href":"https:\/\/ptrans.fr\/fr_fr\/wp-json\/wp\/v2\/media?parent=7917"}],"curies":[{"name":"wp","href":"https:\/\/api.w.org\/{rel}","templated":true}]}}