{"id":7923,"date":"2022-09-04T13:09:59","date_gmt":"2022-09-04T12:09:59","guid":{"rendered":"http:\/\/ptrans.fr\/?page_id=7923"},"modified":"2022-09-20T01:09:52","modified_gmt":"2022-09-20T00:09:52","slug":"societe-de-demenagement-international-marrakech-maroc","status":"publish","type":"page","link":"https:\/\/ptrans.fr\/fr_fr\/maroc-demenagement\/societe-de-demenagement-international-marrakech-maroc\/","title":{"rendered":"Soci\u00e9t\u00e9 De D\u00e9m\u00e9nagement International Marrakech Maroc"},"content":{"rendered":"<section class=\"wpb-content-wrapper\"><div class=\"vc_row wpb_row vc_row-fluid\"><div class=\"wpb_column vc_column_container vc_col-sm-12\"><div class=\"vc_column-inner\"><div class=\"wpb_wrapper\">[rev_slider slidertitle=\u00a0\u00bbsoci\u00e9t\u00e9 d\u00e9m\u00e9nagement international Marrakech\u00a0\u00bb alias=\u00a0\u00bbsociete-demenagement-casablanca-1&Prime;]<div class=\"vc_empty_space\"   style=\"height: 20px\"><span class=\"vc_empty_space_inner\"><\/span><\/div><header class=\"kd-section-title col-lg-12 text-center  kd-animated fadeInUp  \" data-animation-delay=400><h5 class=\"separator_off\" style=\"color: #1f75c1;\">Tout Savoir Sur Votre D\u00e9m\u00e9nagement \u00e0 Marrakech<\/h5><\/header>\n\t<div class=\"wpb_text_column wpb_content_element \" >\n\t\t<div class=\"wpb_wrapper\">\n\t\t\t<p>Si vous d\u00e9m\u00e9nagez \u00e0 Marrakech, ou si vous avez besoin de transporter des biens, Ptrans est votre soci\u00e9t\u00e9 de d\u00e9m\u00e9nagement international \u00e0 Marrakech. Et nous offrons des services complets et professionnels pour r\u00e9pondre \u00e0 tous vos besoins en mati\u00e8re de d\u00e9m\u00e9nagement. Que ce soit pour un d\u00e9m\u00e9nagement local ou international, nous avons l&rsquo;expertise et les ressources n\u00e9cessaires pour faire du processus une exp\u00e9rience agr\u00e9able et sans stress.<\/p>\n<p>Contactez-nous d\u00e8s aujourd&rsquo;hui pour en savoir plus sur nos services et comment nous pouvons vous aider \u00e0 d\u00e9m\u00e9nager dans la ville rouge.<\/p>\n\n\t\t<\/div>\n\t<\/div>\n<div class=\"vc_empty_space\"   style=\"height: 32px\"><span class=\"vc_empty_space_inner\"><\/span><\/div><div class=\"vc_btn3-container vc_btn3-center\" ><a class=\"vc_general vc_btn3 vc_btn3-size-md vc_btn3-shape-rounded vc_btn3-style-modern vc_btn3-color-primary\" href=\"http:\/\/ptrans.fr\/estimer-le-prix\/\" title=\"Consulter Nos Tarifs En Ligne\">Consulter Nos Tarifs En Ligne<\/a><\/div><div class=\"vc_empty_space\"   style=\"height: 32px\"><span class=\"vc_empty_space_inner\"><\/span><\/div><\/div><\/div><\/div><\/div><div class=\"vc_row wpb_row vc_row-fluid\"><div class=\"wpb_column vc_column_container vc_col-sm-12\"><div class=\"vc_column-inner\"><div class=\"wpb_wrapper\">\n\t<div class=\"wpb_text_column wpb_content_element \" >\n\t\t<div class=\"wpb_wrapper\">\n\t\t\t<h5><span style=\"color: #333399;\">Pourquoi choisir Ptrans soci\u00e9t\u00e9 d\u00e9m\u00e9nagement international marrakech ?<\/span><\/h5>\n<p>Nous avons plusieurs ann\u00e9es d&rsquo;exp\u00e9rience dans le d\u00e9m\u00e9nagement international et nous savons ce qui est important pour nos clients. La satisfaction de nos clients est notre priorit\u00e9 absolue et nous ferons tout notre possible pour que votre d\u00e9m\u00e9nagement se passe bien.<\/p>\n<p>Nous mettons \u00e0 votre disposition une \u00e9quipe qualifi\u00e9e et professionnelle pour r\u00e9aliser votre d\u00e9m\u00e9nagement en toute s\u00e9curit\u00e9. Nos \u00e9quipes sont exp\u00e9riment\u00e9es et sauront comment g\u00e9rer toutes les situations possibles. De plus, nous disposons d&rsquo;un large r\u00e9seau de partenaires internationaux pour vous aider \u00e0 d\u00e9m\u00e9nager dans le monde entier.<\/p>\n<p>En choisissant Ptrans, vous b\u00e9n\u00e9ficierez d&rsquo;un service de qualit\u00e9 et personnalis\u00e9. Nous serons \u00e0 votre disposition tout au long du processus de d\u00e9m\u00e9nagement et nous ferons tout notre possible pour que votre exp\u00e9rience soit la meilleure possible. Contactez-nous d\u00e8s maintenant pour en savoir plus! Soci\u00e9t\u00e9 d\u00e9m\u00e9nagement international marrakech .Ptrans est une soci\u00e9t\u00e9 sp\u00e9cialis\u00e9e dans le d\u00e9m\u00e9nagement international \u00e0 Marrakech. Nous mettons \u00e0 votre disposition une \u00e9quipe exp\u00e9riment\u00e9e et professionnelle pour r\u00e9aliser votre d\u00e9m\u00e9nagement en toute s\u00e9curit\u00e9. Soci\u00e9t\u00e9 d\u00e9m\u00e9nagement international marrakech .Ptrans est une soci\u00e9t\u00e9 sp\u00e9cialis\u00e9e dans le d\u00e9m\u00e9nagement international \u00e0 Marrakech. Nous mettons \u00e0 votre disposition une \u00e9quipe exp\u00e9riment\u00e9e et professionnelle pour r\u00e9aliser votre d\u00e9m\u00e9nagement en toute s\u00e9curit\u00e9.<\/p>\n<h5><span style=\"color: #333399;\">Combien co\u00fbte un d\u00e9m\u00e9nagement international vers Marrakech Maroc ?<\/span><\/h5>\n<p>Le co\u00fbt d&rsquo;un d\u00e9m\u00e9nagement international vers Marrakech d\u00e9pendra de plusieurs facteurs, notamment la taille de votre maison, le nombre d&rsquo;effets personnels que vous avez \u00e0 d\u00e9m\u00e9nager, et aussi la distance entre vos adresses. En plus notre \u00e9quipe vous aider \u00e0 obtenir un devis personnalis\u00e9 en fonction de vos besoins sp\u00e9cifiques.<\/p>\n<p>D&rsquo;ailleurs, Ptrans peut \u00e9galement offrir des forfaits de d\u00e9m\u00e9nagement tout compris, qui incluent l&#8217;emballage et le chargement de vos effets personnels, le transport jusqu&rsquo;\u00e0 votre nouvelle maison \u00e0 Marrakech.<\/p>\n<p>&nbsp;<\/p>\n<h5><span style=\"color: #333399;\">Quelles sont les \u00e9tapes d&rsquo;un d\u00e9m\u00e9nagement international ?<\/span><\/h5>\n<p>En conclusion,d\u00e9m\u00e9nager \u00e0 l&rsquo;international peut \u00eatre un processus long et compliqu\u00e9, mais nous sommes l\u00e0 pour vous aider \u00e0 chaque \u00e9tape du processus.<\/p>\n<p>Voici les \u00e9tapes que nous suivrons pour d\u00e9m\u00e9nager votre maison \u00e0 Marrakech :<\/p>\n<p>&#8211; Pr\u00e9parer les documents n\u00e9cessaires pour le d\u00e9m\u00e9nagement<\/p>\n<p>&#8211; Emballer vos effets personnels et les charger dans le camion<\/p>\n<p>&#8211; Transporter vos effets personnels jusqu&rsquo;\u00e0 votre nouvelle maison \u00e0 Marrakech<\/p>\n<p>&#8211; Installer vos meubles et appareils dans votre nouvelle maison<\/p>\n<p>Nous sommes exp\u00e9riment\u00e9s dans le d\u00e9m\u00e9nagement international, et nous pouvons vous aider \u00e0 chaque \u00e9tape du processus.<br \/>\nContactez-nous d\u00e8s aujourd&rsquo;hui pour en savoir plus sur nos services de d\u00e9m\u00e9nagement international.<\/p>\n<p><strong>Liens Utiles :<\/strong><\/p>\n<p><a href=\"https:\/\/www.douane.gov.ma\/c\/journal\/view_article_content?groupId=16&amp;articleId=51941&amp;version=1.0&amp;iframe=true&amp;width=900&amp;height=550#:~:text=1)%20Accomplissement%20des%20formalit%C3%A9s%20douani%C3%A8res,d%C3%A9claration%20en%20d%C3%A9tail%20(DUM).\">Documents \u00e0 fournir pour la douane marocaine<\/a><\/p>\n<p><a href=\"http:\/\/ptrans.fr\/estimer-le-prix\/\">Consulter nos tarifs de d\u00e9m\u00e9nagement<\/a><\/p>\n\n\t\t<\/div>\n\t<\/div>\n<\/div><\/div><\/div><\/div><div class=\"vc_row wpb_row vc_row-fluid\"><div class=\"wpb_column vc_column_container vc_col-sm-12\"><div class=\"vc_column-inner\"><div class=\"wpb_wrapper\">\n\t<div class=\"wpb_text_column wpb_content_element \" >\n\t\t<div class=\"wpb_wrapper\">\n\t\t\t\n\t\t<\/div>\n\t<\/div>\n<\/div><\/div><\/div><\/div>\n<\/section>","protected":false},"excerpt":{"rendered":"[rev_slider slidertitle=\"soci\u00e9t\u00e9 d\u00e9m\u00e9nagement international Marrakech\" alias=\"societe-demenagement-casablanca-1\"]Tout Savoir Sur Votre D\u00e9m\u00e9nagement \u00e0 Marrakech Si vous d\u00e9m\u00e9nagez [...]","protected":false},"author":1,"featured_media":0,"parent":7836,"menu_order":0,"comment_status":"closed","ping_status":"closed","template":"","meta":{"footnotes":""},"yoast_head":"<!-- This site is optimized with the Yoast SEO plugin v22.8 - https:\/\/yoast.com\/wordpress\/plugins\/seo\/ -->\n<title>Ptrans | Soci\u00e9t\u00e9 D\u00e9m\u00e9nagement International Marrakech<\/title>\n<meta name=\"description\" content=\"Besoin d&#039;une soci\u00e9t\u00e9 de d\u00e9m\u00e9nagement international \u00e0 Marrakech ? Retrouvez tous les services de ptrans pour un d\u00e9m\u00e9nagement r\u00e9ussi !\" \/>\n<meta name=\"robots\" content=\"index, follow, max-snippet:-1, max-image-preview:large, max-video-preview:-1\" \/>\n<link rel=\"canonical\" href=\"https:\/\/ptrans.fr\/fr_fr\/maroc-demenagement\/societe-de-demenagement-international-marrakech-maroc\/\" \/>\n<meta property=\"og:locale\" content=\"fr_FR\" \/>\n<meta property=\"og:type\" content=\"article\" \/>\n<meta property=\"og:title\" content=\"Ptrans | Soci\u00e9t\u00e9 D\u00e9m\u00e9nagement International Marrakech\" \/>\n<meta property=\"og:description\" content=\"Besoin d&#039;une soci\u00e9t\u00e9 de d\u00e9m\u00e9nagement international \u00e0 Marrakech ? Retrouvez tous les services de ptrans pour un d\u00e9m\u00e9nagement r\u00e9ussi !\" \/>\n<meta property=\"og:url\" content=\"https:\/\/ptrans.fr\/fr_fr\/maroc-demenagement\/societe-de-demenagement-international-marrakech-maroc\/\" \/>\n<meta property=\"og:site_name\" content=\"Ptrans Soci\u00e9t\u00e9 De Transport &amp; D\u00e9m\u00e9nagements International Entre Le Maroc Et Le Reste Du Monde\" \/>\n<meta property=\"article:publisher\" content=\"https:\/\/www.facebook.com\/PlogisticsEurope\" \/>\n<meta property=\"article:modified_time\" content=\"2022-09-20T00:09:52+00:00\" \/>\n<meta property=\"og:image\" content=\"https:\/\/ptrans.fr\/wp-content\/uploads\/2022\/09\/societe-demenagement-international-oujda.jpg\" \/>\n\t<meta property=\"og:image:width\" content=\"1160\" \/>\n\t<meta property=\"og:image:height\" content=\"870\" \/>\n\t<meta property=\"og:image:type\" content=\"image\/jpeg\" \/>\n<meta name=\"twitter:label1\" content=\"Dur\u00e9e de lecture estim\u00e9e\" \/>\n\t<meta name=\"twitter:data1\" content=\"3 minutes\" \/>\n<script type=\"application\/ld+json\" class=\"yoast-schema-graph\">{\"@context\":\"https:\/\/schema.org\",\"@graph\":[{\"@type\":\"Article\",\"@id\":\"https:\/\/ptrans.fr\/maroc-demenagement\/societe-de-demenagement-international-marrakech-maroc\/#article\",\"isPartOf\":{\"@id\":\"https:\/\/ptrans.fr\/maroc-demenagement\/societe-de-demenagement-international-marrakech-maroc\/\"},\"author\":{\"name\":\"admin\",\"@id\":\"https:\/\/ptrans.fr\/#\/schema\/person\/3a50d5b251b4df119e3598a32b8ce67c\"},\"headline\":\"Soci\u00e9t\u00e9 De D\u00e9m\u00e9nagement International Marrakech Maroc\",\"datePublished\":\"2022-09-04T12:09:59+00:00\",\"dateModified\":\"2022-09-20T00:09:52+00:00\",\"mainEntityOfPage\":{\"@id\":\"https:\/\/ptrans.fr\/maroc-demenagement\/societe-de-demenagement-international-marrakech-maroc\/\"},\"wordCount\":738,\"publisher\":{\"@id\":\"https:\/\/ptrans.fr\/#organization\"},\"inLanguage\":\"fr-FR\"},{\"@type\":\"WebPage\",\"@id\":\"https:\/\/ptrans.fr\/maroc-demenagement\/societe-de-demenagement-international-marrakech-maroc\/\",\"url\":\"https:\/\/ptrans.fr\/maroc-demenagement\/societe-de-demenagement-international-marrakech-maroc\/\",\"name\":\"Ptrans | Soci\u00e9t\u00e9 D\u00e9m\u00e9nagement International Marrakech\",\"isPartOf\":{\"@id\":\"https:\/\/ptrans.fr\/#website\"},\"datePublished\":\"2022-09-04T12:09:59+00:00\",\"dateModified\":\"2022-09-20T00:09:52+00:00\",\"description\":\"Besoin d'une soci\u00e9t\u00e9 de d\u00e9m\u00e9nagement international \u00e0 Marrakech ? Retrouvez tous les services de ptrans pour un d\u00e9m\u00e9nagement r\u00e9ussi !\",\"breadcrumb\":{\"@id\":\"https:\/\/ptrans.fr\/maroc-demenagement\/societe-de-demenagement-international-marrakech-maroc\/#breadcrumb\"},\"inLanguage\":\"fr-FR\",\"potentialAction\":[{\"@type\":\"ReadAction\",\"target\":[\"https:\/\/ptrans.fr\/maroc-demenagement\/societe-de-demenagement-international-marrakech-maroc\/\"]}]},{\"@type\":\"BreadcrumbList\",\"@id\":\"https:\/\/ptrans.fr\/maroc-demenagement\/societe-de-demenagement-international-marrakech-maroc\/#breadcrumb\",\"itemListElement\":[{\"@type\":\"ListItem\",\"position\":1,\"name\":\"maroc d\u00e9m\u00e9nagement\",\"item\":\"https:\/\/ptrans.fr\/maroc-demenagement\/\"},{\"@type\":\"ListItem\",\"position\":2,\"name\":\"Soci\u00e9t\u00e9 De D\u00e9m\u00e9nagement International Marrakech Maroc\"}]},{\"@type\":\"WebSite\",\"@id\":\"https:\/\/ptrans.fr\/#website\",\"url\":\"https:\/\/ptrans.fr\/\",\"name\":\"Ptrans Soci\u00e9t\u00e9 De Transport Et D\u00e9m\u00e9nagement International Maroc\",\"description\":\"Ptrans Votre Transporteur &amp; D\u00e9m\u00e9nageur Vers Le Maroc\",\"publisher\":{\"@id\":\"https:\/\/ptrans.fr\/#organization\"},\"alternateName\":\"Ptrans\",\"potentialAction\":[{\"@type\":\"SearchAction\",\"target\":{\"@type\":\"EntryPoint\",\"urlTemplate\":\"https:\/\/ptrans.fr\/?s={search_term_string}\"},\"query-input\":\"required name=search_term_string\"}],\"inLanguage\":\"fr-FR\"},{\"@type\":\"Organization\",\"@id\":\"https:\/\/ptrans.fr\/#organization\",\"name\":\"Ptrans Soci\u00e9t\u00e9 De Transport Et D\u00e9m\u00e9nagements International Entre Le Maroc Et Le Reste Du Monde\",\"url\":\"https:\/\/ptrans.fr\/\",\"logo\":{\"@type\":\"ImageObject\",\"inLanguage\":\"fr-FR\",\"@id\":\"https:\/\/ptrans.fr\/#\/schema\/logo\/image\/\",\"url\":\"http:\/\/ptrans.fr\/wp-content\/uploads\/2022\/08\/P.trans-logi_Plan-de-travail-1.png\",\"contentUrl\":\"http:\/\/ptrans.fr\/wp-content\/uploads\/2022\/08\/P.trans-logi_Plan-de-travail-1.png\",\"width\":2481,\"height\":1076,\"caption\":\"Ptrans Soci\u00e9t\u00e9 De Transport Et D\u00e9m\u00e9nagements International Entre Le Maroc Et Le Reste Du Monde\"},\"image\":{\"@id\":\"https:\/\/ptrans.fr\/#\/schema\/logo\/image\/\"},\"sameAs\":[\"https:\/\/www.facebook.com\/PlogisticsEurope\"]},{\"@type\":\"Person\",\"@id\":\"https:\/\/ptrans.fr\/#\/schema\/person\/3a50d5b251b4df119e3598a32b8ce67c\",\"name\":\"admin\",\"image\":{\"@type\":\"ImageObject\",\"inLanguage\":\"fr-FR\",\"@id\":\"https:\/\/ptrans.fr\/#\/schema\/person\/image\/\",\"url\":\"https:\/\/secure.gravatar.com\/avatar\/f1ed11851bb8c89ef1f06d655ba0bd00?s=96&d=mm&r=g\",\"contentUrl\":\"https:\/\/secure.gravatar.com\/avatar\/f1ed11851bb8c89ef1f06d655ba0bd00?s=96&d=mm&r=g\",\"caption\":\"admin\"},\"url\":\"https:\/\/ptrans.fr\/fr_fr\/author\/admin\/\"}]}<\/script>\n<!-- \/ Yoast SEO plugin. -->","yoast_head_json":{"title":"Ptrans | Soci\u00e9t\u00e9 D\u00e9m\u00e9nagement International Marrakech","description":"Besoin d'une soci\u00e9t\u00e9 de d\u00e9m\u00e9nagement international \u00e0 Marrakech ? Retrouvez tous les services de ptrans pour un d\u00e9m\u00e9nagement r\u00e9ussi !","robots":{"index":"index","follow":"follow","max-snippet":"max-snippet:-1","max-image-preview":"max-image-preview:large","max-video-preview":"max-video-preview:-1"},"canonical":"https:\/\/ptrans.fr\/fr_fr\/maroc-demenagement\/societe-de-demenagement-international-marrakech-maroc\/","og_locale":"fr_FR","og_type":"article","og_title":"Ptrans | Soci\u00e9t\u00e9 D\u00e9m\u00e9nagement International Marrakech","og_description":"Besoin d'une soci\u00e9t\u00e9 de d\u00e9m\u00e9nagement international \u00e0 Marrakech ? Retrouvez tous les services de ptrans pour un d\u00e9m\u00e9nagement r\u00e9ussi !","og_url":"https:\/\/ptrans.fr\/fr_fr\/maroc-demenagement\/societe-de-demenagement-international-marrakech-maroc\/","og_site_name":"Ptrans Soci\u00e9t\u00e9 De Transport &amp; D\u00e9m\u00e9nagements International Entre Le Maroc Et Le Reste Du Monde","article_publisher":"https:\/\/www.facebook.com\/PlogisticsEurope","article_modified_time":"2022-09-20T00:09:52+00:00","og_image":[{"width":1160,"height":870,"url":"https:\/\/ptrans.fr\/wp-content\/uploads\/2022\/09\/societe-demenagement-international-oujda.jpg","type":"image\/jpeg"}],"twitter_misc":{"Dur\u00e9e de lecture estim\u00e9e":"3 minutes"},"schema":{"@context":"https:\/\/schema.org","@graph":[{"@type":"Article","@id":"https:\/\/ptrans.fr\/maroc-demenagement\/societe-de-demenagement-international-marrakech-maroc\/#article","isPartOf":{"@id":"https:\/\/ptrans.fr\/maroc-demenagement\/societe-de-demenagement-international-marrakech-maroc\/"},"author":{"name":"admin","@id":"https:\/\/ptrans.fr\/#\/schema\/person\/3a50d5b251b4df119e3598a32b8ce67c"},"headline":"Soci\u00e9t\u00e9 De D\u00e9m\u00e9nagement International Marrakech Maroc","datePublished":"2022-09-04T12:09:59+00:00","dateModified":"2022-09-20T00:09:52+00:00","mainEntityOfPage":{"@id":"https:\/\/ptrans.fr\/maroc-demenagement\/societe-de-demenagement-international-marrakech-maroc\/"},"wordCount":738,"publisher":{"@id":"https:\/\/ptrans.fr\/#organization"},"inLanguage":"fr-FR"},{"@type":"WebPage","@id":"https:\/\/ptrans.fr\/maroc-demenagement\/societe-de-demenagement-international-marrakech-maroc\/","url":"https:\/\/ptrans.fr\/maroc-demenagement\/societe-de-demenagement-international-marrakech-maroc\/","name":"Ptrans | Soci\u00e9t\u00e9 D\u00e9m\u00e9nagement International Marrakech","isPartOf":{"@id":"https:\/\/ptrans.fr\/#website"},"datePublished":"2022-09-04T12:09:59+00:00","dateModified":"2022-09-20T00:09:52+00:00","description":"Besoin d'une soci\u00e9t\u00e9 de d\u00e9m\u00e9nagement international \u00e0 Marrakech ? Retrouvez tous les services de ptrans pour un d\u00e9m\u00e9nagement r\u00e9ussi !","breadcrumb":{"@id":"https:\/\/ptrans.fr\/maroc-demenagement\/societe-de-demenagement-international-marrakech-maroc\/#breadcrumb"},"inLanguage":"fr-FR","potentialAction":[{"@type":"ReadAction","target":["https:\/\/ptrans.fr\/maroc-demenagement\/societe-de-demenagement-international-marrakech-maroc\/"]}]},{"@type":"BreadcrumbList","@id":"https:\/\/ptrans.fr\/maroc-demenagement\/societe-de-demenagement-international-marrakech-maroc\/#breadcrumb","itemListElement":[{"@type":"ListItem","position":1,"name":"maroc d\u00e9m\u00e9nagement","item":"https:\/\/ptrans.fr\/maroc-demenagement\/"},{"@type":"ListItem","position":2,"name":"Soci\u00e9t\u00e9 De D\u00e9m\u00e9nagement International Marrakech Maroc"}]},{"@type":"WebSite","@id":"https:\/\/ptrans.fr\/#website","url":"https:\/\/ptrans.fr\/","name":"Ptrans Soci\u00e9t\u00e9 De Transport Et D\u00e9m\u00e9nagement International Maroc","description":"Ptrans Votre Transporteur &amp; D\u00e9m\u00e9nageur Vers Le Maroc","publisher":{"@id":"https:\/\/ptrans.fr\/#organization"},"alternateName":"Ptrans","potentialAction":[{"@type":"SearchAction","target":{"@type":"EntryPoint","urlTemplate":"https:\/\/ptrans.fr\/?s={search_term_string}"},"query-input":"required name=search_term_string"}],"inLanguage":"fr-FR"},{"@type":"Organization","@id":"https:\/\/ptrans.fr\/#organization","name":"Ptrans Soci\u00e9t\u00e9 De Transport Et D\u00e9m\u00e9nagements International Entre Le Maroc Et Le Reste Du Monde","url":"https:\/\/ptrans.fr\/","logo":{"@type":"ImageObject","inLanguage":"fr-FR","@id":"https:\/\/ptrans.fr\/#\/schema\/logo\/image\/","url":"http:\/\/ptrans.fr\/wp-content\/uploads\/2022\/08\/P.trans-logi_Plan-de-travail-1.png","contentUrl":"http:\/\/ptrans.fr\/wp-content\/uploads\/2022\/08\/P.trans-logi_Plan-de-travail-1.png","width":2481,"height":1076,"caption":"Ptrans Soci\u00e9t\u00e9 De Transport Et D\u00e9m\u00e9nagements International Entre Le Maroc Et Le Reste Du Monde"},"image":{"@id":"https:\/\/ptrans.fr\/#\/schema\/logo\/image\/"},"sameAs":["https:\/\/www.facebook.com\/PlogisticsEurope"]},{"@type":"Person","@id":"https:\/\/ptrans.fr\/#\/schema\/person\/3a50d5b251b4df119e3598a32b8ce67c","name":"admin","image":{"@type":"ImageObject","inLanguage":"fr-FR","@id":"https:\/\/ptrans.fr\/#\/schema\/person\/image\/","url":"https:\/\/secure.gravatar.com\/avatar\/f1ed11851bb8c89ef1f06d655ba0bd00?s=96&d=mm&r=g","contentUrl":"https:\/\/secure.gravatar.com\/avatar\/f1ed11851bb8c89ef1f06d655ba0bd00?s=96&d=mm&r=g","caption":"admin"},"url":"https:\/\/ptrans.fr\/fr_fr\/author\/admin\/"}]}},"jetpack_sharing_enabled":true,"jetpack_likes_enabled":true,"_links":{"self":[{"href":"https:\/\/ptrans.fr\/fr_fr\/wp-json\/wp\/v2\/pages\/7923"}],"collection":[{"href":"https:\/\/ptrans.fr\/fr_fr\/wp-json\/wp\/v2\/pages"}],"about":[{"href":"https:\/\/ptrans.fr\/fr_fr\/wp-json\/wp\/v2\/types\/page"}],"author":[{"embeddable":true,"href":"https:\/\/ptrans.fr\/fr_fr\/wp-json\/wp\/v2\/users\/1"}],"replies":[{"embeddable":true,"href":"https:\/\/ptrans.fr\/fr_fr\/wp-json\/wp\/v2\/comments?post=7923"}],"version-history":[{"count":0,"href":"https:\/\/ptrans.fr\/fr_fr\/wp-json\/wp\/v2\/pages\/7923\/revisions"}],"up":[{"embeddable":true,"href":"https:\/\/ptrans.fr\/fr_fr\/wp-json\/wp\/v2\/pages\/7836"}],"wp:attachment":[{"href":"https:\/\/ptrans.fr\/fr_fr\/wp-json\/wp\/v2\/media?parent=7923"}],"curies":[{"name":"wp","href":"https:\/\/api.w.org\/{rel}","templated":true}]}}