{"id":7926,"date":"2022-09-04T13:10:51","date_gmt":"2022-09-04T12:10:51","guid":{"rendered":"http:\/\/ptrans.fr\/?page_id=7926"},"modified":"2022-09-21T02:22:51","modified_gmt":"2022-09-21T01:22:51","slug":"societe-de-demenagement-international-tanger-maroc","status":"publish","type":"page","link":"https:\/\/ptrans.fr\/fr_fr\/maroc-demenagement\/societe-de-demenagement-international-tanger-maroc\/","title":{"rendered":"Soci\u00e9t\u00e9 De D\u00e9m\u00e9nagement International Tanger Maroc"},"content":{"rendered":"<section class=\"wpb-content-wrapper\"><div class=\"vc_row wpb_row vc_row-fluid\"><div class=\"wpb_column vc_column_container vc_col-sm-12\"><div class=\"vc_column-inner\"><div class=\"wpb_wrapper\">[rev_slider slidertitle=\u00a0\u00bbsoci\u00e9t\u00e9 d\u00e9m\u00e9nagement international tanger\u00a0\u00bb alias=\u00a0\u00bbsociete-demenagement-el-jadida-maroc-1&Prime;]<\/div><\/div><\/div><\/div><div class=\"vc_row wpb_row vc_row-fluid\"><div class=\"wpb_column vc_column_container vc_col-sm-6\"><div class=\"vc_column-inner\"><div class=\"wpb_wrapper\"><div class=\"vc_empty_space\"   style=\"height: 32px\"><span class=\"vc_empty_space_inner\"><\/span><\/div>\n\t<div class=\"wpb_text_column wpb_content_element \" >\n\t\t<div class=\"wpb_wrapper\">\n\t\t\t<p>ptrans est une soci\u00e9t\u00e9 de d\u00e9m\u00e9nagement international qui propose des services professionnels et efficaces depuis Tanger. Que vous soyez particuliers ou professionnels, nous mettons \u00e0 votre disposition notre savoir-faire pour vous accompagner dans toutes les \u00e9tapes de votre d\u00e9m\u00e9nagement. N&rsquo;h\u00e9sitez pas \u00e0 nous contacter pour en savoir plus sur nos prestations !<\/p>\n\n\t\t<\/div>\n\t<\/div>\n<div class=\"vc_btn3-container vc_btn3-center\" ><a class=\"vc_general vc_btn3 vc_btn3-size-md vc_btn3-shape-rounded vc_btn3-style-modern vc_btn3-color-primary\" href=\"http:\/\/ptrans.fr\/estimer-le-prix\/\" title=\"Estimer le prix\">Nos Tarifs En Ligne<\/a><\/div><div class=\"vc_empty_space\"   style=\"height: 16px\"><span class=\"vc_empty_space_inner\"><\/span><\/div>\n\t<div class=\"wpb_text_column wpb_content_element \" >\n\t\t<div class=\"wpb_wrapper\">\n\t\t\t<h5><span style=\"color: #333399;\">Comment d\u00e9m\u00e9nager \u00e0 Tanger ?<\/span><\/h5>\n<p>Pour d\u00e9m\u00e9nager \u00e0 Tanger, il existe plusieurs solutions. La premi\u00e8re consiste \u00e0 le faire vous-m\u00eame. Cela peut \u00eatre une option int\u00e9ressante si vous avez le temps et les moyens de vous y prendre. Toutefois, il est souvent plus judicieux de faire appel \u00e0 une soci\u00e9t\u00e9 de d\u00e9m\u00e9nagement professionnelle comme ptrans. En effet, nous disposons du personnel qualifi\u00e9 et des \u00e9quipements n\u00e9cessaires pour effectuer votre d\u00e9m\u00e9nagement dans les meilleures conditions possibles.<\/p>\n<p>De plus, nous pouvons vous aider \u00e0 toutes les \u00e9tapes de votre d\u00e9m\u00e9nagement, du transport des meubles et des effets personnels au montage\/d\u00e9montage des meubles. N&rsquo;h\u00e9sitez pas \u00e0 nous contacter pour en savoir plus sur nos services !<\/p>\n<p>&nbsp;<\/p>\n<h5><span style=\"color: #333399;\">Pourquoi choisir ptrans ?<\/span><\/h5>\n<p>&nbsp;<\/p>\n<p>Chez ptrans, soci\u00e9t\u00e9 de d\u00e9m\u00e9nagement international \u00e0 Tanger, nous mettons tout en oeuvre pour que votre d\u00e9m\u00e9nagement se passe dans les meilleures conditions possibles. Voici quelques raisons pour lesquelles vous devriez nous choisir :<\/p>\n<p>&#8211; Notre compagnie a du personnel qualifi\u00e9 et des \u00e9quipements n\u00e9cessaires pour effectuer votre d\u00e9m\u00e9nagement dans les meilleures conditions possibles.<\/p>\n<p>&#8211; Ptrans vous aider \u00e0 toutes les \u00e9tapes de votre d\u00e9m\u00e9nagement, du transport des meubles et des effets personnels au montage\/d\u00e9montage des meubles.<\/p>\n<p>&#8211; Nous proposons un service personnalis\u00e9 afin de mieux r\u00e9pondre \u00e0 vos besoins.<\/p>\n<p>N&rsquo;h\u00e9sitez pas \u00e0 nous contacter pour en savoir plus sur nos services !<\/p>\n<h6>Comment nous contacter ?<\/h6>\n<p>Pour toute demande de renseignement ou de devis, vous pouvez nous contacter au +212 (0) 663232300 ou par email \u00e0 l&rsquo;adresse suivante : infos@ptrans.fr. Nous serons ravis de vous aider dans toutes les \u00e9tapes de votre d\u00e9m\u00e9nagement !<\/p>\n<p><a href=\"http:\/\/ptrans.fr\/wp-content\/uploads\/2022\/09\/societe-demenagement-international-tanger.jpg\"><img loading=\"lazy\" decoding=\"async\" class=\"aligncenter wp-image-8229 size-large\" src=\"http:\/\/ptrans.fr\/wp-content\/uploads\/2022\/09\/societe-demenagement-international-tanger-1024x576.jpg\" alt=\"soci\u00e9t\u00e9 d\u00e9m\u00e9nagement international tanger prix tarifs douane\" width=\"1024\" height=\"576\" srcset=\"https:\/\/ptrans.fr\/wp-content\/uploads\/2022\/09\/societe-demenagement-international-tanger-1024x576.jpg 1024w, https:\/\/ptrans.fr\/wp-content\/uploads\/2022\/09\/societe-demenagement-international-tanger-300x169.jpg 300w, https:\/\/ptrans.fr\/wp-content\/uploads\/2022\/09\/societe-demenagement-international-tanger-768x432.jpg 768w, https:\/\/ptrans.fr\/wp-content\/uploads\/2022\/09\/societe-demenagement-international-tanger-800x450.jpg 800w, https:\/\/ptrans.fr\/wp-content\/uploads\/2022\/09\/societe-demenagement-international-tanger.jpg 1366w\" sizes=\"(max-width: 1024px) 100vw, 1024px\" \/><\/a><\/p>\n\n\t\t<\/div>\n\t<\/div>\n\n\t<div class=\"wpb_text_column wpb_content_element \" >\n\t\t<div class=\"wpb_wrapper\">\n\t\t\t<h5><span style=\"color: #333399;\">Les formalit\u00e9s pour d\u00e9m\u00e9nager \u00e0 Tanger<\/span><\/h5>\n<p>Pour d\u00e9m\u00e9nager \u00e0 Tanger, il y a quelques formalit\u00e9s \u00e0 accomplir. En effet, vous devez vous renseigner aupr\u00e8s de l&rsquo;ambassade ou du consulat de votre pays pour conna\u00eetre les documents n\u00e9cessaires. Vous devrez \u00e9galement demander un visa si vous ne disposez pas d&rsquo;un passeport valide.<\/p>\n<p>Une fois que vous aurez tous les documents n\u00e9cessaires, attestation de changement de r\u00e9sidence, certificat de police, etc., vous devrez les pr\u00e9senter \u00e0 notre d\u00e9partement transit pour que nous puissions effectuer le d\u00e9m\u00e9nagement.<\/p>\n<p>l&rsquo;attestation de changement de r\u00e9sidence permet l&rsquo;exon\u00e9ration des droits de douane pour les meubles et effets personnels.<\/p>\n\n\t\t<\/div>\n\t<\/div>\n<\/div><\/div><\/div><div class=\"wpb_column vc_column_container vc_col-sm-6\"><div class=\"vc_column-inner\"><div class=\"wpb_wrapper\"><div class=\"vc_empty_space\"   style=\"height: 32px\"><span class=\"vc_empty_space_inner\"><\/span><\/div>\n\t<div class=\"wpb_text_column wpb_content_element \" >\n\t\t<div class=\"wpb_wrapper\">\n\t\t\t<h5>Les avantages de d\u00e9m\u00e9nager \u00e0 Tanger<\/h5>\n<p>Tanger est une ville cosmopolite o\u00f9 il fait bon vivre. En effet, la ville offre de nombreux avantages comme :<\/p>\n<p>&#8211; Un climat agr\u00e9able toute l&rsquo;ann\u00e9e<\/p>\n<p>&#8211; La proximit\u00e9 avec l&rsquo;Europe et les Etats-Unis<\/p>\n<p>&#8211; La pr\u00e9sence de nombreuses compagnies a\u00e9riennes qui proposent des vols directs vers les principales villes du monde<\/p>\n<p>&#8211; Un co\u00fbt de la vie inf\u00e9rieur \u00e0 celui des grandes villes europ\u00e9ennes et am\u00e9ricaines.<\/p>\n<p>&nbsp;<\/p>\n<p>Tanger est \u00e9galement une ville tr\u00e8s accueillante o\u00f9 il est facile de se faire des amis. Si vous avez envie de d\u00e9couvrir une nouvelle culture, Tanger est sans doute la ville qu&rsquo;il vous faut !<\/p>\n<p><a href=\"http:\/\/ptrans.fr\/wp-content\/uploads\/2022\/09\/demenagement-international-tanger-tarifs-prix-douane.jpg\"><img loading=\"lazy\" decoding=\"async\" class=\"aligncenter wp-image-8234 size-full\" src=\"http:\/\/ptrans.fr\/wp-content\/uploads\/2022\/09\/demenagement-international-tanger-tarifs-prix-douane.jpg\" alt=\"soci\u00e9t\u00e9 d\u00e9m\u00e9nagement international tanger prix tarifs douane\" width=\"1000\" height=\"667\" srcset=\"https:\/\/ptrans.fr\/wp-content\/uploads\/2022\/09\/demenagement-international-tanger-tarifs-prix-douane.jpg 1000w, https:\/\/ptrans.fr\/wp-content\/uploads\/2022\/09\/demenagement-international-tanger-tarifs-prix-douane-300x200.jpg 300w, https:\/\/ptrans.fr\/wp-content\/uploads\/2022\/09\/demenagement-international-tanger-tarifs-prix-douane-768x512.jpg 768w, https:\/\/ptrans.fr\/wp-content\/uploads\/2022\/09\/demenagement-international-tanger-tarifs-prix-douane-800x534.jpg 800w\" sizes=\"(max-width: 1000px) 100vw, 1000px\" \/><\/a><\/p>\n<h5>La vie \u00e0 Tanger<\/h5>\n<p>Tanger est une ville cosmopolite o\u00f9 il fait bon vivre. En effet, la ville offre de nombreux avantages comme :<\/p>\n<p>&#8211; Un climat agr\u00e9able toute l&rsquo;ann\u00e9e<\/p>\n<p>&#8211; La proximit\u00e9 avec l&rsquo;Europe et les Etats-Unis<\/p>\n<p>&#8211; La pr\u00e9sence de nombreuses compagnies a\u00e9riennes qui proposent des vols directs vers les principales villes du monde.<\/p>\n<p>&nbsp;<\/p>\n<p>De plus, Tanger est une ville tr\u00e8s accueillante o\u00f9 il est facile de se faire des amis. Si vous avez envie de d\u00e9couvrir une nouvelle culture, Tanger est sans doute la ville qu&rsquo;il vous faut !<\/p>\n<p>&nbsp;<\/p>\n<p>Pour toute demande de renseignement ou de devis, n&rsquo;h\u00e9sitez pas \u00e0 nous contacter au +212 (0) 663232300 ou par email \u00e0 l&rsquo;adresse suivante : infos@ptrans.fr. Nous serons ravis de vous aider dans toutes les \u00e9tapes de votre d\u00e9m\u00e9nagement ! soci\u00e9t\u00e9 d\u00e9m\u00e9nagement international tanger plus judicieux faire appel soci\u00e9t\u00e9 d\u00e9m\u00e9nagement<\/p>\n<h5>6. Trouver un logement \u00e0 Tanger<\/h5>\n<p>Trouver un logement \u00e0 Tanger n&rsquo;est pas toujours facile, surtout si vous ne connaissez pas la ville. Il existe de nombreux sites internet qui proposent des annonces de location, mais il est souvent pr\u00e9f\u00e9rable de passer par une soci\u00e9t\u00e9 de d\u00e9m\u00e9nagement qui pourra vous aider dans votre recherche.<\/p>\n<p>Nous pouvons vous mettre en relation avec des soci\u00e9t\u00e9s immobili\u00e8res qui pourront vous trouver le logement id\u00e9al, qu&rsquo;il s&rsquo;agisse d&rsquo;un appartement ou d&rsquo;une maison.<\/p>\n<p><strong>Liens Utiles :<\/strong><\/p>\n<ul>\n<li><a href=\"https:\/\/www.tangeraccueil.org\/-Vivre-a-Tanger-\">D\u00e9couvrir Rabat<\/a><\/li>\n<li><a href=\"http:\/\/ptrans.fr\/estimer-le-prix\/\">Estimer Le Prix Du Transport Directement En Ligne<\/a><\/li>\n<\/ul>\n\n\t\t<\/div>\n\t<\/div>\n<\/div><\/div><\/div><\/div>\n<\/section>","protected":false},"excerpt":{"rendered":"[rev_slider slidertitle=\"soci\u00e9t\u00e9 d\u00e9m\u00e9nagement international tanger\" alias=\"societe-demenagement-el-jadida-maroc-1\"] ptrans est une soci\u00e9t\u00e9 de d\u00e9m\u00e9nagement international qui propose [...]","protected":false},"author":1,"featured_media":0,"parent":7836,"menu_order":0,"comment_status":"closed","ping_status":"closed","template":"","meta":{"footnotes":""},"yoast_head":"<!-- This site is optimized with the Yoast SEO plugin v22.8 - https:\/\/yoast.com\/wordpress\/plugins\/seo\/ -->\n<title>Ptrans | Soci\u00e9t\u00e9 D\u00e9m\u00e9nagement international Tanger<\/title>\n<meta name=\"description\" content=\"Trouver une soci\u00e9t\u00e9 de transports et de d\u00e9m\u00e9nagement \u00e0 tanger pour vos transferts internationaux. infos@ptrans.fr \/ T\u00e9l : +212663232300\" \/>\n<meta name=\"robots\" content=\"index, follow, max-snippet:-1, max-image-preview:large, max-video-preview:-1\" \/>\n<link rel=\"canonical\" href=\"https:\/\/ptrans.fr\/fr_fr\/maroc-demenagement\/societe-de-demenagement-international-tanger-maroc\/\" \/>\n<meta property=\"og:locale\" content=\"fr_FR\" \/>\n<meta property=\"og:type\" content=\"article\" \/>\n<meta property=\"og:title\" content=\"Ptrans | Soci\u00e9t\u00e9 D\u00e9m\u00e9nagement international Tanger\" \/>\n<meta property=\"og:description\" content=\"Trouver une soci\u00e9t\u00e9 de transports et de d\u00e9m\u00e9nagement \u00e0 tanger pour vos transferts internationaux. infos@ptrans.fr \/ T\u00e9l : +212663232300\" \/>\n<meta property=\"og:url\" content=\"https:\/\/ptrans.fr\/fr_fr\/maroc-demenagement\/societe-de-demenagement-international-tanger-maroc\/\" \/>\n<meta property=\"og:site_name\" content=\"Ptrans Soci\u00e9t\u00e9 De Transport &amp; D\u00e9m\u00e9nagements International Entre Le Maroc Et Le Reste Du Monde\" \/>\n<meta property=\"article:publisher\" content=\"https:\/\/www.facebook.com\/PlogisticsEurope\" \/>\n<meta property=\"article:modified_time\" content=\"2022-09-21T01:22:51+00:00\" \/>\n<meta property=\"og:image\" content=\"http:\/\/ptrans.fr\/wp-content\/uploads\/2022\/09\/societe-demenagement-international-tanger-1024x576.jpg\" \/>\n<meta name=\"twitter:label1\" content=\"Dur\u00e9e de lecture estim\u00e9e\" \/>\n\t<meta name=\"twitter:data1\" content=\"5 minutes\" \/>\n<script type=\"application\/ld+json\" class=\"yoast-schema-graph\">{\"@context\":\"https:\/\/schema.org\",\"@graph\":[{\"@type\":\"Article\",\"@id\":\"https:\/\/ptrans.fr\/maroc-demenagement\/societe-de-demenagement-international-tanger-maroc\/#article\",\"isPartOf\":{\"@id\":\"https:\/\/ptrans.fr\/maroc-demenagement\/societe-de-demenagement-international-tanger-maroc\/\"},\"author\":{\"name\":\"admin\",\"@id\":\"https:\/\/ptrans.fr\/#\/schema\/person\/3a50d5b251b4df119e3598a32b8ce67c\"},\"headline\":\"Soci\u00e9t\u00e9 De D\u00e9m\u00e9nagement International Tanger Maroc\",\"datePublished\":\"2022-09-04T12:10:51+00:00\",\"dateModified\":\"2022-09-21T01:22:51+00:00\",\"mainEntityOfPage\":{\"@id\":\"https:\/\/ptrans.fr\/maroc-demenagement\/societe-de-demenagement-international-tanger-maroc\/\"},\"wordCount\":913,\"publisher\":{\"@id\":\"https:\/\/ptrans.fr\/#organization\"},\"image\":{\"@id\":\"https:\/\/ptrans.fr\/maroc-demenagement\/societe-de-demenagement-international-tanger-maroc\/#primaryimage\"},\"thumbnailUrl\":\"http:\/\/ptrans.fr\/wp-content\/uploads\/2022\/09\/societe-demenagement-international-tanger-1024x576.jpg\",\"inLanguage\":\"fr-FR\"},{\"@type\":\"WebPage\",\"@id\":\"https:\/\/ptrans.fr\/maroc-demenagement\/societe-de-demenagement-international-tanger-maroc\/\",\"url\":\"https:\/\/ptrans.fr\/maroc-demenagement\/societe-de-demenagement-international-tanger-maroc\/\",\"name\":\"Ptrans | Soci\u00e9t\u00e9 D\u00e9m\u00e9nagement international Tanger\",\"isPartOf\":{\"@id\":\"https:\/\/ptrans.fr\/#website\"},\"primaryImageOfPage\":{\"@id\":\"https:\/\/ptrans.fr\/maroc-demenagement\/societe-de-demenagement-international-tanger-maroc\/#primaryimage\"},\"image\":{\"@id\":\"https:\/\/ptrans.fr\/maroc-demenagement\/societe-de-demenagement-international-tanger-maroc\/#primaryimage\"},\"thumbnailUrl\":\"http:\/\/ptrans.fr\/wp-content\/uploads\/2022\/09\/societe-demenagement-international-tanger-1024x576.jpg\",\"datePublished\":\"2022-09-04T12:10:51+00:00\",\"dateModified\":\"2022-09-21T01:22:51+00:00\",\"description\":\"Trouver une soci\u00e9t\u00e9 de transports et de d\u00e9m\u00e9nagement \u00e0 tanger pour vos transferts internationaux. infos@ptrans.fr \/ T\u00e9l : +212663232300\",\"breadcrumb\":{\"@id\":\"https:\/\/ptrans.fr\/maroc-demenagement\/societe-de-demenagement-international-tanger-maroc\/#breadcrumb\"},\"inLanguage\":\"fr-FR\",\"potentialAction\":[{\"@type\":\"ReadAction\",\"target\":[\"https:\/\/ptrans.fr\/maroc-demenagement\/societe-de-demenagement-international-tanger-maroc\/\"]}]},{\"@type\":\"ImageObject\",\"inLanguage\":\"fr-FR\",\"@id\":\"https:\/\/ptrans.fr\/maroc-demenagement\/societe-de-demenagement-international-tanger-maroc\/#primaryimage\",\"url\":\"http:\/\/ptrans.fr\/wp-content\/uploads\/2022\/09\/societe-demenagement-international-tanger-1024x576.jpg\",\"contentUrl\":\"http:\/\/ptrans.fr\/wp-content\/uploads\/2022\/09\/societe-demenagement-international-tanger-1024x576.jpg\"},{\"@type\":\"BreadcrumbList\",\"@id\":\"https:\/\/ptrans.fr\/maroc-demenagement\/societe-de-demenagement-international-tanger-maroc\/#breadcrumb\",\"itemListElement\":[{\"@type\":\"ListItem\",\"position\":1,\"name\":\"maroc d\u00e9m\u00e9nagement\",\"item\":\"https:\/\/ptrans.fr\/maroc-demenagement\/\"},{\"@type\":\"ListItem\",\"position\":2,\"name\":\"Soci\u00e9t\u00e9 De D\u00e9m\u00e9nagement International Tanger Maroc\"}]},{\"@type\":\"WebSite\",\"@id\":\"https:\/\/ptrans.fr\/#website\",\"url\":\"https:\/\/ptrans.fr\/\",\"name\":\"Ptrans Soci\u00e9t\u00e9 De Transport Et D\u00e9m\u00e9nagement International Maroc\",\"description\":\"Ptrans Votre Transporteur &amp; D\u00e9m\u00e9nageur Vers Le Maroc\",\"publisher\":{\"@id\":\"https:\/\/ptrans.fr\/#organization\"},\"alternateName\":\"Ptrans\",\"potentialAction\":[{\"@type\":\"SearchAction\",\"target\":{\"@type\":\"EntryPoint\",\"urlTemplate\":\"https:\/\/ptrans.fr\/?s={search_term_string}\"},\"query-input\":\"required name=search_term_string\"}],\"inLanguage\":\"fr-FR\"},{\"@type\":\"Organization\",\"@id\":\"https:\/\/ptrans.fr\/#organization\",\"name\":\"Ptrans Soci\u00e9t\u00e9 De Transport Et D\u00e9m\u00e9nagements International Entre Le Maroc Et Le Reste Du Monde\",\"url\":\"https:\/\/ptrans.fr\/\",\"logo\":{\"@type\":\"ImageObject\",\"inLanguage\":\"fr-FR\",\"@id\":\"https:\/\/ptrans.fr\/#\/schema\/logo\/image\/\",\"url\":\"http:\/\/ptrans.fr\/wp-content\/uploads\/2022\/08\/P.trans-logi_Plan-de-travail-1.png\",\"contentUrl\":\"http:\/\/ptrans.fr\/wp-content\/uploads\/2022\/08\/P.trans-logi_Plan-de-travail-1.png\",\"width\":2481,\"height\":1076,\"caption\":\"Ptrans Soci\u00e9t\u00e9 De Transport Et D\u00e9m\u00e9nagements International Entre Le Maroc Et Le Reste Du Monde\"},\"image\":{\"@id\":\"https:\/\/ptrans.fr\/#\/schema\/logo\/image\/\"},\"sameAs\":[\"https:\/\/www.facebook.com\/PlogisticsEurope\"]},{\"@type\":\"Person\",\"@id\":\"https:\/\/ptrans.fr\/#\/schema\/person\/3a50d5b251b4df119e3598a32b8ce67c\",\"name\":\"admin\",\"image\":{\"@type\":\"ImageObject\",\"inLanguage\":\"fr-FR\",\"@id\":\"https:\/\/ptrans.fr\/#\/schema\/person\/image\/\",\"url\":\"https:\/\/secure.gravatar.com\/avatar\/f1ed11851bb8c89ef1f06d655ba0bd00?s=96&d=mm&r=g\",\"contentUrl\":\"https:\/\/secure.gravatar.com\/avatar\/f1ed11851bb8c89ef1f06d655ba0bd00?s=96&d=mm&r=g\",\"caption\":\"admin\"},\"url\":\"https:\/\/ptrans.fr\/fr_fr\/author\/admin\/\"}]}<\/script>\n<!-- \/ Yoast SEO plugin. -->","yoast_head_json":{"title":"Ptrans | Soci\u00e9t\u00e9 D\u00e9m\u00e9nagement international Tanger","description":"Trouver une soci\u00e9t\u00e9 de transports et de d\u00e9m\u00e9nagement \u00e0 tanger pour vos transferts internationaux. infos@ptrans.fr \/ T\u00e9l : +212663232300","robots":{"index":"index","follow":"follow","max-snippet":"max-snippet:-1","max-image-preview":"max-image-preview:large","max-video-preview":"max-video-preview:-1"},"canonical":"https:\/\/ptrans.fr\/fr_fr\/maroc-demenagement\/societe-de-demenagement-international-tanger-maroc\/","og_locale":"fr_FR","og_type":"article","og_title":"Ptrans | Soci\u00e9t\u00e9 D\u00e9m\u00e9nagement international Tanger","og_description":"Trouver une soci\u00e9t\u00e9 de transports et de d\u00e9m\u00e9nagement \u00e0 tanger pour vos transferts internationaux. infos@ptrans.fr \/ T\u00e9l : +212663232300","og_url":"https:\/\/ptrans.fr\/fr_fr\/maroc-demenagement\/societe-de-demenagement-international-tanger-maroc\/","og_site_name":"Ptrans Soci\u00e9t\u00e9 De Transport &amp; D\u00e9m\u00e9nagements International Entre Le Maroc Et Le Reste Du Monde","article_publisher":"https:\/\/www.facebook.com\/PlogisticsEurope","article_modified_time":"2022-09-21T01:22:51+00:00","og_image":[{"url":"http:\/\/ptrans.fr\/wp-content\/uploads\/2022\/09\/societe-demenagement-international-tanger-1024x576.jpg"}],"twitter_misc":{"Dur\u00e9e de lecture estim\u00e9e":"5 minutes"},"schema":{"@context":"https:\/\/schema.org","@graph":[{"@type":"Article","@id":"https:\/\/ptrans.fr\/maroc-demenagement\/societe-de-demenagement-international-tanger-maroc\/#article","isPartOf":{"@id":"https:\/\/ptrans.fr\/maroc-demenagement\/societe-de-demenagement-international-tanger-maroc\/"},"author":{"name":"admin","@id":"https:\/\/ptrans.fr\/#\/schema\/person\/3a50d5b251b4df119e3598a32b8ce67c"},"headline":"Soci\u00e9t\u00e9 De D\u00e9m\u00e9nagement International Tanger Maroc","datePublished":"2022-09-04T12:10:51+00:00","dateModified":"2022-09-21T01:22:51+00:00","mainEntityOfPage":{"@id":"https:\/\/ptrans.fr\/maroc-demenagement\/societe-de-demenagement-international-tanger-maroc\/"},"wordCount":913,"publisher":{"@id":"https:\/\/ptrans.fr\/#organization"},"image":{"@id":"https:\/\/ptrans.fr\/maroc-demenagement\/societe-de-demenagement-international-tanger-maroc\/#primaryimage"},"thumbnailUrl":"http:\/\/ptrans.fr\/wp-content\/uploads\/2022\/09\/societe-demenagement-international-tanger-1024x576.jpg","inLanguage":"fr-FR"},{"@type":"WebPage","@id":"https:\/\/ptrans.fr\/maroc-demenagement\/societe-de-demenagement-international-tanger-maroc\/","url":"https:\/\/ptrans.fr\/maroc-demenagement\/societe-de-demenagement-international-tanger-maroc\/","name":"Ptrans | Soci\u00e9t\u00e9 D\u00e9m\u00e9nagement international Tanger","isPartOf":{"@id":"https:\/\/ptrans.fr\/#website"},"primaryImageOfPage":{"@id":"https:\/\/ptrans.fr\/maroc-demenagement\/societe-de-demenagement-international-tanger-maroc\/#primaryimage"},"image":{"@id":"https:\/\/ptrans.fr\/maroc-demenagement\/societe-de-demenagement-international-tanger-maroc\/#primaryimage"},"thumbnailUrl":"http:\/\/ptrans.fr\/wp-content\/uploads\/2022\/09\/societe-demenagement-international-tanger-1024x576.jpg","datePublished":"2022-09-04T12:10:51+00:00","dateModified":"2022-09-21T01:22:51+00:00","description":"Trouver une soci\u00e9t\u00e9 de transports et de d\u00e9m\u00e9nagement \u00e0 tanger pour vos transferts internationaux. infos@ptrans.fr \/ T\u00e9l : +212663232300","breadcrumb":{"@id":"https:\/\/ptrans.fr\/maroc-demenagement\/societe-de-demenagement-international-tanger-maroc\/#breadcrumb"},"inLanguage":"fr-FR","potentialAction":[{"@type":"ReadAction","target":["https:\/\/ptrans.fr\/maroc-demenagement\/societe-de-demenagement-international-tanger-maroc\/"]}]},{"@type":"ImageObject","inLanguage":"fr-FR","@id":"https:\/\/ptrans.fr\/maroc-demenagement\/societe-de-demenagement-international-tanger-maroc\/#primaryimage","url":"http:\/\/ptrans.fr\/wp-content\/uploads\/2022\/09\/societe-demenagement-international-tanger-1024x576.jpg","contentUrl":"http:\/\/ptrans.fr\/wp-content\/uploads\/2022\/09\/societe-demenagement-international-tanger-1024x576.jpg"},{"@type":"BreadcrumbList","@id":"https:\/\/ptrans.fr\/maroc-demenagement\/societe-de-demenagement-international-tanger-maroc\/#breadcrumb","itemListElement":[{"@type":"ListItem","position":1,"name":"maroc d\u00e9m\u00e9nagement","item":"https:\/\/ptrans.fr\/maroc-demenagement\/"},{"@type":"ListItem","position":2,"name":"Soci\u00e9t\u00e9 De D\u00e9m\u00e9nagement International Tanger Maroc"}]},{"@type":"WebSite","@id":"https:\/\/ptrans.fr\/#website","url":"https:\/\/ptrans.fr\/","name":"Ptrans Soci\u00e9t\u00e9 De Transport Et D\u00e9m\u00e9nagement International Maroc","description":"Ptrans Votre Transporteur &amp; D\u00e9m\u00e9nageur Vers Le Maroc","publisher":{"@id":"https:\/\/ptrans.fr\/#organization"},"alternateName":"Ptrans","potentialAction":[{"@type":"SearchAction","target":{"@type":"EntryPoint","urlTemplate":"https:\/\/ptrans.fr\/?s={search_term_string}"},"query-input":"required name=search_term_string"}],"inLanguage":"fr-FR"},{"@type":"Organization","@id":"https:\/\/ptrans.fr\/#organization","name":"Ptrans Soci\u00e9t\u00e9 De Transport Et D\u00e9m\u00e9nagements International Entre Le Maroc Et Le Reste Du Monde","url":"https:\/\/ptrans.fr\/","logo":{"@type":"ImageObject","inLanguage":"fr-FR","@id":"https:\/\/ptrans.fr\/#\/schema\/logo\/image\/","url":"http:\/\/ptrans.fr\/wp-content\/uploads\/2022\/08\/P.trans-logi_Plan-de-travail-1.png","contentUrl":"http:\/\/ptrans.fr\/wp-content\/uploads\/2022\/08\/P.trans-logi_Plan-de-travail-1.png","width":2481,"height":1076,"caption":"Ptrans Soci\u00e9t\u00e9 De Transport Et D\u00e9m\u00e9nagements International Entre Le Maroc Et Le Reste Du Monde"},"image":{"@id":"https:\/\/ptrans.fr\/#\/schema\/logo\/image\/"},"sameAs":["https:\/\/www.facebook.com\/PlogisticsEurope"]},{"@type":"Person","@id":"https:\/\/ptrans.fr\/#\/schema\/person\/3a50d5b251b4df119e3598a32b8ce67c","name":"admin","image":{"@type":"ImageObject","inLanguage":"fr-FR","@id":"https:\/\/ptrans.fr\/#\/schema\/person\/image\/","url":"https:\/\/secure.gravatar.com\/avatar\/f1ed11851bb8c89ef1f06d655ba0bd00?s=96&d=mm&r=g","contentUrl":"https:\/\/secure.gravatar.com\/avatar\/f1ed11851bb8c89ef1f06d655ba0bd00?s=96&d=mm&r=g","caption":"admin"},"url":"https:\/\/ptrans.fr\/fr_fr\/author\/admin\/"}]}},"jetpack_sharing_enabled":true,"jetpack_likes_enabled":true,"_links":{"self":[{"href":"https:\/\/ptrans.fr\/fr_fr\/wp-json\/wp\/v2\/pages\/7926"}],"collection":[{"href":"https:\/\/ptrans.fr\/fr_fr\/wp-json\/wp\/v2\/pages"}],"about":[{"href":"https:\/\/ptrans.fr\/fr_fr\/wp-json\/wp\/v2\/types\/page"}],"author":[{"embeddable":true,"href":"https:\/\/ptrans.fr\/fr_fr\/wp-json\/wp\/v2\/users\/1"}],"replies":[{"embeddable":true,"href":"https:\/\/ptrans.fr\/fr_fr\/wp-json\/wp\/v2\/comments?post=7926"}],"version-history":[{"count":0,"href":"https:\/\/ptrans.fr\/fr_fr\/wp-json\/wp\/v2\/pages\/7926\/revisions"}],"up":[{"embeddable":true,"href":"https:\/\/ptrans.fr\/fr_fr\/wp-json\/wp\/v2\/pages\/7836"}],"wp:attachment":[{"href":"https:\/\/ptrans.fr\/fr_fr\/wp-json\/wp\/v2\/media?parent=7926"}],"curies":[{"name":"wp","href":"https:\/\/api.w.org\/{rel}","templated":true}]}}