{"id":7935,"date":"2022-09-04T13:14:29","date_gmt":"2022-09-04T12:14:29","guid":{"rendered":"http:\/\/ptrans.fr\/?page_id=7935"},"modified":"2022-09-20T01:23:19","modified_gmt":"2022-09-20T00:23:19","slug":"societe-de-demenagement-international-oujda-maroc","status":"publish","type":"page","link":"https:\/\/ptrans.fr\/fr_fr\/maroc-demenagement\/societe-de-demenagement-international-oujda-maroc\/","title":{"rendered":"Soci\u00e9t\u00e9 De D\u00e9m\u00e9nagement International Oujda Maroc"},"content":{"rendered":"<section class=\"wpb-content-wrapper\"><div class=\"vc_row wpb_row vc_row-fluid\"><div class=\"wpb_column vc_column_container vc_col-sm-12\"><div class=\"vc_column-inner\"><div class=\"wpb_wrapper\">[rev_slider slidertitle=\u00a0\u00bbsoci\u00e9t\u00e9 d\u00e9m\u00e9nagement Oujda\u00a0\u00bb alias=\u00a0\u00bbsociete-demenagement-casablanca-11&Prime; offset=\u00a0\u00bb\u00a0\u00bb]<div class=\"vc_empty_space\"   style=\"height: 32px\"><span class=\"vc_empty_space_inner\"><\/span><\/div>\n\t<div class=\"wpb_text_column wpb_content_element \" >\n\t\t<div class=\"wpb_wrapper\">\n\t\t\t<p>Ptrans est une soci\u00e9t\u00e9 sp\u00e9cialis\u00e9e dans le d\u00e9m\u00e9nagement international \u00e0 <a href=\"https:\/\/www.infostourismemaroc.com\/ville\/oujda-maroc\" target=\"_blank\" rel=\"noopener noreferrer\">Oujda<\/a>. Nous proposons des services de d\u00e9m\u00e9nagement nationaux et internationaux pour les particuliers et les entreprises. Que vous soyez \u00e0 la recherche d&rsquo;un d\u00e9m\u00e9nageur professionnel pour transf\u00e9rer votre maison ou votre bureau, ptrans est la soci\u00e9t\u00e9 qu&rsquo;il vous faut!<\/p>\n<h2>La soci\u00e9t\u00e9 PTrans s&rsquo;est sp\u00e9cialis\u00e9e dans les d\u00e9m\u00e9nagements internationaux \u00e0 Oujda<\/h2>\n<p>Nous proposons des services de d\u00e9m\u00e9nagement nationaux et internationaux pour les particuliers et les entreprises.<\/p>\n<p>PTrans soci\u00e9t\u00e9 de d\u00e9m\u00e9nagement international \u00e0 Oujda offrant des services de qualit\u00e9 sup\u00e9rieure \u00e0 un prix abordable. Notre \u00e9quipe est compos\u00e9e d&rsquo;experts professionnels du d\u00e9m\u00e9nagement qui s&rsquo;occuperont de tout, du d\u00e9but \u00e0 la fin.<\/p>\n<p>Nous savons que le d\u00e9m\u00e9nagement peut \u00eatre une exp\u00e9rience stressante, mais avec ptrans, vous n&rsquo;avez pas \u00e0 vous inqui\u00e9ter! Nous prenons soin de tous les d\u00e9tails pour que votre d\u00e9m\u00e9nagement se d\u00e9roule sans encombre. Contactez-nous d\u00e8s aujourd&rsquo;hui pour plus d&rsquo;informations sur nos services ou pour obtenir un devis gratuit!<\/p>\n<h2>Nos \u00e9quipes de professionnels du d\u00e9m\u00e9nagement vous accompagnent \u00e9tape par \u00e9tape<\/h2>\n<p>Pour vous simplifier la vie.<\/p>\n<p>En choisissant ptrans soci\u00e9t\u00e9 de d\u00e9m\u00e9nagement international \u00e0 Oujda, vous b\u00e9n\u00e9ficiez d&rsquo;un service personnalis\u00e9 et adapt\u00e9 \u00e0 vos besoins. Nous mettons tout en \u0153uvre pour que votre d\u00e9m\u00e9nagement soit un succ\u00e8s! Contactez-nous d\u00e8s aujourd&rsquo;hui pour plus d&rsquo;informations sur nos services ou pour obtenir un devis gratuit. Avec ptrans, le d\u00e9m\u00e9nagement n&rsquo;a jamais \u00e9t\u00e9 aussi simple!<\/p>\n<h2>Nous disposons de tout le mat\u00e9riel n\u00e9cessaire pour transporter vos biens en toute s\u00e9curit\u00e9<\/h2>\n<p>ptrans soci\u00e9t\u00e9 de d\u00e9m\u00e9nagement international \u00e0 Oujda met tout en \u0153uvre pour que votre d\u00e9m\u00e9nagement soit un succ\u00e8s! Contactez-nous d\u00e8s aujourd&rsquo;hui pour plus d&rsquo;informations sur nos services ou pour obtenir un devis gratuit. Avec ptrans, le d\u00e9m\u00e9nagement n&rsquo;a jamais \u00e9t\u00e9 aussi simple!<\/p>\n<p>Nous mettons \u00e0 votre disposition notre savoir-faire et notre exp\u00e9rience du d\u00e9m\u00e9nagement international<\/p>\n<p>PTrans soci\u00e9t\u00e9 de d\u00e9m\u00e9nagement international \u00e0 Oujda est une soci\u00e9t\u00e9 sp\u00e9cialis\u00e9e dans le d\u00e9m\u00e9nagement international. Nous mettons \u00e0 votre disposition notre savoir-faire et notre exp\u00e9rience du d\u00e9m\u00e9nagement international pour vous simplifier la vie. Contactez-nous d\u00e8s aujourd&rsquo;hui pour plus d&rsquo;informations sur nos services ou pour obtenir un <a href=\"http:\/\/ptrans.fr\/estimer-le-prix\" target=\"_blank\" rel=\"noopener noreferrer\">devis gratuit<\/a>! Avec ptrans, le d\u00e9m\u00e9nagement n&rsquo;a jamais \u00e9t\u00e9 aussi simple!<\/p>\n<p>Nos \u00e9quipes de professionnels du d\u00e9m\u00e9nagement sont \u00e0 votre disposition pour r\u00e9pondre \u00e0 toutes vos questions.<\/p>\n<h2>Nos prix sont tr\u00e8s comp\u00e9titifs et nous proposons des tarifs adapt\u00e9s \u00e0 votre budget<\/h2>\n<p>.<\/p>\n<p>PTrans soci\u00e9t\u00e9 de d\u00e9m\u00e9nagement international \u00e0 Oujda est une soci\u00e9t\u00e9 sp\u00e9cialis\u00e9e dans le d\u00e9m\u00e9nagement international. Nous mettons \u00e0 votre disposition notre savoir-faire et notre exp\u00e9rience du d\u00e9m\u00e9nagement international pour vous simplifier la vie. Contactez-nous d\u00e8s aujourd&rsquo;hui pour plus d&rsquo;informations sur nos services ou pour obtenir un devis gratuit! Avec ptrans, le d\u00e9m\u00e9nagement n&rsquo;a jamais \u00e9t\u00e9 aussi simple! Nos \u00e9quipes de professionnels du d\u00e9m\u00e9nagement sont \u00e0 votre disposition pour r\u00e9pondre \u00e0 toutes vos questions. Nos prix sont tr\u00e8s comp\u00e9titifs et nous proposons des tarifs adapt\u00e9s \u00e0 votre budget. Contactez-nous d\u00e8s aujourd&rsquo;hui pour plus d&rsquo;informations!<\/p>\n<p>ptrans soci\u00e9t\u00e9 de d\u00e9m\u00e9nagement international \u00e0 Oujda met tout en \u0153uvre pour que votre d\u00e9m\u00e9nagement soit un succ\u00e8s!<\/p>\n<h2>Contactez-nous d\u00e8s aujourd&rsquo;hui pour obtenir un devis gratuit<\/h2>\n<p>!<\/p>\n<p>Avec ptrans, le d\u00e9m\u00e9nagement n&rsquo;a jamais \u00e9t\u00e9 aussi simple!<\/p>\n<p>Nos \u00e9quipes de professionnels du d\u00e9m\u00e9nagement sont \u00e0 votre disposition pour r\u00e9pondre \u00e0 toutes vos questions.<\/p>\n<p>Nos prix sont tr\u00e8s comp\u00e9titifs et nous proposons des tarifs adapt\u00e9s \u00e0 votre budget.<\/p>\n<p>Contactez-nous d\u00e8s aujourd&rsquo;hui pour plus d&rsquo;informations!<\/p>\n\n\t\t<\/div>\n\t<\/div>\n<div class=\"vc_btn3-container vc_btn3-center\" ><a class=\"vc_general vc_btn3 vc_btn3-size-md vc_btn3-shape-rounded vc_btn3-style-modern vc_btn3-color-primary\" href=\"http:\/\/ptrans.fr\/estimer-le-prix\/\" title=\"Estimer le prix\">Consulter Nos Tarifs En Ligne<\/a><\/div><\/div><\/div><\/div><\/div>\n<\/section>","protected":false},"excerpt":{"rendered":"[rev_slider slidertitle=\"soci\u00e9t\u00e9 d\u00e9m\u00e9nagement Oujda\" alias=\"societe-demenagement-casablanca-11\" offset=\"\"] Ptrans est une soci\u00e9t\u00e9 sp\u00e9cialis\u00e9e dans le d\u00e9m\u00e9nagement international [...]","protected":false},"author":1,"featured_media":0,"parent":7836,"menu_order":0,"comment_status":"closed","ping_status":"closed","template":"","meta":{"footnotes":""},"yoast_head":"<!-- This site is optimized with the Yoast SEO plugin v22.8 - https:\/\/yoast.com\/wordpress\/plugins\/seo\/ -->\n<title>Ptrans | Soci\u00e9t\u00e9 D\u00e9m\u00e9nagement International Oujda<\/title>\n<meta name=\"description\" content=\"Ptrans soci\u00e9t\u00e9 d\u00e9m\u00e9nagement international \u00e0 Oujda est une entreprise sp\u00e9cialis\u00e9e dans le d\u00e9m\u00e9nagement des biens en Europe, Maghreb et Afrique.\" \/>\n<meta name=\"robots\" content=\"index, follow, max-snippet:-1, max-image-preview:large, max-video-preview:-1\" \/>\n<link rel=\"canonical\" href=\"https:\/\/ptrans.fr\/fr_fr\/maroc-demenagement\/societe-de-demenagement-international-oujda-maroc\/\" \/>\n<meta property=\"og:locale\" content=\"fr_FR\" \/>\n<meta property=\"og:type\" content=\"article\" \/>\n<meta property=\"og:title\" content=\"Ptrans | Soci\u00e9t\u00e9 D\u00e9m\u00e9nagement International Oujda\" \/>\n<meta property=\"og:description\" content=\"Ptrans soci\u00e9t\u00e9 d\u00e9m\u00e9nagement international \u00e0 Oujda est une entreprise sp\u00e9cialis\u00e9e dans le d\u00e9m\u00e9nagement des biens en Europe, Maghreb et Afrique.\" \/>\n<meta property=\"og:url\" content=\"https:\/\/ptrans.fr\/fr_fr\/maroc-demenagement\/societe-de-demenagement-international-oujda-maroc\/\" \/>\n<meta property=\"og:site_name\" content=\"Ptrans Soci\u00e9t\u00e9 De Transport &amp; D\u00e9m\u00e9nagements International Entre Le Maroc Et Le Reste Du Monde\" \/>\n<meta property=\"article:publisher\" content=\"https:\/\/www.facebook.com\/PlogisticsEurope\" \/>\n<meta property=\"article:modified_time\" content=\"2022-09-20T00:23:19+00:00\" \/>\n<meta property=\"og:image\" content=\"https:\/\/ptrans.fr\/wp-content\/uploads\/2022\/09\/societe-demenagement-international-oujda.jpg\" \/>\n\t<meta property=\"og:image:width\" content=\"1160\" \/>\n\t<meta property=\"og:image:height\" content=\"870\" \/>\n\t<meta property=\"og:image:type\" content=\"image\/jpeg\" \/>\n<meta name=\"twitter:label1\" content=\"Dur\u00e9e de lecture estim\u00e9e\" \/>\n\t<meta name=\"twitter:data1\" content=\"3 minutes\" \/>\n<script type=\"application\/ld+json\" class=\"yoast-schema-graph\">{\"@context\":\"https:\/\/schema.org\",\"@graph\":[{\"@type\":\"Article\",\"@id\":\"https:\/\/ptrans.fr\/maroc-demenagement\/societe-de-demenagement-international-oujda-maroc\/#article\",\"isPartOf\":{\"@id\":\"https:\/\/ptrans.fr\/maroc-demenagement\/societe-de-demenagement-international-oujda-maroc\/\"},\"author\":{\"name\":\"admin\",\"@id\":\"https:\/\/ptrans.fr\/#\/schema\/person\/3a50d5b251b4df119e3598a32b8ce67c\"},\"headline\":\"Soci\u00e9t\u00e9 De D\u00e9m\u00e9nagement International Oujda Maroc\",\"datePublished\":\"2022-09-04T12:14:29+00:00\",\"dateModified\":\"2022-09-20T00:23:19+00:00\",\"mainEntityOfPage\":{\"@id\":\"https:\/\/ptrans.fr\/maroc-demenagement\/societe-de-demenagement-international-oujda-maroc\/\"},\"wordCount\":707,\"publisher\":{\"@id\":\"https:\/\/ptrans.fr\/#organization\"},\"inLanguage\":\"fr-FR\"},{\"@type\":\"WebPage\",\"@id\":\"https:\/\/ptrans.fr\/maroc-demenagement\/societe-de-demenagement-international-oujda-maroc\/\",\"url\":\"https:\/\/ptrans.fr\/maroc-demenagement\/societe-de-demenagement-international-oujda-maroc\/\",\"name\":\"Ptrans | Soci\u00e9t\u00e9 D\u00e9m\u00e9nagement International Oujda\",\"isPartOf\":{\"@id\":\"https:\/\/ptrans.fr\/#website\"},\"datePublished\":\"2022-09-04T12:14:29+00:00\",\"dateModified\":\"2022-09-20T00:23:19+00:00\",\"description\":\"Ptrans soci\u00e9t\u00e9 d\u00e9m\u00e9nagement international \u00e0 Oujda est une entreprise sp\u00e9cialis\u00e9e dans le d\u00e9m\u00e9nagement des biens en Europe, Maghreb et Afrique.\",\"breadcrumb\":{\"@id\":\"https:\/\/ptrans.fr\/maroc-demenagement\/societe-de-demenagement-international-oujda-maroc\/#breadcrumb\"},\"inLanguage\":\"fr-FR\",\"potentialAction\":[{\"@type\":\"ReadAction\",\"target\":[\"https:\/\/ptrans.fr\/maroc-demenagement\/societe-de-demenagement-international-oujda-maroc\/\"]}]},{\"@type\":\"BreadcrumbList\",\"@id\":\"https:\/\/ptrans.fr\/maroc-demenagement\/societe-de-demenagement-international-oujda-maroc\/#breadcrumb\",\"itemListElement\":[{\"@type\":\"ListItem\",\"position\":1,\"name\":\"maroc d\u00e9m\u00e9nagement\",\"item\":\"https:\/\/ptrans.fr\/maroc-demenagement\/\"},{\"@type\":\"ListItem\",\"position\":2,\"name\":\"Soci\u00e9t\u00e9 De D\u00e9m\u00e9nagement International Oujda Maroc\"}]},{\"@type\":\"WebSite\",\"@id\":\"https:\/\/ptrans.fr\/#website\",\"url\":\"https:\/\/ptrans.fr\/\",\"name\":\"Ptrans Soci\u00e9t\u00e9 De Transport Et D\u00e9m\u00e9nagement International Maroc\",\"description\":\"Ptrans Votre Transporteur &amp; D\u00e9m\u00e9nageur Vers Le Maroc\",\"publisher\":{\"@id\":\"https:\/\/ptrans.fr\/#organization\"},\"alternateName\":\"Ptrans\",\"potentialAction\":[{\"@type\":\"SearchAction\",\"target\":{\"@type\":\"EntryPoint\",\"urlTemplate\":\"https:\/\/ptrans.fr\/?s={search_term_string}\"},\"query-input\":\"required name=search_term_string\"}],\"inLanguage\":\"fr-FR\"},{\"@type\":\"Organization\",\"@id\":\"https:\/\/ptrans.fr\/#organization\",\"name\":\"Ptrans Soci\u00e9t\u00e9 De Transport Et D\u00e9m\u00e9nagements International Entre Le Maroc Et Le Reste Du Monde\",\"url\":\"https:\/\/ptrans.fr\/\",\"logo\":{\"@type\":\"ImageObject\",\"inLanguage\":\"fr-FR\",\"@id\":\"https:\/\/ptrans.fr\/#\/schema\/logo\/image\/\",\"url\":\"http:\/\/ptrans.fr\/wp-content\/uploads\/2022\/08\/P.trans-logi_Plan-de-travail-1.png\",\"contentUrl\":\"http:\/\/ptrans.fr\/wp-content\/uploads\/2022\/08\/P.trans-logi_Plan-de-travail-1.png\",\"width\":2481,\"height\":1076,\"caption\":\"Ptrans Soci\u00e9t\u00e9 De Transport Et D\u00e9m\u00e9nagements International Entre Le Maroc Et Le Reste Du Monde\"},\"image\":{\"@id\":\"https:\/\/ptrans.fr\/#\/schema\/logo\/image\/\"},\"sameAs\":[\"https:\/\/www.facebook.com\/PlogisticsEurope\"]},{\"@type\":\"Person\",\"@id\":\"https:\/\/ptrans.fr\/#\/schema\/person\/3a50d5b251b4df119e3598a32b8ce67c\",\"name\":\"admin\",\"image\":{\"@type\":\"ImageObject\",\"inLanguage\":\"fr-FR\",\"@id\":\"https:\/\/ptrans.fr\/#\/schema\/person\/image\/\",\"url\":\"https:\/\/secure.gravatar.com\/avatar\/f1ed11851bb8c89ef1f06d655ba0bd00?s=96&d=mm&r=g\",\"contentUrl\":\"https:\/\/secure.gravatar.com\/avatar\/f1ed11851bb8c89ef1f06d655ba0bd00?s=96&d=mm&r=g\",\"caption\":\"admin\"},\"url\":\"https:\/\/ptrans.fr\/fr_fr\/author\/admin\/\"}]}<\/script>\n<!-- \/ Yoast SEO plugin. -->","yoast_head_json":{"title":"Ptrans | Soci\u00e9t\u00e9 D\u00e9m\u00e9nagement International Oujda","description":"Ptrans soci\u00e9t\u00e9 d\u00e9m\u00e9nagement international \u00e0 Oujda est une entreprise sp\u00e9cialis\u00e9e dans le d\u00e9m\u00e9nagement des biens en Europe, Maghreb et Afrique.","robots":{"index":"index","follow":"follow","max-snippet":"max-snippet:-1","max-image-preview":"max-image-preview:large","max-video-preview":"max-video-preview:-1"},"canonical":"https:\/\/ptrans.fr\/fr_fr\/maroc-demenagement\/societe-de-demenagement-international-oujda-maroc\/","og_locale":"fr_FR","og_type":"article","og_title":"Ptrans | Soci\u00e9t\u00e9 D\u00e9m\u00e9nagement International Oujda","og_description":"Ptrans soci\u00e9t\u00e9 d\u00e9m\u00e9nagement international \u00e0 Oujda est une entreprise sp\u00e9cialis\u00e9e dans le d\u00e9m\u00e9nagement des biens en Europe, Maghreb et Afrique.","og_url":"https:\/\/ptrans.fr\/fr_fr\/maroc-demenagement\/societe-de-demenagement-international-oujda-maroc\/","og_site_name":"Ptrans Soci\u00e9t\u00e9 De Transport &amp; D\u00e9m\u00e9nagements International Entre Le Maroc Et Le Reste Du Monde","article_publisher":"https:\/\/www.facebook.com\/PlogisticsEurope","article_modified_time":"2022-09-20T00:23:19+00:00","og_image":[{"width":1160,"height":870,"url":"https:\/\/ptrans.fr\/wp-content\/uploads\/2022\/09\/societe-demenagement-international-oujda.jpg","type":"image\/jpeg"}],"twitter_misc":{"Dur\u00e9e de lecture estim\u00e9e":"3 minutes"},"schema":{"@context":"https:\/\/schema.org","@graph":[{"@type":"Article","@id":"https:\/\/ptrans.fr\/maroc-demenagement\/societe-de-demenagement-international-oujda-maroc\/#article","isPartOf":{"@id":"https:\/\/ptrans.fr\/maroc-demenagement\/societe-de-demenagement-international-oujda-maroc\/"},"author":{"name":"admin","@id":"https:\/\/ptrans.fr\/#\/schema\/person\/3a50d5b251b4df119e3598a32b8ce67c"},"headline":"Soci\u00e9t\u00e9 De D\u00e9m\u00e9nagement International Oujda Maroc","datePublished":"2022-09-04T12:14:29+00:00","dateModified":"2022-09-20T00:23:19+00:00","mainEntityOfPage":{"@id":"https:\/\/ptrans.fr\/maroc-demenagement\/societe-de-demenagement-international-oujda-maroc\/"},"wordCount":707,"publisher":{"@id":"https:\/\/ptrans.fr\/#organization"},"inLanguage":"fr-FR"},{"@type":"WebPage","@id":"https:\/\/ptrans.fr\/maroc-demenagement\/societe-de-demenagement-international-oujda-maroc\/","url":"https:\/\/ptrans.fr\/maroc-demenagement\/societe-de-demenagement-international-oujda-maroc\/","name":"Ptrans | Soci\u00e9t\u00e9 D\u00e9m\u00e9nagement International Oujda","isPartOf":{"@id":"https:\/\/ptrans.fr\/#website"},"datePublished":"2022-09-04T12:14:29+00:00","dateModified":"2022-09-20T00:23:19+00:00","description":"Ptrans soci\u00e9t\u00e9 d\u00e9m\u00e9nagement international \u00e0 Oujda est une entreprise sp\u00e9cialis\u00e9e dans le d\u00e9m\u00e9nagement des biens en Europe, Maghreb et Afrique.","breadcrumb":{"@id":"https:\/\/ptrans.fr\/maroc-demenagement\/societe-de-demenagement-international-oujda-maroc\/#breadcrumb"},"inLanguage":"fr-FR","potentialAction":[{"@type":"ReadAction","target":["https:\/\/ptrans.fr\/maroc-demenagement\/societe-de-demenagement-international-oujda-maroc\/"]}]},{"@type":"BreadcrumbList","@id":"https:\/\/ptrans.fr\/maroc-demenagement\/societe-de-demenagement-international-oujda-maroc\/#breadcrumb","itemListElement":[{"@type":"ListItem","position":1,"name":"maroc d\u00e9m\u00e9nagement","item":"https:\/\/ptrans.fr\/maroc-demenagement\/"},{"@type":"ListItem","position":2,"name":"Soci\u00e9t\u00e9 De D\u00e9m\u00e9nagement International Oujda Maroc"}]},{"@type":"WebSite","@id":"https:\/\/ptrans.fr\/#website","url":"https:\/\/ptrans.fr\/","name":"Ptrans Soci\u00e9t\u00e9 De Transport Et D\u00e9m\u00e9nagement International Maroc","description":"Ptrans Votre Transporteur &amp; D\u00e9m\u00e9nageur Vers Le Maroc","publisher":{"@id":"https:\/\/ptrans.fr\/#organization"},"alternateName":"Ptrans","potentialAction":[{"@type":"SearchAction","target":{"@type":"EntryPoint","urlTemplate":"https:\/\/ptrans.fr\/?s={search_term_string}"},"query-input":"required name=search_term_string"}],"inLanguage":"fr-FR"},{"@type":"Organization","@id":"https:\/\/ptrans.fr\/#organization","name":"Ptrans Soci\u00e9t\u00e9 De Transport Et D\u00e9m\u00e9nagements International Entre Le Maroc Et Le Reste Du Monde","url":"https:\/\/ptrans.fr\/","logo":{"@type":"ImageObject","inLanguage":"fr-FR","@id":"https:\/\/ptrans.fr\/#\/schema\/logo\/image\/","url":"http:\/\/ptrans.fr\/wp-content\/uploads\/2022\/08\/P.trans-logi_Plan-de-travail-1.png","contentUrl":"http:\/\/ptrans.fr\/wp-content\/uploads\/2022\/08\/P.trans-logi_Plan-de-travail-1.png","width":2481,"height":1076,"caption":"Ptrans Soci\u00e9t\u00e9 De Transport Et D\u00e9m\u00e9nagements International Entre Le Maroc Et Le Reste Du Monde"},"image":{"@id":"https:\/\/ptrans.fr\/#\/schema\/logo\/image\/"},"sameAs":["https:\/\/www.facebook.com\/PlogisticsEurope"]},{"@type":"Person","@id":"https:\/\/ptrans.fr\/#\/schema\/person\/3a50d5b251b4df119e3598a32b8ce67c","name":"admin","image":{"@type":"ImageObject","inLanguage":"fr-FR","@id":"https:\/\/ptrans.fr\/#\/schema\/person\/image\/","url":"https:\/\/secure.gravatar.com\/avatar\/f1ed11851bb8c89ef1f06d655ba0bd00?s=96&d=mm&r=g","contentUrl":"https:\/\/secure.gravatar.com\/avatar\/f1ed11851bb8c89ef1f06d655ba0bd00?s=96&d=mm&r=g","caption":"admin"},"url":"https:\/\/ptrans.fr\/fr_fr\/author\/admin\/"}]}},"jetpack_sharing_enabled":true,"jetpack_likes_enabled":true,"_links":{"self":[{"href":"https:\/\/ptrans.fr\/fr_fr\/wp-json\/wp\/v2\/pages\/7935"}],"collection":[{"href":"https:\/\/ptrans.fr\/fr_fr\/wp-json\/wp\/v2\/pages"}],"about":[{"href":"https:\/\/ptrans.fr\/fr_fr\/wp-json\/wp\/v2\/types\/page"}],"author":[{"embeddable":true,"href":"https:\/\/ptrans.fr\/fr_fr\/wp-json\/wp\/v2\/users\/1"}],"replies":[{"embeddable":true,"href":"https:\/\/ptrans.fr\/fr_fr\/wp-json\/wp\/v2\/comments?post=7935"}],"version-history":[{"count":0,"href":"https:\/\/ptrans.fr\/fr_fr\/wp-json\/wp\/v2\/pages\/7935\/revisions"}],"up":[{"embeddable":true,"href":"https:\/\/ptrans.fr\/fr_fr\/wp-json\/wp\/v2\/pages\/7836"}],"wp:attachment":[{"href":"https:\/\/ptrans.fr\/fr_fr\/wp-json\/wp\/v2\/media?parent=7935"}],"curies":[{"name":"wp","href":"https:\/\/api.w.org\/{rel}","templated":true}]}}