{"id":8294,"date":"2022-09-25T13:03:48","date_gmt":"2022-09-25T12:03:48","guid":{"rendered":"http:\/\/ptrans.fr\/?page_id=8294"},"modified":"2022-09-25T13:03:48","modified_gmt":"2022-09-25T12:03:48","slug":"turquie","status":"publish","type":"page","link":"https:\/\/ptrans.fr\/fr_fr\/turquie\/","title":{"rendered":"Turquie"},"content":{"rendered":"","protected":false},"excerpt":{"rendered":"","protected":false},"author":1,"featured_media":0,"parent":0,"menu_order":0,"comment_status":"closed","ping_status":"closed","template":"","meta":{"footnotes":""},"yoast_head":"<!-- This site is optimized with the Yoast SEO plugin v22.8 - https:\/\/yoast.com\/wordpress\/plugins\/seo\/ -->\n<title>Turquie - T\u00e9l : +212 663 23 23 00<\/title>\n<meta name=\"description\" content=\"Turquie - Ptrans Soci\u00e9t\u00e9 De Transport &amp; D\u00e9m\u00e9nagements International Entre Le Maroc Et Le Reste Du Monde - T\u00e9l : +212 663 23 23 00 - Mail : s.p@ptrans.fr\" \/>\n<meta name=\"robots\" content=\"index, follow, max-snippet:-1, max-image-preview:large, max-video-preview:-1\" \/>\n<link rel=\"canonical\" href=\"https:\/\/ptrans.fr\/fr_fr\/turquie\/\" \/>\n<meta property=\"og:locale\" content=\"fr_FR\" \/>\n<meta property=\"og:type\" content=\"article\" \/>\n<meta property=\"og:title\" content=\"Turquie - T\u00e9l : +212 663 23 23 00\" \/>\n<meta property=\"og:description\" content=\"Turquie - Ptrans Soci\u00e9t\u00e9 De Transport &amp; D\u00e9m\u00e9nagements International Entre Le Maroc Et Le Reste Du Monde - T\u00e9l : +212 663 23 23 00 - Mail : s.p@ptrans.fr\" \/>\n<meta property=\"og:url\" content=\"https:\/\/ptrans.fr\/fr_fr\/turquie\/\" \/>\n<meta property=\"og:site_name\" content=\"Ptrans Soci\u00e9t\u00e9 De Transport &amp; D\u00e9m\u00e9nagements International Entre Le Maroc Et Le Reste Du Monde\" \/>\n<meta property=\"article:publisher\" content=\"https:\/\/www.facebook.com\/PlogisticsEurope\" \/>\n<meta property=\"og:image\" content=\"https:\/\/ptrans.fr\/wp-content\/uploads\/2022\/09\/societe-demenagement-international-oujda.jpg\" \/>\n\t<meta property=\"og:image:width\" content=\"1160\" \/>\n\t<meta property=\"og:image:height\" content=\"870\" \/>\n\t<meta property=\"og:image:type\" content=\"image\/jpeg\" \/>\n<script type=\"application\/ld+json\" class=\"yoast-schema-graph\">{\"@context\":\"https:\/\/schema.org\",\"@graph\":[{\"@type\":\"Article\",\"@id\":\"https:\/\/ptrans.fr\/turquie\/#article\",\"isPartOf\":{\"@id\":\"https:\/\/ptrans.fr\/turquie\/\"},\"author\":{\"name\":\"admin\",\"@id\":\"https:\/\/ptrans.fr\/#\/schema\/person\/3a50d5b251b4df119e3598a32b8ce67c\"},\"headline\":\"Turquie\",\"datePublished\":\"2022-09-25T12:03:48+00:00\",\"dateModified\":\"2022-09-25T12:03:48+00:00\",\"mainEntityOfPage\":{\"@id\":\"https:\/\/ptrans.fr\/turquie\/\"},\"wordCount\":1,\"publisher\":{\"@id\":\"https:\/\/ptrans.fr\/#organization\"},\"inLanguage\":\"fr-FR\"},{\"@type\":\"WebPage\",\"@id\":\"https:\/\/ptrans.fr\/turquie\/\",\"url\":\"https:\/\/ptrans.fr\/turquie\/\",\"name\":\"Turquie - T\u00e9l : +212 663 23 23 00\",\"isPartOf\":{\"@id\":\"https:\/\/ptrans.fr\/#website\"},\"datePublished\":\"2022-09-25T12:03:48+00:00\",\"dateModified\":\"2022-09-25T12:03:48+00:00\",\"description\":\"Turquie - Ptrans Soci\u00e9t\u00e9 De Transport &amp; D\u00e9m\u00e9nagements International Entre Le Maroc Et Le Reste Du Monde - T\u00e9l : +212 663 23 23 00 - Mail : s.p@ptrans.fr\",\"inLanguage\":\"fr-FR\",\"potentialAction\":[{\"@type\":\"ReadAction\",\"target\":[\"https:\/\/ptrans.fr\/turquie\/\"]}]},{\"@type\":\"WebSite\",\"@id\":\"https:\/\/ptrans.fr\/#website\",\"url\":\"https:\/\/ptrans.fr\/\",\"name\":\"Ptrans Soci\u00e9t\u00e9 De Transport Et D\u00e9m\u00e9nagement International Maroc\",\"description\":\"Ptrans Votre Transporteur &amp; D\u00e9m\u00e9nageur Vers Le Maroc\",\"publisher\":{\"@id\":\"https:\/\/ptrans.fr\/#organization\"},\"alternateName\":\"Ptrans\",\"potentialAction\":[{\"@type\":\"SearchAction\",\"target\":{\"@type\":\"EntryPoint\",\"urlTemplate\":\"https:\/\/ptrans.fr\/?s={search_term_string}\"},\"query-input\":\"required name=search_term_string\"}],\"inLanguage\":\"fr-FR\"},{\"@type\":\"Organization\",\"@id\":\"https:\/\/ptrans.fr\/#organization\",\"name\":\"Ptrans Soci\u00e9t\u00e9 De Transport Et D\u00e9m\u00e9nagements International Entre Le Maroc Et Le Reste Du Monde\",\"url\":\"https:\/\/ptrans.fr\/\",\"logo\":{\"@type\":\"ImageObject\",\"inLanguage\":\"fr-FR\",\"@id\":\"https:\/\/ptrans.fr\/#\/schema\/logo\/image\/\",\"url\":\"http:\/\/ptrans.fr\/wp-content\/uploads\/2022\/08\/P.trans-logi_Plan-de-travail-1.png\",\"contentUrl\":\"http:\/\/ptrans.fr\/wp-content\/uploads\/2022\/08\/P.trans-logi_Plan-de-travail-1.png\",\"width\":2481,\"height\":1076,\"caption\":\"Ptrans Soci\u00e9t\u00e9 De Transport Et D\u00e9m\u00e9nagements International Entre Le Maroc Et Le Reste Du Monde\"},\"image\":{\"@id\":\"https:\/\/ptrans.fr\/#\/schema\/logo\/image\/\"},\"sameAs\":[\"https:\/\/www.facebook.com\/PlogisticsEurope\"]},{\"@type\":\"Person\",\"@id\":\"https:\/\/ptrans.fr\/#\/schema\/person\/3a50d5b251b4df119e3598a32b8ce67c\",\"name\":\"admin\",\"image\":{\"@type\":\"ImageObject\",\"inLanguage\":\"fr-FR\",\"@id\":\"https:\/\/ptrans.fr\/#\/schema\/person\/image\/\",\"url\":\"https:\/\/secure.gravatar.com\/avatar\/f1ed11851bb8c89ef1f06d655ba0bd00?s=96&d=mm&r=g\",\"contentUrl\":\"https:\/\/secure.gravatar.com\/avatar\/f1ed11851bb8c89ef1f06d655ba0bd00?s=96&d=mm&r=g\",\"caption\":\"admin\"},\"url\":\"https:\/\/ptrans.fr\/fr_fr\/author\/admin\/\"}]}<\/script>\n<!-- \/ Yoast SEO plugin. -->","yoast_head_json":{"title":"Turquie - T\u00e9l : +212 663 23 23 00","description":"Turquie - Ptrans Soci\u00e9t\u00e9 De Transport &amp; D\u00e9m\u00e9nagements International Entre Le Maroc Et Le Reste Du Monde - T\u00e9l : +212 663 23 23 00 - Mail : s.p@ptrans.fr","robots":{"index":"index","follow":"follow","max-snippet":"max-snippet:-1","max-image-preview":"max-image-preview:large","max-video-preview":"max-video-preview:-1"},"canonical":"https:\/\/ptrans.fr\/fr_fr\/turquie\/","og_locale":"fr_FR","og_type":"article","og_title":"Turquie - T\u00e9l : +212 663 23 23 00","og_description":"Turquie - Ptrans Soci\u00e9t\u00e9 De Transport &amp; D\u00e9m\u00e9nagements International Entre Le Maroc Et Le Reste Du Monde - T\u00e9l : +212 663 23 23 00 - Mail : s.p@ptrans.fr","og_url":"https:\/\/ptrans.fr\/fr_fr\/turquie\/","og_site_name":"Ptrans Soci\u00e9t\u00e9 De Transport &amp; D\u00e9m\u00e9nagements International Entre Le Maroc Et Le Reste Du Monde","article_publisher":"https:\/\/www.facebook.com\/PlogisticsEurope","og_image":[{"width":1160,"height":870,"url":"https:\/\/ptrans.fr\/wp-content\/uploads\/2022\/09\/societe-demenagement-international-oujda.jpg","type":"image\/jpeg"}],"schema":{"@context":"https:\/\/schema.org","@graph":[{"@type":"Article","@id":"https:\/\/ptrans.fr\/turquie\/#article","isPartOf":{"@id":"https:\/\/ptrans.fr\/turquie\/"},"author":{"name":"admin","@id":"https:\/\/ptrans.fr\/#\/schema\/person\/3a50d5b251b4df119e3598a32b8ce67c"},"headline":"Turquie","datePublished":"2022-09-25T12:03:48+00:00","dateModified":"2022-09-25T12:03:48+00:00","mainEntityOfPage":{"@id":"https:\/\/ptrans.fr\/turquie\/"},"wordCount":1,"publisher":{"@id":"https:\/\/ptrans.fr\/#organization"},"inLanguage":"fr-FR"},{"@type":"WebPage","@id":"https:\/\/ptrans.fr\/turquie\/","url":"https:\/\/ptrans.fr\/turquie\/","name":"Turquie - T\u00e9l : +212 663 23 23 00","isPartOf":{"@id":"https:\/\/ptrans.fr\/#website"},"datePublished":"2022-09-25T12:03:48+00:00","dateModified":"2022-09-25T12:03:48+00:00","description":"Turquie - Ptrans Soci\u00e9t\u00e9 De Transport &amp; D\u00e9m\u00e9nagements International Entre Le Maroc Et Le Reste Du Monde - T\u00e9l : +212 663 23 23 00 - Mail : s.p@ptrans.fr","inLanguage":"fr-FR","potentialAction":[{"@type":"ReadAction","target":["https:\/\/ptrans.fr\/turquie\/"]}]},{"@type":"WebSite","@id":"https:\/\/ptrans.fr\/#website","url":"https:\/\/ptrans.fr\/","name":"Ptrans Soci\u00e9t\u00e9 De Transport Et D\u00e9m\u00e9nagement International Maroc","description":"Ptrans Votre Transporteur &amp; D\u00e9m\u00e9nageur Vers Le Maroc","publisher":{"@id":"https:\/\/ptrans.fr\/#organization"},"alternateName":"Ptrans","potentialAction":[{"@type":"SearchAction","target":{"@type":"EntryPoint","urlTemplate":"https:\/\/ptrans.fr\/?s={search_term_string}"},"query-input":"required name=search_term_string"}],"inLanguage":"fr-FR"},{"@type":"Organization","@id":"https:\/\/ptrans.fr\/#organization","name":"Ptrans Soci\u00e9t\u00e9 De Transport Et D\u00e9m\u00e9nagements International Entre Le Maroc Et Le Reste Du Monde","url":"https:\/\/ptrans.fr\/","logo":{"@type":"ImageObject","inLanguage":"fr-FR","@id":"https:\/\/ptrans.fr\/#\/schema\/logo\/image\/","url":"http:\/\/ptrans.fr\/wp-content\/uploads\/2022\/08\/P.trans-logi_Plan-de-travail-1.png","contentUrl":"http:\/\/ptrans.fr\/wp-content\/uploads\/2022\/08\/P.trans-logi_Plan-de-travail-1.png","width":2481,"height":1076,"caption":"Ptrans Soci\u00e9t\u00e9 De Transport Et D\u00e9m\u00e9nagements International Entre Le Maroc Et Le Reste Du Monde"},"image":{"@id":"https:\/\/ptrans.fr\/#\/schema\/logo\/image\/"},"sameAs":["https:\/\/www.facebook.com\/PlogisticsEurope"]},{"@type":"Person","@id":"https:\/\/ptrans.fr\/#\/schema\/person\/3a50d5b251b4df119e3598a32b8ce67c","name":"admin","image":{"@type":"ImageObject","inLanguage":"fr-FR","@id":"https:\/\/ptrans.fr\/#\/schema\/person\/image\/","url":"https:\/\/secure.gravatar.com\/avatar\/f1ed11851bb8c89ef1f06d655ba0bd00?s=96&d=mm&r=g","contentUrl":"https:\/\/secure.gravatar.com\/avatar\/f1ed11851bb8c89ef1f06d655ba0bd00?s=96&d=mm&r=g","caption":"admin"},"url":"https:\/\/ptrans.fr\/fr_fr\/author\/admin\/"}]}},"jetpack_sharing_enabled":true,"jetpack_likes_enabled":true,"_links":{"self":[{"href":"https:\/\/ptrans.fr\/fr_fr\/wp-json\/wp\/v2\/pages\/8294"}],"collection":[{"href":"https:\/\/ptrans.fr\/fr_fr\/wp-json\/wp\/v2\/pages"}],"about":[{"href":"https:\/\/ptrans.fr\/fr_fr\/wp-json\/wp\/v2\/types\/page"}],"author":[{"embeddable":true,"href":"https:\/\/ptrans.fr\/fr_fr\/wp-json\/wp\/v2\/users\/1"}],"replies":[{"embeddable":true,"href":"https:\/\/ptrans.fr\/fr_fr\/wp-json\/wp\/v2\/comments?post=8294"}],"version-history":[{"count":0,"href":"https:\/\/ptrans.fr\/fr_fr\/wp-json\/wp\/v2\/pages\/8294\/revisions"}],"wp:attachment":[{"href":"https:\/\/ptrans.fr\/fr_fr\/wp-json\/wp\/v2\/media?parent=8294"}],"curies":[{"name":"wp","href":"https:\/\/api.w.org\/{rel}","templated":true}]}}