{"id":8308,"date":"2022-09-25T14:55:40","date_gmt":"2022-09-25T13:55:40","guid":{"rendered":"http:\/\/ptrans.fr\/?page_id=8308"},"modified":"2022-09-25T16:12:38","modified_gmt":"2022-09-25T15:12:38","slug":"transport-de-colis-turquie-maroc","status":"publish","type":"page","link":"https:\/\/ptrans.fr\/fr_fr\/turquie\/transport-de-colis-turquie-maroc\/","title":{"rendered":"Transport De Colis Turquie Maroc"},"content":{"rendered":"<section class=\"wpb-content-wrapper\"><div class=\"vc_row wpb_row vc_row-fluid\"><div class=\"wpb_column vc_column_container vc_col-sm-12\"><div class=\"vc_column-inner\"><div class=\"wpb_wrapper\">[rev_slider slidertitle=\u00a0\u00bbTransport de colis entre le maroc et la turquie\u00a0\u00bb alias=\u00a0\u00bbsociete-demenagement-international-rabat-1&Prime;]<\/div><\/div><\/div><\/div><div class=\"vc_row wpb_row vc_row-fluid\"><div class=\"wpb_column vc_column_container vc_col-sm-6\"><div class=\"vc_column-inner\"><div class=\"wpb_wrapper\"><div class=\"vc_empty_space\"   style=\"height: 32px\"><span class=\"vc_empty_space_inner\"><\/span><\/div><div class=\"vc_btn3-container vc_btn3-center\" ><a class=\"vc_general vc_btn3 vc_btn3-size-md vc_btn3-shape-rounded vc_btn3-style-modern vc_btn3-color-primary\" href=\"http:\/\/ptrans.fr\/estimer-le-prix\/\" title=\"Estimer le prix\">Nos Tarifs De Transport<\/a><\/div><div class=\"vc_empty_space\"   style=\"height: 32px\"><span class=\"vc_empty_space_inner\"><\/span><\/div>\n\t<div class=\"wpb_text_column wpb_content_element \" >\n\t\t<div class=\"wpb_wrapper\">\n\t\t\t<p>Si vous avez des colis \u00e0 importer de la Turquie, transportez-les avec ptrans ! Nous proposons un service de transport international fiable et efficace entre la Turquie et le Maroc. De plus, nous prenons en charge les formalit\u00e9s douani\u00e8res pour vous faciliter les choses. Contactez-nous d\u00e8s maintenant pour obtenir un devis gratuit !<a href=\"http:\/\/ptrans.fr\/wp-content\/uploads\/2022\/09\/transport-colis-turquie-maroc.jpg\"><img loading=\"lazy\" decoding=\"async\" class=\"size-full wp-image-8312 aligncenter\" src=\"http:\/\/ptrans.fr\/wp-content\/uploads\/2022\/09\/transport-colis-turquie-maroc.jpg\" alt=\"transport de colis turquie maroc\" width=\"299\" height=\"168\" \/><\/a><\/p>\n\n\t\t<\/div>\n\t<\/div>\n\n\t<div class=\"wpb_text_column wpb_content_element \" >\n\t\t<div class=\"wpb_wrapper\">\n\t\t\t<h4><span style=\"color: #333399;\">Quelles sont les taux de douane marocaine appliqu\u00e9s sur les marchandises import\u00e9s de turquie ?<\/span><\/h4>\n<p>Le taux de douane est de 0% pour la plupart des produits en provenance de Turquie. Cependant, il existe une liste limit\u00e9e de produits sur lesquels des droits de douane sont applicables. Pour plus d&rsquo;informations, veuillez contacter les douanes marocaines.<\/p>\n<p>T\u00e9l : +212 537 57 9000<\/p>\n<p>Email : contact@douane.gov.ma<\/p>\n<p>Site web : <a href=\"https:\/\/www.douane.gov.ma\/web\/guest\/tarif#https:\/\/www.douane.gov.ma\/tarif\/tarif\/init.jsf?\">Taux de douane<\/a><\/p>\n<p>exemple de produits soumis \u00e0 des droits de douane :<\/p>\n<p>&#8211; produits en cuir<br \/>\n&#8211; c\u00e9ramique<br \/>\n&#8211; meubles<br \/>\n&#8211; jouets<br \/>\n&#8211; et plus encore\u2026<\/p>\n\n\t\t<\/div>\n\t<\/div>\n\n\t<div class=\"wpb_text_column wpb_content_element \" >\n\t\t<div class=\"wpb_wrapper\">\n\t\t\t<p>Pourquoi choisir ptrans ?<\/p>\n<p>Nous sommes une entreprise fiable et exp\u00e9riment\u00e9e, transportant des colis entre la Turquie et le Maroc depuis plus de 12 ans. Nos \u00e9quipes sont professionnelles et \u00e0 votre disposition pour r\u00e9pondre \u00e0 toutes vos questions. De plus, nous proposons des tarifs comp\u00e9titifs pour le transport de vos colis.<\/p>\n<h5><span style=\"color: #333399;\">Comment est calcul\u00e9 le cout du transport de marchandises entre la turquie et le maroc ?<\/span><\/h5>\n<p>Le co\u00fbt du transport de marchandises entre la Turquie et le Maroc est calcul\u00e9 en fonction du poids et du volume des marchandises transport\u00e9es, ainsi que de la distance parcourue. Nous vous proposons un devis gratuit afin que vous puissiez conna\u00eetre le co\u00fbt exact du transport de vos marchandises.<\/p>\n<p>exemple de transport de marchandises :<\/p>\n<p>&#8211; Fret a\u00e9rien : entre 500 et 1500 euros par tonne<\/p>\n<p>&#8211; Envoi par voie maritime : entre 250 et 337 euros par tonne<\/p>\n<p>&#8211; transport routier : entre 290 et 480 euro par tonne.<\/p>\n<p>Pour en savoir plus sur nos tarifs, n&rsquo;h\u00e9sitez pas \u00e0 contacter notre \u00e9quipe !<\/p>\n<p>Tel : +212 (0)663 23 23 00<\/p>\n<p>Email : infos@ptrans.fr<\/p>\n<p>Site web : ptrans.com\/estimer-le-prix\/<\/p>\n<p>Nous esp\u00e9rons que ces informations vous seront utiles et nous vous souhaitons bon transport !<\/p>\n\n\t\t<\/div>\n\t<\/div>\n<\/div><\/div><\/div><div class=\"wpb_column vc_column_container vc_col-sm-6\"><div class=\"vc_column-inner\"><div class=\"wpb_wrapper\"><div class=\"vc_empty_space\"   style=\"height: 32px\"><span class=\"vc_empty_space_inner\"><\/span><\/div><div class=\"vc_row wpb_row vc_inner vc_row-fluid\"><div class=\"wpb_column vc_column_container vc_col-sm-12\"><div class=\"vc_column-inner\"><div class=\"wpb_wrapper\">\n\t<div class=\"wpb_text_column wpb_content_element \" >\n\t\t<div class=\"wpb_wrapper\">\n\t\t\t<h5><span style=\"color: #333399;\">Accords libre change turquie maroc ?<\/span><\/h5>\n<p>Les produits en provenance de Turquie b\u00e9n\u00e9ficient d&rsquo;un acc\u00e8s pr\u00e9f\u00e9rentiel au Maroc gr\u00e2ce \u00e0 l&rsquo;accord de libre-\u00e9change sign\u00e9 entre les deux pays. Cet accord a \u00e9t\u00e9 mis en place afin d&rsquo;encourager le commerce et les investissements entre la Turquie et le Maroc. Pour plus d&rsquo;informations, veuillez contacter votre chambre de commerce locale.<\/p>\n<p>Transportez vos colis en toute s\u00e9curit\u00e9 avec ptrans !<\/p>\n<p>Nous mettons tout en \u0153uvre pour garantir le transport de vos colis en toute s\u00e9curit\u00e9, que ce soit par avion, par bateau ou par camion. Nos \u00e9quipes professionnelles prendront soin de vos biens comme s&rsquo;ils \u00e9taient les n\u00f4tres et veilleront \u00e0 ce qu&rsquo;ils arrivent en bon \u00e9tat \u00e0 destination.<\/p>\n<p>Pour plus d&rsquo;informations sur nos services de transport et formalit\u00e9s douani\u00e8res, n&rsquo;h\u00e9sitez pas \u00e0 contacter notre \u00e9quipe !<\/p>\n<p><a href=\"http:\/\/ptrans.fr\/wp-content\/uploads\/2022\/09\/tarifs-transport-turquie-maroc.jpg\"><img loading=\"lazy\" decoding=\"async\" class=\"size-full wp-image-8313 aligncenter\" src=\"http:\/\/ptrans.fr\/wp-content\/uploads\/2022\/09\/tarifs-transport-turquie-maroc.jpg\" alt=\"tarifs transport turquie maroc\" width=\"2560\" height=\"1920\" srcset=\"https:\/\/ptrans.fr\/wp-content\/uploads\/2022\/09\/tarifs-transport-turquie-maroc.jpg 2560w, https:\/\/ptrans.fr\/wp-content\/uploads\/2022\/09\/tarifs-transport-turquie-maroc-300x225.jpg 300w, https:\/\/ptrans.fr\/wp-content\/uploads\/2022\/09\/tarifs-transport-turquie-maroc-1024x768.jpg 1024w, https:\/\/ptrans.fr\/wp-content\/uploads\/2022\/09\/tarifs-transport-turquie-maroc-768x576.jpg 768w, https:\/\/ptrans.fr\/wp-content\/uploads\/2022\/09\/tarifs-transport-turquie-maroc-1536x1152.jpg 1536w, https:\/\/ptrans.fr\/wp-content\/uploads\/2022\/09\/tarifs-transport-turquie-maroc-2048x1536.jpg 2048w, https:\/\/ptrans.fr\/wp-content\/uploads\/2022\/09\/tarifs-transport-turquie-maroc-800x600.jpg 800w\" sizes=\"(max-width: 2560px) 100vw, 2560px\" \/><\/a><\/p>\n\n\t\t<\/div>\n\t<\/div>\n\n\t<div class=\"wpb_text_column wpb_content_element \" >\n\t\t<div class=\"wpb_wrapper\">\n\t\t\t<h5><span style=\"color: #333399;\">Quel est le d\u00e9lai de transport entre la Turquie et le Maroc ?<\/span><\/h5>\n<p>Le transport de vos colis peut prendre entre une et deux semaines, en fonction du mode de transport choisi et de la destination finale. Si vous avez besoin d&rsquo;un transport plus rapide, nous pouvons \u00e9galement vous proposer des solutions express. Contactez-nous pour en savoir plus !<\/p>\n<p>&nbsp;<\/p>\n<h5><span style=\"color: #333399;\">Quelles sont les produits les plus import\u00e9s de turquie vers le Maroc ?<\/span><\/h5>\n<p>Les produits les plus import\u00e9s de Turquie vers le Maroc sont :<\/p>\n<p>&#8211; les produits en cuir<br \/>\n&#8211; la c\u00e9ramique<br \/>\n&#8211; les tissus<br \/>\n&#8211; les meubles<br \/>\n&#8211; les jouets.<\/p>\n\n\t\t<\/div>\n\t<\/div>\n<\/div><\/div><\/div><\/div><\/div><\/div><\/div><\/div>\n<\/section>","protected":false},"excerpt":{"rendered":"[rev_slider slidertitle=\"Transport de colis entre le maroc et la turquie\" alias=\"societe-demenagement-international-rabat-1\"]Nos Tarifs De Transport Si [...]","protected":false},"author":1,"featured_media":0,"parent":8294,"menu_order":0,"comment_status":"closed","ping_status":"closed","template":"","meta":{"footnotes":""},"yoast_head":"<!-- This site is optimized with the Yoast SEO plugin v22.8 - https:\/\/yoast.com\/wordpress\/plugins\/seo\/ -->\n<title>Transport De Colis Entre Turquie Et Maroc | T\u00e9l :+212663232300<\/title>\n<meta name=\"description\" content=\"Trouvez facilement un transporteur pour transporter vos colis entre la Turquie et le Maroc. T\u00e9l : +212663 232300 \/ infos@ptrans.fr\" \/>\n<meta name=\"robots\" content=\"index, follow, max-snippet:-1, max-image-preview:large, max-video-preview:-1\" \/>\n<link rel=\"canonical\" href=\"https:\/\/ptrans.fr\/fr_fr\/turquie\/transport-de-colis-turquie-maroc\/\" \/>\n<meta property=\"og:locale\" content=\"fr_FR\" \/>\n<meta property=\"og:type\" content=\"article\" \/>\n<meta property=\"og:title\" content=\"Transport De Colis Entre Turquie Et Maroc | T\u00e9l :+212663232300\" \/>\n<meta property=\"og:description\" content=\"Trouvez facilement un transporteur pour transporter vos colis entre la Turquie et le Maroc. T\u00e9l : +212663 232300 \/ infos@ptrans.fr\" \/>\n<meta property=\"og:url\" content=\"https:\/\/ptrans.fr\/fr_fr\/turquie\/transport-de-colis-turquie-maroc\/\" \/>\n<meta property=\"og:site_name\" content=\"Ptrans Soci\u00e9t\u00e9 De Transport &amp; D\u00e9m\u00e9nagements International Entre Le Maroc Et Le Reste Du Monde\" \/>\n<meta property=\"article:publisher\" content=\"https:\/\/www.facebook.com\/PlogisticsEurope\" \/>\n<meta property=\"article:modified_time\" content=\"2022-09-25T15:12:38+00:00\" \/>\n<meta property=\"og:image\" content=\"http:\/\/ptrans.fr\/wp-content\/uploads\/2022\/09\/transport-colis-turquie-maroc.jpg\" \/>\n<meta name=\"twitter:label1\" content=\"Dur\u00e9e de lecture estim\u00e9e\" \/>\n\t<meta name=\"twitter:data1\" content=\"4 minutes\" \/>\n<script type=\"application\/ld+json\" class=\"yoast-schema-graph\">{\"@context\":\"https:\/\/schema.org\",\"@graph\":[{\"@type\":\"Article\",\"@id\":\"https:\/\/ptrans.fr\/turquie\/transport-de-colis-turquie-maroc\/#article\",\"isPartOf\":{\"@id\":\"https:\/\/ptrans.fr\/turquie\/transport-de-colis-turquie-maroc\/\"},\"author\":{\"name\":\"admin\",\"@id\":\"https:\/\/ptrans.fr\/#\/schema\/person\/3a50d5b251b4df119e3598a32b8ce67c\"},\"headline\":\"Transport De Colis Turquie Maroc\",\"datePublished\":\"2022-09-25T13:55:40+00:00\",\"dateModified\":\"2022-09-25T15:12:38+00:00\",\"mainEntityOfPage\":{\"@id\":\"https:\/\/ptrans.fr\/turquie\/transport-de-colis-turquie-maroc\/\"},\"wordCount\":692,\"publisher\":{\"@id\":\"https:\/\/ptrans.fr\/#organization\"},\"image\":{\"@id\":\"https:\/\/ptrans.fr\/turquie\/transport-de-colis-turquie-maroc\/#primaryimage\"},\"thumbnailUrl\":\"http:\/\/ptrans.fr\/wp-content\/uploads\/2022\/09\/transport-colis-turquie-maroc.jpg\",\"inLanguage\":\"fr-FR\"},{\"@type\":\"WebPage\",\"@id\":\"https:\/\/ptrans.fr\/turquie\/transport-de-colis-turquie-maroc\/\",\"url\":\"https:\/\/ptrans.fr\/turquie\/transport-de-colis-turquie-maroc\/\",\"name\":\"Transport De Colis Entre Turquie Et Maroc | T\u00e9l :+212663232300\",\"isPartOf\":{\"@id\":\"https:\/\/ptrans.fr\/#website\"},\"primaryImageOfPage\":{\"@id\":\"https:\/\/ptrans.fr\/turquie\/transport-de-colis-turquie-maroc\/#primaryimage\"},\"image\":{\"@id\":\"https:\/\/ptrans.fr\/turquie\/transport-de-colis-turquie-maroc\/#primaryimage\"},\"thumbnailUrl\":\"http:\/\/ptrans.fr\/wp-content\/uploads\/2022\/09\/transport-colis-turquie-maroc.jpg\",\"datePublished\":\"2022-09-25T13:55:40+00:00\",\"dateModified\":\"2022-09-25T15:12:38+00:00\",\"description\":\"Trouvez facilement un transporteur pour transporter vos colis entre la Turquie et le Maroc. T\u00e9l : +212663 232300 \/ infos@ptrans.fr\",\"breadcrumb\":{\"@id\":\"https:\/\/ptrans.fr\/turquie\/transport-de-colis-turquie-maroc\/#breadcrumb\"},\"inLanguage\":\"fr-FR\",\"potentialAction\":[{\"@type\":\"ReadAction\",\"target\":[\"https:\/\/ptrans.fr\/turquie\/transport-de-colis-turquie-maroc\/\"]}]},{\"@type\":\"ImageObject\",\"inLanguage\":\"fr-FR\",\"@id\":\"https:\/\/ptrans.fr\/turquie\/transport-de-colis-turquie-maroc\/#primaryimage\",\"url\":\"http:\/\/ptrans.fr\/wp-content\/uploads\/2022\/09\/transport-colis-turquie-maroc.jpg\",\"contentUrl\":\"http:\/\/ptrans.fr\/wp-content\/uploads\/2022\/09\/transport-colis-turquie-maroc.jpg\"},{\"@type\":\"BreadcrumbList\",\"@id\":\"https:\/\/ptrans.fr\/turquie\/transport-de-colis-turquie-maroc\/#breadcrumb\",\"itemListElement\":[{\"@type\":\"ListItem\",\"position\":1,\"name\":\"Turquie\",\"item\":\"https:\/\/ptrans.fr\/turquie\/\"},{\"@type\":\"ListItem\",\"position\":2,\"name\":\"Transport De Colis Turquie Maroc\"}]},{\"@type\":\"WebSite\",\"@id\":\"https:\/\/ptrans.fr\/#website\",\"url\":\"https:\/\/ptrans.fr\/\",\"name\":\"Ptrans Soci\u00e9t\u00e9 De Transport Et D\u00e9m\u00e9nagement International Maroc\",\"description\":\"Ptrans Votre Transporteur &amp; D\u00e9m\u00e9nageur Vers Le Maroc\",\"publisher\":{\"@id\":\"https:\/\/ptrans.fr\/#organization\"},\"alternateName\":\"Ptrans\",\"potentialAction\":[{\"@type\":\"SearchAction\",\"target\":{\"@type\":\"EntryPoint\",\"urlTemplate\":\"https:\/\/ptrans.fr\/?s={search_term_string}\"},\"query-input\":\"required name=search_term_string\"}],\"inLanguage\":\"fr-FR\"},{\"@type\":\"Organization\",\"@id\":\"https:\/\/ptrans.fr\/#organization\",\"name\":\"Ptrans Soci\u00e9t\u00e9 De Transport Et D\u00e9m\u00e9nagements International Entre Le Maroc Et Le Reste Du Monde\",\"url\":\"https:\/\/ptrans.fr\/\",\"logo\":{\"@type\":\"ImageObject\",\"inLanguage\":\"fr-FR\",\"@id\":\"https:\/\/ptrans.fr\/#\/schema\/logo\/image\/\",\"url\":\"http:\/\/ptrans.fr\/wp-content\/uploads\/2022\/08\/P.trans-logi_Plan-de-travail-1.png\",\"contentUrl\":\"http:\/\/ptrans.fr\/wp-content\/uploads\/2022\/08\/P.trans-logi_Plan-de-travail-1.png\",\"width\":2481,\"height\":1076,\"caption\":\"Ptrans Soci\u00e9t\u00e9 De Transport Et D\u00e9m\u00e9nagements International Entre Le Maroc Et Le Reste Du Monde\"},\"image\":{\"@id\":\"https:\/\/ptrans.fr\/#\/schema\/logo\/image\/\"},\"sameAs\":[\"https:\/\/www.facebook.com\/PlogisticsEurope\"]},{\"@type\":\"Person\",\"@id\":\"https:\/\/ptrans.fr\/#\/schema\/person\/3a50d5b251b4df119e3598a32b8ce67c\",\"name\":\"admin\",\"image\":{\"@type\":\"ImageObject\",\"inLanguage\":\"fr-FR\",\"@id\":\"https:\/\/ptrans.fr\/#\/schema\/person\/image\/\",\"url\":\"https:\/\/secure.gravatar.com\/avatar\/f1ed11851bb8c89ef1f06d655ba0bd00?s=96&d=mm&r=g\",\"contentUrl\":\"https:\/\/secure.gravatar.com\/avatar\/f1ed11851bb8c89ef1f06d655ba0bd00?s=96&d=mm&r=g\",\"caption\":\"admin\"},\"url\":\"https:\/\/ptrans.fr\/fr_fr\/author\/admin\/\"}]}<\/script>\n<!-- \/ Yoast SEO plugin. -->","yoast_head_json":{"title":"Transport De Colis Entre Turquie Et Maroc | T\u00e9l :+212663232300","description":"Trouvez facilement un transporteur pour transporter vos colis entre la Turquie et le Maroc. T\u00e9l : +212663 232300 \/ infos@ptrans.fr","robots":{"index":"index","follow":"follow","max-snippet":"max-snippet:-1","max-image-preview":"max-image-preview:large","max-video-preview":"max-video-preview:-1"},"canonical":"https:\/\/ptrans.fr\/fr_fr\/turquie\/transport-de-colis-turquie-maroc\/","og_locale":"fr_FR","og_type":"article","og_title":"Transport De Colis Entre Turquie Et Maroc | T\u00e9l :+212663232300","og_description":"Trouvez facilement un transporteur pour transporter vos colis entre la Turquie et le Maroc. T\u00e9l : +212663 232300 \/ infos@ptrans.fr","og_url":"https:\/\/ptrans.fr\/fr_fr\/turquie\/transport-de-colis-turquie-maroc\/","og_site_name":"Ptrans Soci\u00e9t\u00e9 De Transport &amp; D\u00e9m\u00e9nagements International Entre Le Maroc Et Le Reste Du Monde","article_publisher":"https:\/\/www.facebook.com\/PlogisticsEurope","article_modified_time":"2022-09-25T15:12:38+00:00","og_image":[{"url":"http:\/\/ptrans.fr\/wp-content\/uploads\/2022\/09\/transport-colis-turquie-maroc.jpg"}],"twitter_misc":{"Dur\u00e9e de lecture estim\u00e9e":"4 minutes"},"schema":{"@context":"https:\/\/schema.org","@graph":[{"@type":"Article","@id":"https:\/\/ptrans.fr\/turquie\/transport-de-colis-turquie-maroc\/#article","isPartOf":{"@id":"https:\/\/ptrans.fr\/turquie\/transport-de-colis-turquie-maroc\/"},"author":{"name":"admin","@id":"https:\/\/ptrans.fr\/#\/schema\/person\/3a50d5b251b4df119e3598a32b8ce67c"},"headline":"Transport De Colis Turquie Maroc","datePublished":"2022-09-25T13:55:40+00:00","dateModified":"2022-09-25T15:12:38+00:00","mainEntityOfPage":{"@id":"https:\/\/ptrans.fr\/turquie\/transport-de-colis-turquie-maroc\/"},"wordCount":692,"publisher":{"@id":"https:\/\/ptrans.fr\/#organization"},"image":{"@id":"https:\/\/ptrans.fr\/turquie\/transport-de-colis-turquie-maroc\/#primaryimage"},"thumbnailUrl":"http:\/\/ptrans.fr\/wp-content\/uploads\/2022\/09\/transport-colis-turquie-maroc.jpg","inLanguage":"fr-FR"},{"@type":"WebPage","@id":"https:\/\/ptrans.fr\/turquie\/transport-de-colis-turquie-maroc\/","url":"https:\/\/ptrans.fr\/turquie\/transport-de-colis-turquie-maroc\/","name":"Transport De Colis Entre Turquie Et Maroc | T\u00e9l :+212663232300","isPartOf":{"@id":"https:\/\/ptrans.fr\/#website"},"primaryImageOfPage":{"@id":"https:\/\/ptrans.fr\/turquie\/transport-de-colis-turquie-maroc\/#primaryimage"},"image":{"@id":"https:\/\/ptrans.fr\/turquie\/transport-de-colis-turquie-maroc\/#primaryimage"},"thumbnailUrl":"http:\/\/ptrans.fr\/wp-content\/uploads\/2022\/09\/transport-colis-turquie-maroc.jpg","datePublished":"2022-09-25T13:55:40+00:00","dateModified":"2022-09-25T15:12:38+00:00","description":"Trouvez facilement un transporteur pour transporter vos colis entre la Turquie et le Maroc. T\u00e9l : +212663 232300 \/ infos@ptrans.fr","breadcrumb":{"@id":"https:\/\/ptrans.fr\/turquie\/transport-de-colis-turquie-maroc\/#breadcrumb"},"inLanguage":"fr-FR","potentialAction":[{"@type":"ReadAction","target":["https:\/\/ptrans.fr\/turquie\/transport-de-colis-turquie-maroc\/"]}]},{"@type":"ImageObject","inLanguage":"fr-FR","@id":"https:\/\/ptrans.fr\/turquie\/transport-de-colis-turquie-maroc\/#primaryimage","url":"http:\/\/ptrans.fr\/wp-content\/uploads\/2022\/09\/transport-colis-turquie-maroc.jpg","contentUrl":"http:\/\/ptrans.fr\/wp-content\/uploads\/2022\/09\/transport-colis-turquie-maroc.jpg"},{"@type":"BreadcrumbList","@id":"https:\/\/ptrans.fr\/turquie\/transport-de-colis-turquie-maroc\/#breadcrumb","itemListElement":[{"@type":"ListItem","position":1,"name":"Turquie","item":"https:\/\/ptrans.fr\/turquie\/"},{"@type":"ListItem","position":2,"name":"Transport De Colis Turquie Maroc"}]},{"@type":"WebSite","@id":"https:\/\/ptrans.fr\/#website","url":"https:\/\/ptrans.fr\/","name":"Ptrans Soci\u00e9t\u00e9 De Transport Et D\u00e9m\u00e9nagement International Maroc","description":"Ptrans Votre Transporteur &amp; D\u00e9m\u00e9nageur Vers Le Maroc","publisher":{"@id":"https:\/\/ptrans.fr\/#organization"},"alternateName":"Ptrans","potentialAction":[{"@type":"SearchAction","target":{"@type":"EntryPoint","urlTemplate":"https:\/\/ptrans.fr\/?s={search_term_string}"},"query-input":"required name=search_term_string"}],"inLanguage":"fr-FR"},{"@type":"Organization","@id":"https:\/\/ptrans.fr\/#organization","name":"Ptrans Soci\u00e9t\u00e9 De Transport Et D\u00e9m\u00e9nagements International Entre Le Maroc Et Le Reste Du Monde","url":"https:\/\/ptrans.fr\/","logo":{"@type":"ImageObject","inLanguage":"fr-FR","@id":"https:\/\/ptrans.fr\/#\/schema\/logo\/image\/","url":"http:\/\/ptrans.fr\/wp-content\/uploads\/2022\/08\/P.trans-logi_Plan-de-travail-1.png","contentUrl":"http:\/\/ptrans.fr\/wp-content\/uploads\/2022\/08\/P.trans-logi_Plan-de-travail-1.png","width":2481,"height":1076,"caption":"Ptrans Soci\u00e9t\u00e9 De Transport Et D\u00e9m\u00e9nagements International Entre Le Maroc Et Le Reste Du Monde"},"image":{"@id":"https:\/\/ptrans.fr\/#\/schema\/logo\/image\/"},"sameAs":["https:\/\/www.facebook.com\/PlogisticsEurope"]},{"@type":"Person","@id":"https:\/\/ptrans.fr\/#\/schema\/person\/3a50d5b251b4df119e3598a32b8ce67c","name":"admin","image":{"@type":"ImageObject","inLanguage":"fr-FR","@id":"https:\/\/ptrans.fr\/#\/schema\/person\/image\/","url":"https:\/\/secure.gravatar.com\/avatar\/f1ed11851bb8c89ef1f06d655ba0bd00?s=96&d=mm&r=g","contentUrl":"https:\/\/secure.gravatar.com\/avatar\/f1ed11851bb8c89ef1f06d655ba0bd00?s=96&d=mm&r=g","caption":"admin"},"url":"https:\/\/ptrans.fr\/fr_fr\/author\/admin\/"}]}},"jetpack_sharing_enabled":true,"jetpack_likes_enabled":true,"_links":{"self":[{"href":"https:\/\/ptrans.fr\/fr_fr\/wp-json\/wp\/v2\/pages\/8308"}],"collection":[{"href":"https:\/\/ptrans.fr\/fr_fr\/wp-json\/wp\/v2\/pages"}],"about":[{"href":"https:\/\/ptrans.fr\/fr_fr\/wp-json\/wp\/v2\/types\/page"}],"author":[{"embeddable":true,"href":"https:\/\/ptrans.fr\/fr_fr\/wp-json\/wp\/v2\/users\/1"}],"replies":[{"embeddable":true,"href":"https:\/\/ptrans.fr\/fr_fr\/wp-json\/wp\/v2\/comments?post=8308"}],"version-history":[{"count":0,"href":"https:\/\/ptrans.fr\/fr_fr\/wp-json\/wp\/v2\/pages\/8308\/revisions"}],"up":[{"embeddable":true,"href":"https:\/\/ptrans.fr\/fr_fr\/wp-json\/wp\/v2\/pages\/8294"}],"wp:attachment":[{"href":"https:\/\/ptrans.fr\/fr_fr\/wp-json\/wp\/v2\/media?parent=8308"}],"curies":[{"name":"wp","href":"https:\/\/api.w.org\/{rel}","templated":true}]}}