{"id":8325,"date":"2022-09-25T16:58:59","date_gmt":"2022-09-25T15:58:59","guid":{"rendered":"http:\/\/ptrans.fr\/?page_id=8325"},"modified":"2022-10-24T02:41:38","modified_gmt":"2022-10-24T01:41:38","slug":"tarifs-demenagement-maroc-etats-unis-amerique","status":"publish","type":"page","link":"https:\/\/ptrans.fr\/fr_fr\/usa\/tarifs-demenagement-maroc-etats-unis-amerique\/","title":{"rendered":"Tarifs D\u00e9m\u00e9nagement Maroc Etats-unis Am\u00e9rique"},"content":{"rendered":"<section class=\"wpb-content-wrapper\"><div class=\"vc_row wpb_row vc_row-fluid\"><div class=\"wpb_column vc_column_container vc_col-sm-12\"><div class=\"vc_column-inner\"><div class=\"wpb_wrapper\">[rev_slider slidertitle=\u00a0\u00bbD\u00e9m\u00e9nagement International Maroc Etats-unis am\u00e9rique\u00a0\u00bb alias=\u00a0\u00bbtransport-de-colis-entre-le-maroc-et-la-turquie-1&Prime;]<div class=\"vc_empty_space\"   style=\"height: 32px\"><span class=\"vc_empty_space_inner\"><\/span><\/div><div class=\"vc_btn3-container vc_btn3-center\" ><a class=\"vc_general vc_btn3 vc_btn3-size-lg vc_btn3-shape-rounded vc_btn3-style-modern vc_btn3-color-primary\" href=\"http:\/\/ptrans.fr\/estimer-le-prix\/\" title=\"Estimer le prix\">Consulter Nos Tarifs En Ligne<\/a><\/div><div class=\"vc_empty_space\"   style=\"height: 32px\"><span class=\"vc_empty_space_inner\"><\/span><\/div><\/div><\/div><\/div><\/div><div class=\"vc_row wpb_row vc_row-fluid\"><div class=\"wpb_column vc_column_container vc_col-sm-6\"><div class=\"vc_column-inner\"><div class=\"wpb_wrapper\">\n\t<div class=\"wpb_text_column wpb_content_element \" >\n\t\t<div class=\"wpb_wrapper\">\n\t\t\t<p>Si vous d\u00e9cidez de r\u00e9aliser un d\u00e9m\u00e9nagement maroc \u00e9tats-unis am\u00e9rique, vous aurez besoin d&rsquo;un bon d\u00e9m\u00e9nageur. Ptrans est votre meilleure option pour ce type de d\u00e9m\u00e9nagement. Nous offrons des services complets et une assistance de A \u00e0 Z. Que ce soit pour un d\u00e9m\u00e9nagement commercial ou priv\u00e9, nous pouvons vous aider! Contactez-nous d\u00e8s maintenant pour obtenir plus d&rsquo;informations sur nos tarifs et services.<\/p>\n<p>Ptrans est une entreprise sp\u00e9cialis\u00e9e dans le d\u00e9m\u00e9nagement international Maoc \u00e9tats-unis d&rsquo;am\u00e9rique. Nous avons plus de 10 ans d&rsquo;exp\u00e9rience dans ce domaine et nous avons d\u00e9m\u00e9nag\u00e9 des milliers de clients au Maroc, en Europe et aux \u00c9tats-Unis. Contactez-nous d\u00e8s maintenant pour obtenir plus d&rsquo;informations sur nos tarifs et services.<\/p>\n<p><a href=\"http:\/\/ptrans.fr\/wp-content\/uploads\/2022\/09\/demenageur-maroc-amerique.jpg\"><img loading=\"lazy\" decoding=\"async\" class=\"size-full wp-image-8332 aligncenter\" src=\"http:\/\/ptrans.fr\/wp-content\/uploads\/2022\/09\/demenageur-maroc-amerique.jpg\" alt=\"d\u00e9m\u00e9nagement maroc \u00e9tats unis am\u00e9rique tarifs douane\" width=\"1200\" height=\"675\" srcset=\"https:\/\/ptrans.fr\/wp-content\/uploads\/2022\/09\/demenageur-maroc-amerique.jpg 1200w, https:\/\/ptrans.fr\/wp-content\/uploads\/2022\/09\/demenageur-maroc-amerique-300x169.jpg 300w, https:\/\/ptrans.fr\/wp-content\/uploads\/2022\/09\/demenageur-maroc-amerique-1024x576.jpg 1024w, https:\/\/ptrans.fr\/wp-content\/uploads\/2022\/09\/demenageur-maroc-amerique-768x432.jpg 768w, https:\/\/ptrans.fr\/wp-content\/uploads\/2022\/09\/demenageur-maroc-amerique-800x450.jpg 800w\" sizes=\"(max-width: 1200px) 100vw, 1200px\" \/><\/a><\/p>\n\n\t\t<\/div>\n\t<\/div>\n<div class=\"vc_empty_space\"   style=\"height: 32px\"><span class=\"vc_empty_space_inner\"><\/span><\/div>\n\t<div class=\"wpb_text_column wpb_content_element \" >\n\t\t<div class=\"wpb_wrapper\">\n\t\t\t<h4><span style=\"color: #333399;\">comment vivre aux \u00e9tats-unis d&rsquo;am\u00e9rique ( usa ) ?<\/span><\/h4>\n<p>Renseignez-vous sur les diff\u00e9rentes r\u00e9gions des \u00c9tats-Unis et choisissez celle qui vous convient le mieux. Vous devrez peut-\u00eatre faire quelques ajustements une fois que vous serez arriv\u00e9, mais il est important de commencer \u00e0 chercher un endroit avant votre d\u00e9m\u00e9nagement, afin que vous puissiez vous concentrer sur votre nouvelle vie une fois que vous serez arriv\u00e9. Ptrans peut vous aider \u00e0 trouver un logement en fonction de votre budget et de vos besoins.<\/p>\n<p>D\u00e9m\u00e9nager aux \u00c9tats-Unis est une excellente opportunit\u00e9 pour commencer une nouvelle vie. Les \u00c9tats-Unis offrent un large \u00e9ventail de possibilit\u00e9s, quelle que soit la r\u00e9gion o\u00f9 vous choisissez de vous installer. Contactez-nous d\u00e8s maintenant pour obtenir plus d&rsquo;informations sur nos tarifs et services. Ptrans est l\u00e0 pour vous aider \u00e0 chaque \u00e9tape du processus de d\u00e9m\u00e9nagement, afin que vous puissiez profiter pleinement de votre nouvelle vie!<\/p>\n\n\t\t<\/div>\n\t<\/div>\n<\/div><\/div><\/div><div class=\"wpb_column vc_column_container vc_col-sm-6\"><div class=\"vc_column-inner\"><div class=\"wpb_wrapper\"><div class=\"vc_empty_space\"   style=\"height: 32px\"><span class=\"vc_empty_space_inner\"><\/span><\/div>\n\t<div class=\"wpb_text_column wpb_content_element \" >\n\t\t<div class=\"wpb_wrapper\">\n\t\t\t<h4><span style=\"color: #000080;\">Quelles sont les documents \u00e0 fournir pour mon d\u00e9m\u00e9nagement maroc etats-unis am\u00e9rique ?<\/span><\/h4>\n<p>Pour d\u00e9m\u00e9nager du Maroc aux \u00c9tats-Unis, vous aurez besoin de certains documents. Ces documents incluent:<\/p>\n<p>&#8211; votre passeport et visa<\/p>\n<p>&#8211; une carte d&rsquo;assurance maladie<\/p>\n<p>&#8211; attestation de changement de r\u00e9sidence<\/p>\n<p>&#8211; une liste de vos biens \u00e0 d\u00e9m\u00e9nager<\/p>\n<p>Assurez-vous de rassembler ces documents avant de commencer le processus de d\u00e9m\u00e9nagement. Ptrans peut vous aider \u00e0 obtenir tous les documents n\u00e9cessaires pour un d\u00e9m\u00e9nagement en toute s\u00e9curit\u00e9 et en conformit\u00e9 avec la loi.<\/p>\n<p>Ptrans est votre meilleure option pour d\u00e9m\u00e9nager du Maroc aux \u00c9tats-Unis. Contactez-nous d\u00e8s maintenant pour obtenir plus d&rsquo;informations sur nos tarifs et services. Nous sommes l\u00e0 pour vous aider \u00e0 chaque \u00e9tape du processus de d\u00e9m\u00e9nagement, afin que vous puissiez vous concentrer sur votre nouvelle vie!<\/p>\n<h4><span style=\"color: #000080;\"><a href=\"http:\/\/ptrans.fr\/wp-content\/uploads\/2022\/09\/tarifs-demenagement-maroc-amerique.webp\"><img loading=\"lazy\" decoding=\"async\" class=\"size-full wp-image-8333 aligncenter\" src=\"http:\/\/ptrans.fr\/wp-content\/uploads\/2022\/09\/tarifs-demenagement-maroc-amerique.webp\" alt=\"\" width=\"400\" height=\"300\" srcset=\"https:\/\/ptrans.fr\/wp-content\/uploads\/2022\/09\/tarifs-demenagement-maroc-amerique.webp 400w, https:\/\/ptrans.fr\/wp-content\/uploads\/2022\/09\/tarifs-demenagement-maroc-amerique-300x225.webp 300w\" sizes=\"(max-width: 400px) 100vw, 400px\" \/><\/a><\/span><\/h4>\n<h4><span style=\"color: #000080;\">Quel est le cout de d\u00e9m\u00e9nagement maroc etats-unis am\u00e9rique \u00a0?<\/span><\/h4>\n<p>Le co\u00fbt de d\u00e9m\u00e9nagement du Maroc aux \u00c9tats-Unis d\u00e9pend de plusieurs facteurs. Ces facteurs incluent la taille et le nombre de vos biens \u00e0 d\u00e9m\u00e9nager, ainsi que le mode de transport que vous choisissez. Ptrans peut vous aider \u00e0 \u00e9valuer le co\u00fbt de votre d\u00e9m\u00e9nagement et \u00e0 trouver la meilleure option pour votre budget. Contactez-nous d\u00e8s maintenant pour obtenir un devis gratuit!<\/p>\n<p>D\u00e9m\u00e9nager du Maroc aux \u00c9tats-Unis peut \u00eatre une exp\u00e9rience stressante. Cependant, en choisissant Ptrans comme votre d\u00e9m\u00e9nageur, vous pouvez \u00eatre assur\u00e9 que votre d\u00e9m\u00e9nagement se d\u00e9roulera sans probl\u00e8me. Nous offrons des services complets et une assistance de A \u00e0 Z. Contactez-nous d\u00e8s maintenant pour obtenir plus d&rsquo;informations sur nos tarifs et services. Ptrans est votre meilleure option pour un d\u00e9m\u00e9nagement en toute s\u00e9curit\u00e9 et en conformit\u00e9 avec la loi.<\/p>\n<p>Merci de faire confiance \u00e0 Ptrans!<\/p>\n<h2><span style=\"color: #333399;\">Conclusion<\/span><\/h2>\n<p>Les \u00c9tats-Unis d&rsquo;Am\u00e9rique offrent une grande vari\u00e9t\u00e9 de possibilit\u00e9s pour les nouveaux arrivants. Que vous cherchiez \u00e0 travailler, \u00e9tudier ou simplement vivre aux \u00c9tats-Unis, il y a une place pour vous! Les \u00c9tats-Unis offrent un climat vari\u00e9, des paysages magnifiques et une riche culture diversifi\u00e9e. Contactez-nous d\u00e8s maintenant pour obtenir plus d&rsquo;informations sur la fa\u00e7on de d\u00e9m\u00e9nager aux \u00c9tats-Unis. Ptrans est l\u00e0 pour vous aider \u00e0 chaque \u00e9tape du processus de d\u00e9m\u00e9nagement, afin que vous puissiez vous concentrer sur votre nouvelle vie!<\/p>\n<p>D\u00e9m\u00e9nager aux \u00c9tats-Unis peut sembler \u00eatre un d\u00e9fi. Cependant, en choisissant Ptrans comme votre d\u00e9m\u00e9nageur, vous pouvez \u00eatre assur\u00e9 que votre d\u00e9m\u00e9nagement se d\u00e9roulera sans probl\u00e8me. Nous offrons des services complets et une assistance de A \u00e0 Z. Contactez-nous d\u00e8s maintenant pour obtenir plus d&rsquo;informations sur nos tarifs et services. Ptrans est votre meilleure option pour un d\u00e9m\u00e9nagement en toute s\u00e9curit\u00e9 et en conformit\u00e9 avec la loi.<\/p>\n<p>Merci de faire confiance \u00e0 Ptrans!<\/p>\n<p>Ptrans est votre meilleure option pour d\u00e9m\u00e9nager du Maroc aux \u00c9tats-Unis d&rsquo;am\u00e9rique en toute s\u00e9curit\u00e9 et conform\u00e9ment \u00e0 la loi. Nous offrons des services complets de A \u00e0 Z, y compris un devis gratuit. Contactez-nous d\u00e8s maintenant pour obtenir plus d&rsquo;informations! Merci de faire confiance \u00e0 Ptrans!<\/p>\n<p>Pour plus d&rsquo;informations sur le d\u00e9m\u00e9nagement au Maroc ou aux \u00c9tats-Unis d&rsquo;am\u00e9rique, n&rsquo;h\u00e9sitez pas \u00e0 contacter Ptrans. Nous serons heureux de vous fournir un devis gratuit et des conseils professionnels. Merci de faire confiance \u00e0 Ptrans!<\/p>\n<p><a href=\"https:\/\/www.routard.com\/guide_a_voir\/etats_unis.htm\">D\u00e9couvrir les Etats-unis<\/a><\/p>\n<p><a href=\"http:\/\/ptrans.fr\/estimer-le-prix\/\">Estimer le prix de transport<\/a><\/p>\n\n\t\t<\/div>\n\t<\/div>\n<\/div><\/div><\/div><\/div>\n<\/section>","protected":false},"excerpt":{"rendered":"[rev_slider slidertitle=\"D\u00e9m\u00e9nagement International Maroc Etats-unis am\u00e9rique\" alias=\"transport-de-colis-entre-le-maroc-et-la-turquie-1\"]Consulter Nos Tarifs En Ligne Si vous d\u00e9cidez de [...]","protected":false},"author":1,"featured_media":0,"parent":8322,"menu_order":0,"comment_status":"closed","ping_status":"closed","template":"","meta":{"footnotes":""},"yoast_head":"<!-- This site is optimized with the Yoast SEO plugin v22.8 - https:\/\/yoast.com\/wordpress\/plugins\/seo\/ -->\n<title>Tarifs | D\u00e9m\u00e9nagement Maroc Etats-unis | T\u00e9l : +212 663 23 23 00<\/title>\n<meta name=\"description\" content=\"D\u00e9couvrez les services de d\u00e9m\u00e9nagement maroc etats-unis am\u00e9rique.T\u00e9l\u00e9phone : +212663232300 \/ infos@ptrans.fr\" \/>\n<meta name=\"robots\" content=\"index, follow, max-snippet:-1, max-image-preview:large, max-video-preview:-1\" \/>\n<link rel=\"canonical\" href=\"https:\/\/ptrans.fr\/fr_fr\/usa\/tarifs-demenagement-maroc-etats-unis-amerique\/\" \/>\n<meta property=\"og:locale\" content=\"fr_FR\" \/>\n<meta property=\"og:type\" content=\"article\" \/>\n<meta property=\"og:title\" content=\"Tarifs | D\u00e9m\u00e9nagement Maroc Etats-unis | T\u00e9l : +212 663 23 23 00\" \/>\n<meta property=\"og:description\" content=\"D\u00e9couvrez les services de d\u00e9m\u00e9nagement maroc etats-unis am\u00e9rique.T\u00e9l\u00e9phone : +212663232300 \/ infos@ptrans.fr\" \/>\n<meta property=\"og:url\" content=\"https:\/\/ptrans.fr\/fr_fr\/usa\/tarifs-demenagement-maroc-etats-unis-amerique\/\" \/>\n<meta property=\"og:site_name\" content=\"Ptrans Soci\u00e9t\u00e9 De Transport &amp; D\u00e9m\u00e9nagements International Entre Le Maroc Et Le Reste Du Monde\" \/>\n<meta property=\"article:publisher\" content=\"https:\/\/www.facebook.com\/PlogisticsEurope\" \/>\n<meta property=\"article:modified_time\" content=\"2022-10-24T01:41:38+00:00\" \/>\n<meta property=\"og:image\" content=\"http:\/\/ptrans.fr\/wp-content\/uploads\/2022\/09\/demenageur-maroc-amerique.jpg\" \/>\n<meta name=\"twitter:label1\" content=\"Dur\u00e9e de lecture estim\u00e9e\" \/>\n\t<meta name=\"twitter:data1\" content=\"5 minutes\" \/>\n<script type=\"application\/ld+json\" class=\"yoast-schema-graph\">{\"@context\":\"https:\/\/schema.org\",\"@graph\":[{\"@type\":\"Article\",\"@id\":\"https:\/\/ptrans.fr\/usa\/tarifs-demenagement-maroc-etats-unis-amerique\/#article\",\"isPartOf\":{\"@id\":\"https:\/\/ptrans.fr\/usa\/tarifs-demenagement-maroc-etats-unis-amerique\/\"},\"author\":{\"name\":\"admin\",\"@id\":\"https:\/\/ptrans.fr\/#\/schema\/person\/3a50d5b251b4df119e3598a32b8ce67c\"},\"headline\":\"Tarifs D\u00e9m\u00e9nagement Maroc Etats-unis Am\u00e9rique\",\"datePublished\":\"2022-09-25T15:58:59+00:00\",\"dateModified\":\"2022-10-24T01:41:38+00:00\",\"mainEntityOfPage\":{\"@id\":\"https:\/\/ptrans.fr\/usa\/tarifs-demenagement-maroc-etats-unis-amerique\/\"},\"wordCount\":971,\"publisher\":{\"@id\":\"https:\/\/ptrans.fr\/#organization\"},\"image\":{\"@id\":\"https:\/\/ptrans.fr\/usa\/tarifs-demenagement-maroc-etats-unis-amerique\/#primaryimage\"},\"thumbnailUrl\":\"http:\/\/ptrans.fr\/wp-content\/uploads\/2022\/09\/demenageur-maroc-amerique.jpg\",\"inLanguage\":\"fr-FR\"},{\"@type\":\"WebPage\",\"@id\":\"https:\/\/ptrans.fr\/usa\/tarifs-demenagement-maroc-etats-unis-amerique\/\",\"url\":\"https:\/\/ptrans.fr\/usa\/tarifs-demenagement-maroc-etats-unis-amerique\/\",\"name\":\"Tarifs | D\u00e9m\u00e9nagement Maroc Etats-unis | T\u00e9l : +212 663 23 23 00\",\"isPartOf\":{\"@id\":\"https:\/\/ptrans.fr\/#website\"},\"primaryImageOfPage\":{\"@id\":\"https:\/\/ptrans.fr\/usa\/tarifs-demenagement-maroc-etats-unis-amerique\/#primaryimage\"},\"image\":{\"@id\":\"https:\/\/ptrans.fr\/usa\/tarifs-demenagement-maroc-etats-unis-amerique\/#primaryimage\"},\"thumbnailUrl\":\"http:\/\/ptrans.fr\/wp-content\/uploads\/2022\/09\/demenageur-maroc-amerique.jpg\",\"datePublished\":\"2022-09-25T15:58:59+00:00\",\"dateModified\":\"2022-10-24T01:41:38+00:00\",\"description\":\"D\u00e9couvrez les services de d\u00e9m\u00e9nagement maroc etats-unis am\u00e9rique.T\u00e9l\u00e9phone : +212663232300 \/ infos@ptrans.fr\",\"breadcrumb\":{\"@id\":\"https:\/\/ptrans.fr\/usa\/tarifs-demenagement-maroc-etats-unis-amerique\/#breadcrumb\"},\"inLanguage\":\"fr-FR\",\"potentialAction\":[{\"@type\":\"ReadAction\",\"target\":[\"https:\/\/ptrans.fr\/usa\/tarifs-demenagement-maroc-etats-unis-amerique\/\"]}]},{\"@type\":\"ImageObject\",\"inLanguage\":\"fr-FR\",\"@id\":\"https:\/\/ptrans.fr\/usa\/tarifs-demenagement-maroc-etats-unis-amerique\/#primaryimage\",\"url\":\"http:\/\/ptrans.fr\/wp-content\/uploads\/2022\/09\/demenageur-maroc-amerique.jpg\",\"contentUrl\":\"http:\/\/ptrans.fr\/wp-content\/uploads\/2022\/09\/demenageur-maroc-amerique.jpg\"},{\"@type\":\"BreadcrumbList\",\"@id\":\"https:\/\/ptrans.fr\/usa\/tarifs-demenagement-maroc-etats-unis-amerique\/#breadcrumb\",\"itemListElement\":[{\"@type\":\"ListItem\",\"position\":1,\"name\":\"USA\",\"item\":\"https:\/\/ptrans.fr\/usa\/\"},{\"@type\":\"ListItem\",\"position\":2,\"name\":\"Tarifs D\u00e9m\u00e9nagement Maroc Etats-unis Am\u00e9rique\"}]},{\"@type\":\"WebSite\",\"@id\":\"https:\/\/ptrans.fr\/#website\",\"url\":\"https:\/\/ptrans.fr\/\",\"name\":\"Ptrans Soci\u00e9t\u00e9 De Transport Et D\u00e9m\u00e9nagement International Maroc\",\"description\":\"Ptrans Votre Transporteur &amp; D\u00e9m\u00e9nageur Vers Le Maroc\",\"publisher\":{\"@id\":\"https:\/\/ptrans.fr\/#organization\"},\"alternateName\":\"Ptrans\",\"potentialAction\":[{\"@type\":\"SearchAction\",\"target\":{\"@type\":\"EntryPoint\",\"urlTemplate\":\"https:\/\/ptrans.fr\/?s={search_term_string}\"},\"query-input\":\"required name=search_term_string\"}],\"inLanguage\":\"fr-FR\"},{\"@type\":\"Organization\",\"@id\":\"https:\/\/ptrans.fr\/#organization\",\"name\":\"Ptrans Soci\u00e9t\u00e9 De Transport Et D\u00e9m\u00e9nagements International Entre Le Maroc Et Le Reste Du Monde\",\"url\":\"https:\/\/ptrans.fr\/\",\"logo\":{\"@type\":\"ImageObject\",\"inLanguage\":\"fr-FR\",\"@id\":\"https:\/\/ptrans.fr\/#\/schema\/logo\/image\/\",\"url\":\"http:\/\/ptrans.fr\/wp-content\/uploads\/2022\/08\/P.trans-logi_Plan-de-travail-1.png\",\"contentUrl\":\"http:\/\/ptrans.fr\/wp-content\/uploads\/2022\/08\/P.trans-logi_Plan-de-travail-1.png\",\"width\":2481,\"height\":1076,\"caption\":\"Ptrans Soci\u00e9t\u00e9 De Transport Et D\u00e9m\u00e9nagements International Entre Le Maroc Et Le Reste Du Monde\"},\"image\":{\"@id\":\"https:\/\/ptrans.fr\/#\/schema\/logo\/image\/\"},\"sameAs\":[\"https:\/\/www.facebook.com\/PlogisticsEurope\"]},{\"@type\":\"Person\",\"@id\":\"https:\/\/ptrans.fr\/#\/schema\/person\/3a50d5b251b4df119e3598a32b8ce67c\",\"name\":\"admin\",\"image\":{\"@type\":\"ImageObject\",\"inLanguage\":\"fr-FR\",\"@id\":\"https:\/\/ptrans.fr\/#\/schema\/person\/image\/\",\"url\":\"https:\/\/secure.gravatar.com\/avatar\/f1ed11851bb8c89ef1f06d655ba0bd00?s=96&d=mm&r=g\",\"contentUrl\":\"https:\/\/secure.gravatar.com\/avatar\/f1ed11851bb8c89ef1f06d655ba0bd00?s=96&d=mm&r=g\",\"caption\":\"admin\"},\"url\":\"https:\/\/ptrans.fr\/fr_fr\/author\/admin\/\"}]}<\/script>\n<!-- \/ Yoast SEO plugin. -->","yoast_head_json":{"title":"Tarifs | D\u00e9m\u00e9nagement Maroc Etats-unis | T\u00e9l : +212 663 23 23 00","description":"D\u00e9couvrez les services de d\u00e9m\u00e9nagement maroc etats-unis am\u00e9rique.T\u00e9l\u00e9phone : +212663232300 \/ infos@ptrans.fr","robots":{"index":"index","follow":"follow","max-snippet":"max-snippet:-1","max-image-preview":"max-image-preview:large","max-video-preview":"max-video-preview:-1"},"canonical":"https:\/\/ptrans.fr\/fr_fr\/usa\/tarifs-demenagement-maroc-etats-unis-amerique\/","og_locale":"fr_FR","og_type":"article","og_title":"Tarifs | D\u00e9m\u00e9nagement Maroc Etats-unis | T\u00e9l : +212 663 23 23 00","og_description":"D\u00e9couvrez les services de d\u00e9m\u00e9nagement maroc etats-unis am\u00e9rique.T\u00e9l\u00e9phone : +212663232300 \/ infos@ptrans.fr","og_url":"https:\/\/ptrans.fr\/fr_fr\/usa\/tarifs-demenagement-maroc-etats-unis-amerique\/","og_site_name":"Ptrans Soci\u00e9t\u00e9 De Transport &amp; D\u00e9m\u00e9nagements International Entre Le Maroc Et Le Reste Du Monde","article_publisher":"https:\/\/www.facebook.com\/PlogisticsEurope","article_modified_time":"2022-10-24T01:41:38+00:00","og_image":[{"url":"http:\/\/ptrans.fr\/wp-content\/uploads\/2022\/09\/demenageur-maroc-amerique.jpg"}],"twitter_misc":{"Dur\u00e9e de lecture estim\u00e9e":"5 minutes"},"schema":{"@context":"https:\/\/schema.org","@graph":[{"@type":"Article","@id":"https:\/\/ptrans.fr\/usa\/tarifs-demenagement-maroc-etats-unis-amerique\/#article","isPartOf":{"@id":"https:\/\/ptrans.fr\/usa\/tarifs-demenagement-maroc-etats-unis-amerique\/"},"author":{"name":"admin","@id":"https:\/\/ptrans.fr\/#\/schema\/person\/3a50d5b251b4df119e3598a32b8ce67c"},"headline":"Tarifs D\u00e9m\u00e9nagement Maroc Etats-unis Am\u00e9rique","datePublished":"2022-09-25T15:58:59+00:00","dateModified":"2022-10-24T01:41:38+00:00","mainEntityOfPage":{"@id":"https:\/\/ptrans.fr\/usa\/tarifs-demenagement-maroc-etats-unis-amerique\/"},"wordCount":971,"publisher":{"@id":"https:\/\/ptrans.fr\/#organization"},"image":{"@id":"https:\/\/ptrans.fr\/usa\/tarifs-demenagement-maroc-etats-unis-amerique\/#primaryimage"},"thumbnailUrl":"http:\/\/ptrans.fr\/wp-content\/uploads\/2022\/09\/demenageur-maroc-amerique.jpg","inLanguage":"fr-FR"},{"@type":"WebPage","@id":"https:\/\/ptrans.fr\/usa\/tarifs-demenagement-maroc-etats-unis-amerique\/","url":"https:\/\/ptrans.fr\/usa\/tarifs-demenagement-maroc-etats-unis-amerique\/","name":"Tarifs | D\u00e9m\u00e9nagement Maroc Etats-unis | T\u00e9l : +212 663 23 23 00","isPartOf":{"@id":"https:\/\/ptrans.fr\/#website"},"primaryImageOfPage":{"@id":"https:\/\/ptrans.fr\/usa\/tarifs-demenagement-maroc-etats-unis-amerique\/#primaryimage"},"image":{"@id":"https:\/\/ptrans.fr\/usa\/tarifs-demenagement-maroc-etats-unis-amerique\/#primaryimage"},"thumbnailUrl":"http:\/\/ptrans.fr\/wp-content\/uploads\/2022\/09\/demenageur-maroc-amerique.jpg","datePublished":"2022-09-25T15:58:59+00:00","dateModified":"2022-10-24T01:41:38+00:00","description":"D\u00e9couvrez les services de d\u00e9m\u00e9nagement maroc etats-unis am\u00e9rique.T\u00e9l\u00e9phone : +212663232300 \/ infos@ptrans.fr","breadcrumb":{"@id":"https:\/\/ptrans.fr\/usa\/tarifs-demenagement-maroc-etats-unis-amerique\/#breadcrumb"},"inLanguage":"fr-FR","potentialAction":[{"@type":"ReadAction","target":["https:\/\/ptrans.fr\/usa\/tarifs-demenagement-maroc-etats-unis-amerique\/"]}]},{"@type":"ImageObject","inLanguage":"fr-FR","@id":"https:\/\/ptrans.fr\/usa\/tarifs-demenagement-maroc-etats-unis-amerique\/#primaryimage","url":"http:\/\/ptrans.fr\/wp-content\/uploads\/2022\/09\/demenageur-maroc-amerique.jpg","contentUrl":"http:\/\/ptrans.fr\/wp-content\/uploads\/2022\/09\/demenageur-maroc-amerique.jpg"},{"@type":"BreadcrumbList","@id":"https:\/\/ptrans.fr\/usa\/tarifs-demenagement-maroc-etats-unis-amerique\/#breadcrumb","itemListElement":[{"@type":"ListItem","position":1,"name":"USA","item":"https:\/\/ptrans.fr\/usa\/"},{"@type":"ListItem","position":2,"name":"Tarifs D\u00e9m\u00e9nagement Maroc Etats-unis Am\u00e9rique"}]},{"@type":"WebSite","@id":"https:\/\/ptrans.fr\/#website","url":"https:\/\/ptrans.fr\/","name":"Ptrans Soci\u00e9t\u00e9 De Transport Et D\u00e9m\u00e9nagement International Maroc","description":"Ptrans Votre Transporteur &amp; D\u00e9m\u00e9nageur Vers Le Maroc","publisher":{"@id":"https:\/\/ptrans.fr\/#organization"},"alternateName":"Ptrans","potentialAction":[{"@type":"SearchAction","target":{"@type":"EntryPoint","urlTemplate":"https:\/\/ptrans.fr\/?s={search_term_string}"},"query-input":"required name=search_term_string"}],"inLanguage":"fr-FR"},{"@type":"Organization","@id":"https:\/\/ptrans.fr\/#organization","name":"Ptrans Soci\u00e9t\u00e9 De Transport Et D\u00e9m\u00e9nagements International Entre Le Maroc Et Le Reste Du Monde","url":"https:\/\/ptrans.fr\/","logo":{"@type":"ImageObject","inLanguage":"fr-FR","@id":"https:\/\/ptrans.fr\/#\/schema\/logo\/image\/","url":"http:\/\/ptrans.fr\/wp-content\/uploads\/2022\/08\/P.trans-logi_Plan-de-travail-1.png","contentUrl":"http:\/\/ptrans.fr\/wp-content\/uploads\/2022\/08\/P.trans-logi_Plan-de-travail-1.png","width":2481,"height":1076,"caption":"Ptrans Soci\u00e9t\u00e9 De Transport Et D\u00e9m\u00e9nagements International Entre Le Maroc Et Le Reste Du Monde"},"image":{"@id":"https:\/\/ptrans.fr\/#\/schema\/logo\/image\/"},"sameAs":["https:\/\/www.facebook.com\/PlogisticsEurope"]},{"@type":"Person","@id":"https:\/\/ptrans.fr\/#\/schema\/person\/3a50d5b251b4df119e3598a32b8ce67c","name":"admin","image":{"@type":"ImageObject","inLanguage":"fr-FR","@id":"https:\/\/ptrans.fr\/#\/schema\/person\/image\/","url":"https:\/\/secure.gravatar.com\/avatar\/f1ed11851bb8c89ef1f06d655ba0bd00?s=96&d=mm&r=g","contentUrl":"https:\/\/secure.gravatar.com\/avatar\/f1ed11851bb8c89ef1f06d655ba0bd00?s=96&d=mm&r=g","caption":"admin"},"url":"https:\/\/ptrans.fr\/fr_fr\/author\/admin\/"}]}},"jetpack_sharing_enabled":true,"jetpack_likes_enabled":true,"_links":{"self":[{"href":"https:\/\/ptrans.fr\/fr_fr\/wp-json\/wp\/v2\/pages\/8325"}],"collection":[{"href":"https:\/\/ptrans.fr\/fr_fr\/wp-json\/wp\/v2\/pages"}],"about":[{"href":"https:\/\/ptrans.fr\/fr_fr\/wp-json\/wp\/v2\/types\/page"}],"author":[{"embeddable":true,"href":"https:\/\/ptrans.fr\/fr_fr\/wp-json\/wp\/v2\/users\/1"}],"replies":[{"embeddable":true,"href":"https:\/\/ptrans.fr\/fr_fr\/wp-json\/wp\/v2\/comments?post=8325"}],"version-history":[{"count":0,"href":"https:\/\/ptrans.fr\/fr_fr\/wp-json\/wp\/v2\/pages\/8325\/revisions"}],"up":[{"embeddable":true,"href":"https:\/\/ptrans.fr\/fr_fr\/wp-json\/wp\/v2\/pages\/8322"}],"wp:attachment":[{"href":"https:\/\/ptrans.fr\/fr_fr\/wp-json\/wp\/v2\/media?parent=8325"}],"curies":[{"name":"wp","href":"https:\/\/api.w.org\/{rel}","templated":true}]}}