{"id":9695,"date":"2022-12-29T23:39:13","date_gmt":"2022-12-29T22:39:13","guid":{"rendered":"https:\/\/ptrans.fr\/?page_id=9695"},"modified":"2022-12-31T00:15:49","modified_gmt":"2022-12-30T23:15:49","slug":"transport-international-maroc","status":"publish","type":"page","link":"https:\/\/ptrans.fr\/fr_fr\/transport-international-maroc\/","title":{"rendered":"Transport International Maroc"},"content":{"rendered":"<h1>Ptrans votre partenaire pour le transport international Maroc<\/h1>\n<p><img decoding=\"async\" width=\"1024\" height=\"635\" src=\"http:\/\/ptrans.fr\/wp-content\/uploads\/2022\/12\/Transport-International-Maroc-1024x635.png\" alt=\"Transport International Maroc\" loading=\"lazy\" srcset=\"https:\/\/ptrans.fr\/wp-content\/uploads\/2022\/12\/Transport-International-Maroc-1024x635.png 1024w, https:\/\/ptrans.fr\/wp-content\/uploads\/2022\/12\/Transport-International-Maroc-300x186.png 300w, https:\/\/ptrans.fr\/wp-content\/uploads\/2022\/12\/Transport-International-Maroc-768x476.png 768w, https:\/\/ptrans.fr\/wp-content\/uploads\/2022\/12\/Transport-International-Maroc-800x496.png 800w, https:\/\/ptrans.fr\/wp-content\/uploads\/2022\/12\/Transport-International-Maroc.png 1500w\" sizes=\"(max-width: 1024px) 100vw, 1024px\"><\/p>\n<p>&nbsp;Ptrans-logistics propose des tarifs comp\u00e9titifs et des livraisons rapides vers des pays du monde entier. Notre \u00e9quipe exp\u00e9riment\u00e9e est \u00e0 votre disposition 24 heures sur 24, 7 jours sur 7, et veille \u00e0 ce que votre cargaison arrive \u00e0 destination \u00e0 temps et \u00e0 un prix abordable. Nous disposons d&rsquo;une large gamme de services, notamment le fret a\u00e9rien, le fret maritime, le d\u00e9douanement et l&rsquo;entreposage. Gr\u00e2ce \u00e0 notre vaste r\u00e9seau de partenaires fiables, nous pouvons vous offrir les meilleures solutions possibles pour toute t\u00e2che, rapidement et efficacement. Vous pouvez nous confier votre envoi &#8211; Ptrans-logistics l&rsquo;acheminera en toute s\u00e9curit\u00e9 !<\/p>\n<p><a href=\"https:\/\/www.ptrans.fr\/estimer-le-prix\" role=\"button\"><br \/>\nsimuler le prix de vos exp\u00e9ditions<br \/>\n<\/a><\/p>\n<p>Notre personnel est toujours heureux de r\u00e9pondre \u00e0 vos questions ou de discuter de vos besoins. N&rsquo;h\u00e9sitez donc pas \u00e0 nous contacter d\u00e8s aujourd&rsquo;hui pour obtenir de plus amples informations sur nos services de transport international au Maroc. Nous sommes impatients de vous aider \u00e0 transporter vos marchandises o\u00f9 que ce soit dans le monde entier avec le plus haut niveau de satisfaction. Merci de consid\u00e9rer Ptrans-logistics comme votre partenaire de transport international &#8211; nous sommes s\u00fbrs que vous ne serez pas d\u00e9\u00e7u !<\/p>\n<p><iframe loading=\"lazy\" title=\"Ptrans\" width=\"500\" height=\"281\" src=\"https:\/\/www.youtube.com\/embed\/ECXqaWCdAVo?feature=oembed\" frameborder=\"0\" allow=\"accelerometer; autoplay; clipboard-write; encrypted-media; gyroscope; picture-in-picture; web-share\" referrerpolicy=\"strict-origin-when-cross-origin\" allowfullscreen><\/iframe><\/p>\n<p>Nos tarifs sont comp\u00e9titifs, nos d\u00e9lais de livraison sont rapides et, surtout, nous garantissons que vos marchandises arriveront en toute s\u00e9curit\u00e9. Si vous avez besoin d&rsquo;exp\u00e9dier quelque chose \u00e0 l&rsquo;international, faites-nous confiance : Ptrans-logistics vous couvre ! Contactez-nous d\u00e8s aujourd&rsquo;hui pour commencer \u00e0 pr\u00e9parer votre prochaine exp\u00e9dition. Laissez-nous vous montrer pourquoi nous sommes les meilleurs au Maroc en mati\u00e8re d&rsquo;exp\u00e9dition internationale. Nous sommes impatients d&rsquo;avoir de vos nouvelles bient\u00f4t !<\/p>\n<p><a data-tooltip-content=\"#tooltip_content\" href=\"https:\/\/chat.whatsapp.com\/9EHLsEsOeJk6AVtE8AvXiA\" target=\"_blank\" rel=\"noopener\"><br \/>\nWhatsApp<br \/>\n<\/a><br \/>\n<img decoding=\"async\" width=\"1024\" height=\"704\" src=\"http:\/\/ptrans.fr\/wp-content\/uploads\/2022\/12\/Transport-International-Maroc-1-1024x704.png\" alt=\"Transport International Maroc 1\" loading=\"lazy\" srcset=\"https:\/\/ptrans.fr\/wp-content\/uploads\/2022\/12\/Transport-International-Maroc-1-1024x704.png 1024w, https:\/\/ptrans.fr\/wp-content\/uploads\/2022\/12\/Transport-International-Maroc-1-300x206.png 300w, https:\/\/ptrans.fr\/wp-content\/uploads\/2022\/12\/Transport-International-Maroc-1-768x528.png 768w, https:\/\/ptrans.fr\/wp-content\/uploads\/2022\/12\/Transport-International-Maroc-1-1536x1056.png 1536w, https:\/\/ptrans.fr\/wp-content\/uploads\/2022\/12\/Transport-International-Maroc-1-800x550.png 800w, https:\/\/ptrans.fr\/wp-content\/uploads\/2022\/12\/Transport-International-Maroc-1.png 1600w\" sizes=\"(max-width: 1024px) 100vw, 1024px\"><\/p>\n<p>Alors pour tous vos besoins en transport international au Maroc, contactez Ptrans-Logistics d\u00e8s aujourd&rsquo;hui !<\/p>\n<p><a href=\"https:\/\/www.ptrans.fr\/estimer-le-prix\" role=\"button\"><br \/>\nsimuler le prix de vos exp\u00e9ditions<br \/>\n<\/a><\/p>\n<h2>Liens Utiles<\/h2>\n<p><a href=\"http:\/\/www.douane.gov.ma\/\"><br \/>\n<img decoding=\"async\" width=\"300\" height=\"137\" src=\"http:\/\/ptrans.fr\/wp-content\/uploads\/2022\/12\/transport-international-maroc-douane-300x137.png\" alt=\"transport international maroc douane\" loading=\"lazy\" srcset=\"https:\/\/ptrans.fr\/wp-content\/uploads\/2022\/12\/transport-international-maroc-douane-300x137.png 300w, https:\/\/ptrans.fr\/wp-content\/uploads\/2022\/12\/transport-international-maroc-douane.png 616w\" sizes=\"(max-width: 300px) 100vw, 300px\">\t\t\t\t\t\t\t\t<\/a><br \/>\n<a href=\"https:\/\/www.bureauveritas.ma\/fr\"><br \/>\n<img decoding=\"async\" width=\"243\" height=\"300\" src=\"http:\/\/ptrans.fr\/wp-content\/uploads\/2022\/12\/Transport-International-Maroc-conformitee-243x300.png\" alt=\"\" loading=\"lazy\" srcset=\"https:\/\/ptrans.fr\/wp-content\/uploads\/2022\/12\/Transport-International-Maroc-conformitee-243x300.png 243w, https:\/\/ptrans.fr\/wp-content\/uploads\/2022\/12\/Transport-International-Maroc-conformitee-828x1024.png 828w, https:\/\/ptrans.fr\/wp-content\/uploads\/2022\/12\/Transport-International-Maroc-conformitee-768x950.png 768w, https:\/\/ptrans.fr\/wp-content\/uploads\/2022\/12\/Transport-International-Maroc-conformitee-1242x1536.png 1242w, https:\/\/ptrans.fr\/wp-content\/uploads\/2022\/12\/Transport-International-Maroc-conformitee-800x989.png 800w, https:\/\/ptrans.fr\/wp-content\/uploads\/2022\/12\/Transport-International-Maroc-conformitee.png 1390w\" sizes=\"(max-width: 243px) 100vw, 243px\">\t\t\t\t\t\t\t\t<\/a><\/p>\n","protected":false},"excerpt":{"rendered":"<p>Ptrans votre partenaire pour le transport international Maroc &nbsp;Ptrans-logistics propose des tarifs comp\u00e9titifs et des [&hellip;]<\/p>\n","protected":false},"author":1,"featured_media":0,"parent":0,"menu_order":0,"comment_status":"closed","ping_status":"closed","template":"","meta":{"footnotes":""},"yoast_head":"<!-- This site is optimized with the Yoast SEO plugin v22.8 - https:\/\/yoast.com\/wordpress\/plugins\/seo\/ -->\n<title>Transport International Maroc | T\u00e9l :+212(0) 80 85 08 129<\/title>\n<meta name=\"description\" content=\"Ptrans soci\u00e9t\u00e9 de transport international Maroc. Contacts : T\u00e9l . +212(0)80 85 08129 | Mail . s.p@ptrans.fr | Mobile : +212663232300\" \/>\n<meta name=\"robots\" content=\"index, follow, max-snippet:-1, max-image-preview:large, max-video-preview:-1\" \/>\n<link rel=\"canonical\" href=\"https:\/\/ptrans.fr\/fr_fr\/transport-international-maroc\/\" \/>\n<meta property=\"og:locale\" content=\"fr_FR\" \/>\n<meta property=\"og:type\" content=\"article\" \/>\n<meta property=\"og:title\" content=\"Transport International Maroc | T\u00e9l :+212(0) 80 85 08 129\" \/>\n<meta property=\"og:description\" content=\"Ptrans soci\u00e9t\u00e9 de transport international Maroc. Contacts : T\u00e9l . +212(0)80 85 08129 | Mail . s.p@ptrans.fr | Mobile : +212663232300\" \/>\n<meta property=\"og:url\" content=\"https:\/\/ptrans.fr\/fr_fr\/transport-international-maroc\/\" \/>\n<meta property=\"og:site_name\" content=\"Ptrans Soci\u00e9t\u00e9 De Transport &amp; D\u00e9m\u00e9nagements International Entre Le Maroc Et Le Reste Du Monde\" \/>\n<meta property=\"article:publisher\" content=\"https:\/\/www.facebook.com\/PlogisticsEurope\" \/>\n<meta property=\"article:modified_time\" content=\"2022-12-30T23:15:49+00:00\" \/>\n<meta property=\"og:image\" content=\"http:\/\/ptrans.fr\/wp-content\/uploads\/2022\/12\/Transport-International-Maroc-1024x635.png\" \/>\n<meta name=\"twitter:label1\" content=\"Dur\u00e9e de lecture estim\u00e9e\" \/>\n\t<meta name=\"twitter:data1\" content=\"3 minutes\" \/>\n<script type=\"application\/ld+json\" class=\"yoast-schema-graph\">{\"@context\":\"https:\/\/schema.org\",\"@graph\":[{\"@type\":\"Article\",\"@id\":\"https:\/\/ptrans.fr\/transport-international-maroc\/#article\",\"isPartOf\":{\"@id\":\"https:\/\/ptrans.fr\/transport-international-maroc\/\"},\"author\":{\"name\":\"admin\",\"@id\":\"https:\/\/ptrans.fr\/#\/schema\/person\/3a50d5b251b4df119e3598a32b8ce67c\"},\"headline\":\"Transport International Maroc\",\"datePublished\":\"2022-12-29T22:39:13+00:00\",\"dateModified\":\"2022-12-30T23:15:49+00:00\",\"mainEntityOfPage\":{\"@id\":\"https:\/\/ptrans.fr\/transport-international-maroc\/\"},\"wordCount\":310,\"publisher\":{\"@id\":\"https:\/\/ptrans.fr\/#organization\"},\"image\":{\"@id\":\"https:\/\/ptrans.fr\/transport-international-maroc\/#primaryimage\"},\"thumbnailUrl\":\"http:\/\/ptrans.fr\/wp-content\/uploads\/2022\/12\/Transport-International-Maroc-1024x635.png\",\"inLanguage\":\"fr-FR\"},{\"@type\":\"WebPage\",\"@id\":\"https:\/\/ptrans.fr\/transport-international-maroc\/\",\"url\":\"https:\/\/ptrans.fr\/transport-international-maroc\/\",\"name\":\"Transport International Maroc | T\u00e9l :+212(0) 80 85 08 129\",\"isPartOf\":{\"@id\":\"https:\/\/ptrans.fr\/#website\"},\"primaryImageOfPage\":{\"@id\":\"https:\/\/ptrans.fr\/transport-international-maroc\/#primaryimage\"},\"image\":{\"@id\":\"https:\/\/ptrans.fr\/transport-international-maroc\/#primaryimage\"},\"thumbnailUrl\":\"http:\/\/ptrans.fr\/wp-content\/uploads\/2022\/12\/Transport-International-Maroc-1024x635.png\",\"datePublished\":\"2022-12-29T22:39:13+00:00\",\"dateModified\":\"2022-12-30T23:15:49+00:00\",\"description\":\"Ptrans soci\u00e9t\u00e9 de transport international Maroc. Contacts : T\u00e9l . +212(0)80 85 08129 | Mail . s.p@ptrans.fr | Mobile : +212663232300\",\"inLanguage\":\"fr-FR\",\"potentialAction\":[{\"@type\":\"ReadAction\",\"target\":[\"https:\/\/ptrans.fr\/transport-international-maroc\/\"]}]},{\"@type\":\"ImageObject\",\"inLanguage\":\"fr-FR\",\"@id\":\"https:\/\/ptrans.fr\/transport-international-maroc\/#primaryimage\",\"url\":\"http:\/\/ptrans.fr\/wp-content\/uploads\/2022\/12\/Transport-International-Maroc-1024x635.png\",\"contentUrl\":\"http:\/\/ptrans.fr\/wp-content\/uploads\/2022\/12\/Transport-International-Maroc-1024x635.png\"},{\"@type\":\"WebSite\",\"@id\":\"https:\/\/ptrans.fr\/#website\",\"url\":\"https:\/\/ptrans.fr\/\",\"name\":\"Ptrans Soci\u00e9t\u00e9 De Transport Et D\u00e9m\u00e9nagement International Maroc\",\"description\":\"Ptrans Votre Transporteur &amp; D\u00e9m\u00e9nageur Vers Le Maroc\",\"publisher\":{\"@id\":\"https:\/\/ptrans.fr\/#organization\"},\"alternateName\":\"Ptrans\",\"potentialAction\":[{\"@type\":\"SearchAction\",\"target\":{\"@type\":\"EntryPoint\",\"urlTemplate\":\"https:\/\/ptrans.fr\/?s={search_term_string}\"},\"query-input\":\"required name=search_term_string\"}],\"inLanguage\":\"fr-FR\"},{\"@type\":\"Organization\",\"@id\":\"https:\/\/ptrans.fr\/#organization\",\"name\":\"Ptrans Soci\u00e9t\u00e9 De Transport Et D\u00e9m\u00e9nagements International Entre Le Maroc Et Le Reste Du Monde\",\"url\":\"https:\/\/ptrans.fr\/\",\"logo\":{\"@type\":\"ImageObject\",\"inLanguage\":\"fr-FR\",\"@id\":\"https:\/\/ptrans.fr\/#\/schema\/logo\/image\/\",\"url\":\"http:\/\/ptrans.fr\/wp-content\/uploads\/2022\/08\/P.trans-logi_Plan-de-travail-1.png\",\"contentUrl\":\"http:\/\/ptrans.fr\/wp-content\/uploads\/2022\/08\/P.trans-logi_Plan-de-travail-1.png\",\"width\":2481,\"height\":1076,\"caption\":\"Ptrans Soci\u00e9t\u00e9 De Transport Et D\u00e9m\u00e9nagements International Entre Le Maroc Et Le Reste Du Monde\"},\"image\":{\"@id\":\"https:\/\/ptrans.fr\/#\/schema\/logo\/image\/\"},\"sameAs\":[\"https:\/\/www.facebook.com\/PlogisticsEurope\"]},{\"@type\":\"Person\",\"@id\":\"https:\/\/ptrans.fr\/#\/schema\/person\/3a50d5b251b4df119e3598a32b8ce67c\",\"name\":\"admin\",\"image\":{\"@type\":\"ImageObject\",\"inLanguage\":\"fr-FR\",\"@id\":\"https:\/\/ptrans.fr\/#\/schema\/person\/image\/\",\"url\":\"https:\/\/secure.gravatar.com\/avatar\/f1ed11851bb8c89ef1f06d655ba0bd00?s=96&d=mm&r=g\",\"contentUrl\":\"https:\/\/secure.gravatar.com\/avatar\/f1ed11851bb8c89ef1f06d655ba0bd00?s=96&d=mm&r=g\",\"caption\":\"admin\"},\"url\":\"https:\/\/ptrans.fr\/fr_fr\/author\/admin\/\"}]}<\/script>\n<!-- \/ Yoast SEO plugin. -->","yoast_head_json":{"title":"Transport International Maroc | T\u00e9l :+212(0) 80 85 08 129","description":"Ptrans soci\u00e9t\u00e9 de transport international Maroc. Contacts : T\u00e9l . +212(0)80 85 08129 | Mail . s.p@ptrans.fr | Mobile : +212663232300","robots":{"index":"index","follow":"follow","max-snippet":"max-snippet:-1","max-image-preview":"max-image-preview:large","max-video-preview":"max-video-preview:-1"},"canonical":"https:\/\/ptrans.fr\/fr_fr\/transport-international-maroc\/","og_locale":"fr_FR","og_type":"article","og_title":"Transport International Maroc | T\u00e9l :+212(0) 80 85 08 129","og_description":"Ptrans soci\u00e9t\u00e9 de transport international Maroc. Contacts : T\u00e9l . +212(0)80 85 08129 | Mail . s.p@ptrans.fr | Mobile : +212663232300","og_url":"https:\/\/ptrans.fr\/fr_fr\/transport-international-maroc\/","og_site_name":"Ptrans Soci\u00e9t\u00e9 De Transport &amp; D\u00e9m\u00e9nagements International Entre Le Maroc Et Le Reste Du Monde","article_publisher":"https:\/\/www.facebook.com\/PlogisticsEurope","article_modified_time":"2022-12-30T23:15:49+00:00","og_image":[{"url":"http:\/\/ptrans.fr\/wp-content\/uploads\/2022\/12\/Transport-International-Maroc-1024x635.png"}],"twitter_misc":{"Dur\u00e9e de lecture estim\u00e9e":"3 minutes"},"schema":{"@context":"https:\/\/schema.org","@graph":[{"@type":"Article","@id":"https:\/\/ptrans.fr\/transport-international-maroc\/#article","isPartOf":{"@id":"https:\/\/ptrans.fr\/transport-international-maroc\/"},"author":{"name":"admin","@id":"https:\/\/ptrans.fr\/#\/schema\/person\/3a50d5b251b4df119e3598a32b8ce67c"},"headline":"Transport International Maroc","datePublished":"2022-12-29T22:39:13+00:00","dateModified":"2022-12-30T23:15:49+00:00","mainEntityOfPage":{"@id":"https:\/\/ptrans.fr\/transport-international-maroc\/"},"wordCount":310,"publisher":{"@id":"https:\/\/ptrans.fr\/#organization"},"image":{"@id":"https:\/\/ptrans.fr\/transport-international-maroc\/#primaryimage"},"thumbnailUrl":"http:\/\/ptrans.fr\/wp-content\/uploads\/2022\/12\/Transport-International-Maroc-1024x635.png","inLanguage":"fr-FR"},{"@type":"WebPage","@id":"https:\/\/ptrans.fr\/transport-international-maroc\/","url":"https:\/\/ptrans.fr\/transport-international-maroc\/","name":"Transport International Maroc | T\u00e9l :+212(0) 80 85 08 129","isPartOf":{"@id":"https:\/\/ptrans.fr\/#website"},"primaryImageOfPage":{"@id":"https:\/\/ptrans.fr\/transport-international-maroc\/#primaryimage"},"image":{"@id":"https:\/\/ptrans.fr\/transport-international-maroc\/#primaryimage"},"thumbnailUrl":"http:\/\/ptrans.fr\/wp-content\/uploads\/2022\/12\/Transport-International-Maroc-1024x635.png","datePublished":"2022-12-29T22:39:13+00:00","dateModified":"2022-12-30T23:15:49+00:00","description":"Ptrans soci\u00e9t\u00e9 de transport international Maroc. Contacts : T\u00e9l . +212(0)80 85 08129 | Mail . s.p@ptrans.fr | Mobile : +212663232300","inLanguage":"fr-FR","potentialAction":[{"@type":"ReadAction","target":["https:\/\/ptrans.fr\/transport-international-maroc\/"]}]},{"@type":"ImageObject","inLanguage":"fr-FR","@id":"https:\/\/ptrans.fr\/transport-international-maroc\/#primaryimage","url":"http:\/\/ptrans.fr\/wp-content\/uploads\/2022\/12\/Transport-International-Maroc-1024x635.png","contentUrl":"http:\/\/ptrans.fr\/wp-content\/uploads\/2022\/12\/Transport-International-Maroc-1024x635.png"},{"@type":"WebSite","@id":"https:\/\/ptrans.fr\/#website","url":"https:\/\/ptrans.fr\/","name":"Ptrans Soci\u00e9t\u00e9 De Transport Et D\u00e9m\u00e9nagement International Maroc","description":"Ptrans Votre Transporteur &amp; D\u00e9m\u00e9nageur Vers Le Maroc","publisher":{"@id":"https:\/\/ptrans.fr\/#organization"},"alternateName":"Ptrans","potentialAction":[{"@type":"SearchAction","target":{"@type":"EntryPoint","urlTemplate":"https:\/\/ptrans.fr\/?s={search_term_string}"},"query-input":"required name=search_term_string"}],"inLanguage":"fr-FR"},{"@type":"Organization","@id":"https:\/\/ptrans.fr\/#organization","name":"Ptrans Soci\u00e9t\u00e9 De Transport Et D\u00e9m\u00e9nagements International Entre Le Maroc Et Le Reste Du Monde","url":"https:\/\/ptrans.fr\/","logo":{"@type":"ImageObject","inLanguage":"fr-FR","@id":"https:\/\/ptrans.fr\/#\/schema\/logo\/image\/","url":"http:\/\/ptrans.fr\/wp-content\/uploads\/2022\/08\/P.trans-logi_Plan-de-travail-1.png","contentUrl":"http:\/\/ptrans.fr\/wp-content\/uploads\/2022\/08\/P.trans-logi_Plan-de-travail-1.png","width":2481,"height":1076,"caption":"Ptrans Soci\u00e9t\u00e9 De Transport Et D\u00e9m\u00e9nagements International Entre Le Maroc Et Le Reste Du Monde"},"image":{"@id":"https:\/\/ptrans.fr\/#\/schema\/logo\/image\/"},"sameAs":["https:\/\/www.facebook.com\/PlogisticsEurope"]},{"@type":"Person","@id":"https:\/\/ptrans.fr\/#\/schema\/person\/3a50d5b251b4df119e3598a32b8ce67c","name":"admin","image":{"@type":"ImageObject","inLanguage":"fr-FR","@id":"https:\/\/ptrans.fr\/#\/schema\/person\/image\/","url":"https:\/\/secure.gravatar.com\/avatar\/f1ed11851bb8c89ef1f06d655ba0bd00?s=96&d=mm&r=g","contentUrl":"https:\/\/secure.gravatar.com\/avatar\/f1ed11851bb8c89ef1f06d655ba0bd00?s=96&d=mm&r=g","caption":"admin"},"url":"https:\/\/ptrans.fr\/fr_fr\/author\/admin\/"}]}},"jetpack_sharing_enabled":true,"jetpack_likes_enabled":true,"_links":{"self":[{"href":"https:\/\/ptrans.fr\/fr_fr\/wp-json\/wp\/v2\/pages\/9695"}],"collection":[{"href":"https:\/\/ptrans.fr\/fr_fr\/wp-json\/wp\/v2\/pages"}],"about":[{"href":"https:\/\/ptrans.fr\/fr_fr\/wp-json\/wp\/v2\/types\/page"}],"author":[{"embeddable":true,"href":"https:\/\/ptrans.fr\/fr_fr\/wp-json\/wp\/v2\/users\/1"}],"replies":[{"embeddable":true,"href":"https:\/\/ptrans.fr\/fr_fr\/wp-json\/wp\/v2\/comments?post=9695"}],"version-history":[{"count":0,"href":"https:\/\/ptrans.fr\/fr_fr\/wp-json\/wp\/v2\/pages\/9695\/revisions"}],"wp:attachment":[{"href":"https:\/\/ptrans.fr\/fr_fr\/wp-json\/wp\/v2\/media?parent=9695"}],"curies":[{"name":"wp","href":"https:\/\/api.w.org\/{rel}","templated":true}]}}