{"id":9730,"date":"2022-12-30T23:45:36","date_gmt":"2022-12-30T22:45:36","guid":{"rendered":"https:\/\/ptrans.fr\/?page_id=9730"},"modified":"2022-12-31T11:12:42","modified_gmt":"2022-12-31T10:12:42","slug":"transport-international-de-marchandise-maroc","status":"publish","type":"page","link":"https:\/\/ptrans.fr\/fr_fr\/transport-international-de-marchandise-maroc\/","title":{"rendered":"Transport International De Marchandise Maroc"},"content":{"rendered":"<h2>Transport International De Marchandise Maroc<\/h2>\n<p><img decoding=\"async\" width=\"1024\" height=\"635\" src=\"http:\/\/ptrans.fr\/wp-content\/uploads\/2022\/12\/Transport-International-marchandise-1-1024x635.png\" alt=\"Transport International De Marchandise\" loading=\"lazy\" srcset=\"https:\/\/ptrans.fr\/wp-content\/uploads\/2022\/12\/Transport-International-marchandise-1-1024x635.png 1024w, https:\/\/ptrans.fr\/wp-content\/uploads\/2022\/12\/Transport-International-marchandise-1-300x186.png 300w, https:\/\/ptrans.fr\/wp-content\/uploads\/2022\/12\/Transport-International-marchandise-1-768x476.png 768w, https:\/\/ptrans.fr\/wp-content\/uploads\/2022\/12\/Transport-International-marchandise-1-800x496.png 800w, https:\/\/ptrans.fr\/wp-content\/uploads\/2022\/12\/Transport-International-marchandise-1.png 1500w\" sizes=\"(max-width: 1024px) 100vw, 1024px\"><\/p>\n<h2><strong>Ptrans soci\u00e9t\u00e9 transport international de marchandise Maroc.<\/strong><\/h2>\n<p>Nous comprenons que le transport international de marchandises peut \u00eatre une t\u00e2che ardue. Nous sommes sp\u00e9cialis\u00e9s dans le transport international de marchandises. Ptrans fournit des services efficaces et de haute qualit\u00e9 pour assurer un transit sans heurts de vos produits.<\/p>\n<p><a href=\"https:\/\/www.ptrans.fr\/estimer-le-prix\" role=\"button\"><br \/>\nSimuler Le Prix Du Transport En Ligne<br \/>\n<\/a><\/p>\n<p>Nos services de transport international sont accessibles dans le monde entier. Notre r\u00e9seau \u00e9tendu nous permet de livrer efficacement la cargaison \u00e0 sa destination avec un minimum de retards. Nous garantissons \u00e9galement la s\u00fbret\u00e9 et la s\u00e9curit\u00e9 de toutes les exp\u00e9ditions gr\u00e2ce \u00e0 notre syst\u00e8me avanc\u00e9 de suivi GPS. De plus, notre personnel comp\u00e9tent est disponible 24\/24h et 7\/7j pour vous aider dans toute demande ou requ\u00eate li\u00e9e au transport international<\/p>\n<p><iframe loading=\"lazy\" title=\"Ptrans\" width=\"500\" height=\"281\" src=\"https:\/\/www.youtube.com\/embed\/ECXqaWCdAVo?feature=oembed\" frameborder=\"0\" allow=\"accelerometer; autoplay; clipboard-write; encrypted-media; gyroscope; picture-in-picture; web-share\" referrerpolicy=\"strict-origin-when-cross-origin\" allowfullscreen><\/iframe><\/p>\n<p>Nous proposons une gamme \u00e9tendue de solutions d&rsquo;exp\u00e9dition internationale, notamment le fret a\u00e9rien, le fret maritime. Les services sp\u00e9cialis\u00e9s tels que la manutention de cargaisons de projet, la manutention de mati\u00e8res dangereuses, etc. Avec des options de prix personnalis\u00e9es et une \u00e9quipe de transport international exp\u00e9riment\u00e9e, nous fournissons le service de transport international le plus rentable et le plus fiable qui soit<\/p>\n<p><a href=\"https:\/\/www.ptrans.fr\/estimer-le-prix\" role=\"button\"><br \/>\nSimuler Le Prix Du Transport En Ligne<br \/>\n<\/a><\/p>\n<p>Chez Ptrans, nous sommes fiers de notre engagement \u00e0 satisfaire nos clients. Gr\u00e2ce \u00e0 nos services de transport international, vous pouvez \u00eatre rassur\u00e9 en sachant que vos marchandises sont entre de bonnes mains. Communiquez avec nous d\u00e8s aujourd&rsquo;hui pour obtenir de plus amples renseignements ou pour planifier une exp\u00e9dition. Nous nous r\u00e9jouissons de r\u00e9pondre \u00e0 vos besoins en mati\u00e8re de transport international !<\/p>\n<p><img decoding=\"async\" width=\"1024\" height=\"704\" src=\"http:\/\/ptrans.fr\/wp-content\/uploads\/2022\/12\/Transport-International-marchandise-1024x704.png\" alt=\"\" loading=\"lazy\" srcset=\"https:\/\/ptrans.fr\/wp-content\/uploads\/2022\/12\/Transport-International-marchandise-1024x704.png 1024w, https:\/\/ptrans.fr\/wp-content\/uploads\/2022\/12\/Transport-International-marchandise-300x206.png 300w, https:\/\/ptrans.fr\/wp-content\/uploads\/2022\/12\/Transport-International-marchandise-768x528.png 768w, https:\/\/ptrans.fr\/wp-content\/uploads\/2022\/12\/Transport-International-marchandise-1536x1056.png 1536w, https:\/\/ptrans.fr\/wp-content\/uploads\/2022\/12\/Transport-International-marchandise-800x550.png 800w, https:\/\/ptrans.fr\/wp-content\/uploads\/2022\/12\/Transport-International-marchandise.png 1600w\" sizes=\"(max-width: 1024px) 100vw, 1024px\"><\/p>\n<h2>Liens Utiles<\/h2>\n<p><a href=\"http:\/\/www.douane.gov.ma\/\"><br \/>\n<img decoding=\"async\" width=\"300\" height=\"137\" src=\"http:\/\/ptrans.fr\/wp-content\/uploads\/2022\/12\/transport-international-maroc-douane-300x137.png\" alt=\"transport international maroc douane\" loading=\"lazy\" srcset=\"https:\/\/ptrans.fr\/wp-content\/uploads\/2022\/12\/transport-international-maroc-douane-300x137.png 300w, https:\/\/ptrans.fr\/wp-content\/uploads\/2022\/12\/transport-international-maroc-douane.png 616w\" sizes=\"(max-width: 300px) 100vw, 300px\">\t\t\t\t\t\t\t\t<\/a><br \/>\n<a href=\"https:\/\/www.bureauveritas.ma\/fr\"><br \/>\n<img decoding=\"async\" width=\"243\" height=\"300\" src=\"http:\/\/ptrans.fr\/wp-content\/uploads\/2022\/12\/Transport-International-Maroc-conformitee-243x300.png\" alt=\"\" loading=\"lazy\" srcset=\"https:\/\/ptrans.fr\/wp-content\/uploads\/2022\/12\/Transport-International-Maroc-conformitee-243x300.png 243w, https:\/\/ptrans.fr\/wp-content\/uploads\/2022\/12\/Transport-International-Maroc-conformitee-828x1024.png 828w, https:\/\/ptrans.fr\/wp-content\/uploads\/2022\/12\/Transport-International-Maroc-conformitee-768x950.png 768w, https:\/\/ptrans.fr\/wp-content\/uploads\/2022\/12\/Transport-International-Maroc-conformitee-1242x1536.png 1242w, https:\/\/ptrans.fr\/wp-content\/uploads\/2022\/12\/Transport-International-Maroc-conformitee-800x989.png 800w, https:\/\/ptrans.fr\/wp-content\/uploads\/2022\/12\/Transport-International-Maroc-conformitee.png 1390w\" sizes=\"(max-width: 243px) 100vw, 243px\">\t\t\t\t\t\t\t\t<\/a><br \/>\n<a href=\"https:\/\/www.ptrans.fr\/estimer-le-prix\" role=\"button\"><br \/>\nSimuler Le Prix Du Transport En Ligne<br \/>\n<\/a><\/p>\n","protected":false},"excerpt":{"rendered":"<p>Transport International De Marchandise Maroc Ptrans soci\u00e9t\u00e9 transport international de marchandise Maroc. Nous comprenons que [&hellip;]<\/p>\n","protected":false},"author":1,"featured_media":0,"parent":0,"menu_order":0,"comment_status":"closed","ping_status":"closed","template":"","meta":{"footnotes":""},"yoast_head":"<!-- This site is optimized with the Yoast SEO plugin v22.8 - https:\/\/yoast.com\/wordpress\/plugins\/seo\/ -->\n<title>Transport International De Marchandise Maroc | T\u00e9l : +212(0)80 85 08 129<\/title>\n<meta name=\"description\" content=\"Ptrans soci\u00e9t\u00e9 de transport International de marchandise Maroc. T\u00e9l : +212 6 63 23 23 00 | Mail : s.p@ptrans.fr Contactez-nous!\" \/>\n<meta name=\"robots\" content=\"index, follow, max-snippet:-1, max-image-preview:large, max-video-preview:-1\" \/>\n<link rel=\"canonical\" href=\"https:\/\/ptrans.fr\/fr_fr\/transport-international-de-marchandise-maroc\/\" \/>\n<meta property=\"og:locale\" content=\"fr_FR\" \/>\n<meta property=\"og:type\" content=\"article\" \/>\n<meta property=\"og:title\" content=\"Transport International De Marchandise Maroc | T\u00e9l : +212(0)80 85 08 129\" \/>\n<meta property=\"og:description\" content=\"Ptrans soci\u00e9t\u00e9 de transport International de marchandise Maroc. T\u00e9l : +212 6 63 23 23 00 | Mail : s.p@ptrans.fr Contactez-nous!\" \/>\n<meta property=\"og:url\" content=\"https:\/\/ptrans.fr\/fr_fr\/transport-international-de-marchandise-maroc\/\" \/>\n<meta property=\"og:site_name\" content=\"Ptrans Soci\u00e9t\u00e9 De Transport &amp; D\u00e9m\u00e9nagements International Entre Le Maroc Et Le Reste Du Monde\" \/>\n<meta property=\"article:publisher\" content=\"https:\/\/www.facebook.com\/PlogisticsEurope\" \/>\n<meta property=\"article:modified_time\" content=\"2022-12-31T10:12:42+00:00\" \/>\n<meta property=\"og:image\" content=\"http:\/\/ptrans.fr\/wp-content\/uploads\/2022\/12\/Transport-International-marchandise-1-1024x635.png\" \/>\n<meta name=\"twitter:label1\" content=\"Dur\u00e9e de lecture estim\u00e9e\" \/>\n\t<meta name=\"twitter:data1\" content=\"3 minutes\" \/>\n<script type=\"application\/ld+json\" class=\"yoast-schema-graph\">{\"@context\":\"https:\/\/schema.org\",\"@graph\":[{\"@type\":\"Article\",\"@id\":\"https:\/\/ptrans.fr\/transport-international-de-marchandise-maroc\/#article\",\"isPartOf\":{\"@id\":\"https:\/\/ptrans.fr\/transport-international-de-marchandise-maroc\/\"},\"author\":{\"name\":\"admin\",\"@id\":\"https:\/\/ptrans.fr\/#\/schema\/person\/3a50d5b251b4df119e3598a32b8ce67c\"},\"headline\":\"Transport International De Marchandise Maroc\",\"datePublished\":\"2022-12-30T22:45:36+00:00\",\"dateModified\":\"2022-12-31T10:12:42+00:00\",\"mainEntityOfPage\":{\"@id\":\"https:\/\/ptrans.fr\/transport-international-de-marchandise-maroc\/\"},\"wordCount\":304,\"publisher\":{\"@id\":\"https:\/\/ptrans.fr\/#organization\"},\"image\":{\"@id\":\"https:\/\/ptrans.fr\/transport-international-de-marchandise-maroc\/#primaryimage\"},\"thumbnailUrl\":\"http:\/\/ptrans.fr\/wp-content\/uploads\/2022\/12\/Transport-International-marchandise-1-1024x635.png\",\"inLanguage\":\"fr-FR\"},{\"@type\":\"WebPage\",\"@id\":\"https:\/\/ptrans.fr\/transport-international-de-marchandise-maroc\/\",\"url\":\"https:\/\/ptrans.fr\/transport-international-de-marchandise-maroc\/\",\"name\":\"Transport International De Marchandise Maroc | T\u00e9l : +212(0)80 85 08 129\",\"isPartOf\":{\"@id\":\"https:\/\/ptrans.fr\/#website\"},\"primaryImageOfPage\":{\"@id\":\"https:\/\/ptrans.fr\/transport-international-de-marchandise-maroc\/#primaryimage\"},\"image\":{\"@id\":\"https:\/\/ptrans.fr\/transport-international-de-marchandise-maroc\/#primaryimage\"},\"thumbnailUrl\":\"http:\/\/ptrans.fr\/wp-content\/uploads\/2022\/12\/Transport-International-marchandise-1-1024x635.png\",\"datePublished\":\"2022-12-30T22:45:36+00:00\",\"dateModified\":\"2022-12-31T10:12:42+00:00\",\"description\":\"Ptrans soci\u00e9t\u00e9 de transport International de marchandise Maroc. T\u00e9l : +212 6 63 23 23 00 | Mail : s.p@ptrans.fr Contactez-nous!\",\"inLanguage\":\"fr-FR\",\"potentialAction\":[{\"@type\":\"ReadAction\",\"target\":[\"https:\/\/ptrans.fr\/transport-international-de-marchandise-maroc\/\"]}]},{\"@type\":\"ImageObject\",\"inLanguage\":\"fr-FR\",\"@id\":\"https:\/\/ptrans.fr\/transport-international-de-marchandise-maroc\/#primaryimage\",\"url\":\"http:\/\/ptrans.fr\/wp-content\/uploads\/2022\/12\/Transport-International-marchandise-1-1024x635.png\",\"contentUrl\":\"http:\/\/ptrans.fr\/wp-content\/uploads\/2022\/12\/Transport-International-marchandise-1-1024x635.png\"},{\"@type\":\"WebSite\",\"@id\":\"https:\/\/ptrans.fr\/#website\",\"url\":\"https:\/\/ptrans.fr\/\",\"name\":\"Ptrans Soci\u00e9t\u00e9 De Transport Et D\u00e9m\u00e9nagement International Maroc\",\"description\":\"Ptrans Votre Transporteur &amp; D\u00e9m\u00e9nageur Vers Le Maroc\",\"publisher\":{\"@id\":\"https:\/\/ptrans.fr\/#organization\"},\"alternateName\":\"Ptrans\",\"potentialAction\":[{\"@type\":\"SearchAction\",\"target\":{\"@type\":\"EntryPoint\",\"urlTemplate\":\"https:\/\/ptrans.fr\/?s={search_term_string}\"},\"query-input\":\"required name=search_term_string\"}],\"inLanguage\":\"fr-FR\"},{\"@type\":\"Organization\",\"@id\":\"https:\/\/ptrans.fr\/#organization\",\"name\":\"Ptrans Soci\u00e9t\u00e9 De Transport Et D\u00e9m\u00e9nagements International Entre Le Maroc Et Le Reste Du Monde\",\"url\":\"https:\/\/ptrans.fr\/\",\"logo\":{\"@type\":\"ImageObject\",\"inLanguage\":\"fr-FR\",\"@id\":\"https:\/\/ptrans.fr\/#\/schema\/logo\/image\/\",\"url\":\"http:\/\/ptrans.fr\/wp-content\/uploads\/2022\/08\/P.trans-logi_Plan-de-travail-1.png\",\"contentUrl\":\"http:\/\/ptrans.fr\/wp-content\/uploads\/2022\/08\/P.trans-logi_Plan-de-travail-1.png\",\"width\":2481,\"height\":1076,\"caption\":\"Ptrans Soci\u00e9t\u00e9 De Transport Et D\u00e9m\u00e9nagements International Entre Le Maroc Et Le Reste Du Monde\"},\"image\":{\"@id\":\"https:\/\/ptrans.fr\/#\/schema\/logo\/image\/\"},\"sameAs\":[\"https:\/\/www.facebook.com\/PlogisticsEurope\"]},{\"@type\":\"Person\",\"@id\":\"https:\/\/ptrans.fr\/#\/schema\/person\/3a50d5b251b4df119e3598a32b8ce67c\",\"name\":\"admin\",\"image\":{\"@type\":\"ImageObject\",\"inLanguage\":\"fr-FR\",\"@id\":\"https:\/\/ptrans.fr\/#\/schema\/person\/image\/\",\"url\":\"https:\/\/secure.gravatar.com\/avatar\/f1ed11851bb8c89ef1f06d655ba0bd00?s=96&d=mm&r=g\",\"contentUrl\":\"https:\/\/secure.gravatar.com\/avatar\/f1ed11851bb8c89ef1f06d655ba0bd00?s=96&d=mm&r=g\",\"caption\":\"admin\"},\"url\":\"https:\/\/ptrans.fr\/fr_fr\/author\/admin\/\"}]}<\/script>\n<!-- \/ Yoast SEO plugin. -->","yoast_head_json":{"title":"Transport International De Marchandise Maroc | T\u00e9l : +212(0)80 85 08 129","description":"Ptrans soci\u00e9t\u00e9 de transport International de marchandise Maroc. T\u00e9l : +212 6 63 23 23 00 | Mail : s.p@ptrans.fr Contactez-nous!","robots":{"index":"index","follow":"follow","max-snippet":"max-snippet:-1","max-image-preview":"max-image-preview:large","max-video-preview":"max-video-preview:-1"},"canonical":"https:\/\/ptrans.fr\/fr_fr\/transport-international-de-marchandise-maroc\/","og_locale":"fr_FR","og_type":"article","og_title":"Transport International De Marchandise Maroc | T\u00e9l : +212(0)80 85 08 129","og_description":"Ptrans soci\u00e9t\u00e9 de transport International de marchandise Maroc. T\u00e9l : +212 6 63 23 23 00 | Mail : s.p@ptrans.fr Contactez-nous!","og_url":"https:\/\/ptrans.fr\/fr_fr\/transport-international-de-marchandise-maroc\/","og_site_name":"Ptrans Soci\u00e9t\u00e9 De Transport &amp; D\u00e9m\u00e9nagements International Entre Le Maroc Et Le Reste Du Monde","article_publisher":"https:\/\/www.facebook.com\/PlogisticsEurope","article_modified_time":"2022-12-31T10:12:42+00:00","og_image":[{"url":"http:\/\/ptrans.fr\/wp-content\/uploads\/2022\/12\/Transport-International-marchandise-1-1024x635.png"}],"twitter_misc":{"Dur\u00e9e de lecture estim\u00e9e":"3 minutes"},"schema":{"@context":"https:\/\/schema.org","@graph":[{"@type":"Article","@id":"https:\/\/ptrans.fr\/transport-international-de-marchandise-maroc\/#article","isPartOf":{"@id":"https:\/\/ptrans.fr\/transport-international-de-marchandise-maroc\/"},"author":{"name":"admin","@id":"https:\/\/ptrans.fr\/#\/schema\/person\/3a50d5b251b4df119e3598a32b8ce67c"},"headline":"Transport International De Marchandise Maroc","datePublished":"2022-12-30T22:45:36+00:00","dateModified":"2022-12-31T10:12:42+00:00","mainEntityOfPage":{"@id":"https:\/\/ptrans.fr\/transport-international-de-marchandise-maroc\/"},"wordCount":304,"publisher":{"@id":"https:\/\/ptrans.fr\/#organization"},"image":{"@id":"https:\/\/ptrans.fr\/transport-international-de-marchandise-maroc\/#primaryimage"},"thumbnailUrl":"http:\/\/ptrans.fr\/wp-content\/uploads\/2022\/12\/Transport-International-marchandise-1-1024x635.png","inLanguage":"fr-FR"},{"@type":"WebPage","@id":"https:\/\/ptrans.fr\/transport-international-de-marchandise-maroc\/","url":"https:\/\/ptrans.fr\/transport-international-de-marchandise-maroc\/","name":"Transport International De Marchandise Maroc | T\u00e9l : +212(0)80 85 08 129","isPartOf":{"@id":"https:\/\/ptrans.fr\/#website"},"primaryImageOfPage":{"@id":"https:\/\/ptrans.fr\/transport-international-de-marchandise-maroc\/#primaryimage"},"image":{"@id":"https:\/\/ptrans.fr\/transport-international-de-marchandise-maroc\/#primaryimage"},"thumbnailUrl":"http:\/\/ptrans.fr\/wp-content\/uploads\/2022\/12\/Transport-International-marchandise-1-1024x635.png","datePublished":"2022-12-30T22:45:36+00:00","dateModified":"2022-12-31T10:12:42+00:00","description":"Ptrans soci\u00e9t\u00e9 de transport International de marchandise Maroc. T\u00e9l : +212 6 63 23 23 00 | Mail : s.p@ptrans.fr Contactez-nous!","inLanguage":"fr-FR","potentialAction":[{"@type":"ReadAction","target":["https:\/\/ptrans.fr\/transport-international-de-marchandise-maroc\/"]}]},{"@type":"ImageObject","inLanguage":"fr-FR","@id":"https:\/\/ptrans.fr\/transport-international-de-marchandise-maroc\/#primaryimage","url":"http:\/\/ptrans.fr\/wp-content\/uploads\/2022\/12\/Transport-International-marchandise-1-1024x635.png","contentUrl":"http:\/\/ptrans.fr\/wp-content\/uploads\/2022\/12\/Transport-International-marchandise-1-1024x635.png"},{"@type":"WebSite","@id":"https:\/\/ptrans.fr\/#website","url":"https:\/\/ptrans.fr\/","name":"Ptrans Soci\u00e9t\u00e9 De Transport Et D\u00e9m\u00e9nagement International Maroc","description":"Ptrans Votre Transporteur &amp; D\u00e9m\u00e9nageur Vers Le Maroc","publisher":{"@id":"https:\/\/ptrans.fr\/#organization"},"alternateName":"Ptrans","potentialAction":[{"@type":"SearchAction","target":{"@type":"EntryPoint","urlTemplate":"https:\/\/ptrans.fr\/?s={search_term_string}"},"query-input":"required name=search_term_string"}],"inLanguage":"fr-FR"},{"@type":"Organization","@id":"https:\/\/ptrans.fr\/#organization","name":"Ptrans Soci\u00e9t\u00e9 De Transport Et D\u00e9m\u00e9nagements International Entre Le Maroc Et Le Reste Du Monde","url":"https:\/\/ptrans.fr\/","logo":{"@type":"ImageObject","inLanguage":"fr-FR","@id":"https:\/\/ptrans.fr\/#\/schema\/logo\/image\/","url":"http:\/\/ptrans.fr\/wp-content\/uploads\/2022\/08\/P.trans-logi_Plan-de-travail-1.png","contentUrl":"http:\/\/ptrans.fr\/wp-content\/uploads\/2022\/08\/P.trans-logi_Plan-de-travail-1.png","width":2481,"height":1076,"caption":"Ptrans Soci\u00e9t\u00e9 De Transport Et D\u00e9m\u00e9nagements International Entre Le Maroc Et Le Reste Du Monde"},"image":{"@id":"https:\/\/ptrans.fr\/#\/schema\/logo\/image\/"},"sameAs":["https:\/\/www.facebook.com\/PlogisticsEurope"]},{"@type":"Person","@id":"https:\/\/ptrans.fr\/#\/schema\/person\/3a50d5b251b4df119e3598a32b8ce67c","name":"admin","image":{"@type":"ImageObject","inLanguage":"fr-FR","@id":"https:\/\/ptrans.fr\/#\/schema\/person\/image\/","url":"https:\/\/secure.gravatar.com\/avatar\/f1ed11851bb8c89ef1f06d655ba0bd00?s=96&d=mm&r=g","contentUrl":"https:\/\/secure.gravatar.com\/avatar\/f1ed11851bb8c89ef1f06d655ba0bd00?s=96&d=mm&r=g","caption":"admin"},"url":"https:\/\/ptrans.fr\/fr_fr\/author\/admin\/"}]}},"jetpack_sharing_enabled":true,"jetpack_likes_enabled":true,"_links":{"self":[{"href":"https:\/\/ptrans.fr\/fr_fr\/wp-json\/wp\/v2\/pages\/9730"}],"collection":[{"href":"https:\/\/ptrans.fr\/fr_fr\/wp-json\/wp\/v2\/pages"}],"about":[{"href":"https:\/\/ptrans.fr\/fr_fr\/wp-json\/wp\/v2\/types\/page"}],"author":[{"embeddable":true,"href":"https:\/\/ptrans.fr\/fr_fr\/wp-json\/wp\/v2\/users\/1"}],"replies":[{"embeddable":true,"href":"https:\/\/ptrans.fr\/fr_fr\/wp-json\/wp\/v2\/comments?post=9730"}],"version-history":[{"count":0,"href":"https:\/\/ptrans.fr\/fr_fr\/wp-json\/wp\/v2\/pages\/9730\/revisions"}],"wp:attachment":[{"href":"https:\/\/ptrans.fr\/fr_fr\/wp-json\/wp\/v2\/media?parent=9730"}],"curies":[{"name":"wp","href":"https:\/\/api.w.org\/{rel}","templated":true}]}}