{"id":9766,"date":"2022-12-31T00:59:31","date_gmt":"2022-12-30T23:59:31","guid":{"rendered":"https:\/\/ptrans.fr\/?page_id=9766"},"modified":"2022-12-31T10:57:48","modified_gmt":"2022-12-31T09:57:48","slug":"transport-international-meknes","status":"publish","type":"page","link":"https:\/\/ptrans.fr\/fr_fr\/transport-international-meknes\/","title":{"rendered":"Transport International Mekn\u00e8s"},"content":{"rendered":"<h2>Transport International Mekn\u00e8s<\/h2>\n<p><img decoding=\"async\" width=\"1024\" height=\"635\" src=\"http:\/\/ptrans.fr\/wp-content\/uploads\/2022\/12\/transport-international-meknes-1-1024x635.png\" alt=\"transport international mekn\u00e8s 1\" loading=\"lazy\" srcset=\"https:\/\/ptrans.fr\/wp-content\/uploads\/2022\/12\/transport-international-meknes-1-1024x635.png 1024w, https:\/\/ptrans.fr\/wp-content\/uploads\/2022\/12\/transport-international-meknes-1-300x186.png 300w, https:\/\/ptrans.fr\/wp-content\/uploads\/2022\/12\/transport-international-meknes-1-768x476.png 768w, https:\/\/ptrans.fr\/wp-content\/uploads\/2022\/12\/transport-international-meknes-1-800x496.png 800w, https:\/\/ptrans.fr\/wp-content\/uploads\/2022\/12\/transport-international-meknes-1.png 1500w\" sizes=\"(max-width: 1024px) 100vw, 1024px\"><br \/>\n<a href=\"https:\/\/www.ptrans.fr\/estimer-le-prix\" role=\"button\"><br \/>\nEstimer Le Prix Du Transport En Ligne<br \/>\n<\/a><\/p>\n<h2><strong>Vous souhaitez faire un transport international depuis ou vers Mekn\u00e8s ?<\/strong><\/h2>\n<p>Ne cherchez pas plus loin que Ptrans ! Nos services de transport international offrent la meilleure solution possible pour vos besoins, avec des tarifs et des douanes adapt\u00e9s \u00e0 votre budget. Nous prenons en charge l&rsquo;artisanat, les meubles et m\u00eame le zellige traditionnel depuis ou vers Mekn\u00e8s.<\/p>\n<p>https:\/\/www.youtube.com\/watch?v=ECXqaWCdAVo<\/p>\n<p>Nos services de transport international sont disponibles \u00e0 un prix \u00e9conomique afin que vous puissiez profiter d&rsquo;une exp\u00e9rience de transport international sans stress. Notre \u00e9quipe d&rsquo;experts en transport international est l\u00e0 pour vous aider \u00e0 choisir la meilleure option de transport international pour votre budget et vos besoins.<\/p>\n<p>Nos services de transport international comprennent la couverture compl\u00e8te des douanes, des tarifs, des assurances, de la livraison et plus encore. Nous disposons \u00e9galement d&rsquo;un vaste r\u00e9seau qui couvre toutes les destinations internationales depuis Mekn\u00e8s et au-del\u00e0.<\/p>\n<p><a href=\"https:\/\/www.ptrans.fr\/estimer-le-prix\" role=\"button\"><br \/>\nEstimer Le Prix Du Transport En Ligne<br \/>\n<\/a><br \/>\n<img decoding=\"async\" width=\"1024\" height=\"704\" src=\"http:\/\/ptrans.fr\/wp-content\/uploads\/2022\/12\/transport-international-meknes-1024x704.png\" alt=\"transport international mekn\u00e8s\" loading=\"lazy\" srcset=\"https:\/\/ptrans.fr\/wp-content\/uploads\/2022\/12\/transport-international-meknes-1024x704.png 1024w, https:\/\/ptrans.fr\/wp-content\/uploads\/2022\/12\/transport-international-meknes-300x206.png 300w, https:\/\/ptrans.fr\/wp-content\/uploads\/2022\/12\/transport-international-meknes-768x528.png 768w, https:\/\/ptrans.fr\/wp-content\/uploads\/2022\/12\/transport-international-meknes-1536x1056.png 1536w, https:\/\/ptrans.fr\/wp-content\/uploads\/2022\/12\/transport-international-meknes-800x550.png 800w, https:\/\/ptrans.fr\/wp-content\/uploads\/2022\/12\/transport-international-meknes.png 1600w\" sizes=\"(max-width: 1024px) 100vw, 1024px\"><br \/>\n<a href=\"https:\/\/www.ptrans.fr\/estimer-le-prix\" role=\"button\"><br \/>\nEstimer Le Prix Du Transport En Ligne<br \/>\n<\/a><\/p>\n<p>Laissez Ptrans g\u00e9rer votre transport international et profitez d&rsquo;un processus d&rsquo;exp\u00e9dition internationale sans heurts. Contactez-nous d\u00e8s aujourd&rsquo;hui pour en savoir plus sur nos services de transport international ! Nous sommes impatients d&rsquo;avoir de vos nouvelles<\/p>\n<p>Vous avez des questions ? Notre \u00e9quipe est plus qu&rsquo;heureuse d&rsquo;y r\u00e9pondre pour vous. Qu&rsquo;il s&rsquo;agisse d&rsquo;une question sur le transport international, les douanes, les tarifs ou toute autre chose li\u00e9e \u00e0 l&rsquo;exp\u00e9dition internationalenous sommes l\u00e0 pour vous aider.<\/p>\n<h2>Liens Utiles<\/h2>\n<p><a href=\"http:\/\/www.douane.gov.ma\/\"><br \/>\n<img decoding=\"async\" width=\"300\" height=\"137\" src=\"http:\/\/ptrans.fr\/wp-content\/uploads\/2022\/12\/transport-international-meknes-douane-300x137.png\" alt=\"transport international mekn\u00e8s douane\" loading=\"lazy\" srcset=\"https:\/\/ptrans.fr\/wp-content\/uploads\/2022\/12\/transport-international-meknes-douane-300x137.png 300w, https:\/\/ptrans.fr\/wp-content\/uploads\/2022\/12\/transport-international-meknes-douane.png 616w\" sizes=\"(max-width: 300px) 100vw, 300px\">\t\t\t\t\t\t\t\t<\/a><br \/>\n<a href=\"https:\/\/www.bureauveritas.ma\/fr\"><br \/>\n<img decoding=\"async\" width=\"243\" height=\"300\" src=\"http:\/\/ptrans.fr\/wp-content\/uploads\/2022\/12\/transport-international-meknes-conformitee-243x300.png\" alt=\"transport international mekn\u00e8s conformit\u00e9e\" loading=\"lazy\" srcset=\"https:\/\/ptrans.fr\/wp-content\/uploads\/2022\/12\/transport-international-meknes-conformitee-243x300.png 243w, https:\/\/ptrans.fr\/wp-content\/uploads\/2022\/12\/transport-international-meknes-conformitee-828x1024.png 828w, https:\/\/ptrans.fr\/wp-content\/uploads\/2022\/12\/transport-international-meknes-conformitee-768x950.png 768w, https:\/\/ptrans.fr\/wp-content\/uploads\/2022\/12\/transport-international-meknes-conformitee-1242x1536.png 1242w, https:\/\/ptrans.fr\/wp-content\/uploads\/2022\/12\/transport-international-meknes-conformitee-800x989.png 800w, https:\/\/ptrans.fr\/wp-content\/uploads\/2022\/12\/transport-international-meknes-conformitee.png 1390w\" sizes=\"(max-width: 243px) 100vw, 243px\">\t\t\t\t\t\t\t\t<\/a><\/p>\n<p>Merci de consid\u00e9rer Ptrans pour le transport international de ou vers Mekn\u00e8s ! Nous sommes impatients de vous servir. Contactez-nous d\u00e8s aujourd&rsquo;hui pour obtenir un devis gratuit d&rsquo;exp\u00e9dition internationale. Laissez-nous nous occuper de tous vos besoins en mati\u00e8re d&rsquo;exp\u00e9dition internationale et simplifier votre processus d&rsquo;exp\u00e9dition internationale !<\/p>\n","protected":false},"excerpt":{"rendered":"<p>Transport International Mekn\u00e8s Estimer Le Prix Du Transport En Ligne Vous souhaitez faire un transport [&hellip;]<\/p>\n","protected":false},"author":1,"featured_media":0,"parent":0,"menu_order":0,"comment_status":"closed","ping_status":"closed","template":"","meta":{"footnotes":""},"yoast_head":"<!-- This site is optimized with the Yoast SEO plugin v22.8 - https:\/\/yoast.com\/wordpress\/plugins\/seo\/ -->\n<title>Transport International Mekn\u00e8s | T\u00e9l : +212(0) 80 85 08129<\/title>\n<meta name=\"description\" content=\"Ptrans Soci\u00e9t\u00e9 de transport international mekn\u00e8s. T\u00e9l : +212663232300 | Mail : s.p@ptrans.fr Contactez-nous!\" \/>\n<meta name=\"robots\" content=\"index, follow, max-snippet:-1, max-image-preview:large, max-video-preview:-1\" \/>\n<link rel=\"canonical\" href=\"https:\/\/ptrans.fr\/fr_fr\/transport-international-meknes\/\" \/>\n<meta property=\"og:locale\" content=\"fr_FR\" \/>\n<meta property=\"og:type\" content=\"article\" \/>\n<meta property=\"og:title\" content=\"Transport International Mekn\u00e8s | T\u00e9l : +212(0) 80 85 08129\" \/>\n<meta property=\"og:description\" content=\"Ptrans Soci\u00e9t\u00e9 de transport international mekn\u00e8s. T\u00e9l : +212663232300 | Mail : s.p@ptrans.fr Contactez-nous!\" \/>\n<meta property=\"og:url\" content=\"https:\/\/ptrans.fr\/fr_fr\/transport-international-meknes\/\" \/>\n<meta property=\"og:site_name\" content=\"Ptrans Soci\u00e9t\u00e9 De Transport &amp; D\u00e9m\u00e9nagements International Entre Le Maroc Et Le Reste Du Monde\" \/>\n<meta property=\"article:publisher\" content=\"https:\/\/www.facebook.com\/PlogisticsEurope\" \/>\n<meta property=\"article:modified_time\" content=\"2022-12-31T09:57:48+00:00\" \/>\n<meta property=\"og:image\" content=\"http:\/\/ptrans.fr\/wp-content\/uploads\/2022\/12\/transport-international-meknes-1-1024x635.png\" \/>\n<meta name=\"twitter:label1\" content=\"Dur\u00e9e de lecture estim\u00e9e\" \/>\n\t<meta name=\"twitter:data1\" content=\"3 minutes\" \/>\n<script type=\"application\/ld+json\" class=\"yoast-schema-graph\">{\"@context\":\"https:\/\/schema.org\",\"@graph\":[{\"@type\":\"Article\",\"@id\":\"https:\/\/ptrans.fr\/transport-international-meknes\/#article\",\"isPartOf\":{\"@id\":\"https:\/\/ptrans.fr\/transport-international-meknes\/\"},\"author\":{\"name\":\"admin\",\"@id\":\"https:\/\/ptrans.fr\/#\/schema\/person\/3a50d5b251b4df119e3598a32b8ce67c\"},\"headline\":\"Transport International Mekn\u00e8s\",\"datePublished\":\"2022-12-30T23:59:31+00:00\",\"dateModified\":\"2022-12-31T09:57:48+00:00\",\"mainEntityOfPage\":{\"@id\":\"https:\/\/ptrans.fr\/transport-international-meknes\/\"},\"wordCount\":313,\"publisher\":{\"@id\":\"https:\/\/ptrans.fr\/#organization\"},\"image\":{\"@id\":\"https:\/\/ptrans.fr\/transport-international-meknes\/#primaryimage\"},\"thumbnailUrl\":\"http:\/\/ptrans.fr\/wp-content\/uploads\/2022\/12\/transport-international-meknes-1-1024x635.png\",\"inLanguage\":\"fr-FR\"},{\"@type\":\"WebPage\",\"@id\":\"https:\/\/ptrans.fr\/transport-international-meknes\/\",\"url\":\"https:\/\/ptrans.fr\/transport-international-meknes\/\",\"name\":\"Transport International Mekn\u00e8s | T\u00e9l : +212(0) 80 85 08129\",\"isPartOf\":{\"@id\":\"https:\/\/ptrans.fr\/#website\"},\"primaryImageOfPage\":{\"@id\":\"https:\/\/ptrans.fr\/transport-international-meknes\/#primaryimage\"},\"image\":{\"@id\":\"https:\/\/ptrans.fr\/transport-international-meknes\/#primaryimage\"},\"thumbnailUrl\":\"http:\/\/ptrans.fr\/wp-content\/uploads\/2022\/12\/transport-international-meknes-1-1024x635.png\",\"datePublished\":\"2022-12-30T23:59:31+00:00\",\"dateModified\":\"2022-12-31T09:57:48+00:00\",\"description\":\"Ptrans Soci\u00e9t\u00e9 de transport international mekn\u00e8s. T\u00e9l : +212663232300 | Mail : s.p@ptrans.fr Contactez-nous!\",\"inLanguage\":\"fr-FR\",\"potentialAction\":[{\"@type\":\"ReadAction\",\"target\":[\"https:\/\/ptrans.fr\/transport-international-meknes\/\"]}]},{\"@type\":\"ImageObject\",\"inLanguage\":\"fr-FR\",\"@id\":\"https:\/\/ptrans.fr\/transport-international-meknes\/#primaryimage\",\"url\":\"http:\/\/ptrans.fr\/wp-content\/uploads\/2022\/12\/transport-international-meknes-1-1024x635.png\",\"contentUrl\":\"http:\/\/ptrans.fr\/wp-content\/uploads\/2022\/12\/transport-international-meknes-1-1024x635.png\"},{\"@type\":\"WebSite\",\"@id\":\"https:\/\/ptrans.fr\/#website\",\"url\":\"https:\/\/ptrans.fr\/\",\"name\":\"Ptrans Soci\u00e9t\u00e9 De Transport Et D\u00e9m\u00e9nagement International Maroc\",\"description\":\"Ptrans Votre Transporteur &amp; D\u00e9m\u00e9nageur Vers Le Maroc\",\"publisher\":{\"@id\":\"https:\/\/ptrans.fr\/#organization\"},\"alternateName\":\"Ptrans\",\"potentialAction\":[{\"@type\":\"SearchAction\",\"target\":{\"@type\":\"EntryPoint\",\"urlTemplate\":\"https:\/\/ptrans.fr\/?s={search_term_string}\"},\"query-input\":\"required name=search_term_string\"}],\"inLanguage\":\"fr-FR\"},{\"@type\":\"Organization\",\"@id\":\"https:\/\/ptrans.fr\/#organization\",\"name\":\"Ptrans Soci\u00e9t\u00e9 De Transport Et D\u00e9m\u00e9nagements International Entre Le Maroc Et Le Reste Du Monde\",\"url\":\"https:\/\/ptrans.fr\/\",\"logo\":{\"@type\":\"ImageObject\",\"inLanguage\":\"fr-FR\",\"@id\":\"https:\/\/ptrans.fr\/#\/schema\/logo\/image\/\",\"url\":\"http:\/\/ptrans.fr\/wp-content\/uploads\/2022\/08\/P.trans-logi_Plan-de-travail-1.png\",\"contentUrl\":\"http:\/\/ptrans.fr\/wp-content\/uploads\/2022\/08\/P.trans-logi_Plan-de-travail-1.png\",\"width\":2481,\"height\":1076,\"caption\":\"Ptrans Soci\u00e9t\u00e9 De Transport Et D\u00e9m\u00e9nagements International Entre Le Maroc Et Le Reste Du Monde\"},\"image\":{\"@id\":\"https:\/\/ptrans.fr\/#\/schema\/logo\/image\/\"},\"sameAs\":[\"https:\/\/www.facebook.com\/PlogisticsEurope\"]},{\"@type\":\"Person\",\"@id\":\"https:\/\/ptrans.fr\/#\/schema\/person\/3a50d5b251b4df119e3598a32b8ce67c\",\"name\":\"admin\",\"image\":{\"@type\":\"ImageObject\",\"inLanguage\":\"fr-FR\",\"@id\":\"https:\/\/ptrans.fr\/#\/schema\/person\/image\/\",\"url\":\"https:\/\/secure.gravatar.com\/avatar\/f1ed11851bb8c89ef1f06d655ba0bd00?s=96&d=mm&r=g\",\"contentUrl\":\"https:\/\/secure.gravatar.com\/avatar\/f1ed11851bb8c89ef1f06d655ba0bd00?s=96&d=mm&r=g\",\"caption\":\"admin\"},\"url\":\"https:\/\/ptrans.fr\/fr_fr\/author\/admin\/\"}]}<\/script>\n<!-- \/ Yoast SEO plugin. -->","yoast_head_json":{"title":"Transport International Mekn\u00e8s | T\u00e9l : +212(0) 80 85 08129","description":"Ptrans Soci\u00e9t\u00e9 de transport international mekn\u00e8s. T\u00e9l : +212663232300 | Mail : s.p@ptrans.fr Contactez-nous!","robots":{"index":"index","follow":"follow","max-snippet":"max-snippet:-1","max-image-preview":"max-image-preview:large","max-video-preview":"max-video-preview:-1"},"canonical":"https:\/\/ptrans.fr\/fr_fr\/transport-international-meknes\/","og_locale":"fr_FR","og_type":"article","og_title":"Transport International Mekn\u00e8s | T\u00e9l : +212(0) 80 85 08129","og_description":"Ptrans Soci\u00e9t\u00e9 de transport international mekn\u00e8s. T\u00e9l : +212663232300 | Mail : s.p@ptrans.fr Contactez-nous!","og_url":"https:\/\/ptrans.fr\/fr_fr\/transport-international-meknes\/","og_site_name":"Ptrans Soci\u00e9t\u00e9 De Transport &amp; D\u00e9m\u00e9nagements International Entre Le Maroc Et Le Reste Du Monde","article_publisher":"https:\/\/www.facebook.com\/PlogisticsEurope","article_modified_time":"2022-12-31T09:57:48+00:00","og_image":[{"url":"http:\/\/ptrans.fr\/wp-content\/uploads\/2022\/12\/transport-international-meknes-1-1024x635.png"}],"twitter_misc":{"Dur\u00e9e de lecture estim\u00e9e":"3 minutes"},"schema":{"@context":"https:\/\/schema.org","@graph":[{"@type":"Article","@id":"https:\/\/ptrans.fr\/transport-international-meknes\/#article","isPartOf":{"@id":"https:\/\/ptrans.fr\/transport-international-meknes\/"},"author":{"name":"admin","@id":"https:\/\/ptrans.fr\/#\/schema\/person\/3a50d5b251b4df119e3598a32b8ce67c"},"headline":"Transport International Mekn\u00e8s","datePublished":"2022-12-30T23:59:31+00:00","dateModified":"2022-12-31T09:57:48+00:00","mainEntityOfPage":{"@id":"https:\/\/ptrans.fr\/transport-international-meknes\/"},"wordCount":313,"publisher":{"@id":"https:\/\/ptrans.fr\/#organization"},"image":{"@id":"https:\/\/ptrans.fr\/transport-international-meknes\/#primaryimage"},"thumbnailUrl":"http:\/\/ptrans.fr\/wp-content\/uploads\/2022\/12\/transport-international-meknes-1-1024x635.png","inLanguage":"fr-FR"},{"@type":"WebPage","@id":"https:\/\/ptrans.fr\/transport-international-meknes\/","url":"https:\/\/ptrans.fr\/transport-international-meknes\/","name":"Transport International Mekn\u00e8s | T\u00e9l : +212(0) 80 85 08129","isPartOf":{"@id":"https:\/\/ptrans.fr\/#website"},"primaryImageOfPage":{"@id":"https:\/\/ptrans.fr\/transport-international-meknes\/#primaryimage"},"image":{"@id":"https:\/\/ptrans.fr\/transport-international-meknes\/#primaryimage"},"thumbnailUrl":"http:\/\/ptrans.fr\/wp-content\/uploads\/2022\/12\/transport-international-meknes-1-1024x635.png","datePublished":"2022-12-30T23:59:31+00:00","dateModified":"2022-12-31T09:57:48+00:00","description":"Ptrans Soci\u00e9t\u00e9 de transport international mekn\u00e8s. T\u00e9l : +212663232300 | Mail : s.p@ptrans.fr Contactez-nous!","inLanguage":"fr-FR","potentialAction":[{"@type":"ReadAction","target":["https:\/\/ptrans.fr\/transport-international-meknes\/"]}]},{"@type":"ImageObject","inLanguage":"fr-FR","@id":"https:\/\/ptrans.fr\/transport-international-meknes\/#primaryimage","url":"http:\/\/ptrans.fr\/wp-content\/uploads\/2022\/12\/transport-international-meknes-1-1024x635.png","contentUrl":"http:\/\/ptrans.fr\/wp-content\/uploads\/2022\/12\/transport-international-meknes-1-1024x635.png"},{"@type":"WebSite","@id":"https:\/\/ptrans.fr\/#website","url":"https:\/\/ptrans.fr\/","name":"Ptrans Soci\u00e9t\u00e9 De Transport Et D\u00e9m\u00e9nagement International Maroc","description":"Ptrans Votre Transporteur &amp; D\u00e9m\u00e9nageur Vers Le Maroc","publisher":{"@id":"https:\/\/ptrans.fr\/#organization"},"alternateName":"Ptrans","potentialAction":[{"@type":"SearchAction","target":{"@type":"EntryPoint","urlTemplate":"https:\/\/ptrans.fr\/?s={search_term_string}"},"query-input":"required name=search_term_string"}],"inLanguage":"fr-FR"},{"@type":"Organization","@id":"https:\/\/ptrans.fr\/#organization","name":"Ptrans Soci\u00e9t\u00e9 De Transport Et D\u00e9m\u00e9nagements International Entre Le Maroc Et Le Reste Du Monde","url":"https:\/\/ptrans.fr\/","logo":{"@type":"ImageObject","inLanguage":"fr-FR","@id":"https:\/\/ptrans.fr\/#\/schema\/logo\/image\/","url":"http:\/\/ptrans.fr\/wp-content\/uploads\/2022\/08\/P.trans-logi_Plan-de-travail-1.png","contentUrl":"http:\/\/ptrans.fr\/wp-content\/uploads\/2022\/08\/P.trans-logi_Plan-de-travail-1.png","width":2481,"height":1076,"caption":"Ptrans Soci\u00e9t\u00e9 De Transport Et D\u00e9m\u00e9nagements International Entre Le Maroc Et Le Reste Du Monde"},"image":{"@id":"https:\/\/ptrans.fr\/#\/schema\/logo\/image\/"},"sameAs":["https:\/\/www.facebook.com\/PlogisticsEurope"]},{"@type":"Person","@id":"https:\/\/ptrans.fr\/#\/schema\/person\/3a50d5b251b4df119e3598a32b8ce67c","name":"admin","image":{"@type":"ImageObject","inLanguage":"fr-FR","@id":"https:\/\/ptrans.fr\/#\/schema\/person\/image\/","url":"https:\/\/secure.gravatar.com\/avatar\/f1ed11851bb8c89ef1f06d655ba0bd00?s=96&d=mm&r=g","contentUrl":"https:\/\/secure.gravatar.com\/avatar\/f1ed11851bb8c89ef1f06d655ba0bd00?s=96&d=mm&r=g","caption":"admin"},"url":"https:\/\/ptrans.fr\/fr_fr\/author\/admin\/"}]}},"jetpack_sharing_enabled":true,"jetpack_likes_enabled":true,"_links":{"self":[{"href":"https:\/\/ptrans.fr\/fr_fr\/wp-json\/wp\/v2\/pages\/9766"}],"collection":[{"href":"https:\/\/ptrans.fr\/fr_fr\/wp-json\/wp\/v2\/pages"}],"about":[{"href":"https:\/\/ptrans.fr\/fr_fr\/wp-json\/wp\/v2\/types\/page"}],"author":[{"embeddable":true,"href":"https:\/\/ptrans.fr\/fr_fr\/wp-json\/wp\/v2\/users\/1"}],"replies":[{"embeddable":true,"href":"https:\/\/ptrans.fr\/fr_fr\/wp-json\/wp\/v2\/comments?post=9766"}],"version-history":[{"count":0,"href":"https:\/\/ptrans.fr\/fr_fr\/wp-json\/wp\/v2\/pages\/9766\/revisions"}],"wp:attachment":[{"href":"https:\/\/ptrans.fr\/fr_fr\/wp-json\/wp\/v2\/media?parent=9766"}],"curies":[{"name":"wp","href":"https:\/\/api.w.org\/{rel}","templated":true}]}}