{"id":9922,"date":"2023-01-02T08:05:25","date_gmt":"2023-01-02T07:05:25","guid":{"rendered":"https:\/\/ptrans.fr\/?page_id=9922"},"modified":"2023-01-05T01:49:07","modified_gmt":"2023-01-05T00:49:07","slug":"agence-transport-international-marrakech","status":"publish","type":"page","link":"https:\/\/ptrans.fr\/fr_fr\/agence-transport-international-marrakech\/","title":{"rendered":"Agence Transport International Marrakech"},"content":{"rendered":"<h2>Agence Transport International Marrakech<\/h2>\n<p><img decoding=\"async\" width=\"1024\" height=\"635\" src=\"http:\/\/ptrans.fr\/wp-content\/uploads\/2023\/01\/agence-transport-international-marrakech-1024x635.png\" alt=\"agence transport international marrakech\" loading=\"lazy\" srcset=\"https:\/\/ptrans.fr\/wp-content\/uploads\/2023\/01\/agence-transport-international-marrakech-1024x635.png 1024w, https:\/\/ptrans.fr\/wp-content\/uploads\/2023\/01\/agence-transport-international-marrakech-300x186.png 300w, https:\/\/ptrans.fr\/wp-content\/uploads\/2023\/01\/agence-transport-international-marrakech-768x476.png 768w, https:\/\/ptrans.fr\/wp-content\/uploads\/2023\/01\/agence-transport-international-marrakech-800x496.png 800w, https:\/\/ptrans.fr\/wp-content\/uploads\/2023\/01\/agence-transport-international-marrakech.png 1500w\" sizes=\"(max-width: 1024px) 100vw, 1024px\"><\/p>\n<p>Vous cherchez \u00e0 exp\u00e9dier des colis, des marchandises et des objets d&rsquo;artisanat depuis Marrakech ? Ptrans est l&rsquo;agence de transport international \u00e0 laquelle vous pouvez faire confiance pour vos besoins. Nous fournissons des services d&rsquo;exp\u00e9dition internationale aux entreprises et aux particuliers \u00e0 Marrakech et dans les environs. Notre \u00e9quipe de professionnels exp\u00e9riment\u00e9s s&rsquo;efforce de fournir des solutions de transport international de haute qualit\u00e9, adapt\u00e9es \u00e0 tous les budgets.<\/p>\n<p><a href=\"https:\/\/www.ptrans.fr\/estimer-le-prix\" role=\"button\"><br \/>\nNos Tarifs En Ligne<br \/>\n<\/a><\/p>\n<h2><strong>Nos destinations depuis agence de Marrakech<\/strong><\/h2>\n<p>Comprennent des villes internationales, des zones rurales et des destinations \u00e0 l&rsquo;int\u00e9rieur du pays. Nous proposons la livraison de vos marchandises de porte \u00e0 porte. Que vous envoyiez des marchandises en Asie, en Europe ou en Am\u00e9rique, nous vous garantissons que votre colis sera livr\u00e9 en toute s\u00e9curit\u00e9 et \u00e0 temps.<\/p>\n<p>Les services de porte \u00e0 entrep\u00f4t et d&rsquo;entrep\u00f4t \u00e0 entrep\u00f4t. Ptrans Marrakech garantit l&rsquo;arriv\u00e9e s\u00fbre et ponctuelle de vos colis et marchandises.<\/p>\n<p><img decoding=\"async\" width=\"1024\" height=\"704\" src=\"http:\/\/ptrans.fr\/wp-content\/uploads\/2023\/01\/agence-transport-international-marrakech-maroc-1024x704.png\" alt=\"agence transport international marrakech\" loading=\"lazy\" srcset=\"https:\/\/ptrans.fr\/wp-content\/uploads\/2023\/01\/agence-transport-international-marrakech-maroc-1024x704.png 1024w, https:\/\/ptrans.fr\/wp-content\/uploads\/2023\/01\/agence-transport-international-marrakech-maroc-300x206.png 300w, https:\/\/ptrans.fr\/wp-content\/uploads\/2023\/01\/agence-transport-international-marrakech-maroc-768x528.png 768w, https:\/\/ptrans.fr\/wp-content\/uploads\/2023\/01\/agence-transport-international-marrakech-maroc-1536x1056.png 1536w, https:\/\/ptrans.fr\/wp-content\/uploads\/2023\/01\/agence-transport-international-marrakech-maroc-800x550.png 800w, https:\/\/ptrans.fr\/wp-content\/uploads\/2023\/01\/agence-transport-international-marrakech-maroc.png 1600w\" sizes=\"(max-width: 1024px) 100vw, 1024px\"><\/p>\n<h2><b>Tarifs agence transport international de Marrakech<\/b><\/h2>\n<p>Notre service de livraison de colis internationaux offre des tarifs comp\u00e9titifs sur toutes les routes d&rsquo;exp\u00e9dition internationales. Notre syst\u00e8me de suivi vous permet de surveiller la progression de vos envois en ligne depuis n&rsquo;importe quel endroit. Vous pouvez \u00e9galement ajouter une vari\u00e9t\u00e9 de services \u00e0 valeur ajout\u00e9e tels que l&rsquo;assurance ou le d\u00e9douanement pour une tranquillit\u00e9 d&rsquo;esprit suppl\u00e9mentaire.<\/p>\n<h2>Liens Utiles<\/h2>\n<p><a href=\"http:\/\/www.douane.gov.ma\/\"><br \/>\n<img decoding=\"async\" width=\"300\" height=\"137\" src=\"http:\/\/ptrans.fr\/wp-content\/uploads\/2023\/01\/agence-transport-international-marrakech-maroc-douane-300x137.png\" alt=\"\" loading=\"lazy\" srcset=\"https:\/\/ptrans.fr\/wp-content\/uploads\/2023\/01\/agence-transport-international-marrakech-maroc-douane-300x137.png 300w, https:\/\/ptrans.fr\/wp-content\/uploads\/2023\/01\/agence-transport-international-marrakech-maroc-douane.png 616w\" sizes=\"(max-width: 300px) 100vw, 300px\">\t\t\t\t\t\t\t\t<\/a><br \/>\n<a href=\"https:\/\/www.bureauveritas.ma\/fr\"><br \/>\n<img decoding=\"async\" width=\"243\" height=\"300\" src=\"http:\/\/ptrans.fr\/wp-content\/uploads\/2023\/01\/agence-transport-international-marrakech-maroc-conformitee-243x300.png\" alt=\"agence transport international marrakech maroc conformit\u00e9e\" loading=\"lazy\" srcset=\"https:\/\/ptrans.fr\/wp-content\/uploads\/2023\/01\/agence-transport-international-marrakech-maroc-conformitee-243x300.png 243w, https:\/\/ptrans.fr\/wp-content\/uploads\/2023\/01\/agence-transport-international-marrakech-maroc-conformitee-828x1024.png 828w, https:\/\/ptrans.fr\/wp-content\/uploads\/2023\/01\/agence-transport-international-marrakech-maroc-conformitee-768x950.png 768w, https:\/\/ptrans.fr\/wp-content\/uploads\/2023\/01\/agence-transport-international-marrakech-maroc-conformitee-1242x1536.png 1242w, https:\/\/ptrans.fr\/wp-content\/uploads\/2023\/01\/agence-transport-international-marrakech-maroc-conformitee-800x989.png 800w, https:\/\/ptrans.fr\/wp-content\/uploads\/2023\/01\/agence-transport-international-marrakech-maroc-conformitee.png 1390w\" sizes=\"(max-width: 243px) 100vw, 243px\">\t\t\t\t\t\t\t\t<\/a><\/p>\n<p>Chez Ptrans, agence de transport international Marrakech, notre mission est de veiller \u00e0 ce que tous nos clients re\u00e7oivent leurs colis en parfaite condition.<\/p>\n<p><a href=\"https:\/\/www.ptrans.fr\/estimer-le-prix\" role=\"button\"><br \/>\nNos Tarifs En Ligne<br \/>\n<\/a><\/p>\n","protected":false},"excerpt":{"rendered":"<p>Agence Transport International Marrakech Vous cherchez \u00e0 exp\u00e9dier des colis, des marchandises et des objets [&hellip;]<\/p>\n","protected":false},"author":1,"featured_media":0,"parent":0,"menu_order":0,"comment_status":"closed","ping_status":"closed","template":"","meta":{"footnotes":""},"yoast_head":"<!-- This site is optimized with the Yoast SEO plugin v22.8 - https:\/\/yoast.com\/wordpress\/plugins\/seo\/ -->\n<title>Agence Transport International Marrakech | +212(0)80 85 08129<\/title>\n<meta name=\"description\" content=\"Vous cherchez une agence de transport international \u00e0 Marrakech ? Ptrans est l\u00e0 pour vous servir. T\u00e9l: +212663232300 \/ s.p@ptrans.fr\" \/>\n<meta name=\"robots\" content=\"index, follow, max-snippet:-1, max-image-preview:large, max-video-preview:-1\" \/>\n<link rel=\"canonical\" href=\"https:\/\/ptrans.fr\/fr_fr\/agence-transport-international-marrakech\/\" \/>\n<meta property=\"og:locale\" content=\"fr_FR\" \/>\n<meta property=\"og:type\" content=\"article\" \/>\n<meta property=\"og:title\" content=\"Agence Transport International Marrakech - T\u00e9l : +212 663 23 23 00\" \/>\n<meta property=\"og:description\" content=\"Vous cherchez une agence de transport international \u00e0 Marrakech ? Ptrans est l\u00e0 pour vous servir. T\u00e9l: +212663232300 \/ s.p@ptrans.fr\" \/>\n<meta property=\"og:url\" content=\"https:\/\/ptrans.fr\/fr_fr\/agence-transport-international-marrakech\/\" \/>\n<meta property=\"og:site_name\" content=\"Ptrans Soci\u00e9t\u00e9 De Transport &amp; D\u00e9m\u00e9nagements International Entre Le Maroc Et Le Reste Du Monde\" \/>\n<meta property=\"article:publisher\" content=\"https:\/\/www.facebook.com\/PlogisticsEurope\" \/>\n<meta property=\"article:modified_time\" content=\"2023-01-05T00:49:07+00:00\" \/>\n<meta property=\"og:image\" content=\"http:\/\/ptrans.fr\/wp-content\/uploads\/2023\/01\/agence-transport-international-marrakech-1024x635.png\" \/>\n<meta name=\"twitter:label1\" content=\"Dur\u00e9e de lecture estim\u00e9e\" \/>\n\t<meta name=\"twitter:data1\" content=\"3 minutes\" \/>\n<script type=\"application\/ld+json\" class=\"yoast-schema-graph\">{\"@context\":\"https:\/\/schema.org\",\"@graph\":[{\"@type\":\"Article\",\"@id\":\"https:\/\/ptrans.fr\/agence-transport-international-marrakech\/#article\",\"isPartOf\":{\"@id\":\"https:\/\/ptrans.fr\/agence-transport-international-marrakech\/\"},\"author\":{\"name\":\"admin\",\"@id\":\"https:\/\/ptrans.fr\/#\/schema\/person\/3a50d5b251b4df119e3598a32b8ce67c\"},\"headline\":\"Agence Transport International Marrakech\",\"datePublished\":\"2023-01-02T07:05:25+00:00\",\"dateModified\":\"2023-01-05T00:49:07+00:00\",\"mainEntityOfPage\":{\"@id\":\"https:\/\/ptrans.fr\/agence-transport-international-marrakech\/\"},\"wordCount\":262,\"publisher\":{\"@id\":\"https:\/\/ptrans.fr\/#organization\"},\"image\":{\"@id\":\"https:\/\/ptrans.fr\/agence-transport-international-marrakech\/#primaryimage\"},\"thumbnailUrl\":\"http:\/\/ptrans.fr\/wp-content\/uploads\/2023\/01\/agence-transport-international-marrakech-1024x635.png\",\"inLanguage\":\"fr-FR\"},{\"@type\":\"WebPage\",\"@id\":\"https:\/\/ptrans.fr\/agence-transport-international-marrakech\/\",\"url\":\"https:\/\/ptrans.fr\/agence-transport-international-marrakech\/\",\"name\":\"Agence Transport International Marrakech | +212(0)80 85 08129\",\"isPartOf\":{\"@id\":\"https:\/\/ptrans.fr\/#website\"},\"primaryImageOfPage\":{\"@id\":\"https:\/\/ptrans.fr\/agence-transport-international-marrakech\/#primaryimage\"},\"image\":{\"@id\":\"https:\/\/ptrans.fr\/agence-transport-international-marrakech\/#primaryimage\"},\"thumbnailUrl\":\"http:\/\/ptrans.fr\/wp-content\/uploads\/2023\/01\/agence-transport-international-marrakech-1024x635.png\",\"datePublished\":\"2023-01-02T07:05:25+00:00\",\"dateModified\":\"2023-01-05T00:49:07+00:00\",\"description\":\"Vous cherchez une agence de transport international \u00e0 Marrakech ? Ptrans est l\u00e0 pour vous servir. T\u00e9l: +212663232300 \/ s.p@ptrans.fr\",\"inLanguage\":\"fr-FR\",\"potentialAction\":[{\"@type\":\"ReadAction\",\"target\":[\"https:\/\/ptrans.fr\/agence-transport-international-marrakech\/\"]}]},{\"@type\":\"ImageObject\",\"inLanguage\":\"fr-FR\",\"@id\":\"https:\/\/ptrans.fr\/agence-transport-international-marrakech\/#primaryimage\",\"url\":\"http:\/\/ptrans.fr\/wp-content\/uploads\/2023\/01\/agence-transport-international-marrakech-1024x635.png\",\"contentUrl\":\"http:\/\/ptrans.fr\/wp-content\/uploads\/2023\/01\/agence-transport-international-marrakech-1024x635.png\"},{\"@type\":\"WebSite\",\"@id\":\"https:\/\/ptrans.fr\/#website\",\"url\":\"https:\/\/ptrans.fr\/\",\"name\":\"Ptrans Soci\u00e9t\u00e9 De Transport Et D\u00e9m\u00e9nagement International Maroc\",\"description\":\"Ptrans Votre Transporteur &amp; D\u00e9m\u00e9nageur Vers Le Maroc\",\"publisher\":{\"@id\":\"https:\/\/ptrans.fr\/#organization\"},\"alternateName\":\"Ptrans\",\"potentialAction\":[{\"@type\":\"SearchAction\",\"target\":{\"@type\":\"EntryPoint\",\"urlTemplate\":\"https:\/\/ptrans.fr\/?s={search_term_string}\"},\"query-input\":\"required name=search_term_string\"}],\"inLanguage\":\"fr-FR\"},{\"@type\":\"Organization\",\"@id\":\"https:\/\/ptrans.fr\/#organization\",\"name\":\"Ptrans Soci\u00e9t\u00e9 De Transport Et D\u00e9m\u00e9nagements International Entre Le Maroc Et Le Reste Du Monde\",\"url\":\"https:\/\/ptrans.fr\/\",\"logo\":{\"@type\":\"ImageObject\",\"inLanguage\":\"fr-FR\",\"@id\":\"https:\/\/ptrans.fr\/#\/schema\/logo\/image\/\",\"url\":\"http:\/\/ptrans.fr\/wp-content\/uploads\/2022\/08\/P.trans-logi_Plan-de-travail-1.png\",\"contentUrl\":\"http:\/\/ptrans.fr\/wp-content\/uploads\/2022\/08\/P.trans-logi_Plan-de-travail-1.png\",\"width\":2481,\"height\":1076,\"caption\":\"Ptrans Soci\u00e9t\u00e9 De Transport Et D\u00e9m\u00e9nagements International Entre Le Maroc Et Le Reste Du Monde\"},\"image\":{\"@id\":\"https:\/\/ptrans.fr\/#\/schema\/logo\/image\/\"},\"sameAs\":[\"https:\/\/www.facebook.com\/PlogisticsEurope\"]},{\"@type\":\"Person\",\"@id\":\"https:\/\/ptrans.fr\/#\/schema\/person\/3a50d5b251b4df119e3598a32b8ce67c\",\"name\":\"admin\",\"image\":{\"@type\":\"ImageObject\",\"inLanguage\":\"fr-FR\",\"@id\":\"https:\/\/ptrans.fr\/#\/schema\/person\/image\/\",\"url\":\"https:\/\/secure.gravatar.com\/avatar\/f1ed11851bb8c89ef1f06d655ba0bd00?s=96&d=mm&r=g\",\"contentUrl\":\"https:\/\/secure.gravatar.com\/avatar\/f1ed11851bb8c89ef1f06d655ba0bd00?s=96&d=mm&r=g\",\"caption\":\"admin\"},\"url\":\"https:\/\/ptrans.fr\/fr_fr\/author\/admin\/\"}]}<\/script>\n<!-- \/ Yoast SEO plugin. -->","yoast_head_json":{"title":"Agence Transport International Marrakech | +212(0)80 85 08129","description":"Vous cherchez une agence de transport international \u00e0 Marrakech ? Ptrans est l\u00e0 pour vous servir. T\u00e9l: +212663232300 \/ s.p@ptrans.fr","robots":{"index":"index","follow":"follow","max-snippet":"max-snippet:-1","max-image-preview":"max-image-preview:large","max-video-preview":"max-video-preview:-1"},"canonical":"https:\/\/ptrans.fr\/fr_fr\/agence-transport-international-marrakech\/","og_locale":"fr_FR","og_type":"article","og_title":"Agence Transport International Marrakech - T\u00e9l : +212 663 23 23 00","og_description":"Vous cherchez une agence de transport international \u00e0 Marrakech ? Ptrans est l\u00e0 pour vous servir. T\u00e9l: +212663232300 \/ s.p@ptrans.fr","og_url":"https:\/\/ptrans.fr\/fr_fr\/agence-transport-international-marrakech\/","og_site_name":"Ptrans Soci\u00e9t\u00e9 De Transport &amp; D\u00e9m\u00e9nagements International Entre Le Maroc Et Le Reste Du Monde","article_publisher":"https:\/\/www.facebook.com\/PlogisticsEurope","article_modified_time":"2023-01-05T00:49:07+00:00","og_image":[{"url":"http:\/\/ptrans.fr\/wp-content\/uploads\/2023\/01\/agence-transport-international-marrakech-1024x635.png"}],"twitter_misc":{"Dur\u00e9e de lecture estim\u00e9e":"3 minutes"},"schema":{"@context":"https:\/\/schema.org","@graph":[{"@type":"Article","@id":"https:\/\/ptrans.fr\/agence-transport-international-marrakech\/#article","isPartOf":{"@id":"https:\/\/ptrans.fr\/agence-transport-international-marrakech\/"},"author":{"name":"admin","@id":"https:\/\/ptrans.fr\/#\/schema\/person\/3a50d5b251b4df119e3598a32b8ce67c"},"headline":"Agence Transport International Marrakech","datePublished":"2023-01-02T07:05:25+00:00","dateModified":"2023-01-05T00:49:07+00:00","mainEntityOfPage":{"@id":"https:\/\/ptrans.fr\/agence-transport-international-marrakech\/"},"wordCount":262,"publisher":{"@id":"https:\/\/ptrans.fr\/#organization"},"image":{"@id":"https:\/\/ptrans.fr\/agence-transport-international-marrakech\/#primaryimage"},"thumbnailUrl":"http:\/\/ptrans.fr\/wp-content\/uploads\/2023\/01\/agence-transport-international-marrakech-1024x635.png","inLanguage":"fr-FR"},{"@type":"WebPage","@id":"https:\/\/ptrans.fr\/agence-transport-international-marrakech\/","url":"https:\/\/ptrans.fr\/agence-transport-international-marrakech\/","name":"Agence Transport International Marrakech | +212(0)80 85 08129","isPartOf":{"@id":"https:\/\/ptrans.fr\/#website"},"primaryImageOfPage":{"@id":"https:\/\/ptrans.fr\/agence-transport-international-marrakech\/#primaryimage"},"image":{"@id":"https:\/\/ptrans.fr\/agence-transport-international-marrakech\/#primaryimage"},"thumbnailUrl":"http:\/\/ptrans.fr\/wp-content\/uploads\/2023\/01\/agence-transport-international-marrakech-1024x635.png","datePublished":"2023-01-02T07:05:25+00:00","dateModified":"2023-01-05T00:49:07+00:00","description":"Vous cherchez une agence de transport international \u00e0 Marrakech ? Ptrans est l\u00e0 pour vous servir. T\u00e9l: +212663232300 \/ s.p@ptrans.fr","inLanguage":"fr-FR","potentialAction":[{"@type":"ReadAction","target":["https:\/\/ptrans.fr\/agence-transport-international-marrakech\/"]}]},{"@type":"ImageObject","inLanguage":"fr-FR","@id":"https:\/\/ptrans.fr\/agence-transport-international-marrakech\/#primaryimage","url":"http:\/\/ptrans.fr\/wp-content\/uploads\/2023\/01\/agence-transport-international-marrakech-1024x635.png","contentUrl":"http:\/\/ptrans.fr\/wp-content\/uploads\/2023\/01\/agence-transport-international-marrakech-1024x635.png"},{"@type":"WebSite","@id":"https:\/\/ptrans.fr\/#website","url":"https:\/\/ptrans.fr\/","name":"Ptrans Soci\u00e9t\u00e9 De Transport Et D\u00e9m\u00e9nagement International Maroc","description":"Ptrans Votre Transporteur &amp; D\u00e9m\u00e9nageur Vers Le Maroc","publisher":{"@id":"https:\/\/ptrans.fr\/#organization"},"alternateName":"Ptrans","potentialAction":[{"@type":"SearchAction","target":{"@type":"EntryPoint","urlTemplate":"https:\/\/ptrans.fr\/?s={search_term_string}"},"query-input":"required name=search_term_string"}],"inLanguage":"fr-FR"},{"@type":"Organization","@id":"https:\/\/ptrans.fr\/#organization","name":"Ptrans Soci\u00e9t\u00e9 De Transport Et D\u00e9m\u00e9nagements International Entre Le Maroc Et Le Reste Du Monde","url":"https:\/\/ptrans.fr\/","logo":{"@type":"ImageObject","inLanguage":"fr-FR","@id":"https:\/\/ptrans.fr\/#\/schema\/logo\/image\/","url":"http:\/\/ptrans.fr\/wp-content\/uploads\/2022\/08\/P.trans-logi_Plan-de-travail-1.png","contentUrl":"http:\/\/ptrans.fr\/wp-content\/uploads\/2022\/08\/P.trans-logi_Plan-de-travail-1.png","width":2481,"height":1076,"caption":"Ptrans Soci\u00e9t\u00e9 De Transport Et D\u00e9m\u00e9nagements International Entre Le Maroc Et Le Reste Du Monde"},"image":{"@id":"https:\/\/ptrans.fr\/#\/schema\/logo\/image\/"},"sameAs":["https:\/\/www.facebook.com\/PlogisticsEurope"]},{"@type":"Person","@id":"https:\/\/ptrans.fr\/#\/schema\/person\/3a50d5b251b4df119e3598a32b8ce67c","name":"admin","image":{"@type":"ImageObject","inLanguage":"fr-FR","@id":"https:\/\/ptrans.fr\/#\/schema\/person\/image\/","url":"https:\/\/secure.gravatar.com\/avatar\/f1ed11851bb8c89ef1f06d655ba0bd00?s=96&d=mm&r=g","contentUrl":"https:\/\/secure.gravatar.com\/avatar\/f1ed11851bb8c89ef1f06d655ba0bd00?s=96&d=mm&r=g","caption":"admin"},"url":"https:\/\/ptrans.fr\/fr_fr\/author\/admin\/"}]}},"jetpack_sharing_enabled":true,"jetpack_likes_enabled":true,"_links":{"self":[{"href":"https:\/\/ptrans.fr\/fr_fr\/wp-json\/wp\/v2\/pages\/9922"}],"collection":[{"href":"https:\/\/ptrans.fr\/fr_fr\/wp-json\/wp\/v2\/pages"}],"about":[{"href":"https:\/\/ptrans.fr\/fr_fr\/wp-json\/wp\/v2\/types\/page"}],"author":[{"embeddable":true,"href":"https:\/\/ptrans.fr\/fr_fr\/wp-json\/wp\/v2\/users\/1"}],"replies":[{"embeddable":true,"href":"https:\/\/ptrans.fr\/fr_fr\/wp-json\/wp\/v2\/comments?post=9922"}],"version-history":[{"count":0,"href":"https:\/\/ptrans.fr\/fr_fr\/wp-json\/wp\/v2\/pages\/9922\/revisions"}],"wp:attachment":[{"href":"https:\/\/ptrans.fr\/fr_fr\/wp-json\/wp\/v2\/media?parent=9922"}],"curies":[{"name":"wp","href":"https:\/\/api.w.org\/{rel}","templated":true}]}}