{"id":3740,"date":"2018-09-06T13:27:16","date_gmt":"2018-09-06T13:27:16","guid":{"rendered":"https:\/\/www.ekko-wp.com\/product\/import-placeholder-for-56\/"},"modified":"2018-09-06T13:27:16","modified_gmt":"2018-09-06T13:27:16","slug":"wire-organizer","status":"publish","type":"product","link":"https:\/\/ptrans.fr\/fr_fr\/produit\/wire-organizer\/","title":{"rendered":"Wire organizer"},"content":{"rendered":"<p>\t\t\t\tClass aptent taciti sociosqu ad litora torquent per conubia nostra, per inceptos himenaeos. Pellentesque habitant morbi tristique senectus et netus et malesuada fames ac turpis egestas. Curabitur faucibus purus sed porttitor finibus. Proin non urna vel augue feugiat euismod at quis justo. Sed at lacinia orci. Integer aliquam ultrices ligula, ac aliquam odio venenatis congue.<\/p>\n<p>Integer mattis pharetra enim, sed facilisis lorem ullamcorper dignissim. Aenean at eros efficitur, aliquet diam nec, tristique purus. Nam vulputate porta diam, eget facilisis diam feugiat et. Pellentesque facilisis, mauris at gravida facilisis, purus nisi tristique orci, a pulvinar massa nisi eu velit. Pellentesque iaculis pretium ornare. Nunc luctus tempor nibh, luctus sollicitudin leo sagittis scelerisque.<\/p>\n<p>Aliquam in lorem ac eros gravida pellentesque at tincidunt libero. Aliquam ut turpis pulvinar, cursus metus vitae, fermentum sapien. Aenean sollicitudin tellus vitae vestibulum egestas. Praesent mattis ultricies magna, id ultrices leo eleifend a. Sed cursus arcu eget lacinia sagittis. Cras eu blandit sapien. Proin dictum aliquet magna, nec venenatis leo commodo nec. Aliquam tristique mauris nec justo gravida, ut dapibus enim bibendum.\t\t\t\t<\/p>\n","protected":false},"excerpt":{"rendered":"<p>\t\t\t\tMagna, id ultrices leo eleifend sed cursus arcu eget lacinia sagittis. Cras eu blandit sapien. Proin dictum aliquet magna, nec venenatis leo commodo nec. Aliquam tristique mauris nec justo gravida, ut dapibus enim bibendum.\t\t\t\t<\/p>\n","protected":false},"featured_media":4185,"comment_status":"open","ping_status":"closed","template":"","meta":{"jetpack_publicize_message":"","jetpack_publicize_feature_enabled":true,"jetpack_social_post_already_shared":false,"jetpack_social_options":{"image_generator_settings":{"template":"highway","enabled":false}}},"product_cat":[36,30],"product_tag":[43,48],"jetpack_publicize_connections":[],"yoast_head":"<!-- This site is optimized with the Yoast SEO plugin v22.8 - https:\/\/yoast.com\/wordpress\/plugins\/seo\/ -->\n<title>Wire organizer - Ptrans Soci\u00e9t\u00e9 De Transport &amp; D\u00e9m\u00e9nagements International Entre Le Maroc Et Le Reste Du Monde<\/title>\n<meta name=\"robots\" content=\"index, follow, max-snippet:-1, max-image-preview:large, max-video-preview:-1\" \/>\n<link rel=\"canonical\" href=\"https:\/\/ptrans.fr\/fr_fr\/produit\/wire-organizer\/\" \/>\n<meta property=\"og:locale\" content=\"fr_FR\" \/>\n<meta property=\"og:type\" content=\"article\" \/>\n<meta property=\"og:title\" content=\"Wire organizer - Ptrans Soci\u00e9t\u00e9 De Transport &amp; D\u00e9m\u00e9nagements International Entre Le Maroc Et Le Reste Du Monde\" \/>\n<meta property=\"og:description\" content=\"Magna, id ultrices leo eleifend sed cursus arcu eget lacinia sagittis. Cras eu blandit sapien. Proin dictum aliquet magna, nec venenatis leo commodo nec. Aliquam tristique mauris nec justo gravida, ut dapibus enim bibendum.\" \/>\n<meta property=\"og:url\" content=\"https:\/\/ptrans.fr\/fr_fr\/produit\/wire-organizer\/\" \/>\n<meta property=\"og:site_name\" content=\"Ptrans Soci\u00e9t\u00e9 De Transport &amp; D\u00e9m\u00e9nagements International Entre Le Maroc Et Le Reste Du Monde\" \/>\n<meta property=\"article:publisher\" content=\"https:\/\/www.facebook.com\/PlogisticsEurope\" \/>\n<meta property=\"og:image\" content=\"https:\/\/ptrans.fr\/wp-content\/uploads\/2018\/09\/product8.jpg\" \/>\n\t<meta property=\"og:image:width\" content=\"800\" \/>\n\t<meta property=\"og:image:height\" content=\"800\" \/>\n\t<meta property=\"og:image:type\" content=\"image\/jpeg\" \/>\n<meta name=\"twitter:label1\" content=\"Dur\u00e9e de lecture estim\u00e9e\" \/>\n\t<meta name=\"twitter:data1\" content=\"1 minute\" \/>\n<script type=\"application\/ld+json\" class=\"yoast-schema-graph\">{\"@context\":\"https:\/\/schema.org\",\"@graph\":[{\"@type\":\"WebPage\",\"@id\":\"https:\/\/ptrans.fr\/produit\/wire-organizer\/\",\"url\":\"https:\/\/ptrans.fr\/produit\/wire-organizer\/\",\"name\":\"Wire organizer - Ptrans Soci\u00e9t\u00e9 De Transport &amp; D\u00e9m\u00e9nagements International Entre Le Maroc Et Le Reste Du Monde\",\"isPartOf\":{\"@id\":\"https:\/\/ptrans.fr\/#website\"},\"primaryImageOfPage\":{\"@id\":\"https:\/\/ptrans.fr\/produit\/wire-organizer\/#primaryimage\"},\"image\":{\"@id\":\"https:\/\/ptrans.fr\/produit\/wire-organizer\/#primaryimage\"},\"thumbnailUrl\":\"https:\/\/ptrans.fr\/wp-content\/uploads\/2018\/09\/product8.jpg\",\"datePublished\":\"2018-09-06T13:27:16+00:00\",\"dateModified\":\"2018-09-06T13:27:16+00:00\",\"breadcrumb\":{\"@id\":\"https:\/\/ptrans.fr\/produit\/wire-organizer\/#breadcrumb\"},\"inLanguage\":\"fr-FR\",\"potentialAction\":[{\"@type\":\"ReadAction\",\"target\":[\"https:\/\/ptrans.fr\/produit\/wire-organizer\/\"]}]},{\"@type\":\"ImageObject\",\"inLanguage\":\"fr-FR\",\"@id\":\"https:\/\/ptrans.fr\/produit\/wire-organizer\/#primaryimage\",\"url\":\"https:\/\/ptrans.fr\/wp-content\/uploads\/2018\/09\/product8.jpg\",\"contentUrl\":\"https:\/\/ptrans.fr\/wp-content\/uploads\/2018\/09\/product8.jpg\",\"width\":800,\"height\":800,\"caption\":\"\"},{\"@type\":\"BreadcrumbList\",\"@id\":\"https:\/\/ptrans.fr\/produit\/wire-organizer\/#breadcrumb\",\"itemListElement\":[{\"@type\":\"ListItem\",\"position\":1,\"name\":\"Produits\",\"item\":\"https:\/\/ptrans.fr\/shop\/\"},{\"@type\":\"ListItem\",\"position\":2,\"name\":\"Wire organizer\"}]},{\"@type\":\"WebSite\",\"@id\":\"https:\/\/ptrans.fr\/#website\",\"url\":\"https:\/\/ptrans.fr\/\",\"name\":\"Ptrans Soci\u00e9t\u00e9 De Transport Et D\u00e9m\u00e9nagement International Maroc\",\"description\":\"Ptrans Votre Transporteur &amp; D\u00e9m\u00e9nageur Vers Le Maroc\",\"publisher\":{\"@id\":\"https:\/\/ptrans.fr\/#organization\"},\"alternateName\":\"Ptrans\",\"potentialAction\":[{\"@type\":\"SearchAction\",\"target\":{\"@type\":\"EntryPoint\",\"urlTemplate\":\"https:\/\/ptrans.fr\/?s={search_term_string}\"},\"query-input\":\"required name=search_term_string\"}],\"inLanguage\":\"fr-FR\"},{\"@type\":\"Organization\",\"@id\":\"https:\/\/ptrans.fr\/#organization\",\"name\":\"Ptrans Soci\u00e9t\u00e9 De Transport Et D\u00e9m\u00e9nagements International Entre Le Maroc Et Le Reste Du Monde\",\"url\":\"https:\/\/ptrans.fr\/\",\"logo\":{\"@type\":\"ImageObject\",\"inLanguage\":\"fr-FR\",\"@id\":\"https:\/\/ptrans.fr\/#\/schema\/logo\/image\/\",\"url\":\"http:\/\/ptrans.fr\/wp-content\/uploads\/2022\/08\/P.trans-logi_Plan-de-travail-1.png\",\"contentUrl\":\"http:\/\/ptrans.fr\/wp-content\/uploads\/2022\/08\/P.trans-logi_Plan-de-travail-1.png\",\"width\":2481,\"height\":1076,\"caption\":\"Ptrans Soci\u00e9t\u00e9 De Transport Et D\u00e9m\u00e9nagements International Entre Le Maroc Et Le Reste Du Monde\"},\"image\":{\"@id\":\"https:\/\/ptrans.fr\/#\/schema\/logo\/image\/\"},\"sameAs\":[\"https:\/\/www.facebook.com\/PlogisticsEurope\"]}]}<\/script>\n<!-- \/ Yoast SEO plugin. -->","yoast_head_json":{"title":"Wire organizer - Ptrans Soci\u00e9t\u00e9 De Transport &amp; D\u00e9m\u00e9nagements International Entre Le Maroc Et Le Reste Du Monde","robots":{"index":"index","follow":"follow","max-snippet":"max-snippet:-1","max-image-preview":"max-image-preview:large","max-video-preview":"max-video-preview:-1"},"canonical":"https:\/\/ptrans.fr\/fr_fr\/produit\/wire-organizer\/","og_locale":"fr_FR","og_type":"article","og_title":"Wire organizer - Ptrans Soci\u00e9t\u00e9 De Transport &amp; D\u00e9m\u00e9nagements International Entre Le Maroc Et Le Reste Du Monde","og_description":"Magna, id ultrices leo eleifend sed cursus arcu eget lacinia sagittis. Cras eu blandit sapien. Proin dictum aliquet magna, nec venenatis leo commodo nec. Aliquam tristique mauris nec justo gravida, ut dapibus enim bibendum.","og_url":"https:\/\/ptrans.fr\/fr_fr\/produit\/wire-organizer\/","og_site_name":"Ptrans Soci\u00e9t\u00e9 De Transport &amp; D\u00e9m\u00e9nagements International Entre Le Maroc Et Le Reste Du Monde","article_publisher":"https:\/\/www.facebook.com\/PlogisticsEurope","og_image":[{"width":800,"height":800,"url":"https:\/\/ptrans.fr\/wp-content\/uploads\/2018\/09\/product8.jpg","type":"image\/jpeg"}],"twitter_misc":{"Dur\u00e9e de lecture estim\u00e9e":"1 minute"},"schema":{"@context":"https:\/\/schema.org","@graph":[{"@type":"WebPage","@id":"https:\/\/ptrans.fr\/produit\/wire-organizer\/","url":"https:\/\/ptrans.fr\/produit\/wire-organizer\/","name":"Wire organizer - Ptrans Soci\u00e9t\u00e9 De Transport &amp; D\u00e9m\u00e9nagements International Entre Le Maroc Et Le Reste Du Monde","isPartOf":{"@id":"https:\/\/ptrans.fr\/#website"},"primaryImageOfPage":{"@id":"https:\/\/ptrans.fr\/produit\/wire-organizer\/#primaryimage"},"image":{"@id":"https:\/\/ptrans.fr\/produit\/wire-organizer\/#primaryimage"},"thumbnailUrl":"https:\/\/ptrans.fr\/wp-content\/uploads\/2018\/09\/product8.jpg","datePublished":"2018-09-06T13:27:16+00:00","dateModified":"2018-09-06T13:27:16+00:00","breadcrumb":{"@id":"https:\/\/ptrans.fr\/produit\/wire-organizer\/#breadcrumb"},"inLanguage":"fr-FR","potentialAction":[{"@type":"ReadAction","target":["https:\/\/ptrans.fr\/produit\/wire-organizer\/"]}]},{"@type":"ImageObject","inLanguage":"fr-FR","@id":"https:\/\/ptrans.fr\/produit\/wire-organizer\/#primaryimage","url":"https:\/\/ptrans.fr\/wp-content\/uploads\/2018\/09\/product8.jpg","contentUrl":"https:\/\/ptrans.fr\/wp-content\/uploads\/2018\/09\/product8.jpg","width":800,"height":800,"caption":""},{"@type":"BreadcrumbList","@id":"https:\/\/ptrans.fr\/produit\/wire-organizer\/#breadcrumb","itemListElement":[{"@type":"ListItem","position":1,"name":"Produits","item":"https:\/\/ptrans.fr\/shop\/"},{"@type":"ListItem","position":2,"name":"Wire organizer"}]},{"@type":"WebSite","@id":"https:\/\/ptrans.fr\/#website","url":"https:\/\/ptrans.fr\/","name":"Ptrans Soci\u00e9t\u00e9 De Transport Et D\u00e9m\u00e9nagement International Maroc","description":"Ptrans Votre Transporteur &amp; D\u00e9m\u00e9nageur Vers Le Maroc","publisher":{"@id":"https:\/\/ptrans.fr\/#organization"},"alternateName":"Ptrans","potentialAction":[{"@type":"SearchAction","target":{"@type":"EntryPoint","urlTemplate":"https:\/\/ptrans.fr\/?s={search_term_string}"},"query-input":"required name=search_term_string"}],"inLanguage":"fr-FR"},{"@type":"Organization","@id":"https:\/\/ptrans.fr\/#organization","name":"Ptrans Soci\u00e9t\u00e9 De Transport Et D\u00e9m\u00e9nagements International Entre Le Maroc Et Le Reste Du Monde","url":"https:\/\/ptrans.fr\/","logo":{"@type":"ImageObject","inLanguage":"fr-FR","@id":"https:\/\/ptrans.fr\/#\/schema\/logo\/image\/","url":"http:\/\/ptrans.fr\/wp-content\/uploads\/2022\/08\/P.trans-logi_Plan-de-travail-1.png","contentUrl":"http:\/\/ptrans.fr\/wp-content\/uploads\/2022\/08\/P.trans-logi_Plan-de-travail-1.png","width":2481,"height":1076,"caption":"Ptrans Soci\u00e9t\u00e9 De Transport Et D\u00e9m\u00e9nagements International Entre Le Maroc Et Le Reste Du Monde"},"image":{"@id":"https:\/\/ptrans.fr\/#\/schema\/logo\/image\/"},"sameAs":["https:\/\/www.facebook.com\/PlogisticsEurope"]}]}},"jetpack_sharing_enabled":true,"jetpack_likes_enabled":true,"_links":{"self":[{"href":"https:\/\/ptrans.fr\/fr_fr\/wp-json\/wp\/v2\/product\/3740"}],"collection":[{"href":"https:\/\/ptrans.fr\/fr_fr\/wp-json\/wp\/v2\/product"}],"about":[{"href":"https:\/\/ptrans.fr\/fr_fr\/wp-json\/wp\/v2\/types\/product"}],"replies":[{"embeddable":true,"href":"https:\/\/ptrans.fr\/fr_fr\/wp-json\/wp\/v2\/comments?post=3740"}],"wp:featuredmedia":[{"embeddable":true,"href":"https:\/\/ptrans.fr\/fr_fr\/wp-json\/wp\/v2\/media\/4185"}],"wp:attachment":[{"href":"https:\/\/ptrans.fr\/fr_fr\/wp-json\/wp\/v2\/media?parent=3740"}],"wp:term":[{"taxonomy":"product_cat","embeddable":true,"href":"https:\/\/ptrans.fr\/fr_fr\/wp-json\/wp\/v2\/product_cat?post=3740"},{"taxonomy":"product_tag","embeddable":true,"href":"https:\/\/ptrans.fr\/fr_fr\/wp-json\/wp\/v2\/product_tag?post=3740"}],"curies":[{"name":"wp","href":"https:\/\/api.w.org\/{rel}","templated":true}]}}