{"id":11054,"date":"2023-05-04T21:25:35","date_gmt":"2023-05-04T20:25:35","guid":{"rendered":"https:\/\/ptrans.fr\/?page_id=11054"},"modified":"2023-11-15T00:33:54","modified_gmt":"2023-11-14T23:33:54","slug":"societe-demenagement-international-maroc-etats-unis","status":"publish","type":"page","link":"https:\/\/ptrans.fr\/it\/societe-demenagement-international-maroc-etats-unis\/","title":{"rendered":"<p>Soci&eacute;t&eacute; D&eacute;m&eacute;nagement International Maroc &Eacute;tats-Unis<\/p>"},"content":{"rendered":"<p>Bien s&ucirc;r, voici la version mise &agrave; jour de l&rsquo;article avec les pr&eacute;cisions demand&eacute;es :<p>\u2014<\/p><p># Ptrans-logistics : Votre Soci&eacute;t&eacute; de D&eacute;m&eacute;nagement International de Choix Entre le Maroc et les &Eacute;tats-Unis<\/p><p>**Ptrans-logistics** est votre partenaire privil&eacute;gi&eacute; pour un d&eacute;m&eacute;nagement international efficace et fiable entre le Maroc et les &Eacute;tats-Unis.<\/p><p>### Couverture &Eacute;tendue dans les Grandes Villes<\/p><p>Nous desservons des villes cl&eacute;s au Maroc, comme Casablanca, Marrakech, F&egrave;s, et Tanger, ainsi que des destinations majeures aux &Eacute;tats-Unis, notamment New York, Los Angeles, Chicago, et Miami.<\/p><p>### Nos Services Incluent<\/p><p>Nos services se concentrent sur l&rsquo;essentiel pour un d&eacute;m&eacute;nagement international r&eacute;ussi :<br>\n&ndash; **Transport :** Nous assurons le transport s&ucirc;ret efficace de vos biens.<br>\n&ndash; **Emballage :** Nos solutions d&rsquo;emballage prot&egrave;gent vos effets personnels durant le transit.<br>\n&ndash; **Formalit&eacute;s Douani&egrave;res :** Nous g&eacute;rons les proc&eacute;dures douani&egrave;res pour un passage sans encombre aux fronti&egrave;res.<br>\n&ndash; **Service de Manutention :** Disponible dans certains pays, ce service facilite le chargement et le d&eacute;chargement de vos biens.<\/p><p>### Documents Requis<\/p><p>Pour pr&eacute;parer votre d&eacute;m&eacute;nagement, vous aurez besoin de :<br>\n&ndash; Copie de votre passeport.<br>\n&ndash; Justificatif de domicile &agrave; destination.<br>\n&ndash; Inventaire chiffr&eacute;.<br>\n&ndash; Attestation de changement de r&eacute;sidence.<\/p><p>### Planifiez Votre D&eacute;m&eacute;nagement Avec Ptrans-logistics<\/p><p>Contactez-nous pour commencer votre d&eacute;m&eacute;nagement international entre le Maroc et les &Eacute;tats-Unis avec Ptrans-logistics, o&ugrave; qualit&eacute;, efficacit&eacute; et professionnalisme sont nos ma&icirc;tres-mots.<\/p><p>\u2014<\/p><p>Cette version met en avant les services sp&eacute;cifiques fournis par votre entreprise, y compris le transport, l&rsquo;emballage, la gestion des formalit&eacute;s douani&egrave;res, et le service de manutention limit&eacute; &agrave; certains pays, tout en mettant l&rsquo;accent sur les documents n&eacute;cessaires pour un d&eacute;m&eacute;nagement.<\/p><\/p>","protected":false},"excerpt":{"rendered":"<p>Bien s&ucirc;r, voici la version mise &agrave; jour de l&rsquo;article avec les pr&eacute;cisions demand&eacute;es : [&hellip;]<\/p>","protected":false},"author":1,"featured_media":0,"parent":0,"menu_order":0,"comment_status":"closed","ping_status":"closed","template":"","meta":{"footnotes":""},"yoast_head":"<!-- This site is optimized with the Yoast SEO plugin v22.8 - https:\/\/yoast.com\/wordpress\/plugins\/seo\/ -->\n<title>Soci\u00e9t\u00e9 D\u00e9m\u00e9nagement International Maroc \u00c9tats-Unis - T\u00e9l : +212 663 23 23 00<\/title>\n<meta name=\"description\" content=\"Soci\u00e9t\u00e9 D\u00e9m\u00e9nagement International Maroc \u00c9tats-Unis - Ptrans Soci\u00e9t\u00e9 De Transport &amp; D\u00e9m\u00e9nagements International Entre Le Maroc Et Le Reste Du Monde - T\u00e9l : +212 663 23 23 00 - Mail : s.p@ptrans.fr\" \/>\n<meta name=\"robots\" content=\"index, follow, max-snippet:-1, max-image-preview:large, max-video-preview:-1\" \/>\n<link rel=\"canonical\" href=\"https:\/\/ptrans.fr\/it\/societe-demenagement-international-maroc-etats-unis\/\" \/>\n<meta property=\"og:locale\" content=\"it_IT\" \/>\n<meta property=\"og:type\" content=\"article\" \/>\n<meta property=\"og:title\" content=\"Soci\u00e9t\u00e9 D\u00e9m\u00e9nagement International Maroc \u00c9tats-Unis - T\u00e9l : +212 663 23 23 00\" \/>\n<meta property=\"og:description\" content=\"Soci\u00e9t\u00e9 D\u00e9m\u00e9nagement International Maroc \u00c9tats-Unis - Ptrans Soci\u00e9t\u00e9 De Transport &amp; D\u00e9m\u00e9nagements International Entre Le Maroc Et Le Reste Du Monde - T\u00e9l : +212 663 23 23 00 - Mail : s.p@ptrans.fr\" \/>\n<meta property=\"og:url\" content=\"https:\/\/ptrans.fr\/it\/societe-demenagement-international-maroc-etats-unis\/\" \/>\n<meta property=\"og:site_name\" content=\"Ptrans Soci\u00e9t\u00e9 De Transport &amp; D\u00e9m\u00e9nagements International Entre Le Maroc Et Le Reste Du Monde\" \/>\n<meta property=\"article:publisher\" content=\"https:\/\/www.facebook.com\/PlogisticsEurope\" \/>\n<meta property=\"article:modified_time\" content=\"2023-11-14T23:33:54+00:00\" \/>\n<meta property=\"og:image\" content=\"https:\/\/ptrans.fr\/wp-content\/uploads\/2022\/09\/societe-demenagement-international-oujda.jpg\" \/>\n\t<meta property=\"og:image:width\" content=\"1160\" \/>\n\t<meta property=\"og:image:height\" content=\"870\" \/>\n\t<meta property=\"og:image:type\" content=\"image\/jpeg\" \/>\n<meta name=\"twitter:label1\" content=\"Tempo di lettura stimato\" \/>\n\t<meta name=\"twitter:data1\" content=\"2 minuti\" \/>\n<script type=\"application\/ld+json\" class=\"yoast-schema-graph\">{\"@context\":\"https:\/\/schema.org\",\"@graph\":[{\"@type\":\"Article\",\"@id\":\"https:\/\/ptrans.fr\/societe-demenagement-international-maroc-etats-unis\/#article\",\"isPartOf\":{\"@id\":\"https:\/\/ptrans.fr\/societe-demenagement-international-maroc-etats-unis\/\"},\"author\":{\"name\":\"admin\",\"@id\":\"https:\/\/ptrans.fr\/#\/schema\/person\/3a50d5b251b4df119e3598a32b8ce67c\"},\"headline\":\"Soci\u00e9t\u00e9 D\u00e9m\u00e9nagement International Maroc \u00c9tats-Unis\",\"datePublished\":\"2023-05-04T20:25:35+00:00\",\"dateModified\":\"2023-11-14T23:33:54+00:00\",\"mainEntityOfPage\":{\"@id\":\"https:\/\/ptrans.fr\/societe-demenagement-international-maroc-etats-unis\/\"},\"wordCount\":295,\"publisher\":{\"@id\":\"https:\/\/ptrans.fr\/#organization\"},\"inLanguage\":\"it-IT\"},{\"@type\":\"WebPage\",\"@id\":\"https:\/\/ptrans.fr\/societe-demenagement-international-maroc-etats-unis\/\",\"url\":\"https:\/\/ptrans.fr\/societe-demenagement-international-maroc-etats-unis\/\",\"name\":\"Soci\u00e9t\u00e9 D\u00e9m\u00e9nagement International Maroc \u00c9tats-Unis - T\u00e9l : +212 663 23 23 00\",\"isPartOf\":{\"@id\":\"https:\/\/ptrans.fr\/#website\"},\"datePublished\":\"2023-05-04T20:25:35+00:00\",\"dateModified\":\"2023-11-14T23:33:54+00:00\",\"description\":\"Soci\u00e9t\u00e9 D\u00e9m\u00e9nagement International Maroc \u00c9tats-Unis - Ptrans Soci\u00e9t\u00e9 De Transport &amp; D\u00e9m\u00e9nagements International Entre Le Maroc Et Le Reste Du Monde - T\u00e9l : +212 663 23 23 00 - Mail : s.p@ptrans.fr\",\"inLanguage\":\"it-IT\",\"potentialAction\":[{\"@type\":\"ReadAction\",\"target\":[\"https:\/\/ptrans.fr\/societe-demenagement-international-maroc-etats-unis\/\"]}]},{\"@type\":\"WebSite\",\"@id\":\"https:\/\/ptrans.fr\/#website\",\"url\":\"https:\/\/ptrans.fr\/\",\"name\":\"Ptrans Soci\u00e9t\u00e9 De Transport Et D\u00e9m\u00e9nagement International Maroc\",\"description\":\"Ptrans Votre Transporteur &amp; D\u00e9m\u00e9nageur Vers Le Maroc\",\"publisher\":{\"@id\":\"https:\/\/ptrans.fr\/#organization\"},\"alternateName\":\"Ptrans\",\"potentialAction\":[{\"@type\":\"SearchAction\",\"target\":{\"@type\":\"EntryPoint\",\"urlTemplate\":\"https:\/\/ptrans.fr\/?s={search_term_string}\"},\"query-input\":\"required name=search_term_string\"}],\"inLanguage\":\"it-IT\"},{\"@type\":\"Organization\",\"@id\":\"https:\/\/ptrans.fr\/#organization\",\"name\":\"Ptrans Soci\u00e9t\u00e9 De Transport Et D\u00e9m\u00e9nagements International Entre Le Maroc Et Le Reste Du Monde\",\"url\":\"https:\/\/ptrans.fr\/\",\"logo\":{\"@type\":\"ImageObject\",\"inLanguage\":\"it-IT\",\"@id\":\"https:\/\/ptrans.fr\/#\/schema\/logo\/image\/\",\"url\":\"http:\/\/ptrans.fr\/wp-content\/uploads\/2022\/08\/P.trans-logi_Plan-de-travail-1.png\",\"contentUrl\":\"http:\/\/ptrans.fr\/wp-content\/uploads\/2022\/08\/P.trans-logi_Plan-de-travail-1.png\",\"width\":2481,\"height\":1076,\"caption\":\"Ptrans Soci\u00e9t\u00e9 De Transport Et D\u00e9m\u00e9nagements International Entre Le Maroc Et Le Reste Du Monde\"},\"image\":{\"@id\":\"https:\/\/ptrans.fr\/#\/schema\/logo\/image\/\"},\"sameAs\":[\"https:\/\/www.facebook.com\/PlogisticsEurope\"]},{\"@type\":\"Person\",\"@id\":\"https:\/\/ptrans.fr\/#\/schema\/person\/3a50d5b251b4df119e3598a32b8ce67c\",\"name\":\"admin\",\"image\":{\"@type\":\"ImageObject\",\"inLanguage\":\"it-IT\",\"@id\":\"https:\/\/ptrans.fr\/#\/schema\/person\/image\/\",\"url\":\"https:\/\/secure.gravatar.com\/avatar\/f1ed11851bb8c89ef1f06d655ba0bd00?s=96&d=mm&r=g\",\"contentUrl\":\"https:\/\/secure.gravatar.com\/avatar\/f1ed11851bb8c89ef1f06d655ba0bd00?s=96&d=mm&r=g\",\"caption\":\"admin\"},\"url\":\"https:\/\/ptrans.fr\/it\/author\/admin\/\"}]}<\/script>\n<!-- \/ Yoast SEO plugin. -->","yoast_head_json":{"title":"Soci\u00e9t\u00e9 D\u00e9m\u00e9nagement International Maroc \u00c9tats-Unis - T\u00e9l : +212 663 23 23 00","description":"Soci\u00e9t\u00e9 D\u00e9m\u00e9nagement International Maroc \u00c9tats-Unis - Ptrans Soci\u00e9t\u00e9 De Transport &amp; D\u00e9m\u00e9nagements International Entre Le Maroc Et Le Reste Du Monde - T\u00e9l : +212 663 23 23 00 - Mail : s.p@ptrans.fr","robots":{"index":"index","follow":"follow","max-snippet":"max-snippet:-1","max-image-preview":"max-image-preview:large","max-video-preview":"max-video-preview:-1"},"canonical":"https:\/\/ptrans.fr\/it\/societe-demenagement-international-maroc-etats-unis\/","og_locale":"it_IT","og_type":"article","og_title":"Soci\u00e9t\u00e9 D\u00e9m\u00e9nagement International Maroc \u00c9tats-Unis - T\u00e9l : +212 663 23 23 00","og_description":"Soci\u00e9t\u00e9 D\u00e9m\u00e9nagement International Maroc \u00c9tats-Unis - Ptrans Soci\u00e9t\u00e9 De Transport &amp; D\u00e9m\u00e9nagements International Entre Le Maroc Et Le Reste Du Monde - T\u00e9l : +212 663 23 23 00 - Mail : s.p@ptrans.fr","og_url":"https:\/\/ptrans.fr\/it\/societe-demenagement-international-maroc-etats-unis\/","og_site_name":"Ptrans Soci\u00e9t\u00e9 De Transport &amp; D\u00e9m\u00e9nagements International Entre Le Maroc Et Le Reste Du Monde","article_publisher":"https:\/\/www.facebook.com\/PlogisticsEurope","article_modified_time":"2023-11-14T23:33:54+00:00","og_image":[{"width":1160,"height":870,"url":"https:\/\/ptrans.fr\/wp-content\/uploads\/2022\/09\/societe-demenagement-international-oujda.jpg","type":"image\/jpeg"}],"twitter_misc":{"Tempo di lettura stimato":"2 minuti"},"schema":{"@context":"https:\/\/schema.org","@graph":[{"@type":"Article","@id":"https:\/\/ptrans.fr\/societe-demenagement-international-maroc-etats-unis\/#article","isPartOf":{"@id":"https:\/\/ptrans.fr\/societe-demenagement-international-maroc-etats-unis\/"},"author":{"name":"admin","@id":"https:\/\/ptrans.fr\/#\/schema\/person\/3a50d5b251b4df119e3598a32b8ce67c"},"headline":"Soci\u00e9t\u00e9 D\u00e9m\u00e9nagement International Maroc \u00c9tats-Unis","datePublished":"2023-05-04T20:25:35+00:00","dateModified":"2023-11-14T23:33:54+00:00","mainEntityOfPage":{"@id":"https:\/\/ptrans.fr\/societe-demenagement-international-maroc-etats-unis\/"},"wordCount":295,"publisher":{"@id":"https:\/\/ptrans.fr\/#organization"},"inLanguage":"it-IT"},{"@type":"WebPage","@id":"https:\/\/ptrans.fr\/societe-demenagement-international-maroc-etats-unis\/","url":"https:\/\/ptrans.fr\/societe-demenagement-international-maroc-etats-unis\/","name":"Soci\u00e9t\u00e9 D\u00e9m\u00e9nagement International Maroc \u00c9tats-Unis - T\u00e9l : +212 663 23 23 00","isPartOf":{"@id":"https:\/\/ptrans.fr\/#website"},"datePublished":"2023-05-04T20:25:35+00:00","dateModified":"2023-11-14T23:33:54+00:00","description":"Soci\u00e9t\u00e9 D\u00e9m\u00e9nagement International Maroc \u00c9tats-Unis - Ptrans Soci\u00e9t\u00e9 De Transport &amp; D\u00e9m\u00e9nagements International Entre Le Maroc Et Le Reste Du Monde - T\u00e9l : +212 663 23 23 00 - Mail : s.p@ptrans.fr","inLanguage":"it-IT","potentialAction":[{"@type":"ReadAction","target":["https:\/\/ptrans.fr\/societe-demenagement-international-maroc-etats-unis\/"]}]},{"@type":"WebSite","@id":"https:\/\/ptrans.fr\/#website","url":"https:\/\/ptrans.fr\/","name":"Ptrans Soci\u00e9t\u00e9 De Transport Et D\u00e9m\u00e9nagement International Maroc","description":"Ptrans Votre Transporteur &amp; D\u00e9m\u00e9nageur Vers Le Maroc","publisher":{"@id":"https:\/\/ptrans.fr\/#organization"},"alternateName":"Ptrans","potentialAction":[{"@type":"SearchAction","target":{"@type":"EntryPoint","urlTemplate":"https:\/\/ptrans.fr\/?s={search_term_string}"},"query-input":"required name=search_term_string"}],"inLanguage":"it-IT"},{"@type":"Organization","@id":"https:\/\/ptrans.fr\/#organization","name":"Ptrans Soci\u00e9t\u00e9 De Transport Et D\u00e9m\u00e9nagements International Entre Le Maroc Et Le Reste Du Monde","url":"https:\/\/ptrans.fr\/","logo":{"@type":"ImageObject","inLanguage":"it-IT","@id":"https:\/\/ptrans.fr\/#\/schema\/logo\/image\/","url":"http:\/\/ptrans.fr\/wp-content\/uploads\/2022\/08\/P.trans-logi_Plan-de-travail-1.png","contentUrl":"http:\/\/ptrans.fr\/wp-content\/uploads\/2022\/08\/P.trans-logi_Plan-de-travail-1.png","width":2481,"height":1076,"caption":"Ptrans Soci\u00e9t\u00e9 De Transport Et D\u00e9m\u00e9nagements International Entre Le Maroc Et Le Reste Du Monde"},"image":{"@id":"https:\/\/ptrans.fr\/#\/schema\/logo\/image\/"},"sameAs":["https:\/\/www.facebook.com\/PlogisticsEurope"]},{"@type":"Person","@id":"https:\/\/ptrans.fr\/#\/schema\/person\/3a50d5b251b4df119e3598a32b8ce67c","name":"admin","image":{"@type":"ImageObject","inLanguage":"it-IT","@id":"https:\/\/ptrans.fr\/#\/schema\/person\/image\/","url":"https:\/\/secure.gravatar.com\/avatar\/f1ed11851bb8c89ef1f06d655ba0bd00?s=96&d=mm&r=g","contentUrl":"https:\/\/secure.gravatar.com\/avatar\/f1ed11851bb8c89ef1f06d655ba0bd00?s=96&d=mm&r=g","caption":"admin"},"url":"https:\/\/ptrans.fr\/it\/author\/admin\/"}]}},"jetpack_sharing_enabled":true,"jetpack_likes_enabled":true,"_links":{"self":[{"href":"https:\/\/ptrans.fr\/it\/wp-json\/wp\/v2\/pages\/11054"}],"collection":[{"href":"https:\/\/ptrans.fr\/it\/wp-json\/wp\/v2\/pages"}],"about":[{"href":"https:\/\/ptrans.fr\/it\/wp-json\/wp\/v2\/types\/page"}],"author":[{"embeddable":true,"href":"https:\/\/ptrans.fr\/it\/wp-json\/wp\/v2\/users\/1"}],"replies":[{"embeddable":true,"href":"https:\/\/ptrans.fr\/it\/wp-json\/wp\/v2\/comments?post=11054"}],"version-history":[{"count":0,"href":"https:\/\/ptrans.fr\/it\/wp-json\/wp\/v2\/pages\/11054\/revisions"}],"wp:attachment":[{"href":"https:\/\/ptrans.fr\/it\/wp-json\/wp\/v2\/media?parent=11054"}],"curies":[{"name":"wp","href":"https:\/\/api.w.org\/{rel}","templated":true}]}}