{"id":7914,"date":"2022-09-04T13:06:57","date_gmt":"2022-09-04T12:06:57","guid":{"rendered":"http:\/\/ptrans.fr\/?page_id=7914"},"modified":"2022-12-26T15:46:09","modified_gmt":"2022-12-26T14:46:09","slug":"societe-de-demenagement-international-casablanca-maroc","status":"publish","type":"page","link":"https:\/\/ptrans.fr\/it\/maroc-demenagement\/societe-de-demenagement-international-casablanca-maroc\/","title":{"rendered":"<p>Soci&eacute;t&eacute; De D&eacute;m&eacute;nagement International Casablanca Maroc<\/p>"},"content":{"rendered":"<section class=\"wpb-content-wrapper\"><div class=\"vc_row wpb_row vc_row-fluid\"><div class=\"wpb_column vc_column_container vc_col-sm-12\"><div class=\"vc_column-inner\"><div class=\"wpb_wrapper\"><div class=\"vc_empty_space\" style=\"height: 32px\"><span class=\"vc_empty_space_inner\"><\/span><\/div>[rev_slider slidertitle=\u201dditta di traslochi casablanca\u201d alias=\u201dtraslochi-in-marocco-1\u2033]<div class=\"vc_empty_space\" style=\"height: 32px\"><span class=\"vc_empty_space_inner\"><\/span><\/div>\n\t<div class=\"wpb_text_column wpb_content_element\">\n\t\t<div class=\"wpb_wrapper\">\n\t\t\t<h1>Cerchi un&#039;azienda di traslochi internazionali per la citt\u00e0 di Casablanca?<\/h1>\n<p>Trasferirsi all&#039;estero \u00e8 sempre un progetto grande e spesso stressante. C&#039;\u00e8 molto da considerare ed \u00e8 facile sentirsi sopraffatti. Fortunatamente, non devi farlo da solo. ptrans \u00e8 un&#039;azienda di traslochi internazionale con sede a Casablanca, in Marocco. Ptrans \u00e8 specializzata nel trasloco di persone e famiglie e possiamo aiutarti in ogni fase del processo.<\/p>\n<p>Comprendiamo che ogni trasloco \u00e8 unico e offriamo un servizio personalizzato per soddisfare le esigenze specifiche di ogni cliente. I nostri team si prendono il tempo per consigliarti sulle migliori opzioni per la tua situazione e ti accompagneranno durante tutto il processo. Puoi essere certo che il tuo trasloco sar\u00e0 effettuato nelle migliori condizioni possibili.<\/p>\n\n\t\t<\/div>\n\t<\/div>\n<div class=\"vc_empty_space\" style=\"height: 32px\"><span class=\"vc_empty_space_inner\"><\/span><\/div><div class=\"vc_btn3-container vc_btn3-center\"><a class=\"vc_general vc_btn3 vc_btn3-size-md vc_btn3-shape-rounded vc_btn3-style-modern vc_btn3-color-primary\" href=\"https:\/\/ptrans.fr\/it\/estimer-le-prix\/\" title=\"stimare il prezzo\">Consulta le nostre tariffe mobili<\/a><\/div><div class=\"vc_empty_space\" style=\"height: 32px\"><span class=\"vc_empty_space_inner\"><\/span><\/div>\n\t<div class=\"wpb_text_column wpb_content_element\">\n\t\t<div class=\"wpb_wrapper\">\n\t\t\t<p>Se hai intenzione di trasferirti a Casablanca o altrove in Marocco, non esitare a contattarci. Saremo felici di aiutarti a pianificare il tuo trasloco e rispondere a tutte le tue domande. Il trasloco pu\u00f2 essere un&#039;esperienza stressante, ma siamo qui per aiutarti in ogni fase del processo. Contattaci oggi e permettici di semplificare il tuo trasloco!<\/p>\n<p><strong>I nostri servizi di trasloco internazionale includono:<\/strong><\/p>\n<p>\u2013 La preparazione dei documenti necessari<\/p>\n<p>\u2013 Imballaggio e carico della merce<\/p>\n<p>\u2013 Il trasporto delle tue merci verso la tua nuova destinazione<\/p>\n<p>\u2013 Scarico delle tue merci nella tua nuova casa o appartamento a Casablanca.<\/p>\n<p>Link utili :<\/p>\n<p><a href=\"https:\/\/voyageursintrepides.com\/faire-visiter-casablanca-voir\">Scopri Casablanca<\/a><\/p>\n<p><a href=\"https:\/\/ptrans.fr\/it\/estimer-le-prix\/\">Stimare il prezzo del trasporto direttamente online<\/a><\/p>\n\n\t\t<\/div>\n\t<\/div>\n<\/div><\/div><\/div><\/div><div class=\"vc_row wpb_row vc_row-fluid\"><div class=\"wpb_column vc_column_container vc_col-sm-12\"><div class=\"vc_column-inner\"><div class=\"wpb_wrapper\"><div class=\"slider testimonials black-navigation kd-testimonial-69f289d9c7b68  with-image\"><\/div><script type=\"text\/javascript\">\n              jQuery(document).ready(function($){\n                if ($(\".slider.testimonials.kd-testimonial-69f289d9c7b68\").length) {\n                  $(\".slider.testimonials.kd-testimonial-69f289d9c7b68\").owlCarousel({\n                    stageClass: \"owl-wrapper\",\n                    stageOuterClass: \"owl-wrapper-outer\",\n                    loadedClass: \"owl-carousel\",\n                    responsive:{\n                        0:{\n                            dots: false,\n                            nav: true,\n                            navSpeed: 500,\n                        },\n                        960:{nav: true,\n                              navSpeed: 500,\n                              dots: false,}\n                    },\n                    items: 1,\n                    rewind: true,\n                    loop: true,autoplay: false,autoplayHoverPause: false,\n                  });\n                }\n              });\n            <\/script><\/div><\/div><\/div><\/div>\n<\/section>","protected":false},"excerpt":{"rendered":"<p>[rev_slider slidertitle=\"soci&eacute;t&eacute; d&eacute;m&eacute;nagement casablanca\" alias=\"demenager-au-maroc-1\"] Vous cherchez une soci&eacute;t&eacute; de d&eacute;m&eacute;nagement international pour la ville [...]<\/p>","protected":false},"author":1,"featured_media":0,"parent":7836,"menu_order":0,"comment_status":"closed","ping_status":"closed","template":"","meta":{"footnotes":""},"yoast_head":"<!-- This site is optimized with the Yoast SEO plugin v22.8 - https:\/\/yoast.com\/wordpress\/plugins\/seo\/ -->\n<title>Ptrans | Soci\u00e9t\u00e9 D\u00e9m\u00e9nagement International Casablanca<\/title>\n<meta name=\"description\" content=\"Soci\u00e9t\u00e9 du d\u00e9m\u00e9nagement international \u00e0 Casablanca, ptrans vous propose une solution sur-mesure pour un d\u00e9m\u00e9nagement \u00e0 l&#039;international.\" \/>\n<meta name=\"robots\" content=\"index, follow, max-snippet:-1, max-image-preview:large, max-video-preview:-1\" \/>\n<link rel=\"canonical\" href=\"https:\/\/ptrans.fr\/it\/maroc-demenagement\/societe-de-demenagement-international-casablanca-maroc\/\" \/>\n<meta property=\"og:locale\" content=\"it_IT\" \/>\n<meta property=\"og:type\" content=\"article\" \/>\n<meta property=\"og:title\" content=\"Ptrans | Soci\u00e9t\u00e9 D\u00e9m\u00e9nagement International Casablanca\" \/>\n<meta property=\"og:description\" content=\"Soci\u00e9t\u00e9 du d\u00e9m\u00e9nagement international \u00e0 Casablanca, ptrans vous propose une solution sur-mesure pour un d\u00e9m\u00e9nagement \u00e0 l&#039;international.\" \/>\n<meta property=\"og:url\" content=\"https:\/\/ptrans.fr\/it\/maroc-demenagement\/societe-de-demenagement-international-casablanca-maroc\/\" \/>\n<meta property=\"og:site_name\" content=\"Ptrans Soci\u00e9t\u00e9 De Transport &amp; D\u00e9m\u00e9nagements International Entre Le Maroc Et Le Reste Du Monde\" \/>\n<meta property=\"article:publisher\" content=\"https:\/\/www.facebook.com\/PlogisticsEurope\" \/>\n<meta property=\"article:modified_time\" content=\"2022-12-26T14:46:09+00:00\" \/>\n<meta property=\"og:image\" content=\"https:\/\/ptrans.fr\/wp-content\/uploads\/2022\/09\/societe-demenagement-international-oujda.jpg\" \/>\n\t<meta property=\"og:image:width\" content=\"1160\" \/>\n\t<meta property=\"og:image:height\" content=\"870\" \/>\n\t<meta property=\"og:image:type\" content=\"image\/jpeg\" \/>\n<meta name=\"twitter:label1\" content=\"Tempo di lettura stimato\" \/>\n\t<meta name=\"twitter:data1\" content=\"2 minuti\" \/>\n<script type=\"application\/ld+json\" class=\"yoast-schema-graph\">{\"@context\":\"https:\/\/schema.org\",\"@graph\":[{\"@type\":\"Article\",\"@id\":\"https:\/\/ptrans.fr\/maroc-demenagement\/societe-de-demenagement-international-casablanca-maroc\/#article\",\"isPartOf\":{\"@id\":\"https:\/\/ptrans.fr\/maroc-demenagement\/societe-de-demenagement-international-casablanca-maroc\/\"},\"author\":{\"name\":\"admin\",\"@id\":\"https:\/\/ptrans.fr\/#\/schema\/person\/3a50d5b251b4df119e3598a32b8ce67c\"},\"headline\":\"Soci\u00e9t\u00e9 De D\u00e9m\u00e9nagement International Casablanca Maroc\",\"datePublished\":\"2022-09-04T12:06:57+00:00\",\"dateModified\":\"2022-12-26T14:46:09+00:00\",\"mainEntityOfPage\":{\"@id\":\"https:\/\/ptrans.fr\/maroc-demenagement\/societe-de-demenagement-international-casablanca-maroc\/\"},\"wordCount\":393,\"publisher\":{\"@id\":\"https:\/\/ptrans.fr\/#organization\"},\"inLanguage\":\"it-IT\"},{\"@type\":\"WebPage\",\"@id\":\"https:\/\/ptrans.fr\/maroc-demenagement\/societe-de-demenagement-international-casablanca-maroc\/\",\"url\":\"https:\/\/ptrans.fr\/maroc-demenagement\/societe-de-demenagement-international-casablanca-maroc\/\",\"name\":\"Ptrans | Soci\u00e9t\u00e9 D\u00e9m\u00e9nagement International Casablanca\",\"isPartOf\":{\"@id\":\"https:\/\/ptrans.fr\/#website\"},\"datePublished\":\"2022-09-04T12:06:57+00:00\",\"dateModified\":\"2022-12-26T14:46:09+00:00\",\"description\":\"Soci\u00e9t\u00e9 du d\u00e9m\u00e9nagement international \u00e0 Casablanca, ptrans vous propose une solution sur-mesure pour un d\u00e9m\u00e9nagement \u00e0 l'international.\",\"breadcrumb\":{\"@id\":\"https:\/\/ptrans.fr\/maroc-demenagement\/societe-de-demenagement-international-casablanca-maroc\/#breadcrumb\"},\"inLanguage\":\"it-IT\",\"potentialAction\":[{\"@type\":\"ReadAction\",\"target\":[\"https:\/\/ptrans.fr\/maroc-demenagement\/societe-de-demenagement-international-casablanca-maroc\/\"]}]},{\"@type\":\"BreadcrumbList\",\"@id\":\"https:\/\/ptrans.fr\/maroc-demenagement\/societe-de-demenagement-international-casablanca-maroc\/#breadcrumb\",\"itemListElement\":[{\"@type\":\"ListItem\",\"position\":1,\"name\":\"maroc d\u00e9m\u00e9nagement\",\"item\":\"https:\/\/ptrans.fr\/maroc-demenagement\/\"},{\"@type\":\"ListItem\",\"position\":2,\"name\":\"Soci\u00e9t\u00e9 De D\u00e9m\u00e9nagement International Casablanca Maroc\"}]},{\"@type\":\"WebSite\",\"@id\":\"https:\/\/ptrans.fr\/#website\",\"url\":\"https:\/\/ptrans.fr\/\",\"name\":\"Ptrans Soci\u00e9t\u00e9 De Transport Et D\u00e9m\u00e9nagement International Maroc\",\"description\":\"Ptrans Votre Transporteur &amp; D\u00e9m\u00e9nageur Vers Le Maroc\",\"publisher\":{\"@id\":\"https:\/\/ptrans.fr\/#organization\"},\"alternateName\":\"Ptrans\",\"potentialAction\":[{\"@type\":\"SearchAction\",\"target\":{\"@type\":\"EntryPoint\",\"urlTemplate\":\"https:\/\/ptrans.fr\/?s={search_term_string}\"},\"query-input\":\"required name=search_term_string\"}],\"inLanguage\":\"it-IT\"},{\"@type\":\"Organization\",\"@id\":\"https:\/\/ptrans.fr\/#organization\",\"name\":\"Ptrans Soci\u00e9t\u00e9 De Transport Et D\u00e9m\u00e9nagements International Entre Le Maroc Et Le Reste Du Monde\",\"url\":\"https:\/\/ptrans.fr\/\",\"logo\":{\"@type\":\"ImageObject\",\"inLanguage\":\"it-IT\",\"@id\":\"https:\/\/ptrans.fr\/#\/schema\/logo\/image\/\",\"url\":\"http:\/\/ptrans.fr\/wp-content\/uploads\/2022\/08\/P.trans-logi_Plan-de-travail-1.png\",\"contentUrl\":\"http:\/\/ptrans.fr\/wp-content\/uploads\/2022\/08\/P.trans-logi_Plan-de-travail-1.png\",\"width\":2481,\"height\":1076,\"caption\":\"Ptrans Soci\u00e9t\u00e9 De Transport Et D\u00e9m\u00e9nagements International Entre Le Maroc Et Le Reste Du Monde\"},\"image\":{\"@id\":\"https:\/\/ptrans.fr\/#\/schema\/logo\/image\/\"},\"sameAs\":[\"https:\/\/www.facebook.com\/PlogisticsEurope\"]},{\"@type\":\"Person\",\"@id\":\"https:\/\/ptrans.fr\/#\/schema\/person\/3a50d5b251b4df119e3598a32b8ce67c\",\"name\":\"admin\",\"image\":{\"@type\":\"ImageObject\",\"inLanguage\":\"it-IT\",\"@id\":\"https:\/\/ptrans.fr\/#\/schema\/person\/image\/\",\"url\":\"https:\/\/secure.gravatar.com\/avatar\/f1ed11851bb8c89ef1f06d655ba0bd00?s=96&d=mm&r=g\",\"contentUrl\":\"https:\/\/secure.gravatar.com\/avatar\/f1ed11851bb8c89ef1f06d655ba0bd00?s=96&d=mm&r=g\",\"caption\":\"admin\"},\"url\":\"https:\/\/ptrans.fr\/it\/author\/admin\/\"}]}<\/script>\n<!-- \/ Yoast SEO plugin. -->","yoast_head_json":{"title":"Ptrans | Soci\u00e9t\u00e9 D\u00e9m\u00e9nagement International Casablanca","description":"Soci\u00e9t\u00e9 du d\u00e9m\u00e9nagement international \u00e0 Casablanca, ptrans vous propose une solution sur-mesure pour un d\u00e9m\u00e9nagement \u00e0 l'international.","robots":{"index":"index","follow":"follow","max-snippet":"max-snippet:-1","max-image-preview":"max-image-preview:large","max-video-preview":"max-video-preview:-1"},"canonical":"https:\/\/ptrans.fr\/it\/maroc-demenagement\/societe-de-demenagement-international-casablanca-maroc\/","og_locale":"it_IT","og_type":"article","og_title":"Ptrans | Soci\u00e9t\u00e9 D\u00e9m\u00e9nagement International Casablanca","og_description":"Soci\u00e9t\u00e9 du d\u00e9m\u00e9nagement international \u00e0 Casablanca, ptrans vous propose une solution sur-mesure pour un d\u00e9m\u00e9nagement \u00e0 l'international.","og_url":"https:\/\/ptrans.fr\/it\/maroc-demenagement\/societe-de-demenagement-international-casablanca-maroc\/","og_site_name":"Ptrans Soci\u00e9t\u00e9 De Transport &amp; D\u00e9m\u00e9nagements International Entre Le Maroc Et Le Reste Du Monde","article_publisher":"https:\/\/www.facebook.com\/PlogisticsEurope","article_modified_time":"2022-12-26T14:46:09+00:00","og_image":[{"width":1160,"height":870,"url":"https:\/\/ptrans.fr\/wp-content\/uploads\/2022\/09\/societe-demenagement-international-oujda.jpg","type":"image\/jpeg"}],"twitter_misc":{"Tempo di lettura stimato":"2 minuti"},"schema":{"@context":"https:\/\/schema.org","@graph":[{"@type":"Article","@id":"https:\/\/ptrans.fr\/maroc-demenagement\/societe-de-demenagement-international-casablanca-maroc\/#article","isPartOf":{"@id":"https:\/\/ptrans.fr\/maroc-demenagement\/societe-de-demenagement-international-casablanca-maroc\/"},"author":{"name":"admin","@id":"https:\/\/ptrans.fr\/#\/schema\/person\/3a50d5b251b4df119e3598a32b8ce67c"},"headline":"Soci\u00e9t\u00e9 De D\u00e9m\u00e9nagement International Casablanca Maroc","datePublished":"2022-09-04T12:06:57+00:00","dateModified":"2022-12-26T14:46:09+00:00","mainEntityOfPage":{"@id":"https:\/\/ptrans.fr\/maroc-demenagement\/societe-de-demenagement-international-casablanca-maroc\/"},"wordCount":393,"publisher":{"@id":"https:\/\/ptrans.fr\/#organization"},"inLanguage":"it-IT"},{"@type":"WebPage","@id":"https:\/\/ptrans.fr\/maroc-demenagement\/societe-de-demenagement-international-casablanca-maroc\/","url":"https:\/\/ptrans.fr\/maroc-demenagement\/societe-de-demenagement-international-casablanca-maroc\/","name":"Ptrans | Soci\u00e9t\u00e9 D\u00e9m\u00e9nagement International Casablanca","isPartOf":{"@id":"https:\/\/ptrans.fr\/#website"},"datePublished":"2022-09-04T12:06:57+00:00","dateModified":"2022-12-26T14:46:09+00:00","description":"Soci\u00e9t\u00e9 du d\u00e9m\u00e9nagement international \u00e0 Casablanca, ptrans vous propose une solution sur-mesure pour un d\u00e9m\u00e9nagement \u00e0 l'international.","breadcrumb":{"@id":"https:\/\/ptrans.fr\/maroc-demenagement\/societe-de-demenagement-international-casablanca-maroc\/#breadcrumb"},"inLanguage":"it-IT","potentialAction":[{"@type":"ReadAction","target":["https:\/\/ptrans.fr\/maroc-demenagement\/societe-de-demenagement-international-casablanca-maroc\/"]}]},{"@type":"BreadcrumbList","@id":"https:\/\/ptrans.fr\/maroc-demenagement\/societe-de-demenagement-international-casablanca-maroc\/#breadcrumb","itemListElement":[{"@type":"ListItem","position":1,"name":"maroc d\u00e9m\u00e9nagement","item":"https:\/\/ptrans.fr\/maroc-demenagement\/"},{"@type":"ListItem","position":2,"name":"Soci\u00e9t\u00e9 De D\u00e9m\u00e9nagement International Casablanca Maroc"}]},{"@type":"WebSite","@id":"https:\/\/ptrans.fr\/#website","url":"https:\/\/ptrans.fr\/","name":"Ptrans Soci\u00e9t\u00e9 De Transport Et D\u00e9m\u00e9nagement International Maroc","description":"Ptrans Votre Transporteur &amp; D\u00e9m\u00e9nageur Vers Le Maroc","publisher":{"@id":"https:\/\/ptrans.fr\/#organization"},"alternateName":"Ptrans","potentialAction":[{"@type":"SearchAction","target":{"@type":"EntryPoint","urlTemplate":"https:\/\/ptrans.fr\/?s={search_term_string}"},"query-input":"required name=search_term_string"}],"inLanguage":"it-IT"},{"@type":"Organization","@id":"https:\/\/ptrans.fr\/#organization","name":"Ptrans Soci\u00e9t\u00e9 De Transport Et D\u00e9m\u00e9nagements International Entre Le Maroc Et Le Reste Du Monde","url":"https:\/\/ptrans.fr\/","logo":{"@type":"ImageObject","inLanguage":"it-IT","@id":"https:\/\/ptrans.fr\/#\/schema\/logo\/image\/","url":"http:\/\/ptrans.fr\/wp-content\/uploads\/2022\/08\/P.trans-logi_Plan-de-travail-1.png","contentUrl":"http:\/\/ptrans.fr\/wp-content\/uploads\/2022\/08\/P.trans-logi_Plan-de-travail-1.png","width":2481,"height":1076,"caption":"Ptrans Soci\u00e9t\u00e9 De Transport Et D\u00e9m\u00e9nagements International Entre Le Maroc Et Le Reste Du Monde"},"image":{"@id":"https:\/\/ptrans.fr\/#\/schema\/logo\/image\/"},"sameAs":["https:\/\/www.facebook.com\/PlogisticsEurope"]},{"@type":"Person","@id":"https:\/\/ptrans.fr\/#\/schema\/person\/3a50d5b251b4df119e3598a32b8ce67c","name":"admin","image":{"@type":"ImageObject","inLanguage":"it-IT","@id":"https:\/\/ptrans.fr\/#\/schema\/person\/image\/","url":"https:\/\/secure.gravatar.com\/avatar\/f1ed11851bb8c89ef1f06d655ba0bd00?s=96&d=mm&r=g","contentUrl":"https:\/\/secure.gravatar.com\/avatar\/f1ed11851bb8c89ef1f06d655ba0bd00?s=96&d=mm&r=g","caption":"admin"},"url":"https:\/\/ptrans.fr\/it\/author\/admin\/"}]}},"jetpack_sharing_enabled":true,"jetpack_likes_enabled":true,"_links":{"self":[{"href":"https:\/\/ptrans.fr\/it\/wp-json\/wp\/v2\/pages\/7914"}],"collection":[{"href":"https:\/\/ptrans.fr\/it\/wp-json\/wp\/v2\/pages"}],"about":[{"href":"https:\/\/ptrans.fr\/it\/wp-json\/wp\/v2\/types\/page"}],"author":[{"embeddable":true,"href":"https:\/\/ptrans.fr\/it\/wp-json\/wp\/v2\/users\/1"}],"replies":[{"embeddable":true,"href":"https:\/\/ptrans.fr\/it\/wp-json\/wp\/v2\/comments?post=7914"}],"version-history":[{"count":0,"href":"https:\/\/ptrans.fr\/it\/wp-json\/wp\/v2\/pages\/7914\/revisions"}],"up":[{"embeddable":true,"href":"https:\/\/ptrans.fr\/it\/wp-json\/wp\/v2\/pages\/7836"}],"wp:attachment":[{"href":"https:\/\/ptrans.fr\/it\/wp-json\/wp\/v2\/media?parent=7914"}],"curies":[{"name":"wp","href":"https:\/\/api.w.org\/{rel}","templated":true}]}}