{"id":7929,"date":"2022-09-04T13:12:00","date_gmt":"2022-09-04T12:12:00","guid":{"rendered":"http:\/\/ptrans.fr\/?page_id=7929"},"modified":"2022-09-20T01:29:52","modified_gmt":"2022-09-20T00:29:52","slug":"societe-demenagement-international-agadir-maroc","status":"publish","type":"page","link":"https:\/\/ptrans.fr\/it\/maroc-demenagement\/societe-demenagement-international-agadir-maroc\/","title":{"rendered":"<p>Soci&eacute;t&eacute; D&eacute;m&eacute;nagement International Agadir Maroc<\/p>"},"content":{"rendered":"<section class=\"wpb-content-wrapper\"><div class=\"vc_row wpb_row vc_row-fluid\"><div class=\"wpb_column vc_column_container vc_col-sm-12\"><div class=\"vc_column-inner\"><div class=\"wpb_wrapper\">[rev_slider slidertitle=&nbsp;&raquo;soci&eacute;t&eacute; d&eacute;m&eacute;nagement Agadir&nbsp;&raquo; alias=&nbsp;&raquo;societe-demenagement-casablanca-12&Prime;]<div class=\"vc_empty_space\" style=\"height: 32px\"><span class=\"vc_empty_space_inner\"><\/span><\/div><\/div><\/div><\/div><\/div><div class=\"vc_row wpb_row vc_row-fluid\"><div class=\"wpb_column vc_column_container vc_col-sm-6\"><div class=\"vc_column-inner\"><div class=\"wpb_wrapper\">\n\t<div class=\"wpb_text_column wpb_content_element\">\n\t\t<div class=\"wpb_wrapper\">\n\t\t\t<h5><span style=\"color: #333399;\">Vous cherchez une soci&eacute;t&eacute; de d&eacute;m&eacute;nagement international pour la ville de Agadir ?<\/span><\/h5>\n<p>D&eacute;m&eacute;nager &agrave; l&rsquo;&eacute;tranger est toujours un projet important et souvent stressant. Il y a beaucoup de choses &agrave; prendre en compte et il est facile de se sentir submerg&eacute;. Heureusement, vous n&rsquo;avez pas &agrave; le faire seul. La soci&eacute;t&eacute; ptrans est une entreprise de d&eacute;m&eacute;nagement international bas&eacute;e &agrave; Agadir, au Maroc. Ptrans est sp&eacute;cialis&eacute; dans le d&eacute;m&eacute;nagement des particuliers et des familles et nous pouvons vous aider &agrave; toutes les &eacute;tapes du processus.<\/p>\n<p>Comprendiamo che ogni trasloco \u00e8 unico e offriamo un servizio personalizzato per soddisfare le esigenze specifiche di ogni cliente. I nostri team si prendono il tempo per consigliarti sulle migliori opzioni per la tua situazione e ti accompagneranno durante tutto il processo. Puoi essere certo che il tuo trasloco sar\u00e0 effettuato nelle migliori condizioni possibili.<\/p>\n\n\t\t<\/div>\n\t<\/div>\n<div class=\"vc_btn3-container vc_btn3-center\"><a class=\"vc_general vc_btn3 vc_btn3-size-md vc_btn3-shape-rounded vc_btn3-style-modern vc_btn3-color-primary\" href=\"https:\/\/ptrans.fr\/it\/estimer-le-prix\/\" title=\"stimare il prezzo\">Consulta le nostre tariffe mobili<\/a><\/div><\/div><\/div><\/div><div class=\"wpb_column vc_column_container vc_col-sm-6\"><div class=\"vc_column-inner\"><div class=\"wpb_wrapper\">\n\t<div class=\"wpb_text_column wpb_content_element\">\n\t\t<div class=\"wpb_wrapper\">\n\t\t\t<p>Si vous envisagez de d&eacute;m&eacute;nager &agrave; Agadir ou ailleurs au Maroc, n&rsquo;h&eacute;sitez pas &agrave; nous contacter. Nous serons heureux de vous aider &agrave; planifier votre d&eacute;m&eacute;nagement et &agrave; r&eacute;pondre &agrave; toutes vos questions. D&eacute;m&eacute;nager peut &ecirc;tre une exp&eacute;rience stressante, mais nous sommes l&agrave; pour vous aider &agrave; chaque &eacute;tape du processus. Contactez-nous d&egrave;s aujourd&rsquo;hui et laissez-nous vous simplifier le d&eacute;m&eacute;nagement !<\/p>\n<h5><span style=\"color: #333399;\">I nostri servizi di trasloco internazionale includono:<\/span><\/h5>\n<ul>\n<li>La pr&eacute;paration des documents n&eacute;cessaires<\/li>\n<li>L&rsquo;emballage et le chargement de vos biens<\/li>\n<li>Le transport de vos biens &agrave; votre nouvelle destination<\/li>\n<li>D&eacute;chargement de vos biens dans votre nouvelle maison ou appartement &agrave; Agadir.<\/li>\n<\/ul>\n<p><strong><span style=\"color: #333399;\">Link utili :<\/span><\/strong><\/p>\n<ul>\n<li><a href=\"https:\/\/www.ou-et-quand.net\/blog\/que-faire-a-agadir\/\">D&eacute;couvrir Agadir<\/a><\/li>\n<li><a href=\"https:\/\/ptrans.fr\/it\/estimer-le-prix\/\">Stimare il prezzo del trasporto direttamente online<\/a><\/li>\n<\/ul>\n\n\t\t<\/div>\n\t<\/div>\n<div class=\"vc_empty_space\" style=\"height: 32px\"><span class=\"vc_empty_space_inner\"><\/span><\/div><\/div><\/div><\/div><\/div>\n<\/section>","protected":false},"excerpt":{"rendered":"<p>[rev_slider slidertitle=\"soci&eacute;t&eacute; d&eacute;m&eacute;nagement Agadir\" alias=\"societe-demenagement-casablanca-12\"] Vous cherchez une soci&eacute;t&eacute; de d&eacute;m&eacute;nagement international pour la ville [...]<\/p>","protected":false},"author":1,"featured_media":0,"parent":7836,"menu_order":0,"comment_status":"closed","ping_status":"closed","template":"","meta":{"footnotes":""},"yoast_head":"<!-- This site is optimized with the Yoast SEO plugin v22.8 - https:\/\/yoast.com\/wordpress\/plugins\/seo\/ -->\n<title>Ptrans | Soci\u00e9t\u00e9 D\u00e9m\u00e9nagement International Agadir<\/title>\n<meta name=\"description\" content=\"Ptrans soci\u00e9t\u00e9 de d\u00e9m\u00e9nagement international en Agadir et le reste du monde : Europe,Usa,Afrique,Asie, Contactez-nous ! Rapidement\" \/>\n<meta name=\"robots\" content=\"index, follow, max-snippet:-1, max-image-preview:large, max-video-preview:-1\" \/>\n<link rel=\"canonical\" href=\"https:\/\/ptrans.fr\/it\/maroc-demenagement\/societe-demenagement-international-agadir-maroc\/\" \/>\n<meta property=\"og:locale\" content=\"it_IT\" \/>\n<meta property=\"og:type\" content=\"article\" \/>\n<meta property=\"og:title\" content=\"Ptrans | Soci\u00e9t\u00e9 D\u00e9m\u00e9nagement International Agadir\" \/>\n<meta property=\"og:description\" content=\"Ptrans soci\u00e9t\u00e9 de d\u00e9m\u00e9nagement international en Agadir et le reste du monde : Europe,Usa,Afrique,Asie, Contactez-nous ! Rapidement\" \/>\n<meta property=\"og:url\" content=\"https:\/\/ptrans.fr\/it\/maroc-demenagement\/societe-demenagement-international-agadir-maroc\/\" \/>\n<meta property=\"og:site_name\" content=\"Ptrans Soci\u00e9t\u00e9 De Transport &amp; D\u00e9m\u00e9nagements International Entre Le Maroc Et Le Reste Du Monde\" \/>\n<meta property=\"article:publisher\" content=\"https:\/\/www.facebook.com\/PlogisticsEurope\" \/>\n<meta property=\"article:modified_time\" content=\"2022-09-20T00:29:52+00:00\" \/>\n<meta property=\"og:image\" content=\"https:\/\/ptrans.fr\/wp-content\/uploads\/2022\/09\/societe-demenagement-international-oujda.jpg\" \/>\n\t<meta property=\"og:image:width\" content=\"1160\" \/>\n\t<meta property=\"og:image:height\" content=\"870\" \/>\n\t<meta property=\"og:image:type\" content=\"image\/jpeg\" \/>\n<meta name=\"twitter:label1\" content=\"Tempo di lettura stimato\" \/>\n\t<meta name=\"twitter:data1\" content=\"2 minuti\" \/>\n<script type=\"application\/ld+json\" class=\"yoast-schema-graph\">{\"@context\":\"https:\/\/schema.org\",\"@graph\":[{\"@type\":\"Article\",\"@id\":\"https:\/\/ptrans.fr\/maroc-demenagement\/societe-demenagement-international-agadir-maroc\/#article\",\"isPartOf\":{\"@id\":\"https:\/\/ptrans.fr\/maroc-demenagement\/societe-demenagement-international-agadir-maroc\/\"},\"author\":{\"name\":\"admin\",\"@id\":\"https:\/\/ptrans.fr\/#\/schema\/person\/3a50d5b251b4df119e3598a32b8ce67c\"},\"headline\":\"Soci\u00e9t\u00e9 D\u00e9m\u00e9nagement International Agadir Maroc\",\"datePublished\":\"2022-09-04T12:12:00+00:00\",\"dateModified\":\"2022-09-20T00:29:52+00:00\",\"mainEntityOfPage\":{\"@id\":\"https:\/\/ptrans.fr\/maroc-demenagement\/societe-demenagement-international-agadir-maroc\/\"},\"wordCount\":366,\"publisher\":{\"@id\":\"https:\/\/ptrans.fr\/#organization\"},\"inLanguage\":\"it-IT\"},{\"@type\":\"WebPage\",\"@id\":\"https:\/\/ptrans.fr\/maroc-demenagement\/societe-demenagement-international-agadir-maroc\/\",\"url\":\"https:\/\/ptrans.fr\/maroc-demenagement\/societe-demenagement-international-agadir-maroc\/\",\"name\":\"Ptrans | Soci\u00e9t\u00e9 D\u00e9m\u00e9nagement International Agadir\",\"isPartOf\":{\"@id\":\"https:\/\/ptrans.fr\/#website\"},\"datePublished\":\"2022-09-04T12:12:00+00:00\",\"dateModified\":\"2022-09-20T00:29:52+00:00\",\"description\":\"Ptrans soci\u00e9t\u00e9 de d\u00e9m\u00e9nagement international en Agadir et le reste du monde : Europe,Usa,Afrique,Asie, Contactez-nous ! Rapidement\",\"breadcrumb\":{\"@id\":\"https:\/\/ptrans.fr\/maroc-demenagement\/societe-demenagement-international-agadir-maroc\/#breadcrumb\"},\"inLanguage\":\"it-IT\",\"potentialAction\":[{\"@type\":\"ReadAction\",\"target\":[\"https:\/\/ptrans.fr\/maroc-demenagement\/societe-demenagement-international-agadir-maroc\/\"]}]},{\"@type\":\"BreadcrumbList\",\"@id\":\"https:\/\/ptrans.fr\/maroc-demenagement\/societe-demenagement-international-agadir-maroc\/#breadcrumb\",\"itemListElement\":[{\"@type\":\"ListItem\",\"position\":1,\"name\":\"maroc d\u00e9m\u00e9nagement\",\"item\":\"https:\/\/ptrans.fr\/maroc-demenagement\/\"},{\"@type\":\"ListItem\",\"position\":2,\"name\":\"Soci\u00e9t\u00e9 D\u00e9m\u00e9nagement International Agadir Maroc\"}]},{\"@type\":\"WebSite\",\"@id\":\"https:\/\/ptrans.fr\/#website\",\"url\":\"https:\/\/ptrans.fr\/\",\"name\":\"Ptrans Soci\u00e9t\u00e9 De Transport Et D\u00e9m\u00e9nagement International Maroc\",\"description\":\"Ptrans Votre Transporteur &amp; D\u00e9m\u00e9nageur Vers Le Maroc\",\"publisher\":{\"@id\":\"https:\/\/ptrans.fr\/#organization\"},\"alternateName\":\"Ptrans\",\"potentialAction\":[{\"@type\":\"SearchAction\",\"target\":{\"@type\":\"EntryPoint\",\"urlTemplate\":\"https:\/\/ptrans.fr\/?s={search_term_string}\"},\"query-input\":\"required name=search_term_string\"}],\"inLanguage\":\"it-IT\"},{\"@type\":\"Organization\",\"@id\":\"https:\/\/ptrans.fr\/#organization\",\"name\":\"Ptrans Soci\u00e9t\u00e9 De Transport Et D\u00e9m\u00e9nagements International Entre Le Maroc Et Le Reste Du Monde\",\"url\":\"https:\/\/ptrans.fr\/\",\"logo\":{\"@type\":\"ImageObject\",\"inLanguage\":\"it-IT\",\"@id\":\"https:\/\/ptrans.fr\/#\/schema\/logo\/image\/\",\"url\":\"http:\/\/ptrans.fr\/wp-content\/uploads\/2022\/08\/P.trans-logi_Plan-de-travail-1.png\",\"contentUrl\":\"http:\/\/ptrans.fr\/wp-content\/uploads\/2022\/08\/P.trans-logi_Plan-de-travail-1.png\",\"width\":2481,\"height\":1076,\"caption\":\"Ptrans Soci\u00e9t\u00e9 De Transport Et D\u00e9m\u00e9nagements International Entre Le Maroc Et Le Reste Du Monde\"},\"image\":{\"@id\":\"https:\/\/ptrans.fr\/#\/schema\/logo\/image\/\"},\"sameAs\":[\"https:\/\/www.facebook.com\/PlogisticsEurope\"]},{\"@type\":\"Person\",\"@id\":\"https:\/\/ptrans.fr\/#\/schema\/person\/3a50d5b251b4df119e3598a32b8ce67c\",\"name\":\"admin\",\"image\":{\"@type\":\"ImageObject\",\"inLanguage\":\"it-IT\",\"@id\":\"https:\/\/ptrans.fr\/#\/schema\/person\/image\/\",\"url\":\"https:\/\/secure.gravatar.com\/avatar\/f1ed11851bb8c89ef1f06d655ba0bd00?s=96&d=mm&r=g\",\"contentUrl\":\"https:\/\/secure.gravatar.com\/avatar\/f1ed11851bb8c89ef1f06d655ba0bd00?s=96&d=mm&r=g\",\"caption\":\"admin\"},\"url\":\"https:\/\/ptrans.fr\/it\/author\/admin\/\"}]}<\/script>\n<!-- \/ Yoast SEO plugin. -->","yoast_head_json":{"title":"Ptrans | Soci\u00e9t\u00e9 D\u00e9m\u00e9nagement International Agadir","description":"Ptrans soci\u00e9t\u00e9 de d\u00e9m\u00e9nagement international en Agadir et le reste du monde : Europe,Usa,Afrique,Asie, Contactez-nous ! Rapidement","robots":{"index":"index","follow":"follow","max-snippet":"max-snippet:-1","max-image-preview":"max-image-preview:large","max-video-preview":"max-video-preview:-1"},"canonical":"https:\/\/ptrans.fr\/it\/maroc-demenagement\/societe-demenagement-international-agadir-maroc\/","og_locale":"it_IT","og_type":"article","og_title":"Ptrans | Soci\u00e9t\u00e9 D\u00e9m\u00e9nagement International Agadir","og_description":"Ptrans soci\u00e9t\u00e9 de d\u00e9m\u00e9nagement international en Agadir et le reste du monde : Europe,Usa,Afrique,Asie, Contactez-nous ! Rapidement","og_url":"https:\/\/ptrans.fr\/it\/maroc-demenagement\/societe-demenagement-international-agadir-maroc\/","og_site_name":"Ptrans Soci\u00e9t\u00e9 De Transport &amp; D\u00e9m\u00e9nagements International Entre Le Maroc Et Le Reste Du Monde","article_publisher":"https:\/\/www.facebook.com\/PlogisticsEurope","article_modified_time":"2022-09-20T00:29:52+00:00","og_image":[{"width":1160,"height":870,"url":"https:\/\/ptrans.fr\/wp-content\/uploads\/2022\/09\/societe-demenagement-international-oujda.jpg","type":"image\/jpeg"}],"twitter_misc":{"Tempo di lettura stimato":"2 minuti"},"schema":{"@context":"https:\/\/schema.org","@graph":[{"@type":"Article","@id":"https:\/\/ptrans.fr\/maroc-demenagement\/societe-demenagement-international-agadir-maroc\/#article","isPartOf":{"@id":"https:\/\/ptrans.fr\/maroc-demenagement\/societe-demenagement-international-agadir-maroc\/"},"author":{"name":"admin","@id":"https:\/\/ptrans.fr\/#\/schema\/person\/3a50d5b251b4df119e3598a32b8ce67c"},"headline":"Soci\u00e9t\u00e9 D\u00e9m\u00e9nagement International Agadir Maroc","datePublished":"2022-09-04T12:12:00+00:00","dateModified":"2022-09-20T00:29:52+00:00","mainEntityOfPage":{"@id":"https:\/\/ptrans.fr\/maroc-demenagement\/societe-demenagement-international-agadir-maroc\/"},"wordCount":366,"publisher":{"@id":"https:\/\/ptrans.fr\/#organization"},"inLanguage":"it-IT"},{"@type":"WebPage","@id":"https:\/\/ptrans.fr\/maroc-demenagement\/societe-demenagement-international-agadir-maroc\/","url":"https:\/\/ptrans.fr\/maroc-demenagement\/societe-demenagement-international-agadir-maroc\/","name":"Ptrans | Soci\u00e9t\u00e9 D\u00e9m\u00e9nagement International Agadir","isPartOf":{"@id":"https:\/\/ptrans.fr\/#website"},"datePublished":"2022-09-04T12:12:00+00:00","dateModified":"2022-09-20T00:29:52+00:00","description":"Ptrans soci\u00e9t\u00e9 de d\u00e9m\u00e9nagement international en Agadir et le reste du monde : Europe,Usa,Afrique,Asie, Contactez-nous ! Rapidement","breadcrumb":{"@id":"https:\/\/ptrans.fr\/maroc-demenagement\/societe-demenagement-international-agadir-maroc\/#breadcrumb"},"inLanguage":"it-IT","potentialAction":[{"@type":"ReadAction","target":["https:\/\/ptrans.fr\/maroc-demenagement\/societe-demenagement-international-agadir-maroc\/"]}]},{"@type":"BreadcrumbList","@id":"https:\/\/ptrans.fr\/maroc-demenagement\/societe-demenagement-international-agadir-maroc\/#breadcrumb","itemListElement":[{"@type":"ListItem","position":1,"name":"maroc d\u00e9m\u00e9nagement","item":"https:\/\/ptrans.fr\/maroc-demenagement\/"},{"@type":"ListItem","position":2,"name":"Soci\u00e9t\u00e9 D\u00e9m\u00e9nagement International Agadir Maroc"}]},{"@type":"WebSite","@id":"https:\/\/ptrans.fr\/#website","url":"https:\/\/ptrans.fr\/","name":"Ptrans Soci\u00e9t\u00e9 De Transport Et D\u00e9m\u00e9nagement International Maroc","description":"Ptrans Votre Transporteur &amp; D\u00e9m\u00e9nageur Vers Le Maroc","publisher":{"@id":"https:\/\/ptrans.fr\/#organization"},"alternateName":"Ptrans","potentialAction":[{"@type":"SearchAction","target":{"@type":"EntryPoint","urlTemplate":"https:\/\/ptrans.fr\/?s={search_term_string}"},"query-input":"required name=search_term_string"}],"inLanguage":"it-IT"},{"@type":"Organization","@id":"https:\/\/ptrans.fr\/#organization","name":"Ptrans Soci\u00e9t\u00e9 De Transport Et D\u00e9m\u00e9nagements International Entre Le Maroc Et Le Reste Du Monde","url":"https:\/\/ptrans.fr\/","logo":{"@type":"ImageObject","inLanguage":"it-IT","@id":"https:\/\/ptrans.fr\/#\/schema\/logo\/image\/","url":"http:\/\/ptrans.fr\/wp-content\/uploads\/2022\/08\/P.trans-logi_Plan-de-travail-1.png","contentUrl":"http:\/\/ptrans.fr\/wp-content\/uploads\/2022\/08\/P.trans-logi_Plan-de-travail-1.png","width":2481,"height":1076,"caption":"Ptrans Soci\u00e9t\u00e9 De Transport Et D\u00e9m\u00e9nagements International Entre Le Maroc Et Le Reste Du Monde"},"image":{"@id":"https:\/\/ptrans.fr\/#\/schema\/logo\/image\/"},"sameAs":["https:\/\/www.facebook.com\/PlogisticsEurope"]},{"@type":"Person","@id":"https:\/\/ptrans.fr\/#\/schema\/person\/3a50d5b251b4df119e3598a32b8ce67c","name":"admin","image":{"@type":"ImageObject","inLanguage":"it-IT","@id":"https:\/\/ptrans.fr\/#\/schema\/person\/image\/","url":"https:\/\/secure.gravatar.com\/avatar\/f1ed11851bb8c89ef1f06d655ba0bd00?s=96&d=mm&r=g","contentUrl":"https:\/\/secure.gravatar.com\/avatar\/f1ed11851bb8c89ef1f06d655ba0bd00?s=96&d=mm&r=g","caption":"admin"},"url":"https:\/\/ptrans.fr\/it\/author\/admin\/"}]}},"jetpack_sharing_enabled":true,"jetpack_likes_enabled":true,"_links":{"self":[{"href":"https:\/\/ptrans.fr\/it\/wp-json\/wp\/v2\/pages\/7929"}],"collection":[{"href":"https:\/\/ptrans.fr\/it\/wp-json\/wp\/v2\/pages"}],"about":[{"href":"https:\/\/ptrans.fr\/it\/wp-json\/wp\/v2\/types\/page"}],"author":[{"embeddable":true,"href":"https:\/\/ptrans.fr\/it\/wp-json\/wp\/v2\/users\/1"}],"replies":[{"embeddable":true,"href":"https:\/\/ptrans.fr\/it\/wp-json\/wp\/v2\/comments?post=7929"}],"version-history":[{"count":0,"href":"https:\/\/ptrans.fr\/it\/wp-json\/wp\/v2\/pages\/7929\/revisions"}],"up":[{"embeddable":true,"href":"https:\/\/ptrans.fr\/it\/wp-json\/wp\/v2\/pages\/7836"}],"wp:attachment":[{"href":"https:\/\/ptrans.fr\/it\/wp-json\/wp\/v2\/media?parent=7929"}],"curies":[{"name":"wp","href":"https:\/\/api.w.org\/{rel}","templated":true}]}}