{"id":8397,"date":"2022-09-26T11:19:25","date_gmt":"2022-09-26T10:19:25","guid":{"rendered":"http:\/\/ptrans.fr\/?page_id=8397"},"modified":"2022-09-26T12:41:11","modified_gmt":"2022-09-26T11:41:11","slug":"moving-morocco-usa","status":"publish","type":"page","link":"https:\/\/ptrans.fr\/it\/moving-morocco-usa\/","title":{"rendered":"<p>Moving Morocco Usa<\/p>"},"content":{"rendered":"<section class=\"wpb-content-wrapper\"><div class=\"vc_row wpb_row vc_row-fluid\"><div class=\"wpb_column vc_column_container vc_col-sm-12\"><div class=\"vc_column-inner\"><div class=\"wpb_wrapper\">[rev_slider slidertitle=&nbsp;&raquo;Moving Morocco United States America&nbsp;&raquo; alias=&nbsp;&raquo;demenagement-international-maroc-etats-unis-amerique-1&Prime;]<div class=\"vc_empty_space\" style=\"height: 32px\"><span class=\"vc_empty_space_inner\"><\/span><\/div><div class=\"vc_btn3-container vc_btn3-center\"><a class=\"vc_general vc_btn3 vc_btn3-size-lg vc_btn3-shape-rounded vc_btn3-style-modern vc_btn3-block vc_btn3-color-primary\" href=\"http:\/\/ptrans.fr\/en\/moving-morocco-usa\/\" title=\"Moving Morocco Usa\">Consult Our Prices Online<\/a><\/div><\/div><\/div><\/div><\/div><div class=\"vc_row wpb_row vc_row-fluid\"><div class=\"wpb_column vc_column_container vc_col-sm-6\"><div class=\"vc_column-inner\"><div class=\"wpb_wrapper\">\n\t<div class=\"wpb_text_column wpb_content_element\">\n\t\t<div class=\"wpb_wrapper\">\n\t\t\t<p>If you decide to move from Morocco to the United States of America, you will need a good mover. Ptrans is your best option for this type of move. We offer complete services and assistance from A to Z. Whether for a commercial or private move, we can help you! Contact us now for more information on our rates and services.<\/p>\n<p>Ptrans is a company specializing in international removals Maoc United States of America. We have more than 10 years of experience in this field and we have moved thousands of customers to Morocco, Europe and the United States. Contact us now for more information on our rates and services.<\/p>\n<p><a href=\"http:\/\/ptrans.fr\/wp-content\/uploads\/2022\/09\/mover-morocco-america-1.jpg\"><img loading=\"lazy\" decoding=\"async\" class=\"size-full wp-image-8406 aligncenter\" src=\"http:\/\/ptrans.fr\/wp-content\/uploads\/2022\/09\/mover-morocco-america-1.jpg\" alt=\"mover morocco america\" width=\"1200\" height=\"675\" srcset=\"https:\/\/ptrans.fr\/wp-content\/uploads\/2022\/09\/mover-morocco-america-1.jpg 1200w, https:\/\/ptrans.fr\/wp-content\/uploads\/2022\/09\/mover-morocco-america-1-300x169.jpg 300w, https:\/\/ptrans.fr\/wp-content\/uploads\/2022\/09\/mover-morocco-america-1-1024x576.jpg 1024w, https:\/\/ptrans.fr\/wp-content\/uploads\/2022\/09\/mover-morocco-america-1-768x432.jpg 768w, https:\/\/ptrans.fr\/wp-content\/uploads\/2022\/09\/mover-morocco-america-1-800x450.jpg 800w\" sizes=\"(max-width: 1200px) 100vw, 1200px\"><\/a><\/p>\n\n\t\t<\/div>\n\t<\/div>\n<div class=\"vc_empty_space\" style=\"height: 32px\"><span class=\"vc_empty_space_inner\"><\/span><\/div>\n\t<div class=\"wpb_text_column wpb_content_element\">\n\t\t<div class=\"wpb_wrapper\">\n\t\t\t<h4><span style=\"color: #333399;\">how to live in the united states of america (usa)?<\/span><\/h4>\n<p>Learn about the different regions of the United States and choose the one that suits you best. You may need to make some adjustments once you arrive, but it&rsquo;s important to start looking for a place before you move, so you can focus on your new life once you arrive. Ptrans can help you find accommodation according to your budget and your needs.<\/p>\n<p>Moving to the United States is a great opportunity to start a new life. The United States offers a wide range of possibilities, no matter which region you choose to settle in. Contact us now for more information on our rates and services. Ptrans is here to help you through every step of the moving process, so you can fully enjoy your new life!<\/p>\n\n\t\t<\/div>\n\t<\/div>\n<\/div><\/div><\/div><div class=\"wpb_column vc_column_container vc_col-sm-6\"><div class=\"vc_column-inner\"><div class=\"wpb_wrapper\"><div class=\"vc_empty_space\" style=\"height: 32px\"><span class=\"vc_empty_space_inner\"><\/span><\/div>\n\t<div class=\"wpb_text_column wpb_content_element\">\n\t\t<div class=\"wpb_wrapper\">\n\t\t\t<h4><span style=\"color: #333399;\">What documents do I need to provide for my move from Morocco to the United States of America?<\/span><\/h4>\n<p>To move from Morocco to the United States, you will need certain documents. These documents include:<\/p>\n<p>&ndash; your passport and visa<\/p>\n<p>&ndash; a health insurance card<\/p>\n<p>&ndash; certificate of change of residence<\/p>\n<p>&ndash; a list of your belongings to be moved<\/p>\n<p>Be sure to gather these documents before beginning the moving process. Ptrans can help you obtain all the necessary documents for a safe and legal move.<\/p>\n<p>Ptrans is your best option for moving from Morocco to the United States. Contact us now for more information on our rates and services. We&rsquo;re here to help you through every step of the moving process, so you can focus on your new life!<\/p>\n<h4><span style=\"color: #000080;\"><a href=\"http:\/\/ptrans.fr\/wp-content\/uploads\/2022\/09\/moving-prices-morocco-america.webp\"><img loading=\"lazy\" decoding=\"async\" class=\"wp-image-8407 size-full aligncenter\" src=\"http:\/\/ptrans.fr\/wp-content\/uploads\/2022\/09\/moving-prices-morocco-america.webp\" alt=\"moving prices morocco america\" width=\"400\" height=\"300\" srcset=\"https:\/\/ptrans.fr\/wp-content\/uploads\/2022\/09\/moving-prices-morocco-america.webp 400w, https:\/\/ptrans.fr\/wp-content\/uploads\/2022\/09\/moving-prices-morocco-america-300x225.webp 300w\" sizes=\"(max-width: 400px) 100vw, 400px\"><\/a><\/span><\/h4>\n<h4><span style=\"color: #333399;\">What is the cost of moving from Morocco to the United States of America?<\/span><\/h4>\n<p>The cost of moving from Morocco to the United States depends on several factors. These factors include the size and number of your belongings to be moved, as well as the mode of transport you choose. Ptrans can help you assess the cost of your move and find the best option for your budget. Contact us now to get a free quote!<\/p>\n<p>Moving from Morocco to the United States can be a stressful experience. However, by choosing Ptrans as your mover, you can rest assured that your move will go smoothly. We offer comprehensive services and A-to-Z support. Contact us now for more information on our rates and services. Ptrans is your best option for a safe and legal move.<\/p>\n<p>Thank you for trusting Ptrans!<\/p>\n<h3><span style=\"color: #333399;\">Conclusion<\/span><\/h3>\n<p>The United States of America offers a wide variety of opportunities for newcomers. Whether you are looking to work, study, or simply live in the United States, there is a place for you! The United States offers a varied climate, beautiful landscapes and a rich and diverse culture. Contact us now for more information on how to move to the United States. Ptrans is here to help you through every step of the moving process, so you can focus on your new life!<\/p>\n<p>Moving to the United States can seem like a challenge. However, by choosing Ptrans as your mover, you can rest assured that your move will go smoothly. We offer comprehensive services and A-to-Z support. Contact us now for more information on our rates and services. Ptrans is your best option for a safe and legal move.<\/p>\n<p>Thank you for trusting Ptrans!<\/p>\n<p>Ptrans is your best option for moving from Morocco to the United States of America safely and in accordance with the law. We offer complete A to Z services, including a free quote. Contact us now for more information! Thank you for trusting Ptrans!<\/p>\n<p>For more information on moving to Morocco or the United States of America, please do not hesitate to contact Ptrans. We will be happy to provide you with a free estimate and professional advice. Thank you for trusting Ptrans!<\/p>\n<p>&nbsp;<\/p>\n<p><a href=\"https:\/\/www.routard.com\/guide_a_voir\/etats_unis.htm\">Discover the United States<\/a><\/p>\n<p><a href=\"https:\/\/ptrans.fr\/it\/estimer-le-prix\/\">Estimate the transport price<\/a><\/p>\n\n\t\t<\/div>\n\t<\/div>\n<\/div><\/div><\/div><\/div>\n<\/section>","protected":false},"excerpt":{"rendered":"<p>[rev_slider slidertitle=\"Moving Morocco United States America\" alias=\"demenagement-international-maroc-etats-unis-amerique-1\"]Consult Our Prices Online If you decide to move [...]<\/p>","protected":false},"author":1,"featured_media":0,"parent":0,"menu_order":0,"comment_status":"closed","ping_status":"closed","template":"","meta":{"footnotes":""},"yoast_head":"<!-- This site is optimized with the Yoast SEO plugin v22.8 - https:\/\/yoast.com\/wordpress\/plugins\/seo\/ -->\n<title>Moving Morocco United States America | T\u00e9l : +212663232300<\/title>\n<meta name=\"description\" content=\"Find out about moving services from Morocco to the United States of America. Phone: +212663232300 \/ infos@ptrans.fr\" \/>\n<meta name=\"robots\" content=\"index, follow, max-snippet:-1, max-image-preview:large, max-video-preview:-1\" \/>\n<link rel=\"canonical\" href=\"https:\/\/ptrans.fr\/it\/moving-morocco-usa\/\" \/>\n<meta property=\"og:locale\" content=\"it_IT\" \/>\n<meta property=\"og:type\" content=\"article\" \/>\n<meta property=\"og:title\" content=\"Moving Morocco United States America | T\u00e9l : +212663232300\" \/>\n<meta property=\"og:description\" content=\"Find out about moving services from Morocco to the United States of America. Phone: +212663232300 \/ infos@ptrans.fr\" \/>\n<meta property=\"og:url\" content=\"https:\/\/ptrans.fr\/it\/moving-morocco-usa\/\" \/>\n<meta property=\"og:site_name\" content=\"Ptrans Soci\u00e9t\u00e9 De Transport &amp; D\u00e9m\u00e9nagements International Entre Le Maroc Et Le Reste Du Monde\" \/>\n<meta property=\"article:publisher\" content=\"https:\/\/www.facebook.com\/PlogisticsEurope\" \/>\n<meta property=\"article:modified_time\" content=\"2022-09-26T11:41:11+00:00\" \/>\n<meta property=\"og:image\" content=\"http:\/\/ptrans.fr\/wp-content\/uploads\/2022\/09\/mover-morocco-america-1.jpg\" \/>\n<meta name=\"twitter:label1\" content=\"Tempo di lettura stimato\" \/>\n\t<meta name=\"twitter:data1\" content=\"5 minuti\" \/>\n<script type=\"application\/ld+json\" class=\"yoast-schema-graph\">{\"@context\":\"https:\/\/schema.org\",\"@graph\":[{\"@type\":\"Article\",\"@id\":\"https:\/\/ptrans.fr\/en\/moving-morocco-usa\/#article\",\"isPartOf\":{\"@id\":\"https:\/\/ptrans.fr\/en\/moving-morocco-usa\/\"},\"author\":{\"name\":\"admin\",\"@id\":\"https:\/\/ptrans.fr\/#\/schema\/person\/3a50d5b251b4df119e3598a32b8ce67c\"},\"headline\":\"Moving Morocco Usa\",\"datePublished\":\"2022-09-26T10:19:25+00:00\",\"dateModified\":\"2022-09-26T11:41:11+00:00\",\"mainEntityOfPage\":{\"@id\":\"https:\/\/ptrans.fr\/en\/moving-morocco-usa\/\"},\"wordCount\":843,\"publisher\":{\"@id\":\"https:\/\/ptrans.fr\/#organization\"},\"image\":{\"@id\":\"https:\/\/ptrans.fr\/en\/moving-morocco-usa\/#primaryimage\"},\"thumbnailUrl\":\"http:\/\/ptrans.fr\/wp-content\/uploads\/2022\/09\/mover-morocco-america-1.jpg\",\"inLanguage\":\"it-IT\"},{\"@type\":\"WebPage\",\"@id\":\"https:\/\/ptrans.fr\/en\/moving-morocco-usa\/\",\"url\":\"https:\/\/ptrans.fr\/en\/moving-morocco-usa\/\",\"name\":\"Moving Morocco United States America | T\u00e9l : +212663232300\",\"isPartOf\":{\"@id\":\"https:\/\/ptrans.fr\/#website\"},\"primaryImageOfPage\":{\"@id\":\"https:\/\/ptrans.fr\/en\/moving-morocco-usa\/#primaryimage\"},\"image\":{\"@id\":\"https:\/\/ptrans.fr\/en\/moving-morocco-usa\/#primaryimage\"},\"thumbnailUrl\":\"http:\/\/ptrans.fr\/wp-content\/uploads\/2022\/09\/mover-morocco-america-1.jpg\",\"datePublished\":\"2022-09-26T10:19:25+00:00\",\"dateModified\":\"2022-09-26T11:41:11+00:00\",\"description\":\"Find out about moving services from Morocco to the United States of America. Phone: +212663232300 \/ infos@ptrans.fr\",\"inLanguage\":\"it-IT\",\"potentialAction\":[{\"@type\":\"ReadAction\",\"target\":[\"https:\/\/ptrans.fr\/en\/moving-morocco-usa\/\"]}]},{\"@type\":\"ImageObject\",\"inLanguage\":\"it-IT\",\"@id\":\"https:\/\/ptrans.fr\/en\/moving-morocco-usa\/#primaryimage\",\"url\":\"http:\/\/ptrans.fr\/wp-content\/uploads\/2022\/09\/mover-morocco-america-1.jpg\",\"contentUrl\":\"http:\/\/ptrans.fr\/wp-content\/uploads\/2022\/09\/mover-morocco-america-1.jpg\"},{\"@type\":\"WebSite\",\"@id\":\"https:\/\/ptrans.fr\/#website\",\"url\":\"https:\/\/ptrans.fr\/\",\"name\":\"Ptrans Soci\u00e9t\u00e9 De Transport Et D\u00e9m\u00e9nagement International Maroc\",\"description\":\"Ptrans Votre Transporteur &amp; D\u00e9m\u00e9nageur Vers Le Maroc\",\"publisher\":{\"@id\":\"https:\/\/ptrans.fr\/#organization\"},\"alternateName\":\"Ptrans\",\"potentialAction\":[{\"@type\":\"SearchAction\",\"target\":{\"@type\":\"EntryPoint\",\"urlTemplate\":\"https:\/\/ptrans.fr\/?s={search_term_string}\"},\"query-input\":\"required name=search_term_string\"}],\"inLanguage\":\"it-IT\"},{\"@type\":\"Organization\",\"@id\":\"https:\/\/ptrans.fr\/#organization\",\"name\":\"Ptrans Soci\u00e9t\u00e9 De Transport Et D\u00e9m\u00e9nagements International Entre Le Maroc Et Le Reste Du Monde\",\"url\":\"https:\/\/ptrans.fr\/\",\"logo\":{\"@type\":\"ImageObject\",\"inLanguage\":\"it-IT\",\"@id\":\"https:\/\/ptrans.fr\/#\/schema\/logo\/image\/\",\"url\":\"http:\/\/ptrans.fr\/wp-content\/uploads\/2022\/08\/P.trans-logi_Plan-de-travail-1.png\",\"contentUrl\":\"http:\/\/ptrans.fr\/wp-content\/uploads\/2022\/08\/P.trans-logi_Plan-de-travail-1.png\",\"width\":2481,\"height\":1076,\"caption\":\"Ptrans Soci\u00e9t\u00e9 De Transport Et D\u00e9m\u00e9nagements International Entre Le Maroc Et Le Reste Du Monde\"},\"image\":{\"@id\":\"https:\/\/ptrans.fr\/#\/schema\/logo\/image\/\"},\"sameAs\":[\"https:\/\/www.facebook.com\/PlogisticsEurope\"]},{\"@type\":\"Person\",\"@id\":\"https:\/\/ptrans.fr\/#\/schema\/person\/3a50d5b251b4df119e3598a32b8ce67c\",\"name\":\"admin\",\"image\":{\"@type\":\"ImageObject\",\"inLanguage\":\"it-IT\",\"@id\":\"https:\/\/ptrans.fr\/#\/schema\/person\/image\/\",\"url\":\"https:\/\/secure.gravatar.com\/avatar\/f1ed11851bb8c89ef1f06d655ba0bd00?s=96&d=mm&r=g\",\"contentUrl\":\"https:\/\/secure.gravatar.com\/avatar\/f1ed11851bb8c89ef1f06d655ba0bd00?s=96&d=mm&r=g\",\"caption\":\"admin\"},\"url\":\"https:\/\/ptrans.fr\/it\/author\/admin\/\"}]}<\/script>\n<!-- \/ Yoast SEO plugin. -->","yoast_head_json":{"title":"Moving Morocco United States America | T\u00e9l : +212663232300","description":"Find out about moving services from Morocco to the United States of America. Phone: +212663232300 \/ infos@ptrans.fr","robots":{"index":"index","follow":"follow","max-snippet":"max-snippet:-1","max-image-preview":"max-image-preview:large","max-video-preview":"max-video-preview:-1"},"canonical":"https:\/\/ptrans.fr\/it\/moving-morocco-usa\/","og_locale":"it_IT","og_type":"article","og_title":"Moving Morocco United States America | T\u00e9l : +212663232300","og_description":"Find out about moving services from Morocco to the United States of America. Phone: +212663232300 \/ infos@ptrans.fr","og_url":"https:\/\/ptrans.fr\/it\/moving-morocco-usa\/","og_site_name":"Ptrans Soci\u00e9t\u00e9 De Transport &amp; D\u00e9m\u00e9nagements International Entre Le Maroc Et Le Reste Du Monde","article_publisher":"https:\/\/www.facebook.com\/PlogisticsEurope","article_modified_time":"2022-09-26T11:41:11+00:00","og_image":[{"url":"http:\/\/ptrans.fr\/wp-content\/uploads\/2022\/09\/mover-morocco-america-1.jpg"}],"twitter_misc":{"Tempo di lettura stimato":"5 minuti"},"schema":{"@context":"https:\/\/schema.org","@graph":[{"@type":"Article","@id":"https:\/\/ptrans.fr\/en\/moving-morocco-usa\/#article","isPartOf":{"@id":"https:\/\/ptrans.fr\/en\/moving-morocco-usa\/"},"author":{"name":"admin","@id":"https:\/\/ptrans.fr\/#\/schema\/person\/3a50d5b251b4df119e3598a32b8ce67c"},"headline":"Moving Morocco Usa","datePublished":"2022-09-26T10:19:25+00:00","dateModified":"2022-09-26T11:41:11+00:00","mainEntityOfPage":{"@id":"https:\/\/ptrans.fr\/en\/moving-morocco-usa\/"},"wordCount":843,"publisher":{"@id":"https:\/\/ptrans.fr\/#organization"},"image":{"@id":"https:\/\/ptrans.fr\/en\/moving-morocco-usa\/#primaryimage"},"thumbnailUrl":"http:\/\/ptrans.fr\/wp-content\/uploads\/2022\/09\/mover-morocco-america-1.jpg","inLanguage":"it-IT"},{"@type":"WebPage","@id":"https:\/\/ptrans.fr\/en\/moving-morocco-usa\/","url":"https:\/\/ptrans.fr\/en\/moving-morocco-usa\/","name":"Moving Morocco United States America | T\u00e9l : +212663232300","isPartOf":{"@id":"https:\/\/ptrans.fr\/#website"},"primaryImageOfPage":{"@id":"https:\/\/ptrans.fr\/en\/moving-morocco-usa\/#primaryimage"},"image":{"@id":"https:\/\/ptrans.fr\/en\/moving-morocco-usa\/#primaryimage"},"thumbnailUrl":"http:\/\/ptrans.fr\/wp-content\/uploads\/2022\/09\/mover-morocco-america-1.jpg","datePublished":"2022-09-26T10:19:25+00:00","dateModified":"2022-09-26T11:41:11+00:00","description":"Find out about moving services from Morocco to the United States of America. Phone: +212663232300 \/ infos@ptrans.fr","inLanguage":"it-IT","potentialAction":[{"@type":"ReadAction","target":["https:\/\/ptrans.fr\/en\/moving-morocco-usa\/"]}]},{"@type":"ImageObject","inLanguage":"it-IT","@id":"https:\/\/ptrans.fr\/en\/moving-morocco-usa\/#primaryimage","url":"http:\/\/ptrans.fr\/wp-content\/uploads\/2022\/09\/mover-morocco-america-1.jpg","contentUrl":"http:\/\/ptrans.fr\/wp-content\/uploads\/2022\/09\/mover-morocco-america-1.jpg"},{"@type":"WebSite","@id":"https:\/\/ptrans.fr\/#website","url":"https:\/\/ptrans.fr\/","name":"Ptrans Soci\u00e9t\u00e9 De Transport Et D\u00e9m\u00e9nagement International Maroc","description":"Ptrans Votre Transporteur &amp; D\u00e9m\u00e9nageur Vers Le Maroc","publisher":{"@id":"https:\/\/ptrans.fr\/#organization"},"alternateName":"Ptrans","potentialAction":[{"@type":"SearchAction","target":{"@type":"EntryPoint","urlTemplate":"https:\/\/ptrans.fr\/?s={search_term_string}"},"query-input":"required name=search_term_string"}],"inLanguage":"it-IT"},{"@type":"Organization","@id":"https:\/\/ptrans.fr\/#organization","name":"Ptrans Soci\u00e9t\u00e9 De Transport Et D\u00e9m\u00e9nagements International Entre Le Maroc Et Le Reste Du Monde","url":"https:\/\/ptrans.fr\/","logo":{"@type":"ImageObject","inLanguage":"it-IT","@id":"https:\/\/ptrans.fr\/#\/schema\/logo\/image\/","url":"http:\/\/ptrans.fr\/wp-content\/uploads\/2022\/08\/P.trans-logi_Plan-de-travail-1.png","contentUrl":"http:\/\/ptrans.fr\/wp-content\/uploads\/2022\/08\/P.trans-logi_Plan-de-travail-1.png","width":2481,"height":1076,"caption":"Ptrans Soci\u00e9t\u00e9 De Transport Et D\u00e9m\u00e9nagements International Entre Le Maroc Et Le Reste Du Monde"},"image":{"@id":"https:\/\/ptrans.fr\/#\/schema\/logo\/image\/"},"sameAs":["https:\/\/www.facebook.com\/PlogisticsEurope"]},{"@type":"Person","@id":"https:\/\/ptrans.fr\/#\/schema\/person\/3a50d5b251b4df119e3598a32b8ce67c","name":"admin","image":{"@type":"ImageObject","inLanguage":"it-IT","@id":"https:\/\/ptrans.fr\/#\/schema\/person\/image\/","url":"https:\/\/secure.gravatar.com\/avatar\/f1ed11851bb8c89ef1f06d655ba0bd00?s=96&d=mm&r=g","contentUrl":"https:\/\/secure.gravatar.com\/avatar\/f1ed11851bb8c89ef1f06d655ba0bd00?s=96&d=mm&r=g","caption":"admin"},"url":"https:\/\/ptrans.fr\/it\/author\/admin\/"}]}},"jetpack_sharing_enabled":true,"jetpack_likes_enabled":true,"_links":{"self":[{"href":"https:\/\/ptrans.fr\/it\/wp-json\/wp\/v2\/pages\/8397"}],"collection":[{"href":"https:\/\/ptrans.fr\/it\/wp-json\/wp\/v2\/pages"}],"about":[{"href":"https:\/\/ptrans.fr\/it\/wp-json\/wp\/v2\/types\/page"}],"author":[{"embeddable":true,"href":"https:\/\/ptrans.fr\/it\/wp-json\/wp\/v2\/users\/1"}],"replies":[{"embeddable":true,"href":"https:\/\/ptrans.fr\/it\/wp-json\/wp\/v2\/comments?post=8397"}],"version-history":[{"count":0,"href":"https:\/\/ptrans.fr\/it\/wp-json\/wp\/v2\/pages\/8397\/revisions"}],"wp:attachment":[{"href":"https:\/\/ptrans.fr\/it\/wp-json\/wp\/v2\/media?parent=8397"}],"curies":[{"name":"wp","href":"https:\/\/api.w.org\/{rel}","templated":true}]}}