{"id":9766,"date":"2022-12-31T00:59:31","date_gmt":"2022-12-30T23:59:31","guid":{"rendered":"https:\/\/ptrans.fr\/?page_id=9766"},"modified":"2022-12-31T10:57:48","modified_gmt":"2022-12-31T09:57:48","slug":"transport-international-meknes","status":"publish","type":"page","link":"https:\/\/ptrans.fr\/it\/transport-international-meknes\/","title":{"rendered":"<p>Trasporti Internazionali Meknes<\/p>"},"content":{"rendered":"<h2>Trasporti Internazionali Meknes<p><img decoding=\"async\" width=\"1024\" height=\"635\" src=\"http:\/\/ptrans.fr\/wp-content\/uploads\/2022\/12\/transport-international-meknes-1-1024x635.png\" alt=\"transport international mekn&egrave;s 1\" loading=\"lazy\" srcset=\"https:\/\/ptrans.fr\/wp-content\/uploads\/2022\/12\/transport-international-meknes-1-1024x635.png 1024w, https:\/\/ptrans.fr\/wp-content\/uploads\/2022\/12\/transport-international-meknes-1-300x186.png 300w, https:\/\/ptrans.fr\/wp-content\/uploads\/2022\/12\/transport-international-meknes-1-768x476.png 768w, https:\/\/ptrans.fr\/wp-content\/uploads\/2022\/12\/transport-international-meknes-1-800x496.png 800w, https:\/\/ptrans.fr\/wp-content\/uploads\/2022\/12\/transport-international-meknes-1.png 1500w\" sizes=\"(max-width: 1024px) 100vw, 1024px\"><br>\n<a href=\"https:\/\/ptrans.fr\/it\/estimer-le-prix\/\" role=\"button\"><br>\nStimare il prezzo del trasporto online<br>\n<\/a><\/p><h2><strong>Vuoi effettuare un trasporto internazionale da o per Meknes?<\/strong><\/h2><p>Non cercare oltre Ptrans! I nostri servizi di trasporto internazionale offrono la migliore soluzione possibile per le vostre esigenze, con tariffe e dogane su misura per il vostro budget. Ci occupiamo dell&#039;artigianato, dei mobili e persino dello zellige tradizionale da o verso Meknes.<\/p><p>https:\/\/www.youtube.com\/watch?v=ECXqaWCdAVo<\/p><p>I nostri servizi di trasporto internazionale sono disponibili a un prezzo economico in modo che tu possa goderti un&#039;esperienza di trasporto internazionale senza stress. Il nostro team di esperti di spedizioni internazionali \u00e8 qui per aiutarti a scegliere la migliore opzione di spedizione internazionale per il tuo budget e le tue esigenze.<\/p><p>I nostri servizi di trasporto internazionale includono la copertura completa di dogane, tariffe, assicurazione, consegna e altro ancora. Disponiamo inoltre di una vasta rete che copre tutte le destinazioni internazionali da Meknes e oltre.<\/p><p><a href=\"https:\/\/ptrans.fr\/it\/estimer-le-prix\/\" role=\"button\"><br>\nStimare il prezzo del trasporto online<br>\n<\/a><br>\n<img decoding=\"async\" width=\"1024\" height=\"704\" src=\"http:\/\/ptrans.fr\/wp-content\/uploads\/2022\/12\/transport-international-meknes-1024x704.png\" alt=\"transport international mekn&egrave;s\" loading=\"lazy\" srcset=\"https:\/\/ptrans.fr\/wp-content\/uploads\/2022\/12\/transport-international-meknes-1024x704.png 1024w, https:\/\/ptrans.fr\/wp-content\/uploads\/2022\/12\/transport-international-meknes-300x206.png 300w, https:\/\/ptrans.fr\/wp-content\/uploads\/2022\/12\/transport-international-meknes-768x528.png 768w, https:\/\/ptrans.fr\/wp-content\/uploads\/2022\/12\/transport-international-meknes-1536x1056.png 1536w, https:\/\/ptrans.fr\/wp-content\/uploads\/2022\/12\/transport-international-meknes-800x550.png 800w, https:\/\/ptrans.fr\/wp-content\/uploads\/2022\/12\/transport-international-meknes.png 1600w\" sizes=\"(max-width: 1024px) 100vw, 1024px\"><br>\n<a href=\"https:\/\/ptrans.fr\/it\/estimer-le-prix\/\" role=\"button\"><br>\nStimare il prezzo del trasporto online<br>\n<\/a><\/p><p>Lascia che Ptrans gestisca il tuo trasporto internazionale e goditi un processo di spedizione internazionale fluido. Contattaci oggi per saperne di pi\u00f9 sui nostri servizi di trasporto internazionale! Restiamo in attesa della vostra risposta<\/p><p>Hai domande? Il nostro team \u00e8 pi\u00f9 che felice di risponderti. Che si tratti di una questione di trasporto internazionale, dogana, tariffe o qualsiasi altra cosa relativa alla spedizione internazionale, siamo qui per aiutarti.<\/p><h2>Link utili<\/h2><p><a href=\"http:\/\/www.douane.gov.ma\/\"><br>\n<img decoding=\"async\" width=\"300\" height=\"137\" src=\"http:\/\/ptrans.fr\/wp-content\/uploads\/2022\/12\/transport-international-meknes-douane-300x137.png\" alt=\"transport international mekn&egrave;s douane\" loading=\"lazy\" srcset=\"https:\/\/ptrans.fr\/wp-content\/uploads\/2022\/12\/transport-international-meknes-douane-300x137.png 300w, https:\/\/ptrans.fr\/wp-content\/uploads\/2022\/12\/transport-international-meknes-douane.png 616w\" sizes=\"(max-width: 300px) 100vw, 300px\">\t\t\t\t\t\t\t\t<\/a><br>\n<a href=\"https:\/\/www.bureauveritas.ma\/fr\"><br>\n<img decoding=\"async\" width=\"243\" height=\"300\" src=\"http:\/\/ptrans.fr\/wp-content\/uploads\/2022\/12\/transport-international-meknes-conformitee-243x300.png\" alt=\"transport international mekn&egrave;s conformit&eacute;e\" loading=\"lazy\" srcset=\"https:\/\/ptrans.fr\/wp-content\/uploads\/2022\/12\/transport-international-meknes-conformitee-243x300.png 243w, https:\/\/ptrans.fr\/wp-content\/uploads\/2022\/12\/transport-international-meknes-conformitee-828x1024.png 828w, https:\/\/ptrans.fr\/wp-content\/uploads\/2022\/12\/transport-international-meknes-conformitee-768x950.png 768w, https:\/\/ptrans.fr\/wp-content\/uploads\/2022\/12\/transport-international-meknes-conformitee-1242x1536.png 1242w, https:\/\/ptrans.fr\/wp-content\/uploads\/2022\/12\/transport-international-meknes-conformitee-800x989.png 800w, https:\/\/ptrans.fr\/wp-content\/uploads\/2022\/12\/transport-international-meknes-conformitee.png 1390w\" sizes=\"(max-width: 243px) 100vw, 243px\">\t\t\t\t\t\t\t\t<\/a><\/p><p>Grazie per aver considerato Ptrans per il trasporto internazionale da o verso Meknes! Saremo lieti di servirvi. Contattaci oggi per un preventivo gratuito per la spedizione internazionale. Prendiamoci cura di tutte le tue esigenze di spedizione internazionale e semplifichiamo il tuo processo di spedizione internazionale!<\/p><\/h2>","protected":false},"excerpt":{"rendered":"<p>Transport International Mekn&egrave;s Estimer Le Prix Du Transport En Ligne Vous souhaitez faire un transport [&hellip;]<\/p>","protected":false},"author":1,"featured_media":0,"parent":0,"menu_order":0,"comment_status":"closed","ping_status":"closed","template":"","meta":{"footnotes":""},"yoast_head":"<!-- This site is optimized with the Yoast SEO plugin v22.8 - https:\/\/yoast.com\/wordpress\/plugins\/seo\/ -->\n<title>Transport International Mekn\u00e8s | T\u00e9l : +212(0) 80 85 08129<\/title>\n<meta name=\"description\" content=\"Ptrans Soci\u00e9t\u00e9 de transport international mekn\u00e8s. T\u00e9l : +212663232300 | Mail : s.p@ptrans.fr Contactez-nous!\" \/>\n<meta name=\"robots\" content=\"index, follow, max-snippet:-1, max-image-preview:large, max-video-preview:-1\" \/>\n<link rel=\"canonical\" href=\"https:\/\/ptrans.fr\/it\/transport-international-meknes\/\" \/>\n<meta property=\"og:locale\" content=\"it_IT\" \/>\n<meta property=\"og:type\" content=\"article\" \/>\n<meta property=\"og:title\" content=\"Transport International Mekn\u00e8s | T\u00e9l : +212(0) 80 85 08129\" \/>\n<meta property=\"og:description\" content=\"Ptrans Soci\u00e9t\u00e9 de transport international mekn\u00e8s. T\u00e9l : +212663232300 | Mail : s.p@ptrans.fr Contactez-nous!\" \/>\n<meta property=\"og:url\" content=\"https:\/\/ptrans.fr\/it\/transport-international-meknes\/\" \/>\n<meta property=\"og:site_name\" content=\"Ptrans Soci\u00e9t\u00e9 De Transport &amp; D\u00e9m\u00e9nagements International Entre Le Maroc Et Le Reste Du Monde\" \/>\n<meta property=\"article:publisher\" content=\"https:\/\/www.facebook.com\/PlogisticsEurope\" \/>\n<meta property=\"article:modified_time\" content=\"2022-12-31T09:57:48+00:00\" \/>\n<meta property=\"og:image\" content=\"http:\/\/ptrans.fr\/wp-content\/uploads\/2022\/12\/transport-international-meknes-1-1024x635.png\" \/>\n<meta name=\"twitter:label1\" content=\"Tempo di lettura stimato\" \/>\n\t<meta name=\"twitter:data1\" content=\"3 minuti\" \/>\n<script type=\"application\/ld+json\" class=\"yoast-schema-graph\">{\"@context\":\"https:\/\/schema.org\",\"@graph\":[{\"@type\":\"Article\",\"@id\":\"https:\/\/ptrans.fr\/transport-international-meknes\/#article\",\"isPartOf\":{\"@id\":\"https:\/\/ptrans.fr\/transport-international-meknes\/\"},\"author\":{\"name\":\"admin\",\"@id\":\"https:\/\/ptrans.fr\/#\/schema\/person\/3a50d5b251b4df119e3598a32b8ce67c\"},\"headline\":\"Transport International Mekn\u00e8s\",\"datePublished\":\"2022-12-30T23:59:31+00:00\",\"dateModified\":\"2022-12-31T09:57:48+00:00\",\"mainEntityOfPage\":{\"@id\":\"https:\/\/ptrans.fr\/transport-international-meknes\/\"},\"wordCount\":313,\"publisher\":{\"@id\":\"https:\/\/ptrans.fr\/#organization\"},\"image\":{\"@id\":\"https:\/\/ptrans.fr\/transport-international-meknes\/#primaryimage\"},\"thumbnailUrl\":\"http:\/\/ptrans.fr\/wp-content\/uploads\/2022\/12\/transport-international-meknes-1-1024x635.png\",\"inLanguage\":\"it-IT\"},{\"@type\":\"WebPage\",\"@id\":\"https:\/\/ptrans.fr\/transport-international-meknes\/\",\"url\":\"https:\/\/ptrans.fr\/transport-international-meknes\/\",\"name\":\"Transport International Mekn\u00e8s | T\u00e9l : +212(0) 80 85 08129\",\"isPartOf\":{\"@id\":\"https:\/\/ptrans.fr\/#website\"},\"primaryImageOfPage\":{\"@id\":\"https:\/\/ptrans.fr\/transport-international-meknes\/#primaryimage\"},\"image\":{\"@id\":\"https:\/\/ptrans.fr\/transport-international-meknes\/#primaryimage\"},\"thumbnailUrl\":\"http:\/\/ptrans.fr\/wp-content\/uploads\/2022\/12\/transport-international-meknes-1-1024x635.png\",\"datePublished\":\"2022-12-30T23:59:31+00:00\",\"dateModified\":\"2022-12-31T09:57:48+00:00\",\"description\":\"Ptrans Soci\u00e9t\u00e9 de transport international mekn\u00e8s. T\u00e9l : +212663232300 | Mail : s.p@ptrans.fr Contactez-nous!\",\"inLanguage\":\"it-IT\",\"potentialAction\":[{\"@type\":\"ReadAction\",\"target\":[\"https:\/\/ptrans.fr\/transport-international-meknes\/\"]}]},{\"@type\":\"ImageObject\",\"inLanguage\":\"it-IT\",\"@id\":\"https:\/\/ptrans.fr\/transport-international-meknes\/#primaryimage\",\"url\":\"http:\/\/ptrans.fr\/wp-content\/uploads\/2022\/12\/transport-international-meknes-1-1024x635.png\",\"contentUrl\":\"http:\/\/ptrans.fr\/wp-content\/uploads\/2022\/12\/transport-international-meknes-1-1024x635.png\"},{\"@type\":\"WebSite\",\"@id\":\"https:\/\/ptrans.fr\/#website\",\"url\":\"https:\/\/ptrans.fr\/\",\"name\":\"Ptrans Soci\u00e9t\u00e9 De Transport Et D\u00e9m\u00e9nagement International Maroc\",\"description\":\"Ptrans Votre Transporteur &amp; D\u00e9m\u00e9nageur Vers Le Maroc\",\"publisher\":{\"@id\":\"https:\/\/ptrans.fr\/#organization\"},\"alternateName\":\"Ptrans\",\"potentialAction\":[{\"@type\":\"SearchAction\",\"target\":{\"@type\":\"EntryPoint\",\"urlTemplate\":\"https:\/\/ptrans.fr\/?s={search_term_string}\"},\"query-input\":\"required name=search_term_string\"}],\"inLanguage\":\"it-IT\"},{\"@type\":\"Organization\",\"@id\":\"https:\/\/ptrans.fr\/#organization\",\"name\":\"Ptrans Soci\u00e9t\u00e9 De Transport Et D\u00e9m\u00e9nagements International Entre Le Maroc Et Le Reste Du Monde\",\"url\":\"https:\/\/ptrans.fr\/\",\"logo\":{\"@type\":\"ImageObject\",\"inLanguage\":\"it-IT\",\"@id\":\"https:\/\/ptrans.fr\/#\/schema\/logo\/image\/\",\"url\":\"http:\/\/ptrans.fr\/wp-content\/uploads\/2022\/08\/P.trans-logi_Plan-de-travail-1.png\",\"contentUrl\":\"http:\/\/ptrans.fr\/wp-content\/uploads\/2022\/08\/P.trans-logi_Plan-de-travail-1.png\",\"width\":2481,\"height\":1076,\"caption\":\"Ptrans Soci\u00e9t\u00e9 De Transport Et D\u00e9m\u00e9nagements International Entre Le Maroc Et Le Reste Du Monde\"},\"image\":{\"@id\":\"https:\/\/ptrans.fr\/#\/schema\/logo\/image\/\"},\"sameAs\":[\"https:\/\/www.facebook.com\/PlogisticsEurope\"]},{\"@type\":\"Person\",\"@id\":\"https:\/\/ptrans.fr\/#\/schema\/person\/3a50d5b251b4df119e3598a32b8ce67c\",\"name\":\"admin\",\"image\":{\"@type\":\"ImageObject\",\"inLanguage\":\"it-IT\",\"@id\":\"https:\/\/ptrans.fr\/#\/schema\/person\/image\/\",\"url\":\"https:\/\/secure.gravatar.com\/avatar\/f1ed11851bb8c89ef1f06d655ba0bd00?s=96&d=mm&r=g\",\"contentUrl\":\"https:\/\/secure.gravatar.com\/avatar\/f1ed11851bb8c89ef1f06d655ba0bd00?s=96&d=mm&r=g\",\"caption\":\"admin\"},\"url\":\"https:\/\/ptrans.fr\/it\/author\/admin\/\"}]}<\/script>\n<!-- \/ Yoast SEO plugin. -->","yoast_head_json":{"title":"Transport International Mekn\u00e8s | T\u00e9l : +212(0) 80 85 08129","description":"Ptrans Soci\u00e9t\u00e9 de transport international mekn\u00e8s. T\u00e9l : +212663232300 | Mail : s.p@ptrans.fr Contactez-nous!","robots":{"index":"index","follow":"follow","max-snippet":"max-snippet:-1","max-image-preview":"max-image-preview:large","max-video-preview":"max-video-preview:-1"},"canonical":"https:\/\/ptrans.fr\/it\/transport-international-meknes\/","og_locale":"it_IT","og_type":"article","og_title":"Transport International Mekn\u00e8s | T\u00e9l : +212(0) 80 85 08129","og_description":"Ptrans Soci\u00e9t\u00e9 de transport international mekn\u00e8s. T\u00e9l : +212663232300 | Mail : s.p@ptrans.fr Contactez-nous!","og_url":"https:\/\/ptrans.fr\/it\/transport-international-meknes\/","og_site_name":"Ptrans Soci\u00e9t\u00e9 De Transport &amp; D\u00e9m\u00e9nagements International Entre Le Maroc Et Le Reste Du Monde","article_publisher":"https:\/\/www.facebook.com\/PlogisticsEurope","article_modified_time":"2022-12-31T09:57:48+00:00","og_image":[{"url":"http:\/\/ptrans.fr\/wp-content\/uploads\/2022\/12\/transport-international-meknes-1-1024x635.png"}],"twitter_misc":{"Tempo di lettura stimato":"3 minuti"},"schema":{"@context":"https:\/\/schema.org","@graph":[{"@type":"Article","@id":"https:\/\/ptrans.fr\/transport-international-meknes\/#article","isPartOf":{"@id":"https:\/\/ptrans.fr\/transport-international-meknes\/"},"author":{"name":"admin","@id":"https:\/\/ptrans.fr\/#\/schema\/person\/3a50d5b251b4df119e3598a32b8ce67c"},"headline":"Transport International Mekn\u00e8s","datePublished":"2022-12-30T23:59:31+00:00","dateModified":"2022-12-31T09:57:48+00:00","mainEntityOfPage":{"@id":"https:\/\/ptrans.fr\/transport-international-meknes\/"},"wordCount":313,"publisher":{"@id":"https:\/\/ptrans.fr\/#organization"},"image":{"@id":"https:\/\/ptrans.fr\/transport-international-meknes\/#primaryimage"},"thumbnailUrl":"http:\/\/ptrans.fr\/wp-content\/uploads\/2022\/12\/transport-international-meknes-1-1024x635.png","inLanguage":"it-IT"},{"@type":"WebPage","@id":"https:\/\/ptrans.fr\/transport-international-meknes\/","url":"https:\/\/ptrans.fr\/transport-international-meknes\/","name":"Transport International Mekn\u00e8s | T\u00e9l : +212(0) 80 85 08129","isPartOf":{"@id":"https:\/\/ptrans.fr\/#website"},"primaryImageOfPage":{"@id":"https:\/\/ptrans.fr\/transport-international-meknes\/#primaryimage"},"image":{"@id":"https:\/\/ptrans.fr\/transport-international-meknes\/#primaryimage"},"thumbnailUrl":"http:\/\/ptrans.fr\/wp-content\/uploads\/2022\/12\/transport-international-meknes-1-1024x635.png","datePublished":"2022-12-30T23:59:31+00:00","dateModified":"2022-12-31T09:57:48+00:00","description":"Ptrans Soci\u00e9t\u00e9 de transport international mekn\u00e8s. T\u00e9l : +212663232300 | Mail : s.p@ptrans.fr Contactez-nous!","inLanguage":"it-IT","potentialAction":[{"@type":"ReadAction","target":["https:\/\/ptrans.fr\/transport-international-meknes\/"]}]},{"@type":"ImageObject","inLanguage":"it-IT","@id":"https:\/\/ptrans.fr\/transport-international-meknes\/#primaryimage","url":"http:\/\/ptrans.fr\/wp-content\/uploads\/2022\/12\/transport-international-meknes-1-1024x635.png","contentUrl":"http:\/\/ptrans.fr\/wp-content\/uploads\/2022\/12\/transport-international-meknes-1-1024x635.png"},{"@type":"WebSite","@id":"https:\/\/ptrans.fr\/#website","url":"https:\/\/ptrans.fr\/","name":"Ptrans Soci\u00e9t\u00e9 De Transport Et D\u00e9m\u00e9nagement International Maroc","description":"Ptrans Votre Transporteur &amp; D\u00e9m\u00e9nageur Vers Le Maroc","publisher":{"@id":"https:\/\/ptrans.fr\/#organization"},"alternateName":"Ptrans","potentialAction":[{"@type":"SearchAction","target":{"@type":"EntryPoint","urlTemplate":"https:\/\/ptrans.fr\/?s={search_term_string}"},"query-input":"required name=search_term_string"}],"inLanguage":"it-IT"},{"@type":"Organization","@id":"https:\/\/ptrans.fr\/#organization","name":"Ptrans Soci\u00e9t\u00e9 De Transport Et D\u00e9m\u00e9nagements International Entre Le Maroc Et Le Reste Du Monde","url":"https:\/\/ptrans.fr\/","logo":{"@type":"ImageObject","inLanguage":"it-IT","@id":"https:\/\/ptrans.fr\/#\/schema\/logo\/image\/","url":"http:\/\/ptrans.fr\/wp-content\/uploads\/2022\/08\/P.trans-logi_Plan-de-travail-1.png","contentUrl":"http:\/\/ptrans.fr\/wp-content\/uploads\/2022\/08\/P.trans-logi_Plan-de-travail-1.png","width":2481,"height":1076,"caption":"Ptrans Soci\u00e9t\u00e9 De Transport Et D\u00e9m\u00e9nagements International Entre Le Maroc Et Le Reste Du Monde"},"image":{"@id":"https:\/\/ptrans.fr\/#\/schema\/logo\/image\/"},"sameAs":["https:\/\/www.facebook.com\/PlogisticsEurope"]},{"@type":"Person","@id":"https:\/\/ptrans.fr\/#\/schema\/person\/3a50d5b251b4df119e3598a32b8ce67c","name":"admin","image":{"@type":"ImageObject","inLanguage":"it-IT","@id":"https:\/\/ptrans.fr\/#\/schema\/person\/image\/","url":"https:\/\/secure.gravatar.com\/avatar\/f1ed11851bb8c89ef1f06d655ba0bd00?s=96&d=mm&r=g","contentUrl":"https:\/\/secure.gravatar.com\/avatar\/f1ed11851bb8c89ef1f06d655ba0bd00?s=96&d=mm&r=g","caption":"admin"},"url":"https:\/\/ptrans.fr\/it\/author\/admin\/"}]}},"jetpack_sharing_enabled":true,"jetpack_likes_enabled":true,"_links":{"self":[{"href":"https:\/\/ptrans.fr\/it\/wp-json\/wp\/v2\/pages\/9766"}],"collection":[{"href":"https:\/\/ptrans.fr\/it\/wp-json\/wp\/v2\/pages"}],"about":[{"href":"https:\/\/ptrans.fr\/it\/wp-json\/wp\/v2\/types\/page"}],"author":[{"embeddable":true,"href":"https:\/\/ptrans.fr\/it\/wp-json\/wp\/v2\/users\/1"}],"replies":[{"embeddable":true,"href":"https:\/\/ptrans.fr\/it\/wp-json\/wp\/v2\/comments?post=9766"}],"version-history":[{"count":0,"href":"https:\/\/ptrans.fr\/it\/wp-json\/wp\/v2\/pages\/9766\/revisions"}],"wp:attachment":[{"href":"https:\/\/ptrans.fr\/it\/wp-json\/wp\/v2\/media?parent=9766"}],"curies":[{"name":"wp","href":"https:\/\/api.w.org\/{rel}","templated":true}]}}