{"id":9783,"date":"2022-12-31T10:33:33","date_gmt":"2022-12-31T09:33:33","guid":{"rendered":"https:\/\/ptrans.fr\/?page_id=9783"},"modified":"2022-12-31T11:02:55","modified_gmt":"2022-12-31T10:02:55","slug":"societe-de-transport-international-maroc","status":"publish","type":"page","link":"https:\/\/ptrans.fr\/it\/societe-de-transport-international-maroc\/","title":{"rendered":"<p>Soci&eacute;t&eacute; De Transport International Maroc<\/p>"},"content":{"rendered":"<h1><a href=\"https:\/\/ptrans.fr\/it\/estimer-le-prix\/\">Ptrans International Transport Company Marocco<\/a><p><img decoding=\"async\" width=\"1024\" height=\"635\" src=\"http:\/\/ptrans.fr\/wp-content\/uploads\/2022\/12\/societe-de-transport-international-maroc-1024x635.png\" alt=\"soci&eacute;t&eacute; de transport international maroc\" loading=\"lazy\" srcset=\"https:\/\/ptrans.fr\/wp-content\/uploads\/2022\/12\/societe-de-transport-international-maroc-1024x635.png 1024w, https:\/\/ptrans.fr\/wp-content\/uploads\/2022\/12\/societe-de-transport-international-maroc-300x186.png 300w, https:\/\/ptrans.fr\/wp-content\/uploads\/2022\/12\/societe-de-transport-international-maroc-768x476.png 768w, https:\/\/ptrans.fr\/wp-content\/uploads\/2022\/12\/societe-de-transport-international-maroc-800x496.png 800w, https:\/\/ptrans.fr\/wp-content\/uploads\/2022\/12\/societe-de-transport-international-maroc.png 1500w\" sizes=\"(max-width: 1024px) 100vw, 1024px\"><\/p><h2><strong>Azienda Trasporti Internazionali Marocco<\/strong><\/h2><p>Ptrans \u00e8 una societ\u00e0 di logistica che offre servizi di trasporto affidabili ed economici in tutto il Marocco. Forniamo soluzioni personalizzate su misura garantendo un trasporto veloce e sicuro da un luogo all&#039;altro.<\/p><p><a href=\"https:\/\/ptrans.fr\/it\/estimer-le-prix\/\" role=\"button\"><br>\nControlla i nostri prezzi online<br>\n<\/a><\/p><p>Il nostro team di professionisti esperti ha una vasta conoscenza in materia di tariffe, dogane, prezzi e destinazioni. Siamo orgogliosi di essere molto reattivi alle domande dei clienti e alle richieste di informazioni sui nostri servizi. Il nostro obiettivo \u00e8 garantire che il tuo carico arrivi a destinazione in modo sicuro, puntuale e a prezzi competitivi<\/p><p>https:\/\/www.youtube.com\/watch?v=ECXqaWCdAVo<\/p><p>Comprendiamo che ci sono molte variabili che entrano in gioco nelle spedizioni internazionali - dalle leggi e regolamenti locali alle tasse e ai dazi doganali - e quindi ci impegniamo a garantire che tu abbia tutte le informazioni necessarie prima di prendere qualsiasi decisione. Questo sito fornisce una panoramica completa dei servizi che offriamo, inclusi<\/p><p>\u2013 Prezzi e sdoganamento<\/p><p>\u2013 Informazioni su prezzi e destinazioni<\/p><p>\u2013 Monitoraggio della spedizione dall&#039;inizio alla fine<\/p><p>\u2013 Requisiti di documentazione per le spedizioni internazionali<\/p><p>\u2013 Opzioni di assicurazione sulla spedizione<\/p><p>\u2013 Opzioni per accelerare i tempi di spedizione<\/p><p><a href=\"https:\/\/ptrans.fr\/it\/estimer-le-prix\/\" role=\"button\"><br>\nControlla i nostri prezzi online<br>\n<\/a><br>\n<img decoding=\"async\" width=\"1024\" height=\"704\" src=\"http:\/\/ptrans.fr\/wp-content\/uploads\/2022\/12\/societe-de-transport-international-maro-1024x704.png\" alt=\"soci&eacute;t&eacute; de transport international maro\" loading=\"lazy\" srcset=\"https:\/\/ptrans.fr\/wp-content\/uploads\/2022\/12\/societe-de-transport-international-maro-1024x704.png 1024w, https:\/\/ptrans.fr\/wp-content\/uploads\/2022\/12\/societe-de-transport-international-maro-300x206.png 300w, https:\/\/ptrans.fr\/wp-content\/uploads\/2022\/12\/societe-de-transport-international-maro-768x528.png 768w, https:\/\/ptrans.fr\/wp-content\/uploads\/2022\/12\/societe-de-transport-international-maro-1536x1056.png 1536w, https:\/\/ptrans.fr\/wp-content\/uploads\/2022\/12\/societe-de-transport-international-maro-800x550.png 800w, https:\/\/ptrans.fr\/wp-content\/uploads\/2022\/12\/societe-de-transport-international-maro.png 1600w\" sizes=\"(max-width: 1024px) 100vw, 1024px\"><\/p><p>A Ptrans Transport International Maroc, il nostro obiettivo \u00e8 garantire che tu abbia la migliore esperienza possibile con la tua spedizione. Comprendiamo che la spedizione internazionale pu\u00f2 essere complessa, motivo per cui ci impegniamo a fornire assistenza e supporto durante tutto il processo. Non esitate a contattarci in qualsiasi momento per qualsiasi domanda o richiesta: siamo qui per aiutarvi!<\/p><h2>Link utili<\/h2><p><a href=\"http:\/\/www.douane.gov.ma\/\"><br>\n<img decoding=\"async\" width=\"300\" height=\"137\" src=\"http:\/\/ptrans.fr\/wp-content\/uploads\/2022\/12\/societe-de-transport-international-maroc-douane-300x137.png\" alt=\"\" loading=\"lazy\" srcset=\"https:\/\/ptrans.fr\/wp-content\/uploads\/2022\/12\/societe-de-transport-international-maroc-douane-300x137.png 300w, https:\/\/ptrans.fr\/wp-content\/uploads\/2022\/12\/societe-de-transport-international-maroc-douane.png 616w\" sizes=\"(max-width: 300px) 100vw, 300px\">\t\t\t\t\t\t\t\t<\/a><br>\n<a href=\"https:\/\/www.bureauveritas.ma\/fr\"><br>\n<img decoding=\"async\" width=\"243\" height=\"300\" src=\"http:\/\/ptrans.fr\/wp-content\/uploads\/2022\/12\/societe-de-transport-international-maroc-conformitee-243x300.png\" alt=\"soci&eacute;t&eacute; de transport international maroc conformit&eacute;e\" loading=\"lazy\" srcset=\"https:\/\/ptrans.fr\/wp-content\/uploads\/2022\/12\/societe-de-transport-international-maroc-conformitee-243x300.png 243w, https:\/\/ptrans.fr\/wp-content\/uploads\/2022\/12\/societe-de-transport-international-maroc-conformitee-828x1024.png 828w, https:\/\/ptrans.fr\/wp-content\/uploads\/2022\/12\/societe-de-transport-international-maroc-conformitee-768x950.png 768w, https:\/\/ptrans.fr\/wp-content\/uploads\/2022\/12\/societe-de-transport-international-maroc-conformitee-1242x1536.png 1242w, https:\/\/ptrans.fr\/wp-content\/uploads\/2022\/12\/societe-de-transport-international-maroc-conformitee-800x989.png 800w, https:\/\/ptrans.fr\/wp-content\/uploads\/2022\/12\/societe-de-transport-international-maroc-conformitee.png 1390w\" sizes=\"(max-width: 243px) 100vw, 243px\">\t\t\t\t\t\t\t\t<\/a><\/p><\/h1>","protected":false},"excerpt":{"rendered":"<p>Ptrans soci&eacute;t&eacute; De Transport International Maroc Soci&eacute;t&eacute; Transport International Maroc Ptrans est une soci&eacute;t&eacute; de [&hellip;]<\/p>","protected":false},"author":1,"featured_media":0,"parent":0,"menu_order":0,"comment_status":"closed","ping_status":"closed","template":"","meta":{"footnotes":""},"yoast_head":"<!-- This site is optimized with the Yoast SEO plugin v22.8 - https:\/\/yoast.com\/wordpress\/plugins\/seo\/ -->\n<title>Soci\u00e9t\u00e9 De Transport International Maroc | T\u00e9l : +33187653676<\/title>\n<meta name=\"description\" content=\"Ptrans soci\u00e9t\u00e9 de transport international Maroc. T\u00e9l : +33187653676 | Mail : s.p@ptrans.fr. Contacter-nous!\" \/>\n<meta name=\"robots\" content=\"index, follow, max-snippet:-1, max-image-preview:large, max-video-preview:-1\" \/>\n<link rel=\"canonical\" href=\"https:\/\/ptrans.fr\/it\/societe-de-transport-international-maroc\/\" \/>\n<meta property=\"og:locale\" content=\"it_IT\" \/>\n<meta property=\"og:type\" content=\"article\" \/>\n<meta property=\"og:title\" content=\"Soci\u00e9t\u00e9 De Transport International Maroc | T\u00e9l : +33187653676\" \/>\n<meta property=\"og:description\" content=\"Ptrans soci\u00e9t\u00e9 de transport international Maroc. T\u00e9l : +33187653676 | Mail : s.p@ptrans.fr. Contacter-nous!\" \/>\n<meta property=\"og:url\" content=\"https:\/\/ptrans.fr\/it\/societe-de-transport-international-maroc\/\" \/>\n<meta property=\"og:site_name\" content=\"Ptrans Soci\u00e9t\u00e9 De Transport &amp; D\u00e9m\u00e9nagements International Entre Le Maroc Et Le Reste Du Monde\" \/>\n<meta property=\"article:publisher\" content=\"https:\/\/www.facebook.com\/PlogisticsEurope\" \/>\n<meta property=\"article:modified_time\" content=\"2022-12-31T10:02:55+00:00\" \/>\n<meta property=\"og:image\" content=\"http:\/\/ptrans.fr\/wp-content\/uploads\/2022\/12\/societe-de-transport-international-maroc-1024x635.png\" \/>\n<meta name=\"twitter:label1\" content=\"Tempo di lettura stimato\" \/>\n\t<meta name=\"twitter:data1\" content=\"3 minuti\" \/>\n<script type=\"application\/ld+json\" class=\"yoast-schema-graph\">{\"@context\":\"https:\/\/schema.org\",\"@graph\":[{\"@type\":\"Article\",\"@id\":\"https:\/\/ptrans.fr\/societe-de-transport-international-maroc\/#article\",\"isPartOf\":{\"@id\":\"https:\/\/ptrans.fr\/societe-de-transport-international-maroc\/\"},\"author\":{\"name\":\"admin\",\"@id\":\"https:\/\/ptrans.fr\/#\/schema\/person\/3a50d5b251b4df119e3598a32b8ce67c\"},\"headline\":\"Soci\u00e9t\u00e9 De Transport International Maroc\",\"datePublished\":\"2022-12-31T09:33:33+00:00\",\"dateModified\":\"2022-12-31T10:02:55+00:00\",\"mainEntityOfPage\":{\"@id\":\"https:\/\/ptrans.fr\/societe-de-transport-international-maroc\/\"},\"wordCount\":327,\"publisher\":{\"@id\":\"https:\/\/ptrans.fr\/#organization\"},\"image\":{\"@id\":\"https:\/\/ptrans.fr\/societe-de-transport-international-maroc\/#primaryimage\"},\"thumbnailUrl\":\"http:\/\/ptrans.fr\/wp-content\/uploads\/2022\/12\/societe-de-transport-international-maroc-1024x635.png\",\"inLanguage\":\"it-IT\"},{\"@type\":\"WebPage\",\"@id\":\"https:\/\/ptrans.fr\/societe-de-transport-international-maroc\/\",\"url\":\"https:\/\/ptrans.fr\/societe-de-transport-international-maroc\/\",\"name\":\"Soci\u00e9t\u00e9 De Transport International Maroc | T\u00e9l : +33187653676\",\"isPartOf\":{\"@id\":\"https:\/\/ptrans.fr\/#website\"},\"primaryImageOfPage\":{\"@id\":\"https:\/\/ptrans.fr\/societe-de-transport-international-maroc\/#primaryimage\"},\"image\":{\"@id\":\"https:\/\/ptrans.fr\/societe-de-transport-international-maroc\/#primaryimage\"},\"thumbnailUrl\":\"http:\/\/ptrans.fr\/wp-content\/uploads\/2022\/12\/societe-de-transport-international-maroc-1024x635.png\",\"datePublished\":\"2022-12-31T09:33:33+00:00\",\"dateModified\":\"2022-12-31T10:02:55+00:00\",\"description\":\"Ptrans soci\u00e9t\u00e9 de transport international Maroc. T\u00e9l : +33187653676 | Mail : s.p@ptrans.fr. Contacter-nous!\",\"inLanguage\":\"it-IT\",\"potentialAction\":[{\"@type\":\"ReadAction\",\"target\":[\"https:\/\/ptrans.fr\/societe-de-transport-international-maroc\/\"]}]},{\"@type\":\"ImageObject\",\"inLanguage\":\"it-IT\",\"@id\":\"https:\/\/ptrans.fr\/societe-de-transport-international-maroc\/#primaryimage\",\"url\":\"http:\/\/ptrans.fr\/wp-content\/uploads\/2022\/12\/societe-de-transport-international-maroc-1024x635.png\",\"contentUrl\":\"http:\/\/ptrans.fr\/wp-content\/uploads\/2022\/12\/societe-de-transport-international-maroc-1024x635.png\"},{\"@type\":\"WebSite\",\"@id\":\"https:\/\/ptrans.fr\/#website\",\"url\":\"https:\/\/ptrans.fr\/\",\"name\":\"Ptrans Soci\u00e9t\u00e9 De Transport Et D\u00e9m\u00e9nagement International Maroc\",\"description\":\"Ptrans Votre Transporteur &amp; D\u00e9m\u00e9nageur Vers Le Maroc\",\"publisher\":{\"@id\":\"https:\/\/ptrans.fr\/#organization\"},\"alternateName\":\"Ptrans\",\"potentialAction\":[{\"@type\":\"SearchAction\",\"target\":{\"@type\":\"EntryPoint\",\"urlTemplate\":\"https:\/\/ptrans.fr\/?s={search_term_string}\"},\"query-input\":\"required name=search_term_string\"}],\"inLanguage\":\"it-IT\"},{\"@type\":\"Organization\",\"@id\":\"https:\/\/ptrans.fr\/#organization\",\"name\":\"Ptrans Soci\u00e9t\u00e9 De Transport Et D\u00e9m\u00e9nagements International Entre Le Maroc Et Le Reste Du Monde\",\"url\":\"https:\/\/ptrans.fr\/\",\"logo\":{\"@type\":\"ImageObject\",\"inLanguage\":\"it-IT\",\"@id\":\"https:\/\/ptrans.fr\/#\/schema\/logo\/image\/\",\"url\":\"http:\/\/ptrans.fr\/wp-content\/uploads\/2022\/08\/P.trans-logi_Plan-de-travail-1.png\",\"contentUrl\":\"http:\/\/ptrans.fr\/wp-content\/uploads\/2022\/08\/P.trans-logi_Plan-de-travail-1.png\",\"width\":2481,\"height\":1076,\"caption\":\"Ptrans Soci\u00e9t\u00e9 De Transport Et D\u00e9m\u00e9nagements International Entre Le Maroc Et Le Reste Du Monde\"},\"image\":{\"@id\":\"https:\/\/ptrans.fr\/#\/schema\/logo\/image\/\"},\"sameAs\":[\"https:\/\/www.facebook.com\/PlogisticsEurope\"]},{\"@type\":\"Person\",\"@id\":\"https:\/\/ptrans.fr\/#\/schema\/person\/3a50d5b251b4df119e3598a32b8ce67c\",\"name\":\"admin\",\"image\":{\"@type\":\"ImageObject\",\"inLanguage\":\"it-IT\",\"@id\":\"https:\/\/ptrans.fr\/#\/schema\/person\/image\/\",\"url\":\"https:\/\/secure.gravatar.com\/avatar\/f1ed11851bb8c89ef1f06d655ba0bd00?s=96&d=mm&r=g\",\"contentUrl\":\"https:\/\/secure.gravatar.com\/avatar\/f1ed11851bb8c89ef1f06d655ba0bd00?s=96&d=mm&r=g\",\"caption\":\"admin\"},\"url\":\"https:\/\/ptrans.fr\/it\/author\/admin\/\"}]}<\/script>\n<!-- \/ Yoast SEO plugin. -->","yoast_head_json":{"title":"Soci\u00e9t\u00e9 De Transport International Maroc | T\u00e9l : +33187653676","description":"Ptrans soci\u00e9t\u00e9 de transport international Maroc. T\u00e9l : +33187653676 | Mail : s.p@ptrans.fr. Contacter-nous!","robots":{"index":"index","follow":"follow","max-snippet":"max-snippet:-1","max-image-preview":"max-image-preview:large","max-video-preview":"max-video-preview:-1"},"canonical":"https:\/\/ptrans.fr\/it\/societe-de-transport-international-maroc\/","og_locale":"it_IT","og_type":"article","og_title":"Soci\u00e9t\u00e9 De Transport International Maroc | T\u00e9l : +33187653676","og_description":"Ptrans soci\u00e9t\u00e9 de transport international Maroc. T\u00e9l : +33187653676 | Mail : s.p@ptrans.fr. Contacter-nous!","og_url":"https:\/\/ptrans.fr\/it\/societe-de-transport-international-maroc\/","og_site_name":"Ptrans Soci\u00e9t\u00e9 De Transport &amp; D\u00e9m\u00e9nagements International Entre Le Maroc Et Le Reste Du Monde","article_publisher":"https:\/\/www.facebook.com\/PlogisticsEurope","article_modified_time":"2022-12-31T10:02:55+00:00","og_image":[{"url":"http:\/\/ptrans.fr\/wp-content\/uploads\/2022\/12\/societe-de-transport-international-maroc-1024x635.png"}],"twitter_misc":{"Tempo di lettura stimato":"3 minuti"},"schema":{"@context":"https:\/\/schema.org","@graph":[{"@type":"Article","@id":"https:\/\/ptrans.fr\/societe-de-transport-international-maroc\/#article","isPartOf":{"@id":"https:\/\/ptrans.fr\/societe-de-transport-international-maroc\/"},"author":{"name":"admin","@id":"https:\/\/ptrans.fr\/#\/schema\/person\/3a50d5b251b4df119e3598a32b8ce67c"},"headline":"Soci\u00e9t\u00e9 De Transport International Maroc","datePublished":"2022-12-31T09:33:33+00:00","dateModified":"2022-12-31T10:02:55+00:00","mainEntityOfPage":{"@id":"https:\/\/ptrans.fr\/societe-de-transport-international-maroc\/"},"wordCount":327,"publisher":{"@id":"https:\/\/ptrans.fr\/#organization"},"image":{"@id":"https:\/\/ptrans.fr\/societe-de-transport-international-maroc\/#primaryimage"},"thumbnailUrl":"http:\/\/ptrans.fr\/wp-content\/uploads\/2022\/12\/societe-de-transport-international-maroc-1024x635.png","inLanguage":"it-IT"},{"@type":"WebPage","@id":"https:\/\/ptrans.fr\/societe-de-transport-international-maroc\/","url":"https:\/\/ptrans.fr\/societe-de-transport-international-maroc\/","name":"Soci\u00e9t\u00e9 De Transport International Maroc | T\u00e9l : +33187653676","isPartOf":{"@id":"https:\/\/ptrans.fr\/#website"},"primaryImageOfPage":{"@id":"https:\/\/ptrans.fr\/societe-de-transport-international-maroc\/#primaryimage"},"image":{"@id":"https:\/\/ptrans.fr\/societe-de-transport-international-maroc\/#primaryimage"},"thumbnailUrl":"http:\/\/ptrans.fr\/wp-content\/uploads\/2022\/12\/societe-de-transport-international-maroc-1024x635.png","datePublished":"2022-12-31T09:33:33+00:00","dateModified":"2022-12-31T10:02:55+00:00","description":"Ptrans soci\u00e9t\u00e9 de transport international Maroc. T\u00e9l : +33187653676 | Mail : s.p@ptrans.fr. Contacter-nous!","inLanguage":"it-IT","potentialAction":[{"@type":"ReadAction","target":["https:\/\/ptrans.fr\/societe-de-transport-international-maroc\/"]}]},{"@type":"ImageObject","inLanguage":"it-IT","@id":"https:\/\/ptrans.fr\/societe-de-transport-international-maroc\/#primaryimage","url":"http:\/\/ptrans.fr\/wp-content\/uploads\/2022\/12\/societe-de-transport-international-maroc-1024x635.png","contentUrl":"http:\/\/ptrans.fr\/wp-content\/uploads\/2022\/12\/societe-de-transport-international-maroc-1024x635.png"},{"@type":"WebSite","@id":"https:\/\/ptrans.fr\/#website","url":"https:\/\/ptrans.fr\/","name":"Ptrans Soci\u00e9t\u00e9 De Transport Et D\u00e9m\u00e9nagement International Maroc","description":"Ptrans Votre Transporteur &amp; D\u00e9m\u00e9nageur Vers Le Maroc","publisher":{"@id":"https:\/\/ptrans.fr\/#organization"},"alternateName":"Ptrans","potentialAction":[{"@type":"SearchAction","target":{"@type":"EntryPoint","urlTemplate":"https:\/\/ptrans.fr\/?s={search_term_string}"},"query-input":"required name=search_term_string"}],"inLanguage":"it-IT"},{"@type":"Organization","@id":"https:\/\/ptrans.fr\/#organization","name":"Ptrans Soci\u00e9t\u00e9 De Transport Et D\u00e9m\u00e9nagements International Entre Le Maroc Et Le Reste Du Monde","url":"https:\/\/ptrans.fr\/","logo":{"@type":"ImageObject","inLanguage":"it-IT","@id":"https:\/\/ptrans.fr\/#\/schema\/logo\/image\/","url":"http:\/\/ptrans.fr\/wp-content\/uploads\/2022\/08\/P.trans-logi_Plan-de-travail-1.png","contentUrl":"http:\/\/ptrans.fr\/wp-content\/uploads\/2022\/08\/P.trans-logi_Plan-de-travail-1.png","width":2481,"height":1076,"caption":"Ptrans Soci\u00e9t\u00e9 De Transport Et D\u00e9m\u00e9nagements International Entre Le Maroc Et Le Reste Du Monde"},"image":{"@id":"https:\/\/ptrans.fr\/#\/schema\/logo\/image\/"},"sameAs":["https:\/\/www.facebook.com\/PlogisticsEurope"]},{"@type":"Person","@id":"https:\/\/ptrans.fr\/#\/schema\/person\/3a50d5b251b4df119e3598a32b8ce67c","name":"admin","image":{"@type":"ImageObject","inLanguage":"it-IT","@id":"https:\/\/ptrans.fr\/#\/schema\/person\/image\/","url":"https:\/\/secure.gravatar.com\/avatar\/f1ed11851bb8c89ef1f06d655ba0bd00?s=96&d=mm&r=g","contentUrl":"https:\/\/secure.gravatar.com\/avatar\/f1ed11851bb8c89ef1f06d655ba0bd00?s=96&d=mm&r=g","caption":"admin"},"url":"https:\/\/ptrans.fr\/it\/author\/admin\/"}]}},"jetpack_sharing_enabled":true,"jetpack_likes_enabled":true,"_links":{"self":[{"href":"https:\/\/ptrans.fr\/it\/wp-json\/wp\/v2\/pages\/9783"}],"collection":[{"href":"https:\/\/ptrans.fr\/it\/wp-json\/wp\/v2\/pages"}],"about":[{"href":"https:\/\/ptrans.fr\/it\/wp-json\/wp\/v2\/types\/page"}],"author":[{"embeddable":true,"href":"https:\/\/ptrans.fr\/it\/wp-json\/wp\/v2\/users\/1"}],"replies":[{"embeddable":true,"href":"https:\/\/ptrans.fr\/it\/wp-json\/wp\/v2\/comments?post=9783"}],"version-history":[{"count":0,"href":"https:\/\/ptrans.fr\/it\/wp-json\/wp\/v2\/pages\/9783\/revisions"}],"wp:attachment":[{"href":"https:\/\/ptrans.fr\/it\/wp-json\/wp\/v2\/media?parent=9783"}],"curies":[{"name":"wp","href":"https:\/\/api.w.org\/{rel}","templated":true}]}}