{"id":7494,"date":"2022-08-06T11:02:15","date_gmt":"2022-08-06T10:02:15","guid":{"rendered":"http:\/\/ptrans.fr\/?page_id=7494"},"modified":"2022-12-27T12:23:48","modified_gmt":"2022-12-27T11:23:48","slug":"demenagement-france-maroc","status":"publish","type":"page","link":"https:\/\/ptrans.fr\/pt\/maroc-demenagement\/demenagement-france-maroc\/","title":{"rendered":"<p>d&eacute;m&eacute;nagement france maroc<\/p>"},"content":{"rendered":"<style>\/*! elementor - v3.9.2 - 21-12-2022 *\/<br \/>\n.elementor-column .elementor-spacer-inner{height:var(--spacer-size)}.e-con{--container-widget-width:100%}.e-con-inner>.elementor-widget-spacer,.e-con>.elementor-widget-spacer{width:var(--container-widget-width,var(--spacer-size));--align-self:var(--container-widget-align-self,initial);--flex-shrink:0}.e-con-inner>.elementor-widget-spacer>.elementor-widget-container,.e-con-inner>.elementor-widget-spacer>.elementor-widget-container>.elementor-spacer,.e-con>.elementor-widget-spacer>.elementor-widget-container,.e-con>.elementor-widget-spacer>.elementor-widget-container>.elementor-spacer{height:100%}.e-con-inner>.elementor-widget-spacer>.elementor-widget-container>.elementor-spacer>.elementor-spacer-inner,.e-con>.elementor-widget-spacer>.elementor-widget-container>.elementor-spacer>.elementor-spacer-inner{height:var(--container-widget-height,var(--spacer-size))}<style>\/*! elementor - v3.9.2 - 21-12-2022 *\/<br \/>\n.elementor-heading-title{padding:0;margin:0;line-height:1}.elementor-widget-heading .elementor-heading-title[class*=elementor-size-]>a{color:inherit;font-size:inherit;line-height:inherit}.elementor-widget-heading .elementor-heading-title.elementor-size-small{font-size:15px}.elementor-widget-heading .elementor-heading-title.elementor-size-medium{font-size:19px}.elementor-widget-heading .elementor-heading-title.elementor-size-large{font-size:29px}.elementor-widget-heading .elementor-heading-title.elementor-size-xl{font-size:39px}.elementor-widget-heading .elementor-heading-title.elementor-size-xxl{font-size:59px}<\/style><h1>Sua mudan\u00e7a para Fran\u00e7a e Marrocos com a Ptrans-logistics!<\/h1><style>\/*! elementor - v3.9.2 - 21-12-2022 *\/<br \/>\n.elementor-widget-image{text-align:center}.elementor-widget-image a{display:inline-block}.elementor-widget-image a img[src$=\".svg\"]{width:48px}.elementor-widget-image img{vertical-align:middle;display:inline-block}<\/style><p>\t\t\t\t\t\t\t\t\t\t\t\t<img decoding=\"async\" width=\"1024\" height=\"635\" src=\"http:\/\/ptrans.fr\/wp-content\/uploads\/2022\/12\/demenagement-international-france-maroc-3-1024x635.png\" alt=\"d&eacute;m&eacute;nagement international france maroc 3\" loading=\"lazy\" srcset=\"https:\/\/ptrans.fr\/wp-content\/uploads\/2022\/12\/demenagement-international-france-maroc-3-1024x635.png 1024w, https:\/\/ptrans.fr\/wp-content\/uploads\/2022\/12\/demenagement-international-france-maroc-3-300x186.png 300w, https:\/\/ptrans.fr\/wp-content\/uploads\/2022\/12\/demenagement-international-france-maroc-3-768x476.png 768w, https:\/\/ptrans.fr\/wp-content\/uploads\/2022\/12\/demenagement-international-france-maroc-3-800x496.png 800w, https:\/\/ptrans.fr\/wp-content\/uploads\/2022\/12\/demenagement-international-france-maroc-3.png 1500w\" sizes=\"(max-width: 1024px) 100vw, 1024px\"><\/p><p>Voc\u00ea est\u00e1 procurando uma maneira econ\u00f4mica de transportar seus pertences pessoais entre Fran\u00e7a e Marrocos? N\u00e3o procure mais, Ptrans-logistics! Oferecemos \u00f3timas tarifas para mudan\u00e7as internacionais de objetos pessoais, garantindo que todos os seus itens sejam transportados com seguran\u00e7a. Os nossos servi\u00e7os cobrem cidades de ambos os pa\u00edses \u2013 Paris, Marselha, Lyon, Toulouse, Nice, Nantes, Montpellier, Estrasburgo e Bord\u00e9us em Fran\u00e7a; Ksar-el-kebir, Sale, Beni-mellal, Taza, Temara, Marrakech, Fes Casablanca, Agadir, T\u00e2nger ouarzazzate, oujda tetouan em Marrocos.<\/p><p><a href=\"https:\/\/ptrans.fr\/pt\/estimer-le-prix\/\" role=\"button\"><br>\nNossas Tarifas Online<br>\n<\/a><\/p><h2 style=\"text-align: center;\"><strong>Como s\u00e3o calculadas as taxas de mudan\u00e7a Fran\u00e7a Marrocos?<\/strong><\/h2><p>Na Ptrans-logistics queremos garantir que voc\u00ea obtenha a melhor rela\u00e7\u00e3o custo-benef\u00edcio ao se mudar de Fran\u00e7a para Marrocos. \u00c9 por isso que nossos pre\u00e7os de mudan\u00e7a s\u00e3o calculados com base em diversos fatores, como o tamanho da remessa e seu destino. Quando voc\u00ea solicita um or\u00e7amento, fornecemos um pre\u00e7o exato que inclui todos os impostos e taxas aplic\u00e1veis, para que voc\u00ea n\u00e3o tenha surpresas posteriormente no processo!<\/p><p><img decoding=\"async\" width=\"1024\" height=\"448\" src=\"http:\/\/ptrans.fr\/wp-content\/uploads\/2022\/12\/demenagement-maroc-france-1024x448.png\" alt=\"d&eacute;m&eacute;nagement maroc france\" loading=\"lazy\" srcset=\"https:\/\/ptrans.fr\/wp-content\/uploads\/2022\/12\/demenagement-maroc-france-1024x448.png 1024w, https:\/\/ptrans.fr\/wp-content\/uploads\/2022\/12\/demenagement-maroc-france-300x131.png 300w, https:\/\/ptrans.fr\/wp-content\/uploads\/2022\/12\/demenagement-maroc-france-768x336.png 768w, https:\/\/ptrans.fr\/wp-content\/uploads\/2022\/12\/demenagement-maroc-france-1536x672.png 1536w, https:\/\/ptrans.fr\/wp-content\/uploads\/2022\/12\/demenagement-maroc-france-800x350.png 800w, https:\/\/ptrans.fr\/wp-content\/uploads\/2022\/12\/demenagement-maroc-france.png 1600w\" sizes=\"(max-width: 1024px) 100vw, 1024px\"><\/p><p>Com mais de 10 anos de experi\u00eancia em mudan\u00e7as internacionais, garantimos um servi\u00e7o de qualidade a pre\u00e7os imbat\u00edveis. Contate-nos hoje para saber quanto voc\u00ea pode economizar com a Ptrans-Logistics!<\/p><p>Estamos ansiosos para ajud\u00e1-lo a transportar seus pertences com seguran\u00e7a e comodidade entre Fran\u00e7a e Marrocos. Contate-nos hoje para um or\u00e7amento gratuito!<\/p><h2 style=\"text-align: center;\"><strong>Cidades atendidas em Marrocos<\/strong><\/h2><p>Voc\u00ea est\u00e1 pensando em mudar seus pertences de uma das cidades desertas de Marrocos? A Ptrans-Logistics fornece servi\u00e7os para todas as principais cidades do pa\u00eds, incluindo Ksar-el-kebir, Sale, Beni-mellal, Taza, Temara Marrakech, Fes Casablanca, Agadir T\u00e2nger ouarzazzate, oujda tetouan e muito mais. Temos uma frota de ve\u00edculos especializados que podem lidar com remessas de qualquer tamanho e garantir uma entrega segura em qualquer destino. Com nossas tarifas competitivas e excelente atendimento ao cliente, tornamos a movimenta\u00e7\u00e3o de seus itens o mais descomplicada poss\u00edvel!<\/p><p>Contacte-nos hoje para obter um or\u00e7amento gratuito para a sua mudan\u00e7a internacional entre Fran\u00e7a e Marrocos<\/p><p><a href=\"https:\/\/ptrans.fr\/pt\/estimer-le-prix\/\" role=\"button\"><br>\nNossas Tarifas Online<br>\n<\/a><\/p><h2 style=\"text-align: center;\"><strong>Cidades atendidas na Fran\u00e7a<\/strong><\/h2><p>A Ptrans-Logistics tamb\u00e9m presta servi\u00e7os para todas as principais cidades da Fran\u00e7a, incluindo Paris, Marselha, Lyon, Toulouse, Nice, Nantes, Montpellier Estrasburgo e Bord\u00e9us. Nossa equipe de profissionais experientes pode gerenciar sua mudan\u00e7a com facilidade e garantir que tudo seja entregue com seguran\u00e7a em sua nova casa ou escrit\u00f3rio. Compreendemos o estresse que acompanha as mudan\u00e7as internacionais, portanto, fa\u00e7a com que sua transi\u00e7\u00e3o seja o mais tranquila poss\u00edvel.<\/p><h2><strong>Quais s\u00e3o os outros destinos atendidos na Europa?<\/strong><\/h2><p>Al\u00e9m de Fran\u00e7a e Marrocos, a Ptrans-Logistics pode gerir mudan\u00e7as internacionais de e para v\u00e1rios destinos na Europa. Prestamos servi\u00e7os para todas as principais cidades de pa\u00edses como Espanha, It\u00e1lia, Alemanha, \u00c1ustria, Su\u00ed\u00e7a, B\u00e9lgica, Holanda e muito mais. Nossa equipe de profissionais experientes se esfor\u00e7a para oferecer o melhor servi\u00e7o poss\u00edvel a pre\u00e7os competitivos.<\/p><p>Contate-nos hoje e comece seu pr\u00f3ximo movimento com a Ptrans-Logistics! Esperamos ajud\u00e1-lo a transportar as suas mercadorias com seguran\u00e7a entre a Europa e qualquer outro destino no mundo. Solicite um or\u00e7amento gratuito agora!<\/p><p><img decoding=\"async\" width=\"1024\" height=\"704\" src=\"http:\/\/ptrans.fr\/wp-content\/uploads\/2022\/12\/demenagement-europe-maroc-1024x704.png\" alt=\"d&eacute;m&eacute;nagement europe maroc\" loading=\"lazy\" srcset=\"https:\/\/ptrans.fr\/wp-content\/uploads\/2022\/12\/demenagement-europe-maroc-1024x704.png 1024w, https:\/\/ptrans.fr\/wp-content\/uploads\/2022\/12\/demenagement-europe-maroc-300x206.png 300w, https:\/\/ptrans.fr\/wp-content\/uploads\/2022\/12\/demenagement-europe-maroc-768x528.png 768w, https:\/\/ptrans.fr\/wp-content\/uploads\/2022\/12\/demenagement-europe-maroc-1536x1056.png 1536w, https:\/\/ptrans.fr\/wp-content\/uploads\/2022\/12\/demenagement-europe-maroc-800x550.png 800w, https:\/\/ptrans.fr\/wp-content\/uploads\/2022\/12\/demenagement-europe-maroc.png 1600w\" sizes=\"(max-width: 1024px) 100vw, 1024px\"><\/p><p>Para uma forma econ\u00f3mica de transportar os seus pertences pessoais entre Fran\u00e7a e Marrocos, confie na Ptrans-Logistics! Contate-nos hoje para um or\u00e7amento gratuito e comece sua pr\u00f3xima jornada. Estamos ansiosos para ajud\u00e1-lo a se mudar para o exterior!<\/p><h2 style=\"text-align: center;\"><strong>Qual o prazo de entrega?<\/strong><\/h2><p>Na Ptrans-Logistics entendemos que o tempo \u00e9 essencial quando se trata de mudan\u00e7as internacionais. N\u00f3s nos esfor\u00e7amos para entregar suas mercadorias da maneira mais eficiente poss\u00edvel, levando em considera\u00e7\u00e3o considera\u00e7\u00f5es de seguran\u00e7a e custos. O prazo de entrega para remessas entre Fran\u00e7a e Marrocos \u00e9 normalmente de 7 a 14 dias, dependendo do tamanho da remessa e outros fatores. Para mais informa\u00e7\u00f5es sobre prazos de entrega, entre em contato conosco hoje mesmo e obtenha um or\u00e7amento gratuito para sua mudan\u00e7a! Nossa equipe de profissionais est\u00e1 aqui para ajud\u00e1-lo em cada etapa do processo. Deixe-nos tornar seu pr\u00f3ximo passo f\u00e1cil e sem complica\u00e7\u00f5es! Entre em contato conosco agora<\/p><h2><strong>Formalidades aduaneiras<\/strong><\/h2><p>Para tornar a sua mudan\u00e7a internacional o mais tranquila e tranquila poss\u00edvel, \u00e9 importante compreender as formalidades alfandeg\u00e1rias de cada pa\u00eds. Na Ptrans-Logistics oferecemos total suporte em todo o processo e estamos aqui para esclarecer todas as suas d\u00favidas. Tamb\u00e9m podemos ajud\u00e1-lo com formalidades administrativas, como declara\u00e7\u00f5es aduaneiras.<\/p><p><img decoding=\"async\" width=\"1024\" height=\"704\" src=\"http:\/\/ptrans.fr\/wp-content\/uploads\/2022\/12\/formaliees-douane-demenagement-france-maroc-1024x704.png\" alt=\"formali&eacute;es douane d&eacute;m&eacute;nagement france maroc\" loading=\"lazy\" srcset=\"https:\/\/ptrans.fr\/wp-content\/uploads\/2022\/12\/formaliees-douane-demenagement-france-maroc-1024x704.png 1024w, https:\/\/ptrans.fr\/wp-content\/uploads\/2022\/12\/formaliees-douane-demenagement-france-maroc-300x206.png 300w, https:\/\/ptrans.fr\/wp-content\/uploads\/2022\/12\/formaliees-douane-demenagement-france-maroc-768x528.png 768w, https:\/\/ptrans.fr\/wp-content\/uploads\/2022\/12\/formaliees-douane-demenagement-france-maroc-1536x1056.png 1536w, https:\/\/ptrans.fr\/wp-content\/uploads\/2022\/12\/formaliees-douane-demenagement-france-maroc-800x550.png 800w, https:\/\/ptrans.fr\/wp-content\/uploads\/2022\/12\/formaliees-douane-demenagement-france-maroc.png 1600w\" sizes=\"(max-width: 1024px) 100vw, 1024px\"><\/p><p><b>os documentos para fornecer para sua mudan\u00e7a<\/b><\/p><p>Para garantir uma mudan\u00e7a que esteja em conformidade com as leis e regulamentos locais, \u00e9 importante fornecer todos os documentos necess\u00e1rios. Por exemplo, para se mudar da Fran\u00e7a para Marrocos, voc\u00ea precisar\u00e1 de um passaporte ou carteira de identidade francesa. Al\u00e9m disso, poder\u00e1 ser solicitado que voc\u00ea apresente uma lista de invent\u00e1rio, comprovante de resid\u00eancia. Nossa equipe poder\u00e1 lhe fornecer mais informa\u00e7\u00f5es sobre os documentos necess\u00e1rios para sua mudan\u00e7a. Contate-nos hoje!<\/p><p>se precisar de ajuda para se deslocar entre Fran\u00e7a e Marrocos, n\u00e3o hesite em nos contactar. Ficaremos felizes em ajud\u00e1-lo<\/p><link rel=\"stylesheet\" href=\"https:\/\/ptrans.fr\/wp-content\/plugins\/elementor-pro\/assets\/css\/widget-call-to-action.min.css\"><h2>Nossas Tarifas Online<\/h2><p>Consulte nossas tarifas de transporte diretamente online.<br>\n<a href=\"https:\/\/ptrans.fr\/pt\/estimer-le-prix\/\"><br>\nSimulador de pre\u00e7os\t\t\t\t\t<\/a><\/p><h3><strong>Conclus\u00e3o:<\/strong><\/h3><p>Na Ptrans-Logistics, nos esfor\u00e7amos para tornar sua mudan\u00e7a internacional simples e sem estresse. Nossa equipe de profissionais experientes pode lhe fornecer o melhor servi\u00e7o poss\u00edvel a pre\u00e7os competitivos. Entre em contato conosco hoje mesmo e obtenha um or\u00e7amento gratuito para sua mudan\u00e7a! Esperamos ajud\u00e1-lo a viajar com seguran\u00e7a entre Fran\u00e7a e Marrocos ou qualquer outro destino no mundo. Solicite agora um or\u00e7amento e comece a embalar! Deixe-nos ajud\u00e1-lo a tornar seu pr\u00f3ximo passo f\u00e1cil e sem complica\u00e7\u00f5es.<\/p><\/style>","protected":false},"excerpt":{"rendered":"<p>Votre D&eacute;m&eacute;nagement France Maroc Avec Ptrans-logistics ! Vous cherchez un moyen &eacute;conomique de d&eacute;m&eacute;nager vos [&hellip;]<\/p>","protected":false},"author":1,"featured_media":0,"parent":7836,"menu_order":0,"comment_status":"closed","ping_status":"closed","template":"","meta":{"footnotes":""},"yoast_head":"<!-- This site is optimized with the Yoast SEO plugin v22.8 - https:\/\/yoast.com\/wordpress\/plugins\/seo\/ -->\n<title>D\u00e9m\u00e9nagement France Maroc | T\u00e9l : +212 663 23 23 00<\/title>\n<meta name=\"description\" content=\"Vous souhaitez r\u00e9aliser un d\u00e9m\u00e9nagement France Maroc, Ptrans propose offres \u00e9conomique d\u00e9m\u00e9nagement France Maroc\" \/>\n<meta name=\"robots\" content=\"index, follow, max-snippet:-1, max-image-preview:large, max-video-preview:-1\" \/>\n<link rel=\"canonical\" href=\"https:\/\/ptrans.fr\/pt\/maroc-demenagement\/demenagement-france-maroc\/\" \/>\n<meta property=\"og:locale\" content=\"pt_PT\" \/>\n<meta property=\"og:type\" content=\"article\" \/>\n<meta property=\"og:title\" content=\"Ptrans Soci\u00e9t\u00e9 De Transport &amp; D\u00e9m\u00e9nagements International Entre Le Maroc Et Le Reste Du Monde\" \/>\n<meta property=\"og:description\" content=\"Ptrans Soci\u00e9t\u00e9 De Transport &amp; D\u00e9m\u00e9nagements International Entre Le Maroc Et Le Reste Du Monde\" \/>\n<meta property=\"og:url\" content=\"https:\/\/ptrans.fr\/pt\/maroc-demenagement\/demenagement-france-maroc\/\" \/>\n<meta property=\"og:site_name\" content=\"Ptrans Soci\u00e9t\u00e9 De Transport &amp; D\u00e9m\u00e9nagements International Entre Le Maroc Et Le Reste Du Monde\" \/>\n<meta property=\"article:publisher\" content=\"https:\/\/www.facebook.com\/PlogisticsEurope\" \/>\n<meta property=\"article:modified_time\" content=\"2022-12-27T11:23:48+00:00\" \/>\n<meta property=\"og:image\" content=\"http:\/\/ptrans.fr\/wp-content\/uploads\/2022\/12\/demenagement-international-france-maroc-3-1024x635.png\" \/>\n<meta name=\"twitter:label1\" content=\"Tempo estimado de leitura\" \/>\n\t<meta name=\"twitter:data1\" content=\"6 minutos\" \/>\n<script type=\"application\/ld+json\" class=\"yoast-schema-graph\">{\"@context\":\"https:\/\/schema.org\",\"@graph\":[{\"@type\":[\"Article\",\"BlogPosting\"],\"@id\":\"https:\/\/ptrans.fr\/maroc-demenagement\/demenagement-france-maroc\/#article\",\"isPartOf\":{\"@id\":\"https:\/\/ptrans.fr\/maroc-demenagement\/demenagement-france-maroc\/\"},\"author\":{\"name\":\"admin\",\"@id\":\"https:\/\/ptrans.fr\/#\/schema\/person\/3a50d5b251b4df119e3598a32b8ce67c\"},\"headline\":\"d\u00e9m\u00e9nagement france maroc\",\"datePublished\":\"2022-08-06T10:02:15+00:00\",\"dateModified\":\"2022-12-27T11:23:48+00:00\",\"mainEntityOfPage\":{\"@id\":\"https:\/\/ptrans.fr\/maroc-demenagement\/demenagement-france-maroc\/\"},\"wordCount\":1084,\"publisher\":{\"@id\":\"https:\/\/ptrans.fr\/#organization\"},\"image\":{\"@id\":\"https:\/\/ptrans.fr\/maroc-demenagement\/demenagement-france-maroc\/#primaryimage\"},\"thumbnailUrl\":\"http:\/\/ptrans.fr\/wp-content\/uploads\/2022\/12\/demenagement-international-france-maroc-3-1024x635.png\",\"inLanguage\":\"pt-PT\"},{\"@type\":[\"WebPage\",\"AboutPage\"],\"@id\":\"https:\/\/ptrans.fr\/maroc-demenagement\/demenagement-france-maroc\/\",\"url\":\"https:\/\/ptrans.fr\/maroc-demenagement\/demenagement-france-maroc\/\",\"name\":\"D\u00e9m\u00e9nagement France Maroc | T\u00e9l : +212 663 23 23 00\",\"isPartOf\":{\"@id\":\"https:\/\/ptrans.fr\/#website\"},\"primaryImageOfPage\":{\"@id\":\"https:\/\/ptrans.fr\/maroc-demenagement\/demenagement-france-maroc\/#primaryimage\"},\"image\":{\"@id\":\"https:\/\/ptrans.fr\/maroc-demenagement\/demenagement-france-maroc\/#primaryimage\"},\"thumbnailUrl\":\"http:\/\/ptrans.fr\/wp-content\/uploads\/2022\/12\/demenagement-international-france-maroc-3-1024x635.png\",\"datePublished\":\"2022-08-06T10:02:15+00:00\",\"dateModified\":\"2022-12-27T11:23:48+00:00\",\"description\":\"Vous souhaitez r\u00e9aliser un d\u00e9m\u00e9nagement France Maroc, Ptrans propose offres \u00e9conomique d\u00e9m\u00e9nagement France Maroc\",\"breadcrumb\":{\"@id\":\"https:\/\/ptrans.fr\/maroc-demenagement\/demenagement-france-maroc\/#breadcrumb\"},\"inLanguage\":\"pt-PT\",\"potentialAction\":[{\"@type\":\"ReadAction\",\"target\":[\"https:\/\/ptrans.fr\/maroc-demenagement\/demenagement-france-maroc\/\"]}]},{\"@type\":\"ImageObject\",\"inLanguage\":\"pt-PT\",\"@id\":\"https:\/\/ptrans.fr\/maroc-demenagement\/demenagement-france-maroc\/#primaryimage\",\"url\":\"http:\/\/ptrans.fr\/wp-content\/uploads\/2022\/12\/demenagement-international-france-maroc-3-1024x635.png\",\"contentUrl\":\"http:\/\/ptrans.fr\/wp-content\/uploads\/2022\/12\/demenagement-international-france-maroc-3-1024x635.png\"},{\"@type\":\"BreadcrumbList\",\"@id\":\"https:\/\/ptrans.fr\/maroc-demenagement\/demenagement-france-maroc\/#breadcrumb\",\"itemListElement\":[{\"@type\":\"ListItem\",\"position\":1,\"name\":\"maroc d\u00e9m\u00e9nagement\",\"item\":\"https:\/\/ptrans.fr\/maroc-demenagement\/\"},{\"@type\":\"ListItem\",\"position\":2,\"name\":\"d\u00e9m\u00e9nagement france maroc\"}]},{\"@type\":\"WebSite\",\"@id\":\"https:\/\/ptrans.fr\/#website\",\"url\":\"https:\/\/ptrans.fr\/\",\"name\":\"Ptrans Soci\u00e9t\u00e9 De Transport Et D\u00e9m\u00e9nagement International Maroc\",\"description\":\"Ptrans Votre Transporteur &amp; D\u00e9m\u00e9nageur Vers Le Maroc\",\"publisher\":{\"@id\":\"https:\/\/ptrans.fr\/#organization\"},\"alternateName\":\"Ptrans\",\"potentialAction\":[{\"@type\":\"SearchAction\",\"target\":{\"@type\":\"EntryPoint\",\"urlTemplate\":\"https:\/\/ptrans.fr\/?s={search_term_string}\"},\"query-input\":\"required name=search_term_string\"}],\"inLanguage\":\"pt-PT\"},{\"@type\":\"Organization\",\"@id\":\"https:\/\/ptrans.fr\/#organization\",\"name\":\"Ptrans Soci\u00e9t\u00e9 De Transport Et D\u00e9m\u00e9nagements International Entre Le Maroc Et Le Reste Du Monde\",\"url\":\"https:\/\/ptrans.fr\/\",\"logo\":{\"@type\":\"ImageObject\",\"inLanguage\":\"pt-PT\",\"@id\":\"https:\/\/ptrans.fr\/#\/schema\/logo\/image\/\",\"url\":\"http:\/\/ptrans.fr\/wp-content\/uploads\/2022\/08\/P.trans-logi_Plan-de-travail-1.png\",\"contentUrl\":\"http:\/\/ptrans.fr\/wp-content\/uploads\/2022\/08\/P.trans-logi_Plan-de-travail-1.png\",\"width\":2481,\"height\":1076,\"caption\":\"Ptrans Soci\u00e9t\u00e9 De Transport Et D\u00e9m\u00e9nagements International Entre Le Maroc Et Le Reste Du Monde\"},\"image\":{\"@id\":\"https:\/\/ptrans.fr\/#\/schema\/logo\/image\/\"},\"sameAs\":[\"https:\/\/www.facebook.com\/PlogisticsEurope\"]},{\"@type\":\"Person\",\"@id\":\"https:\/\/ptrans.fr\/#\/schema\/person\/3a50d5b251b4df119e3598a32b8ce67c\",\"name\":\"admin\",\"image\":{\"@type\":\"ImageObject\",\"inLanguage\":\"pt-PT\",\"@id\":\"https:\/\/ptrans.fr\/#\/schema\/person\/image\/\",\"url\":\"https:\/\/secure.gravatar.com\/avatar\/f1ed11851bb8c89ef1f06d655ba0bd00?s=96&d=mm&r=g\",\"contentUrl\":\"https:\/\/secure.gravatar.com\/avatar\/f1ed11851bb8c89ef1f06d655ba0bd00?s=96&d=mm&r=g\",\"caption\":\"admin\"},\"url\":\"https:\/\/ptrans.fr\/pt\/author\/admin\/\"}]}<\/script>\n<!-- \/ Yoast SEO plugin. -->","yoast_head_json":{"title":"D\u00e9m\u00e9nagement France Maroc | T\u00e9l : +212 663 23 23 00","description":"Vous souhaitez r\u00e9aliser un d\u00e9m\u00e9nagement France Maroc, Ptrans propose offres \u00e9conomique d\u00e9m\u00e9nagement France Maroc","robots":{"index":"index","follow":"follow","max-snippet":"max-snippet:-1","max-image-preview":"max-image-preview:large","max-video-preview":"max-video-preview:-1"},"canonical":"https:\/\/ptrans.fr\/pt\/maroc-demenagement\/demenagement-france-maroc\/","og_locale":"pt_PT","og_type":"article","og_title":"Ptrans Soci\u00e9t\u00e9 De Transport &amp; D\u00e9m\u00e9nagements International Entre Le Maroc Et Le Reste Du Monde","og_description":"Ptrans Soci\u00e9t\u00e9 De Transport &amp; D\u00e9m\u00e9nagements International Entre Le Maroc Et Le Reste Du Monde","og_url":"https:\/\/ptrans.fr\/pt\/maroc-demenagement\/demenagement-france-maroc\/","og_site_name":"Ptrans Soci\u00e9t\u00e9 De Transport &amp; D\u00e9m\u00e9nagements International Entre Le Maroc Et Le Reste Du Monde","article_publisher":"https:\/\/www.facebook.com\/PlogisticsEurope","article_modified_time":"2022-12-27T11:23:48+00:00","og_image":[{"url":"http:\/\/ptrans.fr\/wp-content\/uploads\/2022\/12\/demenagement-international-france-maroc-3-1024x635.png"}],"twitter_misc":{"Tempo estimado de leitura":"6 minutos"},"schema":{"@context":"https:\/\/schema.org","@graph":[{"@type":["Article","BlogPosting"],"@id":"https:\/\/ptrans.fr\/maroc-demenagement\/demenagement-france-maroc\/#article","isPartOf":{"@id":"https:\/\/ptrans.fr\/maroc-demenagement\/demenagement-france-maroc\/"},"author":{"name":"admin","@id":"https:\/\/ptrans.fr\/#\/schema\/person\/3a50d5b251b4df119e3598a32b8ce67c"},"headline":"d\u00e9m\u00e9nagement france maroc","datePublished":"2022-08-06T10:02:15+00:00","dateModified":"2022-12-27T11:23:48+00:00","mainEntityOfPage":{"@id":"https:\/\/ptrans.fr\/maroc-demenagement\/demenagement-france-maroc\/"},"wordCount":1084,"publisher":{"@id":"https:\/\/ptrans.fr\/#organization"},"image":{"@id":"https:\/\/ptrans.fr\/maroc-demenagement\/demenagement-france-maroc\/#primaryimage"},"thumbnailUrl":"http:\/\/ptrans.fr\/wp-content\/uploads\/2022\/12\/demenagement-international-france-maroc-3-1024x635.png","inLanguage":"pt-PT"},{"@type":["WebPage","AboutPage"],"@id":"https:\/\/ptrans.fr\/maroc-demenagement\/demenagement-france-maroc\/","url":"https:\/\/ptrans.fr\/maroc-demenagement\/demenagement-france-maroc\/","name":"D\u00e9m\u00e9nagement France Maroc | T\u00e9l : +212 663 23 23 00","isPartOf":{"@id":"https:\/\/ptrans.fr\/#website"},"primaryImageOfPage":{"@id":"https:\/\/ptrans.fr\/maroc-demenagement\/demenagement-france-maroc\/#primaryimage"},"image":{"@id":"https:\/\/ptrans.fr\/maroc-demenagement\/demenagement-france-maroc\/#primaryimage"},"thumbnailUrl":"http:\/\/ptrans.fr\/wp-content\/uploads\/2022\/12\/demenagement-international-france-maroc-3-1024x635.png","datePublished":"2022-08-06T10:02:15+00:00","dateModified":"2022-12-27T11:23:48+00:00","description":"Vous souhaitez r\u00e9aliser un d\u00e9m\u00e9nagement France Maroc, Ptrans propose offres \u00e9conomique d\u00e9m\u00e9nagement France Maroc","breadcrumb":{"@id":"https:\/\/ptrans.fr\/maroc-demenagement\/demenagement-france-maroc\/#breadcrumb"},"inLanguage":"pt-PT","potentialAction":[{"@type":"ReadAction","target":["https:\/\/ptrans.fr\/maroc-demenagement\/demenagement-france-maroc\/"]}]},{"@type":"ImageObject","inLanguage":"pt-PT","@id":"https:\/\/ptrans.fr\/maroc-demenagement\/demenagement-france-maroc\/#primaryimage","url":"http:\/\/ptrans.fr\/wp-content\/uploads\/2022\/12\/demenagement-international-france-maroc-3-1024x635.png","contentUrl":"http:\/\/ptrans.fr\/wp-content\/uploads\/2022\/12\/demenagement-international-france-maroc-3-1024x635.png"},{"@type":"BreadcrumbList","@id":"https:\/\/ptrans.fr\/maroc-demenagement\/demenagement-france-maroc\/#breadcrumb","itemListElement":[{"@type":"ListItem","position":1,"name":"maroc d\u00e9m\u00e9nagement","item":"https:\/\/ptrans.fr\/maroc-demenagement\/"},{"@type":"ListItem","position":2,"name":"d\u00e9m\u00e9nagement france maroc"}]},{"@type":"WebSite","@id":"https:\/\/ptrans.fr\/#website","url":"https:\/\/ptrans.fr\/","name":"Ptrans Soci\u00e9t\u00e9 De Transport Et D\u00e9m\u00e9nagement International Maroc","description":"Ptrans Votre Transporteur &amp; D\u00e9m\u00e9nageur Vers Le Maroc","publisher":{"@id":"https:\/\/ptrans.fr\/#organization"},"alternateName":"Ptrans","potentialAction":[{"@type":"SearchAction","target":{"@type":"EntryPoint","urlTemplate":"https:\/\/ptrans.fr\/?s={search_term_string}"},"query-input":"required name=search_term_string"}],"inLanguage":"pt-PT"},{"@type":"Organization","@id":"https:\/\/ptrans.fr\/#organization","name":"Ptrans Soci\u00e9t\u00e9 De Transport Et D\u00e9m\u00e9nagements International Entre Le Maroc Et Le Reste Du Monde","url":"https:\/\/ptrans.fr\/","logo":{"@type":"ImageObject","inLanguage":"pt-PT","@id":"https:\/\/ptrans.fr\/#\/schema\/logo\/image\/","url":"http:\/\/ptrans.fr\/wp-content\/uploads\/2022\/08\/P.trans-logi_Plan-de-travail-1.png","contentUrl":"http:\/\/ptrans.fr\/wp-content\/uploads\/2022\/08\/P.trans-logi_Plan-de-travail-1.png","width":2481,"height":1076,"caption":"Ptrans Soci\u00e9t\u00e9 De Transport Et D\u00e9m\u00e9nagements International Entre Le Maroc Et Le Reste Du Monde"},"image":{"@id":"https:\/\/ptrans.fr\/#\/schema\/logo\/image\/"},"sameAs":["https:\/\/www.facebook.com\/PlogisticsEurope"]},{"@type":"Person","@id":"https:\/\/ptrans.fr\/#\/schema\/person\/3a50d5b251b4df119e3598a32b8ce67c","name":"admin","image":{"@type":"ImageObject","inLanguage":"pt-PT","@id":"https:\/\/ptrans.fr\/#\/schema\/person\/image\/","url":"https:\/\/secure.gravatar.com\/avatar\/f1ed11851bb8c89ef1f06d655ba0bd00?s=96&d=mm&r=g","contentUrl":"https:\/\/secure.gravatar.com\/avatar\/f1ed11851bb8c89ef1f06d655ba0bd00?s=96&d=mm&r=g","caption":"admin"},"url":"https:\/\/ptrans.fr\/pt\/author\/admin\/"}]}},"jetpack_sharing_enabled":true,"jetpack_likes_enabled":true,"_links":{"self":[{"href":"https:\/\/ptrans.fr\/pt\/wp-json\/wp\/v2\/pages\/7494"}],"collection":[{"href":"https:\/\/ptrans.fr\/pt\/wp-json\/wp\/v2\/pages"}],"about":[{"href":"https:\/\/ptrans.fr\/pt\/wp-json\/wp\/v2\/types\/page"}],"author":[{"embeddable":true,"href":"https:\/\/ptrans.fr\/pt\/wp-json\/wp\/v2\/users\/1"}],"replies":[{"embeddable":true,"href":"https:\/\/ptrans.fr\/pt\/wp-json\/wp\/v2\/comments?post=7494"}],"version-history":[{"count":1,"href":"https:\/\/ptrans.fr\/pt\/wp-json\/wp\/v2\/pages\/7494\/revisions"}],"predecessor-version":[{"id":14812,"href":"https:\/\/ptrans.fr\/pt\/wp-json\/wp\/v2\/pages\/7494\/revisions\/14812"}],"up":[{"embeddable":true,"href":"https:\/\/ptrans.fr\/pt\/wp-json\/wp\/v2\/pages\/7836"}],"wp:attachment":[{"href":"https:\/\/ptrans.fr\/pt\/wp-json\/wp\/v2\/media?parent=7494"}],"curies":[{"name":"wp","href":"https:\/\/api.w.org\/{rel}","templated":true}]}}