{"id":7923,"date":"2022-09-04T13:09:59","date_gmt":"2022-09-04T12:09:59","guid":{"rendered":"http:\/\/ptrans.fr\/?page_id=7923"},"modified":"2022-09-20T01:09:52","modified_gmt":"2022-09-20T00:09:52","slug":"societe-de-demenagement-international-marrakech-maroc","status":"publish","type":"page","link":"https:\/\/ptrans.fr\/pt\/maroc-demenagement\/societe-de-demenagement-international-marrakech-maroc\/","title":{"rendered":"<p>Soci&eacute;t&eacute; De D&eacute;m&eacute;nagement International Marrakech Maroc<\/p>"},"content":{"rendered":"<section class=\"wpb-content-wrapper\"><div class=\"vc_row wpb_row vc_row-fluid\"><div class=\"wpb_column vc_column_container vc_col-sm-12\"><div class=\"vc_column-inner\"><div class=\"wpb_wrapper\">[rev_slider slidertitle=&nbsp;&raquo;soci&eacute;t&eacute; d&eacute;m&eacute;nagement international Marrakech&nbsp;&raquo; alias=&nbsp;&raquo;societe-demenagement-casablanca-1&Prime;]<div class=\"vc_empty_space\" style=\"height: 20px\"><span class=\"vc_empty_space_inner\"><\/span><\/div><header class=\"kd-section-title col-lg-12 text-center  kd-animated fadeInUp\" data-animation-delay=\"400\"><h5 class=\"separator_off\" style=\"color: #1f75c1;\">Tout Savoir Sur Votre D&eacute;m&eacute;nagement &agrave; Marrakech<\/h5><\/header>\n\t<div class=\"wpb_text_column wpb_content_element\">\n\t\t<div class=\"wpb_wrapper\">\n\t\t\t<p>Si vous d&eacute;m&eacute;nagez &agrave; Marrakech, ou si vous avez besoin de transporter des biens, Ptrans est votre soci&eacute;t&eacute; de d&eacute;m&eacute;nagement international &agrave; Marrakech. Et nous offrons des services complets et professionnels pour r&eacute;pondre &agrave; tous vos besoins en mati&egrave;re de d&eacute;m&eacute;nagement. Que ce soit pour un d&eacute;m&eacute;nagement local ou international, nous avons l&rsquo;expertise et les ressources n&eacute;cessaires pour faire du processus une exp&eacute;rience agr&eacute;able et sans stress.<\/p>\n<p>Contactez-nous d&egrave;s aujourd&rsquo;hui pour en savoir plus sur nos services et comment nous pouvons vous aider &agrave; d&eacute;m&eacute;nager dans la ville rouge.<\/p>\n\n\t\t<\/div>\n\t<\/div>\n<div class=\"vc_empty_space\" style=\"height: 32px\"><span class=\"vc_empty_space_inner\"><\/span><\/div><div class=\"vc_btn3-container vc_btn3-center\"><a class=\"vc_general vc_btn3 vc_btn3-size-md vc_btn3-shape-rounded vc_btn3-style-modern vc_btn3-color-primary\" href=\"https:\/\/ptrans.fr\/pt\/estimer-le-prix\/\" title=\"Consulter Nos Tarifs En Ligne\">Consulter Nos Tarifs En Ligne<\/a><\/div><div class=\"vc_empty_space\" style=\"height: 32px\"><span class=\"vc_empty_space_inner\"><\/span><\/div><\/div><\/div><\/div><\/div><div class=\"vc_row wpb_row vc_row-fluid\"><div class=\"wpb_column vc_column_container vc_col-sm-12\"><div class=\"vc_column-inner\"><div class=\"wpb_wrapper\">\n\t<div class=\"wpb_text_column wpb_content_element\">\n\t\t<div class=\"wpb_wrapper\">\n\t\t\t<h5><span style=\"color: #333399;\">Pourquoi choisir Ptrans soci&eacute;t&eacute; d&eacute;m&eacute;nagement international marrakech ?<\/span><\/h5>\n<p>Nous avons plusieurs ann&eacute;es d&rsquo;exp&eacute;rience dans le d&eacute;m&eacute;nagement international et nous savons ce qui est important pour nos clients. La satisfaction de nos clients est notre priorit&eacute; absolue et nous ferons tout notre possible pour que votre d&eacute;m&eacute;nagement se passe bien.<\/p>\n<p>Nous mettons &agrave; votre disposition une &eacute;quipe qualifi&eacute;e et professionnelle pour r&eacute;aliser votre d&eacute;m&eacute;nagement en toute s&eacute;curit&eacute;. Nos &eacute;quipes sont exp&eacute;riment&eacute;es et sauront comment g&eacute;rer toutes les situations possibles. De plus, nous disposons d&rsquo;un large r&eacute;seau de partenaires internationaux pour vous aider &agrave; d&eacute;m&eacute;nager dans le monde entier.<\/p>\n<p>En choisissant Ptrans, vous b&eacute;n&eacute;ficierez d&rsquo;un service de qualit&eacute; et personnalis&eacute;. Nous serons &agrave; votre disposition tout au long du processus de d&eacute;m&eacute;nagement et nous ferons tout notre possible pour que votre exp&eacute;rience soit la meilleure possible. Contactez-nous d&egrave;s maintenant pour en savoir plus! Soci&eacute;t&eacute; d&eacute;m&eacute;nagement international marrakech .Ptrans est une soci&eacute;t&eacute; sp&eacute;cialis&eacute;e dans le d&eacute;m&eacute;nagement international &agrave; Marrakech. Nous mettons &agrave; votre disposition une &eacute;quipe exp&eacute;riment&eacute;e et professionnelle pour r&eacute;aliser votre d&eacute;m&eacute;nagement en toute s&eacute;curit&eacute;. Soci&eacute;t&eacute; d&eacute;m&eacute;nagement international marrakech .Ptrans est une soci&eacute;t&eacute; sp&eacute;cialis&eacute;e dans le d&eacute;m&eacute;nagement international &agrave; Marrakech. Nous mettons &agrave; votre disposition une &eacute;quipe exp&eacute;riment&eacute;e et professionnelle pour r&eacute;aliser votre d&eacute;m&eacute;nagement en toute s&eacute;curit&eacute;.<\/p>\n<h5><span style=\"color: #333399;\">Combien co&ucirc;te un d&eacute;m&eacute;nagement international vers Marrakech Maroc ?<\/span><\/h5>\n<p>Le co&ucirc;t d&rsquo;un d&eacute;m&eacute;nagement international vers Marrakech d&eacute;pendra de plusieurs facteurs, notamment la taille de votre maison, le nombre d&rsquo;effets personnels que vous avez &agrave; d&eacute;m&eacute;nager, et aussi la distance entre vos adresses. En plus notre &eacute;quipe vous aider &agrave; obtenir un devis personnalis&eacute; en fonction de vos besoins sp&eacute;cifiques.<\/p>\n<p>D&rsquo;ailleurs, Ptrans peut &eacute;galement offrir des forfaits de d&eacute;m&eacute;nagement tout compris, qui incluent l&rsquo;emballage et le chargement de vos effets personnels, le transport jusqu&rsquo;&agrave; votre nouvelle maison &agrave; Marrakech.<\/p>\n<p>&nbsp;<\/p>\n<h5><span style=\"color: #333399;\">Quelles sont les &eacute;tapes d&rsquo;un d&eacute;m&eacute;nagement international ?<\/span><\/h5>\n<p>En conclusion,d&eacute;m&eacute;nager &agrave; l&rsquo;international peut &ecirc;tre un processus long et compliqu&eacute;, mais nous sommes l&agrave; pour vous aider &agrave; chaque &eacute;tape du processus.<\/p>\n<p>Voici les &eacute;tapes que nous suivrons pour d&eacute;m&eacute;nager votre maison &agrave; Marrakech :<\/p>\n<p>&ndash; Pr&eacute;parer les documents n&eacute;cessaires pour le d&eacute;m&eacute;nagement<\/p>\n<p>&ndash; Emballer vos effets personnels et les charger dans le camion<\/p>\n<p>&ndash; Transporter vos effets personnels jusqu&rsquo;&agrave; votre nouvelle maison &agrave; Marrakech<\/p>\n<p>&ndash; Installer vos meubles et appareils dans votre nouvelle maison<\/p>\n<p>Nous sommes exp&eacute;riment&eacute;s dans le d&eacute;m&eacute;nagement international, et nous pouvons vous aider &agrave; chaque &eacute;tape du processus.<br>\nContactez-nous d&egrave;s aujourd&rsquo;hui pour en savoir plus sur nos services de d&eacute;m&eacute;nagement international.<\/p>\n<p><strong>Liens Utiles :<\/strong><\/p>\n<p><a href=\"https:\/\/www.douane.gov.ma\/c\/journal\/view_article_content?groupId=16&amp;articleId=51941&amp;version=1.0&amp;iframe=true&amp;width=900&amp;height=550#:~:text=1)%20Accomplissement%20des%20formalit%C3%A9s%20douani%C3%A8res,d%C3%A9claration%20en%20d%C3%A9tail%20(DUM).\">Documents &agrave; fournir pour la douane marocaine<\/a><\/p>\n<p><a href=\"https:\/\/ptrans.fr\/pt\/estimer-le-prix\/\">Consulter nos tarifs de d&eacute;m&eacute;nagement<\/a><\/p>\n\n\t\t<\/div>\n\t<\/div>\n<\/div><\/div><\/div><\/div><div class=\"vc_row wpb_row vc_row-fluid\"><div class=\"wpb_column vc_column_container vc_col-sm-12\"><div class=\"vc_column-inner\"><div class=\"wpb_wrapper\">\n\t<div class=\"wpb_text_column wpb_content_element\">\n\t\t<div class=\"wpb_wrapper\">\n\t\t\t\n\t\t<\/div>\n\t<\/div>\n<\/div><\/div><\/div><\/div>\n<\/section>","protected":false},"excerpt":{"rendered":"<p>[rev_slider slidertitle=\"soci&eacute;t&eacute; d&eacute;m&eacute;nagement international Marrakech\" alias=\"societe-demenagement-casablanca-1\"]Tout Savoir Sur Votre D&eacute;m&eacute;nagement &agrave; Marrakech Si vous d&eacute;m&eacute;nagez [...]<\/p>","protected":false},"author":1,"featured_media":0,"parent":7836,"menu_order":0,"comment_status":"closed","ping_status":"closed","template":"","meta":{"footnotes":""},"yoast_head":"<!-- This site is optimized with the Yoast SEO plugin v22.8 - https:\/\/yoast.com\/wordpress\/plugins\/seo\/ -->\n<title>Ptrans | Soci\u00e9t\u00e9 D\u00e9m\u00e9nagement International Marrakech<\/title>\n<meta name=\"description\" content=\"Besoin d&#039;une soci\u00e9t\u00e9 de d\u00e9m\u00e9nagement international \u00e0 Marrakech ? Retrouvez tous les services de ptrans pour un d\u00e9m\u00e9nagement r\u00e9ussi !\" \/>\n<meta name=\"robots\" content=\"index, follow, max-snippet:-1, max-image-preview:large, max-video-preview:-1\" \/>\n<link rel=\"canonical\" href=\"https:\/\/ptrans.fr\/pt\/maroc-demenagement\/societe-de-demenagement-international-marrakech-maroc\/\" \/>\n<meta property=\"og:locale\" content=\"pt_PT\" \/>\n<meta property=\"og:type\" content=\"article\" \/>\n<meta property=\"og:title\" content=\"Ptrans | Soci\u00e9t\u00e9 D\u00e9m\u00e9nagement International Marrakech\" \/>\n<meta property=\"og:description\" content=\"Besoin d&#039;une soci\u00e9t\u00e9 de d\u00e9m\u00e9nagement international \u00e0 Marrakech ? Retrouvez tous les services de ptrans pour un d\u00e9m\u00e9nagement r\u00e9ussi !\" \/>\n<meta property=\"og:url\" content=\"https:\/\/ptrans.fr\/pt\/maroc-demenagement\/societe-de-demenagement-international-marrakech-maroc\/\" \/>\n<meta property=\"og:site_name\" content=\"Ptrans Soci\u00e9t\u00e9 De Transport &amp; D\u00e9m\u00e9nagements International Entre Le Maroc Et Le Reste Du Monde\" \/>\n<meta property=\"article:publisher\" content=\"https:\/\/www.facebook.com\/PlogisticsEurope\" \/>\n<meta property=\"article:modified_time\" content=\"2022-09-20T00:09:52+00:00\" \/>\n<meta property=\"og:image\" content=\"https:\/\/ptrans.fr\/wp-content\/uploads\/2022\/09\/societe-demenagement-international-oujda.jpg\" \/>\n\t<meta property=\"og:image:width\" content=\"1160\" \/>\n\t<meta property=\"og:image:height\" content=\"870\" \/>\n\t<meta property=\"og:image:type\" content=\"image\/jpeg\" \/>\n<meta name=\"twitter:label1\" content=\"Tempo estimado de leitura\" \/>\n\t<meta name=\"twitter:data1\" content=\"3 minutos\" \/>\n<script type=\"application\/ld+json\" class=\"yoast-schema-graph\">{\"@context\":\"https:\/\/schema.org\",\"@graph\":[{\"@type\":\"Article\",\"@id\":\"https:\/\/ptrans.fr\/maroc-demenagement\/societe-de-demenagement-international-marrakech-maroc\/#article\",\"isPartOf\":{\"@id\":\"https:\/\/ptrans.fr\/maroc-demenagement\/societe-de-demenagement-international-marrakech-maroc\/\"},\"author\":{\"name\":\"admin\",\"@id\":\"https:\/\/ptrans.fr\/#\/schema\/person\/3a50d5b251b4df119e3598a32b8ce67c\"},\"headline\":\"Soci\u00e9t\u00e9 De D\u00e9m\u00e9nagement International Marrakech Maroc\",\"datePublished\":\"2022-09-04T12:09:59+00:00\",\"dateModified\":\"2022-09-20T00:09:52+00:00\",\"mainEntityOfPage\":{\"@id\":\"https:\/\/ptrans.fr\/maroc-demenagement\/societe-de-demenagement-international-marrakech-maroc\/\"},\"wordCount\":738,\"publisher\":{\"@id\":\"https:\/\/ptrans.fr\/#organization\"},\"inLanguage\":\"pt-PT\"},{\"@type\":\"WebPage\",\"@id\":\"https:\/\/ptrans.fr\/maroc-demenagement\/societe-de-demenagement-international-marrakech-maroc\/\",\"url\":\"https:\/\/ptrans.fr\/maroc-demenagement\/societe-de-demenagement-international-marrakech-maroc\/\",\"name\":\"Ptrans | Soci\u00e9t\u00e9 D\u00e9m\u00e9nagement International Marrakech\",\"isPartOf\":{\"@id\":\"https:\/\/ptrans.fr\/#website\"},\"datePublished\":\"2022-09-04T12:09:59+00:00\",\"dateModified\":\"2022-09-20T00:09:52+00:00\",\"description\":\"Besoin d'une soci\u00e9t\u00e9 de d\u00e9m\u00e9nagement international \u00e0 Marrakech ? Retrouvez tous les services de ptrans pour un d\u00e9m\u00e9nagement r\u00e9ussi !\",\"breadcrumb\":{\"@id\":\"https:\/\/ptrans.fr\/maroc-demenagement\/societe-de-demenagement-international-marrakech-maroc\/#breadcrumb\"},\"inLanguage\":\"pt-PT\",\"potentialAction\":[{\"@type\":\"ReadAction\",\"target\":[\"https:\/\/ptrans.fr\/maroc-demenagement\/societe-de-demenagement-international-marrakech-maroc\/\"]}]},{\"@type\":\"BreadcrumbList\",\"@id\":\"https:\/\/ptrans.fr\/maroc-demenagement\/societe-de-demenagement-international-marrakech-maroc\/#breadcrumb\",\"itemListElement\":[{\"@type\":\"ListItem\",\"position\":1,\"name\":\"maroc d\u00e9m\u00e9nagement\",\"item\":\"https:\/\/ptrans.fr\/maroc-demenagement\/\"},{\"@type\":\"ListItem\",\"position\":2,\"name\":\"Soci\u00e9t\u00e9 De D\u00e9m\u00e9nagement International Marrakech Maroc\"}]},{\"@type\":\"WebSite\",\"@id\":\"https:\/\/ptrans.fr\/#website\",\"url\":\"https:\/\/ptrans.fr\/\",\"name\":\"Ptrans Soci\u00e9t\u00e9 De Transport Et D\u00e9m\u00e9nagement International Maroc\",\"description\":\"Ptrans Votre Transporteur &amp; D\u00e9m\u00e9nageur Vers Le Maroc\",\"publisher\":{\"@id\":\"https:\/\/ptrans.fr\/#organization\"},\"alternateName\":\"Ptrans\",\"potentialAction\":[{\"@type\":\"SearchAction\",\"target\":{\"@type\":\"EntryPoint\",\"urlTemplate\":\"https:\/\/ptrans.fr\/?s={search_term_string}\"},\"query-input\":\"required name=search_term_string\"}],\"inLanguage\":\"pt-PT\"},{\"@type\":\"Organization\",\"@id\":\"https:\/\/ptrans.fr\/#organization\",\"name\":\"Ptrans Soci\u00e9t\u00e9 De Transport Et D\u00e9m\u00e9nagements International Entre Le Maroc Et Le Reste Du Monde\",\"url\":\"https:\/\/ptrans.fr\/\",\"logo\":{\"@type\":\"ImageObject\",\"inLanguage\":\"pt-PT\",\"@id\":\"https:\/\/ptrans.fr\/#\/schema\/logo\/image\/\",\"url\":\"http:\/\/ptrans.fr\/wp-content\/uploads\/2022\/08\/P.trans-logi_Plan-de-travail-1.png\",\"contentUrl\":\"http:\/\/ptrans.fr\/wp-content\/uploads\/2022\/08\/P.trans-logi_Plan-de-travail-1.png\",\"width\":2481,\"height\":1076,\"caption\":\"Ptrans Soci\u00e9t\u00e9 De Transport Et D\u00e9m\u00e9nagements International Entre Le Maroc Et Le Reste Du Monde\"},\"image\":{\"@id\":\"https:\/\/ptrans.fr\/#\/schema\/logo\/image\/\"},\"sameAs\":[\"https:\/\/www.facebook.com\/PlogisticsEurope\"]},{\"@type\":\"Person\",\"@id\":\"https:\/\/ptrans.fr\/#\/schema\/person\/3a50d5b251b4df119e3598a32b8ce67c\",\"name\":\"admin\",\"image\":{\"@type\":\"ImageObject\",\"inLanguage\":\"pt-PT\",\"@id\":\"https:\/\/ptrans.fr\/#\/schema\/person\/image\/\",\"url\":\"https:\/\/secure.gravatar.com\/avatar\/f1ed11851bb8c89ef1f06d655ba0bd00?s=96&d=mm&r=g\",\"contentUrl\":\"https:\/\/secure.gravatar.com\/avatar\/f1ed11851bb8c89ef1f06d655ba0bd00?s=96&d=mm&r=g\",\"caption\":\"admin\"},\"url\":\"https:\/\/ptrans.fr\/pt\/author\/admin\/\"}]}<\/script>\n<!-- \/ Yoast SEO plugin. -->","yoast_head_json":{"title":"Ptrans | Soci\u00e9t\u00e9 D\u00e9m\u00e9nagement International Marrakech","description":"Besoin d'une soci\u00e9t\u00e9 de d\u00e9m\u00e9nagement international \u00e0 Marrakech ? Retrouvez tous les services de ptrans pour un d\u00e9m\u00e9nagement r\u00e9ussi !","robots":{"index":"index","follow":"follow","max-snippet":"max-snippet:-1","max-image-preview":"max-image-preview:large","max-video-preview":"max-video-preview:-1"},"canonical":"https:\/\/ptrans.fr\/pt\/maroc-demenagement\/societe-de-demenagement-international-marrakech-maroc\/","og_locale":"pt_PT","og_type":"article","og_title":"Ptrans | Soci\u00e9t\u00e9 D\u00e9m\u00e9nagement International Marrakech","og_description":"Besoin d'une soci\u00e9t\u00e9 de d\u00e9m\u00e9nagement international \u00e0 Marrakech ? Retrouvez tous les services de ptrans pour un d\u00e9m\u00e9nagement r\u00e9ussi !","og_url":"https:\/\/ptrans.fr\/pt\/maroc-demenagement\/societe-de-demenagement-international-marrakech-maroc\/","og_site_name":"Ptrans Soci\u00e9t\u00e9 De Transport &amp; D\u00e9m\u00e9nagements International Entre Le Maroc Et Le Reste Du Monde","article_publisher":"https:\/\/www.facebook.com\/PlogisticsEurope","article_modified_time":"2022-09-20T00:09:52+00:00","og_image":[{"width":1160,"height":870,"url":"https:\/\/ptrans.fr\/wp-content\/uploads\/2022\/09\/societe-demenagement-international-oujda.jpg","type":"image\/jpeg"}],"twitter_misc":{"Tempo estimado de leitura":"3 minutos"},"schema":{"@context":"https:\/\/schema.org","@graph":[{"@type":"Article","@id":"https:\/\/ptrans.fr\/maroc-demenagement\/societe-de-demenagement-international-marrakech-maroc\/#article","isPartOf":{"@id":"https:\/\/ptrans.fr\/maroc-demenagement\/societe-de-demenagement-international-marrakech-maroc\/"},"author":{"name":"admin","@id":"https:\/\/ptrans.fr\/#\/schema\/person\/3a50d5b251b4df119e3598a32b8ce67c"},"headline":"Soci\u00e9t\u00e9 De D\u00e9m\u00e9nagement International Marrakech Maroc","datePublished":"2022-09-04T12:09:59+00:00","dateModified":"2022-09-20T00:09:52+00:00","mainEntityOfPage":{"@id":"https:\/\/ptrans.fr\/maroc-demenagement\/societe-de-demenagement-international-marrakech-maroc\/"},"wordCount":738,"publisher":{"@id":"https:\/\/ptrans.fr\/#organization"},"inLanguage":"pt-PT"},{"@type":"WebPage","@id":"https:\/\/ptrans.fr\/maroc-demenagement\/societe-de-demenagement-international-marrakech-maroc\/","url":"https:\/\/ptrans.fr\/maroc-demenagement\/societe-de-demenagement-international-marrakech-maroc\/","name":"Ptrans | Soci\u00e9t\u00e9 D\u00e9m\u00e9nagement International Marrakech","isPartOf":{"@id":"https:\/\/ptrans.fr\/#website"},"datePublished":"2022-09-04T12:09:59+00:00","dateModified":"2022-09-20T00:09:52+00:00","description":"Besoin d'une soci\u00e9t\u00e9 de d\u00e9m\u00e9nagement international \u00e0 Marrakech ? Retrouvez tous les services de ptrans pour un d\u00e9m\u00e9nagement r\u00e9ussi !","breadcrumb":{"@id":"https:\/\/ptrans.fr\/maroc-demenagement\/societe-de-demenagement-international-marrakech-maroc\/#breadcrumb"},"inLanguage":"pt-PT","potentialAction":[{"@type":"ReadAction","target":["https:\/\/ptrans.fr\/maroc-demenagement\/societe-de-demenagement-international-marrakech-maroc\/"]}]},{"@type":"BreadcrumbList","@id":"https:\/\/ptrans.fr\/maroc-demenagement\/societe-de-demenagement-international-marrakech-maroc\/#breadcrumb","itemListElement":[{"@type":"ListItem","position":1,"name":"maroc d\u00e9m\u00e9nagement","item":"https:\/\/ptrans.fr\/maroc-demenagement\/"},{"@type":"ListItem","position":2,"name":"Soci\u00e9t\u00e9 De D\u00e9m\u00e9nagement International Marrakech Maroc"}]},{"@type":"WebSite","@id":"https:\/\/ptrans.fr\/#website","url":"https:\/\/ptrans.fr\/","name":"Ptrans Soci\u00e9t\u00e9 De Transport Et D\u00e9m\u00e9nagement International Maroc","description":"Ptrans Votre Transporteur &amp; D\u00e9m\u00e9nageur Vers Le Maroc","publisher":{"@id":"https:\/\/ptrans.fr\/#organization"},"alternateName":"Ptrans","potentialAction":[{"@type":"SearchAction","target":{"@type":"EntryPoint","urlTemplate":"https:\/\/ptrans.fr\/?s={search_term_string}"},"query-input":"required name=search_term_string"}],"inLanguage":"pt-PT"},{"@type":"Organization","@id":"https:\/\/ptrans.fr\/#organization","name":"Ptrans Soci\u00e9t\u00e9 De Transport Et D\u00e9m\u00e9nagements International Entre Le Maroc Et Le Reste Du Monde","url":"https:\/\/ptrans.fr\/","logo":{"@type":"ImageObject","inLanguage":"pt-PT","@id":"https:\/\/ptrans.fr\/#\/schema\/logo\/image\/","url":"http:\/\/ptrans.fr\/wp-content\/uploads\/2022\/08\/P.trans-logi_Plan-de-travail-1.png","contentUrl":"http:\/\/ptrans.fr\/wp-content\/uploads\/2022\/08\/P.trans-logi_Plan-de-travail-1.png","width":2481,"height":1076,"caption":"Ptrans Soci\u00e9t\u00e9 De Transport Et D\u00e9m\u00e9nagements International Entre Le Maroc Et Le Reste Du Monde"},"image":{"@id":"https:\/\/ptrans.fr\/#\/schema\/logo\/image\/"},"sameAs":["https:\/\/www.facebook.com\/PlogisticsEurope"]},{"@type":"Person","@id":"https:\/\/ptrans.fr\/#\/schema\/person\/3a50d5b251b4df119e3598a32b8ce67c","name":"admin","image":{"@type":"ImageObject","inLanguage":"pt-PT","@id":"https:\/\/ptrans.fr\/#\/schema\/person\/image\/","url":"https:\/\/secure.gravatar.com\/avatar\/f1ed11851bb8c89ef1f06d655ba0bd00?s=96&d=mm&r=g","contentUrl":"https:\/\/secure.gravatar.com\/avatar\/f1ed11851bb8c89ef1f06d655ba0bd00?s=96&d=mm&r=g","caption":"admin"},"url":"https:\/\/ptrans.fr\/pt\/author\/admin\/"}]}},"jetpack_sharing_enabled":true,"jetpack_likes_enabled":true,"_links":{"self":[{"href":"https:\/\/ptrans.fr\/pt\/wp-json\/wp\/v2\/pages\/7923"}],"collection":[{"href":"https:\/\/ptrans.fr\/pt\/wp-json\/wp\/v2\/pages"}],"about":[{"href":"https:\/\/ptrans.fr\/pt\/wp-json\/wp\/v2\/types\/page"}],"author":[{"embeddable":true,"href":"https:\/\/ptrans.fr\/pt\/wp-json\/wp\/v2\/users\/1"}],"replies":[{"embeddable":true,"href":"https:\/\/ptrans.fr\/pt\/wp-json\/wp\/v2\/comments?post=7923"}],"version-history":[{"count":0,"href":"https:\/\/ptrans.fr\/pt\/wp-json\/wp\/v2\/pages\/7923\/revisions"}],"up":[{"embeddable":true,"href":"https:\/\/ptrans.fr\/pt\/wp-json\/wp\/v2\/pages\/7836"}],"wp:attachment":[{"href":"https:\/\/ptrans.fr\/pt\/wp-json\/wp\/v2\/media?parent=7923"}],"curies":[{"name":"wp","href":"https:\/\/api.w.org\/{rel}","templated":true}]}}