{"id":7926,"date":"2022-09-04T13:10:51","date_gmt":"2022-09-04T12:10:51","guid":{"rendered":"http:\/\/ptrans.fr\/?page_id=7926"},"modified":"2022-09-21T02:22:51","modified_gmt":"2022-09-21T01:22:51","slug":"societe-de-demenagement-international-tanger-maroc","status":"publish","type":"page","link":"https:\/\/ptrans.fr\/pt\/maroc-demenagement\/societe-de-demenagement-international-tanger-maroc\/","title":{"rendered":"<p>Soci&eacute;t&eacute; De D&eacute;m&eacute;nagement International Tanger Maroc<\/p>"},"content":{"rendered":"<section class=\"wpb-content-wrapper\"><div class=\"vc_row wpb_row vc_row-fluid\"><div class=\"wpb_column vc_column_container vc_col-sm-12\"><div class=\"vc_column-inner\"><div class=\"wpb_wrapper\">[rev_slider slidertitle=&nbsp;&raquo;soci&eacute;t&eacute; d&eacute;m&eacute;nagement international tanger&nbsp;&raquo; alias=&nbsp;&raquo;societe-demenagement-el-jadida-maroc-1&Prime;]<\/div><\/div><\/div><\/div><div class=\"vc_row wpb_row vc_row-fluid\"><div class=\"wpb_column vc_column_container vc_col-sm-6\"><div class=\"vc_column-inner\"><div class=\"wpb_wrapper\"><div class=\"vc_empty_space\" style=\"height: 32px\"><span class=\"vc_empty_space_inner\"><\/span><\/div>\n\t<div class=\"wpb_text_column wpb_content_element\">\n\t\t<div class=\"wpb_wrapper\">\n\t\t\t<p>ptrans est une soci&eacute;t&eacute; de d&eacute;m&eacute;nagement international qui propose des services professionnels et efficaces depuis Tanger. Que vous soyez particuliers ou professionnels, nous mettons &agrave; votre disposition notre savoir-faire pour vous accompagner dans toutes les &eacute;tapes de votre d&eacute;m&eacute;nagement. N&rsquo;h&eacute;sitez pas &agrave; nous contacter pour en savoir plus sur nos prestations !<\/p>\n\n\t\t<\/div>\n\t<\/div>\n<div class=\"vc_btn3-container vc_btn3-center\"><a class=\"vc_general vc_btn3 vc_btn3-size-md vc_btn3-shape-rounded vc_btn3-style-modern vc_btn3-color-primary\" href=\"https:\/\/ptrans.fr\/pt\/estimer-le-prix\/\" title=\"estimar o pre\u00e7o\">Nossas Tarifas Online<\/a><\/div><div class=\"vc_empty_space\" style=\"height: 16px\"><span class=\"vc_empty_space_inner\"><\/span><\/div>\n\t<div class=\"wpb_text_column wpb_content_element\">\n\t\t<div class=\"wpb_wrapper\">\n\t\t\t<h5><span style=\"color: #333399;\">Comment d&eacute;m&eacute;nager &agrave; Tanger ?<\/span><\/h5>\n<p>Pour d&eacute;m&eacute;nager &agrave; Tanger, il existe plusieurs solutions. La premi&egrave;re consiste &agrave; le faire vous-m&ecirc;me. Cela peut &ecirc;tre une option int&eacute;ressante si vous avez le temps et les moyens de vous y prendre. Toutefois, il est souvent plus judicieux de faire appel &agrave; une soci&eacute;t&eacute; de d&eacute;m&eacute;nagement professionnelle comme ptrans. En effet, nous disposons du personnel qualifi&eacute; et des &eacute;quipements n&eacute;cessaires pour effectuer votre d&eacute;m&eacute;nagement dans les meilleures conditions possibles.<\/p>\n<p>De plus, nous pouvons vous aider &agrave; toutes les &eacute;tapes de votre d&eacute;m&eacute;nagement, du transport des meubles et des effets personnels au montage\/d&eacute;montage des meubles. N&rsquo;h&eacute;sitez pas &agrave; nous contacter pour en savoir plus sur nos services !<\/p>\n<p>&nbsp;<\/p>\n<h5><span style=\"color: #333399;\">Pourquoi choisir ptrans ?<\/span><\/h5>\n<p>&nbsp;<\/p>\n<p>Chez ptrans, soci&eacute;t&eacute; de d&eacute;m&eacute;nagement international &agrave; Tanger, nous mettons tout en oeuvre pour que votre d&eacute;m&eacute;nagement se passe dans les meilleures conditions possibles. Voici quelques raisons pour lesquelles vous devriez nous choisir :<\/p>\n<p>&ndash; Notre compagnie a du personnel qualifi&eacute; et des &eacute;quipements n&eacute;cessaires pour effectuer votre d&eacute;m&eacute;nagement dans les meilleures conditions possibles.<\/p>\n<p>&ndash; Ptrans vous aider &agrave; toutes les &eacute;tapes de votre d&eacute;m&eacute;nagement, du transport des meubles et des effets personnels au montage\/d&eacute;montage des meubles.<\/p>\n<p>&ndash; Nous proposons un service personnalis&eacute; afin de mieux r&eacute;pondre &agrave; vos besoins.<\/p>\n<p>N&rsquo;h&eacute;sitez pas &agrave; nous contacter pour en savoir plus sur nos services !<\/p>\n<h6>Comment nous contacter ?<\/h6>\n<p>Pour toute demande de renseignement ou de devis, vous pouvez nous contacter au +212 (0) 663232300 ou par email &agrave; l&rsquo;adresse suivante : infos@ptrans.fr. Nous serons ravis de vous aider dans toutes les &eacute;tapes de votre d&eacute;m&eacute;nagement !<\/p>\n<p><a href=\"http:\/\/ptrans.fr\/wp-content\/uploads\/2022\/09\/societe-demenagement-international-tanger.jpg\"><img loading=\"lazy\" decoding=\"async\" class=\"aligncenter wp-image-8229 size-large\" src=\"http:\/\/ptrans.fr\/wp-content\/uploads\/2022\/09\/societe-demenagement-international-tanger-1024x576.jpg\" alt=\"soci&eacute;t&eacute; d&eacute;m&eacute;nagement international tanger prix tarifs douane\" width=\"1024\" height=\"576\" srcset=\"https:\/\/ptrans.fr\/wp-content\/uploads\/2022\/09\/societe-demenagement-international-tanger-1024x576.jpg 1024w, https:\/\/ptrans.fr\/wp-content\/uploads\/2022\/09\/societe-demenagement-international-tanger-300x169.jpg 300w, https:\/\/ptrans.fr\/wp-content\/uploads\/2022\/09\/societe-demenagement-international-tanger-768x432.jpg 768w, https:\/\/ptrans.fr\/wp-content\/uploads\/2022\/09\/societe-demenagement-international-tanger-800x450.jpg 800w, https:\/\/ptrans.fr\/wp-content\/uploads\/2022\/09\/societe-demenagement-international-tanger.jpg 1366w\" sizes=\"(max-width: 1024px) 100vw, 1024px\"><\/a><\/p>\n\n\t\t<\/div>\n\t<\/div>\n\n\t<div class=\"wpb_text_column wpb_content_element\">\n\t\t<div class=\"wpb_wrapper\">\n\t\t\t<h5><span style=\"color: #333399;\">Les formalit&eacute;s pour d&eacute;m&eacute;nager &agrave; Tanger<\/span><\/h5>\n<p>Pour d&eacute;m&eacute;nager &agrave; Tanger, il y a quelques formalit&eacute;s &agrave; accomplir. En effet, vous devez vous renseigner aupr&egrave;s de l&rsquo;ambassade ou du consulat de votre pays pour conna&icirc;tre les documents n&eacute;cessaires. Vous devrez &eacute;galement demander un visa si vous ne disposez pas d&rsquo;un passeport valide.<\/p>\n<p>Une fois que vous aurez tous les documents n&eacute;cessaires, attestation de changement de r&eacute;sidence, certificat de police, etc., vous devrez les pr&eacute;senter &agrave; notre d&eacute;partement transit pour que nous puissions effectuer le d&eacute;m&eacute;nagement.<\/p>\n<p>l&rsquo;attestation de changement de r&eacute;sidence permet l&rsquo;exon&eacute;ration des droits de douane pour les meubles et effets personnels.<\/p>\n\n\t\t<\/div>\n\t<\/div>\n<\/div><\/div><\/div><div class=\"wpb_column vc_column_container vc_col-sm-6\"><div class=\"vc_column-inner\"><div class=\"wpb_wrapper\"><div class=\"vc_empty_space\" style=\"height: 32px\"><span class=\"vc_empty_space_inner\"><\/span><\/div>\n\t<div class=\"wpb_text_column wpb_content_element\">\n\t\t<div class=\"wpb_wrapper\">\n\t\t\t<h5>Les avantages de d&eacute;m&eacute;nager &agrave; Tanger<\/h5>\n<p>Tanger est une ville cosmopolite o&ugrave; il fait bon vivre. En effet, la ville offre de nombreux avantages comme :<\/p>\n<p>&ndash; Un climat agr&eacute;able toute l&rsquo;ann&eacute;e<\/p>\n<p>&ndash; La proximit&eacute; avec l&rsquo;Europe et les Etats-Unis<\/p>\n<p>&ndash; La pr&eacute;sence de nombreuses compagnies a&eacute;riennes qui proposent des vols directs vers les principales villes du monde<\/p>\n<p>&ndash; Un co&ucirc;t de la vie inf&eacute;rieur &agrave; celui des grandes villes europ&eacute;ennes et am&eacute;ricaines.<\/p>\n<p>&nbsp;<\/p>\n<p>Tanger est &eacute;galement une ville tr&egrave;s accueillante o&ugrave; il est facile de se faire des amis. Si vous avez envie de d&eacute;couvrir une nouvelle culture, Tanger est sans doute la ville qu&rsquo;il vous faut !<\/p>\n<p><a href=\"http:\/\/ptrans.fr\/wp-content\/uploads\/2022\/09\/demenagement-international-tanger-tarifs-prix-douane.jpg\"><img loading=\"lazy\" decoding=\"async\" class=\"aligncenter wp-image-8234 size-full\" src=\"http:\/\/ptrans.fr\/wp-content\/uploads\/2022\/09\/demenagement-international-tanger-tarifs-prix-douane.jpg\" alt=\"soci&eacute;t&eacute; d&eacute;m&eacute;nagement international tanger prix tarifs douane\" width=\"1000\" height=\"667\" srcset=\"https:\/\/ptrans.fr\/wp-content\/uploads\/2022\/09\/demenagement-international-tanger-tarifs-prix-douane.jpg 1000w, https:\/\/ptrans.fr\/wp-content\/uploads\/2022\/09\/demenagement-international-tanger-tarifs-prix-douane-300x200.jpg 300w, https:\/\/ptrans.fr\/wp-content\/uploads\/2022\/09\/demenagement-international-tanger-tarifs-prix-douane-768x512.jpg 768w, https:\/\/ptrans.fr\/wp-content\/uploads\/2022\/09\/demenagement-international-tanger-tarifs-prix-douane-800x534.jpg 800w\" sizes=\"(max-width: 1000px) 100vw, 1000px\"><\/a><\/p>\n<h5>La vie &agrave; Tanger<\/h5>\n<p>Tanger est une ville cosmopolite o&ugrave; il fait bon vivre. En effet, la ville offre de nombreux avantages comme :<\/p>\n<p>&ndash; Un climat agr&eacute;able toute l&rsquo;ann&eacute;e<\/p>\n<p>&ndash; La proximit&eacute; avec l&rsquo;Europe et les Etats-Unis<\/p>\n<p>&ndash; La pr&eacute;sence de nombreuses compagnies a&eacute;riennes qui proposent des vols directs vers les principales villes du monde.<\/p>\n<p>&nbsp;<\/p>\n<p>De plus, Tanger est une ville tr&egrave;s accueillante o&ugrave; il est facile de se faire des amis. Si vous avez envie de d&eacute;couvrir une nouvelle culture, Tanger est sans doute la ville qu&rsquo;il vous faut !<\/p>\n<p>&nbsp;<\/p>\n<p>Pour toute demande de renseignement ou de devis, n&rsquo;h&eacute;sitez pas &agrave; nous contacter au +212 (0) 663232300 ou par email &agrave; l&rsquo;adresse suivante : infos@ptrans.fr. Nous serons ravis de vous aider dans toutes les &eacute;tapes de votre d&eacute;m&eacute;nagement ! soci&eacute;t&eacute; d&eacute;m&eacute;nagement international tanger plus judicieux faire appel soci&eacute;t&eacute; d&eacute;m&eacute;nagement<\/p>\n<h5>6. Trouver un logement &agrave; Tanger<\/h5>\n<p>Trouver un logement &agrave; Tanger n&rsquo;est pas toujours facile, surtout si vous ne connaissez pas la ville. Il existe de nombreux sites internet qui proposent des annonces de location, mais il est souvent pr&eacute;f&eacute;rable de passer par une soci&eacute;t&eacute; de d&eacute;m&eacute;nagement qui pourra vous aider dans votre recherche.<\/p>\n<p>Nous pouvons vous mettre en relation avec des soci&eacute;t&eacute;s immobili&egrave;res qui pourront vous trouver le logement id&eacute;al, qu&rsquo;il s&rsquo;agisse d&rsquo;un appartement ou d&rsquo;une maison.<\/p>\n<p><strong>Liens Utiles :<\/strong><\/p>\n<ul>\n<li><a href=\"https:\/\/www.tangeraccueil.org\/-Vivre-a-Tanger-\">D&eacute;couvrir Rabat<\/a><\/li>\n<li><a href=\"https:\/\/ptrans.fr\/pt\/estimer-le-prix\/\">Estimer Le Prix Du Transport Directement En Ligne<\/a><\/li>\n<\/ul>\n\n\t\t<\/div>\n\t<\/div>\n<\/div><\/div><\/div><\/div>\n<\/section>","protected":false},"excerpt":{"rendered":"<p>[rev_slider slidertitle=\"soci&eacute;t&eacute; d&eacute;m&eacute;nagement international tanger\" alias=\"societe-demenagement-el-jadida-maroc-1\"] ptrans est une soci&eacute;t&eacute; de d&eacute;m&eacute;nagement international qui propose [...]<\/p>","protected":false},"author":1,"featured_media":0,"parent":7836,"menu_order":0,"comment_status":"closed","ping_status":"closed","template":"","meta":{"footnotes":""},"yoast_head":"<!-- This site is optimized with the Yoast SEO plugin v22.8 - https:\/\/yoast.com\/wordpress\/plugins\/seo\/ -->\n<title>Ptrans | Soci\u00e9t\u00e9 D\u00e9m\u00e9nagement international Tanger<\/title>\n<meta name=\"description\" content=\"Trouver une soci\u00e9t\u00e9 de transports et de d\u00e9m\u00e9nagement \u00e0 tanger pour vos transferts internationaux. infos@ptrans.fr \/ T\u00e9l : +212663232300\" \/>\n<meta name=\"robots\" content=\"index, follow, max-snippet:-1, max-image-preview:large, max-video-preview:-1\" \/>\n<link rel=\"canonical\" href=\"https:\/\/ptrans.fr\/pt\/maroc-demenagement\/societe-de-demenagement-international-tanger-maroc\/\" \/>\n<meta property=\"og:locale\" content=\"pt_PT\" \/>\n<meta property=\"og:type\" content=\"article\" \/>\n<meta property=\"og:title\" content=\"Ptrans | Soci\u00e9t\u00e9 D\u00e9m\u00e9nagement international Tanger\" \/>\n<meta property=\"og:description\" content=\"Trouver une soci\u00e9t\u00e9 de transports et de d\u00e9m\u00e9nagement \u00e0 tanger pour vos transferts internationaux. infos@ptrans.fr \/ T\u00e9l : +212663232300\" \/>\n<meta property=\"og:url\" content=\"https:\/\/ptrans.fr\/pt\/maroc-demenagement\/societe-de-demenagement-international-tanger-maroc\/\" \/>\n<meta property=\"og:site_name\" content=\"Ptrans Soci\u00e9t\u00e9 De Transport &amp; D\u00e9m\u00e9nagements International Entre Le Maroc Et Le Reste Du Monde\" \/>\n<meta property=\"article:publisher\" content=\"https:\/\/www.facebook.com\/PlogisticsEurope\" \/>\n<meta property=\"article:modified_time\" content=\"2022-09-21T01:22:51+00:00\" \/>\n<meta property=\"og:image\" content=\"http:\/\/ptrans.fr\/wp-content\/uploads\/2022\/09\/societe-demenagement-international-tanger-1024x576.jpg\" \/>\n<meta name=\"twitter:label1\" content=\"Tempo estimado de leitura\" \/>\n\t<meta name=\"twitter:data1\" content=\"5 minutos\" \/>\n<script type=\"application\/ld+json\" class=\"yoast-schema-graph\">{\"@context\":\"https:\/\/schema.org\",\"@graph\":[{\"@type\":\"Article\",\"@id\":\"https:\/\/ptrans.fr\/maroc-demenagement\/societe-de-demenagement-international-tanger-maroc\/#article\",\"isPartOf\":{\"@id\":\"https:\/\/ptrans.fr\/maroc-demenagement\/societe-de-demenagement-international-tanger-maroc\/\"},\"author\":{\"name\":\"admin\",\"@id\":\"https:\/\/ptrans.fr\/#\/schema\/person\/3a50d5b251b4df119e3598a32b8ce67c\"},\"headline\":\"Soci\u00e9t\u00e9 De D\u00e9m\u00e9nagement International Tanger Maroc\",\"datePublished\":\"2022-09-04T12:10:51+00:00\",\"dateModified\":\"2022-09-21T01:22:51+00:00\",\"mainEntityOfPage\":{\"@id\":\"https:\/\/ptrans.fr\/maroc-demenagement\/societe-de-demenagement-international-tanger-maroc\/\"},\"wordCount\":913,\"publisher\":{\"@id\":\"https:\/\/ptrans.fr\/#organization\"},\"image\":{\"@id\":\"https:\/\/ptrans.fr\/maroc-demenagement\/societe-de-demenagement-international-tanger-maroc\/#primaryimage\"},\"thumbnailUrl\":\"http:\/\/ptrans.fr\/wp-content\/uploads\/2022\/09\/societe-demenagement-international-tanger-1024x576.jpg\",\"inLanguage\":\"pt-PT\"},{\"@type\":\"WebPage\",\"@id\":\"https:\/\/ptrans.fr\/maroc-demenagement\/societe-de-demenagement-international-tanger-maroc\/\",\"url\":\"https:\/\/ptrans.fr\/maroc-demenagement\/societe-de-demenagement-international-tanger-maroc\/\",\"name\":\"Ptrans | Soci\u00e9t\u00e9 D\u00e9m\u00e9nagement international Tanger\",\"isPartOf\":{\"@id\":\"https:\/\/ptrans.fr\/#website\"},\"primaryImageOfPage\":{\"@id\":\"https:\/\/ptrans.fr\/maroc-demenagement\/societe-de-demenagement-international-tanger-maroc\/#primaryimage\"},\"image\":{\"@id\":\"https:\/\/ptrans.fr\/maroc-demenagement\/societe-de-demenagement-international-tanger-maroc\/#primaryimage\"},\"thumbnailUrl\":\"http:\/\/ptrans.fr\/wp-content\/uploads\/2022\/09\/societe-demenagement-international-tanger-1024x576.jpg\",\"datePublished\":\"2022-09-04T12:10:51+00:00\",\"dateModified\":\"2022-09-21T01:22:51+00:00\",\"description\":\"Trouver une soci\u00e9t\u00e9 de transports et de d\u00e9m\u00e9nagement \u00e0 tanger pour vos transferts internationaux. infos@ptrans.fr \/ T\u00e9l : +212663232300\",\"breadcrumb\":{\"@id\":\"https:\/\/ptrans.fr\/maroc-demenagement\/societe-de-demenagement-international-tanger-maroc\/#breadcrumb\"},\"inLanguage\":\"pt-PT\",\"potentialAction\":[{\"@type\":\"ReadAction\",\"target\":[\"https:\/\/ptrans.fr\/maroc-demenagement\/societe-de-demenagement-international-tanger-maroc\/\"]}]},{\"@type\":\"ImageObject\",\"inLanguage\":\"pt-PT\",\"@id\":\"https:\/\/ptrans.fr\/maroc-demenagement\/societe-de-demenagement-international-tanger-maroc\/#primaryimage\",\"url\":\"http:\/\/ptrans.fr\/wp-content\/uploads\/2022\/09\/societe-demenagement-international-tanger-1024x576.jpg\",\"contentUrl\":\"http:\/\/ptrans.fr\/wp-content\/uploads\/2022\/09\/societe-demenagement-international-tanger-1024x576.jpg\"},{\"@type\":\"BreadcrumbList\",\"@id\":\"https:\/\/ptrans.fr\/maroc-demenagement\/societe-de-demenagement-international-tanger-maroc\/#breadcrumb\",\"itemListElement\":[{\"@type\":\"ListItem\",\"position\":1,\"name\":\"maroc d\u00e9m\u00e9nagement\",\"item\":\"https:\/\/ptrans.fr\/maroc-demenagement\/\"},{\"@type\":\"ListItem\",\"position\":2,\"name\":\"Soci\u00e9t\u00e9 De D\u00e9m\u00e9nagement International Tanger Maroc\"}]},{\"@type\":\"WebSite\",\"@id\":\"https:\/\/ptrans.fr\/#website\",\"url\":\"https:\/\/ptrans.fr\/\",\"name\":\"Ptrans Soci\u00e9t\u00e9 De Transport Et D\u00e9m\u00e9nagement International Maroc\",\"description\":\"Ptrans Votre Transporteur &amp; D\u00e9m\u00e9nageur Vers Le Maroc\",\"publisher\":{\"@id\":\"https:\/\/ptrans.fr\/#organization\"},\"alternateName\":\"Ptrans\",\"potentialAction\":[{\"@type\":\"SearchAction\",\"target\":{\"@type\":\"EntryPoint\",\"urlTemplate\":\"https:\/\/ptrans.fr\/?s={search_term_string}\"},\"query-input\":\"required name=search_term_string\"}],\"inLanguage\":\"pt-PT\"},{\"@type\":\"Organization\",\"@id\":\"https:\/\/ptrans.fr\/#organization\",\"name\":\"Ptrans Soci\u00e9t\u00e9 De Transport Et D\u00e9m\u00e9nagements International Entre Le Maroc Et Le Reste Du Monde\",\"url\":\"https:\/\/ptrans.fr\/\",\"logo\":{\"@type\":\"ImageObject\",\"inLanguage\":\"pt-PT\",\"@id\":\"https:\/\/ptrans.fr\/#\/schema\/logo\/image\/\",\"url\":\"http:\/\/ptrans.fr\/wp-content\/uploads\/2022\/08\/P.trans-logi_Plan-de-travail-1.png\",\"contentUrl\":\"http:\/\/ptrans.fr\/wp-content\/uploads\/2022\/08\/P.trans-logi_Plan-de-travail-1.png\",\"width\":2481,\"height\":1076,\"caption\":\"Ptrans Soci\u00e9t\u00e9 De Transport Et D\u00e9m\u00e9nagements International Entre Le Maroc Et Le Reste Du Monde\"},\"image\":{\"@id\":\"https:\/\/ptrans.fr\/#\/schema\/logo\/image\/\"},\"sameAs\":[\"https:\/\/www.facebook.com\/PlogisticsEurope\"]},{\"@type\":\"Person\",\"@id\":\"https:\/\/ptrans.fr\/#\/schema\/person\/3a50d5b251b4df119e3598a32b8ce67c\",\"name\":\"admin\",\"image\":{\"@type\":\"ImageObject\",\"inLanguage\":\"pt-PT\",\"@id\":\"https:\/\/ptrans.fr\/#\/schema\/person\/image\/\",\"url\":\"https:\/\/secure.gravatar.com\/avatar\/f1ed11851bb8c89ef1f06d655ba0bd00?s=96&d=mm&r=g\",\"contentUrl\":\"https:\/\/secure.gravatar.com\/avatar\/f1ed11851bb8c89ef1f06d655ba0bd00?s=96&d=mm&r=g\",\"caption\":\"admin\"},\"url\":\"https:\/\/ptrans.fr\/pt\/author\/admin\/\"}]}<\/script>\n<!-- \/ Yoast SEO plugin. -->","yoast_head_json":{"title":"Ptrans | Soci\u00e9t\u00e9 D\u00e9m\u00e9nagement international Tanger","description":"Trouver une soci\u00e9t\u00e9 de transports et de d\u00e9m\u00e9nagement \u00e0 tanger pour vos transferts internationaux. infos@ptrans.fr \/ T\u00e9l : +212663232300","robots":{"index":"index","follow":"follow","max-snippet":"max-snippet:-1","max-image-preview":"max-image-preview:large","max-video-preview":"max-video-preview:-1"},"canonical":"https:\/\/ptrans.fr\/pt\/maroc-demenagement\/societe-de-demenagement-international-tanger-maroc\/","og_locale":"pt_PT","og_type":"article","og_title":"Ptrans | Soci\u00e9t\u00e9 D\u00e9m\u00e9nagement international Tanger","og_description":"Trouver une soci\u00e9t\u00e9 de transports et de d\u00e9m\u00e9nagement \u00e0 tanger pour vos transferts internationaux. infos@ptrans.fr \/ T\u00e9l : +212663232300","og_url":"https:\/\/ptrans.fr\/pt\/maroc-demenagement\/societe-de-demenagement-international-tanger-maroc\/","og_site_name":"Ptrans Soci\u00e9t\u00e9 De Transport &amp; D\u00e9m\u00e9nagements International Entre Le Maroc Et Le Reste Du Monde","article_publisher":"https:\/\/www.facebook.com\/PlogisticsEurope","article_modified_time":"2022-09-21T01:22:51+00:00","og_image":[{"url":"http:\/\/ptrans.fr\/wp-content\/uploads\/2022\/09\/societe-demenagement-international-tanger-1024x576.jpg"}],"twitter_misc":{"Tempo estimado de leitura":"5 minutos"},"schema":{"@context":"https:\/\/schema.org","@graph":[{"@type":"Article","@id":"https:\/\/ptrans.fr\/maroc-demenagement\/societe-de-demenagement-international-tanger-maroc\/#article","isPartOf":{"@id":"https:\/\/ptrans.fr\/maroc-demenagement\/societe-de-demenagement-international-tanger-maroc\/"},"author":{"name":"admin","@id":"https:\/\/ptrans.fr\/#\/schema\/person\/3a50d5b251b4df119e3598a32b8ce67c"},"headline":"Soci\u00e9t\u00e9 De D\u00e9m\u00e9nagement International Tanger Maroc","datePublished":"2022-09-04T12:10:51+00:00","dateModified":"2022-09-21T01:22:51+00:00","mainEntityOfPage":{"@id":"https:\/\/ptrans.fr\/maroc-demenagement\/societe-de-demenagement-international-tanger-maroc\/"},"wordCount":913,"publisher":{"@id":"https:\/\/ptrans.fr\/#organization"},"image":{"@id":"https:\/\/ptrans.fr\/maroc-demenagement\/societe-de-demenagement-international-tanger-maroc\/#primaryimage"},"thumbnailUrl":"http:\/\/ptrans.fr\/wp-content\/uploads\/2022\/09\/societe-demenagement-international-tanger-1024x576.jpg","inLanguage":"pt-PT"},{"@type":"WebPage","@id":"https:\/\/ptrans.fr\/maroc-demenagement\/societe-de-demenagement-international-tanger-maroc\/","url":"https:\/\/ptrans.fr\/maroc-demenagement\/societe-de-demenagement-international-tanger-maroc\/","name":"Ptrans | Soci\u00e9t\u00e9 D\u00e9m\u00e9nagement international Tanger","isPartOf":{"@id":"https:\/\/ptrans.fr\/#website"},"primaryImageOfPage":{"@id":"https:\/\/ptrans.fr\/maroc-demenagement\/societe-de-demenagement-international-tanger-maroc\/#primaryimage"},"image":{"@id":"https:\/\/ptrans.fr\/maroc-demenagement\/societe-de-demenagement-international-tanger-maroc\/#primaryimage"},"thumbnailUrl":"http:\/\/ptrans.fr\/wp-content\/uploads\/2022\/09\/societe-demenagement-international-tanger-1024x576.jpg","datePublished":"2022-09-04T12:10:51+00:00","dateModified":"2022-09-21T01:22:51+00:00","description":"Trouver une soci\u00e9t\u00e9 de transports et de d\u00e9m\u00e9nagement \u00e0 tanger pour vos transferts internationaux. infos@ptrans.fr \/ T\u00e9l : +212663232300","breadcrumb":{"@id":"https:\/\/ptrans.fr\/maroc-demenagement\/societe-de-demenagement-international-tanger-maroc\/#breadcrumb"},"inLanguage":"pt-PT","potentialAction":[{"@type":"ReadAction","target":["https:\/\/ptrans.fr\/maroc-demenagement\/societe-de-demenagement-international-tanger-maroc\/"]}]},{"@type":"ImageObject","inLanguage":"pt-PT","@id":"https:\/\/ptrans.fr\/maroc-demenagement\/societe-de-demenagement-international-tanger-maroc\/#primaryimage","url":"http:\/\/ptrans.fr\/wp-content\/uploads\/2022\/09\/societe-demenagement-international-tanger-1024x576.jpg","contentUrl":"http:\/\/ptrans.fr\/wp-content\/uploads\/2022\/09\/societe-demenagement-international-tanger-1024x576.jpg"},{"@type":"BreadcrumbList","@id":"https:\/\/ptrans.fr\/maroc-demenagement\/societe-de-demenagement-international-tanger-maroc\/#breadcrumb","itemListElement":[{"@type":"ListItem","position":1,"name":"maroc d\u00e9m\u00e9nagement","item":"https:\/\/ptrans.fr\/maroc-demenagement\/"},{"@type":"ListItem","position":2,"name":"Soci\u00e9t\u00e9 De D\u00e9m\u00e9nagement International Tanger Maroc"}]},{"@type":"WebSite","@id":"https:\/\/ptrans.fr\/#website","url":"https:\/\/ptrans.fr\/","name":"Ptrans Soci\u00e9t\u00e9 De Transport Et D\u00e9m\u00e9nagement International Maroc","description":"Ptrans Votre Transporteur &amp; D\u00e9m\u00e9nageur Vers Le Maroc","publisher":{"@id":"https:\/\/ptrans.fr\/#organization"},"alternateName":"Ptrans","potentialAction":[{"@type":"SearchAction","target":{"@type":"EntryPoint","urlTemplate":"https:\/\/ptrans.fr\/?s={search_term_string}"},"query-input":"required name=search_term_string"}],"inLanguage":"pt-PT"},{"@type":"Organization","@id":"https:\/\/ptrans.fr\/#organization","name":"Ptrans Soci\u00e9t\u00e9 De Transport Et D\u00e9m\u00e9nagements International Entre Le Maroc Et Le Reste Du Monde","url":"https:\/\/ptrans.fr\/","logo":{"@type":"ImageObject","inLanguage":"pt-PT","@id":"https:\/\/ptrans.fr\/#\/schema\/logo\/image\/","url":"http:\/\/ptrans.fr\/wp-content\/uploads\/2022\/08\/P.trans-logi_Plan-de-travail-1.png","contentUrl":"http:\/\/ptrans.fr\/wp-content\/uploads\/2022\/08\/P.trans-logi_Plan-de-travail-1.png","width":2481,"height":1076,"caption":"Ptrans Soci\u00e9t\u00e9 De Transport Et D\u00e9m\u00e9nagements International Entre Le Maroc Et Le Reste Du Monde"},"image":{"@id":"https:\/\/ptrans.fr\/#\/schema\/logo\/image\/"},"sameAs":["https:\/\/www.facebook.com\/PlogisticsEurope"]},{"@type":"Person","@id":"https:\/\/ptrans.fr\/#\/schema\/person\/3a50d5b251b4df119e3598a32b8ce67c","name":"admin","image":{"@type":"ImageObject","inLanguage":"pt-PT","@id":"https:\/\/ptrans.fr\/#\/schema\/person\/image\/","url":"https:\/\/secure.gravatar.com\/avatar\/f1ed11851bb8c89ef1f06d655ba0bd00?s=96&d=mm&r=g","contentUrl":"https:\/\/secure.gravatar.com\/avatar\/f1ed11851bb8c89ef1f06d655ba0bd00?s=96&d=mm&r=g","caption":"admin"},"url":"https:\/\/ptrans.fr\/pt\/author\/admin\/"}]}},"jetpack_sharing_enabled":true,"jetpack_likes_enabled":true,"_links":{"self":[{"href":"https:\/\/ptrans.fr\/pt\/wp-json\/wp\/v2\/pages\/7926"}],"collection":[{"href":"https:\/\/ptrans.fr\/pt\/wp-json\/wp\/v2\/pages"}],"about":[{"href":"https:\/\/ptrans.fr\/pt\/wp-json\/wp\/v2\/types\/page"}],"author":[{"embeddable":true,"href":"https:\/\/ptrans.fr\/pt\/wp-json\/wp\/v2\/users\/1"}],"replies":[{"embeddable":true,"href":"https:\/\/ptrans.fr\/pt\/wp-json\/wp\/v2\/comments?post=7926"}],"version-history":[{"count":0,"href":"https:\/\/ptrans.fr\/pt\/wp-json\/wp\/v2\/pages\/7926\/revisions"}],"up":[{"embeddable":true,"href":"https:\/\/ptrans.fr\/pt\/wp-json\/wp\/v2\/pages\/7836"}],"wp:attachment":[{"href":"https:\/\/ptrans.fr\/pt\/wp-json\/wp\/v2\/media?parent=7926"}],"curies":[{"name":"wp","href":"https:\/\/api.w.org\/{rel}","templated":true}]}}