{"id":8083,"date":"2022-09-13T17:33:56","date_gmt":"2022-09-13T16:33:56","guid":{"rendered":"http:\/\/ptrans.fr\/?page_id=8083"},"modified":"2024-06-01T18:45:16","modified_gmt":"2024-06-01T17:45:16","slug":"ptrans-agent-transitaire-a-casablanca","status":"publish","type":"page","link":"https:\/\/ptrans.fr\/pt\/logistique\/ptrans-agent-transitaire-a-casablanca\/","title":{"rendered":"<p>Ptrans | Agent Transitaire &agrave; Casablanca<\/p>"},"content":{"rendered":"<section class=\"wpb-content-wrapper\"><div class=\"vc_row wpb_row vc_row-fluid\"><div class=\"wpb_column vc_column_container vc_col-sm-12\"><div class=\"vc_column-inner\"><div class=\"wpb_wrapper\"><div class=\"vc_row wpb_row vc_inner vc_row-fluid\"><div class=\"wpb_column vc_column_container vc_col-sm-12\"><div class=\"vc_column-inner\"><div class=\"wpb_wrapper\">[rev_slider slidertitle=&nbsp;&raquo;Agent Transitaire Casablanca&nbsp;&raquo; alias=&nbsp;&raquo;societe-demenagement-oujda-1&Prime;]<div class=\"vc_empty_space\" style=\"height: 42px\"><span class=\"vc_empty_space_inner\"><\/span><\/div>\n\t<div class=\"wpb_text_column wpb_content_element\">\n\t\t<div class=\"wpb_wrapper\">\n\t\t\t<p>Transitaire douane casablanca, ptrans est une soci&eacute;t&eacute; de transport sp&eacute;cialis&eacute;e dans les services de transport et de logistique en import-export. Notre &eacute;quipe vous propose des solutions adapt&eacute;es &agrave; vos besoins pour un transport routier serein et sans soucis. Contactez-nous pour toute demande de devis ou renseignements suppl&eacute;mentaires !<\/p>\n\n\t\t<\/div>\n\t<\/div>\n<\/div><\/div><\/div><\/div><div class=\"vc_empty_space\" style=\"height: 32px\"><span class=\"vc_empty_space_inner\"><\/span><\/div><div class=\"vc_btn3-container vc_btn3-center\"><a class=\"vc_general vc_btn3 vc_btn3-size-md vc_btn3-shape-rounded vc_btn3-style-modern vc_btn3-color-primary\" href=\"https:\/\/ptrans.fr\/pt\/contactez-nous\/\" title=\"contactez-nous\">Demande D'informations<\/a><\/div><div class=\"vc_empty_space\" style=\"height: 32px\"><span class=\"vc_empty_space_inner\"><\/span><\/div><\/div><\/div><\/div><\/div><div class=\"vc_row wpb_row vc_row-fluid\"><div class=\"wpb_column vc_column_container vc_col-sm-6\"><div class=\"vc_column-inner\"><div class=\"wpb_wrapper\"><div class=\"vc_empty_space\" style=\"height: 32px\"><span class=\"vc_empty_space_inner\"><\/span><\/div>\n\t<div class=\"wpb_text_column wpb_content_element\">\n\t\t<div class=\"wpb_wrapper\">\n\t\t\t<h4><strong><span style=\"color: #333399;\">Qu&rsquo;est-ce qu&rsquo;un agent transitaire en douane ?<\/span><\/strong><\/h4>\n<p>Un agent transitaire en douane est une personne qui s&rsquo;occupe de toutes les formalit&eacute;s administratives et logistiques li&eacute;es au transport d&rsquo;une marchandise &agrave; travers les fronti&egrave;res d&rsquo;un pays. Il est responsable de la d&eacute;claration en douane, du suivi du fret et de la coordination des diff&eacute;rents modes de transport utilis&eacute;s.<\/p>\n\n\t\t<\/div>\n\t<\/div>\n<div class=\"vc_empty_space\" style=\"height: 32px\"><span class=\"vc_empty_space_inner\"><\/span><\/div>\n\t<div class=\"wpb_text_column wpb_content_element\">\n\t\t<div class=\"wpb_wrapper\">\n\t\t\t<h4><span style=\"color: #333399;\"><strong>Les services que propose un agent transitaire en douane &agrave; Casablanca ?<\/strong><\/span><\/h4>\n<p>Ptrans transitaire en douane &agrave; Casablanca propose une gamme compl&egrave;te de services de transport et de logistique en import-export :<\/p>\n<ul>\n<li>La gestion des d&eacute;clarations douani&egrave;res.<\/li>\n<li>Le suivi du transport.<\/li>\n<li>La coordination avec les diff&eacute;rents prestataires (chauffeurs, transitaires, etc.)<\/li>\n<li>L&rsquo;assistance en cas de contr&ocirc;le douanier.<\/li>\n<li>La repr&eacute;sentation aupr&egrave;s des autorit&eacute;s douani&egrave;res.<\/li>\n<\/ul>\n<p>Notre &eacute;quipe vous accompagne tout au long du processus, de la prise en charge des marchandises &agrave; leur livraison, pour un transport serein et sans soucis.<br>\nPtrans met tout en oeuvre pour simplifier les formalit&eacute;s douani&egrave;res et assurer un transport et une logistique efficaces pour nos clients.<\/p>\n\n\t\t<\/div>\n\t<\/div>\n<\/div><\/div><\/div><div class=\"wpb_column vc_column_container vc_col-sm-6\"><div class=\"vc_column-inner\"><div class=\"wpb_wrapper\"><div class=\"vc_empty_space\" style=\"height: 32px\"><span class=\"vc_empty_space_inner\"><\/span><\/div>\n\t<div class=\"wpb_text_column wpb_content_element\">\n\t\t<div class=\"wpb_wrapper\">\n\t\t\t<h4><span style=\"color: #333399;\"><strong>Pourquoi faire appel &agrave; un agent transitaire en douane &agrave; Casablanca ?<\/strong><\/span><\/h4>\n<p>Faire appel &agrave; un agent transitaire en douane &agrave; Casablanca, c&rsquo;est b&eacute;n&eacute;ficier d&rsquo;un accompagnement personnalis&eacute; tout au long du processus de transport et de logistique.<br>\nEn faisant appel &agrave; ptrans transitaire en douane &agrave; Casablanca, vous b&eacute;n&eacute;ficierez &eacute;galement :<\/p>\n<ul>\n<li>D&rsquo;une r&eacute;duction des co&ucirc;ts de transport.<\/li>\n<li>De d&eacute;lais de livraison r&eacute;duits.<\/li>\n<li>D&rsquo;un suivi personnalis&eacute; du transport.<\/li>\n<li>De l&rsquo;assistance d&rsquo;un interlocuteur unique en cas de probl&egrave;me.<\/li>\n<\/ul>\n\n\t\t<\/div>\n\t<\/div>\n<div class=\"vc_empty_space\" style=\"height: 32px\"><span class=\"vc_empty_space_inner\"><\/span><\/div>\n\t<div class=\"wpb_text_column wpb_content_element\">\n\t\t<div class=\"wpb_wrapper\">\n\t\t\t<h4><span style=\"color: #333399;\"><strong>Quelles sont les d&eacute;marches &agrave; effectuer pour faire appel aux services d&rsquo;un agent transitaire en douane ?<\/strong><\/span><\/h4>\n<p>Pour faire appel aux services d&rsquo;un agent transitaire en douane, il suffit de contacter ptrans transitaire en douane &agrave; Casablanca et de nous fournir les documents suivants :<\/p>\n<ul>\n<li>La liste des marchandises &agrave; transporter.<\/li>\n<li>Les coordonn&eacute;es du destinataire.<\/li>\n<li>Le num&eacute;ro d&rsquo;identification fiscale (ICE) ou le num&eacute;ro de registre de commerce (RC).<\/li>\n<\/ul>\n<p>Nous mettons tout en oeuvre pour simplifier les formalit&eacute;s douani&egrave;res et assurer un transport et une logistique efficaces pour nos clients.<\/p>\n<p>Lien utiles :<\/p>\n<p><a href=\"https:\/\/www.douane.gov.ma\/adil\/c_bas_test_1.asp?m=Remplir%20la%20case%20SVP...%20!\">Assistant au D&eacute;douanement des marchandises &agrave; l&rsquo;Importation en Ligne.<\/a><\/p>\n<p><a href=\"https:\/\/ptrans.fr\/pt\/contactez-nous\/\">Demander une information<\/a><\/p>\n\n\t\t<\/div>\n\t<\/div>\n<\/div><\/div><\/div><\/div>\n<\/section>","protected":false},"excerpt":{"rendered":"<p>[rev_slider slidertitle=\"Agent Transitaire Casablanca\" alias=\"societe-demenagement-oujda-1\"] Transitaire douane casablanca, ptrans est une soci&eacute;t&eacute; de transport sp&eacute;cialis&eacute;e [...]<\/p>","protected":false},"author":1,"featured_media":0,"parent":8080,"menu_order":0,"comment_status":"closed","ping_status":"closed","template":"","meta":{"footnotes":""},"yoast_head":"<!-- This site is optimized with the Yoast SEO plugin v22.8 - https:\/\/yoast.com\/wordpress\/plugins\/seo\/ -->\n<title>Transitaire Casablanca | T\u00e9l : +212 660 23 23 00<\/title>\n<meta name=\"description\" content=\"Recherchez un agent transitaire \u00e0 Casablanca? Consultez cet article! - T\u00e9l : +212663232300 - infos@ptrans.fr\" \/>\n<meta name=\"robots\" content=\"index, follow, max-snippet:-1, max-image-preview:large, max-video-preview:-1\" \/>\n<link rel=\"canonical\" href=\"https:\/\/ptrans.fr\/pt\/logistique\/ptrans-agent-transitaire-a-casablanca\/\" \/>\n<meta property=\"og:locale\" content=\"pt_PT\" \/>\n<meta property=\"og:type\" content=\"article\" \/>\n<meta property=\"og:title\" content=\"Transitaire Casablanca | T\u00e9l : +212 660 23 23 00\" \/>\n<meta property=\"og:description\" content=\"Recherchez un agent transitaire \u00e0 Casablanca? Consultez cet article! - T\u00e9l : +212663232300 - infos@ptrans.fr\" \/>\n<meta property=\"og:url\" content=\"https:\/\/ptrans.fr\/pt\/logistique\/ptrans-agent-transitaire-a-casablanca\/\" \/>\n<meta property=\"og:site_name\" content=\"Ptrans Soci\u00e9t\u00e9 De Transport &amp; D\u00e9m\u00e9nagements International Entre Le Maroc Et Le Reste Du Monde\" \/>\n<meta property=\"article:publisher\" content=\"https:\/\/www.facebook.com\/PlogisticsEurope\" \/>\n<meta property=\"article:modified_time\" content=\"2024-06-01T17:45:16+00:00\" \/>\n<meta property=\"og:image\" content=\"https:\/\/ptrans.fr\/wp-content\/uploads\/2022\/09\/societe-demenagement-international-oujda.jpg\" \/>\n\t<meta property=\"og:image:width\" content=\"1160\" \/>\n\t<meta property=\"og:image:height\" content=\"870\" \/>\n\t<meta property=\"og:image:type\" content=\"image\/jpeg\" \/>\n<meta name=\"twitter:label1\" content=\"Tempo estimado de leitura\" \/>\n\t<meta name=\"twitter:data1\" content=\"3 minutos\" \/>\n<script type=\"application\/ld+json\" class=\"yoast-schema-graph\">{\"@context\":\"https:\/\/schema.org\",\"@graph\":[{\"@type\":\"Article\",\"@id\":\"https:\/\/ptrans.fr\/logistique\/ptrans-agent-transitaire-a-casablanca\/#article\",\"isPartOf\":{\"@id\":\"https:\/\/ptrans.fr\/logistique\/ptrans-agent-transitaire-a-casablanca\/\"},\"author\":{\"name\":\"admin\",\"@id\":\"https:\/\/ptrans.fr\/#\/schema\/person\/3a50d5b251b4df119e3598a32b8ce67c\"},\"headline\":\"Ptrans | Agent Transitaire \u00e0 Casablanca\",\"datePublished\":\"2022-09-13T16:33:56+00:00\",\"dateModified\":\"2024-06-01T17:45:16+00:00\",\"mainEntityOfPage\":{\"@id\":\"https:\/\/ptrans.fr\/logistique\/ptrans-agent-transitaire-a-casablanca\/\"},\"wordCount\":527,\"publisher\":{\"@id\":\"https:\/\/ptrans.fr\/#organization\"},\"inLanguage\":\"pt-PT\"},{\"@type\":\"WebPage\",\"@id\":\"https:\/\/ptrans.fr\/logistique\/ptrans-agent-transitaire-a-casablanca\/\",\"url\":\"https:\/\/ptrans.fr\/logistique\/ptrans-agent-transitaire-a-casablanca\/\",\"name\":\"Transitaire Casablanca | T\u00e9l : +212 660 23 23 00\",\"isPartOf\":{\"@id\":\"https:\/\/ptrans.fr\/#website\"},\"datePublished\":\"2022-09-13T16:33:56+00:00\",\"dateModified\":\"2024-06-01T17:45:16+00:00\",\"description\":\"Recherchez un agent transitaire \u00e0 Casablanca? Consultez cet article! - T\u00e9l : +212663232300 - infos@ptrans.fr\",\"breadcrumb\":{\"@id\":\"https:\/\/ptrans.fr\/logistique\/ptrans-agent-transitaire-a-casablanca\/#breadcrumb\"},\"inLanguage\":\"pt-PT\",\"potentialAction\":[{\"@type\":\"ReadAction\",\"target\":[\"https:\/\/ptrans.fr\/logistique\/ptrans-agent-transitaire-a-casablanca\/\"]}]},{\"@type\":\"BreadcrumbList\",\"@id\":\"https:\/\/ptrans.fr\/logistique\/ptrans-agent-transitaire-a-casablanca\/#breadcrumb\",\"itemListElement\":[{\"@type\":\"ListItem\",\"position\":1,\"name\":\"Logistique\",\"item\":\"https:\/\/ptrans.fr\/logistique\/\"},{\"@type\":\"ListItem\",\"position\":2,\"name\":\"Ptrans | Agent Transitaire \u00e0 Casablanca\"}]},{\"@type\":\"WebSite\",\"@id\":\"https:\/\/ptrans.fr\/#website\",\"url\":\"https:\/\/ptrans.fr\/\",\"name\":\"Ptrans Soci\u00e9t\u00e9 De Transport Et D\u00e9m\u00e9nagement International Maroc\",\"description\":\"Ptrans Votre Transporteur &amp; D\u00e9m\u00e9nageur Vers Le Maroc\",\"publisher\":{\"@id\":\"https:\/\/ptrans.fr\/#organization\"},\"alternateName\":\"Ptrans\",\"potentialAction\":[{\"@type\":\"SearchAction\",\"target\":{\"@type\":\"EntryPoint\",\"urlTemplate\":\"https:\/\/ptrans.fr\/?s={search_term_string}\"},\"query-input\":\"required name=search_term_string\"}],\"inLanguage\":\"pt-PT\"},{\"@type\":\"Organization\",\"@id\":\"https:\/\/ptrans.fr\/#organization\",\"name\":\"Ptrans Soci\u00e9t\u00e9 De Transport Et D\u00e9m\u00e9nagements International Entre Le Maroc Et Le Reste Du Monde\",\"url\":\"https:\/\/ptrans.fr\/\",\"logo\":{\"@type\":\"ImageObject\",\"inLanguage\":\"pt-PT\",\"@id\":\"https:\/\/ptrans.fr\/#\/schema\/logo\/image\/\",\"url\":\"http:\/\/ptrans.fr\/wp-content\/uploads\/2022\/08\/P.trans-logi_Plan-de-travail-1.png\",\"contentUrl\":\"http:\/\/ptrans.fr\/wp-content\/uploads\/2022\/08\/P.trans-logi_Plan-de-travail-1.png\",\"width\":2481,\"height\":1076,\"caption\":\"Ptrans Soci\u00e9t\u00e9 De Transport Et D\u00e9m\u00e9nagements International Entre Le Maroc Et Le Reste Du Monde\"},\"image\":{\"@id\":\"https:\/\/ptrans.fr\/#\/schema\/logo\/image\/\"},\"sameAs\":[\"https:\/\/www.facebook.com\/PlogisticsEurope\"]},{\"@type\":\"Person\",\"@id\":\"https:\/\/ptrans.fr\/#\/schema\/person\/3a50d5b251b4df119e3598a32b8ce67c\",\"name\":\"admin\",\"image\":{\"@type\":\"ImageObject\",\"inLanguage\":\"pt-PT\",\"@id\":\"https:\/\/ptrans.fr\/#\/schema\/person\/image\/\",\"url\":\"https:\/\/secure.gravatar.com\/avatar\/f1ed11851bb8c89ef1f06d655ba0bd00?s=96&d=mm&r=g\",\"contentUrl\":\"https:\/\/secure.gravatar.com\/avatar\/f1ed11851bb8c89ef1f06d655ba0bd00?s=96&d=mm&r=g\",\"caption\":\"admin\"},\"url\":\"https:\/\/ptrans.fr\/pt\/author\/admin\/\"}]}<\/script>\n<!-- \/ Yoast SEO plugin. -->","yoast_head_json":{"title":"Transitaire Casablanca | T\u00e9l : +212 660 23 23 00","description":"Recherchez un agent transitaire \u00e0 Casablanca? Consultez cet article! - T\u00e9l : +212663232300 - infos@ptrans.fr","robots":{"index":"index","follow":"follow","max-snippet":"max-snippet:-1","max-image-preview":"max-image-preview:large","max-video-preview":"max-video-preview:-1"},"canonical":"https:\/\/ptrans.fr\/pt\/logistique\/ptrans-agent-transitaire-a-casablanca\/","og_locale":"pt_PT","og_type":"article","og_title":"Transitaire Casablanca | T\u00e9l : +212 660 23 23 00","og_description":"Recherchez un agent transitaire \u00e0 Casablanca? Consultez cet article! - T\u00e9l : +212663232300 - infos@ptrans.fr","og_url":"https:\/\/ptrans.fr\/pt\/logistique\/ptrans-agent-transitaire-a-casablanca\/","og_site_name":"Ptrans Soci\u00e9t\u00e9 De Transport &amp; D\u00e9m\u00e9nagements International Entre Le Maroc Et Le Reste Du Monde","article_publisher":"https:\/\/www.facebook.com\/PlogisticsEurope","article_modified_time":"2024-06-01T17:45:16+00:00","og_image":[{"width":1160,"height":870,"url":"https:\/\/ptrans.fr\/wp-content\/uploads\/2022\/09\/societe-demenagement-international-oujda.jpg","type":"image\/jpeg"}],"twitter_misc":{"Tempo estimado de leitura":"3 minutos"},"schema":{"@context":"https:\/\/schema.org","@graph":[{"@type":"Article","@id":"https:\/\/ptrans.fr\/logistique\/ptrans-agent-transitaire-a-casablanca\/#article","isPartOf":{"@id":"https:\/\/ptrans.fr\/logistique\/ptrans-agent-transitaire-a-casablanca\/"},"author":{"name":"admin","@id":"https:\/\/ptrans.fr\/#\/schema\/person\/3a50d5b251b4df119e3598a32b8ce67c"},"headline":"Ptrans | Agent Transitaire \u00e0 Casablanca","datePublished":"2022-09-13T16:33:56+00:00","dateModified":"2024-06-01T17:45:16+00:00","mainEntityOfPage":{"@id":"https:\/\/ptrans.fr\/logistique\/ptrans-agent-transitaire-a-casablanca\/"},"wordCount":527,"publisher":{"@id":"https:\/\/ptrans.fr\/#organization"},"inLanguage":"pt-PT"},{"@type":"WebPage","@id":"https:\/\/ptrans.fr\/logistique\/ptrans-agent-transitaire-a-casablanca\/","url":"https:\/\/ptrans.fr\/logistique\/ptrans-agent-transitaire-a-casablanca\/","name":"Transitaire Casablanca | T\u00e9l : +212 660 23 23 00","isPartOf":{"@id":"https:\/\/ptrans.fr\/#website"},"datePublished":"2022-09-13T16:33:56+00:00","dateModified":"2024-06-01T17:45:16+00:00","description":"Recherchez un agent transitaire \u00e0 Casablanca? Consultez cet article! - T\u00e9l : +212663232300 - infos@ptrans.fr","breadcrumb":{"@id":"https:\/\/ptrans.fr\/logistique\/ptrans-agent-transitaire-a-casablanca\/#breadcrumb"},"inLanguage":"pt-PT","potentialAction":[{"@type":"ReadAction","target":["https:\/\/ptrans.fr\/logistique\/ptrans-agent-transitaire-a-casablanca\/"]}]},{"@type":"BreadcrumbList","@id":"https:\/\/ptrans.fr\/logistique\/ptrans-agent-transitaire-a-casablanca\/#breadcrumb","itemListElement":[{"@type":"ListItem","position":1,"name":"Logistique","item":"https:\/\/ptrans.fr\/logistique\/"},{"@type":"ListItem","position":2,"name":"Ptrans | Agent Transitaire \u00e0 Casablanca"}]},{"@type":"WebSite","@id":"https:\/\/ptrans.fr\/#website","url":"https:\/\/ptrans.fr\/","name":"Ptrans Soci\u00e9t\u00e9 De Transport Et D\u00e9m\u00e9nagement International Maroc","description":"Ptrans Votre Transporteur &amp; D\u00e9m\u00e9nageur Vers Le Maroc","publisher":{"@id":"https:\/\/ptrans.fr\/#organization"},"alternateName":"Ptrans","potentialAction":[{"@type":"SearchAction","target":{"@type":"EntryPoint","urlTemplate":"https:\/\/ptrans.fr\/?s={search_term_string}"},"query-input":"required name=search_term_string"}],"inLanguage":"pt-PT"},{"@type":"Organization","@id":"https:\/\/ptrans.fr\/#organization","name":"Ptrans Soci\u00e9t\u00e9 De Transport Et D\u00e9m\u00e9nagements International Entre Le Maroc Et Le Reste Du Monde","url":"https:\/\/ptrans.fr\/","logo":{"@type":"ImageObject","inLanguage":"pt-PT","@id":"https:\/\/ptrans.fr\/#\/schema\/logo\/image\/","url":"http:\/\/ptrans.fr\/wp-content\/uploads\/2022\/08\/P.trans-logi_Plan-de-travail-1.png","contentUrl":"http:\/\/ptrans.fr\/wp-content\/uploads\/2022\/08\/P.trans-logi_Plan-de-travail-1.png","width":2481,"height":1076,"caption":"Ptrans Soci\u00e9t\u00e9 De Transport Et D\u00e9m\u00e9nagements International Entre Le Maroc Et Le Reste Du Monde"},"image":{"@id":"https:\/\/ptrans.fr\/#\/schema\/logo\/image\/"},"sameAs":["https:\/\/www.facebook.com\/PlogisticsEurope"]},{"@type":"Person","@id":"https:\/\/ptrans.fr\/#\/schema\/person\/3a50d5b251b4df119e3598a32b8ce67c","name":"admin","image":{"@type":"ImageObject","inLanguage":"pt-PT","@id":"https:\/\/ptrans.fr\/#\/schema\/person\/image\/","url":"https:\/\/secure.gravatar.com\/avatar\/f1ed11851bb8c89ef1f06d655ba0bd00?s=96&d=mm&r=g","contentUrl":"https:\/\/secure.gravatar.com\/avatar\/f1ed11851bb8c89ef1f06d655ba0bd00?s=96&d=mm&r=g","caption":"admin"},"url":"https:\/\/ptrans.fr\/pt\/author\/admin\/"}]}},"jetpack_sharing_enabled":true,"jetpack_likes_enabled":true,"_links":{"self":[{"href":"https:\/\/ptrans.fr\/pt\/wp-json\/wp\/v2\/pages\/8083"}],"collection":[{"href":"https:\/\/ptrans.fr\/pt\/wp-json\/wp\/v2\/pages"}],"about":[{"href":"https:\/\/ptrans.fr\/pt\/wp-json\/wp\/v2\/types\/page"}],"author":[{"embeddable":true,"href":"https:\/\/ptrans.fr\/pt\/wp-json\/wp\/v2\/users\/1"}],"replies":[{"embeddable":true,"href":"https:\/\/ptrans.fr\/pt\/wp-json\/wp\/v2\/comments?post=8083"}],"version-history":[{"count":1,"href":"https:\/\/ptrans.fr\/pt\/wp-json\/wp\/v2\/pages\/8083\/revisions"}],"predecessor-version":[{"id":15044,"href":"https:\/\/ptrans.fr\/pt\/wp-json\/wp\/v2\/pages\/8083\/revisions\/15044"}],"up":[{"embeddable":true,"href":"https:\/\/ptrans.fr\/pt\/wp-json\/wp\/v2\/pages\/8080"}],"wp:attachment":[{"href":"https:\/\/ptrans.fr\/pt\/wp-json\/wp\/v2\/media?parent=8083"}],"curies":[{"name":"wp","href":"https:\/\/api.w.org\/{rel}","templated":true}]}}