{"id":14765,"date":"2024-03-06T22:33:25","date_gmt":"2024-03-06T21:33:25","guid":{"rendered":"https:\/\/ptrans.fr\/fr_fr\/?page_id=14765"},"modified":"2024-03-06T23:15:42","modified_gmt":"2024-03-06T22:15:42","slug":"transport-de-marchandises-france-maroc","status":"publish","type":"page","link":"https:\/\/ptrans.fr\/ru\/transport-de-marchandises-france-maroc\/","title":{"rendered":"<p>Transport De Marchandises France Maroc<\/p>"},"content":{"rendered":"<figure class=\"wp-block-image size-large\"><img loading=\"lazy\" decoding=\"async\" width=\"1024\" height=\"585\" src=\"https:\/\/ptrans.fr\/wp-content\/uploads\/2024\/03\/file-bx3o7ma0mfwgwgp220xjo0wx8580309890950852756-1024x585.jpg\" alt=\"\" class=\"wp-image-14767\" srcset=\"https:\/\/ptrans.fr\/wp-content\/uploads\/2024\/03\/file-bx3o7ma0mfwgwgp220xjo0wx8580309890950852756-1024x585.jpg 1024w, https:\/\/ptrans.fr\/wp-content\/uploads\/2024\/03\/file-bx3o7ma0mfwgwgp220xjo0wx8580309890950852756-300x171.jpg 300w, https:\/\/ptrans.fr\/wp-content\/uploads\/2024\/03\/file-bx3o7ma0mfwgwgp220xjo0wx8580309890950852756-768x439.jpg 768w, https:\/\/ptrans.fr\/wp-content\/uploads\/2024\/03\/file-bx3o7ma0mfwgwgp220xjo0wx8580309890950852756-1536x878.jpg 1536w, https:\/\/ptrans.fr\/wp-content\/uploads\/2024\/03\/file-bx3o7ma0mfwgwgp220xjo0wx8580309890950852756-18x10.jpg 18w, https:\/\/ptrans.fr\/wp-content\/uploads\/2024\/03\/file-bx3o7ma0mfwgwgp220xjo0wx8580309890950852756-800x457.jpg 800w, https:\/\/ptrans.fr\/wp-content\/uploads\/2024\/03\/file-bx3o7ma0mfwgwgp220xjo0wx8580309890950852756.jpg 1792w\" sizes=\"(max-width: 1024px) 100vw, 1024px\"><p><\/p><p>Transport r&eacute;gulier entre la France et le Maroc avec PTrans Logistique**<\/p><p><br><br>Chez PTrans Logistique, sp&eacute;cialiste du transport de marchandises entre France et Maroc en groupage, nous nous engageons &agrave; offrir des solutions logistiques fiables et efficaces pour vos &eacute;changes commerciaux.<\/p><p><\/p><div class=\"wp-block-buttons is-layout-flex wp-block-buttons-is-layout-flex\">\n<div class=\"wp-block-button\"><a class=\"wp-block-button__link has-background wp-element-button\" href=\"\" style=\"background-color:#1b3e52\" rel=\"\">\u041d\u0430\u0448\u0438 \u043e\u043d\u043b\u0430\u0439\u043d-\u0442\u0430\u0440\u0438\u0444\u044b <\/a><\/div>\n<\/div><p><br><br><mark style=\"background-color:rgba(0, 0, 0, 0);color:#1b3854\" class=\"has-inline-color\"><strong>D&eacute;parts hebdomadaires pour une logistique sans faille<\/strong><\/mark><br><br>Notre service de transport de marchandises entre France et Maroc se distingue par des d&eacute;parts hebdomadaires chaque vendredi depuis des hubs logistiques cl&eacute;s en France : Roissy, Nantes, Lesquin, Marseille, Lyon, et Strasbourg. Cette r&eacute;gularit&eacute; garantit une planification fluide et efficace pour l&rsquo;acheminement de vos biens.<br><br><strong><mark style=\"background-color:rgba(0, 0, 0, 0);color:#1b456a\" class=\"has-inline-color\">Une arriv&eacute;e rapide sur le territoire marocain<\/mark><\/strong><br><br>Les marchandises exp&eacute;di&eacute;es avec notre service de **transport de marchandises entre France et Maroc** atteignent leur destination le mardi de la semaine suivante, assurant ainsi une int&eacute;gration rapide dans votre cha&icirc;ne d&rsquo;approvisionnement. <br><br>Une couverture compl&egrave;te du territoire marocain<br><br>PTrans Logistique offre une couverture &eacute;tendue pour le transport de marchandises entre France et Maroc, livrant dans une large gamme de villes marocaines, y compris Casablanca, Rabat, F&egrave;s, Marrakech, Agadir, Tanger, Oujda, Mekn&egrave;s, Kenitra, et Essaouira. <br><br><strong>Expertise en formalit&eacute;s douani&egrave;res<\/strong><br><br>Notre prestation de transport de marchandises entre France et Maroc inclut une prise en charge compl&egrave;te des formalit&eacute;s de d&eacute;douanement, simplifiant le passage des fronti&egrave;res pour vos marchandises.<br><br><strong>Tarification adapt&eacute;e &agrave; chaque envoi<\/strong><br><br>| Poids (kg)&nbsp; | Prix (?\/kg) |<br>|&mdash;&mdash;&mdash;&mdash;-|&mdash;&mdash;&mdash;&mdash;-|<br>| 50 &ndash; 300&nbsp;&nbsp;&nbsp; | 340 (forfait) |<br>| 300 &ndash; 550&nbsp;&nbsp; | 0.80&nbsp;&nbsp;&nbsp;&nbsp;&nbsp;&nbsp;&nbsp; |<br>| 550 &ndash; 800&nbsp;&nbsp; | 0.70&nbsp;&nbsp;&nbsp;&nbsp;&nbsp;&nbsp;&nbsp; |<br>| 800 &ndash; 1050&nbsp; | 0.60&nbsp;&nbsp;&nbsp;&nbsp;&nbsp;&nbsp;&nbsp; |<br>| 1050 &ndash; 1300 | 0.50&nbsp;&nbsp;&nbsp;&nbsp;&nbsp;&nbsp;&nbsp; |<br>| 1300 &ndash; 1550 | 0.40&nbsp;&nbsp;&nbsp;&nbsp;&nbsp;&nbsp;&nbsp; |<br>| 1550 &ndash; 7050 | 0.32&nbsp;&nbsp;&nbsp;&nbsp;&nbsp;&nbsp;&nbsp; |<br><br><br><br>Nous adaptons nos tarifs sp&eacute;cifiquement pour le transport de marchandises entre France et Maroc, en fonction du poids et du volume, assurant une offre comp&eacute;titive et ajust&eacute;e &agrave; vos besoins.<br><br>Pourquoi choisir PTrans Logistique pour votre transport de marchandises entre France et Maroc ?<br><br>&ndash; Fr&eacute;quence et fiabilit&eacute; : B&eacute;n&eacute;ficiez de d&eacute;parts r&eacute;guliers et d&rsquo;une livraison fiable pour vos marchandises.<br>&ndash; Couverture nationale au Maroc : Profitez d&rsquo;une livraison efficace dans une large gamme de villes marocaines.<br>&ndash; Rapidit&eacute; et s&eacute;curit&eacute; : Faites confiance &agrave; notre expertise pour une livraison rapide et s&eacute;curis&eacute;e de vos biens.<br>&ndash; Expertise douani&egrave;re : Simplifiez vos envois internationaux gr&acirc;ce &agrave; notre assistance douani&egrave;re compl&egrave;te.<br>&ndash; Tarification sur-mesure : Optimisez vos co&ucirc;ts avec notre syst&egrave;me de tarification flexible adapt&eacute; au transport de marchandises entre France et Maroc.<br><br><br>&mdash;<\/p><p><\/p><\/figure>","protected":false},"excerpt":{"rendered":"<p>Transport r&eacute;gulier entre la France et le Maroc avec PTrans Logistique** Chez PTrans Logistique, sp&eacute;cialiste [&hellip;]<\/p>","protected":false},"author":1,"featured_media":0,"parent":0,"menu_order":0,"comment_status":"closed","ping_status":"closed","template":"","meta":{"footnotes":""},"yoast_head":"<!-- This site is optimized with the Yoast SEO plugin v22.8 - https:\/\/yoast.com\/wordpress\/plugins\/seo\/ -->\n<title>Transport De Marchandises France Maroc - T\u00e9l : +212 663 23 23 00<\/title>\n<meta name=\"description\" content=\"Transport De Marchandises France Maroc - Ptrans Soci\u00e9t\u00e9 De Transport &amp; D\u00e9m\u00e9nagements International Entre Le Maroc Et Le Reste Du Monde - T\u00e9l : +212 663 23 23 00 - Mail : s.p@ptrans.fr\" \/>\n<meta name=\"robots\" content=\"index, follow, max-snippet:-1, max-image-preview:large, max-video-preview:-1\" \/>\n<link rel=\"canonical\" href=\"https:\/\/ptrans.fr\/ru\/transport-de-marchandises-france-maroc\/\" \/>\n<meta property=\"og:locale\" content=\"ru_RU\" \/>\n<meta property=\"og:type\" content=\"article\" \/>\n<meta property=\"og:title\" content=\"Transport De Marchandises France Maroc - T\u00e9l : +212 663 23 23 00\" \/>\n<meta property=\"og:description\" content=\"Transport De Marchandises France Maroc - Ptrans Soci\u00e9t\u00e9 De Transport &amp; D\u00e9m\u00e9nagements International Entre Le Maroc Et Le Reste Du Monde - T\u00e9l : +212 663 23 23 00 - Mail : s.p@ptrans.fr\" \/>\n<meta property=\"og:url\" content=\"https:\/\/ptrans.fr\/ru\/transport-de-marchandises-france-maroc\/\" \/>\n<meta property=\"og:site_name\" content=\"Ptrans Soci\u00e9t\u00e9 De Transport &amp; D\u00e9m\u00e9nagements International Entre Le Maroc Et Le Reste Du Monde\" \/>\n<meta property=\"article:publisher\" content=\"https:\/\/www.facebook.com\/PlogisticsEurope\" \/>\n<meta property=\"article:modified_time\" content=\"2024-03-06T22:15:42+00:00\" \/>\n<meta property=\"og:image\" content=\"https:\/\/ptrans.fr\/wp-content\/uploads\/2024\/03\/file-bx3o7ma0mfwgwgp220xjo0wx8580309890950852756-1024x585.jpg\" \/>\n<meta name=\"twitter:label1\" content=\"\u041f\u0440\u0438\u043c\u0435\u0440\u043d\u043e\u0435 \u0432\u0440\u0435\u043c\u044f \u0434\u043b\u044f \u0447\u0442\u0435\u043d\u0438\u044f\" \/>\n\t<meta name=\"twitter:data1\" content=\"2 \u043c\u0438\u043d\u0443\u0442\u044b\" \/>\n<script type=\"application\/ld+json\" class=\"yoast-schema-graph\">{\"@context\":\"https:\/\/schema.org\",\"@graph\":[{\"@type\":\"Article\",\"@id\":\"https:\/\/ptrans.fr\/fr_fr\/transport-de-marchandises-france-maroc\/#article\",\"isPartOf\":{\"@id\":\"https:\/\/ptrans.fr\/fr_fr\/transport-de-marchandises-france-maroc\/\"},\"author\":{\"name\":\"admin\",\"@id\":\"https:\/\/ptrans.fr\/#\/schema\/person\/3a50d5b251b4df119e3598a32b8ce67c\"},\"headline\":\"Transport De Marchandises France Maroc\",\"datePublished\":\"2024-03-06T21:33:25+00:00\",\"dateModified\":\"2024-03-06T22:15:42+00:00\",\"mainEntityOfPage\":{\"@id\":\"https:\/\/ptrans.fr\/fr_fr\/transport-de-marchandises-france-maroc\/\"},\"wordCount\":393,\"publisher\":{\"@id\":\"https:\/\/ptrans.fr\/#organization\"},\"image\":{\"@id\":\"https:\/\/ptrans.fr\/fr_fr\/transport-de-marchandises-france-maroc\/#primaryimage\"},\"thumbnailUrl\":\"https:\/\/ptrans.fr\/wp-content\/uploads\/2024\/03\/file-bx3o7ma0mfwgwgp220xjo0wx8580309890950852756-1024x585.jpg\",\"inLanguage\":\"ru-RU\"},{\"@type\":\"WebPage\",\"@id\":\"https:\/\/ptrans.fr\/fr_fr\/transport-de-marchandises-france-maroc\/\",\"url\":\"https:\/\/ptrans.fr\/fr_fr\/transport-de-marchandises-france-maroc\/\",\"name\":\"Transport De Marchandises France Maroc - T\u00e9l : +212 663 23 23 00\",\"isPartOf\":{\"@id\":\"https:\/\/ptrans.fr\/#website\"},\"primaryImageOfPage\":{\"@id\":\"https:\/\/ptrans.fr\/fr_fr\/transport-de-marchandises-france-maroc\/#primaryimage\"},\"image\":{\"@id\":\"https:\/\/ptrans.fr\/fr_fr\/transport-de-marchandises-france-maroc\/#primaryimage\"},\"thumbnailUrl\":\"https:\/\/ptrans.fr\/wp-content\/uploads\/2024\/03\/file-bx3o7ma0mfwgwgp220xjo0wx8580309890950852756-1024x585.jpg\",\"datePublished\":\"2024-03-06T21:33:25+00:00\",\"dateModified\":\"2024-03-06T22:15:42+00:00\",\"description\":\"Transport De Marchandises France Maroc - Ptrans Soci\u00e9t\u00e9 De Transport &amp; D\u00e9m\u00e9nagements International Entre Le Maroc Et Le Reste Du Monde - T\u00e9l : +212 663 23 23 00 - Mail : s.p@ptrans.fr\",\"inLanguage\":\"ru-RU\",\"potentialAction\":[{\"@type\":\"ReadAction\",\"target\":[\"https:\/\/ptrans.fr\/fr_fr\/transport-de-marchandises-france-maroc\/\"]}]},{\"@type\":\"ImageObject\",\"inLanguage\":\"ru-RU\",\"@id\":\"https:\/\/ptrans.fr\/fr_fr\/transport-de-marchandises-france-maroc\/#primaryimage\",\"url\":\"https:\/\/ptrans.fr\/wp-content\/uploads\/2024\/03\/file-bx3o7ma0mfwgwgp220xjo0wx8580309890950852756-1024x585.jpg\",\"contentUrl\":\"https:\/\/ptrans.fr\/wp-content\/uploads\/2024\/03\/file-bx3o7ma0mfwgwgp220xjo0wx8580309890950852756-1024x585.jpg\"},{\"@type\":\"WebSite\",\"@id\":\"https:\/\/ptrans.fr\/#website\",\"url\":\"https:\/\/ptrans.fr\/\",\"name\":\"Ptrans Soci\u00e9t\u00e9 De Transport Et D\u00e9m\u00e9nagement International Maroc\",\"description\":\"Ptrans Votre Transporteur &amp; D\u00e9m\u00e9nageur Vers Le Maroc\",\"publisher\":{\"@id\":\"https:\/\/ptrans.fr\/#organization\"},\"alternateName\":\"Ptrans\",\"potentialAction\":[{\"@type\":\"SearchAction\",\"target\":{\"@type\":\"EntryPoint\",\"urlTemplate\":\"https:\/\/ptrans.fr\/?s={search_term_string}\"},\"query-input\":\"required name=search_term_string\"}],\"inLanguage\":\"ru-RU\"},{\"@type\":\"Organization\",\"@id\":\"https:\/\/ptrans.fr\/#organization\",\"name\":\"Ptrans Soci\u00e9t\u00e9 De Transport Et D\u00e9m\u00e9nagements International Entre Le Maroc Et Le Reste Du Monde\",\"url\":\"https:\/\/ptrans.fr\/\",\"logo\":{\"@type\":\"ImageObject\",\"inLanguage\":\"ru-RU\",\"@id\":\"https:\/\/ptrans.fr\/#\/schema\/logo\/image\/\",\"url\":\"http:\/\/ptrans.fr\/wp-content\/uploads\/2022\/08\/P.trans-logi_Plan-de-travail-1.png\",\"contentUrl\":\"http:\/\/ptrans.fr\/wp-content\/uploads\/2022\/08\/P.trans-logi_Plan-de-travail-1.png\",\"width\":2481,\"height\":1076,\"caption\":\"Ptrans Soci\u00e9t\u00e9 De Transport Et D\u00e9m\u00e9nagements International Entre Le Maroc Et Le Reste Du Monde\"},\"image\":{\"@id\":\"https:\/\/ptrans.fr\/#\/schema\/logo\/image\/\"},\"sameAs\":[\"https:\/\/www.facebook.com\/PlogisticsEurope\"]},{\"@type\":\"Person\",\"@id\":\"https:\/\/ptrans.fr\/#\/schema\/person\/3a50d5b251b4df119e3598a32b8ce67c\",\"name\":\"admin\",\"image\":{\"@type\":\"ImageObject\",\"inLanguage\":\"ru-RU\",\"@id\":\"https:\/\/ptrans.fr\/#\/schema\/person\/image\/\",\"url\":\"https:\/\/secure.gravatar.com\/avatar\/f1ed11851bb8c89ef1f06d655ba0bd00?s=96&d=mm&r=g\",\"contentUrl\":\"https:\/\/secure.gravatar.com\/avatar\/f1ed11851bb8c89ef1f06d655ba0bd00?s=96&d=mm&r=g\",\"caption\":\"admin\"},\"url\":\"https:\/\/ptrans.fr\/ru\/author\/admin\/\"}]}<\/script>\n<!-- \/ Yoast SEO plugin. -->","yoast_head_json":{"title":"Transport De Marchandises France Maroc - T\u00e9l : +212 663 23 23 00","description":"Transport De Marchandises France Maroc - Ptrans Soci\u00e9t\u00e9 De Transport &amp; D\u00e9m\u00e9nagements International Entre Le Maroc Et Le Reste Du Monde - T\u00e9l : +212 663 23 23 00 - Mail : s.p@ptrans.fr","robots":{"index":"index","follow":"follow","max-snippet":"max-snippet:-1","max-image-preview":"max-image-preview:large","max-video-preview":"max-video-preview:-1"},"canonical":"https:\/\/ptrans.fr\/ru\/transport-de-marchandises-france-maroc\/","og_locale":"ru_RU","og_type":"article","og_title":"Transport De Marchandises France Maroc - T\u00e9l : +212 663 23 23 00","og_description":"Transport De Marchandises France Maroc - Ptrans Soci\u00e9t\u00e9 De Transport &amp; D\u00e9m\u00e9nagements International Entre Le Maroc Et Le Reste Du Monde - T\u00e9l : +212 663 23 23 00 - Mail : s.p@ptrans.fr","og_url":"https:\/\/ptrans.fr\/ru\/transport-de-marchandises-france-maroc\/","og_site_name":"Ptrans Soci\u00e9t\u00e9 De Transport &amp; D\u00e9m\u00e9nagements International Entre Le Maroc Et Le Reste Du Monde","article_publisher":"https:\/\/www.facebook.com\/PlogisticsEurope","article_modified_time":"2024-03-06T22:15:42+00:00","og_image":[{"url":"https:\/\/ptrans.fr\/wp-content\/uploads\/2024\/03\/file-bx3o7ma0mfwgwgp220xjo0wx8580309890950852756-1024x585.jpg"}],"twitter_misc":{"\u041f\u0440\u0438\u043c\u0435\u0440\u043d\u043e\u0435 \u0432\u0440\u0435\u043c\u044f \u0434\u043b\u044f \u0447\u0442\u0435\u043d\u0438\u044f":"2 \u043c\u0438\u043d\u0443\u0442\u044b"},"schema":{"@context":"https:\/\/schema.org","@graph":[{"@type":"Article","@id":"https:\/\/ptrans.fr\/fr_fr\/transport-de-marchandises-france-maroc\/#article","isPartOf":{"@id":"https:\/\/ptrans.fr\/fr_fr\/transport-de-marchandises-france-maroc\/"},"author":{"name":"admin","@id":"https:\/\/ptrans.fr\/#\/schema\/person\/3a50d5b251b4df119e3598a32b8ce67c"},"headline":"Transport De Marchandises France Maroc","datePublished":"2024-03-06T21:33:25+00:00","dateModified":"2024-03-06T22:15:42+00:00","mainEntityOfPage":{"@id":"https:\/\/ptrans.fr\/fr_fr\/transport-de-marchandises-france-maroc\/"},"wordCount":393,"publisher":{"@id":"https:\/\/ptrans.fr\/#organization"},"image":{"@id":"https:\/\/ptrans.fr\/fr_fr\/transport-de-marchandises-france-maroc\/#primaryimage"},"thumbnailUrl":"https:\/\/ptrans.fr\/wp-content\/uploads\/2024\/03\/file-bx3o7ma0mfwgwgp220xjo0wx8580309890950852756-1024x585.jpg","inLanguage":"ru-RU"},{"@type":"WebPage","@id":"https:\/\/ptrans.fr\/fr_fr\/transport-de-marchandises-france-maroc\/","url":"https:\/\/ptrans.fr\/fr_fr\/transport-de-marchandises-france-maroc\/","name":"Transport De Marchandises France Maroc - T\u00e9l : +212 663 23 23 00","isPartOf":{"@id":"https:\/\/ptrans.fr\/#website"},"primaryImageOfPage":{"@id":"https:\/\/ptrans.fr\/fr_fr\/transport-de-marchandises-france-maroc\/#primaryimage"},"image":{"@id":"https:\/\/ptrans.fr\/fr_fr\/transport-de-marchandises-france-maroc\/#primaryimage"},"thumbnailUrl":"https:\/\/ptrans.fr\/wp-content\/uploads\/2024\/03\/file-bx3o7ma0mfwgwgp220xjo0wx8580309890950852756-1024x585.jpg","datePublished":"2024-03-06T21:33:25+00:00","dateModified":"2024-03-06T22:15:42+00:00","description":"Transport De Marchandises France Maroc - Ptrans Soci\u00e9t\u00e9 De Transport &amp; D\u00e9m\u00e9nagements International Entre Le Maroc Et Le Reste Du Monde - T\u00e9l : +212 663 23 23 00 - Mail : s.p@ptrans.fr","inLanguage":"ru-RU","potentialAction":[{"@type":"ReadAction","target":["https:\/\/ptrans.fr\/fr_fr\/transport-de-marchandises-france-maroc\/"]}]},{"@type":"ImageObject","inLanguage":"ru-RU","@id":"https:\/\/ptrans.fr\/fr_fr\/transport-de-marchandises-france-maroc\/#primaryimage","url":"https:\/\/ptrans.fr\/wp-content\/uploads\/2024\/03\/file-bx3o7ma0mfwgwgp220xjo0wx8580309890950852756-1024x585.jpg","contentUrl":"https:\/\/ptrans.fr\/wp-content\/uploads\/2024\/03\/file-bx3o7ma0mfwgwgp220xjo0wx8580309890950852756-1024x585.jpg"},{"@type":"WebSite","@id":"https:\/\/ptrans.fr\/#website","url":"https:\/\/ptrans.fr\/","name":"Ptrans Soci\u00e9t\u00e9 De Transport Et D\u00e9m\u00e9nagement International Maroc","description":"Ptrans Votre Transporteur &amp; D\u00e9m\u00e9nageur Vers Le Maroc","publisher":{"@id":"https:\/\/ptrans.fr\/#organization"},"alternateName":"Ptrans","potentialAction":[{"@type":"SearchAction","target":{"@type":"EntryPoint","urlTemplate":"https:\/\/ptrans.fr\/?s={search_term_string}"},"query-input":"required name=search_term_string"}],"inLanguage":"ru-RU"},{"@type":"Organization","@id":"https:\/\/ptrans.fr\/#organization","name":"Ptrans Soci\u00e9t\u00e9 De Transport Et D\u00e9m\u00e9nagements International Entre Le Maroc Et Le Reste Du Monde","url":"https:\/\/ptrans.fr\/","logo":{"@type":"ImageObject","inLanguage":"ru-RU","@id":"https:\/\/ptrans.fr\/#\/schema\/logo\/image\/","url":"http:\/\/ptrans.fr\/wp-content\/uploads\/2022\/08\/P.trans-logi_Plan-de-travail-1.png","contentUrl":"http:\/\/ptrans.fr\/wp-content\/uploads\/2022\/08\/P.trans-logi_Plan-de-travail-1.png","width":2481,"height":1076,"caption":"Ptrans Soci\u00e9t\u00e9 De Transport Et D\u00e9m\u00e9nagements International Entre Le Maroc Et Le Reste Du Monde"},"image":{"@id":"https:\/\/ptrans.fr\/#\/schema\/logo\/image\/"},"sameAs":["https:\/\/www.facebook.com\/PlogisticsEurope"]},{"@type":"Person","@id":"https:\/\/ptrans.fr\/#\/schema\/person\/3a50d5b251b4df119e3598a32b8ce67c","name":"admin","image":{"@type":"ImageObject","inLanguage":"ru-RU","@id":"https:\/\/ptrans.fr\/#\/schema\/person\/image\/","url":"https:\/\/secure.gravatar.com\/avatar\/f1ed11851bb8c89ef1f06d655ba0bd00?s=96&d=mm&r=g","contentUrl":"https:\/\/secure.gravatar.com\/avatar\/f1ed11851bb8c89ef1f06d655ba0bd00?s=96&d=mm&r=g","caption":"admin"},"url":"https:\/\/ptrans.fr\/ru\/author\/admin\/"}]}},"jetpack_sharing_enabled":true,"jetpack_likes_enabled":true,"_links":{"self":[{"href":"https:\/\/ptrans.fr\/ru\/wp-json\/wp\/v2\/pages\/14765"}],"collection":[{"href":"https:\/\/ptrans.fr\/ru\/wp-json\/wp\/v2\/pages"}],"about":[{"href":"https:\/\/ptrans.fr\/ru\/wp-json\/wp\/v2\/types\/page"}],"author":[{"embeddable":true,"href":"https:\/\/ptrans.fr\/ru\/wp-json\/wp\/v2\/users\/1"}],"replies":[{"embeddable":true,"href":"https:\/\/ptrans.fr\/ru\/wp-json\/wp\/v2\/comments?post=14765"}],"version-history":[{"count":4,"href":"https:\/\/ptrans.fr\/ru\/wp-json\/wp\/v2\/pages\/14765\/revisions"}],"predecessor-version":[{"id":14772,"href":"https:\/\/ptrans.fr\/ru\/wp-json\/wp\/v2\/pages\/14765\/revisions\/14772"}],"wp:attachment":[{"href":"https:\/\/ptrans.fr\/ru\/wp-json\/wp\/v2\/media?parent=14765"}],"curies":[{"name":"wp","href":"https:\/\/api.w.org\/{rel}","templated":true}]}}