{"id":8325,"date":"2022-09-25T16:58:59","date_gmt":"2022-09-25T15:58:59","guid":{"rendered":"http:\/\/ptrans.fr\/?page_id=8325"},"modified":"2022-10-24T02:41:38","modified_gmt":"2022-10-24T01:41:38","slug":"tarifs-demenagement-maroc-etats-unis-amerique","status":"publish","type":"page","link":"https:\/\/ptrans.fr\/ru\/usa\/tarifs-demenagement-maroc-etats-unis-amerique\/","title":{"rendered":"<p>Tarifs D&eacute;m&eacute;nagement Maroc Etats-unis Am&eacute;rique<\/p>"},"content":{"rendered":"<section class=\"wpb-content-wrapper\"><div class=\"vc_row wpb_row vc_row-fluid\"><div class=\"wpb_column vc_column_container vc_col-sm-12\"><div class=\"vc_column-inner\"><div class=\"wpb_wrapper\">[rev_slider slidertitle=&nbsp;&raquo;D&eacute;m&eacute;nagement International Maroc Etats-unis am&eacute;rique&nbsp;&raquo; alias=&nbsp;&raquo;transport-de-colis-entre-le-maroc-et-la-turquie-1&Prime;]<div class=\"vc_empty_space\" style=\"height: 32px\"><span class=\"vc_empty_space_inner\"><\/span><\/div><div class=\"vc_btn3-container vc_btn3-center\"><a class=\"vc_general vc_btn3 vc_btn3-size-lg vc_btn3-shape-rounded vc_btn3-style-modern vc_btn3-color-primary\" href=\"https:\/\/ptrans.fr\/ru\/estimer-le-prix\/\" title=\"\u043e\u0446\u0435\u043d\u0438\u0442\u044c \u0446\u0435\u043d\u0443\">Consulter Nos Tarifs En Ligne<\/a><\/div><div class=\"vc_empty_space\" style=\"height: 32px\"><span class=\"vc_empty_space_inner\"><\/span><\/div><\/div><\/div><\/div><\/div><div class=\"vc_row wpb_row vc_row-fluid\"><div class=\"wpb_column vc_column_container vc_col-sm-6\"><div class=\"vc_column-inner\"><div class=\"wpb_wrapper\">\n\t<div class=\"wpb_text_column wpb_content_element\">\n\t\t<div class=\"wpb_wrapper\">\n\t\t\t<p>Si vous d&eacute;cidez de r&eacute;aliser un d&eacute;m&eacute;nagement maroc &eacute;tats-unis am&eacute;rique, vous aurez besoin d&rsquo;un bon d&eacute;m&eacute;nageur. Ptrans est votre meilleure option pour ce type de d&eacute;m&eacute;nagement. Nous offrons des services complets et une assistance de A &agrave; Z. Que ce soit pour un d&eacute;m&eacute;nagement commercial ou priv&eacute;, nous pouvons vous aider! Contactez-nous d&egrave;s maintenant pour obtenir plus d&rsquo;informations sur nos tarifs et services.<\/p>\n<p>Ptrans est une entreprise sp&eacute;cialis&eacute;e dans le d&eacute;m&eacute;nagement international Maoc &eacute;tats-unis d&rsquo;am&eacute;rique. Nous avons plus de 10 ans d&rsquo;exp&eacute;rience dans ce domaine et nous avons d&eacute;m&eacute;nag&eacute; des milliers de clients au Maroc, en Europe et aux &Eacute;tats-Unis. Contactez-nous d&egrave;s maintenant pour obtenir plus d&rsquo;informations sur nos tarifs et services.<\/p>\n<p><a href=\"http:\/\/ptrans.fr\/wp-content\/uploads\/2022\/09\/demenageur-maroc-amerique.jpg\"><img loading=\"lazy\" decoding=\"async\" class=\"size-full wp-image-8332 aligncenter\" src=\"http:\/\/ptrans.fr\/wp-content\/uploads\/2022\/09\/demenageur-maroc-amerique.jpg\" alt=\"d&eacute;m&eacute;nagement maroc &eacute;tats unis am&eacute;rique tarifs douane\" width=\"1200\" height=\"675\" srcset=\"https:\/\/ptrans.fr\/wp-content\/uploads\/2022\/09\/demenageur-maroc-amerique.jpg 1200w, https:\/\/ptrans.fr\/wp-content\/uploads\/2022\/09\/demenageur-maroc-amerique-300x169.jpg 300w, https:\/\/ptrans.fr\/wp-content\/uploads\/2022\/09\/demenageur-maroc-amerique-1024x576.jpg 1024w, https:\/\/ptrans.fr\/wp-content\/uploads\/2022\/09\/demenageur-maroc-amerique-768x432.jpg 768w, https:\/\/ptrans.fr\/wp-content\/uploads\/2022\/09\/demenageur-maroc-amerique-800x450.jpg 800w\" sizes=\"(max-width: 1200px) 100vw, 1200px\"><\/a><\/p>\n\n\t\t<\/div>\n\t<\/div>\n<div class=\"vc_empty_space\" style=\"height: 32px\"><span class=\"vc_empty_space_inner\"><\/span><\/div>\n\t<div class=\"wpb_text_column wpb_content_element\">\n\t\t<div class=\"wpb_wrapper\">\n\t\t\t<h4><span style=\"color: #333399;\">comment vivre aux &eacute;tats-unis d&rsquo;am&eacute;rique ( usa ) ?<\/span><\/h4>\n<p>Renseignez-vous sur les diff&eacute;rentes r&eacute;gions des &Eacute;tats-Unis et choisissez celle qui vous convient le mieux. Vous devrez peut-&ecirc;tre faire quelques ajustements une fois que vous serez arriv&eacute;, mais il est important de commencer &agrave; chercher un endroit avant votre d&eacute;m&eacute;nagement, afin que vous puissiez vous concentrer sur votre nouvelle vie une fois que vous serez arriv&eacute;. Ptrans peut vous aider &agrave; trouver un logement en fonction de votre budget et de vos besoins.<\/p>\n<p>D&eacute;m&eacute;nager aux &Eacute;tats-Unis est une excellente opportunit&eacute; pour commencer une nouvelle vie. Les &Eacute;tats-Unis offrent un large &eacute;ventail de possibilit&eacute;s, quelle que soit la r&eacute;gion o&ugrave; vous choisissez de vous installer. Contactez-nous d&egrave;s maintenant pour obtenir plus d&rsquo;informations sur nos tarifs et services. Ptrans est l&agrave; pour vous aider &agrave; chaque &eacute;tape du processus de d&eacute;m&eacute;nagement, afin que vous puissiez profiter pleinement de votre nouvelle vie!<\/p>\n\n\t\t<\/div>\n\t<\/div>\n<\/div><\/div><\/div><div class=\"wpb_column vc_column_container vc_col-sm-6\"><div class=\"vc_column-inner\"><div class=\"wpb_wrapper\"><div class=\"vc_empty_space\" style=\"height: 32px\"><span class=\"vc_empty_space_inner\"><\/span><\/div>\n\t<div class=\"wpb_text_column wpb_content_element\">\n\t\t<div class=\"wpb_wrapper\">\n\t\t\t<h4><span style=\"color: #000080;\">Quelles sont les documents &agrave; fournir pour mon d&eacute;m&eacute;nagement maroc etats-unis am&eacute;rique ?<\/span><\/h4>\n<p>Pour d&eacute;m&eacute;nager du Maroc aux &Eacute;tats-Unis, vous aurez besoin de certains documents. Ces documents incluent:<\/p>\n<p>&ndash; votre passeport et visa<\/p>\n<p>&ndash; une carte d&rsquo;assurance maladie<\/p>\n<p>&ndash; attestation de changement de r&eacute;sidence<\/p>\n<p>&ndash; une liste de vos biens &agrave; d&eacute;m&eacute;nager<\/p>\n<p>Assurez-vous de rassembler ces documents avant de commencer le processus de d&eacute;m&eacute;nagement. Ptrans peut vous aider &agrave; obtenir tous les documents n&eacute;cessaires pour un d&eacute;m&eacute;nagement en toute s&eacute;curit&eacute; et en conformit&eacute; avec la loi.<\/p>\n<p>Ptrans est votre meilleure option pour d&eacute;m&eacute;nager du Maroc aux &Eacute;tats-Unis. Contactez-nous d&egrave;s maintenant pour obtenir plus d&rsquo;informations sur nos tarifs et services. Nous sommes l&agrave; pour vous aider &agrave; chaque &eacute;tape du processus de d&eacute;m&eacute;nagement, afin que vous puissiez vous concentrer sur votre nouvelle vie!<\/p>\n<h4><span style=\"color: #000080;\"><a href=\"http:\/\/ptrans.fr\/wp-content\/uploads\/2022\/09\/tarifs-demenagement-maroc-amerique.webp\"><img loading=\"lazy\" decoding=\"async\" class=\"size-full wp-image-8333 aligncenter\" src=\"http:\/\/ptrans.fr\/wp-content\/uploads\/2022\/09\/tarifs-demenagement-maroc-amerique.webp\" alt=\"\" width=\"400\" height=\"300\" srcset=\"https:\/\/ptrans.fr\/wp-content\/uploads\/2022\/09\/tarifs-demenagement-maroc-amerique.webp 400w, https:\/\/ptrans.fr\/wp-content\/uploads\/2022\/09\/tarifs-demenagement-maroc-amerique-300x225.webp 300w\" sizes=\"(max-width: 400px) 100vw, 400px\"><\/a><\/span><\/h4>\n<h4><span style=\"color: #000080;\">Quel est le cout de d&eacute;m&eacute;nagement maroc etats-unis am&eacute;rique &nbsp;?<\/span><\/h4>\n<p>Le co&ucirc;t de d&eacute;m&eacute;nagement du Maroc aux &Eacute;tats-Unis d&eacute;pend de plusieurs facteurs. Ces facteurs incluent la taille et le nombre de vos biens &agrave; d&eacute;m&eacute;nager, ainsi que le mode de transport que vous choisissez. Ptrans peut vous aider &agrave; &eacute;valuer le co&ucirc;t de votre d&eacute;m&eacute;nagement et &agrave; trouver la meilleure option pour votre budget. Contactez-nous d&egrave;s maintenant pour obtenir un devis gratuit!<\/p>\n<p>D&eacute;m&eacute;nager du Maroc aux &Eacute;tats-Unis peut &ecirc;tre une exp&eacute;rience stressante. Cependant, en choisissant Ptrans comme votre d&eacute;m&eacute;nageur, vous pouvez &ecirc;tre assur&eacute; que votre d&eacute;m&eacute;nagement se d&eacute;roulera sans probl&egrave;me. Nous offrons des services complets et une assistance de A &agrave; Z. Contactez-nous d&egrave;s maintenant pour obtenir plus d&rsquo;informations sur nos tarifs et services. Ptrans est votre meilleure option pour un d&eacute;m&eacute;nagement en toute s&eacute;curit&eacute; et en conformit&eacute; avec la loi.<\/p>\n<p>Merci de faire confiance &agrave; Ptrans!<\/p>\n<h2><span style=\"color: #333399;\">Conclusion<\/span><\/h2>\n<p>Les &Eacute;tats-Unis d&rsquo;Am&eacute;rique offrent une grande vari&eacute;t&eacute; de possibilit&eacute;s pour les nouveaux arrivants. Que vous cherchiez &agrave; travailler, &eacute;tudier ou simplement vivre aux &Eacute;tats-Unis, il y a une place pour vous! Les &Eacute;tats-Unis offrent un climat vari&eacute;, des paysages magnifiques et une riche culture diversifi&eacute;e. Contactez-nous d&egrave;s maintenant pour obtenir plus d&rsquo;informations sur la fa&ccedil;on de d&eacute;m&eacute;nager aux &Eacute;tats-Unis. Ptrans est l&agrave; pour vous aider &agrave; chaque &eacute;tape du processus de d&eacute;m&eacute;nagement, afin que vous puissiez vous concentrer sur votre nouvelle vie!<\/p>\n<p>D&eacute;m&eacute;nager aux &Eacute;tats-Unis peut sembler &ecirc;tre un d&eacute;fi. Cependant, en choisissant Ptrans comme votre d&eacute;m&eacute;nageur, vous pouvez &ecirc;tre assur&eacute; que votre d&eacute;m&eacute;nagement se d&eacute;roulera sans probl&egrave;me. Nous offrons des services complets et une assistance de A &agrave; Z. Contactez-nous d&egrave;s maintenant pour obtenir plus d&rsquo;informations sur nos tarifs et services. Ptrans est votre meilleure option pour un d&eacute;m&eacute;nagement en toute s&eacute;curit&eacute; et en conformit&eacute; avec la loi.<\/p>\n<p>Merci de faire confiance &agrave; Ptrans!<\/p>\n<p>Ptrans est votre meilleure option pour d&eacute;m&eacute;nager du Maroc aux &Eacute;tats-Unis d&rsquo;am&eacute;rique en toute s&eacute;curit&eacute; et conform&eacute;ment &agrave; la loi. Nous offrons des services complets de A &agrave; Z, y compris un devis gratuit. Contactez-nous d&egrave;s maintenant pour obtenir plus d&rsquo;informations! Merci de faire confiance &agrave; Ptrans!<\/p>\n<p>Pour plus d&rsquo;informations sur le d&eacute;m&eacute;nagement au Maroc ou aux &Eacute;tats-Unis d&rsquo;am&eacute;rique, n&rsquo;h&eacute;sitez pas &agrave; contacter Ptrans. Nous serons heureux de vous fournir un devis gratuit et des conseils professionnels. Merci de faire confiance &agrave; Ptrans!<\/p>\n<p><a href=\"https:\/\/www.routard.com\/guide_a_voir\/etats_unis.htm\">D&eacute;couvrir les Etats-unis<\/a><\/p>\n<p><a href=\"https:\/\/ptrans.fr\/ru\/estimer-le-prix\/\">Estimer le prix de transport<\/a><\/p>\n\n\t\t<\/div>\n\t<\/div>\n<\/div><\/div><\/div><\/div>\n<\/section>","protected":false},"excerpt":{"rendered":"<p>[rev_slider slidertitle=\"D&eacute;m&eacute;nagement International Maroc Etats-unis am&eacute;rique\" alias=\"transport-de-colis-entre-le-maroc-et-la-turquie-1\"]Consulter Nos Tarifs En Ligne Si vous d&eacute;cidez de [...]<\/p>","protected":false},"author":1,"featured_media":0,"parent":8322,"menu_order":0,"comment_status":"closed","ping_status":"closed","template":"","meta":{"footnotes":""},"yoast_head":"<!-- This site is optimized with the Yoast SEO plugin v22.8 - https:\/\/yoast.com\/wordpress\/plugins\/seo\/ -->\n<title>Tarifs | D\u00e9m\u00e9nagement Maroc Etats-unis | T\u00e9l : +212 663 23 23 00<\/title>\n<meta name=\"description\" content=\"D\u00e9couvrez les services de d\u00e9m\u00e9nagement maroc etats-unis am\u00e9rique.T\u00e9l\u00e9phone : +212663232300 \/ infos@ptrans.fr\" \/>\n<meta name=\"robots\" content=\"index, follow, max-snippet:-1, max-image-preview:large, max-video-preview:-1\" \/>\n<link rel=\"canonical\" href=\"https:\/\/ptrans.fr\/ru\/usa\/tarifs-demenagement-maroc-etats-unis-amerique\/\" \/>\n<meta property=\"og:locale\" content=\"ru_RU\" \/>\n<meta property=\"og:type\" content=\"article\" \/>\n<meta property=\"og:title\" content=\"Tarifs | D\u00e9m\u00e9nagement Maroc Etats-unis | T\u00e9l : +212 663 23 23 00\" \/>\n<meta property=\"og:description\" content=\"D\u00e9couvrez les services de d\u00e9m\u00e9nagement maroc etats-unis am\u00e9rique.T\u00e9l\u00e9phone : +212663232300 \/ infos@ptrans.fr\" \/>\n<meta property=\"og:url\" content=\"https:\/\/ptrans.fr\/ru\/usa\/tarifs-demenagement-maroc-etats-unis-amerique\/\" \/>\n<meta property=\"og:site_name\" content=\"Ptrans Soci\u00e9t\u00e9 De Transport &amp; D\u00e9m\u00e9nagements International Entre Le Maroc Et Le Reste Du Monde\" \/>\n<meta property=\"article:publisher\" content=\"https:\/\/www.facebook.com\/PlogisticsEurope\" \/>\n<meta property=\"article:modified_time\" content=\"2022-10-24T01:41:38+00:00\" \/>\n<meta property=\"og:image\" content=\"http:\/\/ptrans.fr\/wp-content\/uploads\/2022\/09\/demenageur-maroc-amerique.jpg\" \/>\n<meta name=\"twitter:label1\" content=\"\u041f\u0440\u0438\u043c\u0435\u0440\u043d\u043e\u0435 \u0432\u0440\u0435\u043c\u044f \u0434\u043b\u044f \u0447\u0442\u0435\u043d\u0438\u044f\" \/>\n\t<meta name=\"twitter:data1\" content=\"5 \u043c\u0438\u043d\u0443\u0442\" \/>\n<script type=\"application\/ld+json\" class=\"yoast-schema-graph\">{\"@context\":\"https:\/\/schema.org\",\"@graph\":[{\"@type\":\"Article\",\"@id\":\"https:\/\/ptrans.fr\/usa\/tarifs-demenagement-maroc-etats-unis-amerique\/#article\",\"isPartOf\":{\"@id\":\"https:\/\/ptrans.fr\/usa\/tarifs-demenagement-maroc-etats-unis-amerique\/\"},\"author\":{\"name\":\"admin\",\"@id\":\"https:\/\/ptrans.fr\/#\/schema\/person\/3a50d5b251b4df119e3598a32b8ce67c\"},\"headline\":\"Tarifs D\u00e9m\u00e9nagement Maroc Etats-unis Am\u00e9rique\",\"datePublished\":\"2022-09-25T15:58:59+00:00\",\"dateModified\":\"2022-10-24T01:41:38+00:00\",\"mainEntityOfPage\":{\"@id\":\"https:\/\/ptrans.fr\/usa\/tarifs-demenagement-maroc-etats-unis-amerique\/\"},\"wordCount\":971,\"publisher\":{\"@id\":\"https:\/\/ptrans.fr\/#organization\"},\"image\":{\"@id\":\"https:\/\/ptrans.fr\/usa\/tarifs-demenagement-maroc-etats-unis-amerique\/#primaryimage\"},\"thumbnailUrl\":\"http:\/\/ptrans.fr\/wp-content\/uploads\/2022\/09\/demenageur-maroc-amerique.jpg\",\"inLanguage\":\"ru-RU\"},{\"@type\":\"WebPage\",\"@id\":\"https:\/\/ptrans.fr\/usa\/tarifs-demenagement-maroc-etats-unis-amerique\/\",\"url\":\"https:\/\/ptrans.fr\/usa\/tarifs-demenagement-maroc-etats-unis-amerique\/\",\"name\":\"Tarifs | D\u00e9m\u00e9nagement Maroc Etats-unis | T\u00e9l : +212 663 23 23 00\",\"isPartOf\":{\"@id\":\"https:\/\/ptrans.fr\/#website\"},\"primaryImageOfPage\":{\"@id\":\"https:\/\/ptrans.fr\/usa\/tarifs-demenagement-maroc-etats-unis-amerique\/#primaryimage\"},\"image\":{\"@id\":\"https:\/\/ptrans.fr\/usa\/tarifs-demenagement-maroc-etats-unis-amerique\/#primaryimage\"},\"thumbnailUrl\":\"http:\/\/ptrans.fr\/wp-content\/uploads\/2022\/09\/demenageur-maroc-amerique.jpg\",\"datePublished\":\"2022-09-25T15:58:59+00:00\",\"dateModified\":\"2022-10-24T01:41:38+00:00\",\"description\":\"D\u00e9couvrez les services de d\u00e9m\u00e9nagement maroc etats-unis am\u00e9rique.T\u00e9l\u00e9phone : +212663232300 \/ infos@ptrans.fr\",\"breadcrumb\":{\"@id\":\"https:\/\/ptrans.fr\/usa\/tarifs-demenagement-maroc-etats-unis-amerique\/#breadcrumb\"},\"inLanguage\":\"ru-RU\",\"potentialAction\":[{\"@type\":\"ReadAction\",\"target\":[\"https:\/\/ptrans.fr\/usa\/tarifs-demenagement-maroc-etats-unis-amerique\/\"]}]},{\"@type\":\"ImageObject\",\"inLanguage\":\"ru-RU\",\"@id\":\"https:\/\/ptrans.fr\/usa\/tarifs-demenagement-maroc-etats-unis-amerique\/#primaryimage\",\"url\":\"http:\/\/ptrans.fr\/wp-content\/uploads\/2022\/09\/demenageur-maroc-amerique.jpg\",\"contentUrl\":\"http:\/\/ptrans.fr\/wp-content\/uploads\/2022\/09\/demenageur-maroc-amerique.jpg\"},{\"@type\":\"BreadcrumbList\",\"@id\":\"https:\/\/ptrans.fr\/usa\/tarifs-demenagement-maroc-etats-unis-amerique\/#breadcrumb\",\"itemListElement\":[{\"@type\":\"ListItem\",\"position\":1,\"name\":\"USA\",\"item\":\"https:\/\/ptrans.fr\/usa\/\"},{\"@type\":\"ListItem\",\"position\":2,\"name\":\"Tarifs D\u00e9m\u00e9nagement Maroc Etats-unis Am\u00e9rique\"}]},{\"@type\":\"WebSite\",\"@id\":\"https:\/\/ptrans.fr\/#website\",\"url\":\"https:\/\/ptrans.fr\/\",\"name\":\"Ptrans Soci\u00e9t\u00e9 De Transport Et D\u00e9m\u00e9nagement International Maroc\",\"description\":\"Ptrans Votre Transporteur &amp; D\u00e9m\u00e9nageur Vers Le Maroc\",\"publisher\":{\"@id\":\"https:\/\/ptrans.fr\/#organization\"},\"alternateName\":\"Ptrans\",\"potentialAction\":[{\"@type\":\"SearchAction\",\"target\":{\"@type\":\"EntryPoint\",\"urlTemplate\":\"https:\/\/ptrans.fr\/?s={search_term_string}\"},\"query-input\":\"required name=search_term_string\"}],\"inLanguage\":\"ru-RU\"},{\"@type\":\"Organization\",\"@id\":\"https:\/\/ptrans.fr\/#organization\",\"name\":\"Ptrans Soci\u00e9t\u00e9 De Transport Et D\u00e9m\u00e9nagements International Entre Le Maroc Et Le Reste Du Monde\",\"url\":\"https:\/\/ptrans.fr\/\",\"logo\":{\"@type\":\"ImageObject\",\"inLanguage\":\"ru-RU\",\"@id\":\"https:\/\/ptrans.fr\/#\/schema\/logo\/image\/\",\"url\":\"http:\/\/ptrans.fr\/wp-content\/uploads\/2022\/08\/P.trans-logi_Plan-de-travail-1.png\",\"contentUrl\":\"http:\/\/ptrans.fr\/wp-content\/uploads\/2022\/08\/P.trans-logi_Plan-de-travail-1.png\",\"width\":2481,\"height\":1076,\"caption\":\"Ptrans Soci\u00e9t\u00e9 De Transport Et D\u00e9m\u00e9nagements International Entre Le Maroc Et Le Reste Du Monde\"},\"image\":{\"@id\":\"https:\/\/ptrans.fr\/#\/schema\/logo\/image\/\"},\"sameAs\":[\"https:\/\/www.facebook.com\/PlogisticsEurope\"]},{\"@type\":\"Person\",\"@id\":\"https:\/\/ptrans.fr\/#\/schema\/person\/3a50d5b251b4df119e3598a32b8ce67c\",\"name\":\"admin\",\"image\":{\"@type\":\"ImageObject\",\"inLanguage\":\"ru-RU\",\"@id\":\"https:\/\/ptrans.fr\/#\/schema\/person\/image\/\",\"url\":\"https:\/\/secure.gravatar.com\/avatar\/f1ed11851bb8c89ef1f06d655ba0bd00?s=96&d=mm&r=g\",\"contentUrl\":\"https:\/\/secure.gravatar.com\/avatar\/f1ed11851bb8c89ef1f06d655ba0bd00?s=96&d=mm&r=g\",\"caption\":\"admin\"},\"url\":\"https:\/\/ptrans.fr\/ru\/author\/admin\/\"}]}<\/script>\n<!-- \/ Yoast SEO plugin. -->","yoast_head_json":{"title":"Tarifs | D\u00e9m\u00e9nagement Maroc Etats-unis | T\u00e9l : +212 663 23 23 00","description":"D\u00e9couvrez les services de d\u00e9m\u00e9nagement maroc etats-unis am\u00e9rique.T\u00e9l\u00e9phone : +212663232300 \/ infos@ptrans.fr","robots":{"index":"index","follow":"follow","max-snippet":"max-snippet:-1","max-image-preview":"max-image-preview:large","max-video-preview":"max-video-preview:-1"},"canonical":"https:\/\/ptrans.fr\/ru\/usa\/tarifs-demenagement-maroc-etats-unis-amerique\/","og_locale":"ru_RU","og_type":"article","og_title":"Tarifs | D\u00e9m\u00e9nagement Maroc Etats-unis | T\u00e9l : +212 663 23 23 00","og_description":"D\u00e9couvrez les services de d\u00e9m\u00e9nagement maroc etats-unis am\u00e9rique.T\u00e9l\u00e9phone : +212663232300 \/ infos@ptrans.fr","og_url":"https:\/\/ptrans.fr\/ru\/usa\/tarifs-demenagement-maroc-etats-unis-amerique\/","og_site_name":"Ptrans Soci\u00e9t\u00e9 De Transport &amp; D\u00e9m\u00e9nagements International Entre Le Maroc Et Le Reste Du Monde","article_publisher":"https:\/\/www.facebook.com\/PlogisticsEurope","article_modified_time":"2022-10-24T01:41:38+00:00","og_image":[{"url":"http:\/\/ptrans.fr\/wp-content\/uploads\/2022\/09\/demenageur-maroc-amerique.jpg"}],"twitter_misc":{"\u041f\u0440\u0438\u043c\u0435\u0440\u043d\u043e\u0435 \u0432\u0440\u0435\u043c\u044f \u0434\u043b\u044f \u0447\u0442\u0435\u043d\u0438\u044f":"5 \u043c\u0438\u043d\u0443\u0442"},"schema":{"@context":"https:\/\/schema.org","@graph":[{"@type":"Article","@id":"https:\/\/ptrans.fr\/usa\/tarifs-demenagement-maroc-etats-unis-amerique\/#article","isPartOf":{"@id":"https:\/\/ptrans.fr\/usa\/tarifs-demenagement-maroc-etats-unis-amerique\/"},"author":{"name":"admin","@id":"https:\/\/ptrans.fr\/#\/schema\/person\/3a50d5b251b4df119e3598a32b8ce67c"},"headline":"Tarifs D\u00e9m\u00e9nagement Maroc Etats-unis Am\u00e9rique","datePublished":"2022-09-25T15:58:59+00:00","dateModified":"2022-10-24T01:41:38+00:00","mainEntityOfPage":{"@id":"https:\/\/ptrans.fr\/usa\/tarifs-demenagement-maroc-etats-unis-amerique\/"},"wordCount":971,"publisher":{"@id":"https:\/\/ptrans.fr\/#organization"},"image":{"@id":"https:\/\/ptrans.fr\/usa\/tarifs-demenagement-maroc-etats-unis-amerique\/#primaryimage"},"thumbnailUrl":"http:\/\/ptrans.fr\/wp-content\/uploads\/2022\/09\/demenageur-maroc-amerique.jpg","inLanguage":"ru-RU"},{"@type":"WebPage","@id":"https:\/\/ptrans.fr\/usa\/tarifs-demenagement-maroc-etats-unis-amerique\/","url":"https:\/\/ptrans.fr\/usa\/tarifs-demenagement-maroc-etats-unis-amerique\/","name":"Tarifs | D\u00e9m\u00e9nagement Maroc Etats-unis | T\u00e9l : +212 663 23 23 00","isPartOf":{"@id":"https:\/\/ptrans.fr\/#website"},"primaryImageOfPage":{"@id":"https:\/\/ptrans.fr\/usa\/tarifs-demenagement-maroc-etats-unis-amerique\/#primaryimage"},"image":{"@id":"https:\/\/ptrans.fr\/usa\/tarifs-demenagement-maroc-etats-unis-amerique\/#primaryimage"},"thumbnailUrl":"http:\/\/ptrans.fr\/wp-content\/uploads\/2022\/09\/demenageur-maroc-amerique.jpg","datePublished":"2022-09-25T15:58:59+00:00","dateModified":"2022-10-24T01:41:38+00:00","description":"D\u00e9couvrez les services de d\u00e9m\u00e9nagement maroc etats-unis am\u00e9rique.T\u00e9l\u00e9phone : +212663232300 \/ infos@ptrans.fr","breadcrumb":{"@id":"https:\/\/ptrans.fr\/usa\/tarifs-demenagement-maroc-etats-unis-amerique\/#breadcrumb"},"inLanguage":"ru-RU","potentialAction":[{"@type":"ReadAction","target":["https:\/\/ptrans.fr\/usa\/tarifs-demenagement-maroc-etats-unis-amerique\/"]}]},{"@type":"ImageObject","inLanguage":"ru-RU","@id":"https:\/\/ptrans.fr\/usa\/tarifs-demenagement-maroc-etats-unis-amerique\/#primaryimage","url":"http:\/\/ptrans.fr\/wp-content\/uploads\/2022\/09\/demenageur-maroc-amerique.jpg","contentUrl":"http:\/\/ptrans.fr\/wp-content\/uploads\/2022\/09\/demenageur-maroc-amerique.jpg"},{"@type":"BreadcrumbList","@id":"https:\/\/ptrans.fr\/usa\/tarifs-demenagement-maroc-etats-unis-amerique\/#breadcrumb","itemListElement":[{"@type":"ListItem","position":1,"name":"USA","item":"https:\/\/ptrans.fr\/usa\/"},{"@type":"ListItem","position":2,"name":"Tarifs D\u00e9m\u00e9nagement Maroc Etats-unis Am\u00e9rique"}]},{"@type":"WebSite","@id":"https:\/\/ptrans.fr\/#website","url":"https:\/\/ptrans.fr\/","name":"Ptrans Soci\u00e9t\u00e9 De Transport Et D\u00e9m\u00e9nagement International Maroc","description":"Ptrans Votre Transporteur &amp; D\u00e9m\u00e9nageur Vers Le Maroc","publisher":{"@id":"https:\/\/ptrans.fr\/#organization"},"alternateName":"Ptrans","potentialAction":[{"@type":"SearchAction","target":{"@type":"EntryPoint","urlTemplate":"https:\/\/ptrans.fr\/?s={search_term_string}"},"query-input":"required name=search_term_string"}],"inLanguage":"ru-RU"},{"@type":"Organization","@id":"https:\/\/ptrans.fr\/#organization","name":"Ptrans Soci\u00e9t\u00e9 De Transport Et D\u00e9m\u00e9nagements International Entre Le Maroc Et Le Reste Du Monde","url":"https:\/\/ptrans.fr\/","logo":{"@type":"ImageObject","inLanguage":"ru-RU","@id":"https:\/\/ptrans.fr\/#\/schema\/logo\/image\/","url":"http:\/\/ptrans.fr\/wp-content\/uploads\/2022\/08\/P.trans-logi_Plan-de-travail-1.png","contentUrl":"http:\/\/ptrans.fr\/wp-content\/uploads\/2022\/08\/P.trans-logi_Plan-de-travail-1.png","width":2481,"height":1076,"caption":"Ptrans Soci\u00e9t\u00e9 De Transport Et D\u00e9m\u00e9nagements International Entre Le Maroc Et Le Reste Du Monde"},"image":{"@id":"https:\/\/ptrans.fr\/#\/schema\/logo\/image\/"},"sameAs":["https:\/\/www.facebook.com\/PlogisticsEurope"]},{"@type":"Person","@id":"https:\/\/ptrans.fr\/#\/schema\/person\/3a50d5b251b4df119e3598a32b8ce67c","name":"admin","image":{"@type":"ImageObject","inLanguage":"ru-RU","@id":"https:\/\/ptrans.fr\/#\/schema\/person\/image\/","url":"https:\/\/secure.gravatar.com\/avatar\/f1ed11851bb8c89ef1f06d655ba0bd00?s=96&d=mm&r=g","contentUrl":"https:\/\/secure.gravatar.com\/avatar\/f1ed11851bb8c89ef1f06d655ba0bd00?s=96&d=mm&r=g","caption":"admin"},"url":"https:\/\/ptrans.fr\/ru\/author\/admin\/"}]}},"jetpack_sharing_enabled":true,"jetpack_likes_enabled":true,"_links":{"self":[{"href":"https:\/\/ptrans.fr\/ru\/wp-json\/wp\/v2\/pages\/8325"}],"collection":[{"href":"https:\/\/ptrans.fr\/ru\/wp-json\/wp\/v2\/pages"}],"about":[{"href":"https:\/\/ptrans.fr\/ru\/wp-json\/wp\/v2\/types\/page"}],"author":[{"embeddable":true,"href":"https:\/\/ptrans.fr\/ru\/wp-json\/wp\/v2\/users\/1"}],"replies":[{"embeddable":true,"href":"https:\/\/ptrans.fr\/ru\/wp-json\/wp\/v2\/comments?post=8325"}],"version-history":[{"count":0,"href":"https:\/\/ptrans.fr\/ru\/wp-json\/wp\/v2\/pages\/8325\/revisions"}],"up":[{"embeddable":true,"href":"https:\/\/ptrans.fr\/ru\/wp-json\/wp\/v2\/pages\/8322"}],"wp:attachment":[{"href":"https:\/\/ptrans.fr\/ru\/wp-json\/wp\/v2\/media?parent=8325"}],"curies":[{"name":"wp","href":"https:\/\/api.w.org\/{rel}","templated":true}]}}