{"id":9754,"date":"2022-12-31T00:32:10","date_gmt":"2022-12-30T23:32:10","guid":{"rendered":"https:\/\/ptrans.fr\/?page_id=9754"},"modified":"2022-12-31T00:43:46","modified_gmt":"2022-12-30T23:43:46","slug":"transport-international-marrakech","status":"publish","type":"page","link":"https:\/\/ptrans.fr\/ru\/transport-international-marrakech\/","title":{"rendered":"<p>\u041c\u0435\u0436\u0434\u0443\u043d\u0430\u0440\u043e\u0434\u043d\u044b\u0439 \u0442\u0440\u0430\u043d\u0441\u043f\u043e\u0440\u0442 \u041c\u0430\u0440\u0440\u0430\u043a\u0435\u0448<\/p>"},"content":{"rendered":"<style>\/*! elementor - v3.9.2 - 21-12-2022 *\/<br \/>\n.elementor-heading-title{padding:0;margin:0;line-height:1}.elementor-widget-heading .elementor-heading-title[class*=elementor-size-]>a{color:inherit;font-size:inherit;line-height:inherit}.elementor-widget-heading .elementor-heading-title.elementor-size-small{font-size:15px}.elementor-widget-heading .elementor-heading-title.elementor-size-medium{font-size:19px}.elementor-widget-heading .elementor-heading-title.elementor-size-large{font-size:29px}.elementor-widget-heading .elementor-heading-title.elementor-size-xl{font-size:39px}.elementor-widget-heading .elementor-heading-title.elementor-size-xxl{font-size:59px}<h2>Transport International Marrakech<\/h2><style>\/*! elementor - v3.9.2 - 21-12-2022 *\/<br \/>\n.elementor-widget-image{text-align:center}.elementor-widget-image a{display:inline-block}.elementor-widget-image a img[src$=\".svg\"]{width:48px}.elementor-widget-image img{vertical-align:middle;display:inline-block}<\/style><p>\t\t\t\t\t\t\t\t\t\t\t\t<img decoding=\"async\" width=\"1024\" height=\"635\" src=\"http:\/\/ptrans.fr\/wp-content\/uploads\/2022\/12\/transport-international-marrakech1-1024x635.png\" alt=\"transport international marrakech\" loading=\"lazy\" srcset=\"https:\/\/ptrans.fr\/wp-content\/uploads\/2022\/12\/transport-international-marrakech1-1024x635.png 1024w, https:\/\/ptrans.fr\/wp-content\/uploads\/2022\/12\/transport-international-marrakech1-300x186.png 300w, https:\/\/ptrans.fr\/wp-content\/uploads\/2022\/12\/transport-international-marrakech1-768x476.png 768w, https:\/\/ptrans.fr\/wp-content\/uploads\/2022\/12\/transport-international-marrakech1-800x496.png 800w, https:\/\/ptrans.fr\/wp-content\/uploads\/2022\/12\/transport-international-marrakech1.png 1500w\" sizes=\"(max-width: 1024px) 100vw, 1024px\"><\/p><h2><strong>\u0412\u044b \u0438\u0449\u0435\u0442\u0435 \u043c\u0435\u0436\u0434\u0443\u043d\u0430\u0440\u043e\u0434\u043d\u044b\u0439 \u0442\u0440\u0430\u043d\u0441\u043f\u043e\u0440\u0442 \u0432 \u041c\u0430\u0440\u0440\u0430\u043a\u0435\u0448 \u0438 \u043e\u0431\u0440\u0430\u0442\u043d\u043e?<\/strong><\/h2><p>\u0412 Ptrans-Logistics \u043c\u044b \u043f\u0440\u0435\u0434\u043b\u0430\u0433\u0430\u0435\u043c \u0441\u0430\u043c\u044b\u0435 \u0432\u044b\u0433\u043e\u0434\u043d\u044b\u0435 \u0442\u0430\u0440\u0438\u0444\u044b \u043d\u0430 \u043c\u0435\u0436\u0434\u0443\u043d\u0430\u0440\u043e\u0434\u043d\u044b\u0435 \u043f\u0435\u0440\u0435\u0432\u043e\u0437\u043a\u0438 \u043f\u043e\u0441\u044b\u043b\u043e\u043a, \u0442\u043e\u0432\u0430\u0440\u043e\u0432 \u0438 \u0434\u0430\u0436\u0435 \u043c\u0435\u0436\u0434\u0443\u043d\u0430\u0440\u043e\u0434\u043d\u044b\u0435 \u043f\u0435\u0440\u0435\u0435\u0437\u0434\u044b \u0438\u0437 \u041c\u0430\u0440\u0440\u0430\u043a\u0435\u0448\u0430. \u041d\u0430\u0448\u0438 \u0446\u0435\u043d\u044b \u043d\u0430\u043c\u043d\u043e\u0433\u043e \u043d\u0438\u0436\u0435, \u0447\u0435\u043c \u0443 \u0434\u0440\u0443\u0433\u0438\u0445 \u043c\u0435\u0436\u0434\u0443\u043d\u0430\u0440\u043e\u0434\u043d\u044b\u0445 \u043f\u0435\u0440\u0435\u0432\u043e\u0437\u0447\u0438\u043a\u043e\u0432, \u0438 \u043c\u044b \u0433\u0430\u0440\u0430\u043d\u0442\u0438\u0440\u0443\u0435\u043c, \u0447\u0442\u043e \u0432\u0430\u0448\u0438 \u043f\u043e\u0441\u044b\u043b\u043a\u0438 \u0431\u0443\u0434\u0443\u0442 \u0434\u043e\u0441\u0442\u0430\u0432\u043b\u0435\u043d\u044b \u0432\u043e\u0432\u0440\u0435\u043c\u044f. \u041c\u044b \u0442\u0430\u043a\u0436\u0435 \u0441\u043f\u0435\u0446\u0438\u0430\u043b\u0438\u0437\u0438\u0440\u0443\u0435\u043c\u0441\u044f \u043d\u0430 \u044d\u043a\u0441\u043f\u043e\u0440\u0442\u0435 \u0442\u0440\u0430\u0434\u0438\u0446\u0438\u043e\u043d\u043d\u044b\u0445 \u043c\u0430\u0440\u043e\u043a\u043a\u0430\u043d\u0441\u043a\u0438\u0445 \u0438\u0437\u0434\u0435\u043b\u0438\u0439 \u0440\u0443\u0447\u043d\u043e\u0439 \u0440\u0430\u0431\u043e\u0442\u044b \u0438 \u043c\u043e\u0436\u0435\u043c \u0433\u0430\u0440\u0430\u043d\u0442\u0438\u0440\u043e\u0432\u0430\u0442\u044c \u0441\u043e\u0431\u043b\u044e\u0434\u0435\u043d\u0438\u0435 \u0432\u0441\u0435\u0445 \u0442\u0430\u043c\u043e\u0436\u0435\u043d\u043d\u044b\u0445 \u0442\u0440\u0435\u0431\u043e\u0432\u0430\u043d\u0438\u0439. \u0418\u0442\u0430\u043a, \u0435\u0441\u043b\u0438 \u0432\u0430\u043c \u043d\u0443\u0436\u043d\u044b \u043c\u0435\u0436\u0434\u0443\u043d\u0430\u0440\u043e\u0434\u043d\u044b\u0435 \u043f\u0435\u0440\u0435\u0432\u043e\u0437\u043a\u0438 \u0434\u043b\u044f \u0431\u0438\u0437\u043d\u0435\u0441\u0430, \u043b\u0438\u0447\u043d\u044b\u0445 \u0432\u0435\u0449\u0435\u0439 \u0438\u043b\u0438 \u0440\u0435\u043c\u0435\u0441\u0435\u043b, \u0432\u044b\u0431\u0438\u0440\u0430\u0439\u0442\u0435 Ptrans-Logistics \u0438 \u0432\u043e\u0441\u043f\u043e\u043b\u044c\u0437\u0443\u0439\u0442\u0435\u0441\u044c \u043b\u0443\u0447\u0448\u0438\u043c\u0438 \u0442\u0430\u0440\u0438\u0444\u0430\u043c\u0438. \u0421\u0432\u044f\u0436\u0438\u0442\u0435\u0441\u044c \u0441 \u043d\u0430\u043c\u0438 \u0441\u0435\u0433\u043e\u0434\u043d\u044f, \u0447\u0442\u043e\u0431\u044b \u0443\u0437\u043d\u0430\u0442\u044c \u0431\u043e\u043b\u044c\u0448\u0435 \u043e \u043d\u0430\u0448\u0438\u0445 \u0443\u0441\u043b\u0443\u0433\u0430\u0445 \u043c\u0435\u0436\u0434\u0443\u043d\u0430\u0440\u043e\u0434\u043d\u043e\u0439 \u0434\u043e\u0441\u0442\u0430\u0432\u043a\u0438.<\/p><p><a href=\"https:\/\/ptrans.fr\/ru\/estimer-le-prix\/\" role=\"button\"><br>\n\u0421\u043c\u043e\u0434\u0435\u043b\u0438\u0440\u0443\u0439\u0442\u0435 \u0446\u0435\u043d\u0443 \u0434\u043e\u0441\u0442\u0430\u0432\u043a\u0438 \u043e\u043d\u043b\u0430\u0439\u043d<br>\n<\/a><\/p><p>\u041c\u044b \u0441 \u043d\u0435\u0442\u0435\u0440\u043f\u0435\u043d\u0438\u0435\u043c \u0436\u0434\u0435\u043c \u0432\u043e\u0437\u043c\u043e\u0436\u043d\u043e\u0441\u0442\u0438 \u043f\u043e\u043c\u043e\u0447\u044c \u0432\u0430\u043c \u043f\u0435\u0440\u0435\u0432\u0435\u0437\u0442\u0438 \u0432\u0430\u0448\u0438 \u043c\u0435\u0436\u0434\u0443\u043d\u0430\u0440\u043e\u0434\u043d\u044b\u0435 \u043f\u043e\u0441\u044b\u043b\u043a\u0438 \u0431\u044b\u0441\u0442\u0440\u043e \u0438 \u044d\u0444\u0444\u0435\u043a\u0442\u0438\u0432\u043d\u043e! \u0421\u0432\u044f\u0436\u0438\u0442\u0435\u0441\u044c \u0441 \u043d\u0430\u043c\u0438 \u0441\u0435\u0439\u0447\u0430\u0441, \u0447\u0442\u043e\u0431\u044b \u043d\u0430\u0447\u0430\u0442\u044c. \u0411\u043b\u0430\u0433\u043e\u0434\u0430\u0440\u0438\u043c \u0412\u0430\u0441 \u0437\u0430 \u0432\u044b\u0431\u043e\u0440 \u043a\u043e\u043c\u043f\u0430\u043d\u0438\u0438 \u00ab\u041f\u0442\u0440\u0430\u043d\u0441-\u043b\u043e\u0433\u0438\u0441\u0442\u0438\u043a\u0430\u00bb. \u041f\u043e\u0437\u0432\u043e\u043b\u044c\u0442\u0435 \u043d\u0430\u043c \u043f\u043e\u043a\u0430\u0437\u0430\u0442\u044c \u0432\u0430\u043c, \u043a\u0430\u043a \u043c\u0435\u0436\u0434\u0443\u043d\u0430\u0440\u043e\u0434\u043d\u0430\u044f \u0434\u043e\u0441\u0442\u0430\u0432\u043a\u0430 \u043c\u043e\u0436\u0435\u0442 \u0431\u044b\u0442\u044c \u0434\u0435\u0448\u0435\u0432\u043b\u0435, \u0431\u044b\u0441\u0442\u0440\u0435\u0435 \u0438 \u043f\u0440\u043e\u0449\u0435, \u0447\u0435\u043c \u043a\u043e\u0433\u0434\u0430-\u043b\u0438\u0431\u043e!<\/p><p>https:\/\/www.youtube.com\/watch?v=ECXqaWCdAVo<\/p><p>Ptrans-Logistics \u2014 \u044d\u0442\u043e \u043c\u0435\u0436\u0434\u0443\u043d\u0430\u0440\u043e\u0434\u043d\u043e\u0435 \u0442\u0440\u0430\u043d\u0441\u043f\u043e\u0440\u0442\u043d\u043e\u0435 \u0440\u0435\u0448\u0435\u043d\u0438\u0435 \u0434\u043b\u044f \u041c\u0430\u0440\u0440\u0430\u043a\u0435\u0448\u0430. \u041d\u0430\u0448\u0438 \u043c\u0435\u0436\u0434\u0443\u043d\u0430\u0440\u043e\u0434\u043d\u044b\u0435 \u043f\u0435\u0440\u0435\u0432\u043e\u0437\u043a\u0438 \u043d\u0430\u0434\u0435\u0436\u043d\u044b, \u0431\u044b\u0441\u0442\u0440\u044b \u0438 \u044d\u043a\u043e\u043d\u043e\u043c\u0438\u0447\u043d\u044b. \u041c\u044b \u0441\u043f\u0435\u0446\u0438\u0430\u043b\u0438\u0437\u0438\u0440\u0443\u0435\u043c\u0441\u044f \u043d\u0430 \u043c\u0435\u0436\u0434\u0443\u043d\u0430\u0440\u043e\u0434\u043d\u043e\u0439 \u0434\u043e\u0441\u0442\u0430\u0432\u043a\u0435 \u043f\u043e\u0441\u044b\u043b\u043e\u043a, \u0442\u043e\u0432\u0430\u0440\u043e\u0432, \u043c\u0435\u0436\u0434\u0443\u043d\u0430\u0440\u043e\u0434\u043d\u044b\u0445 \u043f\u0435\u0440\u0435\u0435\u0437\u0434\u0430\u0445 \u0438 \u043c\u0430\u0440\u043e\u043a\u043a\u0430\u043d\u0441\u043a\u0438\u0445 \u0440\u0435\u043c\u0435\u0441\u043b\u0435\u043d\u043d\u044b\u0445 \u0438\u0437\u0434\u0435\u043b\u0438\u044f\u0445. \u0421\u0432\u044f\u0436\u0438\u0442\u0435\u0441\u044c \u0441 \u043d\u0430\u043c\u0438 \u0441\u0435\u0433\u043e\u0434\u043d\u044f, \u0447\u0442\u043e\u0431\u044b \u0443\u0437\u043d\u0430\u0442\u044c \u0431\u043e\u043b\u044c\u0448\u0435 \u043e \u043d\u0430\u0448\u0438\u0445 \u0443\u0441\u043b\u0443\u0433\u0430\u0445 \u043c\u0435\u0436\u0434\u0443\u043d\u0430\u0440\u043e\u0434\u043d\u043e\u0439 \u0434\u043e\u0441\u0442\u0430\u0432\u043a\u0438 \u0438 \u043f\u043e\u043b\u0443\u0447\u0438\u0442\u044c \u043b\u0443\u0447\u0448\u0438\u0435 \u0442\u0430\u0440\u0438\u0444\u044b \u043d\u0430 \u043c\u0435\u0436\u0434\u0443\u043d\u0430\u0440\u043e\u0434\u043d\u0443\u044e \u0434\u043e\u0441\u0442\u0430\u0432\u043a\u0443 \u0441 \u043c\u0430\u0440\u0442\u0430. \u041f\u043e\u0437\u0432\u043e\u043b\u044c\u0442\u0435 \u043d\u0430\u043c \u043f\u043e\u043a\u0430\u0437\u0430\u0442\u044c \u0432\u0430\u043c, \u043a\u0430\u043a \u043c\u0435\u0436\u0434\u0443\u043d\u0430\u0440\u043e\u0434\u043d\u0430\u044f \u0434\u043e\u0441\u0442\u0430\u0432\u043a\u0430 \u043c\u043e\u0436\u0435\u0442 \u0431\u044b\u0442\u044c \u043f\u0440\u043e\u0449\u0435, \u0431\u044b\u0441\u0442\u0440\u0435\u0435 \u0438 \u0434\u0435\u0448\u0435\u0432\u043b\u0435 \u0441 Ptrans-Logistics.<\/p><h2>\u041f\u043e\u043b\u0435\u0437\u043d\u044b\u0435 \u0441\u0441\u044b\u043b\u043a\u0438<\/h2><p><a href=\"http:\/\/www.douane.gov.ma\/\"><br>\n<img decoding=\"async\" width=\"300\" height=\"137\" src=\"http:\/\/ptrans.fr\/wp-content\/uploads\/2022\/12\/transport-international-marrakech-douane-300x137.png\" alt=\"\" loading=\"lazy\" srcset=\"https:\/\/ptrans.fr\/wp-content\/uploads\/2022\/12\/transport-international-marrakech-douane-300x137.png 300w, https:\/\/ptrans.fr\/wp-content\/uploads\/2022\/12\/transport-international-marrakech-douane.png 616w\" sizes=\"(max-width: 300px) 100vw, 300px\">\t\t\t\t\t\t\t\t<\/a><br>\n<a href=\"https:\/\/www.bureauveritas.ma\/fr\"><br>\n<img decoding=\"async\" width=\"243\" height=\"300\" src=\"http:\/\/ptrans.fr\/wp-content\/uploads\/2022\/12\/transport-international-marrakech-conformitee-243x300.png\" alt=\"transport international marrakech conformit&eacute;e\" loading=\"lazy\" srcset=\"https:\/\/ptrans.fr\/wp-content\/uploads\/2022\/12\/transport-international-marrakech-conformitee-243x300.png 243w, https:\/\/ptrans.fr\/wp-content\/uploads\/2022\/12\/transport-international-marrakech-conformitee-828x1024.png 828w, https:\/\/ptrans.fr\/wp-content\/uploads\/2022\/12\/transport-international-marrakech-conformitee-768x950.png 768w, https:\/\/ptrans.fr\/wp-content\/uploads\/2022\/12\/transport-international-marrakech-conformitee-1242x1536.png 1242w, https:\/\/ptrans.fr\/wp-content\/uploads\/2022\/12\/transport-international-marrakech-conformitee-800x989.png 800w, https:\/\/ptrans.fr\/wp-content\/uploads\/2022\/12\/transport-international-marrakech-conformitee.png 1390w\" sizes=\"(max-width: 243px) 100vw, 243px\">\t\t\t\t\t\t\t\t<\/a><\/p><\/style>","protected":false},"excerpt":{"rendered":"<p>Transport International Marrakech Vous cherchez un transport international depuis et vers Marrakech ? Chez Ptrans-logistics, [&hellip;]<\/p>","protected":false},"author":1,"featured_media":0,"parent":0,"menu_order":0,"comment_status":"closed","ping_status":"closed","template":"","meta":{"footnotes":""},"yoast_head":"<!-- This site is optimized with the Yoast SEO plugin v22.8 - https:\/\/yoast.com\/wordpress\/plugins\/seo\/ -->\n<title>Transport International Marrakech | T\u00e9l : +212(0)85 80 08129<\/title>\n<meta name=\"description\" content=\"Ptrans soci\u00e9t\u00e9 de transport international Marrakech. T\u00e9l : +212663232300. Mail : s.p@ptrans.fr. Contactez-nous!\" \/>\n<meta name=\"robots\" content=\"index, follow, max-snippet:-1, max-image-preview:large, max-video-preview:-1\" \/>\n<link rel=\"canonical\" href=\"https:\/\/ptrans.fr\/ru\/transport-international-marrakech\/\" \/>\n<meta property=\"og:locale\" content=\"ru_RU\" \/>\n<meta property=\"og:type\" content=\"article\" \/>\n<meta property=\"og:title\" content=\"Transport International Marrakech | T\u00e9l : +212(0)85 80 08129\" \/>\n<meta property=\"og:description\" content=\"Ptrans soci\u00e9t\u00e9 de transport international Marrakech. T\u00e9l : +212663232300. Mail : s.p@ptrans.fr. Contactez-nous!\" \/>\n<meta property=\"og:url\" content=\"https:\/\/ptrans.fr\/ru\/transport-international-marrakech\/\" \/>\n<meta property=\"og:site_name\" content=\"Ptrans Soci\u00e9t\u00e9 De Transport &amp; D\u00e9m\u00e9nagements International Entre Le Maroc Et Le Reste Du Monde\" \/>\n<meta property=\"article:publisher\" content=\"https:\/\/www.facebook.com\/PlogisticsEurope\" \/>\n<meta property=\"article:modified_time\" content=\"2022-12-30T23:43:46+00:00\" \/>\n<meta property=\"og:image\" content=\"http:\/\/ptrans.fr\/wp-content\/uploads\/2022\/12\/transport-international-marrakech1-1024x635.png\" \/>\n<meta name=\"twitter:label1\" content=\"\u041f\u0440\u0438\u043c\u0435\u0440\u043d\u043e\u0435 \u0432\u0440\u0435\u043c\u044f \u0434\u043b\u044f \u0447\u0442\u0435\u043d\u0438\u044f\" \/>\n\t<meta name=\"twitter:data1\" content=\"2 \u043c\u0438\u043d\u0443\u0442\u044b\" \/>\n<script type=\"application\/ld+json\" class=\"yoast-schema-graph\">{\"@context\":\"https:\/\/schema.org\",\"@graph\":[{\"@type\":\"Article\",\"@id\":\"https:\/\/ptrans.fr\/transport-international-marrakech\/#article\",\"isPartOf\":{\"@id\":\"https:\/\/ptrans.fr\/transport-international-marrakech\/\"},\"author\":{\"name\":\"admin\",\"@id\":\"https:\/\/ptrans.fr\/#\/schema\/person\/3a50d5b251b4df119e3598a32b8ce67c\"},\"headline\":\"Transport International Marrakech\",\"datePublished\":\"2022-12-30T23:32:10+00:00\",\"dateModified\":\"2022-12-30T23:43:46+00:00\",\"mainEntityOfPage\":{\"@id\":\"https:\/\/ptrans.fr\/transport-international-marrakech\/\"},\"wordCount\":271,\"publisher\":{\"@id\":\"https:\/\/ptrans.fr\/#organization\"},\"image\":{\"@id\":\"https:\/\/ptrans.fr\/transport-international-marrakech\/#primaryimage\"},\"thumbnailUrl\":\"http:\/\/ptrans.fr\/wp-content\/uploads\/2022\/12\/transport-international-marrakech1-1024x635.png\",\"inLanguage\":\"ru-RU\"},{\"@type\":\"WebPage\",\"@id\":\"https:\/\/ptrans.fr\/transport-international-marrakech\/\",\"url\":\"https:\/\/ptrans.fr\/transport-international-marrakech\/\",\"name\":\"Transport International Marrakech | T\u00e9l : +212(0)85 80 08129\",\"isPartOf\":{\"@id\":\"https:\/\/ptrans.fr\/#website\"},\"primaryImageOfPage\":{\"@id\":\"https:\/\/ptrans.fr\/transport-international-marrakech\/#primaryimage\"},\"image\":{\"@id\":\"https:\/\/ptrans.fr\/transport-international-marrakech\/#primaryimage\"},\"thumbnailUrl\":\"http:\/\/ptrans.fr\/wp-content\/uploads\/2022\/12\/transport-international-marrakech1-1024x635.png\",\"datePublished\":\"2022-12-30T23:32:10+00:00\",\"dateModified\":\"2022-12-30T23:43:46+00:00\",\"description\":\"Ptrans soci\u00e9t\u00e9 de transport international Marrakech. T\u00e9l : +212663232300. Mail : s.p@ptrans.fr. Contactez-nous!\",\"inLanguage\":\"ru-RU\",\"potentialAction\":[{\"@type\":\"ReadAction\",\"target\":[\"https:\/\/ptrans.fr\/transport-international-marrakech\/\"]}]},{\"@type\":\"ImageObject\",\"inLanguage\":\"ru-RU\",\"@id\":\"https:\/\/ptrans.fr\/transport-international-marrakech\/#primaryimage\",\"url\":\"http:\/\/ptrans.fr\/wp-content\/uploads\/2022\/12\/transport-international-marrakech1-1024x635.png\",\"contentUrl\":\"http:\/\/ptrans.fr\/wp-content\/uploads\/2022\/12\/transport-international-marrakech1-1024x635.png\"},{\"@type\":\"WebSite\",\"@id\":\"https:\/\/ptrans.fr\/#website\",\"url\":\"https:\/\/ptrans.fr\/\",\"name\":\"Ptrans Soci\u00e9t\u00e9 De Transport Et D\u00e9m\u00e9nagement International Maroc\",\"description\":\"Ptrans Votre Transporteur &amp; D\u00e9m\u00e9nageur Vers Le Maroc\",\"publisher\":{\"@id\":\"https:\/\/ptrans.fr\/#organization\"},\"alternateName\":\"Ptrans\",\"potentialAction\":[{\"@type\":\"SearchAction\",\"target\":{\"@type\":\"EntryPoint\",\"urlTemplate\":\"https:\/\/ptrans.fr\/?s={search_term_string}\"},\"query-input\":\"required name=search_term_string\"}],\"inLanguage\":\"ru-RU\"},{\"@type\":\"Organization\",\"@id\":\"https:\/\/ptrans.fr\/#organization\",\"name\":\"Ptrans Soci\u00e9t\u00e9 De Transport Et D\u00e9m\u00e9nagements International Entre Le Maroc Et Le Reste Du Monde\",\"url\":\"https:\/\/ptrans.fr\/\",\"logo\":{\"@type\":\"ImageObject\",\"inLanguage\":\"ru-RU\",\"@id\":\"https:\/\/ptrans.fr\/#\/schema\/logo\/image\/\",\"url\":\"http:\/\/ptrans.fr\/wp-content\/uploads\/2022\/08\/P.trans-logi_Plan-de-travail-1.png\",\"contentUrl\":\"http:\/\/ptrans.fr\/wp-content\/uploads\/2022\/08\/P.trans-logi_Plan-de-travail-1.png\",\"width\":2481,\"height\":1076,\"caption\":\"Ptrans Soci\u00e9t\u00e9 De Transport Et D\u00e9m\u00e9nagements International Entre Le Maroc Et Le Reste Du Monde\"},\"image\":{\"@id\":\"https:\/\/ptrans.fr\/#\/schema\/logo\/image\/\"},\"sameAs\":[\"https:\/\/www.facebook.com\/PlogisticsEurope\"]},{\"@type\":\"Person\",\"@id\":\"https:\/\/ptrans.fr\/#\/schema\/person\/3a50d5b251b4df119e3598a32b8ce67c\",\"name\":\"admin\",\"image\":{\"@type\":\"ImageObject\",\"inLanguage\":\"ru-RU\",\"@id\":\"https:\/\/ptrans.fr\/#\/schema\/person\/image\/\",\"url\":\"https:\/\/secure.gravatar.com\/avatar\/f1ed11851bb8c89ef1f06d655ba0bd00?s=96&d=mm&r=g\",\"contentUrl\":\"https:\/\/secure.gravatar.com\/avatar\/f1ed11851bb8c89ef1f06d655ba0bd00?s=96&d=mm&r=g\",\"caption\":\"admin\"},\"url\":\"https:\/\/ptrans.fr\/ru\/author\/admin\/\"}]}<\/script>\n<!-- \/ Yoast SEO plugin. -->","yoast_head_json":{"title":"Transport International Marrakech | T\u00e9l : +212(0)85 80 08129","description":"Ptrans soci\u00e9t\u00e9 de transport international Marrakech. T\u00e9l : +212663232300. Mail : s.p@ptrans.fr. Contactez-nous!","robots":{"index":"index","follow":"follow","max-snippet":"max-snippet:-1","max-image-preview":"max-image-preview:large","max-video-preview":"max-video-preview:-1"},"canonical":"https:\/\/ptrans.fr\/ru\/transport-international-marrakech\/","og_locale":"ru_RU","og_type":"article","og_title":"Transport International Marrakech | T\u00e9l : +212(0)85 80 08129","og_description":"Ptrans soci\u00e9t\u00e9 de transport international Marrakech. T\u00e9l : +212663232300. Mail : s.p@ptrans.fr. Contactez-nous!","og_url":"https:\/\/ptrans.fr\/ru\/transport-international-marrakech\/","og_site_name":"Ptrans Soci\u00e9t\u00e9 De Transport &amp; D\u00e9m\u00e9nagements International Entre Le Maroc Et Le Reste Du Monde","article_publisher":"https:\/\/www.facebook.com\/PlogisticsEurope","article_modified_time":"2022-12-30T23:43:46+00:00","og_image":[{"url":"http:\/\/ptrans.fr\/wp-content\/uploads\/2022\/12\/transport-international-marrakech1-1024x635.png"}],"twitter_misc":{"\u041f\u0440\u0438\u043c\u0435\u0440\u043d\u043e\u0435 \u0432\u0440\u0435\u043c\u044f \u0434\u043b\u044f \u0447\u0442\u0435\u043d\u0438\u044f":"2 \u043c\u0438\u043d\u0443\u0442\u044b"},"schema":{"@context":"https:\/\/schema.org","@graph":[{"@type":"Article","@id":"https:\/\/ptrans.fr\/transport-international-marrakech\/#article","isPartOf":{"@id":"https:\/\/ptrans.fr\/transport-international-marrakech\/"},"author":{"name":"admin","@id":"https:\/\/ptrans.fr\/#\/schema\/person\/3a50d5b251b4df119e3598a32b8ce67c"},"headline":"Transport International Marrakech","datePublished":"2022-12-30T23:32:10+00:00","dateModified":"2022-12-30T23:43:46+00:00","mainEntityOfPage":{"@id":"https:\/\/ptrans.fr\/transport-international-marrakech\/"},"wordCount":271,"publisher":{"@id":"https:\/\/ptrans.fr\/#organization"},"image":{"@id":"https:\/\/ptrans.fr\/transport-international-marrakech\/#primaryimage"},"thumbnailUrl":"http:\/\/ptrans.fr\/wp-content\/uploads\/2022\/12\/transport-international-marrakech1-1024x635.png","inLanguage":"ru-RU"},{"@type":"WebPage","@id":"https:\/\/ptrans.fr\/transport-international-marrakech\/","url":"https:\/\/ptrans.fr\/transport-international-marrakech\/","name":"Transport International Marrakech | T\u00e9l : +212(0)85 80 08129","isPartOf":{"@id":"https:\/\/ptrans.fr\/#website"},"primaryImageOfPage":{"@id":"https:\/\/ptrans.fr\/transport-international-marrakech\/#primaryimage"},"image":{"@id":"https:\/\/ptrans.fr\/transport-international-marrakech\/#primaryimage"},"thumbnailUrl":"http:\/\/ptrans.fr\/wp-content\/uploads\/2022\/12\/transport-international-marrakech1-1024x635.png","datePublished":"2022-12-30T23:32:10+00:00","dateModified":"2022-12-30T23:43:46+00:00","description":"Ptrans soci\u00e9t\u00e9 de transport international Marrakech. T\u00e9l : +212663232300. Mail : s.p@ptrans.fr. Contactez-nous!","inLanguage":"ru-RU","potentialAction":[{"@type":"ReadAction","target":["https:\/\/ptrans.fr\/transport-international-marrakech\/"]}]},{"@type":"ImageObject","inLanguage":"ru-RU","@id":"https:\/\/ptrans.fr\/transport-international-marrakech\/#primaryimage","url":"http:\/\/ptrans.fr\/wp-content\/uploads\/2022\/12\/transport-international-marrakech1-1024x635.png","contentUrl":"http:\/\/ptrans.fr\/wp-content\/uploads\/2022\/12\/transport-international-marrakech1-1024x635.png"},{"@type":"WebSite","@id":"https:\/\/ptrans.fr\/#website","url":"https:\/\/ptrans.fr\/","name":"Ptrans Soci\u00e9t\u00e9 De Transport Et D\u00e9m\u00e9nagement International Maroc","description":"Ptrans Votre Transporteur &amp; D\u00e9m\u00e9nageur Vers Le Maroc","publisher":{"@id":"https:\/\/ptrans.fr\/#organization"},"alternateName":"Ptrans","potentialAction":[{"@type":"SearchAction","target":{"@type":"EntryPoint","urlTemplate":"https:\/\/ptrans.fr\/?s={search_term_string}"},"query-input":"required name=search_term_string"}],"inLanguage":"ru-RU"},{"@type":"Organization","@id":"https:\/\/ptrans.fr\/#organization","name":"Ptrans Soci\u00e9t\u00e9 De Transport Et D\u00e9m\u00e9nagements International Entre Le Maroc Et Le Reste Du Monde","url":"https:\/\/ptrans.fr\/","logo":{"@type":"ImageObject","inLanguage":"ru-RU","@id":"https:\/\/ptrans.fr\/#\/schema\/logo\/image\/","url":"http:\/\/ptrans.fr\/wp-content\/uploads\/2022\/08\/P.trans-logi_Plan-de-travail-1.png","contentUrl":"http:\/\/ptrans.fr\/wp-content\/uploads\/2022\/08\/P.trans-logi_Plan-de-travail-1.png","width":2481,"height":1076,"caption":"Ptrans Soci\u00e9t\u00e9 De Transport Et D\u00e9m\u00e9nagements International Entre Le Maroc Et Le Reste Du Monde"},"image":{"@id":"https:\/\/ptrans.fr\/#\/schema\/logo\/image\/"},"sameAs":["https:\/\/www.facebook.com\/PlogisticsEurope"]},{"@type":"Person","@id":"https:\/\/ptrans.fr\/#\/schema\/person\/3a50d5b251b4df119e3598a32b8ce67c","name":"admin","image":{"@type":"ImageObject","inLanguage":"ru-RU","@id":"https:\/\/ptrans.fr\/#\/schema\/person\/image\/","url":"https:\/\/secure.gravatar.com\/avatar\/f1ed11851bb8c89ef1f06d655ba0bd00?s=96&d=mm&r=g","contentUrl":"https:\/\/secure.gravatar.com\/avatar\/f1ed11851bb8c89ef1f06d655ba0bd00?s=96&d=mm&r=g","caption":"admin"},"url":"https:\/\/ptrans.fr\/ru\/author\/admin\/"}]}},"jetpack_sharing_enabled":true,"jetpack_likes_enabled":true,"_links":{"self":[{"href":"https:\/\/ptrans.fr\/ru\/wp-json\/wp\/v2\/pages\/9754"}],"collection":[{"href":"https:\/\/ptrans.fr\/ru\/wp-json\/wp\/v2\/pages"}],"about":[{"href":"https:\/\/ptrans.fr\/ru\/wp-json\/wp\/v2\/types\/page"}],"author":[{"embeddable":true,"href":"https:\/\/ptrans.fr\/ru\/wp-json\/wp\/v2\/users\/1"}],"replies":[{"embeddable":true,"href":"https:\/\/ptrans.fr\/ru\/wp-json\/wp\/v2\/comments?post=9754"}],"version-history":[{"count":0,"href":"https:\/\/ptrans.fr\/ru\/wp-json\/wp\/v2\/pages\/9754\/revisions"}],"wp:attachment":[{"href":"https:\/\/ptrans.fr\/ru\/wp-json\/wp\/v2\/media?parent=9754"}],"curies":[{"name":"wp","href":"https:\/\/api.w.org\/{rel}","templated":true}]}}