{"id":9815,"date":"2022-12-31T12:07:22","date_gmt":"2022-12-31T11:07:22","guid":{"rendered":"https:\/\/ptrans.fr\/?page_id=9815"},"modified":"2023-01-01T16:10:42","modified_gmt":"2023-01-01T15:10:42","slug":"transport-international-prix-maroc","status":"publish","type":"page","link":"https:\/\/ptrans.fr\/ru\/transport-international-prix-maroc\/","title":{"rendered":"<p>Transport International Prix<\/p>"},"content":{"rendered":"<h2>Profitez des &eacute;conomies et de l&rsquo;efficacit&eacute; des Prix de transport international de la soci&eacute;t&eacute; Ptrans au Maroc !<p><img decoding=\"async\" width=\"1024\" height=\"635\" src=\"http:\/\/ptrans.fr\/wp-content\/uploads\/2022\/12\/transport-international-prix-maroc-1024x635.png\" alt=\"transport international prix maroc\" loading=\"lazy\" srcset=\"https:\/\/ptrans.fr\/wp-content\/uploads\/2022\/12\/transport-international-prix-maroc-1024x635.png 1024w, https:\/\/ptrans.fr\/wp-content\/uploads\/2022\/12\/transport-international-prix-maroc-300x186.png 300w, https:\/\/ptrans.fr\/wp-content\/uploads\/2022\/12\/transport-international-prix-maroc-768x476.png 768w, https:\/\/ptrans.fr\/wp-content\/uploads\/2022\/12\/transport-international-prix-maroc-800x496.png 800w, https:\/\/ptrans.fr\/wp-content\/uploads\/2022\/12\/transport-international-prix-maroc.png 1500w\" sizes=\"(max-width: 1024px) 100vw, 1024px\"><\/p><p>Vous cherchez un moyen fiable et &eacute;conomique de transporter vos marchandises &agrave; l&rsquo;international depuis et vers le Maroc ? Ne cherchez pas plus loin que Ptrans ! Notre &eacute;quipe exp&eacute;riment&eacute;e propose des tarifs pr&eacute;f&eacute;rentiels sur tous les types d&rsquo;envois internationaux de colis, de groupage et d&rsquo;artisanat marocain. De plus, nous garantissons des d&eacute;lais de livraison porte-&agrave;-porte plus rapides que ceux de nos concurrents. Vous pouvez donc &ecirc;tre s&ucirc;r que votre envoi arrivera en toute s&eacute;curit&eacute; en un temps record. Gr&acirc;ce aux services de Ptrans, vous pouvez &eacute;conomiser des milliers de dollars chaque ann&eacute;e tout en b&eacute;n&eacute;ficiant d&rsquo;une excellente exp&eacute;rience de service en cours de route. Et avec nos proc&eacute;dures douani&egrave;res formalis&eacute;es au Maroc, nous traitons toute complication ou question rapidement et sans effort. Les &eacute;conomies et l&rsquo;efficacit&eacute; offertes par Ptrans sont imbattables !<\/p><p><a href=\"https:\/\/ptrans.fr\/ru\/estimer-le-prix\/\" role=\"button\"><br>\nSimuler Le Prix Du Transport<br>\n<\/a><br>\nhttps:\/\/www.youtube.com\/watch?v=ECXqaWCdAVo<\/p><h2><strong>Qu&rsquo;est-ce que la soci&eacute;t&eacute; Ptrans ?<\/strong><\/h2><p>Ptrans est une soci&eacute;t&eacute; de transport international et de logistique bas&eacute;e au Maroc. Ayant acc&egrave;s &agrave; des centaines d&rsquo;exp&eacute;ditions internationales chaque mois. Ptrans offre des services complets &agrave; des tarifs pr&eacute;f&eacute;rentiels, en livrant les marchandises rapidement et en toute s&eacute;curit&eacute; vers des destinations internationales. Nous proposons des livraisons porte-&agrave;-porte avec des proc&eacute;dures douani&egrave;res formalis&eacute;es. Afin que vous n&rsquo;ayez pas &agrave; vous soucier de la s&eacute;curit&eacute; de vos marchandises. Notre &eacute;quipe exp&eacute;riment&eacute;e se consacre &agrave; fournir une exp&eacute;rience de service de haute qualit&eacute; avec des prix de transport international qui sont imbattables ! Contactez nous aujourd&rsquo;hui et d&eacute;couvrez comment Ples prix du transport international trans peuvent vous faire &eacute;conomiser de l&rsquo;argent !<\/p><p><a href=\"https:\/\/ptrans.fr\/ru\/estimer-le-prix\/\" role=\"button\"><br>\nSimuler Le Prix Du Transport<br>\n<\/a><\/p><h2><strong>Quels sont les prix du transport international de la soci&eacute;t&eacute; Ptrans au Maroc ?<\/strong><\/h2><p>Nos prix d&rsquo;exp&eacute;dition internationale sont con&ccedil;us pour vous faire &eacute;conomiser de l&rsquo;argent. Nous offrons des tarifs pr&eacute;f&eacute;rentiels sur tous les envois de colis , et l&rsquo;artisanat marocain, en garantissant des d&eacute;lais plus rapides que ceux des concurrents. Nous proposons &eacute;galement des services express internationaux et des processus de formalisation douani&egrave;re au Maroc afin de rendre le processus d&rsquo;exp&eacute;dition internationale aussi efficace et s&ucirc;r que possible. Avec les prix d&rsquo;exp&eacute;dition internationale de Ptrans, vous pouvez &eacute;conomiser des milliers de dollars chaque ann&eacute;e tout en profitant d&rsquo;une exp&eacute;rience de livraison internationale de premier ordre<\/p><p>Contactez contactez-nous pour en savoir plus sur les prix d&rsquo;exp&eacute;dition internationale pour le Maroc et profitez des &eacute;conomies et de l&rsquo;efficacit&eacute; offertes par Ptrans !<\/p><p><img decoding=\"async\" width=\"1024\" height=\"704\" src=\"http:\/\/ptrans.fr\/wp-content\/uploads\/2023\/01\/transport-international-routier-maroc2-1024x704.png\" alt=\"transport international routier maroc 2\" loading=\"lazy\" srcset=\"https:\/\/ptrans.fr\/wp-content\/uploads\/2023\/01\/transport-international-routier-maroc2-1024x704.png 1024w, https:\/\/ptrans.fr\/wp-content\/uploads\/2023\/01\/transport-international-routier-maroc2-300x206.png 300w, https:\/\/ptrans.fr\/wp-content\/uploads\/2023\/01\/transport-international-routier-maroc2-768x528.png 768w, https:\/\/ptrans.fr\/wp-content\/uploads\/2023\/01\/transport-international-routier-maroc2-1536x1056.png 1536w, https:\/\/ptrans.fr\/wp-content\/uploads\/2023\/01\/transport-international-routier-maroc2-800x550.png 800w, https:\/\/ptrans.fr\/wp-content\/uploads\/2023\/01\/transport-international-routier-maroc2.png 1600w\" sizes=\"(max-width: 1024px) 100vw, 1024px\"><br>\n<a href=\"https:\/\/ptrans.fr\/ru\/estimer-le-prix\/\" role=\"button\"><br>\nSimuler Le Prix Du Transport<br>\n<\/a><\/p><h2><strong>Quelle est l&rsquo;efficacit&eacute; de la soci&eacute;t&eacute; Ptrans en mati&egrave;re de prix de transport international au Maroc ?<\/strong><\/h2><p>Chez Ptrans, nous comprenons l&rsquo;importance des prix du transport international pour les entreprises du monde entier. Nous nous effor&ccedil;ons de rendre le transport international aussi efficace et rentable que possible. Nos prix d&rsquo;exp&eacute;dition internationale sont tr&egrave;s comp&eacute;titifs, garantissant les meilleurs tarifs possibles sur les envois de colis internationaux, la consolidation et l&rsquo;artisanat marocain. De plus, nous offrons les services express et les processus de formalisation douani&egrave;re au Maroc. Vous pouvez donc &ecirc;tre s&ucirc;r que vos besoins en mati&egrave;re d&rsquo;exp&eacute;dition internationale sont pris en charge. Avec les services internationaux de Ptrans vous pouvez faire parvenir vos marchandises l&agrave; o&ugrave; elles doivent aller, rapidement, en toute s&eacute;curit&eacute; et &agrave; une fraction du co&ucirc;t.<\/p><p><a href=\"https:\/\/ptrans.fr\/ru\/estimer-le-prix\/\" role=\"button\"><br>\nSimuler Le Prix Du Transport<br>\n<\/a><\/p><h2>\u041f\u043e\u043b\u0435\u0437\u043d\u044b\u0435 \u0441\u0441\u044b\u043b\u043a\u0438<\/h2><p><a href=\"http:\/\/www.douane.gov.ma\/\"><br>\n<img decoding=\"async\" width=\"300\" height=\"137\" src=\"http:\/\/ptrans.fr\/wp-content\/uploads\/2023\/01\/transport-international-routier-maroc-douane-300x137.png\" alt=\"transport international routier maroc douane\" loading=\"lazy\" srcset=\"https:\/\/ptrans.fr\/wp-content\/uploads\/2023\/01\/transport-international-routier-maroc-douane-300x137.png 300w, https:\/\/ptrans.fr\/wp-content\/uploads\/2023\/01\/transport-international-routier-maroc-douane.png 616w\" sizes=\"(max-width: 300px) 100vw, 300px\">\t\t\t\t\t\t\t\t<\/a><br>\n<a href=\"https:\/\/www.bureauveritas.ma\/fr\"><br>\n<img decoding=\"async\" width=\"243\" height=\"300\" src=\"http:\/\/ptrans.fr\/wp-content\/uploads\/2023\/01\/transport-international-routier-maroc-conformitee-243x300.png\" alt=\"transport international routier maroc conformit&eacute;e\" loading=\"lazy\" srcset=\"https:\/\/ptrans.fr\/wp-content\/uploads\/2023\/01\/transport-international-routier-maroc-conformitee-243x300.png 243w, https:\/\/ptrans.fr\/wp-content\/uploads\/2023\/01\/transport-international-routier-maroc-conformitee-828x1024.png 828w, https:\/\/ptrans.fr\/wp-content\/uploads\/2023\/01\/transport-international-routier-maroc-conformitee-768x950.png 768w, https:\/\/ptrans.fr\/wp-content\/uploads\/2023\/01\/transport-international-routier-maroc-conformitee-1242x1536.png 1242w, https:\/\/ptrans.fr\/wp-content\/uploads\/2023\/01\/transport-international-routier-maroc-conformitee-800x989.png 800w, https:\/\/ptrans.fr\/wp-content\/uploads\/2023\/01\/transport-international-routier-maroc-conformitee.png 1390w\" sizes=\"(max-width: 243px) 100vw, 243px\">\t\t\t\t\t\t\t\t<\/a><\/p><\/h2>","protected":false},"excerpt":{"rendered":"<p>Profitez des &eacute;conomies et de l&rsquo;efficacit&eacute; des Prix de transport international de la soci&eacute;t&eacute; Ptrans [&hellip;]<\/p>","protected":false},"author":1,"featured_media":0,"parent":0,"menu_order":0,"comment_status":"closed","ping_status":"closed","template":"","meta":{"footnotes":""},"yoast_head":"<!-- This site is optimized with the Yoast SEO plugin v22.8 - https:\/\/yoast.com\/wordpress\/plugins\/seo\/ -->\n<title>Transport International Prix | T\u00e9l : +212(0)808508129<\/title>\n<meta name=\"description\" content=\"Obtenez un transport international prix Maroc. Ptrans propose des tarifs comp\u00e9titifs et des services fiables.T\u00e9l: +2128 (0)808508129\" \/>\n<meta name=\"robots\" content=\"index, follow, max-snippet:-1, max-image-preview:large, max-video-preview:-1\" \/>\n<link rel=\"canonical\" href=\"https:\/\/ptrans.fr\/ru\/transport-international-prix-maroc\/\" \/>\n<meta property=\"og:locale\" content=\"ru_RU\" \/>\n<meta property=\"og:type\" content=\"article\" \/>\n<meta property=\"og:title\" content=\"Transport International Prix | T\u00e9l : +212(0)808508129\" \/>\n<meta property=\"og:description\" content=\"Obtenez un transport international prix Maroc. Ptrans propose des tarifs comp\u00e9titifs et des services fiables.T\u00e9l: +2128 (0)808508129\" \/>\n<meta property=\"og:url\" content=\"https:\/\/ptrans.fr\/ru\/transport-international-prix-maroc\/\" \/>\n<meta property=\"og:site_name\" content=\"Ptrans Soci\u00e9t\u00e9 De Transport &amp; D\u00e9m\u00e9nagements International Entre Le Maroc Et Le Reste Du Monde\" \/>\n<meta property=\"article:publisher\" content=\"https:\/\/www.facebook.com\/PlogisticsEurope\" \/>\n<meta property=\"article:modified_time\" content=\"2023-01-01T15:10:42+00:00\" \/>\n<meta property=\"og:image\" content=\"http:\/\/ptrans.fr\/wp-content\/uploads\/2022\/12\/transport-international-prix-maroc-1024x635.png\" \/>\n<meta name=\"twitter:label1\" content=\"\u041f\u0440\u0438\u043c\u0435\u0440\u043d\u043e\u0435 \u0432\u0440\u0435\u043c\u044f \u0434\u043b\u044f \u0447\u0442\u0435\u043d\u0438\u044f\" \/>\n\t<meta name=\"twitter:data1\" content=\"4 \u043c\u0438\u043d\u0443\u0442\u044b\" \/>\n<script type=\"application\/ld+json\" class=\"yoast-schema-graph\">{\"@context\":\"https:\/\/schema.org\",\"@graph\":[{\"@type\":\"Article\",\"@id\":\"https:\/\/ptrans.fr\/transport-international-prix-maroc\/#article\",\"isPartOf\":{\"@id\":\"https:\/\/ptrans.fr\/transport-international-prix-maroc\/\"},\"author\":{\"name\":\"admin\",\"@id\":\"https:\/\/ptrans.fr\/#\/schema\/person\/3a50d5b251b4df119e3598a32b8ce67c\"},\"headline\":\"Transport International Prix\",\"datePublished\":\"2022-12-31T11:07:22+00:00\",\"dateModified\":\"2023-01-01T15:10:42+00:00\",\"mainEntityOfPage\":{\"@id\":\"https:\/\/ptrans.fr\/transport-international-prix-maroc\/\"},\"wordCount\":601,\"publisher\":{\"@id\":\"https:\/\/ptrans.fr\/#organization\"},\"image\":{\"@id\":\"https:\/\/ptrans.fr\/transport-international-prix-maroc\/#primaryimage\"},\"thumbnailUrl\":\"http:\/\/ptrans.fr\/wp-content\/uploads\/2022\/12\/transport-international-prix-maroc-1024x635.png\",\"inLanguage\":\"ru-RU\"},{\"@type\":\"WebPage\",\"@id\":\"https:\/\/ptrans.fr\/transport-international-prix-maroc\/\",\"url\":\"https:\/\/ptrans.fr\/transport-international-prix-maroc\/\",\"name\":\"Transport International Prix | T\u00e9l : +212(0)808508129\",\"isPartOf\":{\"@id\":\"https:\/\/ptrans.fr\/#website\"},\"primaryImageOfPage\":{\"@id\":\"https:\/\/ptrans.fr\/transport-international-prix-maroc\/#primaryimage\"},\"image\":{\"@id\":\"https:\/\/ptrans.fr\/transport-international-prix-maroc\/#primaryimage\"},\"thumbnailUrl\":\"http:\/\/ptrans.fr\/wp-content\/uploads\/2022\/12\/transport-international-prix-maroc-1024x635.png\",\"datePublished\":\"2022-12-31T11:07:22+00:00\",\"dateModified\":\"2023-01-01T15:10:42+00:00\",\"description\":\"Obtenez un transport international prix Maroc. Ptrans propose des tarifs comp\u00e9titifs et des services fiables.T\u00e9l: +2128 (0)808508129\",\"inLanguage\":\"ru-RU\",\"potentialAction\":[{\"@type\":\"ReadAction\",\"target\":[\"https:\/\/ptrans.fr\/transport-international-prix-maroc\/\"]}]},{\"@type\":\"ImageObject\",\"inLanguage\":\"ru-RU\",\"@id\":\"https:\/\/ptrans.fr\/transport-international-prix-maroc\/#primaryimage\",\"url\":\"http:\/\/ptrans.fr\/wp-content\/uploads\/2022\/12\/transport-international-prix-maroc-1024x635.png\",\"contentUrl\":\"http:\/\/ptrans.fr\/wp-content\/uploads\/2022\/12\/transport-international-prix-maroc-1024x635.png\"},{\"@type\":\"WebSite\",\"@id\":\"https:\/\/ptrans.fr\/#website\",\"url\":\"https:\/\/ptrans.fr\/\",\"name\":\"Ptrans Soci\u00e9t\u00e9 De Transport Et D\u00e9m\u00e9nagement International Maroc\",\"description\":\"Ptrans Votre Transporteur &amp; D\u00e9m\u00e9nageur Vers Le Maroc\",\"publisher\":{\"@id\":\"https:\/\/ptrans.fr\/#organization\"},\"alternateName\":\"Ptrans\",\"potentialAction\":[{\"@type\":\"SearchAction\",\"target\":{\"@type\":\"EntryPoint\",\"urlTemplate\":\"https:\/\/ptrans.fr\/?s={search_term_string}\"},\"query-input\":\"required name=search_term_string\"}],\"inLanguage\":\"ru-RU\"},{\"@type\":\"Organization\",\"@id\":\"https:\/\/ptrans.fr\/#organization\",\"name\":\"Ptrans Soci\u00e9t\u00e9 De Transport Et D\u00e9m\u00e9nagements International Entre Le Maroc Et Le Reste Du Monde\",\"url\":\"https:\/\/ptrans.fr\/\",\"logo\":{\"@type\":\"ImageObject\",\"inLanguage\":\"ru-RU\",\"@id\":\"https:\/\/ptrans.fr\/#\/schema\/logo\/image\/\",\"url\":\"http:\/\/ptrans.fr\/wp-content\/uploads\/2022\/08\/P.trans-logi_Plan-de-travail-1.png\",\"contentUrl\":\"http:\/\/ptrans.fr\/wp-content\/uploads\/2022\/08\/P.trans-logi_Plan-de-travail-1.png\",\"width\":2481,\"height\":1076,\"caption\":\"Ptrans Soci\u00e9t\u00e9 De Transport Et D\u00e9m\u00e9nagements International Entre Le Maroc Et Le Reste Du Monde\"},\"image\":{\"@id\":\"https:\/\/ptrans.fr\/#\/schema\/logo\/image\/\"},\"sameAs\":[\"https:\/\/www.facebook.com\/PlogisticsEurope\"]},{\"@type\":\"Person\",\"@id\":\"https:\/\/ptrans.fr\/#\/schema\/person\/3a50d5b251b4df119e3598a32b8ce67c\",\"name\":\"admin\",\"image\":{\"@type\":\"ImageObject\",\"inLanguage\":\"ru-RU\",\"@id\":\"https:\/\/ptrans.fr\/#\/schema\/person\/image\/\",\"url\":\"https:\/\/secure.gravatar.com\/avatar\/f1ed11851bb8c89ef1f06d655ba0bd00?s=96&d=mm&r=g\",\"contentUrl\":\"https:\/\/secure.gravatar.com\/avatar\/f1ed11851bb8c89ef1f06d655ba0bd00?s=96&d=mm&r=g\",\"caption\":\"admin\"},\"url\":\"https:\/\/ptrans.fr\/ru\/author\/admin\/\"}]}<\/script>\n<!-- \/ Yoast SEO plugin. -->","yoast_head_json":{"title":"Transport International Prix | T\u00e9l : +212(0)808508129","description":"Obtenez un transport international prix Maroc. Ptrans propose des tarifs comp\u00e9titifs et des services fiables.T\u00e9l: +2128 (0)808508129","robots":{"index":"index","follow":"follow","max-snippet":"max-snippet:-1","max-image-preview":"max-image-preview:large","max-video-preview":"max-video-preview:-1"},"canonical":"https:\/\/ptrans.fr\/ru\/transport-international-prix-maroc\/","og_locale":"ru_RU","og_type":"article","og_title":"Transport International Prix | T\u00e9l : +212(0)808508129","og_description":"Obtenez un transport international prix Maroc. Ptrans propose des tarifs comp\u00e9titifs et des services fiables.T\u00e9l: +2128 (0)808508129","og_url":"https:\/\/ptrans.fr\/ru\/transport-international-prix-maroc\/","og_site_name":"Ptrans Soci\u00e9t\u00e9 De Transport &amp; D\u00e9m\u00e9nagements International Entre Le Maroc Et Le Reste Du Monde","article_publisher":"https:\/\/www.facebook.com\/PlogisticsEurope","article_modified_time":"2023-01-01T15:10:42+00:00","og_image":[{"url":"http:\/\/ptrans.fr\/wp-content\/uploads\/2022\/12\/transport-international-prix-maroc-1024x635.png"}],"twitter_misc":{"\u041f\u0440\u0438\u043c\u0435\u0440\u043d\u043e\u0435 \u0432\u0440\u0435\u043c\u044f \u0434\u043b\u044f \u0447\u0442\u0435\u043d\u0438\u044f":"4 \u043c\u0438\u043d\u0443\u0442\u044b"},"schema":{"@context":"https:\/\/schema.org","@graph":[{"@type":"Article","@id":"https:\/\/ptrans.fr\/transport-international-prix-maroc\/#article","isPartOf":{"@id":"https:\/\/ptrans.fr\/transport-international-prix-maroc\/"},"author":{"name":"admin","@id":"https:\/\/ptrans.fr\/#\/schema\/person\/3a50d5b251b4df119e3598a32b8ce67c"},"headline":"Transport International Prix","datePublished":"2022-12-31T11:07:22+00:00","dateModified":"2023-01-01T15:10:42+00:00","mainEntityOfPage":{"@id":"https:\/\/ptrans.fr\/transport-international-prix-maroc\/"},"wordCount":601,"publisher":{"@id":"https:\/\/ptrans.fr\/#organization"},"image":{"@id":"https:\/\/ptrans.fr\/transport-international-prix-maroc\/#primaryimage"},"thumbnailUrl":"http:\/\/ptrans.fr\/wp-content\/uploads\/2022\/12\/transport-international-prix-maroc-1024x635.png","inLanguage":"ru-RU"},{"@type":"WebPage","@id":"https:\/\/ptrans.fr\/transport-international-prix-maroc\/","url":"https:\/\/ptrans.fr\/transport-international-prix-maroc\/","name":"Transport International Prix | T\u00e9l : +212(0)808508129","isPartOf":{"@id":"https:\/\/ptrans.fr\/#website"},"primaryImageOfPage":{"@id":"https:\/\/ptrans.fr\/transport-international-prix-maroc\/#primaryimage"},"image":{"@id":"https:\/\/ptrans.fr\/transport-international-prix-maroc\/#primaryimage"},"thumbnailUrl":"http:\/\/ptrans.fr\/wp-content\/uploads\/2022\/12\/transport-international-prix-maroc-1024x635.png","datePublished":"2022-12-31T11:07:22+00:00","dateModified":"2023-01-01T15:10:42+00:00","description":"Obtenez un transport international prix Maroc. Ptrans propose des tarifs comp\u00e9titifs et des services fiables.T\u00e9l: +2128 (0)808508129","inLanguage":"ru-RU","potentialAction":[{"@type":"ReadAction","target":["https:\/\/ptrans.fr\/transport-international-prix-maroc\/"]}]},{"@type":"ImageObject","inLanguage":"ru-RU","@id":"https:\/\/ptrans.fr\/transport-international-prix-maroc\/#primaryimage","url":"http:\/\/ptrans.fr\/wp-content\/uploads\/2022\/12\/transport-international-prix-maroc-1024x635.png","contentUrl":"http:\/\/ptrans.fr\/wp-content\/uploads\/2022\/12\/transport-international-prix-maroc-1024x635.png"},{"@type":"WebSite","@id":"https:\/\/ptrans.fr\/#website","url":"https:\/\/ptrans.fr\/","name":"Ptrans Soci\u00e9t\u00e9 De Transport Et D\u00e9m\u00e9nagement International Maroc","description":"Ptrans Votre Transporteur &amp; D\u00e9m\u00e9nageur Vers Le Maroc","publisher":{"@id":"https:\/\/ptrans.fr\/#organization"},"alternateName":"Ptrans","potentialAction":[{"@type":"SearchAction","target":{"@type":"EntryPoint","urlTemplate":"https:\/\/ptrans.fr\/?s={search_term_string}"},"query-input":"required name=search_term_string"}],"inLanguage":"ru-RU"},{"@type":"Organization","@id":"https:\/\/ptrans.fr\/#organization","name":"Ptrans Soci\u00e9t\u00e9 De Transport Et D\u00e9m\u00e9nagements International Entre Le Maroc Et Le Reste Du Monde","url":"https:\/\/ptrans.fr\/","logo":{"@type":"ImageObject","inLanguage":"ru-RU","@id":"https:\/\/ptrans.fr\/#\/schema\/logo\/image\/","url":"http:\/\/ptrans.fr\/wp-content\/uploads\/2022\/08\/P.trans-logi_Plan-de-travail-1.png","contentUrl":"http:\/\/ptrans.fr\/wp-content\/uploads\/2022\/08\/P.trans-logi_Plan-de-travail-1.png","width":2481,"height":1076,"caption":"Ptrans Soci\u00e9t\u00e9 De Transport Et D\u00e9m\u00e9nagements International Entre Le Maroc Et Le Reste Du Monde"},"image":{"@id":"https:\/\/ptrans.fr\/#\/schema\/logo\/image\/"},"sameAs":["https:\/\/www.facebook.com\/PlogisticsEurope"]},{"@type":"Person","@id":"https:\/\/ptrans.fr\/#\/schema\/person\/3a50d5b251b4df119e3598a32b8ce67c","name":"admin","image":{"@type":"ImageObject","inLanguage":"ru-RU","@id":"https:\/\/ptrans.fr\/#\/schema\/person\/image\/","url":"https:\/\/secure.gravatar.com\/avatar\/f1ed11851bb8c89ef1f06d655ba0bd00?s=96&d=mm&r=g","contentUrl":"https:\/\/secure.gravatar.com\/avatar\/f1ed11851bb8c89ef1f06d655ba0bd00?s=96&d=mm&r=g","caption":"admin"},"url":"https:\/\/ptrans.fr\/ru\/author\/admin\/"}]}},"jetpack_sharing_enabled":true,"jetpack_likes_enabled":true,"_links":{"self":[{"href":"https:\/\/ptrans.fr\/ru\/wp-json\/wp\/v2\/pages\/9815"}],"collection":[{"href":"https:\/\/ptrans.fr\/ru\/wp-json\/wp\/v2\/pages"}],"about":[{"href":"https:\/\/ptrans.fr\/ru\/wp-json\/wp\/v2\/types\/page"}],"author":[{"embeddable":true,"href":"https:\/\/ptrans.fr\/ru\/wp-json\/wp\/v2\/users\/1"}],"replies":[{"embeddable":true,"href":"https:\/\/ptrans.fr\/ru\/wp-json\/wp\/v2\/comments?post=9815"}],"version-history":[{"count":0,"href":"https:\/\/ptrans.fr\/ru\/wp-json\/wp\/v2\/pages\/9815\/revisions"}],"wp:attachment":[{"href":"https:\/\/ptrans.fr\/ru\/wp-json\/wp\/v2\/media?parent=9815"}],"curies":[{"name":"wp","href":"https:\/\/api.w.org\/{rel}","templated":true}]}}