{"id":9867,"date":"2023-01-01T20:43:48","date_gmt":"2023-01-01T19:43:48","guid":{"rendered":"https:\/\/ptrans.fr\/?page_id=9867"},"modified":"2023-01-02T08:02:28","modified_gmt":"2023-01-02T07:02:28","slug":"transport-international-routier-maroc","status":"publish","type":"page","link":"https:\/\/ptrans.fr\/ru\/transport-international-routier-maroc\/","title":{"rendered":"<p>\u041c\u0435\u0436\u0434\u0443\u043d\u0430\u0440\u043e\u0434\u043d\u044b\u0439 \u0430\u0432\u0442\u043e\u043c\u043e\u0431\u0438\u043b\u044c\u043d\u044b\u0439 \u0442\u0440\u0430\u043d\u0441\u043f\u043e\u0440\u0442 \u041c\u0430\u0440\u043e\u043a\u043a\u043e<\/p>"},"content":{"rendered":"<h2>Ptrans Votre Partenaire De Transport International Routier Depuis Et Vers Le Maroc<p><img decoding=\"async\" width=\"1024\" height=\"635\" src=\"http:\/\/ptrans.fr\/wp-content\/uploads\/2023\/01\/transport-international-routier-maroc-1024x635.png\" alt=\"transport international routier maroc\" loading=\"lazy\" srcset=\"https:\/\/ptrans.fr\/wp-content\/uploads\/2023\/01\/transport-international-routier-maroc-1024x635.png 1024w, https:\/\/ptrans.fr\/wp-content\/uploads\/2023\/01\/transport-international-routier-maroc-300x186.png 300w, https:\/\/ptrans.fr\/wp-content\/uploads\/2023\/01\/transport-international-routier-maroc-768x476.png 768w, https:\/\/ptrans.fr\/wp-content\/uploads\/2023\/01\/transport-international-routier-maroc-800x496.png 800w, https:\/\/ptrans.fr\/wp-content\/uploads\/2023\/01\/transport-international-routier-maroc.png 1500w\" sizes=\"(max-width: 1024px) 100vw, 1024px\"><\/p><p>Ptrans est votre partenaire de transport routier international pour le Maroc et le reste du monde. Que vous ayez besoin de transporter des marchandises depuis le Maroc ou exp&eacute;dier du fret international vers ce pays. Nous pouvons vous fournir un service de transport routier international efficace et fiable.<\/p><p>Notre &eacute;quipe d&rsquo;experts en transport routier international est &agrave; votre disposition pour une solution d&rsquo;exp&eacute;dition internationale. Nous pouvons vous &eacute;conomisez du temps et de l&rsquo;argent en tirant parti de notre r&eacute;seau de transport routier international. Un acheminement rapide vos marchandises du Maroc vers leur destination internationale.<\/p><p><a href=\"https:\/\/ptrans.fr\/ru\/estimer-le-prix\/\" role=\"button\"><br>\nEstimer Les Tarifs De Transport En Ligne<br>\n<\/a><\/p><p>Ptrans fournit les services d&eacute;douanement, entreposage, et distribution, afin que vous n&rsquo;ayez pas &agrave; vous soucier des d&eacute;tails logistique internationale. Exp&eacute;riment&eacute;e dans la navigation dans les les r&eacute;glementations et proc&eacute;dures internationales associ&eacute;es au transport routier international. Une garantie pour que vos marchandises soient livr&eacute;es &agrave; temps et sans accroc. Nous comprenons l&rsquo;importance du transport international de marchandises. Le transport est toujours effectu&eacute; en conformit&eacute; avec les lois internationales. Nous offrons ainsi une tranquillit&eacute; d&rsquo;esprit lorsque vous faites des affaires &agrave; l&rsquo;international.<\/p><p><iframe loading=\"lazy\" title=\"\u041f\u0442\u0440\u0430\u043d\u0441\" width=\"500\" height=\"281\" src=\"https:\/\/www.youtube.com\/embed\/ECXqaWCdAVo?feature=oembed\" frameborder=\"0\" allow=\"accelerometer; autoplay; clipboard-write; encrypted-media; gyroscope; picture-in-picture; web-share\" referrerpolicy=\"strict-origin-when-cross-origin\" allowfullscreen><\/iframe><\/p><p>Contactez-nous d&eacute;s que possible et nous faire part des d&eacute;tails de vos besoins en mati&egrave;re de transport routier international. Nous pouvons vous fournir une solution d&rsquo;exp&eacute;dition internationale qui r&eacute;pond &agrave; vos exigences sp&eacute;cifiques.<\/p><p><a href=\"https:\/\/ptrans.fr\/ru\/estimer-le-prix\/\" role=\"button\"><br>\nEstimer Les Tarifs De Transport En Ligne<br>\n<\/a><br>\n<img decoding=\"async\" width=\"1024\" height=\"576\" src=\"http:\/\/ptrans.fr\/wp-content\/uploads\/2023\/01\/transport-international-routier-maroc-2-1024x576.png\" alt=\"\" loading=\"lazy\" srcset=\"https:\/\/ptrans.fr\/wp-content\/uploads\/2023\/01\/transport-international-routier-maroc-2-1024x576.png 1024w, https:\/\/ptrans.fr\/wp-content\/uploads\/2023\/01\/transport-international-routier-maroc-2-300x169.png 300w, https:\/\/ptrans.fr\/wp-content\/uploads\/2023\/01\/transport-international-routier-maroc-2-768x432.png 768w, https:\/\/ptrans.fr\/wp-content\/uploads\/2023\/01\/transport-international-routier-maroc-2-800x450.png 800w, https:\/\/ptrans.fr\/wp-content\/uploads\/2023\/01\/transport-international-routier-maroc-2.png 1047w\" sizes=\"(max-width: 1024px) 100vw, 1024px\"><\/p><h2>\u041f\u043e\u043b\u0435\u0437\u043d\u044b\u0435 \u0441\u0441\u044b\u043b\u043a\u0438<\/h2><p><a href=\"http:\/\/www.douane.gov.ma\/\"><br>\n<img decoding=\"async\" width=\"300\" height=\"137\" src=\"http:\/\/ptrans.fr\/wp-content\/uploads\/2022\/12\/transport-international-meknes-douane-300x137.png\" alt=\"transport international mekn&egrave;s douane\" loading=\"lazy\" srcset=\"https:\/\/ptrans.fr\/wp-content\/uploads\/2022\/12\/transport-international-meknes-douane-300x137.png 300w, https:\/\/ptrans.fr\/wp-content\/uploads\/2022\/12\/transport-international-meknes-douane.png 616w\" sizes=\"(max-width: 300px) 100vw, 300px\">\t\t\t\t\t\t\t\t<\/a><br>\n<a href=\"https:\/\/www.bureauveritas.ma\/fr\"><br>\n<img decoding=\"async\" width=\"243\" height=\"300\" src=\"http:\/\/ptrans.fr\/wp-content\/uploads\/2022\/12\/transport-international-meknes-conformitee-243x300.png\" alt=\"transport international mekn&egrave;s conformit&eacute;e\" loading=\"lazy\" srcset=\"https:\/\/ptrans.fr\/wp-content\/uploads\/2022\/12\/transport-international-meknes-conformitee-243x300.png 243w, https:\/\/ptrans.fr\/wp-content\/uploads\/2022\/12\/transport-international-meknes-conformitee-828x1024.png 828w, https:\/\/ptrans.fr\/wp-content\/uploads\/2022\/12\/transport-international-meknes-conformitee-768x950.png 768w, https:\/\/ptrans.fr\/wp-content\/uploads\/2022\/12\/transport-international-meknes-conformitee-1242x1536.png 1242w, https:\/\/ptrans.fr\/wp-content\/uploads\/2022\/12\/transport-international-meknes-conformitee-800x989.png 800w, https:\/\/ptrans.fr\/wp-content\/uploads\/2022\/12\/transport-international-meknes-conformitee.png 1390w\" sizes=\"(max-width: 243px) 100vw, 243px\">\t\t\t\t\t\t\t\t<\/a><br>\n<a href=\"https:\/\/ptrans.fr\/ru\/estimer-le-prix\/\" role=\"button\"><br>\nEstimer Les Tarifs De Transport En Ligne<br>\n<\/a><\/p><\/h2>","protected":false},"excerpt":{"rendered":"<p>Ptrans Votre Partenaire De Transport International Routier Depuis Et Vers Le Maroc Ptrans est votre [&hellip;]<\/p>","protected":false},"author":1,"featured_media":0,"parent":0,"menu_order":0,"comment_status":"closed","ping_status":"closed","template":"","meta":{"footnotes":""},"yoast_head":"<!-- This site is optimized with the Yoast SEO plugin v22.8 - https:\/\/yoast.com\/wordpress\/plugins\/seo\/ -->\n<title>Transport International Routier Maroc | T\u00e9l : +212 (0) 80 85 08129<\/title>\n<meta name=\"description\" content=\"Ptrans soci\u00e9t\u00e9 de transport international routier Maroc. Pour toute information, T\u00e9l : +212 663 232300, Mail : s.p@ptrans.fr\" \/>\n<meta name=\"robots\" content=\"index, follow, max-snippet:-1, max-image-preview:large, max-video-preview:-1\" \/>\n<link rel=\"canonical\" href=\"https:\/\/ptrans.fr\/ru\/transport-international-routier-maroc\/\" \/>\n<meta property=\"og:locale\" content=\"ru_RU\" \/>\n<meta property=\"og:type\" content=\"article\" \/>\n<meta property=\"og:title\" content=\"Transport International Routier Maroc | T\u00e9l : +212 (0) 80 85 08129\" \/>\n<meta property=\"og:description\" content=\"Ptrans soci\u00e9t\u00e9 de transport international routier Maroc. Pour toute information, T\u00e9l : +212 663 232300, Mail : s.p@ptrans.fr\" \/>\n<meta property=\"og:url\" content=\"https:\/\/ptrans.fr\/ru\/transport-international-routier-maroc\/\" \/>\n<meta property=\"og:site_name\" content=\"Ptrans Soci\u00e9t\u00e9 De Transport &amp; D\u00e9m\u00e9nagements International Entre Le Maroc Et Le Reste Du Monde\" \/>\n<meta property=\"article:publisher\" content=\"https:\/\/www.facebook.com\/PlogisticsEurope\" \/>\n<meta property=\"article:modified_time\" content=\"2023-01-02T07:02:28+00:00\" \/>\n<meta property=\"og:image\" content=\"http:\/\/ptrans.fr\/wp-content\/uploads\/2023\/01\/transport-international-routier-maroc-1024x635.png\" \/>\n<meta name=\"twitter:label1\" content=\"\u041f\u0440\u0438\u043c\u0435\u0440\u043d\u043e\u0435 \u0432\u0440\u0435\u043c\u044f \u0434\u043b\u044f \u0447\u0442\u0435\u043d\u0438\u044f\" \/>\n\t<meta name=\"twitter:data1\" content=\"3 \u043c\u0438\u043d\u0443\u0442\u044b\" \/>\n<script type=\"application\/ld+json\" class=\"yoast-schema-graph\">{\"@context\":\"https:\/\/schema.org\",\"@graph\":[{\"@type\":\"Article\",\"@id\":\"https:\/\/ptrans.fr\/transport-international-routier-maroc\/#article\",\"isPartOf\":{\"@id\":\"https:\/\/ptrans.fr\/transport-international-routier-maroc\/\"},\"author\":{\"name\":\"admin\",\"@id\":\"https:\/\/ptrans.fr\/#\/schema\/person\/3a50d5b251b4df119e3598a32b8ce67c\"},\"headline\":\"Transport International Routier Maroc\",\"datePublished\":\"2023-01-01T19:43:48+00:00\",\"dateModified\":\"2023-01-02T07:02:28+00:00\",\"mainEntityOfPage\":{\"@id\":\"https:\/\/ptrans.fr\/transport-international-routier-maroc\/\"},\"wordCount\":266,\"publisher\":{\"@id\":\"https:\/\/ptrans.fr\/#organization\"},\"image\":{\"@id\":\"https:\/\/ptrans.fr\/transport-international-routier-maroc\/#primaryimage\"},\"thumbnailUrl\":\"http:\/\/ptrans.fr\/wp-content\/uploads\/2023\/01\/transport-international-routier-maroc-1024x635.png\",\"inLanguage\":\"ru-RU\"},{\"@type\":\"WebPage\",\"@id\":\"https:\/\/ptrans.fr\/transport-international-routier-maroc\/\",\"url\":\"https:\/\/ptrans.fr\/transport-international-routier-maroc\/\",\"name\":\"Transport International Routier Maroc | T\u00e9l : +212 (0) 80 85 08129\",\"isPartOf\":{\"@id\":\"https:\/\/ptrans.fr\/#website\"},\"primaryImageOfPage\":{\"@id\":\"https:\/\/ptrans.fr\/transport-international-routier-maroc\/#primaryimage\"},\"image\":{\"@id\":\"https:\/\/ptrans.fr\/transport-international-routier-maroc\/#primaryimage\"},\"thumbnailUrl\":\"http:\/\/ptrans.fr\/wp-content\/uploads\/2023\/01\/transport-international-routier-maroc-1024x635.png\",\"datePublished\":\"2023-01-01T19:43:48+00:00\",\"dateModified\":\"2023-01-02T07:02:28+00:00\",\"description\":\"Ptrans soci\u00e9t\u00e9 de transport international routier Maroc. Pour toute information, T\u00e9l : +212 663 232300, Mail : s.p@ptrans.fr\",\"inLanguage\":\"ru-RU\",\"potentialAction\":[{\"@type\":\"ReadAction\",\"target\":[\"https:\/\/ptrans.fr\/transport-international-routier-maroc\/\"]}]},{\"@type\":\"ImageObject\",\"inLanguage\":\"ru-RU\",\"@id\":\"https:\/\/ptrans.fr\/transport-international-routier-maroc\/#primaryimage\",\"url\":\"http:\/\/ptrans.fr\/wp-content\/uploads\/2023\/01\/transport-international-routier-maroc-1024x635.png\",\"contentUrl\":\"http:\/\/ptrans.fr\/wp-content\/uploads\/2023\/01\/transport-international-routier-maroc-1024x635.png\"},{\"@type\":\"WebSite\",\"@id\":\"https:\/\/ptrans.fr\/#website\",\"url\":\"https:\/\/ptrans.fr\/\",\"name\":\"Ptrans Soci\u00e9t\u00e9 De Transport Et D\u00e9m\u00e9nagement International Maroc\",\"description\":\"Ptrans Votre Transporteur &amp; D\u00e9m\u00e9nageur Vers Le Maroc\",\"publisher\":{\"@id\":\"https:\/\/ptrans.fr\/#organization\"},\"alternateName\":\"Ptrans\",\"potentialAction\":[{\"@type\":\"SearchAction\",\"target\":{\"@type\":\"EntryPoint\",\"urlTemplate\":\"https:\/\/ptrans.fr\/?s={search_term_string}\"},\"query-input\":\"required name=search_term_string\"}],\"inLanguage\":\"ru-RU\"},{\"@type\":\"Organization\",\"@id\":\"https:\/\/ptrans.fr\/#organization\",\"name\":\"Ptrans Soci\u00e9t\u00e9 De Transport Et D\u00e9m\u00e9nagements International Entre Le Maroc Et Le Reste Du Monde\",\"url\":\"https:\/\/ptrans.fr\/\",\"logo\":{\"@type\":\"ImageObject\",\"inLanguage\":\"ru-RU\",\"@id\":\"https:\/\/ptrans.fr\/#\/schema\/logo\/image\/\",\"url\":\"http:\/\/ptrans.fr\/wp-content\/uploads\/2022\/08\/P.trans-logi_Plan-de-travail-1.png\",\"contentUrl\":\"http:\/\/ptrans.fr\/wp-content\/uploads\/2022\/08\/P.trans-logi_Plan-de-travail-1.png\",\"width\":2481,\"height\":1076,\"caption\":\"Ptrans Soci\u00e9t\u00e9 De Transport Et D\u00e9m\u00e9nagements International Entre Le Maroc Et Le Reste Du Monde\"},\"image\":{\"@id\":\"https:\/\/ptrans.fr\/#\/schema\/logo\/image\/\"},\"sameAs\":[\"https:\/\/www.facebook.com\/PlogisticsEurope\"]},{\"@type\":\"Person\",\"@id\":\"https:\/\/ptrans.fr\/#\/schema\/person\/3a50d5b251b4df119e3598a32b8ce67c\",\"name\":\"admin\",\"image\":{\"@type\":\"ImageObject\",\"inLanguage\":\"ru-RU\",\"@id\":\"https:\/\/ptrans.fr\/#\/schema\/person\/image\/\",\"url\":\"https:\/\/secure.gravatar.com\/avatar\/f1ed11851bb8c89ef1f06d655ba0bd00?s=96&d=mm&r=g\",\"contentUrl\":\"https:\/\/secure.gravatar.com\/avatar\/f1ed11851bb8c89ef1f06d655ba0bd00?s=96&d=mm&r=g\",\"caption\":\"admin\"},\"url\":\"https:\/\/ptrans.fr\/ru\/author\/admin\/\"}]}<\/script>\n<!-- \/ Yoast SEO plugin. -->","yoast_head_json":{"title":"Transport International Routier Maroc | T\u00e9l : +212 (0) 80 85 08129","description":"Ptrans soci\u00e9t\u00e9 de transport international routier Maroc. Pour toute information, T\u00e9l : +212 663 232300, Mail : s.p@ptrans.fr","robots":{"index":"index","follow":"follow","max-snippet":"max-snippet:-1","max-image-preview":"max-image-preview:large","max-video-preview":"max-video-preview:-1"},"canonical":"https:\/\/ptrans.fr\/ru\/transport-international-routier-maroc\/","og_locale":"ru_RU","og_type":"article","og_title":"Transport International Routier Maroc | T\u00e9l : +212 (0) 80 85 08129","og_description":"Ptrans soci\u00e9t\u00e9 de transport international routier Maroc. Pour toute information, T\u00e9l : +212 663 232300, Mail : s.p@ptrans.fr","og_url":"https:\/\/ptrans.fr\/ru\/transport-international-routier-maroc\/","og_site_name":"Ptrans Soci\u00e9t\u00e9 De Transport &amp; D\u00e9m\u00e9nagements International Entre Le Maroc Et Le Reste Du Monde","article_publisher":"https:\/\/www.facebook.com\/PlogisticsEurope","article_modified_time":"2023-01-02T07:02:28+00:00","og_image":[{"url":"http:\/\/ptrans.fr\/wp-content\/uploads\/2023\/01\/transport-international-routier-maroc-1024x635.png"}],"twitter_misc":{"\u041f\u0440\u0438\u043c\u0435\u0440\u043d\u043e\u0435 \u0432\u0440\u0435\u043c\u044f \u0434\u043b\u044f \u0447\u0442\u0435\u043d\u0438\u044f":"3 \u043c\u0438\u043d\u0443\u0442\u044b"},"schema":{"@context":"https:\/\/schema.org","@graph":[{"@type":"Article","@id":"https:\/\/ptrans.fr\/transport-international-routier-maroc\/#article","isPartOf":{"@id":"https:\/\/ptrans.fr\/transport-international-routier-maroc\/"},"author":{"name":"admin","@id":"https:\/\/ptrans.fr\/#\/schema\/person\/3a50d5b251b4df119e3598a32b8ce67c"},"headline":"Transport International Routier Maroc","datePublished":"2023-01-01T19:43:48+00:00","dateModified":"2023-01-02T07:02:28+00:00","mainEntityOfPage":{"@id":"https:\/\/ptrans.fr\/transport-international-routier-maroc\/"},"wordCount":266,"publisher":{"@id":"https:\/\/ptrans.fr\/#organization"},"image":{"@id":"https:\/\/ptrans.fr\/transport-international-routier-maroc\/#primaryimage"},"thumbnailUrl":"http:\/\/ptrans.fr\/wp-content\/uploads\/2023\/01\/transport-international-routier-maroc-1024x635.png","inLanguage":"ru-RU"},{"@type":"WebPage","@id":"https:\/\/ptrans.fr\/transport-international-routier-maroc\/","url":"https:\/\/ptrans.fr\/transport-international-routier-maroc\/","name":"Transport International Routier Maroc | T\u00e9l : +212 (0) 80 85 08129","isPartOf":{"@id":"https:\/\/ptrans.fr\/#website"},"primaryImageOfPage":{"@id":"https:\/\/ptrans.fr\/transport-international-routier-maroc\/#primaryimage"},"image":{"@id":"https:\/\/ptrans.fr\/transport-international-routier-maroc\/#primaryimage"},"thumbnailUrl":"http:\/\/ptrans.fr\/wp-content\/uploads\/2023\/01\/transport-international-routier-maroc-1024x635.png","datePublished":"2023-01-01T19:43:48+00:00","dateModified":"2023-01-02T07:02:28+00:00","description":"Ptrans soci\u00e9t\u00e9 de transport international routier Maroc. Pour toute information, T\u00e9l : +212 663 232300, Mail : s.p@ptrans.fr","inLanguage":"ru-RU","potentialAction":[{"@type":"ReadAction","target":["https:\/\/ptrans.fr\/transport-international-routier-maroc\/"]}]},{"@type":"ImageObject","inLanguage":"ru-RU","@id":"https:\/\/ptrans.fr\/transport-international-routier-maroc\/#primaryimage","url":"http:\/\/ptrans.fr\/wp-content\/uploads\/2023\/01\/transport-international-routier-maroc-1024x635.png","contentUrl":"http:\/\/ptrans.fr\/wp-content\/uploads\/2023\/01\/transport-international-routier-maroc-1024x635.png"},{"@type":"WebSite","@id":"https:\/\/ptrans.fr\/#website","url":"https:\/\/ptrans.fr\/","name":"Ptrans Soci\u00e9t\u00e9 De Transport Et D\u00e9m\u00e9nagement International Maroc","description":"Ptrans Votre Transporteur &amp; D\u00e9m\u00e9nageur Vers Le Maroc","publisher":{"@id":"https:\/\/ptrans.fr\/#organization"},"alternateName":"Ptrans","potentialAction":[{"@type":"SearchAction","target":{"@type":"EntryPoint","urlTemplate":"https:\/\/ptrans.fr\/?s={search_term_string}"},"query-input":"required name=search_term_string"}],"inLanguage":"ru-RU"},{"@type":"Organization","@id":"https:\/\/ptrans.fr\/#organization","name":"Ptrans Soci\u00e9t\u00e9 De Transport Et D\u00e9m\u00e9nagements International Entre Le Maroc Et Le Reste Du Monde","url":"https:\/\/ptrans.fr\/","logo":{"@type":"ImageObject","inLanguage":"ru-RU","@id":"https:\/\/ptrans.fr\/#\/schema\/logo\/image\/","url":"http:\/\/ptrans.fr\/wp-content\/uploads\/2022\/08\/P.trans-logi_Plan-de-travail-1.png","contentUrl":"http:\/\/ptrans.fr\/wp-content\/uploads\/2022\/08\/P.trans-logi_Plan-de-travail-1.png","width":2481,"height":1076,"caption":"Ptrans Soci\u00e9t\u00e9 De Transport Et D\u00e9m\u00e9nagements International Entre Le Maroc Et Le Reste Du Monde"},"image":{"@id":"https:\/\/ptrans.fr\/#\/schema\/logo\/image\/"},"sameAs":["https:\/\/www.facebook.com\/PlogisticsEurope"]},{"@type":"Person","@id":"https:\/\/ptrans.fr\/#\/schema\/person\/3a50d5b251b4df119e3598a32b8ce67c","name":"admin","image":{"@type":"ImageObject","inLanguage":"ru-RU","@id":"https:\/\/ptrans.fr\/#\/schema\/person\/image\/","url":"https:\/\/secure.gravatar.com\/avatar\/f1ed11851bb8c89ef1f06d655ba0bd00?s=96&d=mm&r=g","contentUrl":"https:\/\/secure.gravatar.com\/avatar\/f1ed11851bb8c89ef1f06d655ba0bd00?s=96&d=mm&r=g","caption":"admin"},"url":"https:\/\/ptrans.fr\/ru\/author\/admin\/"}]}},"jetpack_sharing_enabled":true,"jetpack_likes_enabled":true,"_links":{"self":[{"href":"https:\/\/ptrans.fr\/ru\/wp-json\/wp\/v2\/pages\/9867"}],"collection":[{"href":"https:\/\/ptrans.fr\/ru\/wp-json\/wp\/v2\/pages"}],"about":[{"href":"https:\/\/ptrans.fr\/ru\/wp-json\/wp\/v2\/types\/page"}],"author":[{"embeddable":true,"href":"https:\/\/ptrans.fr\/ru\/wp-json\/wp\/v2\/users\/1"}],"replies":[{"embeddable":true,"href":"https:\/\/ptrans.fr\/ru\/wp-json\/wp\/v2\/comments?post=9867"}],"version-history":[{"count":0,"href":"https:\/\/ptrans.fr\/ru\/wp-json\/wp\/v2\/pages\/9867\/revisions"}],"wp:attachment":[{"href":"https:\/\/ptrans.fr\/ru\/wp-json\/wp\/v2\/media?parent=9867"}],"curies":[{"name":"wp","href":"https:\/\/api.w.org\/{rel}","templated":true}]}}